{"id":51226,"date":"2021-10-13T01:51:12","date_gmt":"2021-10-12T23:51:12","guid":{"rendered":"https:\/\/marktxxl.de\/markt\/produkt\/narcissus-bump-proud-nahtlose-mutterschaft-shapewear-fuer-bauchunterstuetzung-mid-thigh-unterwaesche-schwangerschaft-must-have\/"},"modified":"2023-04-11T02:13:17","modified_gmt":"2023-04-11T00:13:17","slug":"narcissus-bump-proud-nahtlose-mutterschaft-shapewear-fuer-bauchunterstuetzung-mid-thigh-unterwaesche-schwangerschaft-must-have","status":"publish","type":"product","link":"https:\/\/marktxxl.de\/markt\/produkt\/narcissus-bump-proud-nahtlose-mutterschaft-shapewear-fuer-bauchunterstuetzung-mid-thigh-unterwaesche-schwangerschaft-must-have\/","title":{"rendered":"Narcissus Bump Proud Schwangerschafts-Shapewear, Mittelschenkel-Unterw\u00e4sche \u2013 Muss f\u00fcr die Schwangerschaft"},"content":{"rendered":"<p>Nahtloses Design mit dehnbarem und atmungsaktivem Stoff, v\u00f6llig blickdicht und nicht durchsichtig. Es ist bequem zu stehen, sitzen und zu gehen, kann den ganzen Tag getragen werden.<br \/>\nDas verstellbare Taillenband passt sich perfekt Ihrem Bauch an, kann w\u00e4hrend und nach der Schwangerschaft getragen werden, bietet weiche Unterst\u00fctzung und eine entspannende bequeme Passform.<br \/>\nVerbirgt die meisten Unebenheiten und Klumpen, l\u00e4sst passende Kleider sch\u00f6n aussehen und bietet einen glatten R\u00fccken und H\u00fcfte unter engen Kleidern.<br \/>\nHaben eine sch\u00f6ne Dehnung. Sch\u00fctzen Sie Ihre Oberschenkel vor Reibung w\u00e4hrend der Schwangerschaft.<br \/>\nSchwangerschafts-Basis muss f\u00fcr die Schwangerschaft sein. Tragen Sie jeden Tag unter Umstandskleidern oder R\u00f6cken, helfen Sie dabei, Dinge zu gl\u00e4tten und haben nie ein Problem mit dem Herunterrollen. W\u00e4hlen Sie einfach Ihre Gr\u00f6\u00dfe und beginnen Sie die sch\u00f6ne Reise der Schwangerschaft!<br \/>\n<div class=\"main-cross-sell\" data-asin=\"B07N9998CQ\">\n\n\t<div class=\"WooZone-cross-sell-loader\">\n\t\t<div>\n\t\t\t<div id=\"floatingBarsG\">\n\t\t\t\t<div class=\"blockG\" id=\"rotateG_01\"><\/div>\n\t\t\t\t<div class=\"blockG\" id=\"rotateG_02\"><\/div>\n\t\t\t\t<div class=\"blockG\" id=\"rotateG_03\"><\/div>\n\t\t\t\t<div class=\"blockG\" id=\"rotateG_04\"><\/div>\n\t\t\t\t<div class=\"blockG\" id=\"rotateG_05\"><\/div>\n\t\t\t\t<div class=\"blockG\" id=\"rotateG_06\"><\/div>\n\t\t\t\t<div class=\"blockG\" id=\"rotateG_07\"><\/div>\n\t\t\t\t<div class=\"blockG\" id=\"rotateG_08\"><\/div>\n\t\t\t<\/div>\n\t\t\t<div class=\"WooZone-cross-sell-loader-text\"><\/div>\n\t\t<\/div>\n\t<\/div>\n\n\t\t\n<\/div>\n<div style=\"clear:both;\"><\/div><\/p>\n","protected":false},"excerpt":{"rendered":"<p>Nahtloses Design mit dehnbarem und atmungsaktivem Stoff, v\u00f6llig blickdicht und nicht durchsichtig. Es ist bequem zu stehen, sitzen und zu gehen, kann den ganzen Tag getragen werden.<br \/>\nDas verstellbare Taillenband passt sich perfekt Ihrem Bauch an, kann w\u00e4hrend und nach der Schwangerschaft getragen werden, bietet weiche Unterst\u00fctzung und eine entspannende bequeme Passform.<br \/>\nVerbirgt die meisten Unebenheiten und Klumpen, l\u00e4sst passende Kleider sch\u00f6n aussehen und bietet einen glatten R\u00fccken und H\u00fcfte unter engen Kleidern.<\/p>\n","protected":false},"featured_media":51228,"comment_status":"open","ping_status":"closed","template":"","meta":[],"product_brand":[],"product_cat":[21,9478],"product_tag":[],"class_list":{"0":"post-51226","1":"product","2":"type-product","3":"status-publish","4":"has-post-thumbnail","6":"product_cat-baby","7":"product_cat-umstandskleidung-baby","8":"pa_binding-textilien","9":"pa_brand-narcissus","10":"pa_farbe-b-schwarz","11":"pa_groesse-xxl","12":"pa_height-17-716535415-zoll","13":"pa_length-12-598425184-zoll","14":"pa_manufacturer-narcissus","15":"pa_width-8-661417314-zoll","17":"first","18":"instock","19":"shipping-taxable","20":"purchasable","21":"product-type-simple","22":"customify-col","23":"product-has-gallery"},"yoast_head":"<!-- This site is optimized with the Yoast SEO plugin v27.4 - https:\/\/yoast.com\/product\/yoast-seo-wordpress\/ -->\n<title>Narcissus Bump Proud Schwangerschafts-Shapewear, Mittelschenkel-Unterw\u00e4sche \u2013 Muss f\u00fcr die Schwangerschaft - Markt-XXL<\/title>\n<meta name=\"description\" content=\"Markt-XXL Narcissus Bump Proud Schwangerschafts-Shapewear, Mittelschenkel-Unterw\u00e4sche \u2013 Muss f\u00fcr die Schwangerschaft\" \/>\n<meta name=\"robots\" content=\"index, follow, max-snippet:-1, max-image-preview:large, max-video-preview:-1\" \/>\n<link rel=\"canonical\" href=\"https:\/\/marktxxl.de\/markt\/produkt\/narcissus-bump-proud-nahtlose-mutterschaft-shapewear-fuer-bauchunterstuetzung-mid-thigh-unterwaesche-schwangerschaft-must-have\/\" \/>\n<meta property=\"og:locale\" content=\"de_DE\" \/>\n<meta property=\"og:type\" content=\"article\" \/>\n<meta property=\"og:title\" content=\"Narcissus Bump Proud Schwangerschafts-Shapewear, Mittelschenkel-Unterw\u00e4sche \u2013 Muss f\u00fcr die Schwangerschaft - Markt-XXL\" \/>\n<meta property=\"og:description\" content=\"Markt-XXL Narcissus Bump Proud Schwangerschafts-Shapewear, Mittelschenkel-Unterw\u00e4sche \u2013 Muss f\u00fcr die Schwangerschaft\" \/>\n<meta property=\"og:url\" content=\"https:\/\/marktxxl.de\/markt\/produkt\/narcissus-bump-proud-nahtlose-mutterschaft-shapewear-fuer-bauchunterstuetzung-mid-thigh-unterwaesche-schwangerschaft-must-have\/\" \/>\n<meta property=\"og:site_name\" content=\"Markt-XXL\" \/>\n<meta property=\"article:modified_time\" content=\"2023-04-11T00:13:17+00:00\" \/>\n<meta property=\"og:image\" content=\"https:\/\/m.media-amazon.com\/images\/I\/411S-RUST9L._SL500_.jpg\" \/>\n\t<meta property=\"og:image:width\" content=\"500\" \/>\n\t<meta property=\"og:image:height\" content=\"500\" \/>\n\t<meta property=\"og:image:type\" content=\"image\/jpeg\" \/>\n<meta name=\"twitter:card\" content=\"summary_large_image\" \/>\n<meta name=\"twitter:label1\" content=\"Gesch\u00e4tzte Lesezeit\" \/>\n\t<meta name=\"twitter:data1\" content=\"1\u00a0Minute\" \/>\n<script type=\"application\/ld+json\" class=\"yoast-schema-graph\">{\"@context\":\"https:\\\/\\\/schema.org\",\"@graph\":[{\"@type\":\"WebPage\",\"@id\":\"https:\\\/\\\/marktxxl.de\\\/markt\\\/produkt\\\/narcissus-bump-proud-nahtlose-mutterschaft-shapewear-fuer-bauchunterstuetzung-mid-thigh-unterwaesche-schwangerschaft-must-have\\\/\",\"url\":\"https:\\\/\\\/marktxxl.de\\\/markt\\\/produkt\\\/narcissus-bump-proud-nahtlose-mutterschaft-shapewear-fuer-bauchunterstuetzung-mid-thigh-unterwaesche-schwangerschaft-must-have\\\/\",\"name\":\"Narcissus Bump Proud Schwangerschafts-Shapewear, Mittelschenkel-Unterw\u00e4sche \u2013 Muss f\u00fcr die Schwangerschaft - Markt-XXL\",\"isPartOf\":{\"@id\":\"https:\\\/\\\/marktxxl.de\\\/markt\\\/#website\"},\"primaryImageOfPage\":{\"@id\":\"https:\\\/\\\/marktxxl.de\\\/markt\\\/produkt\\\/narcissus-bump-proud-nahtlose-mutterschaft-shapewear-fuer-bauchunterstuetzung-mid-thigh-unterwaesche-schwangerschaft-must-have\\\/#primaryimage\"},\"image\":{\"@id\":\"https:\\\/\\\/marktxxl.de\\\/markt\\\/produkt\\\/narcissus-bump-proud-nahtlose-mutterschaft-shapewear-fuer-bauchunterstuetzung-mid-thigh-unterwaesche-schwangerschaft-must-have\\\/#primaryimage\"},\"thumbnailUrl\":\"https:\\\/\\\/m.media-amazon.com\\\/images\\\/I\\\/411S-RUST9L._SL500_.jpg\",\"datePublished\":\"2021-10-12T23:51:12+00:00\",\"dateModified\":\"2023-04-11T00:13:17+00:00\",\"description\":\"Markt-XXL Narcissus Bump Proud Schwangerschafts-Shapewear, Mittelschenkel-Unterw\u00e4sche \u2013 Muss f\u00fcr die Schwangerschaft\",\"breadcrumb\":{\"@id\":\"https:\\\/\\\/marktxxl.de\\\/markt\\\/produkt\\\/narcissus-bump-proud-nahtlose-mutterschaft-shapewear-fuer-bauchunterstuetzung-mid-thigh-unterwaesche-schwangerschaft-must-have\\\/#breadcrumb\"},\"inLanguage\":\"de\",\"potentialAction\":[{\"@type\":\"ReadAction\",\"target\":[\"https:\\\/\\\/marktxxl.de\\\/markt\\\/produkt\\\/narcissus-bump-proud-nahtlose-mutterschaft-shapewear-fuer-bauchunterstuetzung-mid-thigh-unterwaesche-schwangerschaft-must-have\\\/\"]}]},{\"@type\":\"ImageObject\",\"inLanguage\":\"de\",\"@id\":\"https:\\\/\\\/marktxxl.de\\\/markt\\\/produkt\\\/narcissus-bump-proud-nahtlose-mutterschaft-shapewear-fuer-bauchunterstuetzung-mid-thigh-unterwaesche-schwangerschaft-must-have\\\/#primaryimage\",\"url\":\"https:\\\/\\\/m.media-amazon.com\\\/images\\\/I\\\/411S-RUST9L._SL500_.jpg\",\"contentUrl\":\"https:\\\/\\\/m.media-amazon.com\\\/images\\\/I\\\/411S-RUST9L._SL500_.jpg\",\"width\":500,\"height\":500},{\"@type\":\"BreadcrumbList\",\"@id\":\"https:\\\/\\\/marktxxl.de\\\/markt\\\/produkt\\\/narcissus-bump-proud-nahtlose-mutterschaft-shapewear-fuer-bauchunterstuetzung-mid-thigh-unterwaesche-schwangerschaft-must-have\\\/#breadcrumb\",\"itemListElement\":[{\"@type\":\"ListItem\",\"position\":1,\"name\":\"Startseite\",\"item\":\"https:\\\/\\\/marktxxl.de\\\/markt\\\/\"},{\"@type\":\"ListItem\",\"position\":2,\"name\":\"Markt\",\"item\":\"https:\\\/\\\/marktxxl.de\\\/markt\\\/\"},{\"@type\":\"ListItem\",\"position\":3,\"name\":\"Narcissus Bump Proud Schwangerschafts-Shapewear, Mittelschenkel-Unterw\u00e4sche \u2013 Muss f\u00fcr die Schwangerschaft\"}]},{\"@type\":\"WebSite\",\"@id\":\"https:\\\/\\\/marktxxl.de\\\/markt\\\/#website\",\"url\":\"https:\\\/\\\/marktxxl.de\\\/markt\\\/\",\"name\":\"Markt-XXL\",\"description\":\"Ihr Markt Online\",\"publisher\":{\"@id\":\"https:\\\/\\\/marktxxl.de\\\/markt\\\/#organization\"},\"potentialAction\":[{\"@type\":\"SearchAction\",\"target\":{\"@type\":\"EntryPoint\",\"urlTemplate\":\"https:\\\/\\\/marktxxl.de\\\/markt\\\/?s={search_term_string}\"},\"query-input\":{\"@type\":\"PropertyValueSpecification\",\"valueRequired\":true,\"valueName\":\"search_term_string\"}}],\"inLanguage\":\"de\"},{\"@type\":\"Organization\",\"@id\":\"https:\\\/\\\/marktxxl.de\\\/markt\\\/#organization\",\"name\":\"Markt-XXL\",\"url\":\"https:\\\/\\\/marktxxl.de\\\/markt\\\/\",\"logo\":{\"@type\":\"ImageObject\",\"inLanguage\":\"de\",\"@id\":\"https:\\\/\\\/marktxxl.de\\\/markt\\\/#\\\/schema\\\/logo\\\/image\\\/\",\"url\":\"https:\\\/\\\/marktxxl.de\\\/markt\\\/wp-content\\\/uploads\\\/sites\\\/3\\\/2020\\\/12\\\/logo.png\",\"contentUrl\":\"https:\\\/\\\/marktxxl.de\\\/markt\\\/wp-content\\\/uploads\\\/sites\\\/3\\\/2020\\\/12\\\/logo.png\",\"width\":200,\"height\":70,\"caption\":\"Markt-XXL\"},\"image\":{\"@id\":\"https:\\\/\\\/marktxxl.de\\\/markt\\\/#\\\/schema\\\/logo\\\/image\\\/\"}}]}<\/script>\n<!-- \/ Yoast SEO plugin. -->","yoast_head_json":{"title":"Narcissus Bump Proud Schwangerschafts-Shapewear, Mittelschenkel-Unterw\u00e4sche \u2013 Muss f\u00fcr die Schwangerschaft - Markt-XXL","description":"Markt-XXL Narcissus Bump Proud Schwangerschafts-Shapewear, Mittelschenkel-Unterw\u00e4sche \u2013 Muss f\u00fcr die Schwangerschaft","robots":{"index":"index","follow":"follow","max-snippet":"max-snippet:-1","max-image-preview":"max-image-preview:large","max-video-preview":"max-video-preview:-1"},"canonical":"https:\/\/marktxxl.de\/markt\/produkt\/narcissus-bump-proud-nahtlose-mutterschaft-shapewear-fuer-bauchunterstuetzung-mid-thigh-unterwaesche-schwangerschaft-must-have\/","og_locale":"de_DE","og_type":"article","og_title":"Narcissus Bump Proud Schwangerschafts-Shapewear, Mittelschenkel-Unterw\u00e4sche \u2013 Muss f\u00fcr die Schwangerschaft - Markt-XXL","og_description":"Markt-XXL Narcissus Bump Proud Schwangerschafts-Shapewear, Mittelschenkel-Unterw\u00e4sche \u2013 Muss f\u00fcr die Schwangerschaft","og_url":"https:\/\/marktxxl.de\/markt\/produkt\/narcissus-bump-proud-nahtlose-mutterschaft-shapewear-fuer-bauchunterstuetzung-mid-thigh-unterwaesche-schwangerschaft-must-have\/","og_site_name":"Markt-XXL","article_modified_time":"2023-04-11T00:13:17+00:00","og_image":[{"width":500,"height":500,"url":"https:\/\/m.media-amazon.com\/images\/I\/411S-RUST9L._SL500_.jpg","type":"image\/jpeg"}],"twitter_card":"summary_large_image","twitter_misc":{"Gesch\u00e4tzte Lesezeit":"1\u00a0Minute"},"schema":{"@context":"https:\/\/schema.org","@graph":[{"@type":"WebPage","@id":"https:\/\/marktxxl.de\/markt\/produkt\/narcissus-bump-proud-nahtlose-mutterschaft-shapewear-fuer-bauchunterstuetzung-mid-thigh-unterwaesche-schwangerschaft-must-have\/","url":"https:\/\/marktxxl.de\/markt\/produkt\/narcissus-bump-proud-nahtlose-mutterschaft-shapewear-fuer-bauchunterstuetzung-mid-thigh-unterwaesche-schwangerschaft-must-have\/","name":"Narcissus Bump Proud Schwangerschafts-Shapewear, Mittelschenkel-Unterw\u00e4sche \u2013 Muss f\u00fcr die Schwangerschaft - Markt-XXL","isPartOf":{"@id":"https:\/\/marktxxl.de\/markt\/#website"},"primaryImageOfPage":{"@id":"https:\/\/marktxxl.de\/markt\/produkt\/narcissus-bump-proud-nahtlose-mutterschaft-shapewear-fuer-bauchunterstuetzung-mid-thigh-unterwaesche-schwangerschaft-must-have\/#primaryimage"},"image":{"@id":"https:\/\/marktxxl.de\/markt\/produkt\/narcissus-bump-proud-nahtlose-mutterschaft-shapewear-fuer-bauchunterstuetzung-mid-thigh-unterwaesche-schwangerschaft-must-have\/#primaryimage"},"thumbnailUrl":"https:\/\/m.media-amazon.com\/images\/I\/411S-RUST9L._SL500_.jpg","datePublished":"2021-10-12T23:51:12+00:00","dateModified":"2023-04-11T00:13:17+00:00","description":"Markt-XXL Narcissus Bump Proud Schwangerschafts-Shapewear, Mittelschenkel-Unterw\u00e4sche \u2013 Muss f\u00fcr die Schwangerschaft","breadcrumb":{"@id":"https:\/\/marktxxl.de\/markt\/produkt\/narcissus-bump-proud-nahtlose-mutterschaft-shapewear-fuer-bauchunterstuetzung-mid-thigh-unterwaesche-schwangerschaft-must-have\/#breadcrumb"},"inLanguage":"de","potentialAction":[{"@type":"ReadAction","target":["https:\/\/marktxxl.de\/markt\/produkt\/narcissus-bump-proud-nahtlose-mutterschaft-shapewear-fuer-bauchunterstuetzung-mid-thigh-unterwaesche-schwangerschaft-must-have\/"]}]},{"@type":"ImageObject","inLanguage":"de","@id":"https:\/\/marktxxl.de\/markt\/produkt\/narcissus-bump-proud-nahtlose-mutterschaft-shapewear-fuer-bauchunterstuetzung-mid-thigh-unterwaesche-schwangerschaft-must-have\/#primaryimage","url":"https:\/\/m.media-amazon.com\/images\/I\/411S-RUST9L._SL500_.jpg","contentUrl":"https:\/\/m.media-amazon.com\/images\/I\/411S-RUST9L._SL500_.jpg","width":500,"height":500},{"@type":"BreadcrumbList","@id":"https:\/\/marktxxl.de\/markt\/produkt\/narcissus-bump-proud-nahtlose-mutterschaft-shapewear-fuer-bauchunterstuetzung-mid-thigh-unterwaesche-schwangerschaft-must-have\/#breadcrumb","itemListElement":[{"@type":"ListItem","position":1,"name":"Startseite","item":"https:\/\/marktxxl.de\/markt\/"},{"@type":"ListItem","position":2,"name":"Markt","item":"https:\/\/marktxxl.de\/markt\/"},{"@type":"ListItem","position":3,"name":"Narcissus Bump Proud Schwangerschafts-Shapewear, Mittelschenkel-Unterw\u00e4sche \u2013 Muss f\u00fcr die Schwangerschaft"}]},{"@type":"WebSite","@id":"https:\/\/marktxxl.de\/markt\/#website","url":"https:\/\/marktxxl.de\/markt\/","name":"Markt-XXL","description":"Ihr Markt Online","publisher":{"@id":"https:\/\/marktxxl.de\/markt\/#organization"},"potentialAction":[{"@type":"SearchAction","target":{"@type":"EntryPoint","urlTemplate":"https:\/\/marktxxl.de\/markt\/?s={search_term_string}"},"query-input":{"@type":"PropertyValueSpecification","valueRequired":true,"valueName":"search_term_string"}}],"inLanguage":"de"},{"@type":"Organization","@id":"https:\/\/marktxxl.de\/markt\/#organization","name":"Markt-XXL","url":"https:\/\/marktxxl.de\/markt\/","logo":{"@type":"ImageObject","inLanguage":"de","@id":"https:\/\/marktxxl.de\/markt\/#\/schema\/logo\/image\/","url":"https:\/\/marktxxl.de\/markt\/wp-content\/uploads\/sites\/3\/2020\/12\/logo.png","contentUrl":"https:\/\/marktxxl.de\/markt\/wp-content\/uploads\/sites\/3\/2020\/12\/logo.png","width":200,"height":70,"caption":"Markt-XXL"},"image":{"@id":"https:\/\/marktxxl.de\/markt\/#\/schema\/logo\/image\/"}}]}},"_links":{"self":[{"href":"https:\/\/marktxxl.de\/markt\/wp-json\/wp\/v2\/product\/51226","targetHints":{"allow":["GET"]}}],"collection":[{"href":"https:\/\/marktxxl.de\/markt\/wp-json\/wp\/v2\/product"}],"about":[{"href":"https:\/\/marktxxl.de\/markt\/wp-json\/wp\/v2\/types\/product"}],"replies":[{"embeddable":true,"href":"https:\/\/marktxxl.de\/markt\/wp-json\/wp\/v2\/comments?post=51226"}],"wp:featuredmedia":[{"embeddable":true,"href":"https:\/\/marktxxl.de\/markt\/wp-json\/wp\/v2\/media\/51228"}],"wp:attachment":[{"href":"https:\/\/marktxxl.de\/markt\/wp-json\/wp\/v2\/media?parent=51226"}],"wp:term":[{"taxonomy":"product_brand","embeddable":true,"href":"https:\/\/marktxxl.de\/markt\/wp-json\/wp\/v2\/product_brand?post=51226"},{"taxonomy":"product_cat","embeddable":true,"href":"https:\/\/marktxxl.de\/markt\/wp-json\/wp\/v2\/product_cat?post=51226"},{"taxonomy":"product_tag","embeddable":true,"href":"https:\/\/marktxxl.de\/markt\/wp-json\/wp\/v2\/product_tag?post=51226"}],"curies":[{"name":"wp","href":"https:\/\/api.w.org\/{rel}","templated":true}]}}