{"id":50894,"date":"2021-10-13T01:34:35","date_gmt":"2021-10-12T23:34:35","guid":{"rendered":"https:\/\/marktxxl.de\/markt\/produkt\/daisity-gepolsterter-still-bh-fuer-frauen-schlaf-umstandsbralette-zum-stillen-5er-pack\/"},"modified":"2023-04-11T02:13:09","modified_gmt":"2023-04-11T00:13:09","slug":"daisity-gepolsterter-still-bh-fuer-frauen-schlaf-umstandsbralette-zum-stillen-5er-pack","status":"publish","type":"product","link":"https:\/\/marktxxl.de\/markt\/produkt\/daisity-gepolsterter-still-bh-fuer-frauen-schlaf-umstandsbralette-zum-stillen-5er-pack\/","title":{"rendered":"DAISITY Gepolsterter Still-BH f\u00fcr Frauen Schlaf Umstandsbralette zum Stillen 5er Pack"},"content":{"rendered":"<p>Der nahtlose Still-BH von Daisity mit herausnehmbaren Pads hilft Ihnen, Ihr Baby mit weniger Aufwand zu f\u00fcttern. Es hat verstellbare Tr\u00e4ger, um die Passform genau richtig zu machen. Es hat abnehmbare Pads, die verhindern, dass Lecks durchscheinen.<br \/>\nDieser verstellbare Still-BH besteht aus einer Mischung aus Baumwolle und Spandex, um stark und weich zu sein und eine dehnbare Passform zu geben. Das nahtlose Design hilft, Irritationen zu verhindern. Eine innere K\u00f6rbchenschlinge bietet zus\u00e4tzliche Unterst\u00fctzung, wenn Ihre Brust drau\u00dfen ist.<br \/>\nDieser Still-BH ist ideal f\u00fcr leichte Workouts w\u00e4hrend und nach der Schwangerschaft. Leicht zu \u00f6ffnender Stillverschluss<br \/>\nMit dem seidig-weichen Touch unseres Stoffes, der sich mit Ihrer wechselnden Form ausdehnt, ist unser Still-BH perfekt f\u00fcr zu Hause Schlaf und Freizeit oder f\u00fcr einen schnellen Lauf zum Lebensmittelgesch\u00e4ft. Mit gro\u00dfartigen Stillfunktionen wie unseren einfachen Einhand-Stillverschl\u00fcssen, einfach zusammenklappbaren Cups f\u00fcr Einzel- oder Doppelbrustpumpen, und den inneren Halblingen haben Sie die Gewissheit, nach der Sie gesucht haben, die den ganzen Tag halten wird.<br \/>\nUnser nahtlos gepolsterter Still-BH ist leicht gepolstert f\u00fcr zus\u00e4tzliche Bescheidenheit und Unterst\u00fctzung, w\u00e4hrend Sie unterwegs sind. Die Pads k\u00f6nnen f\u00fcr zus\u00e4tzlichen Komfort w\u00e4hrend des Schlafens entfernt werden. Lieben Sie den Komfort und das Gef\u00fchl unseres nahtlosen, gepolsterten Still-BHs. Wir sind uns sicher, dass es Ihr Lieblings-Schlaf- und Pflegezubeh\u00f6r sein wird<br \/>\n<div class=\"main-cross-sell\" data-asin=\"B07WXTN63W\">\n\n\t<div class=\"WooZone-cross-sell-loader\">\n\t\t<div>\n\t\t\t<div id=\"floatingBarsG\">\n\t\t\t\t<div class=\"blockG\" id=\"rotateG_01\"><\/div>\n\t\t\t\t<div class=\"blockG\" id=\"rotateG_02\"><\/div>\n\t\t\t\t<div class=\"blockG\" id=\"rotateG_03\"><\/div>\n\t\t\t\t<div class=\"blockG\" id=\"rotateG_04\"><\/div>\n\t\t\t\t<div class=\"blockG\" id=\"rotateG_05\"><\/div>\n\t\t\t\t<div class=\"blockG\" id=\"rotateG_06\"><\/div>\n\t\t\t\t<div class=\"blockG\" id=\"rotateG_07\"><\/div>\n\t\t\t\t<div class=\"blockG\" id=\"rotateG_08\"><\/div>\n\t\t\t<\/div>\n\t\t\t<div class=\"WooZone-cross-sell-loader-text\"><\/div>\n\t\t<\/div>\n\t<\/div>\n\n\t\t\n<\/div>\n<div style=\"clear:both;\"><\/div><\/p>\n","protected":false},"excerpt":{"rendered":"<p>Der nahtlose Still-BH von Daisity mit herausnehmbaren Pads hilft Ihnen, Ihr Baby mit weniger Aufwand zu f\u00fcttern. Es hat verstellbare Tr\u00e4ger, um die Passform genau richtig zu machen. Es hat abnehmbare Pads, die verhindern, dass Lecks durchscheinen.<br \/>\nDieser verstellbare Still-BH besteht aus einer Mischung aus Baumwolle und Spandex, um stark und weich zu sein und eine dehnbare Passform zu geben. Das nahtlose Design hilft, Irritationen zu verhindern. Eine innere K\u00f6rbchenschlinge bietet zus\u00e4tzliche Unterst\u00fctzung, wenn Ihre Brust drau\u00dfen ist.<br \/>\nDieser Still-BH ist ideal f\u00fcr leichte Workouts w\u00e4hrend und nach der Schwangerschaft. Leicht zu \u00f6ffnender Stillverschluss<\/p>\n","protected":false},"featured_media":50895,"comment_status":"open","ping_status":"closed","template":"","meta":[],"product_brand":[],"product_cat":[21,9478],"product_tag":[],"class_list":{"0":"post-50894","1":"product","2":"type-product","3":"status-publish","4":"has-post-thumbnail","6":"product_cat-baby","7":"product_cat-umstandskleidung-baby","8":"pa_binding-textilien","9":"pa_brand-daisity","10":"pa_height-0-29-zoll","11":"pa_length-3-zoll","12":"pa_model-d155-5pcs","13":"pa_weight-0-26-pfund","14":"pa_width-1-3-zoll","16":"first","17":"instock","18":"shipping-taxable","19":"purchasable","20":"product-type-simple","21":"customify-col","22":"product-has-gallery"},"yoast_head":"<!-- This site is optimized with the Yoast SEO plugin v27.4 - https:\/\/yoast.com\/product\/yoast-seo-wordpress\/ -->\n<title>DAISITY Gepolsterter Still-BH f\u00fcr Frauen Schlaf Umstandsbralette zum Stillen 5er Pack - Markt-XXL<\/title>\n<meta name=\"description\" content=\"Markt-XXL DAISITY Gepolsterter Still-BH f\u00fcr Frauen Schlaf Umstandsbralette zum Stillen 5er Pack\" \/>\n<meta name=\"robots\" content=\"index, follow, max-snippet:-1, max-image-preview:large, max-video-preview:-1\" \/>\n<link rel=\"canonical\" href=\"https:\/\/marktxxl.de\/markt\/produkt\/daisity-gepolsterter-still-bh-fuer-frauen-schlaf-umstandsbralette-zum-stillen-5er-pack\/\" \/>\n<meta property=\"og:locale\" content=\"de_DE\" \/>\n<meta property=\"og:type\" content=\"article\" \/>\n<meta property=\"og:title\" content=\"DAISITY Gepolsterter Still-BH f\u00fcr Frauen Schlaf Umstandsbralette zum Stillen 5er Pack - Markt-XXL\" \/>\n<meta property=\"og:description\" content=\"Markt-XXL DAISITY Gepolsterter Still-BH f\u00fcr Frauen Schlaf Umstandsbralette zum Stillen 5er Pack\" \/>\n<meta property=\"og:url\" content=\"https:\/\/marktxxl.de\/markt\/produkt\/daisity-gepolsterter-still-bh-fuer-frauen-schlaf-umstandsbralette-zum-stillen-5er-pack\/\" \/>\n<meta property=\"og:site_name\" content=\"Markt-XXL\" \/>\n<meta property=\"article:modified_time\" content=\"2023-04-11T00:13:09+00:00\" \/>\n<meta property=\"og:image\" content=\"https:\/\/m.media-amazon.com\/images\/I\/41ouhzxogRL._SL500_.jpg\" \/>\n\t<meta property=\"og:image:width\" content=\"401\" \/>\n\t<meta property=\"og:image:height\" content=\"500\" \/>\n\t<meta property=\"og:image:type\" content=\"image\/jpeg\" \/>\n<meta name=\"twitter:card\" content=\"summary_large_image\" \/>\n<meta name=\"twitter:label1\" content=\"Gesch\u00e4tzte Lesezeit\" \/>\n\t<meta name=\"twitter:data1\" content=\"1\u00a0Minute\" \/>\n<script type=\"application\/ld+json\" class=\"yoast-schema-graph\">{\"@context\":\"https:\\\/\\\/schema.org\",\"@graph\":[{\"@type\":\"WebPage\",\"@id\":\"https:\\\/\\\/marktxxl.de\\\/markt\\\/produkt\\\/daisity-gepolsterter-still-bh-fuer-frauen-schlaf-umstandsbralette-zum-stillen-5er-pack\\\/\",\"url\":\"https:\\\/\\\/marktxxl.de\\\/markt\\\/produkt\\\/daisity-gepolsterter-still-bh-fuer-frauen-schlaf-umstandsbralette-zum-stillen-5er-pack\\\/\",\"name\":\"DAISITY Gepolsterter Still-BH f\u00fcr Frauen Schlaf Umstandsbralette zum Stillen 5er Pack - Markt-XXL\",\"isPartOf\":{\"@id\":\"https:\\\/\\\/marktxxl.de\\\/markt\\\/#website\"},\"primaryImageOfPage\":{\"@id\":\"https:\\\/\\\/marktxxl.de\\\/markt\\\/produkt\\\/daisity-gepolsterter-still-bh-fuer-frauen-schlaf-umstandsbralette-zum-stillen-5er-pack\\\/#primaryimage\"},\"image\":{\"@id\":\"https:\\\/\\\/marktxxl.de\\\/markt\\\/produkt\\\/daisity-gepolsterter-still-bh-fuer-frauen-schlaf-umstandsbralette-zum-stillen-5er-pack\\\/#primaryimage\"},\"thumbnailUrl\":\"https:\\\/\\\/m.media-amazon.com\\\/images\\\/I\\\/41ouhzxogRL._SL500_.jpg\",\"datePublished\":\"2021-10-12T23:34:35+00:00\",\"dateModified\":\"2023-04-11T00:13:09+00:00\",\"description\":\"Markt-XXL DAISITY Gepolsterter Still-BH f\u00fcr Frauen Schlaf Umstandsbralette zum Stillen 5er Pack\",\"breadcrumb\":{\"@id\":\"https:\\\/\\\/marktxxl.de\\\/markt\\\/produkt\\\/daisity-gepolsterter-still-bh-fuer-frauen-schlaf-umstandsbralette-zum-stillen-5er-pack\\\/#breadcrumb\"},\"inLanguage\":\"de\",\"potentialAction\":[{\"@type\":\"ReadAction\",\"target\":[\"https:\\\/\\\/marktxxl.de\\\/markt\\\/produkt\\\/daisity-gepolsterter-still-bh-fuer-frauen-schlaf-umstandsbralette-zum-stillen-5er-pack\\\/\"]}]},{\"@type\":\"ImageObject\",\"inLanguage\":\"de\",\"@id\":\"https:\\\/\\\/marktxxl.de\\\/markt\\\/produkt\\\/daisity-gepolsterter-still-bh-fuer-frauen-schlaf-umstandsbralette-zum-stillen-5er-pack\\\/#primaryimage\",\"url\":\"https:\\\/\\\/m.media-amazon.com\\\/images\\\/I\\\/41ouhzxogRL._SL500_.jpg\",\"contentUrl\":\"https:\\\/\\\/m.media-amazon.com\\\/images\\\/I\\\/41ouhzxogRL._SL500_.jpg\",\"width\":401,\"height\":500},{\"@type\":\"BreadcrumbList\",\"@id\":\"https:\\\/\\\/marktxxl.de\\\/markt\\\/produkt\\\/daisity-gepolsterter-still-bh-fuer-frauen-schlaf-umstandsbralette-zum-stillen-5er-pack\\\/#breadcrumb\",\"itemListElement\":[{\"@type\":\"ListItem\",\"position\":1,\"name\":\"Startseite\",\"item\":\"https:\\\/\\\/marktxxl.de\\\/markt\\\/\"},{\"@type\":\"ListItem\",\"position\":2,\"name\":\"Markt\",\"item\":\"https:\\\/\\\/marktxxl.de\\\/markt\\\/\"},{\"@type\":\"ListItem\",\"position\":3,\"name\":\"DAISITY Gepolsterter Still-BH f\u00fcr Frauen Schlaf Umstandsbralette zum Stillen 5er Pack\"}]},{\"@type\":\"WebSite\",\"@id\":\"https:\\\/\\\/marktxxl.de\\\/markt\\\/#website\",\"url\":\"https:\\\/\\\/marktxxl.de\\\/markt\\\/\",\"name\":\"Markt-XXL\",\"description\":\"Ihr Markt Online\",\"publisher\":{\"@id\":\"https:\\\/\\\/marktxxl.de\\\/markt\\\/#organization\"},\"potentialAction\":[{\"@type\":\"SearchAction\",\"target\":{\"@type\":\"EntryPoint\",\"urlTemplate\":\"https:\\\/\\\/marktxxl.de\\\/markt\\\/?s={search_term_string}\"},\"query-input\":{\"@type\":\"PropertyValueSpecification\",\"valueRequired\":true,\"valueName\":\"search_term_string\"}}],\"inLanguage\":\"de\"},{\"@type\":\"Organization\",\"@id\":\"https:\\\/\\\/marktxxl.de\\\/markt\\\/#organization\",\"name\":\"Markt-XXL\",\"url\":\"https:\\\/\\\/marktxxl.de\\\/markt\\\/\",\"logo\":{\"@type\":\"ImageObject\",\"inLanguage\":\"de\",\"@id\":\"https:\\\/\\\/marktxxl.de\\\/markt\\\/#\\\/schema\\\/logo\\\/image\\\/\",\"url\":\"https:\\\/\\\/marktxxl.de\\\/markt\\\/wp-content\\\/uploads\\\/sites\\\/3\\\/2020\\\/12\\\/logo.png\",\"contentUrl\":\"https:\\\/\\\/marktxxl.de\\\/markt\\\/wp-content\\\/uploads\\\/sites\\\/3\\\/2020\\\/12\\\/logo.png\",\"width\":200,\"height\":70,\"caption\":\"Markt-XXL\"},\"image\":{\"@id\":\"https:\\\/\\\/marktxxl.de\\\/markt\\\/#\\\/schema\\\/logo\\\/image\\\/\"}}]}<\/script>\n<!-- \/ Yoast SEO plugin. -->","yoast_head_json":{"title":"DAISITY Gepolsterter Still-BH f\u00fcr Frauen Schlaf Umstandsbralette zum Stillen 5er Pack - Markt-XXL","description":"Markt-XXL DAISITY Gepolsterter Still-BH f\u00fcr Frauen Schlaf Umstandsbralette zum Stillen 5er Pack","robots":{"index":"index","follow":"follow","max-snippet":"max-snippet:-1","max-image-preview":"max-image-preview:large","max-video-preview":"max-video-preview:-1"},"canonical":"https:\/\/marktxxl.de\/markt\/produkt\/daisity-gepolsterter-still-bh-fuer-frauen-schlaf-umstandsbralette-zum-stillen-5er-pack\/","og_locale":"de_DE","og_type":"article","og_title":"DAISITY Gepolsterter Still-BH f\u00fcr Frauen Schlaf Umstandsbralette zum Stillen 5er Pack - Markt-XXL","og_description":"Markt-XXL DAISITY Gepolsterter Still-BH f\u00fcr Frauen Schlaf Umstandsbralette zum Stillen 5er Pack","og_url":"https:\/\/marktxxl.de\/markt\/produkt\/daisity-gepolsterter-still-bh-fuer-frauen-schlaf-umstandsbralette-zum-stillen-5er-pack\/","og_site_name":"Markt-XXL","article_modified_time":"2023-04-11T00:13:09+00:00","og_image":[{"width":401,"height":500,"url":"https:\/\/m.media-amazon.com\/images\/I\/41ouhzxogRL._SL500_.jpg","type":"image\/jpeg"}],"twitter_card":"summary_large_image","twitter_misc":{"Gesch\u00e4tzte Lesezeit":"1\u00a0Minute"},"schema":{"@context":"https:\/\/schema.org","@graph":[{"@type":"WebPage","@id":"https:\/\/marktxxl.de\/markt\/produkt\/daisity-gepolsterter-still-bh-fuer-frauen-schlaf-umstandsbralette-zum-stillen-5er-pack\/","url":"https:\/\/marktxxl.de\/markt\/produkt\/daisity-gepolsterter-still-bh-fuer-frauen-schlaf-umstandsbralette-zum-stillen-5er-pack\/","name":"DAISITY Gepolsterter Still-BH f\u00fcr Frauen Schlaf Umstandsbralette zum Stillen 5er Pack - Markt-XXL","isPartOf":{"@id":"https:\/\/marktxxl.de\/markt\/#website"},"primaryImageOfPage":{"@id":"https:\/\/marktxxl.de\/markt\/produkt\/daisity-gepolsterter-still-bh-fuer-frauen-schlaf-umstandsbralette-zum-stillen-5er-pack\/#primaryimage"},"image":{"@id":"https:\/\/marktxxl.de\/markt\/produkt\/daisity-gepolsterter-still-bh-fuer-frauen-schlaf-umstandsbralette-zum-stillen-5er-pack\/#primaryimage"},"thumbnailUrl":"https:\/\/m.media-amazon.com\/images\/I\/41ouhzxogRL._SL500_.jpg","datePublished":"2021-10-12T23:34:35+00:00","dateModified":"2023-04-11T00:13:09+00:00","description":"Markt-XXL DAISITY Gepolsterter Still-BH f\u00fcr Frauen Schlaf Umstandsbralette zum Stillen 5er Pack","breadcrumb":{"@id":"https:\/\/marktxxl.de\/markt\/produkt\/daisity-gepolsterter-still-bh-fuer-frauen-schlaf-umstandsbralette-zum-stillen-5er-pack\/#breadcrumb"},"inLanguage":"de","potentialAction":[{"@type":"ReadAction","target":["https:\/\/marktxxl.de\/markt\/produkt\/daisity-gepolsterter-still-bh-fuer-frauen-schlaf-umstandsbralette-zum-stillen-5er-pack\/"]}]},{"@type":"ImageObject","inLanguage":"de","@id":"https:\/\/marktxxl.de\/markt\/produkt\/daisity-gepolsterter-still-bh-fuer-frauen-schlaf-umstandsbralette-zum-stillen-5er-pack\/#primaryimage","url":"https:\/\/m.media-amazon.com\/images\/I\/41ouhzxogRL._SL500_.jpg","contentUrl":"https:\/\/m.media-amazon.com\/images\/I\/41ouhzxogRL._SL500_.jpg","width":401,"height":500},{"@type":"BreadcrumbList","@id":"https:\/\/marktxxl.de\/markt\/produkt\/daisity-gepolsterter-still-bh-fuer-frauen-schlaf-umstandsbralette-zum-stillen-5er-pack\/#breadcrumb","itemListElement":[{"@type":"ListItem","position":1,"name":"Startseite","item":"https:\/\/marktxxl.de\/markt\/"},{"@type":"ListItem","position":2,"name":"Markt","item":"https:\/\/marktxxl.de\/markt\/"},{"@type":"ListItem","position":3,"name":"DAISITY Gepolsterter Still-BH f\u00fcr Frauen Schlaf Umstandsbralette zum Stillen 5er Pack"}]},{"@type":"WebSite","@id":"https:\/\/marktxxl.de\/markt\/#website","url":"https:\/\/marktxxl.de\/markt\/","name":"Markt-XXL","description":"Ihr Markt Online","publisher":{"@id":"https:\/\/marktxxl.de\/markt\/#organization"},"potentialAction":[{"@type":"SearchAction","target":{"@type":"EntryPoint","urlTemplate":"https:\/\/marktxxl.de\/markt\/?s={search_term_string}"},"query-input":{"@type":"PropertyValueSpecification","valueRequired":true,"valueName":"search_term_string"}}],"inLanguage":"de"},{"@type":"Organization","@id":"https:\/\/marktxxl.de\/markt\/#organization","name":"Markt-XXL","url":"https:\/\/marktxxl.de\/markt\/","logo":{"@type":"ImageObject","inLanguage":"de","@id":"https:\/\/marktxxl.de\/markt\/#\/schema\/logo\/image\/","url":"https:\/\/marktxxl.de\/markt\/wp-content\/uploads\/sites\/3\/2020\/12\/logo.png","contentUrl":"https:\/\/marktxxl.de\/markt\/wp-content\/uploads\/sites\/3\/2020\/12\/logo.png","width":200,"height":70,"caption":"Markt-XXL"},"image":{"@id":"https:\/\/marktxxl.de\/markt\/#\/schema\/logo\/image\/"}}]}},"_links":{"self":[{"href":"https:\/\/marktxxl.de\/markt\/wp-json\/wp\/v2\/product\/50894","targetHints":{"allow":["GET"]}}],"collection":[{"href":"https:\/\/marktxxl.de\/markt\/wp-json\/wp\/v2\/product"}],"about":[{"href":"https:\/\/marktxxl.de\/markt\/wp-json\/wp\/v2\/types\/product"}],"replies":[{"embeddable":true,"href":"https:\/\/marktxxl.de\/markt\/wp-json\/wp\/v2\/comments?post=50894"}],"wp:featuredmedia":[{"embeddable":true,"href":"https:\/\/marktxxl.de\/markt\/wp-json\/wp\/v2\/media\/50895"}],"wp:attachment":[{"href":"https:\/\/marktxxl.de\/markt\/wp-json\/wp\/v2\/media?parent=50894"}],"wp:term":[{"taxonomy":"product_brand","embeddable":true,"href":"https:\/\/marktxxl.de\/markt\/wp-json\/wp\/v2\/product_brand?post=50894"},{"taxonomy":"product_cat","embeddable":true,"href":"https:\/\/marktxxl.de\/markt\/wp-json\/wp\/v2\/product_cat?post=50894"},{"taxonomy":"product_tag","embeddable":true,"href":"https:\/\/marktxxl.de\/markt\/wp-json\/wp\/v2\/product_tag?post=50894"}],"curies":[{"name":"wp","href":"https:\/\/api.w.org\/{rel}","templated":true}]}}