{"id":50852,"date":"2021-10-13T01:34:29","date_gmt":"2021-10-12T23:34:29","guid":{"rendered":"https:\/\/marktxxl.de\/markt\/produkt\/mamaband-schwangerschaft-bauchband-fuer-die-babykugel-im-doppelpack-1xuni-1xhaendchen-rueckenwaermer-und-shirtverlaengerung-fuer-schwangere-elastische-umstandsmode\/"},"modified":"2023-04-11T02:13:07","modified_gmt":"2023-04-11T00:13:07","slug":"mamaband-schwangerschaft-bauchband-fuer-die-babykugel-im-doppelpack-1xuni-1xhaendchen-rueckenwaermer-und-shirtverlaengerung-fuer-schwangere-elastische-umstandsmode","status":"publish","type":"product","link":"https:\/\/marktxxl.de\/markt\/produkt\/mamaband-schwangerschaft-bauchband-fuer-die-babykugel-im-doppelpack-1xuni-1xhaendchen-rueckenwaermer-und-shirtverlaengerung-fuer-schwangere-elastische-umstandsmode\/","title":{"rendered":"Mamaband Schwangerschaft Bauchband f\u00fcr die Babykugel im Doppelpack 1xUni 1xH\u00e4ndchen \u2013 R\u00fcckenw\u00e4rmer und Shirtverl\u00e4ngerung\u2026"},"content":{"rendered":"<p>Das Bauchband f\u00fcr Schwangere ist ein n\u00fctzliches und modisches Must-Have, das in keinem Maternity Kleiderschrank mehr fehlen darf!<br \/>\nDer Babybauch ist sch\u00f6n warm eingepackt und daf\u00fcr ist nicht einmal Umstandsmode n\u00f6tig: Das Band verl\u00e4ngert Tshirts, die in der Schwangerschaft zu kurz geworden sind<br \/>\nOb als Bauchgurt, R\u00fccken- und Nierenw\u00e4rmer im Winter, Tshirtverl\u00e4ngerung oder sogar nach der Geburt &#8211; das Schwangerschaftsband ist vielseitig einsetzbar<br \/>\nSch\u00f6ne Schwangerschaftsmode aus 84% Viskose + 16% Elasthan: Der Stoff ist angenehm weich, farbecht &amp; schmutzabweisend &#8211; geeignet f\u00fcr Maschinenw\u00e4sche<br \/>\nLieferumfang: 2 x Schwangerschafts Bauchbinde von Mamaband \/ Bauchband f\u00fcr die Schwangerschaft plus 3erPack Jeanserweiterung<br \/>\n<div class=\"main-cross-sell\" data-asin=\"B07RRW6RP3\">\n\n\t<div class=\"WooZone-cross-sell-loader\">\n\t\t<div>\n\t\t\t<div id=\"floatingBarsG\">\n\t\t\t\t<div class=\"blockG\" id=\"rotateG_01\"><\/div>\n\t\t\t\t<div class=\"blockG\" id=\"rotateG_02\"><\/div>\n\t\t\t\t<div class=\"blockG\" id=\"rotateG_03\"><\/div>\n\t\t\t\t<div class=\"blockG\" id=\"rotateG_04\"><\/div>\n\t\t\t\t<div class=\"blockG\" id=\"rotateG_05\"><\/div>\n\t\t\t\t<div class=\"blockG\" id=\"rotateG_06\"><\/div>\n\t\t\t\t<div class=\"blockG\" id=\"rotateG_07\"><\/div>\n\t\t\t\t<div class=\"blockG\" id=\"rotateG_08\"><\/div>\n\t\t\t<\/div>\n\t\t\t<div class=\"WooZone-cross-sell-loader-text\"><\/div>\n\t\t<\/div>\n\t<\/div>\n\n\t\t\n<\/div>\n<div style=\"clear:both;\"><\/div><\/p>\n","protected":false},"excerpt":{"rendered":"<p>Das Bauchband f\u00fcr Schwangere ist ein n\u00fctzliches und modisches Must-Have, das in keinem Maternity Kleiderschrank mehr fehlen darf!<br \/>\nDer Babybauch ist sch\u00f6n warm eingepackt und daf\u00fcr ist nicht einmal Umstandsmode n\u00f6tig: Das Band verl\u00e4ngert Tshirts, die in der Schwangerschaft zu kurz geworden sind<br \/>\nOb als Bauchgurt, R\u00fccken- und Nierenw\u00e4rmer im Winter, Tshirtverl\u00e4ngerung oder sogar nach der Geburt &#8211; das Schwangerschaftsband ist vielseitig einsetzbar<\/p>\n","protected":false},"featured_media":50863,"comment_status":"open","ping_status":"closed","template":"","meta":[],"product_brand":[],"product_cat":[21,9478],"product_tag":[],"class_list":{"0":"post-50852","1":"product","2":"type-product","3":"status-publish","4":"has-post-thumbnail","6":"product_cat-baby","7":"product_cat-umstandskleidung-baby","8":"pa_binding-textilien","9":"pa_brand-mama-band","10":"pa_farbe-aqua-schwarz","11":"pa_farbe-dunkelblau-schwarz","12":"pa_farbe-magenta-schwarz","13":"pa_farbe-pink-schwarz","14":"pa_farbe-weiss-schwarz","15":"pa_groesse-m-l","16":"pa_groesse-xl-xxl","17":"pa_groesse-xs-s","19":"first","20":"instock","21":"shipping-taxable","22":"purchasable","23":"product-type-simple","24":"customify-col","25":"product-has-gallery"},"yoast_head":"<!-- This site is optimized with the Yoast SEO plugin v27.3 - https:\/\/yoast.com\/product\/yoast-seo-wordpress\/ -->\n<title>Mamaband Schwangerschaft Bauchband f\u00fcr die Babykugel im Doppelpack 1xUni 1xH\u00e4ndchen \u2013 R\u00fcckenw\u00e4rmer und Shirtverl\u00e4ngerung\u2026 - Markt-XXL<\/title>\n<meta name=\"description\" content=\"Markt-XXL Mamaband Schwangerschaft Bauchband f\u00fcr die Babykugel im Doppelpack 1xUni 1xH\u00e4ndchen \u2013 R\u00fcckenw\u00e4rmer und Shirtverl\u00e4ngerung\u2026\" \/>\n<meta name=\"robots\" content=\"index, follow, max-snippet:-1, max-image-preview:large, max-video-preview:-1\" \/>\n<link rel=\"canonical\" href=\"https:\/\/marktxxl.de\/markt\/produkt\/mamaband-schwangerschaft-bauchband-fuer-die-babykugel-im-doppelpack-1xuni-1xhaendchen-rueckenwaermer-und-shirtverlaengerung-fuer-schwangere-elastische-umstandsmode\/\" \/>\n<meta property=\"og:locale\" content=\"de_DE\" \/>\n<meta property=\"og:type\" content=\"article\" \/>\n<meta property=\"og:title\" content=\"Mamaband Schwangerschaft Bauchband f\u00fcr die Babykugel im Doppelpack 1xUni 1xH\u00e4ndchen \u2013 R\u00fcckenw\u00e4rmer und Shirtverl\u00e4ngerung\u2026 - Markt-XXL\" \/>\n<meta property=\"og:description\" content=\"Markt-XXL Mamaband Schwangerschaft Bauchband f\u00fcr die Babykugel im Doppelpack 1xUni 1xH\u00e4ndchen \u2013 R\u00fcckenw\u00e4rmer und Shirtverl\u00e4ngerung\u2026\" \/>\n<meta property=\"og:url\" content=\"https:\/\/marktxxl.de\/markt\/produkt\/mamaband-schwangerschaft-bauchband-fuer-die-babykugel-im-doppelpack-1xuni-1xhaendchen-rueckenwaermer-und-shirtverlaengerung-fuer-schwangere-elastische-umstandsmode\/\" \/>\n<meta property=\"og:site_name\" content=\"Markt-XXL\" \/>\n<meta property=\"article:modified_time\" content=\"2023-04-11T00:13:07+00:00\" \/>\n<meta property=\"og:image\" content=\"https:\/\/m.media-amazon.com\/images\/I\/41u+Jm4kB2L._SL500_.jpg\" \/>\n\t<meta property=\"og:image:width\" content=\"498\" \/>\n\t<meta property=\"og:image:height\" content=\"500\" \/>\n\t<meta property=\"og:image:type\" content=\"image\/jpeg\" \/>\n<meta name=\"twitter:card\" content=\"summary_large_image\" \/>\n<meta name=\"twitter:label1\" content=\"Gesch\u00e4tzte Lesezeit\" \/>\n\t<meta name=\"twitter:data1\" content=\"1\u00a0Minute\" \/>\n<script type=\"application\/ld+json\" class=\"yoast-schema-graph\">{\"@context\":\"https:\\\/\\\/schema.org\",\"@graph\":[{\"@type\":\"WebPage\",\"@id\":\"https:\\\/\\\/marktxxl.de\\\/markt\\\/produkt\\\/mamaband-schwangerschaft-bauchband-fuer-die-babykugel-im-doppelpack-1xuni-1xhaendchen-rueckenwaermer-und-shirtverlaengerung-fuer-schwangere-elastische-umstandsmode\\\/\",\"url\":\"https:\\\/\\\/marktxxl.de\\\/markt\\\/produkt\\\/mamaband-schwangerschaft-bauchband-fuer-die-babykugel-im-doppelpack-1xuni-1xhaendchen-rueckenwaermer-und-shirtverlaengerung-fuer-schwangere-elastische-umstandsmode\\\/\",\"name\":\"Mamaband Schwangerschaft Bauchband f\u00fcr die Babykugel im Doppelpack 1xUni 1xH\u00e4ndchen \u2013 R\u00fcckenw\u00e4rmer und Shirtverl\u00e4ngerung\u2026 - Markt-XXL\",\"isPartOf\":{\"@id\":\"https:\\\/\\\/marktxxl.de\\\/markt\\\/#website\"},\"primaryImageOfPage\":{\"@id\":\"https:\\\/\\\/marktxxl.de\\\/markt\\\/produkt\\\/mamaband-schwangerschaft-bauchband-fuer-die-babykugel-im-doppelpack-1xuni-1xhaendchen-rueckenwaermer-und-shirtverlaengerung-fuer-schwangere-elastische-umstandsmode\\\/#primaryimage\"},\"image\":{\"@id\":\"https:\\\/\\\/marktxxl.de\\\/markt\\\/produkt\\\/mamaband-schwangerschaft-bauchband-fuer-die-babykugel-im-doppelpack-1xuni-1xhaendchen-rueckenwaermer-und-shirtverlaengerung-fuer-schwangere-elastische-umstandsmode\\\/#primaryimage\"},\"thumbnailUrl\":\"https:\\\/\\\/m.media-amazon.com\\\/images\\\/I\\\/41u+Jm4kB2L._SL500_.jpg\",\"datePublished\":\"2021-10-12T23:34:29+00:00\",\"dateModified\":\"2023-04-11T00:13:07+00:00\",\"description\":\"Markt-XXL Mamaband Schwangerschaft Bauchband f\u00fcr die Babykugel im Doppelpack 1xUni 1xH\u00e4ndchen \u2013 R\u00fcckenw\u00e4rmer und Shirtverl\u00e4ngerung\u2026\",\"breadcrumb\":{\"@id\":\"https:\\\/\\\/marktxxl.de\\\/markt\\\/produkt\\\/mamaband-schwangerschaft-bauchband-fuer-die-babykugel-im-doppelpack-1xuni-1xhaendchen-rueckenwaermer-und-shirtverlaengerung-fuer-schwangere-elastische-umstandsmode\\\/#breadcrumb\"},\"inLanguage\":\"de\",\"potentialAction\":[{\"@type\":\"ReadAction\",\"target\":[\"https:\\\/\\\/marktxxl.de\\\/markt\\\/produkt\\\/mamaband-schwangerschaft-bauchband-fuer-die-babykugel-im-doppelpack-1xuni-1xhaendchen-rueckenwaermer-und-shirtverlaengerung-fuer-schwangere-elastische-umstandsmode\\\/\"]}]},{\"@type\":\"ImageObject\",\"inLanguage\":\"de\",\"@id\":\"https:\\\/\\\/marktxxl.de\\\/markt\\\/produkt\\\/mamaband-schwangerschaft-bauchband-fuer-die-babykugel-im-doppelpack-1xuni-1xhaendchen-rueckenwaermer-und-shirtverlaengerung-fuer-schwangere-elastische-umstandsmode\\\/#primaryimage\",\"url\":\"https:\\\/\\\/m.media-amazon.com\\\/images\\\/I\\\/41u+Jm4kB2L._SL500_.jpg\",\"contentUrl\":\"https:\\\/\\\/m.media-amazon.com\\\/images\\\/I\\\/41u+Jm4kB2L._SL500_.jpg\",\"width\":498,\"height\":500},{\"@type\":\"BreadcrumbList\",\"@id\":\"https:\\\/\\\/marktxxl.de\\\/markt\\\/produkt\\\/mamaband-schwangerschaft-bauchband-fuer-die-babykugel-im-doppelpack-1xuni-1xhaendchen-rueckenwaermer-und-shirtverlaengerung-fuer-schwangere-elastische-umstandsmode\\\/#breadcrumb\",\"itemListElement\":[{\"@type\":\"ListItem\",\"position\":1,\"name\":\"Startseite\",\"item\":\"https:\\\/\\\/marktxxl.de\\\/markt\\\/\"},{\"@type\":\"ListItem\",\"position\":2,\"name\":\"Markt\",\"item\":\"https:\\\/\\\/marktxxl.de\\\/markt\\\/\"},{\"@type\":\"ListItem\",\"position\":3,\"name\":\"Mamaband Schwangerschaft Bauchband f\u00fcr die Babykugel im Doppelpack 1xUni 1xH\u00e4ndchen \u2013 R\u00fcckenw\u00e4rmer und Shirtverl\u00e4ngerung\u2026\"}]},{\"@type\":\"WebSite\",\"@id\":\"https:\\\/\\\/marktxxl.de\\\/markt\\\/#website\",\"url\":\"https:\\\/\\\/marktxxl.de\\\/markt\\\/\",\"name\":\"Markt-XXL\",\"description\":\"Ihr Markt Online\",\"publisher\":{\"@id\":\"https:\\\/\\\/marktxxl.de\\\/markt\\\/#organization\"},\"potentialAction\":[{\"@type\":\"SearchAction\",\"target\":{\"@type\":\"EntryPoint\",\"urlTemplate\":\"https:\\\/\\\/marktxxl.de\\\/markt\\\/?s={search_term_string}\"},\"query-input\":{\"@type\":\"PropertyValueSpecification\",\"valueRequired\":true,\"valueName\":\"search_term_string\"}}],\"inLanguage\":\"de\"},{\"@type\":\"Organization\",\"@id\":\"https:\\\/\\\/marktxxl.de\\\/markt\\\/#organization\",\"name\":\"Markt-XXL\",\"url\":\"https:\\\/\\\/marktxxl.de\\\/markt\\\/\",\"logo\":{\"@type\":\"ImageObject\",\"inLanguage\":\"de\",\"@id\":\"https:\\\/\\\/marktxxl.de\\\/markt\\\/#\\\/schema\\\/logo\\\/image\\\/\",\"url\":\"https:\\\/\\\/marktxxl.de\\\/markt\\\/wp-content\\\/uploads\\\/sites\\\/3\\\/2020\\\/12\\\/logo.png\",\"contentUrl\":\"https:\\\/\\\/marktxxl.de\\\/markt\\\/wp-content\\\/uploads\\\/sites\\\/3\\\/2020\\\/12\\\/logo.png\",\"width\":200,\"height\":70,\"caption\":\"Markt-XXL\"},\"image\":{\"@id\":\"https:\\\/\\\/marktxxl.de\\\/markt\\\/#\\\/schema\\\/logo\\\/image\\\/\"}}]}<\/script>\n<!-- \/ Yoast SEO plugin. -->","yoast_head_json":{"title":"Mamaband Schwangerschaft Bauchband f\u00fcr die Babykugel im Doppelpack 1xUni 1xH\u00e4ndchen \u2013 R\u00fcckenw\u00e4rmer und Shirtverl\u00e4ngerung\u2026 - Markt-XXL","description":"Markt-XXL Mamaband Schwangerschaft Bauchband f\u00fcr die Babykugel im Doppelpack 1xUni 1xH\u00e4ndchen \u2013 R\u00fcckenw\u00e4rmer und Shirtverl\u00e4ngerung\u2026","robots":{"index":"index","follow":"follow","max-snippet":"max-snippet:-1","max-image-preview":"max-image-preview:large","max-video-preview":"max-video-preview:-1"},"canonical":"https:\/\/marktxxl.de\/markt\/produkt\/mamaband-schwangerschaft-bauchband-fuer-die-babykugel-im-doppelpack-1xuni-1xhaendchen-rueckenwaermer-und-shirtverlaengerung-fuer-schwangere-elastische-umstandsmode\/","og_locale":"de_DE","og_type":"article","og_title":"Mamaband Schwangerschaft Bauchband f\u00fcr die Babykugel im Doppelpack 1xUni 1xH\u00e4ndchen \u2013 R\u00fcckenw\u00e4rmer und Shirtverl\u00e4ngerung\u2026 - Markt-XXL","og_description":"Markt-XXL Mamaband Schwangerschaft Bauchband f\u00fcr die Babykugel im Doppelpack 1xUni 1xH\u00e4ndchen \u2013 R\u00fcckenw\u00e4rmer und Shirtverl\u00e4ngerung\u2026","og_url":"https:\/\/marktxxl.de\/markt\/produkt\/mamaband-schwangerschaft-bauchband-fuer-die-babykugel-im-doppelpack-1xuni-1xhaendchen-rueckenwaermer-und-shirtverlaengerung-fuer-schwangere-elastische-umstandsmode\/","og_site_name":"Markt-XXL","article_modified_time":"2023-04-11T00:13:07+00:00","og_image":[{"width":498,"height":500,"url":"https:\/\/m.media-amazon.com\/images\/I\/41u+Jm4kB2L._SL500_.jpg","type":"image\/jpeg"}],"twitter_card":"summary_large_image","twitter_misc":{"Gesch\u00e4tzte Lesezeit":"1\u00a0Minute"},"schema":{"@context":"https:\/\/schema.org","@graph":[{"@type":"WebPage","@id":"https:\/\/marktxxl.de\/markt\/produkt\/mamaband-schwangerschaft-bauchband-fuer-die-babykugel-im-doppelpack-1xuni-1xhaendchen-rueckenwaermer-und-shirtverlaengerung-fuer-schwangere-elastische-umstandsmode\/","url":"https:\/\/marktxxl.de\/markt\/produkt\/mamaband-schwangerschaft-bauchband-fuer-die-babykugel-im-doppelpack-1xuni-1xhaendchen-rueckenwaermer-und-shirtverlaengerung-fuer-schwangere-elastische-umstandsmode\/","name":"Mamaband Schwangerschaft Bauchband f\u00fcr die Babykugel im Doppelpack 1xUni 1xH\u00e4ndchen \u2013 R\u00fcckenw\u00e4rmer und Shirtverl\u00e4ngerung\u2026 - Markt-XXL","isPartOf":{"@id":"https:\/\/marktxxl.de\/markt\/#website"},"primaryImageOfPage":{"@id":"https:\/\/marktxxl.de\/markt\/produkt\/mamaband-schwangerschaft-bauchband-fuer-die-babykugel-im-doppelpack-1xuni-1xhaendchen-rueckenwaermer-und-shirtverlaengerung-fuer-schwangere-elastische-umstandsmode\/#primaryimage"},"image":{"@id":"https:\/\/marktxxl.de\/markt\/produkt\/mamaband-schwangerschaft-bauchband-fuer-die-babykugel-im-doppelpack-1xuni-1xhaendchen-rueckenwaermer-und-shirtverlaengerung-fuer-schwangere-elastische-umstandsmode\/#primaryimage"},"thumbnailUrl":"https:\/\/m.media-amazon.com\/images\/I\/41u+Jm4kB2L._SL500_.jpg","datePublished":"2021-10-12T23:34:29+00:00","dateModified":"2023-04-11T00:13:07+00:00","description":"Markt-XXL Mamaband Schwangerschaft Bauchband f\u00fcr die Babykugel im Doppelpack 1xUni 1xH\u00e4ndchen \u2013 R\u00fcckenw\u00e4rmer und Shirtverl\u00e4ngerung\u2026","breadcrumb":{"@id":"https:\/\/marktxxl.de\/markt\/produkt\/mamaband-schwangerschaft-bauchband-fuer-die-babykugel-im-doppelpack-1xuni-1xhaendchen-rueckenwaermer-und-shirtverlaengerung-fuer-schwangere-elastische-umstandsmode\/#breadcrumb"},"inLanguage":"de","potentialAction":[{"@type":"ReadAction","target":["https:\/\/marktxxl.de\/markt\/produkt\/mamaband-schwangerschaft-bauchband-fuer-die-babykugel-im-doppelpack-1xuni-1xhaendchen-rueckenwaermer-und-shirtverlaengerung-fuer-schwangere-elastische-umstandsmode\/"]}]},{"@type":"ImageObject","inLanguage":"de","@id":"https:\/\/marktxxl.de\/markt\/produkt\/mamaband-schwangerschaft-bauchband-fuer-die-babykugel-im-doppelpack-1xuni-1xhaendchen-rueckenwaermer-und-shirtverlaengerung-fuer-schwangere-elastische-umstandsmode\/#primaryimage","url":"https:\/\/m.media-amazon.com\/images\/I\/41u+Jm4kB2L._SL500_.jpg","contentUrl":"https:\/\/m.media-amazon.com\/images\/I\/41u+Jm4kB2L._SL500_.jpg","width":498,"height":500},{"@type":"BreadcrumbList","@id":"https:\/\/marktxxl.de\/markt\/produkt\/mamaband-schwangerschaft-bauchband-fuer-die-babykugel-im-doppelpack-1xuni-1xhaendchen-rueckenwaermer-und-shirtverlaengerung-fuer-schwangere-elastische-umstandsmode\/#breadcrumb","itemListElement":[{"@type":"ListItem","position":1,"name":"Startseite","item":"https:\/\/marktxxl.de\/markt\/"},{"@type":"ListItem","position":2,"name":"Markt","item":"https:\/\/marktxxl.de\/markt\/"},{"@type":"ListItem","position":3,"name":"Mamaband Schwangerschaft Bauchband f\u00fcr die Babykugel im Doppelpack 1xUni 1xH\u00e4ndchen \u2013 R\u00fcckenw\u00e4rmer und Shirtverl\u00e4ngerung\u2026"}]},{"@type":"WebSite","@id":"https:\/\/marktxxl.de\/markt\/#website","url":"https:\/\/marktxxl.de\/markt\/","name":"Markt-XXL","description":"Ihr Markt Online","publisher":{"@id":"https:\/\/marktxxl.de\/markt\/#organization"},"potentialAction":[{"@type":"SearchAction","target":{"@type":"EntryPoint","urlTemplate":"https:\/\/marktxxl.de\/markt\/?s={search_term_string}"},"query-input":{"@type":"PropertyValueSpecification","valueRequired":true,"valueName":"search_term_string"}}],"inLanguage":"de"},{"@type":"Organization","@id":"https:\/\/marktxxl.de\/markt\/#organization","name":"Markt-XXL","url":"https:\/\/marktxxl.de\/markt\/","logo":{"@type":"ImageObject","inLanguage":"de","@id":"https:\/\/marktxxl.de\/markt\/#\/schema\/logo\/image\/","url":"https:\/\/marktxxl.de\/markt\/wp-content\/uploads\/sites\/3\/2020\/12\/logo.png","contentUrl":"https:\/\/marktxxl.de\/markt\/wp-content\/uploads\/sites\/3\/2020\/12\/logo.png","width":200,"height":70,"caption":"Markt-XXL"},"image":{"@id":"https:\/\/marktxxl.de\/markt\/#\/schema\/logo\/image\/"}}]}},"_links":{"self":[{"href":"https:\/\/marktxxl.de\/markt\/wp-json\/wp\/v2\/product\/50852","targetHints":{"allow":["GET"]}}],"collection":[{"href":"https:\/\/marktxxl.de\/markt\/wp-json\/wp\/v2\/product"}],"about":[{"href":"https:\/\/marktxxl.de\/markt\/wp-json\/wp\/v2\/types\/product"}],"replies":[{"embeddable":true,"href":"https:\/\/marktxxl.de\/markt\/wp-json\/wp\/v2\/comments?post=50852"}],"wp:featuredmedia":[{"embeddable":true,"href":"https:\/\/marktxxl.de\/markt\/wp-json\/wp\/v2\/media\/50863"}],"wp:attachment":[{"href":"https:\/\/marktxxl.de\/markt\/wp-json\/wp\/v2\/media?parent=50852"}],"wp:term":[{"taxonomy":"product_brand","embeddable":true,"href":"https:\/\/marktxxl.de\/markt\/wp-json\/wp\/v2\/product_brand?post=50852"},{"taxonomy":"product_cat","embeddable":true,"href":"https:\/\/marktxxl.de\/markt\/wp-json\/wp\/v2\/product_cat?post=50852"},{"taxonomy":"product_tag","embeddable":true,"href":"https:\/\/marktxxl.de\/markt\/wp-json\/wp\/v2\/product_tag?post=50852"}],"curies":[{"name":"wp","href":"https:\/\/api.w.org\/{rel}","templated":true}]}}