{"id":50604,"date":"2021-10-13T01:24:30","date_gmt":"2021-10-12T23:24:30","guid":{"rendered":"https:\/\/marktxxl.de\/markt\/produkt\/mam-mam-perfect-night\/"},"modified":"2023-04-08T01:41:34","modified_gmt":"2023-04-07T23:41:34","slug":"mam-mam-perfect-night","status":"publish","type":"product","link":"https:\/\/marktxxl.de\/markt\/produkt\/mam-mam-perfect-night\/","title":{"rendered":"MAM Perfect Schnuller im 2er-Set, f\u00f6rdert eine gesunde Zahn- und Kieferentwicklung, Baby Schnuller aus speziellem MAM\u2026"},"content":{"rendered":"<p>Besondere Form \u2013 Der MAM Perfect beugt Zahn- und Kieferfehlstellungen vor, denn der Saugerhals ist extra d\u00fcnn und flexibel \u2013 das ideale Baby Geschenk.<br \/>\nExtra sanft \u2013 Der Sauger aus SkinSoft Silikon f\u00fchlt sich unvergleichlich weich &amp; vertraut in Babys Mund an und wird so besonders gut akzeptiert. Eine Bereicherung f\u00fcr jede Baby Ausstattung.<br \/>\nSehr hautfreundlich \u2013 Dank gro\u00dfz\u00fcgiger Luftl\u00f6cher und abgerundetem Schild ist der Silikonschnuller sanft zu empfindlicher Babyhaut. Reibungen und Abdr\u00fccken wird vorgebeugt.<br \/>\nEinfache Handhabung \u2013 In der Sterilisier- und Transportbox kann der MAM Schnuller einfach und zeitsparend ohne Zusatzger\u00e4t in der Mikrowelle sterilisiert werden.<br \/>\nHygienisch und sicher \u2013 Die Kartonverpackung verschlie\u00dft die Box sicher, auch ohne Verschlussfaden<br \/>\n<div class=\"main-cross-sell\" data-asin=\"B09HCK5ZD2\">\n\n\t<div class=\"WooZone-cross-sell-loader\">\n\t\t<div>\n\t\t\t<div id=\"floatingBarsG\">\n\t\t\t\t<div class=\"blockG\" id=\"rotateG_01\"><\/div>\n\t\t\t\t<div class=\"blockG\" id=\"rotateG_02\"><\/div>\n\t\t\t\t<div class=\"blockG\" id=\"rotateG_03\"><\/div>\n\t\t\t\t<div class=\"blockG\" id=\"rotateG_04\"><\/div>\n\t\t\t\t<div class=\"blockG\" id=\"rotateG_05\"><\/div>\n\t\t\t\t<div class=\"blockG\" id=\"rotateG_06\"><\/div>\n\t\t\t\t<div class=\"blockG\" id=\"rotateG_07\"><\/div>\n\t\t\t\t<div class=\"blockG\" id=\"rotateG_08\"><\/div>\n\t\t\t<\/div>\n\t\t\t<div class=\"WooZone-cross-sell-loader-text\"><\/div>\n\t\t<\/div>\n\t<\/div>\n\n\t\t\n<\/div>\n<div style=\"clear:both;\"><\/div><\/p>\n","protected":false},"excerpt":{"rendered":"<p>Besondere Form \u2013 Der MAM Perfect beugt Zahn- und Kieferfehlstellungen vor, denn der Saugerhals ist extra d\u00fcnn und flexibel \u2013 das ideale Baby Geschenk.<br \/>\nExtra sanft \u2013 Der Sauger aus SkinSoft Silikon f\u00fchlt sich unvergleichlich weich &amp; vertraut in Babys Mund an und wird so besonders gut akzeptiert. Eine Bereicherung f\u00fcr jede Baby Ausstattung.<br \/>\nSehr hautfreundlich \u2013 Dank gro\u00dfz\u00fcgiger Luftl\u00f6cher und abgerundetem Schild ist der Silikonschnuller sanft zu empfindlicher Babyhaut. Reibungen und Abdr\u00fccken wird vorgebeugt.<\/p>\n","protected":false},"featured_media":50605,"comment_status":"open","ping_status":"closed","template":"","meta":[],"product_brand":[],"product_cat":[21,9362],"product_tag":[],"class_list":{"0":"post-50604","1":"product","2":"type-product","3":"status-publish","4":"has-post-thumbnail","6":"product_cat-baby","7":"product_cat-schnuller-beissringe-baby","8":"pa_binding-babyartikel","9":"pa_brand-mam","10":"pa_manufacturer-mam","12":"first","13":"instock","14":"shipping-taxable","15":"purchasable","16":"product-type-simple","17":"customify-col","18":"product-has-gallery"},"yoast_head":"<!-- This site is optimized with the Yoast SEO plugin v27.3 - https:\/\/yoast.com\/product\/yoast-seo-wordpress\/ -->\n<title>MAM Perfect Schnuller im 2er-Set, f\u00f6rdert eine gesunde Zahn- und Kieferentwicklung, Baby Schnuller aus speziellem MAM\u2026 - Markt-XXL<\/title>\n<meta name=\"description\" content=\"Markt-XXL MAM Perfect Schnuller im 2er-Set, f\u00f6rdert eine gesunde Zahn- und Kieferentwicklung, Baby Schnuller aus speziellem MAM\u2026\" \/>\n<meta name=\"robots\" content=\"index, follow, max-snippet:-1, max-image-preview:large, max-video-preview:-1\" \/>\n<link rel=\"canonical\" href=\"https:\/\/marktxxl.de\/markt\/produkt\/mam-mam-perfect-night\/\" \/>\n<meta property=\"og:locale\" content=\"de_DE\" \/>\n<meta property=\"og:type\" content=\"article\" \/>\n<meta property=\"og:title\" content=\"MAM Perfect Schnuller im 2er-Set, f\u00f6rdert eine gesunde Zahn- und Kieferentwicklung, Baby Schnuller aus speziellem MAM\u2026 - Markt-XXL\" \/>\n<meta property=\"og:description\" content=\"Markt-XXL MAM Perfect Schnuller im 2er-Set, f\u00f6rdert eine gesunde Zahn- und Kieferentwicklung, Baby Schnuller aus speziellem MAM\u2026\" \/>\n<meta property=\"og:url\" content=\"https:\/\/marktxxl.de\/markt\/produkt\/mam-mam-perfect-night\/\" \/>\n<meta property=\"og:site_name\" content=\"Markt-XXL\" \/>\n<meta property=\"article:modified_time\" content=\"2023-04-07T23:41:34+00:00\" \/>\n<meta property=\"og:image\" content=\"https:\/\/m.media-amazon.com\/images\/I\/31XwbI3fhnL._SL500_.jpg\" \/>\n\t<meta property=\"og:image:width\" content=\"500\" \/>\n\t<meta property=\"og:image:height\" content=\"500\" \/>\n\t<meta property=\"og:image:type\" content=\"image\/jpeg\" \/>\n<meta name=\"twitter:card\" content=\"summary_large_image\" \/>\n<meta name=\"twitter:label1\" content=\"Gesch\u00e4tzte Lesezeit\" \/>\n\t<meta name=\"twitter:data1\" content=\"1\u00a0Minute\" \/>\n<script type=\"application\/ld+json\" class=\"yoast-schema-graph\">{\"@context\":\"https:\\\/\\\/schema.org\",\"@graph\":[{\"@type\":\"WebPage\",\"@id\":\"https:\\\/\\\/marktxxl.de\\\/markt\\\/produkt\\\/mam-mam-perfect-night\\\/\",\"url\":\"https:\\\/\\\/marktxxl.de\\\/markt\\\/produkt\\\/mam-mam-perfect-night\\\/\",\"name\":\"MAM Perfect Schnuller im 2er-Set, f\u00f6rdert eine gesunde Zahn- und Kieferentwicklung, Baby Schnuller aus speziellem MAM\u2026 - Markt-XXL\",\"isPartOf\":{\"@id\":\"https:\\\/\\\/marktxxl.de\\\/markt\\\/#website\"},\"primaryImageOfPage\":{\"@id\":\"https:\\\/\\\/marktxxl.de\\\/markt\\\/produkt\\\/mam-mam-perfect-night\\\/#primaryimage\"},\"image\":{\"@id\":\"https:\\\/\\\/marktxxl.de\\\/markt\\\/produkt\\\/mam-mam-perfect-night\\\/#primaryimage\"},\"thumbnailUrl\":\"https:\\\/\\\/m.media-amazon.com\\\/images\\\/I\\\/31XwbI3fhnL._SL500_.jpg\",\"datePublished\":\"2021-10-12T23:24:30+00:00\",\"dateModified\":\"2023-04-07T23:41:34+00:00\",\"description\":\"Markt-XXL MAM Perfect Schnuller im 2er-Set, f\u00f6rdert eine gesunde Zahn- und Kieferentwicklung, Baby Schnuller aus speziellem MAM\u2026\",\"breadcrumb\":{\"@id\":\"https:\\\/\\\/marktxxl.de\\\/markt\\\/produkt\\\/mam-mam-perfect-night\\\/#breadcrumb\"},\"inLanguage\":\"de\",\"potentialAction\":[{\"@type\":\"ReadAction\",\"target\":[\"https:\\\/\\\/marktxxl.de\\\/markt\\\/produkt\\\/mam-mam-perfect-night\\\/\"]}]},{\"@type\":\"ImageObject\",\"inLanguage\":\"de\",\"@id\":\"https:\\\/\\\/marktxxl.de\\\/markt\\\/produkt\\\/mam-mam-perfect-night\\\/#primaryimage\",\"url\":\"https:\\\/\\\/m.media-amazon.com\\\/images\\\/I\\\/31XwbI3fhnL._SL500_.jpg\",\"contentUrl\":\"https:\\\/\\\/m.media-amazon.com\\\/images\\\/I\\\/31XwbI3fhnL._SL500_.jpg\",\"width\":500,\"height\":500},{\"@type\":\"BreadcrumbList\",\"@id\":\"https:\\\/\\\/marktxxl.de\\\/markt\\\/produkt\\\/mam-mam-perfect-night\\\/#breadcrumb\",\"itemListElement\":[{\"@type\":\"ListItem\",\"position\":1,\"name\":\"Startseite\",\"item\":\"https:\\\/\\\/marktxxl.de\\\/markt\\\/\"},{\"@type\":\"ListItem\",\"position\":2,\"name\":\"Markt\",\"item\":\"https:\\\/\\\/marktxxl.de\\\/markt\\\/\"},{\"@type\":\"ListItem\",\"position\":3,\"name\":\"MAM Perfect Schnuller im 2er-Set, f\u00f6rdert eine gesunde Zahn- und Kieferentwicklung, Baby Schnuller aus speziellem MAM\u2026\"}]},{\"@type\":\"WebSite\",\"@id\":\"https:\\\/\\\/marktxxl.de\\\/markt\\\/#website\",\"url\":\"https:\\\/\\\/marktxxl.de\\\/markt\\\/\",\"name\":\"Markt-XXL\",\"description\":\"Ihr Markt Online\",\"publisher\":{\"@id\":\"https:\\\/\\\/marktxxl.de\\\/markt\\\/#organization\"},\"potentialAction\":[{\"@type\":\"SearchAction\",\"target\":{\"@type\":\"EntryPoint\",\"urlTemplate\":\"https:\\\/\\\/marktxxl.de\\\/markt\\\/?s={search_term_string}\"},\"query-input\":{\"@type\":\"PropertyValueSpecification\",\"valueRequired\":true,\"valueName\":\"search_term_string\"}}],\"inLanguage\":\"de\"},{\"@type\":\"Organization\",\"@id\":\"https:\\\/\\\/marktxxl.de\\\/markt\\\/#organization\",\"name\":\"Markt-XXL\",\"url\":\"https:\\\/\\\/marktxxl.de\\\/markt\\\/\",\"logo\":{\"@type\":\"ImageObject\",\"inLanguage\":\"de\",\"@id\":\"https:\\\/\\\/marktxxl.de\\\/markt\\\/#\\\/schema\\\/logo\\\/image\\\/\",\"url\":\"https:\\\/\\\/marktxxl.de\\\/markt\\\/wp-content\\\/uploads\\\/sites\\\/3\\\/2020\\\/12\\\/logo.png\",\"contentUrl\":\"https:\\\/\\\/marktxxl.de\\\/markt\\\/wp-content\\\/uploads\\\/sites\\\/3\\\/2020\\\/12\\\/logo.png\",\"width\":200,\"height\":70,\"caption\":\"Markt-XXL\"},\"image\":{\"@id\":\"https:\\\/\\\/marktxxl.de\\\/markt\\\/#\\\/schema\\\/logo\\\/image\\\/\"}}]}<\/script>\n<!-- \/ Yoast SEO plugin. -->","yoast_head_json":{"title":"MAM Perfect Schnuller im 2er-Set, f\u00f6rdert eine gesunde Zahn- und Kieferentwicklung, Baby Schnuller aus speziellem MAM\u2026 - Markt-XXL","description":"Markt-XXL MAM Perfect Schnuller im 2er-Set, f\u00f6rdert eine gesunde Zahn- und Kieferentwicklung, Baby Schnuller aus speziellem MAM\u2026","robots":{"index":"index","follow":"follow","max-snippet":"max-snippet:-1","max-image-preview":"max-image-preview:large","max-video-preview":"max-video-preview:-1"},"canonical":"https:\/\/marktxxl.de\/markt\/produkt\/mam-mam-perfect-night\/","og_locale":"de_DE","og_type":"article","og_title":"MAM Perfect Schnuller im 2er-Set, f\u00f6rdert eine gesunde Zahn- und Kieferentwicklung, Baby Schnuller aus speziellem MAM\u2026 - Markt-XXL","og_description":"Markt-XXL MAM Perfect Schnuller im 2er-Set, f\u00f6rdert eine gesunde Zahn- und Kieferentwicklung, Baby Schnuller aus speziellem MAM\u2026","og_url":"https:\/\/marktxxl.de\/markt\/produkt\/mam-mam-perfect-night\/","og_site_name":"Markt-XXL","article_modified_time":"2023-04-07T23:41:34+00:00","og_image":[{"width":500,"height":500,"url":"https:\/\/m.media-amazon.com\/images\/I\/31XwbI3fhnL._SL500_.jpg","type":"image\/jpeg"}],"twitter_card":"summary_large_image","twitter_misc":{"Gesch\u00e4tzte Lesezeit":"1\u00a0Minute"},"schema":{"@context":"https:\/\/schema.org","@graph":[{"@type":"WebPage","@id":"https:\/\/marktxxl.de\/markt\/produkt\/mam-mam-perfect-night\/","url":"https:\/\/marktxxl.de\/markt\/produkt\/mam-mam-perfect-night\/","name":"MAM Perfect Schnuller im 2er-Set, f\u00f6rdert eine gesunde Zahn- und Kieferentwicklung, Baby Schnuller aus speziellem MAM\u2026 - Markt-XXL","isPartOf":{"@id":"https:\/\/marktxxl.de\/markt\/#website"},"primaryImageOfPage":{"@id":"https:\/\/marktxxl.de\/markt\/produkt\/mam-mam-perfect-night\/#primaryimage"},"image":{"@id":"https:\/\/marktxxl.de\/markt\/produkt\/mam-mam-perfect-night\/#primaryimage"},"thumbnailUrl":"https:\/\/m.media-amazon.com\/images\/I\/31XwbI3fhnL._SL500_.jpg","datePublished":"2021-10-12T23:24:30+00:00","dateModified":"2023-04-07T23:41:34+00:00","description":"Markt-XXL MAM Perfect Schnuller im 2er-Set, f\u00f6rdert eine gesunde Zahn- und Kieferentwicklung, Baby Schnuller aus speziellem MAM\u2026","breadcrumb":{"@id":"https:\/\/marktxxl.de\/markt\/produkt\/mam-mam-perfect-night\/#breadcrumb"},"inLanguage":"de","potentialAction":[{"@type":"ReadAction","target":["https:\/\/marktxxl.de\/markt\/produkt\/mam-mam-perfect-night\/"]}]},{"@type":"ImageObject","inLanguage":"de","@id":"https:\/\/marktxxl.de\/markt\/produkt\/mam-mam-perfect-night\/#primaryimage","url":"https:\/\/m.media-amazon.com\/images\/I\/31XwbI3fhnL._SL500_.jpg","contentUrl":"https:\/\/m.media-amazon.com\/images\/I\/31XwbI3fhnL._SL500_.jpg","width":500,"height":500},{"@type":"BreadcrumbList","@id":"https:\/\/marktxxl.de\/markt\/produkt\/mam-mam-perfect-night\/#breadcrumb","itemListElement":[{"@type":"ListItem","position":1,"name":"Startseite","item":"https:\/\/marktxxl.de\/markt\/"},{"@type":"ListItem","position":2,"name":"Markt","item":"https:\/\/marktxxl.de\/markt\/"},{"@type":"ListItem","position":3,"name":"MAM Perfect Schnuller im 2er-Set, f\u00f6rdert eine gesunde Zahn- und Kieferentwicklung, Baby Schnuller aus speziellem MAM\u2026"}]},{"@type":"WebSite","@id":"https:\/\/marktxxl.de\/markt\/#website","url":"https:\/\/marktxxl.de\/markt\/","name":"Markt-XXL","description":"Ihr Markt Online","publisher":{"@id":"https:\/\/marktxxl.de\/markt\/#organization"},"potentialAction":[{"@type":"SearchAction","target":{"@type":"EntryPoint","urlTemplate":"https:\/\/marktxxl.de\/markt\/?s={search_term_string}"},"query-input":{"@type":"PropertyValueSpecification","valueRequired":true,"valueName":"search_term_string"}}],"inLanguage":"de"},{"@type":"Organization","@id":"https:\/\/marktxxl.de\/markt\/#organization","name":"Markt-XXL","url":"https:\/\/marktxxl.de\/markt\/","logo":{"@type":"ImageObject","inLanguage":"de","@id":"https:\/\/marktxxl.de\/markt\/#\/schema\/logo\/image\/","url":"https:\/\/marktxxl.de\/markt\/wp-content\/uploads\/sites\/3\/2020\/12\/logo.png","contentUrl":"https:\/\/marktxxl.de\/markt\/wp-content\/uploads\/sites\/3\/2020\/12\/logo.png","width":200,"height":70,"caption":"Markt-XXL"},"image":{"@id":"https:\/\/marktxxl.de\/markt\/#\/schema\/logo\/image\/"}}]}},"_links":{"self":[{"href":"https:\/\/marktxxl.de\/markt\/wp-json\/wp\/v2\/product\/50604","targetHints":{"allow":["GET"]}}],"collection":[{"href":"https:\/\/marktxxl.de\/markt\/wp-json\/wp\/v2\/product"}],"about":[{"href":"https:\/\/marktxxl.de\/markt\/wp-json\/wp\/v2\/types\/product"}],"replies":[{"embeddable":true,"href":"https:\/\/marktxxl.de\/markt\/wp-json\/wp\/v2\/comments?post=50604"}],"wp:featuredmedia":[{"embeddable":true,"href":"https:\/\/marktxxl.de\/markt\/wp-json\/wp\/v2\/media\/50605"}],"wp:attachment":[{"href":"https:\/\/marktxxl.de\/markt\/wp-json\/wp\/v2\/media?parent=50604"}],"wp:term":[{"taxonomy":"product_brand","embeddable":true,"href":"https:\/\/marktxxl.de\/markt\/wp-json\/wp\/v2\/product_brand?post=50604"},{"taxonomy":"product_cat","embeddable":true,"href":"https:\/\/marktxxl.de\/markt\/wp-json\/wp\/v2\/product_cat?post=50604"},{"taxonomy":"product_tag","embeddable":true,"href":"https:\/\/marktxxl.de\/markt\/wp-json\/wp\/v2\/product_tag?post=50604"}],"curies":[{"name":"wp","href":"https:\/\/api.w.org\/{rel}","templated":true}]}}