{"id":50562,"date":"2021-10-13T01:24:24","date_gmt":"2021-10-12T23:24:24","guid":{"rendered":"https:\/\/marktxxl.de\/markt\/produkt\/my-carry-potty-fuchs-travel-toepfchen-preisgekroenter-tragbarer-toilettensitz-fuer-kleinkinder-den-kinder-ueberall-hin-mitnehmen-koennen\/"},"modified":"2023-04-08T01:41:33","modified_gmt":"2023-04-07T23:41:33","slug":"my-carry-potty-fuchs-travel-toepfchen-preisgekroenter-tragbarer-toilettensitz-fuer-kleinkinder-den-kinder-ueberall-hin-mitnehmen-koennen","status":"publish","type":"product","link":"https:\/\/marktxxl.de\/markt\/produkt\/my-carry-potty-fuchs-travel-toepfchen-preisgekroenter-tragbarer-toilettensitz-fuer-kleinkinder-den-kinder-ueberall-hin-mitnehmen-koennen\/","title":{"rendered":"My Carry Potty &#8211; Fuchs Reise-T\u00f6pfchen, preisgekr\u00f6nter tragbarer Kleinkind-Toilettensitz f\u00fcr Kinder, um \u00fcberall hin\u2026"},"content":{"rendered":"<p>TRAGBARES T\u00d6PFCHEN: F\u00fcr T\u00f6pfchentraining \u00fcberall und zu jeder Zeit. Kann \u00fcberall verwendet werden &#8211; zuhause sowie unterwegs. Ihr Kind kann das mobile T\u00f6pfchen ganz bequem in die Kita, auf Reisen und auf Ausfl\u00fcge mitnehmen. Leichtes Gewicht f\u00fcr problemloses Tragen. Kann an Griffen von Kinderw\u00e4gen befestigt werden.<br \/>\nKINDER LIEBEN ES: Das s\u00fc\u00dfe Charakter-T\u00f6pfchen mit seinem einzigartigen Griff ermutigt Kinder, es \u00fcberall mit hin mitzunehmen. Ihr Kleinkind wird sich in das T\u00f6pfchen verlieben und Ihnen mit gro\u00dfem Stolz mitteilen, dass es auf die Toilette gegangen ist!<br \/>\nHYGIENISCH UND UMWELTFREUNDLICH: Ein zus\u00e4tzlicher Beutel wird nicht ben\u00f6tigt. Das T\u00f6pfchen ist leicht zu entleeren und zu reinigen. Er verf\u00fcgt \u00fcber einen extra hohen Spritzschutz und eignet sich so bestens f\u00fcr Jungen und M\u00e4dchen gleicherma\u00dfen. Das einzige T\u00f6pfchen mit einer auslaufsicheren Dichtung.<br \/>\nKOMFORTABLER SITZ: Der gro\u00dfe bequeme Sitz mit seinen rutschfesten F\u00fc\u00dfe sorgt f\u00fcr optimalen Komfort und maximale Sicherheit. Kinder, die sich auf dem speziellen Klositz wohl f\u00fchlen, benutzen das T\u00f6pfchen eher. Optimal zur F\u00f6rderung des T\u00f6pfchen-Trainings.<br \/>\nVON P\u00c4DAGOGEN ENTWICKELT: Das preisgekr\u00f6nte T\u00f6pfchen wurde von Amanda Jenner entworfen &#8211; der britischen Expertin und Buchautorin f\u00fcr T\u00f6pfchen-Training. Jenner wurde 2018 und 2020 beim &#8220;Mother &amp; Baby Award&#8221; in der Kategorie &#8220;Potty Training&#8221; mit Gold geehrt.<br \/>\n<div class=\"main-cross-sell\" data-asin=\"B07L9CMY9T\">\n\n\t<div class=\"WooZone-cross-sell-loader\">\n\t\t<div>\n\t\t\t<div id=\"floatingBarsG\">\n\t\t\t\t<div class=\"blockG\" id=\"rotateG_01\"><\/div>\n\t\t\t\t<div class=\"blockG\" id=\"rotateG_02\"><\/div>\n\t\t\t\t<div class=\"blockG\" id=\"rotateG_03\"><\/div>\n\t\t\t\t<div class=\"blockG\" id=\"rotateG_04\"><\/div>\n\t\t\t\t<div class=\"blockG\" id=\"rotateG_05\"><\/div>\n\t\t\t\t<div class=\"blockG\" id=\"rotateG_06\"><\/div>\n\t\t\t\t<div class=\"blockG\" id=\"rotateG_07\"><\/div>\n\t\t\t\t<div class=\"blockG\" id=\"rotateG_08\"><\/div>\n\t\t\t<\/div>\n\t\t\t<div class=\"WooZone-cross-sell-loader-text\"><\/div>\n\t\t<\/div>\n\t<\/div>\n\n\t\t\n<\/div>\n<div style=\"clear:both;\"><\/div><\/p>\n","protected":false},"excerpt":{"rendered":"<p>TRAGBARES T\u00d6PFCHEN: F\u00fcr T\u00f6pfchentraining \u00fcberall und zu jeder Zeit. Kann \u00fcberall verwendet werden &#8211; zuhause sowie unterwegs. Ihr Kind kann das mobile T\u00f6pfchen ganz bequem in die Kita, auf Reisen und auf Ausfl\u00fcge mitnehmen. Leichtes Gewicht f\u00fcr problemloses Tragen. Kann an Griffen von Kinderw\u00e4gen befestigt werden.<br \/>\nKINDER LIEBEN ES: Das s\u00fc\u00dfe Charakter-T\u00f6pfchen mit seinem einzigartigen Griff ermutigt Kinder, es \u00fcberall mit hin mitzunehmen. Ihr Kleinkind wird sich in das T\u00f6pfchen verlieben und Ihnen mit gro\u00dfem Stolz mitteilen, dass es auf die Toilette gegangen ist!<br \/>\nHYGIENISCH UND UMWELTFREUNDLICH: Ein zus\u00e4tzlicher Beutel wird nicht ben\u00f6tigt. Das T\u00f6pfchen ist leicht zu entleeren und zu reinigen. Er verf\u00fcgt \u00fcber einen extra hohen Spritzschutz und eignet sich so bestens f\u00fcr Jungen und M\u00e4dchen gleicherma\u00dfen. Das einzige T\u00f6pfchen mit einer auslaufsicheren Dichtung.<\/p>\n","protected":false},"featured_media":50563,"comment_status":"open","ping_status":"closed","template":"","meta":[],"product_brand":[],"product_cat":[21,9437],"product_tag":[],"class_list":{"0":"post-50562","1":"product","2":"type-product","3":"status-publish","4":"has-post-thumbnail","6":"product_cat-baby","7":"product_cat-toepfchen-trittschemel-baby","8":"pa_binding-babyartikel","9":"pa_brand-my-carry-potty","10":"pa_color-fuchs","11":"pa_height-5-9842519624-zoll","12":"pa_length-10-236220462-zoll","13":"pa_manufacturer-my-carry-potty","14":"pa_model-mcp-fox","15":"pa_size-1-stueck-1er-pack","16":"pa_weight-1-873929227-pfund","17":"pa_width-9-2519684945-zoll","19":"first","20":"instock","21":"shipping-taxable","22":"purchasable","23":"product-type-simple","24":"customify-col","25":"product-has-gallery"},"yoast_head":"<!-- This site is optimized with the Yoast SEO plugin v27.3 - https:\/\/yoast.com\/product\/yoast-seo-wordpress\/ -->\n<title>My Carry Potty - Fuchs Reise-T\u00f6pfchen, preisgekr\u00f6nter tragbarer Kleinkind-Toilettensitz f\u00fcr Kinder, um \u00fcberall hin\u2026 - Markt-XXL<\/title>\n<meta name=\"description\" content=\"Markt-XXL My Carry Potty - Fuchs Reise-T\u00f6pfchen, preisgekr\u00f6nter tragbarer Kleinkind-Toilettensitz f\u00fcr Kinder, um \u00fcberall hin\u2026\" \/>\n<meta name=\"robots\" content=\"index, follow, max-snippet:-1, max-image-preview:large, max-video-preview:-1\" \/>\n<link rel=\"canonical\" href=\"https:\/\/marktxxl.de\/markt\/produkt\/my-carry-potty-fuchs-travel-toepfchen-preisgekroenter-tragbarer-toilettensitz-fuer-kleinkinder-den-kinder-ueberall-hin-mitnehmen-koennen\/\" \/>\n<meta property=\"og:locale\" content=\"de_DE\" \/>\n<meta property=\"og:type\" content=\"article\" \/>\n<meta property=\"og:title\" content=\"My Carry Potty - Fuchs Reise-T\u00f6pfchen, preisgekr\u00f6nter tragbarer Kleinkind-Toilettensitz f\u00fcr Kinder, um \u00fcberall hin\u2026 - Markt-XXL\" \/>\n<meta property=\"og:description\" content=\"Markt-XXL My Carry Potty - Fuchs Reise-T\u00f6pfchen, preisgekr\u00f6nter tragbarer Kleinkind-Toilettensitz f\u00fcr Kinder, um \u00fcberall hin\u2026\" \/>\n<meta property=\"og:url\" content=\"https:\/\/marktxxl.de\/markt\/produkt\/my-carry-potty-fuchs-travel-toepfchen-preisgekroenter-tragbarer-toilettensitz-fuer-kleinkinder-den-kinder-ueberall-hin-mitnehmen-koennen\/\" \/>\n<meta property=\"og:site_name\" content=\"Markt-XXL\" \/>\n<meta property=\"article:modified_time\" content=\"2023-04-07T23:41:33+00:00\" \/>\n<meta property=\"og:image\" content=\"https:\/\/m.media-amazon.com\/images\/I\/4176dHANThL._SL500_.jpg\" \/>\n\t<meta property=\"og:image:width\" content=\"500\" \/>\n\t<meta property=\"og:image:height\" content=\"500\" \/>\n\t<meta property=\"og:image:type\" content=\"image\/jpeg\" \/>\n<meta name=\"twitter:card\" content=\"summary_large_image\" \/>\n<meta name=\"twitter:label1\" content=\"Gesch\u00e4tzte Lesezeit\" \/>\n\t<meta name=\"twitter:data1\" content=\"1\u00a0Minute\" \/>\n<script type=\"application\/ld+json\" class=\"yoast-schema-graph\">{\"@context\":\"https:\\\/\\\/schema.org\",\"@graph\":[{\"@type\":\"WebPage\",\"@id\":\"https:\\\/\\\/marktxxl.de\\\/markt\\\/produkt\\\/my-carry-potty-fuchs-travel-toepfchen-preisgekroenter-tragbarer-toilettensitz-fuer-kleinkinder-den-kinder-ueberall-hin-mitnehmen-koennen\\\/\",\"url\":\"https:\\\/\\\/marktxxl.de\\\/markt\\\/produkt\\\/my-carry-potty-fuchs-travel-toepfchen-preisgekroenter-tragbarer-toilettensitz-fuer-kleinkinder-den-kinder-ueberall-hin-mitnehmen-koennen\\\/\",\"name\":\"My Carry Potty - Fuchs Reise-T\u00f6pfchen, preisgekr\u00f6nter tragbarer Kleinkind-Toilettensitz f\u00fcr Kinder, um \u00fcberall hin\u2026 - Markt-XXL\",\"isPartOf\":{\"@id\":\"https:\\\/\\\/marktxxl.de\\\/markt\\\/#website\"},\"primaryImageOfPage\":{\"@id\":\"https:\\\/\\\/marktxxl.de\\\/markt\\\/produkt\\\/my-carry-potty-fuchs-travel-toepfchen-preisgekroenter-tragbarer-toilettensitz-fuer-kleinkinder-den-kinder-ueberall-hin-mitnehmen-koennen\\\/#primaryimage\"},\"image\":{\"@id\":\"https:\\\/\\\/marktxxl.de\\\/markt\\\/produkt\\\/my-carry-potty-fuchs-travel-toepfchen-preisgekroenter-tragbarer-toilettensitz-fuer-kleinkinder-den-kinder-ueberall-hin-mitnehmen-koennen\\\/#primaryimage\"},\"thumbnailUrl\":\"https:\\\/\\\/m.media-amazon.com\\\/images\\\/I\\\/4176dHANThL._SL500_.jpg\",\"datePublished\":\"2021-10-12T23:24:24+00:00\",\"dateModified\":\"2023-04-07T23:41:33+00:00\",\"description\":\"Markt-XXL My Carry Potty - Fuchs Reise-T\u00f6pfchen, preisgekr\u00f6nter tragbarer Kleinkind-Toilettensitz f\u00fcr Kinder, um \u00fcberall hin\u2026\",\"breadcrumb\":{\"@id\":\"https:\\\/\\\/marktxxl.de\\\/markt\\\/produkt\\\/my-carry-potty-fuchs-travel-toepfchen-preisgekroenter-tragbarer-toilettensitz-fuer-kleinkinder-den-kinder-ueberall-hin-mitnehmen-koennen\\\/#breadcrumb\"},\"inLanguage\":\"de\",\"potentialAction\":[{\"@type\":\"ReadAction\",\"target\":[\"https:\\\/\\\/marktxxl.de\\\/markt\\\/produkt\\\/my-carry-potty-fuchs-travel-toepfchen-preisgekroenter-tragbarer-toilettensitz-fuer-kleinkinder-den-kinder-ueberall-hin-mitnehmen-koennen\\\/\"]}]},{\"@type\":\"ImageObject\",\"inLanguage\":\"de\",\"@id\":\"https:\\\/\\\/marktxxl.de\\\/markt\\\/produkt\\\/my-carry-potty-fuchs-travel-toepfchen-preisgekroenter-tragbarer-toilettensitz-fuer-kleinkinder-den-kinder-ueberall-hin-mitnehmen-koennen\\\/#primaryimage\",\"url\":\"https:\\\/\\\/m.media-amazon.com\\\/images\\\/I\\\/4176dHANThL._SL500_.jpg\",\"contentUrl\":\"https:\\\/\\\/m.media-amazon.com\\\/images\\\/I\\\/4176dHANThL._SL500_.jpg\",\"width\":500,\"height\":500},{\"@type\":\"BreadcrumbList\",\"@id\":\"https:\\\/\\\/marktxxl.de\\\/markt\\\/produkt\\\/my-carry-potty-fuchs-travel-toepfchen-preisgekroenter-tragbarer-toilettensitz-fuer-kleinkinder-den-kinder-ueberall-hin-mitnehmen-koennen\\\/#breadcrumb\",\"itemListElement\":[{\"@type\":\"ListItem\",\"position\":1,\"name\":\"Startseite\",\"item\":\"https:\\\/\\\/marktxxl.de\\\/markt\\\/\"},{\"@type\":\"ListItem\",\"position\":2,\"name\":\"Markt\",\"item\":\"https:\\\/\\\/marktxxl.de\\\/markt\\\/\"},{\"@type\":\"ListItem\",\"position\":3,\"name\":\"My Carry Potty &#8211; Fuchs Reise-T\u00f6pfchen, preisgekr\u00f6nter tragbarer Kleinkind-Toilettensitz f\u00fcr Kinder, um \u00fcberall hin\u2026\"}]},{\"@type\":\"WebSite\",\"@id\":\"https:\\\/\\\/marktxxl.de\\\/markt\\\/#website\",\"url\":\"https:\\\/\\\/marktxxl.de\\\/markt\\\/\",\"name\":\"Markt-XXL\",\"description\":\"Ihr Markt Online\",\"publisher\":{\"@id\":\"https:\\\/\\\/marktxxl.de\\\/markt\\\/#organization\"},\"potentialAction\":[{\"@type\":\"SearchAction\",\"target\":{\"@type\":\"EntryPoint\",\"urlTemplate\":\"https:\\\/\\\/marktxxl.de\\\/markt\\\/?s={search_term_string}\"},\"query-input\":{\"@type\":\"PropertyValueSpecification\",\"valueRequired\":true,\"valueName\":\"search_term_string\"}}],\"inLanguage\":\"de\"},{\"@type\":\"Organization\",\"@id\":\"https:\\\/\\\/marktxxl.de\\\/markt\\\/#organization\",\"name\":\"Markt-XXL\",\"url\":\"https:\\\/\\\/marktxxl.de\\\/markt\\\/\",\"logo\":{\"@type\":\"ImageObject\",\"inLanguage\":\"de\",\"@id\":\"https:\\\/\\\/marktxxl.de\\\/markt\\\/#\\\/schema\\\/logo\\\/image\\\/\",\"url\":\"https:\\\/\\\/marktxxl.de\\\/markt\\\/wp-content\\\/uploads\\\/sites\\\/3\\\/2020\\\/12\\\/logo.png\",\"contentUrl\":\"https:\\\/\\\/marktxxl.de\\\/markt\\\/wp-content\\\/uploads\\\/sites\\\/3\\\/2020\\\/12\\\/logo.png\",\"width\":200,\"height\":70,\"caption\":\"Markt-XXL\"},\"image\":{\"@id\":\"https:\\\/\\\/marktxxl.de\\\/markt\\\/#\\\/schema\\\/logo\\\/image\\\/\"}}]}<\/script>\n<!-- \/ Yoast SEO plugin. -->","yoast_head_json":{"title":"My Carry Potty - Fuchs Reise-T\u00f6pfchen, preisgekr\u00f6nter tragbarer Kleinkind-Toilettensitz f\u00fcr Kinder, um \u00fcberall hin\u2026 - Markt-XXL","description":"Markt-XXL My Carry Potty - Fuchs Reise-T\u00f6pfchen, preisgekr\u00f6nter tragbarer Kleinkind-Toilettensitz f\u00fcr Kinder, um \u00fcberall hin\u2026","robots":{"index":"index","follow":"follow","max-snippet":"max-snippet:-1","max-image-preview":"max-image-preview:large","max-video-preview":"max-video-preview:-1"},"canonical":"https:\/\/marktxxl.de\/markt\/produkt\/my-carry-potty-fuchs-travel-toepfchen-preisgekroenter-tragbarer-toilettensitz-fuer-kleinkinder-den-kinder-ueberall-hin-mitnehmen-koennen\/","og_locale":"de_DE","og_type":"article","og_title":"My Carry Potty - Fuchs Reise-T\u00f6pfchen, preisgekr\u00f6nter tragbarer Kleinkind-Toilettensitz f\u00fcr Kinder, um \u00fcberall hin\u2026 - Markt-XXL","og_description":"Markt-XXL My Carry Potty - Fuchs Reise-T\u00f6pfchen, preisgekr\u00f6nter tragbarer Kleinkind-Toilettensitz f\u00fcr Kinder, um \u00fcberall hin\u2026","og_url":"https:\/\/marktxxl.de\/markt\/produkt\/my-carry-potty-fuchs-travel-toepfchen-preisgekroenter-tragbarer-toilettensitz-fuer-kleinkinder-den-kinder-ueberall-hin-mitnehmen-koennen\/","og_site_name":"Markt-XXL","article_modified_time":"2023-04-07T23:41:33+00:00","og_image":[{"width":500,"height":500,"url":"https:\/\/m.media-amazon.com\/images\/I\/4176dHANThL._SL500_.jpg","type":"image\/jpeg"}],"twitter_card":"summary_large_image","twitter_misc":{"Gesch\u00e4tzte Lesezeit":"1\u00a0Minute"},"schema":{"@context":"https:\/\/schema.org","@graph":[{"@type":"WebPage","@id":"https:\/\/marktxxl.de\/markt\/produkt\/my-carry-potty-fuchs-travel-toepfchen-preisgekroenter-tragbarer-toilettensitz-fuer-kleinkinder-den-kinder-ueberall-hin-mitnehmen-koennen\/","url":"https:\/\/marktxxl.de\/markt\/produkt\/my-carry-potty-fuchs-travel-toepfchen-preisgekroenter-tragbarer-toilettensitz-fuer-kleinkinder-den-kinder-ueberall-hin-mitnehmen-koennen\/","name":"My Carry Potty - Fuchs Reise-T\u00f6pfchen, preisgekr\u00f6nter tragbarer Kleinkind-Toilettensitz f\u00fcr Kinder, um \u00fcberall hin\u2026 - Markt-XXL","isPartOf":{"@id":"https:\/\/marktxxl.de\/markt\/#website"},"primaryImageOfPage":{"@id":"https:\/\/marktxxl.de\/markt\/produkt\/my-carry-potty-fuchs-travel-toepfchen-preisgekroenter-tragbarer-toilettensitz-fuer-kleinkinder-den-kinder-ueberall-hin-mitnehmen-koennen\/#primaryimage"},"image":{"@id":"https:\/\/marktxxl.de\/markt\/produkt\/my-carry-potty-fuchs-travel-toepfchen-preisgekroenter-tragbarer-toilettensitz-fuer-kleinkinder-den-kinder-ueberall-hin-mitnehmen-koennen\/#primaryimage"},"thumbnailUrl":"https:\/\/m.media-amazon.com\/images\/I\/4176dHANThL._SL500_.jpg","datePublished":"2021-10-12T23:24:24+00:00","dateModified":"2023-04-07T23:41:33+00:00","description":"Markt-XXL My Carry Potty - Fuchs Reise-T\u00f6pfchen, preisgekr\u00f6nter tragbarer Kleinkind-Toilettensitz f\u00fcr Kinder, um \u00fcberall hin\u2026","breadcrumb":{"@id":"https:\/\/marktxxl.de\/markt\/produkt\/my-carry-potty-fuchs-travel-toepfchen-preisgekroenter-tragbarer-toilettensitz-fuer-kleinkinder-den-kinder-ueberall-hin-mitnehmen-koennen\/#breadcrumb"},"inLanguage":"de","potentialAction":[{"@type":"ReadAction","target":["https:\/\/marktxxl.de\/markt\/produkt\/my-carry-potty-fuchs-travel-toepfchen-preisgekroenter-tragbarer-toilettensitz-fuer-kleinkinder-den-kinder-ueberall-hin-mitnehmen-koennen\/"]}]},{"@type":"ImageObject","inLanguage":"de","@id":"https:\/\/marktxxl.de\/markt\/produkt\/my-carry-potty-fuchs-travel-toepfchen-preisgekroenter-tragbarer-toilettensitz-fuer-kleinkinder-den-kinder-ueberall-hin-mitnehmen-koennen\/#primaryimage","url":"https:\/\/m.media-amazon.com\/images\/I\/4176dHANThL._SL500_.jpg","contentUrl":"https:\/\/m.media-amazon.com\/images\/I\/4176dHANThL._SL500_.jpg","width":500,"height":500},{"@type":"BreadcrumbList","@id":"https:\/\/marktxxl.de\/markt\/produkt\/my-carry-potty-fuchs-travel-toepfchen-preisgekroenter-tragbarer-toilettensitz-fuer-kleinkinder-den-kinder-ueberall-hin-mitnehmen-koennen\/#breadcrumb","itemListElement":[{"@type":"ListItem","position":1,"name":"Startseite","item":"https:\/\/marktxxl.de\/markt\/"},{"@type":"ListItem","position":2,"name":"Markt","item":"https:\/\/marktxxl.de\/markt\/"},{"@type":"ListItem","position":3,"name":"My Carry Potty &#8211; Fuchs Reise-T\u00f6pfchen, preisgekr\u00f6nter tragbarer Kleinkind-Toilettensitz f\u00fcr Kinder, um \u00fcberall hin\u2026"}]},{"@type":"WebSite","@id":"https:\/\/marktxxl.de\/markt\/#website","url":"https:\/\/marktxxl.de\/markt\/","name":"Markt-XXL","description":"Ihr Markt Online","publisher":{"@id":"https:\/\/marktxxl.de\/markt\/#organization"},"potentialAction":[{"@type":"SearchAction","target":{"@type":"EntryPoint","urlTemplate":"https:\/\/marktxxl.de\/markt\/?s={search_term_string}"},"query-input":{"@type":"PropertyValueSpecification","valueRequired":true,"valueName":"search_term_string"}}],"inLanguage":"de"},{"@type":"Organization","@id":"https:\/\/marktxxl.de\/markt\/#organization","name":"Markt-XXL","url":"https:\/\/marktxxl.de\/markt\/","logo":{"@type":"ImageObject","inLanguage":"de","@id":"https:\/\/marktxxl.de\/markt\/#\/schema\/logo\/image\/","url":"https:\/\/marktxxl.de\/markt\/wp-content\/uploads\/sites\/3\/2020\/12\/logo.png","contentUrl":"https:\/\/marktxxl.de\/markt\/wp-content\/uploads\/sites\/3\/2020\/12\/logo.png","width":200,"height":70,"caption":"Markt-XXL"},"image":{"@id":"https:\/\/marktxxl.de\/markt\/#\/schema\/logo\/image\/"}}]}},"_links":{"self":[{"href":"https:\/\/marktxxl.de\/markt\/wp-json\/wp\/v2\/product\/50562","targetHints":{"allow":["GET"]}}],"collection":[{"href":"https:\/\/marktxxl.de\/markt\/wp-json\/wp\/v2\/product"}],"about":[{"href":"https:\/\/marktxxl.de\/markt\/wp-json\/wp\/v2\/types\/product"}],"replies":[{"embeddable":true,"href":"https:\/\/marktxxl.de\/markt\/wp-json\/wp\/v2\/comments?post=50562"}],"wp:featuredmedia":[{"embeddable":true,"href":"https:\/\/marktxxl.de\/markt\/wp-json\/wp\/v2\/media\/50563"}],"wp:attachment":[{"href":"https:\/\/marktxxl.de\/markt\/wp-json\/wp\/v2\/media?parent=50562"}],"wp:term":[{"taxonomy":"product_brand","embeddable":true,"href":"https:\/\/marktxxl.de\/markt\/wp-json\/wp\/v2\/product_brand?post=50562"},{"taxonomy":"product_cat","embeddable":true,"href":"https:\/\/marktxxl.de\/markt\/wp-json\/wp\/v2\/product_cat?post=50562"},{"taxonomy":"product_tag","embeddable":true,"href":"https:\/\/marktxxl.de\/markt\/wp-json\/wp\/v2\/product_tag?post=50562"}],"curies":[{"name":"wp","href":"https:\/\/api.w.org\/{rel}","templated":true}]}}