{"id":50528,"date":"2021-10-13T01:21:28","date_gmt":"2021-10-12T23:21:28","guid":{"rendered":"https:\/\/marktxxl.de\/markt\/produkt\/dreambaby-f687-kinder-tritthocker-tritt-schemel-kinderschemel-anti-rutsch-zweistufig-weiss-grau\/"},"modified":"2023-04-08T01:41:32","modified_gmt":"2023-04-07T23:41:32","slug":"dreambaby-f687-kinder-tritthocker-tritt-schemel-kinderschemel-anti-rutsch-zweistufig-weiss-grau","status":"publish","type":"product","link":"https:\/\/marktxxl.de\/markt\/produkt\/dreambaby-f687-kinder-tritthocker-tritt-schemel-kinderschemel-anti-rutsch-zweistufig-weiss-grau\/","title":{"rendered":"Dreambaby F687 Kinder-Tritthocker Tritt-Schemel Kinderschemel Anti-Rutsch, zweistufig, wei\u00df\/grau"},"content":{"rendered":"<p>ABMESSUNGEN: (ca.) 27cm hoch, (ca.) 33cm breit, (ca.) 36cm tief und belastbar bis 80kg<br \/>\nGEF\u00dcHL F\u00dcR UNABH\u00c4NGIGKEIT: Der Dreambaby Zweistufen-Tritthocker gibt Kindern ein Gef\u00fchl der Unabh\u00e4ngigkeit, indem er ihnen erm\u00f6glicht Bereiche zu erreichen, die noch etwas zu hoch sind. Mit der rutschfesten Unterseite und der sicheren griffigen Oberfl\u00e4che ist er f\u00fcr fast jeden Standort und Bodenbelag geeignet. Der Tritthocker ist perfekt, um das Waschbecken, die K\u00fcchentheken und viele andere Orte zu erreichen<br \/>\nSTABILIT\u00c4T: Mit rutschfesten Gummieinlagen unter allen vier Ecken unseres Tritthockers stellen Sie sicher, dass der Hocker beim Betreten nicht verrutscht. Mit strukturierten und kontrastfarbenen Gummieins\u00e4tzen, die bei jedem Schritt f\u00fcr maximalen Halt und Sicherheit sorgen<br \/>\nBPA-FREI &amp; GIFTFREIES PP: Die Verwendung von ungiftigem PP-Material, BPA-frei, macht ihn ungef\u00e4hrlich f\u00fcr Kinder.<br \/>\nEINFACHE REINIGUNG: Er ist leicht zu reinigen und kann mit einem warmen Lappen abgewischt werden.<br \/>\n<div class=\"main-cross-sell\" data-asin=\"B075KLR6SK\">\n\n\t<div class=\"WooZone-cross-sell-loader\">\n\t\t<div>\n\t\t\t<div id=\"floatingBarsG\">\n\t\t\t\t<div class=\"blockG\" id=\"rotateG_01\"><\/div>\n\t\t\t\t<div class=\"blockG\" id=\"rotateG_02\"><\/div>\n\t\t\t\t<div class=\"blockG\" id=\"rotateG_03\"><\/div>\n\t\t\t\t<div class=\"blockG\" id=\"rotateG_04\"><\/div>\n\t\t\t\t<div class=\"blockG\" id=\"rotateG_05\"><\/div>\n\t\t\t\t<div class=\"blockG\" id=\"rotateG_06\"><\/div>\n\t\t\t\t<div class=\"blockG\" id=\"rotateG_07\"><\/div>\n\t\t\t\t<div class=\"blockG\" id=\"rotateG_08\"><\/div>\n\t\t\t<\/div>\n\t\t\t<div class=\"WooZone-cross-sell-loader-text\"><\/div>\n\t\t<\/div>\n\t<\/div>\n\n\t\t\n<\/div>\n<div style=\"clear:both;\"><\/div><\/p>\n","protected":false},"excerpt":{"rendered":"<p>ABMESSUNGEN: (ca.) 27cm hoch, (ca.) 33cm breit, (ca.) 36cm tief und belastbar bis 80kg<br \/>\nGEF\u00dcHL F\u00dcR UNABH\u00c4NGIGKEIT: Der Dreambaby Zweistufen-Tritthocker gibt Kindern ein Gef\u00fchl der Unabh\u00e4ngigkeit, indem er ihnen erm\u00f6glicht Bereiche zu erreichen, die noch etwas zu hoch sind. Mit der rutschfesten Unterseite und der sicheren griffigen Oberfl\u00e4che ist er f\u00fcr fast jeden Standort und Bodenbelag geeignet. Der Tritthocker ist perfekt, um das Waschbecken, die K\u00fcchentheken und viele andere Orte zu erreichen<br \/>\nSTABILIT\u00c4T: Mit rutschfesten Gummieinlagen unter allen vier Ecken unseres Tritthockers stellen Sie sicher, dass der Hocker beim Betreten nicht verrutscht. Mit strukturierten und kontrastfarbenen Gummieins\u00e4tzen, die bei jedem Schritt f\u00fcr maximalen Halt und Sicherheit sorgen<\/p>\n","protected":false},"featured_media":50529,"comment_status":"open","ping_status":"closed","template":"","meta":[],"product_brand":[],"product_cat":[21,9437],"product_tag":[],"class_list":{"0":"post-50528","1":"product","2":"type-product","3":"status-publish","4":"has-post-thumbnail","6":"product_cat-baby","7":"product_cat-toepfchen-trittschemel-baby","8":"pa_binding-babyartikel","9":"pa_brand-dreambaby","10":"pa_color-grau","11":"pa_height-10-629921249-zoll","12":"pa_length-12-992125971-zoll","13":"pa_manufacturer-tee-zed-de","14":"pa_model-f687","15":"pa_size-1-stueck-1er-pack","16":"pa_width-13-779527545-zoll","18":"first","19":"instock","20":"shipping-taxable","21":"purchasable","22":"product-type-simple","23":"customify-col","24":"product-has-gallery"},"yoast_head":"<!-- This site is optimized with the Yoast SEO plugin v27.4 - https:\/\/yoast.com\/product\/yoast-seo-wordpress\/ -->\n<title>Dreambaby F687 Kinder-Tritthocker Tritt-Schemel Kinderschemel Anti-Rutsch, zweistufig, wei\u00df\/grau - Markt-XXL<\/title>\n<meta name=\"description\" content=\"Markt-XXL Dreambaby F687 Kinder-Tritthocker Tritt-Schemel Kinderschemel Anti-Rutsch, zweistufig, wei\u00df\/grau\" \/>\n<meta name=\"robots\" content=\"index, follow, max-snippet:-1, max-image-preview:large, max-video-preview:-1\" \/>\n<link rel=\"canonical\" href=\"https:\/\/marktxxl.de\/markt\/produkt\/dreambaby-f687-kinder-tritthocker-tritt-schemel-kinderschemel-anti-rutsch-zweistufig-weiss-grau\/\" \/>\n<meta property=\"og:locale\" content=\"de_DE\" \/>\n<meta property=\"og:type\" content=\"article\" \/>\n<meta property=\"og:title\" content=\"Dreambaby F687 Kinder-Tritthocker Tritt-Schemel Kinderschemel Anti-Rutsch, zweistufig, wei\u00df\/grau - Markt-XXL\" \/>\n<meta property=\"og:description\" content=\"Markt-XXL Dreambaby F687 Kinder-Tritthocker Tritt-Schemel Kinderschemel Anti-Rutsch, zweistufig, wei\u00df\/grau\" \/>\n<meta property=\"og:url\" content=\"https:\/\/marktxxl.de\/markt\/produkt\/dreambaby-f687-kinder-tritthocker-tritt-schemel-kinderschemel-anti-rutsch-zweistufig-weiss-grau\/\" \/>\n<meta property=\"og:site_name\" content=\"Markt-XXL\" \/>\n<meta property=\"article:modified_time\" content=\"2023-04-07T23:41:32+00:00\" \/>\n<meta property=\"og:image\" content=\"https:\/\/m.media-amazon.com\/images\/I\/31ho36QqYrL._SL500_.jpg\" \/>\n\t<meta property=\"og:image:width\" content=\"500\" \/>\n\t<meta property=\"og:image:height\" content=\"500\" \/>\n\t<meta property=\"og:image:type\" content=\"image\/jpeg\" \/>\n<meta name=\"twitter:card\" content=\"summary_large_image\" \/>\n<meta name=\"twitter:label1\" content=\"Gesch\u00e4tzte Lesezeit\" \/>\n\t<meta name=\"twitter:data1\" content=\"1\u00a0Minute\" \/>\n<script type=\"application\/ld+json\" class=\"yoast-schema-graph\">{\"@context\":\"https:\\\/\\\/schema.org\",\"@graph\":[{\"@type\":\"WebPage\",\"@id\":\"https:\\\/\\\/marktxxl.de\\\/markt\\\/produkt\\\/dreambaby-f687-kinder-tritthocker-tritt-schemel-kinderschemel-anti-rutsch-zweistufig-weiss-grau\\\/\",\"url\":\"https:\\\/\\\/marktxxl.de\\\/markt\\\/produkt\\\/dreambaby-f687-kinder-tritthocker-tritt-schemel-kinderschemel-anti-rutsch-zweistufig-weiss-grau\\\/\",\"name\":\"Dreambaby F687 Kinder-Tritthocker Tritt-Schemel Kinderschemel Anti-Rutsch, zweistufig, wei\u00df\\\/grau - Markt-XXL\",\"isPartOf\":{\"@id\":\"https:\\\/\\\/marktxxl.de\\\/markt\\\/#website\"},\"primaryImageOfPage\":{\"@id\":\"https:\\\/\\\/marktxxl.de\\\/markt\\\/produkt\\\/dreambaby-f687-kinder-tritthocker-tritt-schemel-kinderschemel-anti-rutsch-zweistufig-weiss-grau\\\/#primaryimage\"},\"image\":{\"@id\":\"https:\\\/\\\/marktxxl.de\\\/markt\\\/produkt\\\/dreambaby-f687-kinder-tritthocker-tritt-schemel-kinderschemel-anti-rutsch-zweistufig-weiss-grau\\\/#primaryimage\"},\"thumbnailUrl\":\"https:\\\/\\\/m.media-amazon.com\\\/images\\\/I\\\/31ho36QqYrL._SL500_.jpg\",\"datePublished\":\"2021-10-12T23:21:28+00:00\",\"dateModified\":\"2023-04-07T23:41:32+00:00\",\"description\":\"Markt-XXL Dreambaby F687 Kinder-Tritthocker Tritt-Schemel Kinderschemel Anti-Rutsch, zweistufig, wei\u00df\\\/grau\",\"breadcrumb\":{\"@id\":\"https:\\\/\\\/marktxxl.de\\\/markt\\\/produkt\\\/dreambaby-f687-kinder-tritthocker-tritt-schemel-kinderschemel-anti-rutsch-zweistufig-weiss-grau\\\/#breadcrumb\"},\"inLanguage\":\"de\",\"potentialAction\":[{\"@type\":\"ReadAction\",\"target\":[\"https:\\\/\\\/marktxxl.de\\\/markt\\\/produkt\\\/dreambaby-f687-kinder-tritthocker-tritt-schemel-kinderschemel-anti-rutsch-zweistufig-weiss-grau\\\/\"]}]},{\"@type\":\"ImageObject\",\"inLanguage\":\"de\",\"@id\":\"https:\\\/\\\/marktxxl.de\\\/markt\\\/produkt\\\/dreambaby-f687-kinder-tritthocker-tritt-schemel-kinderschemel-anti-rutsch-zweistufig-weiss-grau\\\/#primaryimage\",\"url\":\"https:\\\/\\\/m.media-amazon.com\\\/images\\\/I\\\/31ho36QqYrL._SL500_.jpg\",\"contentUrl\":\"https:\\\/\\\/m.media-amazon.com\\\/images\\\/I\\\/31ho36QqYrL._SL500_.jpg\",\"width\":500,\"height\":500},{\"@type\":\"BreadcrumbList\",\"@id\":\"https:\\\/\\\/marktxxl.de\\\/markt\\\/produkt\\\/dreambaby-f687-kinder-tritthocker-tritt-schemel-kinderschemel-anti-rutsch-zweistufig-weiss-grau\\\/#breadcrumb\",\"itemListElement\":[{\"@type\":\"ListItem\",\"position\":1,\"name\":\"Startseite\",\"item\":\"https:\\\/\\\/marktxxl.de\\\/markt\\\/\"},{\"@type\":\"ListItem\",\"position\":2,\"name\":\"Markt\",\"item\":\"https:\\\/\\\/marktxxl.de\\\/markt\\\/\"},{\"@type\":\"ListItem\",\"position\":3,\"name\":\"Dreambaby F687 Kinder-Tritthocker Tritt-Schemel Kinderschemel Anti-Rutsch, zweistufig, wei\u00df\\\/grau\"}]},{\"@type\":\"WebSite\",\"@id\":\"https:\\\/\\\/marktxxl.de\\\/markt\\\/#website\",\"url\":\"https:\\\/\\\/marktxxl.de\\\/markt\\\/\",\"name\":\"Markt-XXL\",\"description\":\"Ihr Markt Online\",\"publisher\":{\"@id\":\"https:\\\/\\\/marktxxl.de\\\/markt\\\/#organization\"},\"potentialAction\":[{\"@type\":\"SearchAction\",\"target\":{\"@type\":\"EntryPoint\",\"urlTemplate\":\"https:\\\/\\\/marktxxl.de\\\/markt\\\/?s={search_term_string}\"},\"query-input\":{\"@type\":\"PropertyValueSpecification\",\"valueRequired\":true,\"valueName\":\"search_term_string\"}}],\"inLanguage\":\"de\"},{\"@type\":\"Organization\",\"@id\":\"https:\\\/\\\/marktxxl.de\\\/markt\\\/#organization\",\"name\":\"Markt-XXL\",\"url\":\"https:\\\/\\\/marktxxl.de\\\/markt\\\/\",\"logo\":{\"@type\":\"ImageObject\",\"inLanguage\":\"de\",\"@id\":\"https:\\\/\\\/marktxxl.de\\\/markt\\\/#\\\/schema\\\/logo\\\/image\\\/\",\"url\":\"https:\\\/\\\/marktxxl.de\\\/markt\\\/wp-content\\\/uploads\\\/sites\\\/3\\\/2020\\\/12\\\/logo.png\",\"contentUrl\":\"https:\\\/\\\/marktxxl.de\\\/markt\\\/wp-content\\\/uploads\\\/sites\\\/3\\\/2020\\\/12\\\/logo.png\",\"width\":200,\"height\":70,\"caption\":\"Markt-XXL\"},\"image\":{\"@id\":\"https:\\\/\\\/marktxxl.de\\\/markt\\\/#\\\/schema\\\/logo\\\/image\\\/\"}}]}<\/script>\n<!-- \/ Yoast SEO plugin. -->","yoast_head_json":{"title":"Dreambaby F687 Kinder-Tritthocker Tritt-Schemel Kinderschemel Anti-Rutsch, zweistufig, wei\u00df\/grau - Markt-XXL","description":"Markt-XXL Dreambaby F687 Kinder-Tritthocker Tritt-Schemel Kinderschemel Anti-Rutsch, zweistufig, wei\u00df\/grau","robots":{"index":"index","follow":"follow","max-snippet":"max-snippet:-1","max-image-preview":"max-image-preview:large","max-video-preview":"max-video-preview:-1"},"canonical":"https:\/\/marktxxl.de\/markt\/produkt\/dreambaby-f687-kinder-tritthocker-tritt-schemel-kinderschemel-anti-rutsch-zweistufig-weiss-grau\/","og_locale":"de_DE","og_type":"article","og_title":"Dreambaby F687 Kinder-Tritthocker Tritt-Schemel Kinderschemel Anti-Rutsch, zweistufig, wei\u00df\/grau - Markt-XXL","og_description":"Markt-XXL Dreambaby F687 Kinder-Tritthocker Tritt-Schemel Kinderschemel Anti-Rutsch, zweistufig, wei\u00df\/grau","og_url":"https:\/\/marktxxl.de\/markt\/produkt\/dreambaby-f687-kinder-tritthocker-tritt-schemel-kinderschemel-anti-rutsch-zweistufig-weiss-grau\/","og_site_name":"Markt-XXL","article_modified_time":"2023-04-07T23:41:32+00:00","og_image":[{"width":500,"height":500,"url":"https:\/\/m.media-amazon.com\/images\/I\/31ho36QqYrL._SL500_.jpg","type":"image\/jpeg"}],"twitter_card":"summary_large_image","twitter_misc":{"Gesch\u00e4tzte Lesezeit":"1\u00a0Minute"},"schema":{"@context":"https:\/\/schema.org","@graph":[{"@type":"WebPage","@id":"https:\/\/marktxxl.de\/markt\/produkt\/dreambaby-f687-kinder-tritthocker-tritt-schemel-kinderschemel-anti-rutsch-zweistufig-weiss-grau\/","url":"https:\/\/marktxxl.de\/markt\/produkt\/dreambaby-f687-kinder-tritthocker-tritt-schemel-kinderschemel-anti-rutsch-zweistufig-weiss-grau\/","name":"Dreambaby F687 Kinder-Tritthocker Tritt-Schemel Kinderschemel Anti-Rutsch, zweistufig, wei\u00df\/grau - Markt-XXL","isPartOf":{"@id":"https:\/\/marktxxl.de\/markt\/#website"},"primaryImageOfPage":{"@id":"https:\/\/marktxxl.de\/markt\/produkt\/dreambaby-f687-kinder-tritthocker-tritt-schemel-kinderschemel-anti-rutsch-zweistufig-weiss-grau\/#primaryimage"},"image":{"@id":"https:\/\/marktxxl.de\/markt\/produkt\/dreambaby-f687-kinder-tritthocker-tritt-schemel-kinderschemel-anti-rutsch-zweistufig-weiss-grau\/#primaryimage"},"thumbnailUrl":"https:\/\/m.media-amazon.com\/images\/I\/31ho36QqYrL._SL500_.jpg","datePublished":"2021-10-12T23:21:28+00:00","dateModified":"2023-04-07T23:41:32+00:00","description":"Markt-XXL Dreambaby F687 Kinder-Tritthocker Tritt-Schemel Kinderschemel Anti-Rutsch, zweistufig, wei\u00df\/grau","breadcrumb":{"@id":"https:\/\/marktxxl.de\/markt\/produkt\/dreambaby-f687-kinder-tritthocker-tritt-schemel-kinderschemel-anti-rutsch-zweistufig-weiss-grau\/#breadcrumb"},"inLanguage":"de","potentialAction":[{"@type":"ReadAction","target":["https:\/\/marktxxl.de\/markt\/produkt\/dreambaby-f687-kinder-tritthocker-tritt-schemel-kinderschemel-anti-rutsch-zweistufig-weiss-grau\/"]}]},{"@type":"ImageObject","inLanguage":"de","@id":"https:\/\/marktxxl.de\/markt\/produkt\/dreambaby-f687-kinder-tritthocker-tritt-schemel-kinderschemel-anti-rutsch-zweistufig-weiss-grau\/#primaryimage","url":"https:\/\/m.media-amazon.com\/images\/I\/31ho36QqYrL._SL500_.jpg","contentUrl":"https:\/\/m.media-amazon.com\/images\/I\/31ho36QqYrL._SL500_.jpg","width":500,"height":500},{"@type":"BreadcrumbList","@id":"https:\/\/marktxxl.de\/markt\/produkt\/dreambaby-f687-kinder-tritthocker-tritt-schemel-kinderschemel-anti-rutsch-zweistufig-weiss-grau\/#breadcrumb","itemListElement":[{"@type":"ListItem","position":1,"name":"Startseite","item":"https:\/\/marktxxl.de\/markt\/"},{"@type":"ListItem","position":2,"name":"Markt","item":"https:\/\/marktxxl.de\/markt\/"},{"@type":"ListItem","position":3,"name":"Dreambaby F687 Kinder-Tritthocker Tritt-Schemel Kinderschemel Anti-Rutsch, zweistufig, wei\u00df\/grau"}]},{"@type":"WebSite","@id":"https:\/\/marktxxl.de\/markt\/#website","url":"https:\/\/marktxxl.de\/markt\/","name":"Markt-XXL","description":"Ihr Markt Online","publisher":{"@id":"https:\/\/marktxxl.de\/markt\/#organization"},"potentialAction":[{"@type":"SearchAction","target":{"@type":"EntryPoint","urlTemplate":"https:\/\/marktxxl.de\/markt\/?s={search_term_string}"},"query-input":{"@type":"PropertyValueSpecification","valueRequired":true,"valueName":"search_term_string"}}],"inLanguage":"de"},{"@type":"Organization","@id":"https:\/\/marktxxl.de\/markt\/#organization","name":"Markt-XXL","url":"https:\/\/marktxxl.de\/markt\/","logo":{"@type":"ImageObject","inLanguage":"de","@id":"https:\/\/marktxxl.de\/markt\/#\/schema\/logo\/image\/","url":"https:\/\/marktxxl.de\/markt\/wp-content\/uploads\/sites\/3\/2020\/12\/logo.png","contentUrl":"https:\/\/marktxxl.de\/markt\/wp-content\/uploads\/sites\/3\/2020\/12\/logo.png","width":200,"height":70,"caption":"Markt-XXL"},"image":{"@id":"https:\/\/marktxxl.de\/markt\/#\/schema\/logo\/image\/"}}]}},"_links":{"self":[{"href":"https:\/\/marktxxl.de\/markt\/wp-json\/wp\/v2\/product\/50528","targetHints":{"allow":["GET"]}}],"collection":[{"href":"https:\/\/marktxxl.de\/markt\/wp-json\/wp\/v2\/product"}],"about":[{"href":"https:\/\/marktxxl.de\/markt\/wp-json\/wp\/v2\/types\/product"}],"replies":[{"embeddable":true,"href":"https:\/\/marktxxl.de\/markt\/wp-json\/wp\/v2\/comments?post=50528"}],"wp:featuredmedia":[{"embeddable":true,"href":"https:\/\/marktxxl.de\/markt\/wp-json\/wp\/v2\/media\/50529"}],"wp:attachment":[{"href":"https:\/\/marktxxl.de\/markt\/wp-json\/wp\/v2\/media?parent=50528"}],"wp:term":[{"taxonomy":"product_brand","embeddable":true,"href":"https:\/\/marktxxl.de\/markt\/wp-json\/wp\/v2\/product_brand?post=50528"},{"taxonomy":"product_cat","embeddable":true,"href":"https:\/\/marktxxl.de\/markt\/wp-json\/wp\/v2\/product_cat?post=50528"},{"taxonomy":"product_tag","embeddable":true,"href":"https:\/\/marktxxl.de\/markt\/wp-json\/wp\/v2\/product_tag?post=50528"}],"curies":[{"name":"wp","href":"https:\/\/api.w.org\/{rel}","templated":true}]}}