{"id":50506,"date":"2021-10-13T01:21:24","date_gmt":"2021-10-12T23:21:24","guid":{"rendered":"https:\/\/marktxxl.de\/markt\/produkt\/kindred-bravely-emmaline-umstands-und-stillmantel-krankenhaustasche\/"},"modified":"2023-04-08T01:41:31","modified_gmt":"2023-04-07T23:41:31","slug":"kindred-bravely-emmaline-umstands-und-stillmantel-krankenhaustasche","status":"publish","type":"product","link":"https:\/\/marktxxl.de\/markt\/produkt\/kindred-bravely-emmaline-umstands-und-stillmantel-krankenhaustasche\/","title":{"rendered":"Kindred Bravely Emmaline Umstands- und Stillmantel, Krankenhaustasche"},"content":{"rendered":"<p>Vielseitiges Design \u2013 Dieser Schwangerschaftsmantel ist perfekt f\u00fcr das Aufwachen am fr\u00fchen Morgen und Stillen. Zwei Gurtpositionen erm\u00f6glichen es, ihn in allen Phasen der Mutterschaft zu tragen: Schwangerschaft, nach der Geburt und dar\u00fcber hinaus<br \/>\nLeicht und bequem \u2013 der leichte Stoff macht diesen Umstandsmantel zu einem gro\u00dfartigen Ganzjahresvertuschung zum Entspannen, Stillen in der Nacht oder Postpartale Fotos.<br \/>\nIdeal zum Kombinieren \u2013 der ultraweiche Strickstoff und die Satin-Bord\u00fcre passen perfekt zu Ihren Lieblings-Nachtw\u00e4sche-Sets von Kindred Bravely.<br \/>\nEntworfen von M\u00fcttern f\u00fcr M\u00fctter \u2013 die 3\/4-\u00c4rmel sorgen daf\u00fcr, dass Sie gem\u00fctlich bleiben, ohne das t\u00e4gliche Leben der Mutter zu beeintr\u00e4chtigen. Au\u00dferdem verf\u00fcgen diese Badem\u00e4ntel \u00fcber ultra-tiefe Taschen, um alle wichtigen Dinge aufzubewahren \u2013 Handy, Brustpolster und vieles mehr<br \/>\nErh\u00e4ltlich in drei Gr\u00f6\u00dfen: S\/M, L\/XL und XXL\/XXXL. Verwenden Sie die allgemeine Gr\u00f6\u00dfentabelle als Ausgangspunkt; die individuelle Passform kann variieren. Um die beste Passform zu einem Zeitpunkt des Kauf, verwenden Sie Ihre aktuellen Ma\u00dfe. Wenn Sie schwanger sind, ignorieren Sie die Taillenmessung und w\u00e4hlen Sie Ihre Gr\u00f6\u00dfe basierend auf bustigen und H\u00fcftma\u00dfen.<br \/>\n<div class=\"main-cross-sell\" data-asin=\"B07V591NQ2\">\n\n\t<div class=\"WooZone-cross-sell-loader\">\n\t\t<div>\n\t\t\t<div id=\"floatingBarsG\">\n\t\t\t\t<div class=\"blockG\" id=\"rotateG_01\"><\/div>\n\t\t\t\t<div class=\"blockG\" id=\"rotateG_02\"><\/div>\n\t\t\t\t<div class=\"blockG\" id=\"rotateG_03\"><\/div>\n\t\t\t\t<div class=\"blockG\" id=\"rotateG_04\"><\/div>\n\t\t\t\t<div class=\"blockG\" id=\"rotateG_05\"><\/div>\n\t\t\t\t<div class=\"blockG\" id=\"rotateG_06\"><\/div>\n\t\t\t\t<div class=\"blockG\" id=\"rotateG_07\"><\/div>\n\t\t\t\t<div class=\"blockG\" id=\"rotateG_08\"><\/div>\n\t\t\t<\/div>\n\t\t\t<div class=\"WooZone-cross-sell-loader-text\"><\/div>\n\t\t<\/div>\n\t<\/div>\n\n\t\t\n<\/div>\n<div style=\"clear:both;\"><\/div><\/p>\n","protected":false},"excerpt":{"rendered":"<p>Vielseitiges Design \u2013 Dieser Schwangerschaftsmantel ist perfekt f\u00fcr das Aufwachen am fr\u00fchen Morgen und Stillen. Zwei Gurtpositionen erm\u00f6glichen es, ihn in allen Phasen der Mutterschaft zu tragen: Schwangerschaft, nach der Geburt und dar\u00fcber hinaus<br \/>\nLeicht und bequem \u2013 der leichte Stoff macht diesen Umstandsmantel zu einem gro\u00dfartigen Ganzjahresvertuschung zum Entspannen, Stillen in der Nacht oder Postpartale Fotos.<br \/>\nIdeal zum Kombinieren \u2013 der ultraweiche Strickstoff und die Satin-Bord\u00fcre passen perfekt zu Ihren Lieblings-Nachtw\u00e4sche-Sets von Kindred Bravely.<\/p>\n","protected":false},"featured_media":50512,"comment_status":"open","ping_status":"closed","template":"","meta":[],"product_brand":[],"product_cat":[21,9478],"product_tag":[],"class_list":{"0":"post-50506","1":"product","2":"type-product","3":"status-publish","4":"has-post-thumbnail","6":"product_cat-baby","7":"product_cat-umstandskleidung-baby","8":"pa_binding-textilien","9":"pa_brand-kindred-bravely","10":"pa_farbe-grau","11":"pa_farbe-schwarz","12":"pa_groesse-l-xl","13":"pa_groesse-s-m","14":"pa_groesse-xxl-3xl","15":"pa_height-0-5-zoll","16":"pa_length-13-zoll","17":"pa_model-kb-mrobe","18":"pa_weight-0-05-pfund","19":"pa_width-10-zoll","21":"first","22":"instock","23":"shipping-taxable","24":"purchasable","25":"product-type-variable","26":"customify-col","27":"product-has-gallery"},"yoast_head":"<!-- This site is optimized with the Yoast SEO plugin v27.3 - https:\/\/yoast.com\/product\/yoast-seo-wordpress\/ -->\n<title>Kindred Bravely Emmaline Umstands- und Stillmantel, Krankenhaustasche - Markt-XXL<\/title>\n<meta name=\"description\" content=\"Markt-XXL Kindred Bravely Emmaline Umstands- und Stillmantel, Krankenhaustasche\" \/>\n<meta name=\"robots\" content=\"index, follow, max-snippet:-1, max-image-preview:large, max-video-preview:-1\" \/>\n<link rel=\"canonical\" href=\"https:\/\/marktxxl.de\/markt\/produkt\/kindred-bravely-emmaline-umstands-und-stillmantel-krankenhaustasche\/\" \/>\n<meta property=\"og:locale\" content=\"de_DE\" \/>\n<meta property=\"og:type\" content=\"article\" \/>\n<meta property=\"og:title\" content=\"Kindred Bravely Emmaline Umstands- und Stillmantel, Krankenhaustasche - Markt-XXL\" \/>\n<meta property=\"og:description\" content=\"Markt-XXL Kindred Bravely Emmaline Umstands- und Stillmantel, Krankenhaustasche\" \/>\n<meta property=\"og:url\" content=\"https:\/\/marktxxl.de\/markt\/produkt\/kindred-bravely-emmaline-umstands-und-stillmantel-krankenhaustasche\/\" \/>\n<meta property=\"og:site_name\" content=\"Markt-XXL\" \/>\n<meta property=\"article:modified_time\" content=\"2023-04-07T23:41:31+00:00\" \/>\n<meta property=\"og:image\" content=\"https:\/\/m.media-amazon.com\/images\/I\/41tH+MNRoDL._SL500_.jpg\" \/>\n\t<meta property=\"og:image:width\" content=\"400\" \/>\n\t<meta property=\"og:image:height\" content=\"500\" \/>\n\t<meta property=\"og:image:type\" content=\"image\/jpeg\" \/>\n<meta name=\"twitter:card\" content=\"summary_large_image\" \/>\n<meta name=\"twitter:label1\" content=\"Gesch\u00e4tzte Lesezeit\" \/>\n\t<meta name=\"twitter:data1\" content=\"1\u00a0Minute\" \/>\n<script type=\"application\/ld+json\" class=\"yoast-schema-graph\">{\"@context\":\"https:\\\/\\\/schema.org\",\"@graph\":[{\"@type\":\"WebPage\",\"@id\":\"https:\\\/\\\/marktxxl.de\\\/markt\\\/produkt\\\/kindred-bravely-emmaline-umstands-und-stillmantel-krankenhaustasche\\\/\",\"url\":\"https:\\\/\\\/marktxxl.de\\\/markt\\\/produkt\\\/kindred-bravely-emmaline-umstands-und-stillmantel-krankenhaustasche\\\/\",\"name\":\"Kindred Bravely Emmaline Umstands- und Stillmantel, Krankenhaustasche - Markt-XXL\",\"isPartOf\":{\"@id\":\"https:\\\/\\\/marktxxl.de\\\/markt\\\/#website\"},\"primaryImageOfPage\":{\"@id\":\"https:\\\/\\\/marktxxl.de\\\/markt\\\/produkt\\\/kindred-bravely-emmaline-umstands-und-stillmantel-krankenhaustasche\\\/#primaryimage\"},\"image\":{\"@id\":\"https:\\\/\\\/marktxxl.de\\\/markt\\\/produkt\\\/kindred-bravely-emmaline-umstands-und-stillmantel-krankenhaustasche\\\/#primaryimage\"},\"thumbnailUrl\":\"https:\\\/\\\/m.media-amazon.com\\\/images\\\/I\\\/41tH+MNRoDL._SL500_.jpg\",\"datePublished\":\"2021-10-12T23:21:24+00:00\",\"dateModified\":\"2023-04-07T23:41:31+00:00\",\"description\":\"Markt-XXL Kindred Bravely Emmaline Umstands- und Stillmantel, Krankenhaustasche\",\"breadcrumb\":{\"@id\":\"https:\\\/\\\/marktxxl.de\\\/markt\\\/produkt\\\/kindred-bravely-emmaline-umstands-und-stillmantel-krankenhaustasche\\\/#breadcrumb\"},\"inLanguage\":\"de\",\"potentialAction\":[{\"@type\":\"ReadAction\",\"target\":[\"https:\\\/\\\/marktxxl.de\\\/markt\\\/produkt\\\/kindred-bravely-emmaline-umstands-und-stillmantel-krankenhaustasche\\\/\"]}]},{\"@type\":\"ImageObject\",\"inLanguage\":\"de\",\"@id\":\"https:\\\/\\\/marktxxl.de\\\/markt\\\/produkt\\\/kindred-bravely-emmaline-umstands-und-stillmantel-krankenhaustasche\\\/#primaryimage\",\"url\":\"https:\\\/\\\/m.media-amazon.com\\\/images\\\/I\\\/41tH+MNRoDL._SL500_.jpg\",\"contentUrl\":\"https:\\\/\\\/m.media-amazon.com\\\/images\\\/I\\\/41tH+MNRoDL._SL500_.jpg\",\"width\":400,\"height\":500},{\"@type\":\"BreadcrumbList\",\"@id\":\"https:\\\/\\\/marktxxl.de\\\/markt\\\/produkt\\\/kindred-bravely-emmaline-umstands-und-stillmantel-krankenhaustasche\\\/#breadcrumb\",\"itemListElement\":[{\"@type\":\"ListItem\",\"position\":1,\"name\":\"Startseite\",\"item\":\"https:\\\/\\\/marktxxl.de\\\/markt\\\/\"},{\"@type\":\"ListItem\",\"position\":2,\"name\":\"Markt\",\"item\":\"https:\\\/\\\/marktxxl.de\\\/markt\\\/\"},{\"@type\":\"ListItem\",\"position\":3,\"name\":\"Kindred Bravely Emmaline Umstands- und Stillmantel, Krankenhaustasche\"}]},{\"@type\":\"WebSite\",\"@id\":\"https:\\\/\\\/marktxxl.de\\\/markt\\\/#website\",\"url\":\"https:\\\/\\\/marktxxl.de\\\/markt\\\/\",\"name\":\"Markt-XXL\",\"description\":\"Ihr Markt Online\",\"publisher\":{\"@id\":\"https:\\\/\\\/marktxxl.de\\\/markt\\\/#organization\"},\"potentialAction\":[{\"@type\":\"SearchAction\",\"target\":{\"@type\":\"EntryPoint\",\"urlTemplate\":\"https:\\\/\\\/marktxxl.de\\\/markt\\\/?s={search_term_string}\"},\"query-input\":{\"@type\":\"PropertyValueSpecification\",\"valueRequired\":true,\"valueName\":\"search_term_string\"}}],\"inLanguage\":\"de\"},{\"@type\":\"Organization\",\"@id\":\"https:\\\/\\\/marktxxl.de\\\/markt\\\/#organization\",\"name\":\"Markt-XXL\",\"url\":\"https:\\\/\\\/marktxxl.de\\\/markt\\\/\",\"logo\":{\"@type\":\"ImageObject\",\"inLanguage\":\"de\",\"@id\":\"https:\\\/\\\/marktxxl.de\\\/markt\\\/#\\\/schema\\\/logo\\\/image\\\/\",\"url\":\"https:\\\/\\\/marktxxl.de\\\/markt\\\/wp-content\\\/uploads\\\/sites\\\/3\\\/2020\\\/12\\\/logo.png\",\"contentUrl\":\"https:\\\/\\\/marktxxl.de\\\/markt\\\/wp-content\\\/uploads\\\/sites\\\/3\\\/2020\\\/12\\\/logo.png\",\"width\":200,\"height\":70,\"caption\":\"Markt-XXL\"},\"image\":{\"@id\":\"https:\\\/\\\/marktxxl.de\\\/markt\\\/#\\\/schema\\\/logo\\\/image\\\/\"}}]}<\/script>\n<!-- \/ Yoast SEO plugin. -->","yoast_head_json":{"title":"Kindred Bravely Emmaline Umstands- und Stillmantel, Krankenhaustasche - Markt-XXL","description":"Markt-XXL Kindred Bravely Emmaline Umstands- und Stillmantel, Krankenhaustasche","robots":{"index":"index","follow":"follow","max-snippet":"max-snippet:-1","max-image-preview":"max-image-preview:large","max-video-preview":"max-video-preview:-1"},"canonical":"https:\/\/marktxxl.de\/markt\/produkt\/kindred-bravely-emmaline-umstands-und-stillmantel-krankenhaustasche\/","og_locale":"de_DE","og_type":"article","og_title":"Kindred Bravely Emmaline Umstands- und Stillmantel, Krankenhaustasche - Markt-XXL","og_description":"Markt-XXL Kindred Bravely Emmaline Umstands- und Stillmantel, Krankenhaustasche","og_url":"https:\/\/marktxxl.de\/markt\/produkt\/kindred-bravely-emmaline-umstands-und-stillmantel-krankenhaustasche\/","og_site_name":"Markt-XXL","article_modified_time":"2023-04-07T23:41:31+00:00","og_image":[{"width":400,"height":500,"url":"https:\/\/m.media-amazon.com\/images\/I\/41tH+MNRoDL._SL500_.jpg","type":"image\/jpeg"}],"twitter_card":"summary_large_image","twitter_misc":{"Gesch\u00e4tzte Lesezeit":"1\u00a0Minute"},"schema":{"@context":"https:\/\/schema.org","@graph":[{"@type":"WebPage","@id":"https:\/\/marktxxl.de\/markt\/produkt\/kindred-bravely-emmaline-umstands-und-stillmantel-krankenhaustasche\/","url":"https:\/\/marktxxl.de\/markt\/produkt\/kindred-bravely-emmaline-umstands-und-stillmantel-krankenhaustasche\/","name":"Kindred Bravely Emmaline Umstands- und Stillmantel, Krankenhaustasche - Markt-XXL","isPartOf":{"@id":"https:\/\/marktxxl.de\/markt\/#website"},"primaryImageOfPage":{"@id":"https:\/\/marktxxl.de\/markt\/produkt\/kindred-bravely-emmaline-umstands-und-stillmantel-krankenhaustasche\/#primaryimage"},"image":{"@id":"https:\/\/marktxxl.de\/markt\/produkt\/kindred-bravely-emmaline-umstands-und-stillmantel-krankenhaustasche\/#primaryimage"},"thumbnailUrl":"https:\/\/m.media-amazon.com\/images\/I\/41tH+MNRoDL._SL500_.jpg","datePublished":"2021-10-12T23:21:24+00:00","dateModified":"2023-04-07T23:41:31+00:00","description":"Markt-XXL Kindred Bravely Emmaline Umstands- und Stillmantel, Krankenhaustasche","breadcrumb":{"@id":"https:\/\/marktxxl.de\/markt\/produkt\/kindred-bravely-emmaline-umstands-und-stillmantel-krankenhaustasche\/#breadcrumb"},"inLanguage":"de","potentialAction":[{"@type":"ReadAction","target":["https:\/\/marktxxl.de\/markt\/produkt\/kindred-bravely-emmaline-umstands-und-stillmantel-krankenhaustasche\/"]}]},{"@type":"ImageObject","inLanguage":"de","@id":"https:\/\/marktxxl.de\/markt\/produkt\/kindred-bravely-emmaline-umstands-und-stillmantel-krankenhaustasche\/#primaryimage","url":"https:\/\/m.media-amazon.com\/images\/I\/41tH+MNRoDL._SL500_.jpg","contentUrl":"https:\/\/m.media-amazon.com\/images\/I\/41tH+MNRoDL._SL500_.jpg","width":400,"height":500},{"@type":"BreadcrumbList","@id":"https:\/\/marktxxl.de\/markt\/produkt\/kindred-bravely-emmaline-umstands-und-stillmantel-krankenhaustasche\/#breadcrumb","itemListElement":[{"@type":"ListItem","position":1,"name":"Startseite","item":"https:\/\/marktxxl.de\/markt\/"},{"@type":"ListItem","position":2,"name":"Markt","item":"https:\/\/marktxxl.de\/markt\/"},{"@type":"ListItem","position":3,"name":"Kindred Bravely Emmaline Umstands- und Stillmantel, Krankenhaustasche"}]},{"@type":"WebSite","@id":"https:\/\/marktxxl.de\/markt\/#website","url":"https:\/\/marktxxl.de\/markt\/","name":"Markt-XXL","description":"Ihr Markt Online","publisher":{"@id":"https:\/\/marktxxl.de\/markt\/#organization"},"potentialAction":[{"@type":"SearchAction","target":{"@type":"EntryPoint","urlTemplate":"https:\/\/marktxxl.de\/markt\/?s={search_term_string}"},"query-input":{"@type":"PropertyValueSpecification","valueRequired":true,"valueName":"search_term_string"}}],"inLanguage":"de"},{"@type":"Organization","@id":"https:\/\/marktxxl.de\/markt\/#organization","name":"Markt-XXL","url":"https:\/\/marktxxl.de\/markt\/","logo":{"@type":"ImageObject","inLanguage":"de","@id":"https:\/\/marktxxl.de\/markt\/#\/schema\/logo\/image\/","url":"https:\/\/marktxxl.de\/markt\/wp-content\/uploads\/sites\/3\/2020\/12\/logo.png","contentUrl":"https:\/\/marktxxl.de\/markt\/wp-content\/uploads\/sites\/3\/2020\/12\/logo.png","width":200,"height":70,"caption":"Markt-XXL"},"image":{"@id":"https:\/\/marktxxl.de\/markt\/#\/schema\/logo\/image\/"}}]}},"_links":{"self":[{"href":"https:\/\/marktxxl.de\/markt\/wp-json\/wp\/v2\/product\/50506","targetHints":{"allow":["GET"]}}],"collection":[{"href":"https:\/\/marktxxl.de\/markt\/wp-json\/wp\/v2\/product"}],"about":[{"href":"https:\/\/marktxxl.de\/markt\/wp-json\/wp\/v2\/types\/product"}],"replies":[{"embeddable":true,"href":"https:\/\/marktxxl.de\/markt\/wp-json\/wp\/v2\/comments?post=50506"}],"wp:featuredmedia":[{"embeddable":true,"href":"https:\/\/marktxxl.de\/markt\/wp-json\/wp\/v2\/media\/50512"}],"wp:attachment":[{"href":"https:\/\/marktxxl.de\/markt\/wp-json\/wp\/v2\/media?parent=50506"}],"wp:term":[{"taxonomy":"product_brand","embeddable":true,"href":"https:\/\/marktxxl.de\/markt\/wp-json\/wp\/v2\/product_brand?post=50506"},{"taxonomy":"product_cat","embeddable":true,"href":"https:\/\/marktxxl.de\/markt\/wp-json\/wp\/v2\/product_cat?post=50506"},{"taxonomy":"product_tag","embeddable":true,"href":"https:\/\/marktxxl.de\/markt\/wp-json\/wp\/v2\/product_tag?post=50506"}],"curies":[{"name":"wp","href":"https:\/\/api.w.org\/{rel}","templated":true}]}}