{"id":50483,"date":"2021-10-13T01:21:21","date_gmt":"2021-10-12T23:21:21","guid":{"rendered":"https:\/\/marktxxl.de\/markt\/produkt\/ekouaer-umstandsmantel-3-in-1-stillmantel-krankenhauskleid-bademaentel\/"},"modified":"2023-04-08T01:41:31","modified_gmt":"2023-04-07T23:41:31","slug":"ekouaer-umstandsmantel-3-in-1-stillmantel-krankenhauskleid-bademaentel","status":"publish","type":"product","link":"https:\/\/marktxxl.de\/markt\/produkt\/ekouaer-umstandsmantel-3-in-1-stillmantel-krankenhauskleid-bademaentel\/","title":{"rendered":"Ekouaer Schwangerschaftsmantel 3-in-1 Arbeitslieferung Stillkleid Krankenhaus Stillen Kleid Badem\u00e4ntel, Hellblau, Large"},"content":{"rendered":"<p>Umstandsarbeit Krankenhaus Nursing Robe. Wickeln Sie sich stilvoll in der Schwangerschaft und dar\u00fcber hinaus. Vergessen Sie nicht, diesen fabelhaften Bademantel in Ihre Krankenhaustasche zu packen. Legen Sie es f\u00fcr die ersten Bilder mit Ihrem neuen Baby an und erhalten Sie Ihre Besucher mit Stil und Komfort<br \/>\nDieser Umstands- und Stillmantel ist aus weichem und bequemem Stoff hergestellt, geeignet zum Stillen und Mutterschaft und perfekt f\u00fcr das Krankenhaus und w\u00e4hrend der Mitternachtsstillung<br \/>\nDas Schwangerschaftskleid mit 3\/4-\u00c4rmeln sorgt daf\u00fcr, dass Sie sich gem\u00fctlich f\u00fchlen, ohne das t\u00e4gliche Leben der Mutter zu st\u00f6ren. Au\u00dferdem verf\u00fcgen diese Badem\u00e4ntel \u00fcber ultra-tiefe Taschen, um alle wichtigen Dinge aufzubewahren \u2013 Smartphone, Stilleinlagen und vieles mehr<br \/>\nLockere Passform kann Ihren Bauch von der Fr\u00fchschwangerschaft bis zur Geburt gut bedecken, perfekte Robe f\u00fcr das Krankenhaus<br \/>\nEin angen\u00e4hter G\u00fcrtel hilft bei der einfachen Gr\u00f6\u00dfenanpassung von einer Bauchbauch zu einer stillenden Mutter und erm\u00f6glicht gro\u00dfz\u00fcgige \u00c4nderungen von der Schwangerschaft zu Lieferung zu postnatalen Tagen (und N\u00e4chte)<br \/>\n<div class=\"main-cross-sell\" data-asin=\"B07SRQZKBK\">\n\n\t<div class=\"WooZone-cross-sell-loader\">\n\t\t<div>\n\t\t\t<div id=\"floatingBarsG\">\n\t\t\t\t<div class=\"blockG\" id=\"rotateG_01\"><\/div>\n\t\t\t\t<div class=\"blockG\" id=\"rotateG_02\"><\/div>\n\t\t\t\t<div class=\"blockG\" id=\"rotateG_03\"><\/div>\n\t\t\t\t<div class=\"blockG\" id=\"rotateG_04\"><\/div>\n\t\t\t\t<div class=\"blockG\" id=\"rotateG_05\"><\/div>\n\t\t\t\t<div class=\"blockG\" id=\"rotateG_06\"><\/div>\n\t\t\t\t<div class=\"blockG\" id=\"rotateG_07\"><\/div>\n\t\t\t\t<div class=\"blockG\" id=\"rotateG_08\"><\/div>\n\t\t\t<\/div>\n\t\t\t<div class=\"WooZone-cross-sell-loader-text\"><\/div>\n\t\t<\/div>\n\t<\/div>\n\n\t\t\n<\/div>\n<div style=\"clear:both;\"><\/div><\/p>\n","protected":false},"excerpt":{"rendered":"<p>Umstandsarbeit Krankenhaus Nursing Robe. Wickeln Sie sich stilvoll in der Schwangerschaft und dar\u00fcber hinaus. Vergessen Sie nicht, diesen fabelhaften Bademantel in Ihre Krankenhaustasche zu packen. Legen Sie es f\u00fcr die ersten Bilder mit Ihrem neuen Baby an und erhalten Sie Ihre Besucher mit Stil und Komfort<br \/>\nDieser Umstands- und Stillmantel ist aus weichem und bequemem Stoff hergestellt, geeignet zum Stillen und Mutterschaft und perfekt f\u00fcr das Krankenhaus und w\u00e4hrend der Mitternachtsstillung<br \/>\nDas Schwangerschaftskleid mit 3\/4-\u00c4rmeln sorgt daf\u00fcr, dass Sie sich gem\u00fctlich f\u00fchlen, ohne das t\u00e4gliche Leben der Mutter zu st\u00f6ren. Au\u00dferdem verf\u00fcgen diese Badem\u00e4ntel \u00fcber ultra-tiefe Taschen, um alle wichtigen Dinge aufzubewahren \u2013 Smartphone, Stilleinlagen und vieles mehr<\/p>\n","protected":false},"featured_media":50484,"comment_status":"open","ping_status":"closed","template":"","meta":[],"product_brand":[],"product_cat":[21,9478],"product_tag":[],"class_list":{"0":"post-50483","1":"product","2":"type-product","3":"status-publish","4":"has-post-thumbnail","6":"product_cat-baby","7":"product_cat-umstandskleidung-baby","8":"pa_binding-textilien","9":"pa_brand-ekouaer","10":"pa_manufacturer-ekouaer","11":"pa_model-ekk009872","13":"first","14":"instock","15":"shipping-taxable","16":"purchasable","17":"product-type-simple","18":"customify-col","19":"product-has-gallery"},"yoast_head":"<!-- This site is optimized with the Yoast SEO plugin v27.3 - https:\/\/yoast.com\/product\/yoast-seo-wordpress\/ -->\n<title>Ekouaer Schwangerschaftsmantel 3-in-1 Arbeitslieferung Stillkleid Krankenhaus Stillen Kleid Badem\u00e4ntel, Hellblau, Large - Markt-XXL<\/title>\n<meta name=\"description\" content=\"Markt-XXL Ekouaer Schwangerschaftsmantel 3-in-1 Arbeitslieferung Stillkleid Krankenhaus Stillen Kleid Badem\u00e4ntel, Hellblau, Large\" \/>\n<meta name=\"robots\" content=\"index, follow, max-snippet:-1, max-image-preview:large, max-video-preview:-1\" \/>\n<link rel=\"canonical\" href=\"https:\/\/marktxxl.de\/markt\/produkt\/ekouaer-umstandsmantel-3-in-1-stillmantel-krankenhauskleid-bademaentel\/\" \/>\n<meta property=\"og:locale\" content=\"de_DE\" \/>\n<meta property=\"og:type\" content=\"article\" \/>\n<meta property=\"og:title\" content=\"Ekouaer Schwangerschaftsmantel 3-in-1 Arbeitslieferung Stillkleid Krankenhaus Stillen Kleid Badem\u00e4ntel, Hellblau, Large - Markt-XXL\" \/>\n<meta property=\"og:description\" content=\"Markt-XXL Ekouaer Schwangerschaftsmantel 3-in-1 Arbeitslieferung Stillkleid Krankenhaus Stillen Kleid Badem\u00e4ntel, Hellblau, Large\" \/>\n<meta property=\"og:url\" content=\"https:\/\/marktxxl.de\/markt\/produkt\/ekouaer-umstandsmantel-3-in-1-stillmantel-krankenhauskleid-bademaentel\/\" \/>\n<meta property=\"og:site_name\" content=\"Markt-XXL\" \/>\n<meta property=\"article:modified_time\" content=\"2023-04-07T23:41:31+00:00\" \/>\n<meta property=\"og:image\" content=\"https:\/\/m.media-amazon.com\/images\/I\/41rFstFP5mL._SL500_.jpg\" \/>\n\t<meta property=\"og:image:width\" content=\"500\" \/>\n\t<meta property=\"og:image:height\" content=\"500\" \/>\n\t<meta property=\"og:image:type\" content=\"image\/jpeg\" \/>\n<meta name=\"twitter:card\" content=\"summary_large_image\" \/>\n<meta name=\"twitter:label1\" content=\"Gesch\u00e4tzte Lesezeit\" \/>\n\t<meta name=\"twitter:data1\" content=\"1\u00a0Minute\" \/>\n<script type=\"application\/ld+json\" class=\"yoast-schema-graph\">{\"@context\":\"https:\\\/\\\/schema.org\",\"@graph\":[{\"@type\":\"WebPage\",\"@id\":\"https:\\\/\\\/marktxxl.de\\\/markt\\\/produkt\\\/ekouaer-umstandsmantel-3-in-1-stillmantel-krankenhauskleid-bademaentel\\\/\",\"url\":\"https:\\\/\\\/marktxxl.de\\\/markt\\\/produkt\\\/ekouaer-umstandsmantel-3-in-1-stillmantel-krankenhauskleid-bademaentel\\\/\",\"name\":\"Ekouaer Schwangerschaftsmantel 3-in-1 Arbeitslieferung Stillkleid Krankenhaus Stillen Kleid Badem\u00e4ntel, Hellblau, Large - Markt-XXL\",\"isPartOf\":{\"@id\":\"https:\\\/\\\/marktxxl.de\\\/markt\\\/#website\"},\"primaryImageOfPage\":{\"@id\":\"https:\\\/\\\/marktxxl.de\\\/markt\\\/produkt\\\/ekouaer-umstandsmantel-3-in-1-stillmantel-krankenhauskleid-bademaentel\\\/#primaryimage\"},\"image\":{\"@id\":\"https:\\\/\\\/marktxxl.de\\\/markt\\\/produkt\\\/ekouaer-umstandsmantel-3-in-1-stillmantel-krankenhauskleid-bademaentel\\\/#primaryimage\"},\"thumbnailUrl\":\"https:\\\/\\\/m.media-amazon.com\\\/images\\\/I\\\/41rFstFP5mL._SL500_.jpg\",\"datePublished\":\"2021-10-12T23:21:21+00:00\",\"dateModified\":\"2023-04-07T23:41:31+00:00\",\"description\":\"Markt-XXL Ekouaer Schwangerschaftsmantel 3-in-1 Arbeitslieferung Stillkleid Krankenhaus Stillen Kleid Badem\u00e4ntel, Hellblau, Large\",\"breadcrumb\":{\"@id\":\"https:\\\/\\\/marktxxl.de\\\/markt\\\/produkt\\\/ekouaer-umstandsmantel-3-in-1-stillmantel-krankenhauskleid-bademaentel\\\/#breadcrumb\"},\"inLanguage\":\"de\",\"potentialAction\":[{\"@type\":\"ReadAction\",\"target\":[\"https:\\\/\\\/marktxxl.de\\\/markt\\\/produkt\\\/ekouaer-umstandsmantel-3-in-1-stillmantel-krankenhauskleid-bademaentel\\\/\"]}]},{\"@type\":\"ImageObject\",\"inLanguage\":\"de\",\"@id\":\"https:\\\/\\\/marktxxl.de\\\/markt\\\/produkt\\\/ekouaer-umstandsmantel-3-in-1-stillmantel-krankenhauskleid-bademaentel\\\/#primaryimage\",\"url\":\"https:\\\/\\\/m.media-amazon.com\\\/images\\\/I\\\/41rFstFP5mL._SL500_.jpg\",\"contentUrl\":\"https:\\\/\\\/m.media-amazon.com\\\/images\\\/I\\\/41rFstFP5mL._SL500_.jpg\",\"width\":500,\"height\":500},{\"@type\":\"BreadcrumbList\",\"@id\":\"https:\\\/\\\/marktxxl.de\\\/markt\\\/produkt\\\/ekouaer-umstandsmantel-3-in-1-stillmantel-krankenhauskleid-bademaentel\\\/#breadcrumb\",\"itemListElement\":[{\"@type\":\"ListItem\",\"position\":1,\"name\":\"Startseite\",\"item\":\"https:\\\/\\\/marktxxl.de\\\/markt\\\/\"},{\"@type\":\"ListItem\",\"position\":2,\"name\":\"Markt\",\"item\":\"https:\\\/\\\/marktxxl.de\\\/markt\\\/\"},{\"@type\":\"ListItem\",\"position\":3,\"name\":\"Ekouaer Schwangerschaftsmantel 3-in-1 Arbeitslieferung Stillkleid Krankenhaus Stillen Kleid Badem\u00e4ntel, Hellblau, Large\"}]},{\"@type\":\"WebSite\",\"@id\":\"https:\\\/\\\/marktxxl.de\\\/markt\\\/#website\",\"url\":\"https:\\\/\\\/marktxxl.de\\\/markt\\\/\",\"name\":\"Markt-XXL\",\"description\":\"Ihr Markt Online\",\"publisher\":{\"@id\":\"https:\\\/\\\/marktxxl.de\\\/markt\\\/#organization\"},\"potentialAction\":[{\"@type\":\"SearchAction\",\"target\":{\"@type\":\"EntryPoint\",\"urlTemplate\":\"https:\\\/\\\/marktxxl.de\\\/markt\\\/?s={search_term_string}\"},\"query-input\":{\"@type\":\"PropertyValueSpecification\",\"valueRequired\":true,\"valueName\":\"search_term_string\"}}],\"inLanguage\":\"de\"},{\"@type\":\"Organization\",\"@id\":\"https:\\\/\\\/marktxxl.de\\\/markt\\\/#organization\",\"name\":\"Markt-XXL\",\"url\":\"https:\\\/\\\/marktxxl.de\\\/markt\\\/\",\"logo\":{\"@type\":\"ImageObject\",\"inLanguage\":\"de\",\"@id\":\"https:\\\/\\\/marktxxl.de\\\/markt\\\/#\\\/schema\\\/logo\\\/image\\\/\",\"url\":\"https:\\\/\\\/marktxxl.de\\\/markt\\\/wp-content\\\/uploads\\\/sites\\\/3\\\/2020\\\/12\\\/logo.png\",\"contentUrl\":\"https:\\\/\\\/marktxxl.de\\\/markt\\\/wp-content\\\/uploads\\\/sites\\\/3\\\/2020\\\/12\\\/logo.png\",\"width\":200,\"height\":70,\"caption\":\"Markt-XXL\"},\"image\":{\"@id\":\"https:\\\/\\\/marktxxl.de\\\/markt\\\/#\\\/schema\\\/logo\\\/image\\\/\"}}]}<\/script>\n<!-- \/ Yoast SEO plugin. -->","yoast_head_json":{"title":"Ekouaer Schwangerschaftsmantel 3-in-1 Arbeitslieferung Stillkleid Krankenhaus Stillen Kleid Badem\u00e4ntel, Hellblau, Large - Markt-XXL","description":"Markt-XXL Ekouaer Schwangerschaftsmantel 3-in-1 Arbeitslieferung Stillkleid Krankenhaus Stillen Kleid Badem\u00e4ntel, Hellblau, Large","robots":{"index":"index","follow":"follow","max-snippet":"max-snippet:-1","max-image-preview":"max-image-preview:large","max-video-preview":"max-video-preview:-1"},"canonical":"https:\/\/marktxxl.de\/markt\/produkt\/ekouaer-umstandsmantel-3-in-1-stillmantel-krankenhauskleid-bademaentel\/","og_locale":"de_DE","og_type":"article","og_title":"Ekouaer Schwangerschaftsmantel 3-in-1 Arbeitslieferung Stillkleid Krankenhaus Stillen Kleid Badem\u00e4ntel, Hellblau, Large - Markt-XXL","og_description":"Markt-XXL Ekouaer Schwangerschaftsmantel 3-in-1 Arbeitslieferung Stillkleid Krankenhaus Stillen Kleid Badem\u00e4ntel, Hellblau, Large","og_url":"https:\/\/marktxxl.de\/markt\/produkt\/ekouaer-umstandsmantel-3-in-1-stillmantel-krankenhauskleid-bademaentel\/","og_site_name":"Markt-XXL","article_modified_time":"2023-04-07T23:41:31+00:00","og_image":[{"width":500,"height":500,"url":"https:\/\/m.media-amazon.com\/images\/I\/41rFstFP5mL._SL500_.jpg","type":"image\/jpeg"}],"twitter_card":"summary_large_image","twitter_misc":{"Gesch\u00e4tzte Lesezeit":"1\u00a0Minute"},"schema":{"@context":"https:\/\/schema.org","@graph":[{"@type":"WebPage","@id":"https:\/\/marktxxl.de\/markt\/produkt\/ekouaer-umstandsmantel-3-in-1-stillmantel-krankenhauskleid-bademaentel\/","url":"https:\/\/marktxxl.de\/markt\/produkt\/ekouaer-umstandsmantel-3-in-1-stillmantel-krankenhauskleid-bademaentel\/","name":"Ekouaer Schwangerschaftsmantel 3-in-1 Arbeitslieferung Stillkleid Krankenhaus Stillen Kleid Badem\u00e4ntel, Hellblau, Large - Markt-XXL","isPartOf":{"@id":"https:\/\/marktxxl.de\/markt\/#website"},"primaryImageOfPage":{"@id":"https:\/\/marktxxl.de\/markt\/produkt\/ekouaer-umstandsmantel-3-in-1-stillmantel-krankenhauskleid-bademaentel\/#primaryimage"},"image":{"@id":"https:\/\/marktxxl.de\/markt\/produkt\/ekouaer-umstandsmantel-3-in-1-stillmantel-krankenhauskleid-bademaentel\/#primaryimage"},"thumbnailUrl":"https:\/\/m.media-amazon.com\/images\/I\/41rFstFP5mL._SL500_.jpg","datePublished":"2021-10-12T23:21:21+00:00","dateModified":"2023-04-07T23:41:31+00:00","description":"Markt-XXL Ekouaer Schwangerschaftsmantel 3-in-1 Arbeitslieferung Stillkleid Krankenhaus Stillen Kleid Badem\u00e4ntel, Hellblau, Large","breadcrumb":{"@id":"https:\/\/marktxxl.de\/markt\/produkt\/ekouaer-umstandsmantel-3-in-1-stillmantel-krankenhauskleid-bademaentel\/#breadcrumb"},"inLanguage":"de","potentialAction":[{"@type":"ReadAction","target":["https:\/\/marktxxl.de\/markt\/produkt\/ekouaer-umstandsmantel-3-in-1-stillmantel-krankenhauskleid-bademaentel\/"]}]},{"@type":"ImageObject","inLanguage":"de","@id":"https:\/\/marktxxl.de\/markt\/produkt\/ekouaer-umstandsmantel-3-in-1-stillmantel-krankenhauskleid-bademaentel\/#primaryimage","url":"https:\/\/m.media-amazon.com\/images\/I\/41rFstFP5mL._SL500_.jpg","contentUrl":"https:\/\/m.media-amazon.com\/images\/I\/41rFstFP5mL._SL500_.jpg","width":500,"height":500},{"@type":"BreadcrumbList","@id":"https:\/\/marktxxl.de\/markt\/produkt\/ekouaer-umstandsmantel-3-in-1-stillmantel-krankenhauskleid-bademaentel\/#breadcrumb","itemListElement":[{"@type":"ListItem","position":1,"name":"Startseite","item":"https:\/\/marktxxl.de\/markt\/"},{"@type":"ListItem","position":2,"name":"Markt","item":"https:\/\/marktxxl.de\/markt\/"},{"@type":"ListItem","position":3,"name":"Ekouaer Schwangerschaftsmantel 3-in-1 Arbeitslieferung Stillkleid Krankenhaus Stillen Kleid Badem\u00e4ntel, Hellblau, Large"}]},{"@type":"WebSite","@id":"https:\/\/marktxxl.de\/markt\/#website","url":"https:\/\/marktxxl.de\/markt\/","name":"Markt-XXL","description":"Ihr Markt Online","publisher":{"@id":"https:\/\/marktxxl.de\/markt\/#organization"},"potentialAction":[{"@type":"SearchAction","target":{"@type":"EntryPoint","urlTemplate":"https:\/\/marktxxl.de\/markt\/?s={search_term_string}"},"query-input":{"@type":"PropertyValueSpecification","valueRequired":true,"valueName":"search_term_string"}}],"inLanguage":"de"},{"@type":"Organization","@id":"https:\/\/marktxxl.de\/markt\/#organization","name":"Markt-XXL","url":"https:\/\/marktxxl.de\/markt\/","logo":{"@type":"ImageObject","inLanguage":"de","@id":"https:\/\/marktxxl.de\/markt\/#\/schema\/logo\/image\/","url":"https:\/\/marktxxl.de\/markt\/wp-content\/uploads\/sites\/3\/2020\/12\/logo.png","contentUrl":"https:\/\/marktxxl.de\/markt\/wp-content\/uploads\/sites\/3\/2020\/12\/logo.png","width":200,"height":70,"caption":"Markt-XXL"},"image":{"@id":"https:\/\/marktxxl.de\/markt\/#\/schema\/logo\/image\/"}}]}},"_links":{"self":[{"href":"https:\/\/marktxxl.de\/markt\/wp-json\/wp\/v2\/product\/50483","targetHints":{"allow":["GET"]}}],"collection":[{"href":"https:\/\/marktxxl.de\/markt\/wp-json\/wp\/v2\/product"}],"about":[{"href":"https:\/\/marktxxl.de\/markt\/wp-json\/wp\/v2\/types\/product"}],"replies":[{"embeddable":true,"href":"https:\/\/marktxxl.de\/markt\/wp-json\/wp\/v2\/comments?post=50483"}],"wp:featuredmedia":[{"embeddable":true,"href":"https:\/\/marktxxl.de\/markt\/wp-json\/wp\/v2\/media\/50484"}],"wp:attachment":[{"href":"https:\/\/marktxxl.de\/markt\/wp-json\/wp\/v2\/media?parent=50483"}],"wp:term":[{"taxonomy":"product_brand","embeddable":true,"href":"https:\/\/marktxxl.de\/markt\/wp-json\/wp\/v2\/product_brand?post=50483"},{"taxonomy":"product_cat","embeddable":true,"href":"https:\/\/marktxxl.de\/markt\/wp-json\/wp\/v2\/product_cat?post=50483"},{"taxonomy":"product_tag","embeddable":true,"href":"https:\/\/marktxxl.de\/markt\/wp-json\/wp\/v2\/product_tag?post=50483"}],"curies":[{"name":"wp","href":"https:\/\/api.w.org\/{rel}","templated":true}]}}