{"id":50446,"date":"2021-10-13T01:21:14","date_gmt":"2021-10-12T23:21:14","guid":{"rendered":"https:\/\/marktxxl.de\/markt\/produkt\/ekouaer-still-schlafshirt-frauen-knopfleiste-nachthemd-kurzarm-nachthemd-stillen-nachtwaesche-s-xxl\/"},"modified":"2023-04-08T01:41:29","modified_gmt":"2023-04-07T23:41:29","slug":"ekouaer-still-schlafshirt-frauen-knopfleiste-nachthemd-kurzarm-nachthemd-stillen-nachtwaesche-s-xxl","status":"publish","type":"product","link":"https:\/\/marktxxl.de\/markt\/produkt\/ekouaer-still-schlafshirt-frauen-knopfleiste-nachthemd-kurzarm-nachthemd-stillen-nachtwaesche-s-xxl\/","title":{"rendered":"Ekouaer Still-Schlafshirt f\u00fcr Damen, Knopfleiste, kurz\u00e4rmelig, Nachthemd, Still-Nachtw\u00e4sche, S-XXL"},"content":{"rendered":"<p>Bequemes Damen-Nachthemd in Kontrastfarbe. V-Ausschnitt, Knopfleiste f\u00fcr einen einfachen Zugang zum Stillen.<br \/>\nH\u00fcbscher und niedlicher Schlafanzug, tragen Sie dieses Schlafkleid als Ersatz f\u00fcr Ihre langweiligen alten Schlafshirts und Pyjamas.<br \/>\nDieses Schlaf-Shirts Boyfriend-Pyjama ist ideal f\u00fcr Nachtw\u00e4sche, Nachtw\u00e4sche und t\u00e4gliche Freizeitkleidung, f\u00fcr Sie und Ihre Freunde, Familie als ein besonderes Geschenk f\u00fcr den Tag. Dieses Nachthemd-Kleid w\u00e4re perfekt zum Faulenzen und Schlafen.<br \/>\nErh\u00e4ltlich in Grau, Schwarz, Dunkelgrau, Weinrot und Marineblau von S-XXL. Sie werden die lockere Passform und den Komfort dieser Schwangerschafts-Nachtw\u00e4sche genie\u00dfen.<br \/>\nDiese Damen-Schlafshirts sind ideal f\u00fcr Frauen jeden Alters, alle Jahreszeiten.<br \/>\n<div class=\"main-cross-sell\" data-asin=\"B07V1RKJF8\">\n\n\t<div class=\"WooZone-cross-sell-loader\">\n\t\t<div>\n\t\t\t<div id=\"floatingBarsG\">\n\t\t\t\t<div class=\"blockG\" id=\"rotateG_01\"><\/div>\n\t\t\t\t<div class=\"blockG\" id=\"rotateG_02\"><\/div>\n\t\t\t\t<div class=\"blockG\" id=\"rotateG_03\"><\/div>\n\t\t\t\t<div class=\"blockG\" id=\"rotateG_04\"><\/div>\n\t\t\t\t<div class=\"blockG\" id=\"rotateG_05\"><\/div>\n\t\t\t\t<div class=\"blockG\" id=\"rotateG_06\"><\/div>\n\t\t\t\t<div class=\"blockG\" id=\"rotateG_07\"><\/div>\n\t\t\t\t<div class=\"blockG\" id=\"rotateG_08\"><\/div>\n\t\t\t<\/div>\n\t\t\t<div class=\"WooZone-cross-sell-loader-text\"><\/div>\n\t\t<\/div>\n\t<\/div>\n\n\t\t\n<\/div>\n<div style=\"clear:both;\"><\/div><\/p>\n","protected":false},"excerpt":{"rendered":"<p>Bequemes Damen-Nachthemd in Kontrastfarbe. V-Ausschnitt, Knopfleiste f\u00fcr einen einfachen Zugang zum Stillen.<br \/>\nH\u00fcbscher und niedlicher Schlafanzug, tragen Sie dieses Schlafkleid als Ersatz f\u00fcr Ihre langweiligen alten Schlafshirts und Pyjamas.<br \/>\nDieses Schlaf-Shirts Boyfriend-Pyjama ist ideal f\u00fcr Nachtw\u00e4sche, Nachtw\u00e4sche und t\u00e4gliche Freizeitkleidung, f\u00fcr Sie und Ihre Freunde, Familie als ein besonderes Geschenk f\u00fcr den Tag. Dieses Nachthemd-Kleid w\u00e4re perfekt zum Faulenzen und Schlafen.<\/p>\n","protected":false},"featured_media":50457,"comment_status":"open","ping_status":"closed","template":"","meta":[],"product_brand":[],"product_cat":[21,9478],"product_tag":[],"class_list":{"0":"post-50446","1":"product","2":"type-product","3":"status-publish","4":"has-post-thumbnail","6":"product_cat-baby","7":"product_cat-umstandskleidung-baby","8":"pa_brand-ekouaer","9":"pa_farbe-a-black","10":"pa_farbe-a-gray","11":"pa_farbe-a-navy-blue","12":"pa_groesse-l","13":"pa_groesse-m","14":"pa_groesse-s","15":"pa_groesse-xl","16":"pa_groesse-xxl","17":"pa_height-0-787401574-zoll","18":"pa_length-12-992125971-zoll","19":"pa_manufacturer-ekouaer","20":"pa_model-ekk009320","21":"pa_width-9-842519675-zoll","23":"first","24":"instock","25":"shipping-taxable","26":"purchasable","27":"product-type-variable","28":"customify-col","29":"product-has-gallery"},"yoast_head":"<!-- This site is optimized with the Yoast SEO plugin v27.4 - https:\/\/yoast.com\/product\/yoast-seo-wordpress\/ -->\n<title>Ekouaer Still-Schlafshirt f\u00fcr Damen, Knopfleiste, kurz\u00e4rmelig, Nachthemd, Still-Nachtw\u00e4sche, S-XXL - Markt-XXL<\/title>\n<meta name=\"description\" content=\"Markt-XXL Ekouaer Still-Schlafshirt f\u00fcr Damen, Knopfleiste, kurz\u00e4rmelig, Nachthemd, Still-Nachtw\u00e4sche, S-XXL\" \/>\n<meta name=\"robots\" content=\"index, follow, max-snippet:-1, max-image-preview:large, max-video-preview:-1\" \/>\n<link rel=\"canonical\" href=\"https:\/\/marktxxl.de\/markt\/produkt\/ekouaer-still-schlafshirt-frauen-knopfleiste-nachthemd-kurzarm-nachthemd-stillen-nachtwaesche-s-xxl\/\" \/>\n<meta property=\"og:locale\" content=\"de_DE\" \/>\n<meta property=\"og:type\" content=\"article\" \/>\n<meta property=\"og:title\" content=\"Ekouaer Still-Schlafshirt f\u00fcr Damen, Knopfleiste, kurz\u00e4rmelig, Nachthemd, Still-Nachtw\u00e4sche, S-XXL - Markt-XXL\" \/>\n<meta property=\"og:description\" content=\"Markt-XXL Ekouaer Still-Schlafshirt f\u00fcr Damen, Knopfleiste, kurz\u00e4rmelig, Nachthemd, Still-Nachtw\u00e4sche, S-XXL\" \/>\n<meta property=\"og:url\" content=\"https:\/\/marktxxl.de\/markt\/produkt\/ekouaer-still-schlafshirt-frauen-knopfleiste-nachthemd-kurzarm-nachthemd-stillen-nachtwaesche-s-xxl\/\" \/>\n<meta property=\"og:site_name\" content=\"Markt-XXL\" \/>\n<meta property=\"article:modified_time\" content=\"2023-04-07T23:41:29+00:00\" \/>\n<meta property=\"og:image\" content=\"https:\/\/m.media-amazon.com\/images\/I\/31SfoBRCSiL._SL500_.jpg\" \/>\n\t<meta property=\"og:image:width\" content=\"385\" \/>\n\t<meta property=\"og:image:height\" content=\"500\" \/>\n\t<meta property=\"og:image:type\" content=\"image\/jpeg\" \/>\n<meta name=\"twitter:card\" content=\"summary_large_image\" \/>\n<meta name=\"twitter:label1\" content=\"Gesch\u00e4tzte Lesezeit\" \/>\n\t<meta name=\"twitter:data1\" content=\"1\u00a0Minute\" \/>\n<script type=\"application\/ld+json\" class=\"yoast-schema-graph\">{\"@context\":\"https:\\\/\\\/schema.org\",\"@graph\":[{\"@type\":\"WebPage\",\"@id\":\"https:\\\/\\\/marktxxl.de\\\/markt\\\/produkt\\\/ekouaer-still-schlafshirt-frauen-knopfleiste-nachthemd-kurzarm-nachthemd-stillen-nachtwaesche-s-xxl\\\/\",\"url\":\"https:\\\/\\\/marktxxl.de\\\/markt\\\/produkt\\\/ekouaer-still-schlafshirt-frauen-knopfleiste-nachthemd-kurzarm-nachthemd-stillen-nachtwaesche-s-xxl\\\/\",\"name\":\"Ekouaer Still-Schlafshirt f\u00fcr Damen, Knopfleiste, kurz\u00e4rmelig, Nachthemd, Still-Nachtw\u00e4sche, S-XXL - Markt-XXL\",\"isPartOf\":{\"@id\":\"https:\\\/\\\/marktxxl.de\\\/markt\\\/#website\"},\"primaryImageOfPage\":{\"@id\":\"https:\\\/\\\/marktxxl.de\\\/markt\\\/produkt\\\/ekouaer-still-schlafshirt-frauen-knopfleiste-nachthemd-kurzarm-nachthemd-stillen-nachtwaesche-s-xxl\\\/#primaryimage\"},\"image\":{\"@id\":\"https:\\\/\\\/marktxxl.de\\\/markt\\\/produkt\\\/ekouaer-still-schlafshirt-frauen-knopfleiste-nachthemd-kurzarm-nachthemd-stillen-nachtwaesche-s-xxl\\\/#primaryimage\"},\"thumbnailUrl\":\"https:\\\/\\\/m.media-amazon.com\\\/images\\\/I\\\/31SfoBRCSiL._SL500_.jpg\",\"datePublished\":\"2021-10-12T23:21:14+00:00\",\"dateModified\":\"2023-04-07T23:41:29+00:00\",\"description\":\"Markt-XXL Ekouaer Still-Schlafshirt f\u00fcr Damen, Knopfleiste, kurz\u00e4rmelig, Nachthemd, Still-Nachtw\u00e4sche, S-XXL\",\"breadcrumb\":{\"@id\":\"https:\\\/\\\/marktxxl.de\\\/markt\\\/produkt\\\/ekouaer-still-schlafshirt-frauen-knopfleiste-nachthemd-kurzarm-nachthemd-stillen-nachtwaesche-s-xxl\\\/#breadcrumb\"},\"inLanguage\":\"de\",\"potentialAction\":[{\"@type\":\"ReadAction\",\"target\":[\"https:\\\/\\\/marktxxl.de\\\/markt\\\/produkt\\\/ekouaer-still-schlafshirt-frauen-knopfleiste-nachthemd-kurzarm-nachthemd-stillen-nachtwaesche-s-xxl\\\/\"]}]},{\"@type\":\"ImageObject\",\"inLanguage\":\"de\",\"@id\":\"https:\\\/\\\/marktxxl.de\\\/markt\\\/produkt\\\/ekouaer-still-schlafshirt-frauen-knopfleiste-nachthemd-kurzarm-nachthemd-stillen-nachtwaesche-s-xxl\\\/#primaryimage\",\"url\":\"https:\\\/\\\/m.media-amazon.com\\\/images\\\/I\\\/31SfoBRCSiL._SL500_.jpg\",\"contentUrl\":\"https:\\\/\\\/m.media-amazon.com\\\/images\\\/I\\\/31SfoBRCSiL._SL500_.jpg\",\"width\":385,\"height\":500},{\"@type\":\"BreadcrumbList\",\"@id\":\"https:\\\/\\\/marktxxl.de\\\/markt\\\/produkt\\\/ekouaer-still-schlafshirt-frauen-knopfleiste-nachthemd-kurzarm-nachthemd-stillen-nachtwaesche-s-xxl\\\/#breadcrumb\",\"itemListElement\":[{\"@type\":\"ListItem\",\"position\":1,\"name\":\"Startseite\",\"item\":\"https:\\\/\\\/marktxxl.de\\\/markt\\\/\"},{\"@type\":\"ListItem\",\"position\":2,\"name\":\"Markt\",\"item\":\"https:\\\/\\\/marktxxl.de\\\/markt\\\/\"},{\"@type\":\"ListItem\",\"position\":3,\"name\":\"Ekouaer Still-Schlafshirt f\u00fcr Damen, Knopfleiste, kurz\u00e4rmelig, Nachthemd, Still-Nachtw\u00e4sche, S-XXL\"}]},{\"@type\":\"WebSite\",\"@id\":\"https:\\\/\\\/marktxxl.de\\\/markt\\\/#website\",\"url\":\"https:\\\/\\\/marktxxl.de\\\/markt\\\/\",\"name\":\"Markt-XXL\",\"description\":\"Ihr Markt Online\",\"publisher\":{\"@id\":\"https:\\\/\\\/marktxxl.de\\\/markt\\\/#organization\"},\"potentialAction\":[{\"@type\":\"SearchAction\",\"target\":{\"@type\":\"EntryPoint\",\"urlTemplate\":\"https:\\\/\\\/marktxxl.de\\\/markt\\\/?s={search_term_string}\"},\"query-input\":{\"@type\":\"PropertyValueSpecification\",\"valueRequired\":true,\"valueName\":\"search_term_string\"}}],\"inLanguage\":\"de\"},{\"@type\":\"Organization\",\"@id\":\"https:\\\/\\\/marktxxl.de\\\/markt\\\/#organization\",\"name\":\"Markt-XXL\",\"url\":\"https:\\\/\\\/marktxxl.de\\\/markt\\\/\",\"logo\":{\"@type\":\"ImageObject\",\"inLanguage\":\"de\",\"@id\":\"https:\\\/\\\/marktxxl.de\\\/markt\\\/#\\\/schema\\\/logo\\\/image\\\/\",\"url\":\"https:\\\/\\\/marktxxl.de\\\/markt\\\/wp-content\\\/uploads\\\/sites\\\/3\\\/2020\\\/12\\\/logo.png\",\"contentUrl\":\"https:\\\/\\\/marktxxl.de\\\/markt\\\/wp-content\\\/uploads\\\/sites\\\/3\\\/2020\\\/12\\\/logo.png\",\"width\":200,\"height\":70,\"caption\":\"Markt-XXL\"},\"image\":{\"@id\":\"https:\\\/\\\/marktxxl.de\\\/markt\\\/#\\\/schema\\\/logo\\\/image\\\/\"}}]}<\/script>\n<!-- \/ Yoast SEO plugin. -->","yoast_head_json":{"title":"Ekouaer Still-Schlafshirt f\u00fcr Damen, Knopfleiste, kurz\u00e4rmelig, Nachthemd, Still-Nachtw\u00e4sche, S-XXL - Markt-XXL","description":"Markt-XXL Ekouaer Still-Schlafshirt f\u00fcr Damen, Knopfleiste, kurz\u00e4rmelig, Nachthemd, Still-Nachtw\u00e4sche, S-XXL","robots":{"index":"index","follow":"follow","max-snippet":"max-snippet:-1","max-image-preview":"max-image-preview:large","max-video-preview":"max-video-preview:-1"},"canonical":"https:\/\/marktxxl.de\/markt\/produkt\/ekouaer-still-schlafshirt-frauen-knopfleiste-nachthemd-kurzarm-nachthemd-stillen-nachtwaesche-s-xxl\/","og_locale":"de_DE","og_type":"article","og_title":"Ekouaer Still-Schlafshirt f\u00fcr Damen, Knopfleiste, kurz\u00e4rmelig, Nachthemd, Still-Nachtw\u00e4sche, S-XXL - Markt-XXL","og_description":"Markt-XXL Ekouaer Still-Schlafshirt f\u00fcr Damen, Knopfleiste, kurz\u00e4rmelig, Nachthemd, Still-Nachtw\u00e4sche, S-XXL","og_url":"https:\/\/marktxxl.de\/markt\/produkt\/ekouaer-still-schlafshirt-frauen-knopfleiste-nachthemd-kurzarm-nachthemd-stillen-nachtwaesche-s-xxl\/","og_site_name":"Markt-XXL","article_modified_time":"2023-04-07T23:41:29+00:00","og_image":[{"width":385,"height":500,"url":"https:\/\/m.media-amazon.com\/images\/I\/31SfoBRCSiL._SL500_.jpg","type":"image\/jpeg"}],"twitter_card":"summary_large_image","twitter_misc":{"Gesch\u00e4tzte Lesezeit":"1\u00a0Minute"},"schema":{"@context":"https:\/\/schema.org","@graph":[{"@type":"WebPage","@id":"https:\/\/marktxxl.de\/markt\/produkt\/ekouaer-still-schlafshirt-frauen-knopfleiste-nachthemd-kurzarm-nachthemd-stillen-nachtwaesche-s-xxl\/","url":"https:\/\/marktxxl.de\/markt\/produkt\/ekouaer-still-schlafshirt-frauen-knopfleiste-nachthemd-kurzarm-nachthemd-stillen-nachtwaesche-s-xxl\/","name":"Ekouaer Still-Schlafshirt f\u00fcr Damen, Knopfleiste, kurz\u00e4rmelig, Nachthemd, Still-Nachtw\u00e4sche, S-XXL - Markt-XXL","isPartOf":{"@id":"https:\/\/marktxxl.de\/markt\/#website"},"primaryImageOfPage":{"@id":"https:\/\/marktxxl.de\/markt\/produkt\/ekouaer-still-schlafshirt-frauen-knopfleiste-nachthemd-kurzarm-nachthemd-stillen-nachtwaesche-s-xxl\/#primaryimage"},"image":{"@id":"https:\/\/marktxxl.de\/markt\/produkt\/ekouaer-still-schlafshirt-frauen-knopfleiste-nachthemd-kurzarm-nachthemd-stillen-nachtwaesche-s-xxl\/#primaryimage"},"thumbnailUrl":"https:\/\/m.media-amazon.com\/images\/I\/31SfoBRCSiL._SL500_.jpg","datePublished":"2021-10-12T23:21:14+00:00","dateModified":"2023-04-07T23:41:29+00:00","description":"Markt-XXL Ekouaer Still-Schlafshirt f\u00fcr Damen, Knopfleiste, kurz\u00e4rmelig, Nachthemd, Still-Nachtw\u00e4sche, S-XXL","breadcrumb":{"@id":"https:\/\/marktxxl.de\/markt\/produkt\/ekouaer-still-schlafshirt-frauen-knopfleiste-nachthemd-kurzarm-nachthemd-stillen-nachtwaesche-s-xxl\/#breadcrumb"},"inLanguage":"de","potentialAction":[{"@type":"ReadAction","target":["https:\/\/marktxxl.de\/markt\/produkt\/ekouaer-still-schlafshirt-frauen-knopfleiste-nachthemd-kurzarm-nachthemd-stillen-nachtwaesche-s-xxl\/"]}]},{"@type":"ImageObject","inLanguage":"de","@id":"https:\/\/marktxxl.de\/markt\/produkt\/ekouaer-still-schlafshirt-frauen-knopfleiste-nachthemd-kurzarm-nachthemd-stillen-nachtwaesche-s-xxl\/#primaryimage","url":"https:\/\/m.media-amazon.com\/images\/I\/31SfoBRCSiL._SL500_.jpg","contentUrl":"https:\/\/m.media-amazon.com\/images\/I\/31SfoBRCSiL._SL500_.jpg","width":385,"height":500},{"@type":"BreadcrumbList","@id":"https:\/\/marktxxl.de\/markt\/produkt\/ekouaer-still-schlafshirt-frauen-knopfleiste-nachthemd-kurzarm-nachthemd-stillen-nachtwaesche-s-xxl\/#breadcrumb","itemListElement":[{"@type":"ListItem","position":1,"name":"Startseite","item":"https:\/\/marktxxl.de\/markt\/"},{"@type":"ListItem","position":2,"name":"Markt","item":"https:\/\/marktxxl.de\/markt\/"},{"@type":"ListItem","position":3,"name":"Ekouaer Still-Schlafshirt f\u00fcr Damen, Knopfleiste, kurz\u00e4rmelig, Nachthemd, Still-Nachtw\u00e4sche, S-XXL"}]},{"@type":"WebSite","@id":"https:\/\/marktxxl.de\/markt\/#website","url":"https:\/\/marktxxl.de\/markt\/","name":"Markt-XXL","description":"Ihr Markt Online","publisher":{"@id":"https:\/\/marktxxl.de\/markt\/#organization"},"potentialAction":[{"@type":"SearchAction","target":{"@type":"EntryPoint","urlTemplate":"https:\/\/marktxxl.de\/markt\/?s={search_term_string}"},"query-input":{"@type":"PropertyValueSpecification","valueRequired":true,"valueName":"search_term_string"}}],"inLanguage":"de"},{"@type":"Organization","@id":"https:\/\/marktxxl.de\/markt\/#organization","name":"Markt-XXL","url":"https:\/\/marktxxl.de\/markt\/","logo":{"@type":"ImageObject","inLanguage":"de","@id":"https:\/\/marktxxl.de\/markt\/#\/schema\/logo\/image\/","url":"https:\/\/marktxxl.de\/markt\/wp-content\/uploads\/sites\/3\/2020\/12\/logo.png","contentUrl":"https:\/\/marktxxl.de\/markt\/wp-content\/uploads\/sites\/3\/2020\/12\/logo.png","width":200,"height":70,"caption":"Markt-XXL"},"image":{"@id":"https:\/\/marktxxl.de\/markt\/#\/schema\/logo\/image\/"}}]}},"_links":{"self":[{"href":"https:\/\/marktxxl.de\/markt\/wp-json\/wp\/v2\/product\/50446","targetHints":{"allow":["GET"]}}],"collection":[{"href":"https:\/\/marktxxl.de\/markt\/wp-json\/wp\/v2\/product"}],"about":[{"href":"https:\/\/marktxxl.de\/markt\/wp-json\/wp\/v2\/types\/product"}],"replies":[{"embeddable":true,"href":"https:\/\/marktxxl.de\/markt\/wp-json\/wp\/v2\/comments?post=50446"}],"wp:featuredmedia":[{"embeddable":true,"href":"https:\/\/marktxxl.de\/markt\/wp-json\/wp\/v2\/media\/50457"}],"wp:attachment":[{"href":"https:\/\/marktxxl.de\/markt\/wp-json\/wp\/v2\/media?parent=50446"}],"wp:term":[{"taxonomy":"product_brand","embeddable":true,"href":"https:\/\/marktxxl.de\/markt\/wp-json\/wp\/v2\/product_brand?post=50446"},{"taxonomy":"product_cat","embeddable":true,"href":"https:\/\/marktxxl.de\/markt\/wp-json\/wp\/v2\/product_cat?post=50446"},{"taxonomy":"product_tag","embeddable":true,"href":"https:\/\/marktxxl.de\/markt\/wp-json\/wp\/v2\/product_tag?post=50446"}],"curies":[{"name":"wp","href":"https:\/\/api.w.org\/{rel}","templated":true}]}}