{"id":50352,"date":"2021-10-13T01:15:15","date_gmt":"2021-10-12T23:15:15","guid":{"rendered":"https:\/\/marktxxl.de\/markt\/produkt\/elimeli-einschlagdecke-fuer-babyschale-baby-winter-decke-fuer-autositz-buggys-und-kinderwagen-mit-fuellung-universal-fusssaecke-z-b-maxi-cosi-kinderwagendecke\/"},"modified":"2023-04-08T01:41:27","modified_gmt":"2023-04-07T23:41:27","slug":"elimeli-einschlagdecke-fuer-babyschale-baby-winter-decke-fuer-autositz-buggys-und-kinderwagen-mit-fuellung-universal-fusssaecke-z-b-maxi-cosi-kinderwagendecke","status":"publish","type":"product","link":"https:\/\/marktxxl.de\/markt\/produkt\/elimeli-einschlagdecke-fuer-babyschale-baby-winter-decke-fuer-autositz-buggys-und-kinderwagen-mit-fuellung-universal-fusssaecke-z-b-maxi-cosi-kinderwagendecke\/","title":{"rendered":"EliMeli Baby Einschlagdecke Babyschale Winter &#8211; Grau Braun M\u00e4dchen Junge Decke Universal f\u00fcr Autositz, Kinderwagen\u2026"},"content":{"rendered":"<p>? BEQUEM UND EINFACH &#8211; Unsere Einschlagdecke von EliMeli gibt Ihrem Kind die angenehme W\u00e4rme, Komfort und Wohlbefinden. Sie besteht aus reinen hochwertigsten Stoffen (Minky Stoff und Baumwolle). Sie ist hautfreundlich und antiallergisch. Handgemacht in EU aus besten Materialen in der \u00d6ko-Tex-Qualit\u00e4t. Speziell f\u00fcr Neugeborene entwickelt.<br \/>\n? ZERTIFIZIERTE QUALIT\u00c4T &#8211; Die Einschlagdecke besteht aus 100% Baumwolle und sehr weichem Samtstoff. Antiallergisch mit F\u00fcllung sichert entsprechende K\u00f6rpertemperatur, W\u00e4rme und Weiche. Die Einschlagdecke wickelt Ihr Kleinen Schatz in einer angenehmen Position, hilft beim Einschlafen, sichert entsprechende konstante Temperatur. Einfache Handhabung mit Klettverschluss.<br \/>\n?? UNIVERSELLES MUST HAVE &#8211; Unsere Babydecke ist ein wahrer &#8220;must have&#8221; in der Erstausstattung Ihres Kindes (ab Geburt bis ca. 6 Monate). Ideal f\u00fcrs Unterwegs im Auto, Perfekte Decke f\u00fcr jede Babyschale mit einem 3-Punkt-Gurtsystem, ob Maxi-Cosi, R\u00f6mer oder Cybex und andere, kann auch als Wickelauflage oder f\u00fcr den Schaukelstuhl zu verwenden. F\u00fcr Outdoor Aktivit\u00e4ten mit Kinderwagen beim Picnic und spazieren.<br \/>\n\u2600\ufe0f LEICHT &amp; WARM &#8211; Es ist sehr leicht und super weich. Zweilagig und mit F\u00fcllung sch\u00fctzt unsere Winterdecke vor Wind, und im Fr\u00fchling, Herbst sowie im Winter spendet angenehme W\u00e4rme. In der \u00dcberhgangszeit perfekt f\u00fcr k\u00fchle und warme Tage geeignet, dank integriertem Fu\u00df-Sack. Die Decken eignen sich ideal f\u00fcr Kinderhaut, ist atmungsaktiv und verhindern durch w\u00e4rmeregulierenden Eigenschaften die \u00dcberhitzung.<br \/>\n? Unsere Decken von EliMeli sind ein beliebtes Geschenk zur Geburt, zum Babyshower sowie f\u00fcr alle maxicos Schale Besitzer. Die Umschlagdecke eignen sich herrvorragend auch f\u00fcr das eigene Kind als Erstausstattung. Unsere Baby Fu\u00dfs\u00e4cken sind pflegeleicht, handwaschbar und f\u00fcr Feinw\u00e4sche bis 30\u00b0C geeignet (Waschmaschinegeeignet).<br \/>\n<div class=\"main-cross-sell\" data-asin=\"B07J564YRV\">\n\n\t<div class=\"WooZone-cross-sell-loader\">\n\t\t<div>\n\t\t\t<div id=\"floatingBarsG\">\n\t\t\t\t<div class=\"blockG\" id=\"rotateG_01\"><\/div>\n\t\t\t\t<div class=\"blockG\" id=\"rotateG_02\"><\/div>\n\t\t\t\t<div class=\"blockG\" id=\"rotateG_03\"><\/div>\n\t\t\t\t<div class=\"blockG\" id=\"rotateG_04\"><\/div>\n\t\t\t\t<div class=\"blockG\" id=\"rotateG_05\"><\/div>\n\t\t\t\t<div class=\"blockG\" id=\"rotateG_06\"><\/div>\n\t\t\t\t<div class=\"blockG\" id=\"rotateG_07\"><\/div>\n\t\t\t\t<div class=\"blockG\" id=\"rotateG_08\"><\/div>\n\t\t\t<\/div>\n\t\t\t<div class=\"WooZone-cross-sell-loader-text\"><\/div>\n\t\t<\/div>\n\t<\/div>\n\n\t\t\n<\/div>\n<div style=\"clear:both;\"><\/div><\/p>\n","protected":false},"excerpt":{"rendered":"<p>? BEQUEM UND EINFACH &#8211; Unsere Einschlagdecke von EliMeli gibt Ihrem Kind die angenehme W\u00e4rme, Komfort und Wohlbefinden. Sie besteht aus reinen hochwertigsten Stoffen (Minky Stoff und Baumwolle). Sie ist hautfreundlich und antiallergisch. Handgemacht in EU aus besten Materialen in der \u00d6ko-Tex-Qualit\u00e4t. Speziell f\u00fcr Neugeborene entwickelt.<br \/>\n? ZERTIFIZIERTE QUALIT\u00c4T &#8211; Die Einschlagdecke besteht aus 100% Baumwolle und sehr weichem Samtstoff. Antiallergisch mit F\u00fcllung sichert entsprechende K\u00f6rpertemperatur, W\u00e4rme und Weiche. Die Einschlagdecke wickelt Ihr Kleinen Schatz in einer angenehmen Position, hilft beim Einschlafen, sichert entsprechende konstante Temperatur. Einfache Handhabung mit Klettverschluss.<br \/>\n?? UNIVERSELLES MUST HAVE &#8211; Unsere Babydecke ist ein wahrer &#8220;must have&#8221; in der Erstausstattung Ihres Kindes (ab Geburt bis ca. 6 Monate). Ideal f\u00fcrs Unterwegs im Auto, Perfekte Decke f\u00fcr jede Babyschale mit einem 3-Punkt-Gurtsystem, ob Maxi-Cosi, R\u00f6mer oder Cybex und andere, kann auch als Wickelauflage oder f\u00fcr den Schaukelstuhl zu verwenden. F\u00fcr Outdoor Aktivit\u00e4ten mit Kinderwagen beim Picnic und spazieren.<\/p>\n","protected":false},"featured_media":50353,"comment_status":"open","ping_status":"closed","template":"","meta":[],"product_brand":[],"product_cat":[21,9329],"product_tag":[],"class_list":{"0":"post-50352","1":"product","2":"type-product","3":"status-publish","4":"has-post-thumbnail","6":"product_cat-baby","7":"product_cat-kinderwagen-buggys-zubehoer-baby","8":"pa_binding-babyartikel","9":"pa_brand-elimeli","10":"pa_manufacturer-elimeli","12":"first","13":"instock","14":"shipping-taxable","15":"purchasable","16":"product-type-simple","17":"customify-col","18":"product-has-gallery"},"yoast_head":"<!-- This site is optimized with the Yoast SEO plugin v27.4 - https:\/\/yoast.com\/product\/yoast-seo-wordpress\/ -->\n<title>EliMeli Baby Einschlagdecke Babyschale Winter - Grau Braun M\u00e4dchen Junge Decke Universal f\u00fcr Autositz, Kinderwagen\u2026 - Markt-XXL<\/title>\n<meta name=\"description\" content=\"Markt-XXL EliMeli Baby Einschlagdecke Babyschale Winter - Grau Braun M\u00e4dchen Junge Decke Universal f\u00fcr Autositz, Kinderwagen\u2026\" \/>\n<meta name=\"robots\" content=\"index, follow, max-snippet:-1, max-image-preview:large, max-video-preview:-1\" \/>\n<link rel=\"canonical\" href=\"https:\/\/marktxxl.de\/markt\/produkt\/elimeli-einschlagdecke-fuer-babyschale-baby-winter-decke-fuer-autositz-buggys-und-kinderwagen-mit-fuellung-universal-fusssaecke-z-b-maxi-cosi-kinderwagendecke\/\" \/>\n<meta property=\"og:locale\" content=\"de_DE\" \/>\n<meta property=\"og:type\" content=\"article\" \/>\n<meta property=\"og:title\" content=\"EliMeli Baby Einschlagdecke Babyschale Winter - Grau Braun M\u00e4dchen Junge Decke Universal f\u00fcr Autositz, Kinderwagen\u2026 - Markt-XXL\" \/>\n<meta property=\"og:description\" content=\"Markt-XXL EliMeli Baby Einschlagdecke Babyschale Winter - Grau Braun M\u00e4dchen Junge Decke Universal f\u00fcr Autositz, Kinderwagen\u2026\" \/>\n<meta property=\"og:url\" content=\"https:\/\/marktxxl.de\/markt\/produkt\/elimeli-einschlagdecke-fuer-babyschale-baby-winter-decke-fuer-autositz-buggys-und-kinderwagen-mit-fuellung-universal-fusssaecke-z-b-maxi-cosi-kinderwagendecke\/\" \/>\n<meta property=\"og:site_name\" content=\"Markt-XXL\" \/>\n<meta property=\"article:modified_time\" content=\"2023-04-07T23:41:27+00:00\" \/>\n<meta property=\"og:image\" content=\"https:\/\/m.media-amazon.com\/images\/I\/51oZ0CLsmXL._SL500_.jpg\" \/>\n\t<meta property=\"og:image:width\" content=\"500\" \/>\n\t<meta property=\"og:image:height\" content=\"500\" \/>\n\t<meta property=\"og:image:type\" content=\"image\/jpeg\" \/>\n<meta name=\"twitter:card\" content=\"summary_large_image\" \/>\n<meta name=\"twitter:label1\" content=\"Gesch\u00e4tzte Lesezeit\" \/>\n\t<meta name=\"twitter:data1\" content=\"1\u00a0Minute\" \/>\n<script type=\"application\/ld+json\" class=\"yoast-schema-graph\">{\"@context\":\"https:\\\/\\\/schema.org\",\"@graph\":[{\"@type\":\"WebPage\",\"@id\":\"https:\\\/\\\/marktxxl.de\\\/markt\\\/produkt\\\/elimeli-einschlagdecke-fuer-babyschale-baby-winter-decke-fuer-autositz-buggys-und-kinderwagen-mit-fuellung-universal-fusssaecke-z-b-maxi-cosi-kinderwagendecke\\\/\",\"url\":\"https:\\\/\\\/marktxxl.de\\\/markt\\\/produkt\\\/elimeli-einschlagdecke-fuer-babyschale-baby-winter-decke-fuer-autositz-buggys-und-kinderwagen-mit-fuellung-universal-fusssaecke-z-b-maxi-cosi-kinderwagendecke\\\/\",\"name\":\"EliMeli Baby Einschlagdecke Babyschale Winter - Grau Braun M\u00e4dchen Junge Decke Universal f\u00fcr Autositz, Kinderwagen\u2026 - Markt-XXL\",\"isPartOf\":{\"@id\":\"https:\\\/\\\/marktxxl.de\\\/markt\\\/#website\"},\"primaryImageOfPage\":{\"@id\":\"https:\\\/\\\/marktxxl.de\\\/markt\\\/produkt\\\/elimeli-einschlagdecke-fuer-babyschale-baby-winter-decke-fuer-autositz-buggys-und-kinderwagen-mit-fuellung-universal-fusssaecke-z-b-maxi-cosi-kinderwagendecke\\\/#primaryimage\"},\"image\":{\"@id\":\"https:\\\/\\\/marktxxl.de\\\/markt\\\/produkt\\\/elimeli-einschlagdecke-fuer-babyschale-baby-winter-decke-fuer-autositz-buggys-und-kinderwagen-mit-fuellung-universal-fusssaecke-z-b-maxi-cosi-kinderwagendecke\\\/#primaryimage\"},\"thumbnailUrl\":\"https:\\\/\\\/m.media-amazon.com\\\/images\\\/I\\\/51oZ0CLsmXL._SL500_.jpg\",\"datePublished\":\"2021-10-12T23:15:15+00:00\",\"dateModified\":\"2023-04-07T23:41:27+00:00\",\"description\":\"Markt-XXL EliMeli Baby Einschlagdecke Babyschale Winter - Grau Braun M\u00e4dchen Junge Decke Universal f\u00fcr Autositz, Kinderwagen\u2026\",\"breadcrumb\":{\"@id\":\"https:\\\/\\\/marktxxl.de\\\/markt\\\/produkt\\\/elimeli-einschlagdecke-fuer-babyschale-baby-winter-decke-fuer-autositz-buggys-und-kinderwagen-mit-fuellung-universal-fusssaecke-z-b-maxi-cosi-kinderwagendecke\\\/#breadcrumb\"},\"inLanguage\":\"de\",\"potentialAction\":[{\"@type\":\"ReadAction\",\"target\":[\"https:\\\/\\\/marktxxl.de\\\/markt\\\/produkt\\\/elimeli-einschlagdecke-fuer-babyschale-baby-winter-decke-fuer-autositz-buggys-und-kinderwagen-mit-fuellung-universal-fusssaecke-z-b-maxi-cosi-kinderwagendecke\\\/\"]}]},{\"@type\":\"ImageObject\",\"inLanguage\":\"de\",\"@id\":\"https:\\\/\\\/marktxxl.de\\\/markt\\\/produkt\\\/elimeli-einschlagdecke-fuer-babyschale-baby-winter-decke-fuer-autositz-buggys-und-kinderwagen-mit-fuellung-universal-fusssaecke-z-b-maxi-cosi-kinderwagendecke\\\/#primaryimage\",\"url\":\"https:\\\/\\\/m.media-amazon.com\\\/images\\\/I\\\/51oZ0CLsmXL._SL500_.jpg\",\"contentUrl\":\"https:\\\/\\\/m.media-amazon.com\\\/images\\\/I\\\/51oZ0CLsmXL._SL500_.jpg\",\"width\":500,\"height\":500},{\"@type\":\"BreadcrumbList\",\"@id\":\"https:\\\/\\\/marktxxl.de\\\/markt\\\/produkt\\\/elimeli-einschlagdecke-fuer-babyschale-baby-winter-decke-fuer-autositz-buggys-und-kinderwagen-mit-fuellung-universal-fusssaecke-z-b-maxi-cosi-kinderwagendecke\\\/#breadcrumb\",\"itemListElement\":[{\"@type\":\"ListItem\",\"position\":1,\"name\":\"Startseite\",\"item\":\"https:\\\/\\\/marktxxl.de\\\/markt\\\/\"},{\"@type\":\"ListItem\",\"position\":2,\"name\":\"Markt\",\"item\":\"https:\\\/\\\/marktxxl.de\\\/markt\\\/\"},{\"@type\":\"ListItem\",\"position\":3,\"name\":\"EliMeli Baby Einschlagdecke Babyschale Winter &#8211; Grau Braun M\u00e4dchen Junge Decke Universal f\u00fcr Autositz, Kinderwagen\u2026\"}]},{\"@type\":\"WebSite\",\"@id\":\"https:\\\/\\\/marktxxl.de\\\/markt\\\/#website\",\"url\":\"https:\\\/\\\/marktxxl.de\\\/markt\\\/\",\"name\":\"Markt-XXL\",\"description\":\"Ihr Markt Online\",\"publisher\":{\"@id\":\"https:\\\/\\\/marktxxl.de\\\/markt\\\/#organization\"},\"potentialAction\":[{\"@type\":\"SearchAction\",\"target\":{\"@type\":\"EntryPoint\",\"urlTemplate\":\"https:\\\/\\\/marktxxl.de\\\/markt\\\/?s={search_term_string}\"},\"query-input\":{\"@type\":\"PropertyValueSpecification\",\"valueRequired\":true,\"valueName\":\"search_term_string\"}}],\"inLanguage\":\"de\"},{\"@type\":\"Organization\",\"@id\":\"https:\\\/\\\/marktxxl.de\\\/markt\\\/#organization\",\"name\":\"Markt-XXL\",\"url\":\"https:\\\/\\\/marktxxl.de\\\/markt\\\/\",\"logo\":{\"@type\":\"ImageObject\",\"inLanguage\":\"de\",\"@id\":\"https:\\\/\\\/marktxxl.de\\\/markt\\\/#\\\/schema\\\/logo\\\/image\\\/\",\"url\":\"https:\\\/\\\/marktxxl.de\\\/markt\\\/wp-content\\\/uploads\\\/sites\\\/3\\\/2020\\\/12\\\/logo.png\",\"contentUrl\":\"https:\\\/\\\/marktxxl.de\\\/markt\\\/wp-content\\\/uploads\\\/sites\\\/3\\\/2020\\\/12\\\/logo.png\",\"width\":200,\"height\":70,\"caption\":\"Markt-XXL\"},\"image\":{\"@id\":\"https:\\\/\\\/marktxxl.de\\\/markt\\\/#\\\/schema\\\/logo\\\/image\\\/\"}}]}<\/script>\n<!-- \/ Yoast SEO plugin. -->","yoast_head_json":{"title":"EliMeli Baby Einschlagdecke Babyschale Winter - Grau Braun M\u00e4dchen Junge Decke Universal f\u00fcr Autositz, Kinderwagen\u2026 - Markt-XXL","description":"Markt-XXL EliMeli Baby Einschlagdecke Babyschale Winter - Grau Braun M\u00e4dchen Junge Decke Universal f\u00fcr Autositz, Kinderwagen\u2026","robots":{"index":"index","follow":"follow","max-snippet":"max-snippet:-1","max-image-preview":"max-image-preview:large","max-video-preview":"max-video-preview:-1"},"canonical":"https:\/\/marktxxl.de\/markt\/produkt\/elimeli-einschlagdecke-fuer-babyschale-baby-winter-decke-fuer-autositz-buggys-und-kinderwagen-mit-fuellung-universal-fusssaecke-z-b-maxi-cosi-kinderwagendecke\/","og_locale":"de_DE","og_type":"article","og_title":"EliMeli Baby Einschlagdecke Babyschale Winter - Grau Braun M\u00e4dchen Junge Decke Universal f\u00fcr Autositz, Kinderwagen\u2026 - Markt-XXL","og_description":"Markt-XXL EliMeli Baby Einschlagdecke Babyschale Winter - Grau Braun M\u00e4dchen Junge Decke Universal f\u00fcr Autositz, Kinderwagen\u2026","og_url":"https:\/\/marktxxl.de\/markt\/produkt\/elimeli-einschlagdecke-fuer-babyschale-baby-winter-decke-fuer-autositz-buggys-und-kinderwagen-mit-fuellung-universal-fusssaecke-z-b-maxi-cosi-kinderwagendecke\/","og_site_name":"Markt-XXL","article_modified_time":"2023-04-07T23:41:27+00:00","og_image":[{"width":500,"height":500,"url":"https:\/\/m.media-amazon.com\/images\/I\/51oZ0CLsmXL._SL500_.jpg","type":"image\/jpeg"}],"twitter_card":"summary_large_image","twitter_misc":{"Gesch\u00e4tzte Lesezeit":"1\u00a0Minute"},"schema":{"@context":"https:\/\/schema.org","@graph":[{"@type":"WebPage","@id":"https:\/\/marktxxl.de\/markt\/produkt\/elimeli-einschlagdecke-fuer-babyschale-baby-winter-decke-fuer-autositz-buggys-und-kinderwagen-mit-fuellung-universal-fusssaecke-z-b-maxi-cosi-kinderwagendecke\/","url":"https:\/\/marktxxl.de\/markt\/produkt\/elimeli-einschlagdecke-fuer-babyschale-baby-winter-decke-fuer-autositz-buggys-und-kinderwagen-mit-fuellung-universal-fusssaecke-z-b-maxi-cosi-kinderwagendecke\/","name":"EliMeli Baby Einschlagdecke Babyschale Winter - Grau Braun M\u00e4dchen Junge Decke Universal f\u00fcr Autositz, Kinderwagen\u2026 - Markt-XXL","isPartOf":{"@id":"https:\/\/marktxxl.de\/markt\/#website"},"primaryImageOfPage":{"@id":"https:\/\/marktxxl.de\/markt\/produkt\/elimeli-einschlagdecke-fuer-babyschale-baby-winter-decke-fuer-autositz-buggys-und-kinderwagen-mit-fuellung-universal-fusssaecke-z-b-maxi-cosi-kinderwagendecke\/#primaryimage"},"image":{"@id":"https:\/\/marktxxl.de\/markt\/produkt\/elimeli-einschlagdecke-fuer-babyschale-baby-winter-decke-fuer-autositz-buggys-und-kinderwagen-mit-fuellung-universal-fusssaecke-z-b-maxi-cosi-kinderwagendecke\/#primaryimage"},"thumbnailUrl":"https:\/\/m.media-amazon.com\/images\/I\/51oZ0CLsmXL._SL500_.jpg","datePublished":"2021-10-12T23:15:15+00:00","dateModified":"2023-04-07T23:41:27+00:00","description":"Markt-XXL EliMeli Baby Einschlagdecke Babyschale Winter - Grau Braun M\u00e4dchen Junge Decke Universal f\u00fcr Autositz, Kinderwagen\u2026","breadcrumb":{"@id":"https:\/\/marktxxl.de\/markt\/produkt\/elimeli-einschlagdecke-fuer-babyschale-baby-winter-decke-fuer-autositz-buggys-und-kinderwagen-mit-fuellung-universal-fusssaecke-z-b-maxi-cosi-kinderwagendecke\/#breadcrumb"},"inLanguage":"de","potentialAction":[{"@type":"ReadAction","target":["https:\/\/marktxxl.de\/markt\/produkt\/elimeli-einschlagdecke-fuer-babyschale-baby-winter-decke-fuer-autositz-buggys-und-kinderwagen-mit-fuellung-universal-fusssaecke-z-b-maxi-cosi-kinderwagendecke\/"]}]},{"@type":"ImageObject","inLanguage":"de","@id":"https:\/\/marktxxl.de\/markt\/produkt\/elimeli-einschlagdecke-fuer-babyschale-baby-winter-decke-fuer-autositz-buggys-und-kinderwagen-mit-fuellung-universal-fusssaecke-z-b-maxi-cosi-kinderwagendecke\/#primaryimage","url":"https:\/\/m.media-amazon.com\/images\/I\/51oZ0CLsmXL._SL500_.jpg","contentUrl":"https:\/\/m.media-amazon.com\/images\/I\/51oZ0CLsmXL._SL500_.jpg","width":500,"height":500},{"@type":"BreadcrumbList","@id":"https:\/\/marktxxl.de\/markt\/produkt\/elimeli-einschlagdecke-fuer-babyschale-baby-winter-decke-fuer-autositz-buggys-und-kinderwagen-mit-fuellung-universal-fusssaecke-z-b-maxi-cosi-kinderwagendecke\/#breadcrumb","itemListElement":[{"@type":"ListItem","position":1,"name":"Startseite","item":"https:\/\/marktxxl.de\/markt\/"},{"@type":"ListItem","position":2,"name":"Markt","item":"https:\/\/marktxxl.de\/markt\/"},{"@type":"ListItem","position":3,"name":"EliMeli Baby Einschlagdecke Babyschale Winter &#8211; Grau Braun M\u00e4dchen Junge Decke Universal f\u00fcr Autositz, Kinderwagen\u2026"}]},{"@type":"WebSite","@id":"https:\/\/marktxxl.de\/markt\/#website","url":"https:\/\/marktxxl.de\/markt\/","name":"Markt-XXL","description":"Ihr Markt Online","publisher":{"@id":"https:\/\/marktxxl.de\/markt\/#organization"},"potentialAction":[{"@type":"SearchAction","target":{"@type":"EntryPoint","urlTemplate":"https:\/\/marktxxl.de\/markt\/?s={search_term_string}"},"query-input":{"@type":"PropertyValueSpecification","valueRequired":true,"valueName":"search_term_string"}}],"inLanguage":"de"},{"@type":"Organization","@id":"https:\/\/marktxxl.de\/markt\/#organization","name":"Markt-XXL","url":"https:\/\/marktxxl.de\/markt\/","logo":{"@type":"ImageObject","inLanguage":"de","@id":"https:\/\/marktxxl.de\/markt\/#\/schema\/logo\/image\/","url":"https:\/\/marktxxl.de\/markt\/wp-content\/uploads\/sites\/3\/2020\/12\/logo.png","contentUrl":"https:\/\/marktxxl.de\/markt\/wp-content\/uploads\/sites\/3\/2020\/12\/logo.png","width":200,"height":70,"caption":"Markt-XXL"},"image":{"@id":"https:\/\/marktxxl.de\/markt\/#\/schema\/logo\/image\/"}}]}},"_links":{"self":[{"href":"https:\/\/marktxxl.de\/markt\/wp-json\/wp\/v2\/product\/50352","targetHints":{"allow":["GET"]}}],"collection":[{"href":"https:\/\/marktxxl.de\/markt\/wp-json\/wp\/v2\/product"}],"about":[{"href":"https:\/\/marktxxl.de\/markt\/wp-json\/wp\/v2\/types\/product"}],"replies":[{"embeddable":true,"href":"https:\/\/marktxxl.de\/markt\/wp-json\/wp\/v2\/comments?post=50352"}],"wp:featuredmedia":[{"embeddable":true,"href":"https:\/\/marktxxl.de\/markt\/wp-json\/wp\/v2\/media\/50353"}],"wp:attachment":[{"href":"https:\/\/marktxxl.de\/markt\/wp-json\/wp\/v2\/media?parent=50352"}],"wp:term":[{"taxonomy":"product_brand","embeddable":true,"href":"https:\/\/marktxxl.de\/markt\/wp-json\/wp\/v2\/product_brand?post=50352"},{"taxonomy":"product_cat","embeddable":true,"href":"https:\/\/marktxxl.de\/markt\/wp-json\/wp\/v2\/product_cat?post=50352"},{"taxonomy":"product_tag","embeddable":true,"href":"https:\/\/marktxxl.de\/markt\/wp-json\/wp\/v2\/product_tag?post=50352"}],"curies":[{"name":"wp","href":"https:\/\/api.w.org\/{rel}","templated":true}]}}