{"id":50308,"date":"2021-10-13T01:15:10","date_gmt":"2021-10-12T23:15:10","guid":{"rendered":"https:\/\/marktxxl.de\/markt\/produkt\/zamboo-universal-kinderwagen-klammern-6-stueck-haken-clips-zur-befestigung-von-spielzeug-spucktuechern-und-kleidung-an-buggy-kinderwagen-oder-babyschale-grau-weiss\/"},"modified":"2023-04-08T01:41:26","modified_gmt":"2023-04-07T23:41:26","slug":"zamboo-universal-kinderwagen-klammern-6-stueck-haken-clips-zur-befestigung-von-spielzeug-spucktuechern-und-kleidung-an-buggy-kinderwagen-oder-babyschale-grau-weiss","status":"publish","type":"product","link":"https:\/\/marktxxl.de\/markt\/produkt\/zamboo-universal-kinderwagen-klammern-6-stueck-haken-clips-zur-befestigung-von-spielzeug-spucktuechern-und-kleidung-an-buggy-kinderwagen-oder-babyschale-grau-weiss\/","title":{"rendered":"Zamboo Universal Kinderwagen Klammern 6 St\u00fcck &#8211; Haken\/Clips zur Befestigung von Spielzeug, Spuckt\u00fcchern und Kleidung an\u2026"},"content":{"rendered":"<p>DIE HELFER IM MAMI-ALLTAG: 6 Befestigungshaken zum Aufh\u00e4ngen von Mull T\u00fcchern am Kinderwagen Verdeck oder als Halterung f\u00fcr Spielzeug am Autositz. Auch als Klemmen f\u00fcr Babydecken, Handschuhe, M\u00fctzen, Stilltuch oder L\u00e4tzchen geeignet<br \/>\nUNIVERSAL PASSEND: Einfache Nutzung an jedem Buggy, Sportwagen o. Autokindersitz. Die Kinderwagenklammern k\u00f6nnen an Rahmen, Sonnendach o. Schieber befestigt werden. Dank Spannbreite von 5,5 cm perfekt f\u00fcr gr\u00f6\u00dfere Sachen (z.B. Mobile oder Kuscheltiere)<br \/>\nROBUST UND LANGLEBIG: Die Kunststoff Kinderwagenhaken sind mit einer stabilen Feder ausgestattet. So verlieren die Klammerclips bei intensiver Nutzung nicht an Halt<br \/>\nPERFEKTER HALT: Die geriffelte Innenseite sorgt f\u00fcr mehr Grip. Ein kleines Loch in den Clips eignet sich zum Aufh\u00e4ngen von Schn\u00fcren, Schnullerketten etc.<br \/>\nVORTEILSPACK: Viele Klemmen f\u00fcr viele Einsatzm\u00f6glichkeiten. Mit dem 6er Pack hast Du genug Befestigungsclips f\u00fcr Dein Kinderwagen Zubeh\u00f6r und andere Babysachen. Ein Muss in der Baby Erstausstattung<br \/>\n<div class=\"main-cross-sell\" data-asin=\"B07VMSR3NS\">\n\n\t<div class=\"WooZone-cross-sell-loader\">\n\t\t<div>\n\t\t\t<div id=\"floatingBarsG\">\n\t\t\t\t<div class=\"blockG\" id=\"rotateG_01\"><\/div>\n\t\t\t\t<div class=\"blockG\" id=\"rotateG_02\"><\/div>\n\t\t\t\t<div class=\"blockG\" id=\"rotateG_03\"><\/div>\n\t\t\t\t<div class=\"blockG\" id=\"rotateG_04\"><\/div>\n\t\t\t\t<div class=\"blockG\" id=\"rotateG_05\"><\/div>\n\t\t\t\t<div class=\"blockG\" id=\"rotateG_06\"><\/div>\n\t\t\t\t<div class=\"blockG\" id=\"rotateG_07\"><\/div>\n\t\t\t\t<div class=\"blockG\" id=\"rotateG_08\"><\/div>\n\t\t\t<\/div>\n\t\t\t<div class=\"WooZone-cross-sell-loader-text\"><\/div>\n\t\t<\/div>\n\t<\/div>\n\n\t\t\n<\/div>\n<div style=\"clear:both;\"><\/div><\/p>\n","protected":false},"excerpt":{"rendered":"<p>DIE HELFER IM MAMI-ALLTAG: 6 Befestigungshaken zum Aufh\u00e4ngen von Mull T\u00fcchern am Kinderwagen Verdeck oder als Halterung f\u00fcr Spielzeug am Autositz. Auch als Klemmen f\u00fcr Babydecken, Handschuhe, M\u00fctzen, Stilltuch oder L\u00e4tzchen geeignet<br \/>\nUNIVERSAL PASSEND: Einfache Nutzung an jedem Buggy, Sportwagen o. Autokindersitz. Die Kinderwagenklammern k\u00f6nnen an Rahmen, Sonnendach o. Schieber befestigt werden. Dank Spannbreite von 5,5 cm perfekt f\u00fcr gr\u00f6\u00dfere Sachen (z.B. Mobile oder Kuscheltiere)<br \/>\nROBUST UND LANGLEBIG: Die Kunststoff Kinderwagenhaken sind mit einer stabilen Feder ausgestattet. So verlieren die Klammerclips bei intensiver Nutzung nicht an Halt<\/p>\n","protected":false},"featured_media":50309,"comment_status":"open","ping_status":"closed","template":"","meta":[],"product_brand":[],"product_cat":[21,9329],"product_tag":[],"class_list":{"0":"post-50308","1":"product","2":"type-product","3":"status-publish","4":"has-post-thumbnail","6":"product_cat-baby","7":"product_cat-kinderwagen-buggys-zubehoer-baby","8":"pa_binding-babyartikel","9":"pa_brand-zamboo","10":"pa_color-grau-weiss","11":"pa_manufacturer-zamboo","12":"pa_model-6690","13":"pa_size-6-stueck-1er-pack","15":"first","16":"instock","17":"shipping-taxable","18":"purchasable","19":"product-type-simple","20":"customify-col","21":"product-has-gallery"},"yoast_head":"<!-- This site is optimized with the Yoast SEO plugin v27.4 - https:\/\/yoast.com\/product\/yoast-seo-wordpress\/ -->\n<title>Zamboo Universal Kinderwagen Klammern 6 St\u00fcck - Haken\/Clips zur Befestigung von Spielzeug, Spuckt\u00fcchern und Kleidung an\u2026 - Markt-XXL<\/title>\n<meta name=\"description\" content=\"Markt-XXL Zamboo Universal Kinderwagen Klammern 6 St\u00fcck - Haken\/Clips zur Befestigung von Spielzeug, Spuckt\u00fcchern und Kleidung an\u2026\" \/>\n<meta name=\"robots\" content=\"index, follow, max-snippet:-1, max-image-preview:large, max-video-preview:-1\" \/>\n<link rel=\"canonical\" href=\"https:\/\/marktxxl.de\/markt\/produkt\/zamboo-universal-kinderwagen-klammern-6-stueck-haken-clips-zur-befestigung-von-spielzeug-spucktuechern-und-kleidung-an-buggy-kinderwagen-oder-babyschale-grau-weiss\/\" \/>\n<meta property=\"og:locale\" content=\"de_DE\" \/>\n<meta property=\"og:type\" content=\"article\" \/>\n<meta property=\"og:title\" content=\"Zamboo Universal Kinderwagen Klammern 6 St\u00fcck - Haken\/Clips zur Befestigung von Spielzeug, Spuckt\u00fcchern und Kleidung an\u2026 - Markt-XXL\" \/>\n<meta property=\"og:description\" content=\"Markt-XXL Zamboo Universal Kinderwagen Klammern 6 St\u00fcck - Haken\/Clips zur Befestigung von Spielzeug, Spuckt\u00fcchern und Kleidung an\u2026\" \/>\n<meta property=\"og:url\" content=\"https:\/\/marktxxl.de\/markt\/produkt\/zamboo-universal-kinderwagen-klammern-6-stueck-haken-clips-zur-befestigung-von-spielzeug-spucktuechern-und-kleidung-an-buggy-kinderwagen-oder-babyschale-grau-weiss\/\" \/>\n<meta property=\"og:site_name\" content=\"Markt-XXL\" \/>\n<meta property=\"article:modified_time\" content=\"2023-04-07T23:41:26+00:00\" \/>\n<meta property=\"og:image\" content=\"https:\/\/m.media-amazon.com\/images\/I\/41RBc8sa-dL._SL500_.jpg\" \/>\n\t<meta property=\"og:image:width\" content=\"500\" \/>\n\t<meta property=\"og:image:height\" content=\"500\" \/>\n\t<meta property=\"og:image:type\" content=\"image\/jpeg\" \/>\n<meta name=\"twitter:card\" content=\"summary_large_image\" \/>\n<meta name=\"twitter:label1\" content=\"Gesch\u00e4tzte Lesezeit\" \/>\n\t<meta name=\"twitter:data1\" content=\"1\u00a0Minute\" \/>\n<script type=\"application\/ld+json\" class=\"yoast-schema-graph\">{\"@context\":\"https:\\\/\\\/schema.org\",\"@graph\":[{\"@type\":\"WebPage\",\"@id\":\"https:\\\/\\\/marktxxl.de\\\/markt\\\/produkt\\\/zamboo-universal-kinderwagen-klammern-6-stueck-haken-clips-zur-befestigung-von-spielzeug-spucktuechern-und-kleidung-an-buggy-kinderwagen-oder-babyschale-grau-weiss\\\/\",\"url\":\"https:\\\/\\\/marktxxl.de\\\/markt\\\/produkt\\\/zamboo-universal-kinderwagen-klammern-6-stueck-haken-clips-zur-befestigung-von-spielzeug-spucktuechern-und-kleidung-an-buggy-kinderwagen-oder-babyschale-grau-weiss\\\/\",\"name\":\"Zamboo Universal Kinderwagen Klammern 6 St\u00fcck - Haken\\\/Clips zur Befestigung von Spielzeug, Spuckt\u00fcchern und Kleidung an\u2026 - Markt-XXL\",\"isPartOf\":{\"@id\":\"https:\\\/\\\/marktxxl.de\\\/markt\\\/#website\"},\"primaryImageOfPage\":{\"@id\":\"https:\\\/\\\/marktxxl.de\\\/markt\\\/produkt\\\/zamboo-universal-kinderwagen-klammern-6-stueck-haken-clips-zur-befestigung-von-spielzeug-spucktuechern-und-kleidung-an-buggy-kinderwagen-oder-babyschale-grau-weiss\\\/#primaryimage\"},\"image\":{\"@id\":\"https:\\\/\\\/marktxxl.de\\\/markt\\\/produkt\\\/zamboo-universal-kinderwagen-klammern-6-stueck-haken-clips-zur-befestigung-von-spielzeug-spucktuechern-und-kleidung-an-buggy-kinderwagen-oder-babyschale-grau-weiss\\\/#primaryimage\"},\"thumbnailUrl\":\"https:\\\/\\\/m.media-amazon.com\\\/images\\\/I\\\/41RBc8sa-dL._SL500_.jpg\",\"datePublished\":\"2021-10-12T23:15:10+00:00\",\"dateModified\":\"2023-04-07T23:41:26+00:00\",\"description\":\"Markt-XXL Zamboo Universal Kinderwagen Klammern 6 St\u00fcck - Haken\\\/Clips zur Befestigung von Spielzeug, Spuckt\u00fcchern und Kleidung an\u2026\",\"breadcrumb\":{\"@id\":\"https:\\\/\\\/marktxxl.de\\\/markt\\\/produkt\\\/zamboo-universal-kinderwagen-klammern-6-stueck-haken-clips-zur-befestigung-von-spielzeug-spucktuechern-und-kleidung-an-buggy-kinderwagen-oder-babyschale-grau-weiss\\\/#breadcrumb\"},\"inLanguage\":\"de\",\"potentialAction\":[{\"@type\":\"ReadAction\",\"target\":[\"https:\\\/\\\/marktxxl.de\\\/markt\\\/produkt\\\/zamboo-universal-kinderwagen-klammern-6-stueck-haken-clips-zur-befestigung-von-spielzeug-spucktuechern-und-kleidung-an-buggy-kinderwagen-oder-babyschale-grau-weiss\\\/\"]}]},{\"@type\":\"ImageObject\",\"inLanguage\":\"de\",\"@id\":\"https:\\\/\\\/marktxxl.de\\\/markt\\\/produkt\\\/zamboo-universal-kinderwagen-klammern-6-stueck-haken-clips-zur-befestigung-von-spielzeug-spucktuechern-und-kleidung-an-buggy-kinderwagen-oder-babyschale-grau-weiss\\\/#primaryimage\",\"url\":\"https:\\\/\\\/m.media-amazon.com\\\/images\\\/I\\\/41RBc8sa-dL._SL500_.jpg\",\"contentUrl\":\"https:\\\/\\\/m.media-amazon.com\\\/images\\\/I\\\/41RBc8sa-dL._SL500_.jpg\",\"width\":500,\"height\":500},{\"@type\":\"BreadcrumbList\",\"@id\":\"https:\\\/\\\/marktxxl.de\\\/markt\\\/produkt\\\/zamboo-universal-kinderwagen-klammern-6-stueck-haken-clips-zur-befestigung-von-spielzeug-spucktuechern-und-kleidung-an-buggy-kinderwagen-oder-babyschale-grau-weiss\\\/#breadcrumb\",\"itemListElement\":[{\"@type\":\"ListItem\",\"position\":1,\"name\":\"Startseite\",\"item\":\"https:\\\/\\\/marktxxl.de\\\/markt\\\/\"},{\"@type\":\"ListItem\",\"position\":2,\"name\":\"Markt\",\"item\":\"https:\\\/\\\/marktxxl.de\\\/markt\\\/\"},{\"@type\":\"ListItem\",\"position\":3,\"name\":\"Zamboo Universal Kinderwagen Klammern 6 St\u00fcck &#8211; Haken\\\/Clips zur Befestigung von Spielzeug, Spuckt\u00fcchern und Kleidung an\u2026\"}]},{\"@type\":\"WebSite\",\"@id\":\"https:\\\/\\\/marktxxl.de\\\/markt\\\/#website\",\"url\":\"https:\\\/\\\/marktxxl.de\\\/markt\\\/\",\"name\":\"Markt-XXL\",\"description\":\"Ihr Markt Online\",\"publisher\":{\"@id\":\"https:\\\/\\\/marktxxl.de\\\/markt\\\/#organization\"},\"potentialAction\":[{\"@type\":\"SearchAction\",\"target\":{\"@type\":\"EntryPoint\",\"urlTemplate\":\"https:\\\/\\\/marktxxl.de\\\/markt\\\/?s={search_term_string}\"},\"query-input\":{\"@type\":\"PropertyValueSpecification\",\"valueRequired\":true,\"valueName\":\"search_term_string\"}}],\"inLanguage\":\"de\"},{\"@type\":\"Organization\",\"@id\":\"https:\\\/\\\/marktxxl.de\\\/markt\\\/#organization\",\"name\":\"Markt-XXL\",\"url\":\"https:\\\/\\\/marktxxl.de\\\/markt\\\/\",\"logo\":{\"@type\":\"ImageObject\",\"inLanguage\":\"de\",\"@id\":\"https:\\\/\\\/marktxxl.de\\\/markt\\\/#\\\/schema\\\/logo\\\/image\\\/\",\"url\":\"https:\\\/\\\/marktxxl.de\\\/markt\\\/wp-content\\\/uploads\\\/sites\\\/3\\\/2020\\\/12\\\/logo.png\",\"contentUrl\":\"https:\\\/\\\/marktxxl.de\\\/markt\\\/wp-content\\\/uploads\\\/sites\\\/3\\\/2020\\\/12\\\/logo.png\",\"width\":200,\"height\":70,\"caption\":\"Markt-XXL\"},\"image\":{\"@id\":\"https:\\\/\\\/marktxxl.de\\\/markt\\\/#\\\/schema\\\/logo\\\/image\\\/\"}}]}<\/script>\n<!-- \/ Yoast SEO plugin. -->","yoast_head_json":{"title":"Zamboo Universal Kinderwagen Klammern 6 St\u00fcck - Haken\/Clips zur Befestigung von Spielzeug, Spuckt\u00fcchern und Kleidung an\u2026 - Markt-XXL","description":"Markt-XXL Zamboo Universal Kinderwagen Klammern 6 St\u00fcck - Haken\/Clips zur Befestigung von Spielzeug, Spuckt\u00fcchern und Kleidung an\u2026","robots":{"index":"index","follow":"follow","max-snippet":"max-snippet:-1","max-image-preview":"max-image-preview:large","max-video-preview":"max-video-preview:-1"},"canonical":"https:\/\/marktxxl.de\/markt\/produkt\/zamboo-universal-kinderwagen-klammern-6-stueck-haken-clips-zur-befestigung-von-spielzeug-spucktuechern-und-kleidung-an-buggy-kinderwagen-oder-babyschale-grau-weiss\/","og_locale":"de_DE","og_type":"article","og_title":"Zamboo Universal Kinderwagen Klammern 6 St\u00fcck - Haken\/Clips zur Befestigung von Spielzeug, Spuckt\u00fcchern und Kleidung an\u2026 - Markt-XXL","og_description":"Markt-XXL Zamboo Universal Kinderwagen Klammern 6 St\u00fcck - Haken\/Clips zur Befestigung von Spielzeug, Spuckt\u00fcchern und Kleidung an\u2026","og_url":"https:\/\/marktxxl.de\/markt\/produkt\/zamboo-universal-kinderwagen-klammern-6-stueck-haken-clips-zur-befestigung-von-spielzeug-spucktuechern-und-kleidung-an-buggy-kinderwagen-oder-babyschale-grau-weiss\/","og_site_name":"Markt-XXL","article_modified_time":"2023-04-07T23:41:26+00:00","og_image":[{"width":500,"height":500,"url":"https:\/\/m.media-amazon.com\/images\/I\/41RBc8sa-dL._SL500_.jpg","type":"image\/jpeg"}],"twitter_card":"summary_large_image","twitter_misc":{"Gesch\u00e4tzte Lesezeit":"1\u00a0Minute"},"schema":{"@context":"https:\/\/schema.org","@graph":[{"@type":"WebPage","@id":"https:\/\/marktxxl.de\/markt\/produkt\/zamboo-universal-kinderwagen-klammern-6-stueck-haken-clips-zur-befestigung-von-spielzeug-spucktuechern-und-kleidung-an-buggy-kinderwagen-oder-babyschale-grau-weiss\/","url":"https:\/\/marktxxl.de\/markt\/produkt\/zamboo-universal-kinderwagen-klammern-6-stueck-haken-clips-zur-befestigung-von-spielzeug-spucktuechern-und-kleidung-an-buggy-kinderwagen-oder-babyschale-grau-weiss\/","name":"Zamboo Universal Kinderwagen Klammern 6 St\u00fcck - Haken\/Clips zur Befestigung von Spielzeug, Spuckt\u00fcchern und Kleidung an\u2026 - Markt-XXL","isPartOf":{"@id":"https:\/\/marktxxl.de\/markt\/#website"},"primaryImageOfPage":{"@id":"https:\/\/marktxxl.de\/markt\/produkt\/zamboo-universal-kinderwagen-klammern-6-stueck-haken-clips-zur-befestigung-von-spielzeug-spucktuechern-und-kleidung-an-buggy-kinderwagen-oder-babyschale-grau-weiss\/#primaryimage"},"image":{"@id":"https:\/\/marktxxl.de\/markt\/produkt\/zamboo-universal-kinderwagen-klammern-6-stueck-haken-clips-zur-befestigung-von-spielzeug-spucktuechern-und-kleidung-an-buggy-kinderwagen-oder-babyschale-grau-weiss\/#primaryimage"},"thumbnailUrl":"https:\/\/m.media-amazon.com\/images\/I\/41RBc8sa-dL._SL500_.jpg","datePublished":"2021-10-12T23:15:10+00:00","dateModified":"2023-04-07T23:41:26+00:00","description":"Markt-XXL Zamboo Universal Kinderwagen Klammern 6 St\u00fcck - Haken\/Clips zur Befestigung von Spielzeug, Spuckt\u00fcchern und Kleidung an\u2026","breadcrumb":{"@id":"https:\/\/marktxxl.de\/markt\/produkt\/zamboo-universal-kinderwagen-klammern-6-stueck-haken-clips-zur-befestigung-von-spielzeug-spucktuechern-und-kleidung-an-buggy-kinderwagen-oder-babyschale-grau-weiss\/#breadcrumb"},"inLanguage":"de","potentialAction":[{"@type":"ReadAction","target":["https:\/\/marktxxl.de\/markt\/produkt\/zamboo-universal-kinderwagen-klammern-6-stueck-haken-clips-zur-befestigung-von-spielzeug-spucktuechern-und-kleidung-an-buggy-kinderwagen-oder-babyschale-grau-weiss\/"]}]},{"@type":"ImageObject","inLanguage":"de","@id":"https:\/\/marktxxl.de\/markt\/produkt\/zamboo-universal-kinderwagen-klammern-6-stueck-haken-clips-zur-befestigung-von-spielzeug-spucktuechern-und-kleidung-an-buggy-kinderwagen-oder-babyschale-grau-weiss\/#primaryimage","url":"https:\/\/m.media-amazon.com\/images\/I\/41RBc8sa-dL._SL500_.jpg","contentUrl":"https:\/\/m.media-amazon.com\/images\/I\/41RBc8sa-dL._SL500_.jpg","width":500,"height":500},{"@type":"BreadcrumbList","@id":"https:\/\/marktxxl.de\/markt\/produkt\/zamboo-universal-kinderwagen-klammern-6-stueck-haken-clips-zur-befestigung-von-spielzeug-spucktuechern-und-kleidung-an-buggy-kinderwagen-oder-babyschale-grau-weiss\/#breadcrumb","itemListElement":[{"@type":"ListItem","position":1,"name":"Startseite","item":"https:\/\/marktxxl.de\/markt\/"},{"@type":"ListItem","position":2,"name":"Markt","item":"https:\/\/marktxxl.de\/markt\/"},{"@type":"ListItem","position":3,"name":"Zamboo Universal Kinderwagen Klammern 6 St\u00fcck &#8211; Haken\/Clips zur Befestigung von Spielzeug, Spuckt\u00fcchern und Kleidung an\u2026"}]},{"@type":"WebSite","@id":"https:\/\/marktxxl.de\/markt\/#website","url":"https:\/\/marktxxl.de\/markt\/","name":"Markt-XXL","description":"Ihr Markt Online","publisher":{"@id":"https:\/\/marktxxl.de\/markt\/#organization"},"potentialAction":[{"@type":"SearchAction","target":{"@type":"EntryPoint","urlTemplate":"https:\/\/marktxxl.de\/markt\/?s={search_term_string}"},"query-input":{"@type":"PropertyValueSpecification","valueRequired":true,"valueName":"search_term_string"}}],"inLanguage":"de"},{"@type":"Organization","@id":"https:\/\/marktxxl.de\/markt\/#organization","name":"Markt-XXL","url":"https:\/\/marktxxl.de\/markt\/","logo":{"@type":"ImageObject","inLanguage":"de","@id":"https:\/\/marktxxl.de\/markt\/#\/schema\/logo\/image\/","url":"https:\/\/marktxxl.de\/markt\/wp-content\/uploads\/sites\/3\/2020\/12\/logo.png","contentUrl":"https:\/\/marktxxl.de\/markt\/wp-content\/uploads\/sites\/3\/2020\/12\/logo.png","width":200,"height":70,"caption":"Markt-XXL"},"image":{"@id":"https:\/\/marktxxl.de\/markt\/#\/schema\/logo\/image\/"}}]}},"_links":{"self":[{"href":"https:\/\/marktxxl.de\/markt\/wp-json\/wp\/v2\/product\/50308","targetHints":{"allow":["GET"]}}],"collection":[{"href":"https:\/\/marktxxl.de\/markt\/wp-json\/wp\/v2\/product"}],"about":[{"href":"https:\/\/marktxxl.de\/markt\/wp-json\/wp\/v2\/types\/product"}],"replies":[{"embeddable":true,"href":"https:\/\/marktxxl.de\/markt\/wp-json\/wp\/v2\/comments?post=50308"}],"wp:featuredmedia":[{"embeddable":true,"href":"https:\/\/marktxxl.de\/markt\/wp-json\/wp\/v2\/media\/50309"}],"wp:attachment":[{"href":"https:\/\/marktxxl.de\/markt\/wp-json\/wp\/v2\/media?parent=50308"}],"wp:term":[{"taxonomy":"product_brand","embeddable":true,"href":"https:\/\/marktxxl.de\/markt\/wp-json\/wp\/v2\/product_brand?post=50308"},{"taxonomy":"product_cat","embeddable":true,"href":"https:\/\/marktxxl.de\/markt\/wp-json\/wp\/v2\/product_cat?post=50308"},{"taxonomy":"product_tag","embeddable":true,"href":"https:\/\/marktxxl.de\/markt\/wp-json\/wp\/v2\/product_tag?post=50308"}],"curies":[{"name":"wp","href":"https:\/\/api.w.org\/{rel}","templated":true}]}}