{"id":50298,"date":"2021-10-13T01:15:08","date_gmt":"2021-10-12T23:15:08","guid":{"rendered":"https:\/\/marktxxl.de\/markt\/produkt\/laessig-kinderwagenbefestigung-2-stk-klettverschluss-haken-kinderwagenhaken-einkaufshaken-metall-stroller-hooks-metal-schwarz\/"},"modified":"2023-04-08T01:41:25","modified_gmt":"2023-04-07T23:41:25","slug":"laessig-kinderwagenbefestigung-2-stk-klettverschluss-haken-kinderwagenhaken-einkaufshaken-metall-stroller-hooks-metal-schwarz","status":"publish","type":"product","link":"https:\/\/marktxxl.de\/markt\/produkt\/laessig-kinderwagenbefestigung-2-stk-klettverschluss-haken-kinderwagenhaken-einkaufshaken-metall-stroller-hooks-metal-schwarz\/","title":{"rendered":"L\u00c4SSIG Kinderwagenbefestigung (2 Stk.) Klettverschluss Haken Kinderwagenhaken Einkaufshaken Metall\/Stroller Hooks Metal\u2026"},"content":{"rendered":"<p>MULTIFUNKTIONAL: Schnelle und kinderleichte Befestigung. Das Set aus 2 Haken bestehend passt zu allen g\u00e4ngigen Kinderwagen- oder Buggy-Modellen, kann am Fahrradanh\u00e4nger montiert werden und eignet sich sogar f\u00fcr den Einkaufswagen, Rolator, Fahrrad oder Gehhilfe<br \/>\nHANDLICH UND PRAKTISCH: Die Taschenbefestigung mit ihren 360-Grad drehbaren Karabinern sind nicht nur kompatibel mit allen g\u00e4ngigen Buggy- und Kinderwagen-Modellen, sie eignen sich f\u00fcr jedes Taschenmodell, jeden Rucksack oder auch f\u00fcr Trinkflaschen am Buggy oder Kinderwagen und lassen sich immer wieder abnehmen und anderweitig verwenden sofern der die Taschen \u00d6sen haben zum Befestigen<br \/>\nFLEXIBEL: Selbstverst\u00e4ndlich k\u00f6nnen si auch einfach am Kinderwagen bleiben. Selbst wenn das Taschenmodell mal wechselt, wird die Position der Befestigungsschlaufen einfach neu ausgerichtet. Das gilt nicht nur f\u00fcr L\u00c4SSIG Modelle, sondern auch f\u00fcr alle anderen Produkte, die \u00fcber Schlaufen, Haken oder andere Befestigungsm\u00f6glichkeiten verf\u00fcgen<br \/>\nSICHER UNTERWEGS: Mit den L\u00c4SSIG Stroller Hooks wird sichergestellt, dass Taschen und Zubeh\u00f6r fest fixiert am Kinderwagen oder Buggy sitzen. Ein Verrutschen ist nicht m\u00f6glich, da die Befestigungsschlaufen gr\u00f6\u00dfenverstellbar sind und somit an die Griffst\u00e4rke angepasst werden. Und das zu \u00fcberall zu jeder Zeit ohne weiteres Zubeh\u00f6r oder Werkzeug zu ben\u00f6tigen<br \/>\nLANGLEBIG: Der Klettverschluss ist aus besonders hochwertigem Polyester \u2013 auch nach mehrmaliger Verwendung sitzen die Haken noch fest. Die Karabiner sind aus besonders stabilem Kunststoff mit Metallb\u00fcgel und vertragen einiges an Gewicht<br \/>\n<div class=\"main-cross-sell\" data-asin=\"B019ZUN2R8\">\n\n\t<div class=\"WooZone-cross-sell-loader\">\n\t\t<div>\n\t\t\t<div id=\"floatingBarsG\">\n\t\t\t\t<div class=\"blockG\" id=\"rotateG_01\"><\/div>\n\t\t\t\t<div class=\"blockG\" id=\"rotateG_02\"><\/div>\n\t\t\t\t<div class=\"blockG\" id=\"rotateG_03\"><\/div>\n\t\t\t\t<div class=\"blockG\" id=\"rotateG_04\"><\/div>\n\t\t\t\t<div class=\"blockG\" id=\"rotateG_05\"><\/div>\n\t\t\t\t<div class=\"blockG\" id=\"rotateG_06\"><\/div>\n\t\t\t\t<div class=\"blockG\" id=\"rotateG_07\"><\/div>\n\t\t\t\t<div class=\"blockG\" id=\"rotateG_08\"><\/div>\n\t\t\t<\/div>\n\t\t\t<div class=\"WooZone-cross-sell-loader-text\"><\/div>\n\t\t<\/div>\n\t<\/div>\n\n\t\t\n<\/div>\n<div style=\"clear:both;\"><\/div><\/p>\n","protected":false},"excerpt":{"rendered":"<p>MULTIFUNKTIONAL: Schnelle und kinderleichte Befestigung. Das Set aus 2 Haken bestehend passt zu allen g\u00e4ngigen Kinderwagen- oder Buggy-Modellen, kann am Fahrradanh\u00e4nger montiert werden und eignet sich sogar f\u00fcr den Einkaufswagen, Rolator, Fahrrad oder Gehhilfe<br \/>\nHANDLICH UND PRAKTISCH: Die Taschenbefestigung mit ihren 360-Grad drehbaren Karabinern sind nicht nur kompatibel mit allen g\u00e4ngigen Buggy- und Kinderwagen-Modellen, sie eignen sich f\u00fcr jedes Taschenmodell, jeden Rucksack oder auch f\u00fcr Trinkflaschen am Buggy oder Kinderwagen und lassen sich immer wieder abnehmen und anderweitig verwenden sofern der die Taschen \u00d6sen haben zum Befestigen<br \/>\nFLEXIBEL: Selbstverst\u00e4ndlich k\u00f6nnen si auch einfach am Kinderwagen bleiben. Selbst wenn das Taschenmodell mal wechselt, wird die Position der Befestigungsschlaufen einfach neu ausgerichtet. Das gilt nicht nur f\u00fcr L\u00c4SSIG Modelle, sondern auch f\u00fcr alle anderen Produkte, die \u00fcber Schlaufen, Haken oder andere Befestigungsm\u00f6glichkeiten verf\u00fcgen<\/p>\n","protected":false},"featured_media":50299,"comment_status":"open","ping_status":"closed","template":"","meta":[],"product_brand":[],"product_cat":[21,9329],"product_tag":[],"class_list":{"0":"post-50298","1":"product","2":"type-product","3":"status-publish","4":"has-post-thumbnail","6":"product_cat-baby","7":"product_cat-kinderwagen-buggys-zubehoer-baby","8":"pa_binding-babyartikel","9":"pa_brand-laessig","10":"pa_color-schwarz","11":"pa_height-1-181102361-zoll","12":"pa_languages-handbuch-deutsch-unbekannt-deutsch","13":"pa_length-0-787401574-zoll","14":"pa_manufacturer-laessig","15":"pa_model-lho02","16":"pa_size-2-stueck-1er-pack","17":"pa_weight-0-05-pfund","18":"pa_width-1-574803148-zoll","20":"first","21":"instock","22":"shipping-taxable","23":"purchasable","24":"product-type-simple","25":"customify-col","26":"product-has-gallery"},"yoast_head":"<!-- This site is optimized with the Yoast SEO plugin v27.4 - https:\/\/yoast.com\/product\/yoast-seo-wordpress\/ -->\n<title>L\u00c4SSIG Kinderwagenbefestigung (2 Stk.) Klettverschluss Haken Kinderwagenhaken Einkaufshaken Metall\/Stroller Hooks Metal\u2026 - Markt-XXL<\/title>\n<meta name=\"description\" content=\"Markt-XXL L\u00c4SSIG Kinderwagenbefestigung (2 Stk.) Klettverschluss Haken Kinderwagenhaken Einkaufshaken Metall\/Stroller Hooks Metal\u2026\" \/>\n<meta name=\"robots\" content=\"index, follow, max-snippet:-1, max-image-preview:large, max-video-preview:-1\" \/>\n<link rel=\"canonical\" href=\"https:\/\/marktxxl.de\/markt\/produkt\/laessig-kinderwagenbefestigung-2-stk-klettverschluss-haken-kinderwagenhaken-einkaufshaken-metall-stroller-hooks-metal-schwarz\/\" \/>\n<meta property=\"og:locale\" content=\"de_DE\" \/>\n<meta property=\"og:type\" content=\"article\" \/>\n<meta property=\"og:title\" content=\"L\u00c4SSIG Kinderwagenbefestigung (2 Stk.) Klettverschluss Haken Kinderwagenhaken Einkaufshaken Metall\/Stroller Hooks Metal\u2026 - Markt-XXL\" \/>\n<meta property=\"og:description\" content=\"Markt-XXL L\u00c4SSIG Kinderwagenbefestigung (2 Stk.) Klettverschluss Haken Kinderwagenhaken Einkaufshaken Metall\/Stroller Hooks Metal\u2026\" \/>\n<meta property=\"og:url\" content=\"https:\/\/marktxxl.de\/markt\/produkt\/laessig-kinderwagenbefestigung-2-stk-klettverschluss-haken-kinderwagenhaken-einkaufshaken-metall-stroller-hooks-metal-schwarz\/\" \/>\n<meta property=\"og:site_name\" content=\"Markt-XXL\" \/>\n<meta property=\"article:modified_time\" content=\"2023-04-07T23:41:25+00:00\" \/>\n<meta property=\"og:image\" content=\"https:\/\/m.media-amazon.com\/images\/I\/41GMN5ciKKL._SL500_.jpg\" \/>\n\t<meta property=\"og:image:width\" content=\"500\" \/>\n\t<meta property=\"og:image:height\" content=\"500\" \/>\n\t<meta property=\"og:image:type\" content=\"image\/jpeg\" \/>\n<meta name=\"twitter:card\" content=\"summary_large_image\" \/>\n<meta name=\"twitter:label1\" content=\"Gesch\u00e4tzte Lesezeit\" \/>\n\t<meta name=\"twitter:data1\" content=\"1\u00a0Minute\" \/>\n<script type=\"application\/ld+json\" class=\"yoast-schema-graph\">{\"@context\":\"https:\\\/\\\/schema.org\",\"@graph\":[{\"@type\":\"WebPage\",\"@id\":\"https:\\\/\\\/marktxxl.de\\\/markt\\\/produkt\\\/laessig-kinderwagenbefestigung-2-stk-klettverschluss-haken-kinderwagenhaken-einkaufshaken-metall-stroller-hooks-metal-schwarz\\\/\",\"url\":\"https:\\\/\\\/marktxxl.de\\\/markt\\\/produkt\\\/laessig-kinderwagenbefestigung-2-stk-klettverschluss-haken-kinderwagenhaken-einkaufshaken-metall-stroller-hooks-metal-schwarz\\\/\",\"name\":\"L\u00c4SSIG Kinderwagenbefestigung (2 Stk.) Klettverschluss Haken Kinderwagenhaken Einkaufshaken Metall\\\/Stroller Hooks Metal\u2026 - Markt-XXL\",\"isPartOf\":{\"@id\":\"https:\\\/\\\/marktxxl.de\\\/markt\\\/#website\"},\"primaryImageOfPage\":{\"@id\":\"https:\\\/\\\/marktxxl.de\\\/markt\\\/produkt\\\/laessig-kinderwagenbefestigung-2-stk-klettverschluss-haken-kinderwagenhaken-einkaufshaken-metall-stroller-hooks-metal-schwarz\\\/#primaryimage\"},\"image\":{\"@id\":\"https:\\\/\\\/marktxxl.de\\\/markt\\\/produkt\\\/laessig-kinderwagenbefestigung-2-stk-klettverschluss-haken-kinderwagenhaken-einkaufshaken-metall-stroller-hooks-metal-schwarz\\\/#primaryimage\"},\"thumbnailUrl\":\"https:\\\/\\\/m.media-amazon.com\\\/images\\\/I\\\/41GMN5ciKKL._SL500_.jpg\",\"datePublished\":\"2021-10-12T23:15:08+00:00\",\"dateModified\":\"2023-04-07T23:41:25+00:00\",\"description\":\"Markt-XXL L\u00c4SSIG Kinderwagenbefestigung (2 Stk.) Klettverschluss Haken Kinderwagenhaken Einkaufshaken Metall\\\/Stroller Hooks Metal\u2026\",\"breadcrumb\":{\"@id\":\"https:\\\/\\\/marktxxl.de\\\/markt\\\/produkt\\\/laessig-kinderwagenbefestigung-2-stk-klettverschluss-haken-kinderwagenhaken-einkaufshaken-metall-stroller-hooks-metal-schwarz\\\/#breadcrumb\"},\"inLanguage\":\"de\",\"potentialAction\":[{\"@type\":\"ReadAction\",\"target\":[\"https:\\\/\\\/marktxxl.de\\\/markt\\\/produkt\\\/laessig-kinderwagenbefestigung-2-stk-klettverschluss-haken-kinderwagenhaken-einkaufshaken-metall-stroller-hooks-metal-schwarz\\\/\"]}]},{\"@type\":\"ImageObject\",\"inLanguage\":\"de\",\"@id\":\"https:\\\/\\\/marktxxl.de\\\/markt\\\/produkt\\\/laessig-kinderwagenbefestigung-2-stk-klettverschluss-haken-kinderwagenhaken-einkaufshaken-metall-stroller-hooks-metal-schwarz\\\/#primaryimage\",\"url\":\"https:\\\/\\\/m.media-amazon.com\\\/images\\\/I\\\/41GMN5ciKKL._SL500_.jpg\",\"contentUrl\":\"https:\\\/\\\/m.media-amazon.com\\\/images\\\/I\\\/41GMN5ciKKL._SL500_.jpg\",\"width\":500,\"height\":500},{\"@type\":\"BreadcrumbList\",\"@id\":\"https:\\\/\\\/marktxxl.de\\\/markt\\\/produkt\\\/laessig-kinderwagenbefestigung-2-stk-klettverschluss-haken-kinderwagenhaken-einkaufshaken-metall-stroller-hooks-metal-schwarz\\\/#breadcrumb\",\"itemListElement\":[{\"@type\":\"ListItem\",\"position\":1,\"name\":\"Startseite\",\"item\":\"https:\\\/\\\/marktxxl.de\\\/markt\\\/\"},{\"@type\":\"ListItem\",\"position\":2,\"name\":\"Markt\",\"item\":\"https:\\\/\\\/marktxxl.de\\\/markt\\\/\"},{\"@type\":\"ListItem\",\"position\":3,\"name\":\"L\u00c4SSIG Kinderwagenbefestigung (2 Stk.) Klettverschluss Haken Kinderwagenhaken Einkaufshaken Metall\\\/Stroller Hooks Metal\u2026\"}]},{\"@type\":\"WebSite\",\"@id\":\"https:\\\/\\\/marktxxl.de\\\/markt\\\/#website\",\"url\":\"https:\\\/\\\/marktxxl.de\\\/markt\\\/\",\"name\":\"Markt-XXL\",\"description\":\"Ihr Markt Online\",\"publisher\":{\"@id\":\"https:\\\/\\\/marktxxl.de\\\/markt\\\/#organization\"},\"potentialAction\":[{\"@type\":\"SearchAction\",\"target\":{\"@type\":\"EntryPoint\",\"urlTemplate\":\"https:\\\/\\\/marktxxl.de\\\/markt\\\/?s={search_term_string}\"},\"query-input\":{\"@type\":\"PropertyValueSpecification\",\"valueRequired\":true,\"valueName\":\"search_term_string\"}}],\"inLanguage\":\"de\"},{\"@type\":\"Organization\",\"@id\":\"https:\\\/\\\/marktxxl.de\\\/markt\\\/#organization\",\"name\":\"Markt-XXL\",\"url\":\"https:\\\/\\\/marktxxl.de\\\/markt\\\/\",\"logo\":{\"@type\":\"ImageObject\",\"inLanguage\":\"de\",\"@id\":\"https:\\\/\\\/marktxxl.de\\\/markt\\\/#\\\/schema\\\/logo\\\/image\\\/\",\"url\":\"https:\\\/\\\/marktxxl.de\\\/markt\\\/wp-content\\\/uploads\\\/sites\\\/3\\\/2020\\\/12\\\/logo.png\",\"contentUrl\":\"https:\\\/\\\/marktxxl.de\\\/markt\\\/wp-content\\\/uploads\\\/sites\\\/3\\\/2020\\\/12\\\/logo.png\",\"width\":200,\"height\":70,\"caption\":\"Markt-XXL\"},\"image\":{\"@id\":\"https:\\\/\\\/marktxxl.de\\\/markt\\\/#\\\/schema\\\/logo\\\/image\\\/\"}}]}<\/script>\n<!-- \/ Yoast SEO plugin. -->","yoast_head_json":{"title":"L\u00c4SSIG Kinderwagenbefestigung (2 Stk.) Klettverschluss Haken Kinderwagenhaken Einkaufshaken Metall\/Stroller Hooks Metal\u2026 - Markt-XXL","description":"Markt-XXL L\u00c4SSIG Kinderwagenbefestigung (2 Stk.) Klettverschluss Haken Kinderwagenhaken Einkaufshaken Metall\/Stroller Hooks Metal\u2026","robots":{"index":"index","follow":"follow","max-snippet":"max-snippet:-1","max-image-preview":"max-image-preview:large","max-video-preview":"max-video-preview:-1"},"canonical":"https:\/\/marktxxl.de\/markt\/produkt\/laessig-kinderwagenbefestigung-2-stk-klettverschluss-haken-kinderwagenhaken-einkaufshaken-metall-stroller-hooks-metal-schwarz\/","og_locale":"de_DE","og_type":"article","og_title":"L\u00c4SSIG Kinderwagenbefestigung (2 Stk.) Klettverschluss Haken Kinderwagenhaken Einkaufshaken Metall\/Stroller Hooks Metal\u2026 - Markt-XXL","og_description":"Markt-XXL L\u00c4SSIG Kinderwagenbefestigung (2 Stk.) Klettverschluss Haken Kinderwagenhaken Einkaufshaken Metall\/Stroller Hooks Metal\u2026","og_url":"https:\/\/marktxxl.de\/markt\/produkt\/laessig-kinderwagenbefestigung-2-stk-klettverschluss-haken-kinderwagenhaken-einkaufshaken-metall-stroller-hooks-metal-schwarz\/","og_site_name":"Markt-XXL","article_modified_time":"2023-04-07T23:41:25+00:00","og_image":[{"width":500,"height":500,"url":"https:\/\/m.media-amazon.com\/images\/I\/41GMN5ciKKL._SL500_.jpg","type":"image\/jpeg"}],"twitter_card":"summary_large_image","twitter_misc":{"Gesch\u00e4tzte Lesezeit":"1\u00a0Minute"},"schema":{"@context":"https:\/\/schema.org","@graph":[{"@type":"WebPage","@id":"https:\/\/marktxxl.de\/markt\/produkt\/laessig-kinderwagenbefestigung-2-stk-klettverschluss-haken-kinderwagenhaken-einkaufshaken-metall-stroller-hooks-metal-schwarz\/","url":"https:\/\/marktxxl.de\/markt\/produkt\/laessig-kinderwagenbefestigung-2-stk-klettverschluss-haken-kinderwagenhaken-einkaufshaken-metall-stroller-hooks-metal-schwarz\/","name":"L\u00c4SSIG Kinderwagenbefestigung (2 Stk.) Klettverschluss Haken Kinderwagenhaken Einkaufshaken Metall\/Stroller Hooks Metal\u2026 - Markt-XXL","isPartOf":{"@id":"https:\/\/marktxxl.de\/markt\/#website"},"primaryImageOfPage":{"@id":"https:\/\/marktxxl.de\/markt\/produkt\/laessig-kinderwagenbefestigung-2-stk-klettverschluss-haken-kinderwagenhaken-einkaufshaken-metall-stroller-hooks-metal-schwarz\/#primaryimage"},"image":{"@id":"https:\/\/marktxxl.de\/markt\/produkt\/laessig-kinderwagenbefestigung-2-stk-klettverschluss-haken-kinderwagenhaken-einkaufshaken-metall-stroller-hooks-metal-schwarz\/#primaryimage"},"thumbnailUrl":"https:\/\/m.media-amazon.com\/images\/I\/41GMN5ciKKL._SL500_.jpg","datePublished":"2021-10-12T23:15:08+00:00","dateModified":"2023-04-07T23:41:25+00:00","description":"Markt-XXL L\u00c4SSIG Kinderwagenbefestigung (2 Stk.) Klettverschluss Haken Kinderwagenhaken Einkaufshaken Metall\/Stroller Hooks Metal\u2026","breadcrumb":{"@id":"https:\/\/marktxxl.de\/markt\/produkt\/laessig-kinderwagenbefestigung-2-stk-klettverschluss-haken-kinderwagenhaken-einkaufshaken-metall-stroller-hooks-metal-schwarz\/#breadcrumb"},"inLanguage":"de","potentialAction":[{"@type":"ReadAction","target":["https:\/\/marktxxl.de\/markt\/produkt\/laessig-kinderwagenbefestigung-2-stk-klettverschluss-haken-kinderwagenhaken-einkaufshaken-metall-stroller-hooks-metal-schwarz\/"]}]},{"@type":"ImageObject","inLanguage":"de","@id":"https:\/\/marktxxl.de\/markt\/produkt\/laessig-kinderwagenbefestigung-2-stk-klettverschluss-haken-kinderwagenhaken-einkaufshaken-metall-stroller-hooks-metal-schwarz\/#primaryimage","url":"https:\/\/m.media-amazon.com\/images\/I\/41GMN5ciKKL._SL500_.jpg","contentUrl":"https:\/\/m.media-amazon.com\/images\/I\/41GMN5ciKKL._SL500_.jpg","width":500,"height":500},{"@type":"BreadcrumbList","@id":"https:\/\/marktxxl.de\/markt\/produkt\/laessig-kinderwagenbefestigung-2-stk-klettverschluss-haken-kinderwagenhaken-einkaufshaken-metall-stroller-hooks-metal-schwarz\/#breadcrumb","itemListElement":[{"@type":"ListItem","position":1,"name":"Startseite","item":"https:\/\/marktxxl.de\/markt\/"},{"@type":"ListItem","position":2,"name":"Markt","item":"https:\/\/marktxxl.de\/markt\/"},{"@type":"ListItem","position":3,"name":"L\u00c4SSIG Kinderwagenbefestigung (2 Stk.) Klettverschluss Haken Kinderwagenhaken Einkaufshaken Metall\/Stroller Hooks Metal\u2026"}]},{"@type":"WebSite","@id":"https:\/\/marktxxl.de\/markt\/#website","url":"https:\/\/marktxxl.de\/markt\/","name":"Markt-XXL","description":"Ihr Markt Online","publisher":{"@id":"https:\/\/marktxxl.de\/markt\/#organization"},"potentialAction":[{"@type":"SearchAction","target":{"@type":"EntryPoint","urlTemplate":"https:\/\/marktxxl.de\/markt\/?s={search_term_string}"},"query-input":{"@type":"PropertyValueSpecification","valueRequired":true,"valueName":"search_term_string"}}],"inLanguage":"de"},{"@type":"Organization","@id":"https:\/\/marktxxl.de\/markt\/#organization","name":"Markt-XXL","url":"https:\/\/marktxxl.de\/markt\/","logo":{"@type":"ImageObject","inLanguage":"de","@id":"https:\/\/marktxxl.de\/markt\/#\/schema\/logo\/image\/","url":"https:\/\/marktxxl.de\/markt\/wp-content\/uploads\/sites\/3\/2020\/12\/logo.png","contentUrl":"https:\/\/marktxxl.de\/markt\/wp-content\/uploads\/sites\/3\/2020\/12\/logo.png","width":200,"height":70,"caption":"Markt-XXL"},"image":{"@id":"https:\/\/marktxxl.de\/markt\/#\/schema\/logo\/image\/"}}]}},"_links":{"self":[{"href":"https:\/\/marktxxl.de\/markt\/wp-json\/wp\/v2\/product\/50298","targetHints":{"allow":["GET"]}}],"collection":[{"href":"https:\/\/marktxxl.de\/markt\/wp-json\/wp\/v2\/product"}],"about":[{"href":"https:\/\/marktxxl.de\/markt\/wp-json\/wp\/v2\/types\/product"}],"replies":[{"embeddable":true,"href":"https:\/\/marktxxl.de\/markt\/wp-json\/wp\/v2\/comments?post=50298"}],"wp:featuredmedia":[{"embeddable":true,"href":"https:\/\/marktxxl.de\/markt\/wp-json\/wp\/v2\/media\/50299"}],"wp:attachment":[{"href":"https:\/\/marktxxl.de\/markt\/wp-json\/wp\/v2\/media?parent=50298"}],"wp:term":[{"taxonomy":"product_brand","embeddable":true,"href":"https:\/\/marktxxl.de\/markt\/wp-json\/wp\/v2\/product_brand?post=50298"},{"taxonomy":"product_cat","embeddable":true,"href":"https:\/\/marktxxl.de\/markt\/wp-json\/wp\/v2\/product_cat?post=50298"},{"taxonomy":"product_tag","embeddable":true,"href":"https:\/\/marktxxl.de\/markt\/wp-json\/wp\/v2\/product_tag?post=50298"}],"curies":[{"name":"wp","href":"https:\/\/api.w.org\/{rel}","templated":true}]}}