{"id":50232,"date":"2021-10-13T01:12:45","date_gmt":"2021-10-12T23:12:45","guid":{"rendered":"https:\/\/marktxxl.de\/markt\/produkt\/glueckswolke-kinderwagen-organizer-motivauswahl-i-kinderwagentasche-verschliessbar-i-kinder-buggy-tasche-mit-feuchttuchspender-i-baby-stroller-bag-grau-i-aufbewahrungstasche\/"},"modified":"2023-04-11T02:11:22","modified_gmt":"2023-04-11T00:11:22","slug":"glueckswolke-kinderwagen-organizer-motivauswahl-i-kinderwagentasche-verschliessbar-i-kinder-buggy-tasche-mit-feuchttuchspender-i-baby-stroller-bag-grau-i-aufbewahrungstasche","status":"publish","type":"product","link":"https:\/\/marktxxl.de\/markt\/produkt\/glueckswolke-kinderwagen-organizer-motivauswahl-i-kinderwagentasche-verschliessbar-i-kinder-buggy-tasche-mit-feuchttuchspender-i-baby-stroller-bag-grau-i-aufbewahrungstasche\/","title":{"rendered":"GL\u00dcCKSWOLKE Kinderwagen Organizer &#8211; 12 Motive I Kinderwagentasche verschlie\u00dfbar I Kinder Buggy Tasche mit\u2026"},"content":{"rendered":"<p>PRAKTISCHER TRAGEHELFER- Dank unserem Kinderwagen Organizer (32 x 15 x 13 cm) hast du ab jetzt alles Wichtige immer sofort griffbereit zur Hand. Ob Windeln, Feuchtt\u00fccher, Babyflasche oder Spielzeug, in dieser Tasche findet alles seinen Platz.<br \/>\nECHTES PLATZWUNDER &#8211; Neben dem gro\u00dfen Hauptfach verf\u00fcgt der Organizer \u00fcber eine Innentasche mit verschlie\u00dfbaren Rei\u00dfverschluss zur sicheren Aufbewahrung deiner Wertsachen. Auch die 2 Getr\u00e4nkehalter sowie der Feuchtt\u00fccherspender werden dir sehr n\u00fctzliche Dienste im Alltag erweisen.<br \/>\nLEICHTE MONTAGE UND STABILER HALT &#8211; Durch die verstellbaren Tragegurte mit Klettverschluss ist die Tasche schnell und einfach am Kinderwagen befestigt. Egal ob dein Gef\u00e4hrt \u00fcber 1 oder 2 Griffe verf\u00fcgt &#8211; Diese Aufbewahrungstasche ist f\u00fcr alle Modelle universal einsetzbar.<br \/>\nHOCHWERTIGES MATERIAL &#8211; Der Kinderwagenorganizer \u00fcberzeugt durch eine hervorragende Qualit\u00e4t. Neben dem extra verst\u00e4rkten Rahmen sorgt das hochwertige Material f\u00fcr einen langlebigen Halt. Ihr werdet garantiert viel Freude daran haben.<br \/>\nEINZIGARTIGES DESIGN &#8211; Das s\u00fc\u00dfe Faultier Motiv wird schnell zum absoluten Hingucker deines Kinderwagens. Ob Gro\u00df oder Klein, die ganze Familie wird begeistert sein. Mit dieser Buggytasche erh\u00e4ltst du die perfekte Kombination aus Funktionalit\u00e4t und Design.<br \/>\n<div class=\"main-cross-sell\" data-asin=\"B07TX7HNG2\">\n\n\t<div class=\"WooZone-cross-sell-loader\">\n\t\t<div>\n\t\t\t<div id=\"floatingBarsG\">\n\t\t\t\t<div class=\"blockG\" id=\"rotateG_01\"><\/div>\n\t\t\t\t<div class=\"blockG\" id=\"rotateG_02\"><\/div>\n\t\t\t\t<div class=\"blockG\" id=\"rotateG_03\"><\/div>\n\t\t\t\t<div class=\"blockG\" id=\"rotateG_04\"><\/div>\n\t\t\t\t<div class=\"blockG\" id=\"rotateG_05\"><\/div>\n\t\t\t\t<div class=\"blockG\" id=\"rotateG_06\"><\/div>\n\t\t\t\t<div class=\"blockG\" id=\"rotateG_07\"><\/div>\n\t\t\t\t<div class=\"blockG\" id=\"rotateG_08\"><\/div>\n\t\t\t<\/div>\n\t\t\t<div class=\"WooZone-cross-sell-loader-text\"><\/div>\n\t\t<\/div>\n\t<\/div>\n\n\t\t\n<\/div>\n<div style=\"clear:both;\"><\/div><\/p>\n","protected":false},"excerpt":{"rendered":"<p>PRAKTISCHER TRAGEHELFER- Dank unserem Kinderwagen Organizer (32 x 15 x 13 cm) hast du ab jetzt alles Wichtige immer sofort griffbereit zur Hand. Ob Windeln, Feuchtt\u00fccher, Babyflasche oder Spielzeug, in dieser Tasche findet alles seinen Platz.<br \/>\nECHTES PLATZWUNDER &#8211; Neben dem gro\u00dfen Hauptfach verf\u00fcgt der Organizer \u00fcber eine Innentasche mit verschlie\u00dfbaren Rei\u00dfverschluss zur sicheren Aufbewahrung deiner Wertsachen. Auch die 2 Getr\u00e4nkehalter sowie der Feuchtt\u00fccherspender werden dir sehr n\u00fctzliche Dienste im Alltag erweisen.<br \/>\nLEICHTE MONTAGE UND STABILER HALT &#8211; Durch die verstellbaren Tragegurte mit Klettverschluss ist die Tasche schnell und einfach am Kinderwagen befestigt. Egal ob dein Gef\u00e4hrt \u00fcber 1 oder 2 Griffe verf\u00fcgt &#8211; Diese Aufbewahrungstasche ist f\u00fcr alle Modelle universal einsetzbar.<\/p>\n","protected":false},"featured_media":50233,"comment_status":"open","ping_status":"closed","template":"","meta":[],"product_brand":[],"product_cat":[21,9329],"product_tag":[],"class_list":{"0":"post-50232","1":"product","2":"type-product","3":"status-publish","4":"has-post-thumbnail","6":"product_cat-baby","7":"product_cat-kinderwagen-buggys-zubehoer-baby","8":"pa_binding-babyartikel","9":"pa_brand-glueckswolke","10":"pa_height-5-118110231-zoll","11":"pa_length-12-598425184-zoll","12":"pa_manufacturer-glueckswolke","13":"pa_weight-0-5952481074-pfund","14":"pa_width-5-905511805-zoll","16":"first","17":"instock","18":"shipping-taxable","19":"purchasable","20":"product-type-simple","21":"customify-col","22":"product-has-gallery"},"yoast_head":"<!-- This site is optimized with the Yoast SEO plugin v27.4 - https:\/\/yoast.com\/product\/yoast-seo-wordpress\/ -->\n<title>GL\u00dcCKSWOLKE Kinderwagen Organizer - 12 Motive I Kinderwagentasche verschlie\u00dfbar I Kinder Buggy Tasche mit\u2026 - Markt-XXL<\/title>\n<meta name=\"description\" content=\"Markt-XXL GL\u00dcCKSWOLKE Kinderwagen Organizer - 12 Motive I Kinderwagentasche verschlie\u00dfbar I Kinder Buggy Tasche mit\u2026\" \/>\n<meta name=\"robots\" content=\"index, follow, max-snippet:-1, max-image-preview:large, max-video-preview:-1\" \/>\n<link rel=\"canonical\" href=\"https:\/\/marktxxl.de\/markt\/produkt\/glueckswolke-kinderwagen-organizer-motivauswahl-i-kinderwagentasche-verschliessbar-i-kinder-buggy-tasche-mit-feuchttuchspender-i-baby-stroller-bag-grau-i-aufbewahrungstasche\/\" \/>\n<meta property=\"og:locale\" content=\"de_DE\" \/>\n<meta property=\"og:type\" content=\"article\" \/>\n<meta property=\"og:title\" content=\"GL\u00dcCKSWOLKE Kinderwagen Organizer - 12 Motive I Kinderwagentasche verschlie\u00dfbar I Kinder Buggy Tasche mit\u2026 - Markt-XXL\" \/>\n<meta property=\"og:description\" content=\"Markt-XXL GL\u00dcCKSWOLKE Kinderwagen Organizer - 12 Motive I Kinderwagentasche verschlie\u00dfbar I Kinder Buggy Tasche mit\u2026\" \/>\n<meta property=\"og:url\" content=\"https:\/\/marktxxl.de\/markt\/produkt\/glueckswolke-kinderwagen-organizer-motivauswahl-i-kinderwagentasche-verschliessbar-i-kinder-buggy-tasche-mit-feuchttuchspender-i-baby-stroller-bag-grau-i-aufbewahrungstasche\/\" \/>\n<meta property=\"og:site_name\" content=\"Markt-XXL\" \/>\n<meta property=\"article:modified_time\" content=\"2023-04-11T00:11:22+00:00\" \/>\n<meta property=\"og:image\" content=\"https:\/\/m.media-amazon.com\/images\/I\/41pz9+YCA1L._SL500_.jpg\" \/>\n\t<meta property=\"og:image:width\" content=\"500\" \/>\n\t<meta property=\"og:image:height\" content=\"500\" \/>\n\t<meta property=\"og:image:type\" content=\"image\/jpeg\" \/>\n<meta name=\"twitter:card\" content=\"summary_large_image\" \/>\n<meta name=\"twitter:label1\" content=\"Gesch\u00e4tzte Lesezeit\" \/>\n\t<meta name=\"twitter:data1\" content=\"1\u00a0Minute\" \/>\n<script type=\"application\/ld+json\" class=\"yoast-schema-graph\">{\"@context\":\"https:\\\/\\\/schema.org\",\"@graph\":[{\"@type\":\"WebPage\",\"@id\":\"https:\\\/\\\/marktxxl.de\\\/markt\\\/produkt\\\/glueckswolke-kinderwagen-organizer-motivauswahl-i-kinderwagentasche-verschliessbar-i-kinder-buggy-tasche-mit-feuchttuchspender-i-baby-stroller-bag-grau-i-aufbewahrungstasche\\\/\",\"url\":\"https:\\\/\\\/marktxxl.de\\\/markt\\\/produkt\\\/glueckswolke-kinderwagen-organizer-motivauswahl-i-kinderwagentasche-verschliessbar-i-kinder-buggy-tasche-mit-feuchttuchspender-i-baby-stroller-bag-grau-i-aufbewahrungstasche\\\/\",\"name\":\"GL\u00dcCKSWOLKE Kinderwagen Organizer - 12 Motive I Kinderwagentasche verschlie\u00dfbar I Kinder Buggy Tasche mit\u2026 - Markt-XXL\",\"isPartOf\":{\"@id\":\"https:\\\/\\\/marktxxl.de\\\/markt\\\/#website\"},\"primaryImageOfPage\":{\"@id\":\"https:\\\/\\\/marktxxl.de\\\/markt\\\/produkt\\\/glueckswolke-kinderwagen-organizer-motivauswahl-i-kinderwagentasche-verschliessbar-i-kinder-buggy-tasche-mit-feuchttuchspender-i-baby-stroller-bag-grau-i-aufbewahrungstasche\\\/#primaryimage\"},\"image\":{\"@id\":\"https:\\\/\\\/marktxxl.de\\\/markt\\\/produkt\\\/glueckswolke-kinderwagen-organizer-motivauswahl-i-kinderwagentasche-verschliessbar-i-kinder-buggy-tasche-mit-feuchttuchspender-i-baby-stroller-bag-grau-i-aufbewahrungstasche\\\/#primaryimage\"},\"thumbnailUrl\":\"https:\\\/\\\/m.media-amazon.com\\\/images\\\/I\\\/41pz9+YCA1L._SL500_.jpg\",\"datePublished\":\"2021-10-12T23:12:45+00:00\",\"dateModified\":\"2023-04-11T00:11:22+00:00\",\"description\":\"Markt-XXL GL\u00dcCKSWOLKE Kinderwagen Organizer - 12 Motive I Kinderwagentasche verschlie\u00dfbar I Kinder Buggy Tasche mit\u2026\",\"breadcrumb\":{\"@id\":\"https:\\\/\\\/marktxxl.de\\\/markt\\\/produkt\\\/glueckswolke-kinderwagen-organizer-motivauswahl-i-kinderwagentasche-verschliessbar-i-kinder-buggy-tasche-mit-feuchttuchspender-i-baby-stroller-bag-grau-i-aufbewahrungstasche\\\/#breadcrumb\"},\"inLanguage\":\"de\",\"potentialAction\":[{\"@type\":\"ReadAction\",\"target\":[\"https:\\\/\\\/marktxxl.de\\\/markt\\\/produkt\\\/glueckswolke-kinderwagen-organizer-motivauswahl-i-kinderwagentasche-verschliessbar-i-kinder-buggy-tasche-mit-feuchttuchspender-i-baby-stroller-bag-grau-i-aufbewahrungstasche\\\/\"]}]},{\"@type\":\"ImageObject\",\"inLanguage\":\"de\",\"@id\":\"https:\\\/\\\/marktxxl.de\\\/markt\\\/produkt\\\/glueckswolke-kinderwagen-organizer-motivauswahl-i-kinderwagentasche-verschliessbar-i-kinder-buggy-tasche-mit-feuchttuchspender-i-baby-stroller-bag-grau-i-aufbewahrungstasche\\\/#primaryimage\",\"url\":\"https:\\\/\\\/m.media-amazon.com\\\/images\\\/I\\\/41pz9+YCA1L._SL500_.jpg\",\"contentUrl\":\"https:\\\/\\\/m.media-amazon.com\\\/images\\\/I\\\/41pz9+YCA1L._SL500_.jpg\",\"width\":500,\"height\":500},{\"@type\":\"BreadcrumbList\",\"@id\":\"https:\\\/\\\/marktxxl.de\\\/markt\\\/produkt\\\/glueckswolke-kinderwagen-organizer-motivauswahl-i-kinderwagentasche-verschliessbar-i-kinder-buggy-tasche-mit-feuchttuchspender-i-baby-stroller-bag-grau-i-aufbewahrungstasche\\\/#breadcrumb\",\"itemListElement\":[{\"@type\":\"ListItem\",\"position\":1,\"name\":\"Startseite\",\"item\":\"https:\\\/\\\/marktxxl.de\\\/markt\\\/\"},{\"@type\":\"ListItem\",\"position\":2,\"name\":\"Markt\",\"item\":\"https:\\\/\\\/marktxxl.de\\\/markt\\\/\"},{\"@type\":\"ListItem\",\"position\":3,\"name\":\"GL\u00dcCKSWOLKE Kinderwagen Organizer &#8211; 12 Motive I Kinderwagentasche verschlie\u00dfbar I Kinder Buggy Tasche mit\u2026\"}]},{\"@type\":\"WebSite\",\"@id\":\"https:\\\/\\\/marktxxl.de\\\/markt\\\/#website\",\"url\":\"https:\\\/\\\/marktxxl.de\\\/markt\\\/\",\"name\":\"Markt-XXL\",\"description\":\"Ihr Markt Online\",\"publisher\":{\"@id\":\"https:\\\/\\\/marktxxl.de\\\/markt\\\/#organization\"},\"potentialAction\":[{\"@type\":\"SearchAction\",\"target\":{\"@type\":\"EntryPoint\",\"urlTemplate\":\"https:\\\/\\\/marktxxl.de\\\/markt\\\/?s={search_term_string}\"},\"query-input\":{\"@type\":\"PropertyValueSpecification\",\"valueRequired\":true,\"valueName\":\"search_term_string\"}}],\"inLanguage\":\"de\"},{\"@type\":\"Organization\",\"@id\":\"https:\\\/\\\/marktxxl.de\\\/markt\\\/#organization\",\"name\":\"Markt-XXL\",\"url\":\"https:\\\/\\\/marktxxl.de\\\/markt\\\/\",\"logo\":{\"@type\":\"ImageObject\",\"inLanguage\":\"de\",\"@id\":\"https:\\\/\\\/marktxxl.de\\\/markt\\\/#\\\/schema\\\/logo\\\/image\\\/\",\"url\":\"https:\\\/\\\/marktxxl.de\\\/markt\\\/wp-content\\\/uploads\\\/sites\\\/3\\\/2020\\\/12\\\/logo.png\",\"contentUrl\":\"https:\\\/\\\/marktxxl.de\\\/markt\\\/wp-content\\\/uploads\\\/sites\\\/3\\\/2020\\\/12\\\/logo.png\",\"width\":200,\"height\":70,\"caption\":\"Markt-XXL\"},\"image\":{\"@id\":\"https:\\\/\\\/marktxxl.de\\\/markt\\\/#\\\/schema\\\/logo\\\/image\\\/\"}}]}<\/script>\n<!-- \/ Yoast SEO plugin. -->","yoast_head_json":{"title":"GL\u00dcCKSWOLKE Kinderwagen Organizer - 12 Motive I Kinderwagentasche verschlie\u00dfbar I Kinder Buggy Tasche mit\u2026 - Markt-XXL","description":"Markt-XXL GL\u00dcCKSWOLKE Kinderwagen Organizer - 12 Motive I Kinderwagentasche verschlie\u00dfbar I Kinder Buggy Tasche mit\u2026","robots":{"index":"index","follow":"follow","max-snippet":"max-snippet:-1","max-image-preview":"max-image-preview:large","max-video-preview":"max-video-preview:-1"},"canonical":"https:\/\/marktxxl.de\/markt\/produkt\/glueckswolke-kinderwagen-organizer-motivauswahl-i-kinderwagentasche-verschliessbar-i-kinder-buggy-tasche-mit-feuchttuchspender-i-baby-stroller-bag-grau-i-aufbewahrungstasche\/","og_locale":"de_DE","og_type":"article","og_title":"GL\u00dcCKSWOLKE Kinderwagen Organizer - 12 Motive I Kinderwagentasche verschlie\u00dfbar I Kinder Buggy Tasche mit\u2026 - Markt-XXL","og_description":"Markt-XXL GL\u00dcCKSWOLKE Kinderwagen Organizer - 12 Motive I Kinderwagentasche verschlie\u00dfbar I Kinder Buggy Tasche mit\u2026","og_url":"https:\/\/marktxxl.de\/markt\/produkt\/glueckswolke-kinderwagen-organizer-motivauswahl-i-kinderwagentasche-verschliessbar-i-kinder-buggy-tasche-mit-feuchttuchspender-i-baby-stroller-bag-grau-i-aufbewahrungstasche\/","og_site_name":"Markt-XXL","article_modified_time":"2023-04-11T00:11:22+00:00","og_image":[{"width":500,"height":500,"url":"https:\/\/m.media-amazon.com\/images\/I\/41pz9+YCA1L._SL500_.jpg","type":"image\/jpeg"}],"twitter_card":"summary_large_image","twitter_misc":{"Gesch\u00e4tzte Lesezeit":"1\u00a0Minute"},"schema":{"@context":"https:\/\/schema.org","@graph":[{"@type":"WebPage","@id":"https:\/\/marktxxl.de\/markt\/produkt\/glueckswolke-kinderwagen-organizer-motivauswahl-i-kinderwagentasche-verschliessbar-i-kinder-buggy-tasche-mit-feuchttuchspender-i-baby-stroller-bag-grau-i-aufbewahrungstasche\/","url":"https:\/\/marktxxl.de\/markt\/produkt\/glueckswolke-kinderwagen-organizer-motivauswahl-i-kinderwagentasche-verschliessbar-i-kinder-buggy-tasche-mit-feuchttuchspender-i-baby-stroller-bag-grau-i-aufbewahrungstasche\/","name":"GL\u00dcCKSWOLKE Kinderwagen Organizer - 12 Motive I Kinderwagentasche verschlie\u00dfbar I Kinder Buggy Tasche mit\u2026 - Markt-XXL","isPartOf":{"@id":"https:\/\/marktxxl.de\/markt\/#website"},"primaryImageOfPage":{"@id":"https:\/\/marktxxl.de\/markt\/produkt\/glueckswolke-kinderwagen-organizer-motivauswahl-i-kinderwagentasche-verschliessbar-i-kinder-buggy-tasche-mit-feuchttuchspender-i-baby-stroller-bag-grau-i-aufbewahrungstasche\/#primaryimage"},"image":{"@id":"https:\/\/marktxxl.de\/markt\/produkt\/glueckswolke-kinderwagen-organizer-motivauswahl-i-kinderwagentasche-verschliessbar-i-kinder-buggy-tasche-mit-feuchttuchspender-i-baby-stroller-bag-grau-i-aufbewahrungstasche\/#primaryimage"},"thumbnailUrl":"https:\/\/m.media-amazon.com\/images\/I\/41pz9+YCA1L._SL500_.jpg","datePublished":"2021-10-12T23:12:45+00:00","dateModified":"2023-04-11T00:11:22+00:00","description":"Markt-XXL GL\u00dcCKSWOLKE Kinderwagen Organizer - 12 Motive I Kinderwagentasche verschlie\u00dfbar I Kinder Buggy Tasche mit\u2026","breadcrumb":{"@id":"https:\/\/marktxxl.de\/markt\/produkt\/glueckswolke-kinderwagen-organizer-motivauswahl-i-kinderwagentasche-verschliessbar-i-kinder-buggy-tasche-mit-feuchttuchspender-i-baby-stroller-bag-grau-i-aufbewahrungstasche\/#breadcrumb"},"inLanguage":"de","potentialAction":[{"@type":"ReadAction","target":["https:\/\/marktxxl.de\/markt\/produkt\/glueckswolke-kinderwagen-organizer-motivauswahl-i-kinderwagentasche-verschliessbar-i-kinder-buggy-tasche-mit-feuchttuchspender-i-baby-stroller-bag-grau-i-aufbewahrungstasche\/"]}]},{"@type":"ImageObject","inLanguage":"de","@id":"https:\/\/marktxxl.de\/markt\/produkt\/glueckswolke-kinderwagen-organizer-motivauswahl-i-kinderwagentasche-verschliessbar-i-kinder-buggy-tasche-mit-feuchttuchspender-i-baby-stroller-bag-grau-i-aufbewahrungstasche\/#primaryimage","url":"https:\/\/m.media-amazon.com\/images\/I\/41pz9+YCA1L._SL500_.jpg","contentUrl":"https:\/\/m.media-amazon.com\/images\/I\/41pz9+YCA1L._SL500_.jpg","width":500,"height":500},{"@type":"BreadcrumbList","@id":"https:\/\/marktxxl.de\/markt\/produkt\/glueckswolke-kinderwagen-organizer-motivauswahl-i-kinderwagentasche-verschliessbar-i-kinder-buggy-tasche-mit-feuchttuchspender-i-baby-stroller-bag-grau-i-aufbewahrungstasche\/#breadcrumb","itemListElement":[{"@type":"ListItem","position":1,"name":"Startseite","item":"https:\/\/marktxxl.de\/markt\/"},{"@type":"ListItem","position":2,"name":"Markt","item":"https:\/\/marktxxl.de\/markt\/"},{"@type":"ListItem","position":3,"name":"GL\u00dcCKSWOLKE Kinderwagen Organizer &#8211; 12 Motive I Kinderwagentasche verschlie\u00dfbar I Kinder Buggy Tasche mit\u2026"}]},{"@type":"WebSite","@id":"https:\/\/marktxxl.de\/markt\/#website","url":"https:\/\/marktxxl.de\/markt\/","name":"Markt-XXL","description":"Ihr Markt Online","publisher":{"@id":"https:\/\/marktxxl.de\/markt\/#organization"},"potentialAction":[{"@type":"SearchAction","target":{"@type":"EntryPoint","urlTemplate":"https:\/\/marktxxl.de\/markt\/?s={search_term_string}"},"query-input":{"@type":"PropertyValueSpecification","valueRequired":true,"valueName":"search_term_string"}}],"inLanguage":"de"},{"@type":"Organization","@id":"https:\/\/marktxxl.de\/markt\/#organization","name":"Markt-XXL","url":"https:\/\/marktxxl.de\/markt\/","logo":{"@type":"ImageObject","inLanguage":"de","@id":"https:\/\/marktxxl.de\/markt\/#\/schema\/logo\/image\/","url":"https:\/\/marktxxl.de\/markt\/wp-content\/uploads\/sites\/3\/2020\/12\/logo.png","contentUrl":"https:\/\/marktxxl.de\/markt\/wp-content\/uploads\/sites\/3\/2020\/12\/logo.png","width":200,"height":70,"caption":"Markt-XXL"},"image":{"@id":"https:\/\/marktxxl.de\/markt\/#\/schema\/logo\/image\/"}}]}},"_links":{"self":[{"href":"https:\/\/marktxxl.de\/markt\/wp-json\/wp\/v2\/product\/50232","targetHints":{"allow":["GET"]}}],"collection":[{"href":"https:\/\/marktxxl.de\/markt\/wp-json\/wp\/v2\/product"}],"about":[{"href":"https:\/\/marktxxl.de\/markt\/wp-json\/wp\/v2\/types\/product"}],"replies":[{"embeddable":true,"href":"https:\/\/marktxxl.de\/markt\/wp-json\/wp\/v2\/comments?post=50232"}],"wp:featuredmedia":[{"embeddable":true,"href":"https:\/\/marktxxl.de\/markt\/wp-json\/wp\/v2\/media\/50233"}],"wp:attachment":[{"href":"https:\/\/marktxxl.de\/markt\/wp-json\/wp\/v2\/media?parent=50232"}],"wp:term":[{"taxonomy":"product_brand","embeddable":true,"href":"https:\/\/marktxxl.de\/markt\/wp-json\/wp\/v2\/product_brand?post=50232"},{"taxonomy":"product_cat","embeddable":true,"href":"https:\/\/marktxxl.de\/markt\/wp-json\/wp\/v2\/product_cat?post=50232"},{"taxonomy":"product_tag","embeddable":true,"href":"https:\/\/marktxxl.de\/markt\/wp-json\/wp\/v2\/product_tag?post=50232"}],"curies":[{"name":"wp","href":"https:\/\/api.w.org\/{rel}","templated":true}]}}