{"id":50160,"date":"2021-10-13T01:09:22","date_gmt":"2021-10-12T23:09:22","guid":{"rendered":"https:\/\/marktxxl.de\/markt\/produkt\/baby-windelsaeckchen-tragbare-windel-aufbewahrungsbox-mit-veraenderbar-faechern-faltbar-windel-organizer-grau\/"},"modified":"2023-04-11T02:11:21","modified_gmt":"2023-04-11T00:11:21","slug":"baby-windelsaeckchen-tragbare-windel-aufbewahrungsbox-mit-veraenderbar-faechern-faltbar-windel-organizer-grau","status":"publish","type":"product","link":"https:\/\/marktxxl.de\/markt\/produkt\/baby-windelsaeckchen-tragbare-windel-aufbewahrungsbox-mit-veraenderbar-faechern-faltbar-windel-organizer-grau\/","title":{"rendered":"Baby Windels\u00e4ckchen Tragbare Windel-Aufbewahrungsbox Mit Ver\u00e4nderbar F\u00e4chern Faltbar Windel-Organizer Grau"},"content":{"rendered":"<p>ESSENTIAL STORAGE BASKET FOR NEWBORN &#8211; Dieses produkt ist vielseitig genug f\u00fcr all das baby zeug: Babyspielzeug, Windeln, Babykleidung, Babyt\u00fccher, L\u00e4tzchen, Onesies, Babyspielzeug, Stoffwindeln, Wickelunterlagen, Medizin, Spuckt\u00fccher und vieles mehr! Gro\u00df genug f\u00fcr dutzende windeln und die meisten t\u00fccherspender.<br \/>\nABNEHMBARER ORGANISATOR-EINSATZ &#8211; Entfernen sie den windel-organisator-einsatz, um ihn als spielzeug-aufbewahrungsbeh\u00e4lter, baby-korb oder kinderkrippen-korb f\u00fcr zus\u00e4tzliche kinderkrippenlager zu verwenden. unser leichter, tragbarer windelcaddy ist 13 &#8220;x 9&#8221; x 7 &#8220;(normale gr\u00f6\u00dfe) und besteht aus weichem filz und verf\u00fcgt \u00fcber robuste au\u00dfentaschen f\u00fcr zus\u00e4tzlichen babyspeicher.<br \/>\nENTWICKELT UM IHR NURSERY DEKOR ZU KOMPLIMIEREN &#8211; Unser windel caddy korb ist mit neutralen grauen farben entworfen, um in jedem raum gut zu schauen. Es sieht gut aus auf ihrem wickeltisch, auf einer kommode oder neben dem windeleimer und ist ein unentbehrlicher gegenstand f\u00fcr ihre wickelstation. Bewegen sie den beh\u00e4lter leicht mit dem langen griff.<br \/>\nMULTI PURPOSE KIT &#8211; Mit mehreren f\u00e4chern k\u00f6nnen sie alle ihre brustpumpen- und brustpumpenteile einfach aufbewahren, als auto-organizer verwenden, alle diese badeprodukte lagern oder das bett platzieren, um die dinge w\u00e4hrend dieser n\u00e4chtlichen f\u00fctterungen leichter zu finden.<br \/>\nGEISTIGE BABY-DUSCHEN-IDEE &#8211; Der parker baby-windel-caddy ist ein praktisches geschenk und sollte in jedem baby-register stehen. es sorgt f\u00fcr ein tolles babygeschenk!<br \/>\n<div class=\"main-cross-sell\" data-asin=\"B07BDFDF6V\">\n\n\t<div class=\"WooZone-cross-sell-loader\">\n\t\t<div>\n\t\t\t<div id=\"floatingBarsG\">\n\t\t\t\t<div class=\"blockG\" id=\"rotateG_01\"><\/div>\n\t\t\t\t<div class=\"blockG\" id=\"rotateG_02\"><\/div>\n\t\t\t\t<div class=\"blockG\" id=\"rotateG_03\"><\/div>\n\t\t\t\t<div class=\"blockG\" id=\"rotateG_04\"><\/div>\n\t\t\t\t<div class=\"blockG\" id=\"rotateG_05\"><\/div>\n\t\t\t\t<div class=\"blockG\" id=\"rotateG_06\"><\/div>\n\t\t\t\t<div class=\"blockG\" id=\"rotateG_07\"><\/div>\n\t\t\t\t<div class=\"blockG\" id=\"rotateG_08\"><\/div>\n\t\t\t<\/div>\n\t\t\t<div class=\"WooZone-cross-sell-loader-text\"><\/div>\n\t\t<\/div>\n\t<\/div>\n\n\t\t\n<\/div>\n<div style=\"clear:both;\"><\/div><\/p>\n","protected":false},"excerpt":{"rendered":"<p>ESSENTIAL STORAGE BASKET FOR NEWBORN &#8211; Dieses produkt ist vielseitig genug f\u00fcr all das baby zeug: Babyspielzeug, Windeln, Babykleidung, Babyt\u00fccher, L\u00e4tzchen, Onesies, Babyspielzeug, Stoffwindeln, Wickelunterlagen, Medizin, Spuckt\u00fccher und vieles mehr! Gro\u00df genug f\u00fcr dutzende windeln und die meisten t\u00fccherspender.<br \/>\nABNEHMBARER ORGANISATOR-EINSATZ &#8211; Entfernen sie den windel-organisator-einsatz, um ihn als spielzeug-aufbewahrungsbeh\u00e4lter, baby-korb oder kinderkrippen-korb f\u00fcr zus\u00e4tzliche kinderkrippenlager zu verwenden. unser leichter, tragbarer windelcaddy ist 13 &#8220;x 9&#8221; x 7 &#8220;(normale gr\u00f6\u00dfe) und besteht aus weichem filz und verf\u00fcgt \u00fcber robuste au\u00dfentaschen f\u00fcr zus\u00e4tzlichen babyspeicher.<br \/>\nENTWICKELT UM IHR NURSERY DEKOR ZU KOMPLIMIEREN &#8211; Unser windel caddy korb ist mit neutralen grauen farben entworfen, um in jedem raum gut zu schauen. Es sieht gut aus auf ihrem wickeltisch, auf einer kommode oder neben dem windeleimer und ist ein unentbehrlicher gegenstand f\u00fcr ihre wickelstation. Bewegen sie den beh\u00e4lter leicht mit dem langen griff.<\/p>\n","protected":false},"featured_media":50161,"comment_status":"open","ping_status":"closed","template":"","meta":[],"product_brand":[],"product_cat":[21,9329],"product_tag":[],"class_list":{"0":"post-50160","1":"product","2":"type-product","3":"status-publish","4":"has-post-thumbnail","6":"product_cat-baby","7":"product_cat-kinderwagen-buggys-zubehoer-baby","8":"pa_binding-babyartikel","9":"pa_brand-yicoo","10":"pa_color-grau","11":"pa_height-7-086614166-zoll","12":"pa_length-13-779527545-zoll","13":"pa_manufacturer-yicoo","14":"pa_width-9-055118101-zoll","16":"first","17":"instock","18":"shipping-taxable","19":"purchasable","20":"product-type-simple","21":"customify-col","22":"product-has-gallery"},"yoast_head":"<!-- This site is optimized with the Yoast SEO plugin v27.3 - https:\/\/yoast.com\/product\/yoast-seo-wordpress\/ -->\n<title>Baby Windels\u00e4ckchen Tragbare Windel-Aufbewahrungsbox Mit Ver\u00e4nderbar F\u00e4chern Faltbar Windel-Organizer Grau - Markt-XXL<\/title>\n<meta name=\"description\" content=\"Markt-XXL Baby Windels\u00e4ckchen Tragbare Windel-Aufbewahrungsbox Mit Ver\u00e4nderbar F\u00e4chern Faltbar Windel-Organizer Grau\" \/>\n<meta name=\"robots\" content=\"index, follow, max-snippet:-1, max-image-preview:large, max-video-preview:-1\" \/>\n<link rel=\"canonical\" href=\"https:\/\/marktxxl.de\/markt\/produkt\/baby-windelsaeckchen-tragbare-windel-aufbewahrungsbox-mit-veraenderbar-faechern-faltbar-windel-organizer-grau\/\" \/>\n<meta property=\"og:locale\" content=\"de_DE\" \/>\n<meta property=\"og:type\" content=\"article\" \/>\n<meta property=\"og:title\" content=\"Baby Windels\u00e4ckchen Tragbare Windel-Aufbewahrungsbox Mit Ver\u00e4nderbar F\u00e4chern Faltbar Windel-Organizer Grau - Markt-XXL\" \/>\n<meta property=\"og:description\" content=\"Markt-XXL Baby Windels\u00e4ckchen Tragbare Windel-Aufbewahrungsbox Mit Ver\u00e4nderbar F\u00e4chern Faltbar Windel-Organizer Grau\" \/>\n<meta property=\"og:url\" content=\"https:\/\/marktxxl.de\/markt\/produkt\/baby-windelsaeckchen-tragbare-windel-aufbewahrungsbox-mit-veraenderbar-faechern-faltbar-windel-organizer-grau\/\" \/>\n<meta property=\"og:site_name\" content=\"Markt-XXL\" \/>\n<meta property=\"article:modified_time\" content=\"2023-04-11T00:11:21+00:00\" \/>\n<meta property=\"og:image\" content=\"https:\/\/m.media-amazon.com\/images\/I\/51jYMCz3poL._SL500_.jpg\" \/>\n\t<meta property=\"og:image:width\" content=\"500\" \/>\n\t<meta property=\"og:image:height\" content=\"500\" \/>\n\t<meta property=\"og:image:type\" content=\"image\/jpeg\" \/>\n<meta name=\"twitter:card\" content=\"summary_large_image\" \/>\n<meta name=\"twitter:label1\" content=\"Gesch\u00e4tzte Lesezeit\" \/>\n\t<meta name=\"twitter:data1\" content=\"1\u00a0Minute\" \/>\n<script type=\"application\/ld+json\" class=\"yoast-schema-graph\">{\"@context\":\"https:\\\/\\\/schema.org\",\"@graph\":[{\"@type\":\"WebPage\",\"@id\":\"https:\\\/\\\/marktxxl.de\\\/markt\\\/produkt\\\/baby-windelsaeckchen-tragbare-windel-aufbewahrungsbox-mit-veraenderbar-faechern-faltbar-windel-organizer-grau\\\/\",\"url\":\"https:\\\/\\\/marktxxl.de\\\/markt\\\/produkt\\\/baby-windelsaeckchen-tragbare-windel-aufbewahrungsbox-mit-veraenderbar-faechern-faltbar-windel-organizer-grau\\\/\",\"name\":\"Baby Windels\u00e4ckchen Tragbare Windel-Aufbewahrungsbox Mit Ver\u00e4nderbar F\u00e4chern Faltbar Windel-Organizer Grau - Markt-XXL\",\"isPartOf\":{\"@id\":\"https:\\\/\\\/marktxxl.de\\\/markt\\\/#website\"},\"primaryImageOfPage\":{\"@id\":\"https:\\\/\\\/marktxxl.de\\\/markt\\\/produkt\\\/baby-windelsaeckchen-tragbare-windel-aufbewahrungsbox-mit-veraenderbar-faechern-faltbar-windel-organizer-grau\\\/#primaryimage\"},\"image\":{\"@id\":\"https:\\\/\\\/marktxxl.de\\\/markt\\\/produkt\\\/baby-windelsaeckchen-tragbare-windel-aufbewahrungsbox-mit-veraenderbar-faechern-faltbar-windel-organizer-grau\\\/#primaryimage\"},\"thumbnailUrl\":\"https:\\\/\\\/m.media-amazon.com\\\/images\\\/I\\\/51jYMCz3poL._SL500_.jpg\",\"datePublished\":\"2021-10-12T23:09:22+00:00\",\"dateModified\":\"2023-04-11T00:11:21+00:00\",\"description\":\"Markt-XXL Baby Windels\u00e4ckchen Tragbare Windel-Aufbewahrungsbox Mit Ver\u00e4nderbar F\u00e4chern Faltbar Windel-Organizer Grau\",\"breadcrumb\":{\"@id\":\"https:\\\/\\\/marktxxl.de\\\/markt\\\/produkt\\\/baby-windelsaeckchen-tragbare-windel-aufbewahrungsbox-mit-veraenderbar-faechern-faltbar-windel-organizer-grau\\\/#breadcrumb\"},\"inLanguage\":\"de\",\"potentialAction\":[{\"@type\":\"ReadAction\",\"target\":[\"https:\\\/\\\/marktxxl.de\\\/markt\\\/produkt\\\/baby-windelsaeckchen-tragbare-windel-aufbewahrungsbox-mit-veraenderbar-faechern-faltbar-windel-organizer-grau\\\/\"]}]},{\"@type\":\"ImageObject\",\"inLanguage\":\"de\",\"@id\":\"https:\\\/\\\/marktxxl.de\\\/markt\\\/produkt\\\/baby-windelsaeckchen-tragbare-windel-aufbewahrungsbox-mit-veraenderbar-faechern-faltbar-windel-organizer-grau\\\/#primaryimage\",\"url\":\"https:\\\/\\\/m.media-amazon.com\\\/images\\\/I\\\/51jYMCz3poL._SL500_.jpg\",\"contentUrl\":\"https:\\\/\\\/m.media-amazon.com\\\/images\\\/I\\\/51jYMCz3poL._SL500_.jpg\",\"width\":500,\"height\":500},{\"@type\":\"BreadcrumbList\",\"@id\":\"https:\\\/\\\/marktxxl.de\\\/markt\\\/produkt\\\/baby-windelsaeckchen-tragbare-windel-aufbewahrungsbox-mit-veraenderbar-faechern-faltbar-windel-organizer-grau\\\/#breadcrumb\",\"itemListElement\":[{\"@type\":\"ListItem\",\"position\":1,\"name\":\"Startseite\",\"item\":\"https:\\\/\\\/marktxxl.de\\\/markt\\\/\"},{\"@type\":\"ListItem\",\"position\":2,\"name\":\"Markt\",\"item\":\"https:\\\/\\\/marktxxl.de\\\/markt\\\/\"},{\"@type\":\"ListItem\",\"position\":3,\"name\":\"Baby Windels\u00e4ckchen Tragbare Windel-Aufbewahrungsbox Mit Ver\u00e4nderbar F\u00e4chern Faltbar Windel-Organizer Grau\"}]},{\"@type\":\"WebSite\",\"@id\":\"https:\\\/\\\/marktxxl.de\\\/markt\\\/#website\",\"url\":\"https:\\\/\\\/marktxxl.de\\\/markt\\\/\",\"name\":\"Markt-XXL\",\"description\":\"Ihr Markt Online\",\"publisher\":{\"@id\":\"https:\\\/\\\/marktxxl.de\\\/markt\\\/#organization\"},\"potentialAction\":[{\"@type\":\"SearchAction\",\"target\":{\"@type\":\"EntryPoint\",\"urlTemplate\":\"https:\\\/\\\/marktxxl.de\\\/markt\\\/?s={search_term_string}\"},\"query-input\":{\"@type\":\"PropertyValueSpecification\",\"valueRequired\":true,\"valueName\":\"search_term_string\"}}],\"inLanguage\":\"de\"},{\"@type\":\"Organization\",\"@id\":\"https:\\\/\\\/marktxxl.de\\\/markt\\\/#organization\",\"name\":\"Markt-XXL\",\"url\":\"https:\\\/\\\/marktxxl.de\\\/markt\\\/\",\"logo\":{\"@type\":\"ImageObject\",\"inLanguage\":\"de\",\"@id\":\"https:\\\/\\\/marktxxl.de\\\/markt\\\/#\\\/schema\\\/logo\\\/image\\\/\",\"url\":\"https:\\\/\\\/marktxxl.de\\\/markt\\\/wp-content\\\/uploads\\\/sites\\\/3\\\/2020\\\/12\\\/logo.png\",\"contentUrl\":\"https:\\\/\\\/marktxxl.de\\\/markt\\\/wp-content\\\/uploads\\\/sites\\\/3\\\/2020\\\/12\\\/logo.png\",\"width\":200,\"height\":70,\"caption\":\"Markt-XXL\"},\"image\":{\"@id\":\"https:\\\/\\\/marktxxl.de\\\/markt\\\/#\\\/schema\\\/logo\\\/image\\\/\"}}]}<\/script>\n<!-- \/ Yoast SEO plugin. -->","yoast_head_json":{"title":"Baby Windels\u00e4ckchen Tragbare Windel-Aufbewahrungsbox Mit Ver\u00e4nderbar F\u00e4chern Faltbar Windel-Organizer Grau - Markt-XXL","description":"Markt-XXL Baby Windels\u00e4ckchen Tragbare Windel-Aufbewahrungsbox Mit Ver\u00e4nderbar F\u00e4chern Faltbar Windel-Organizer Grau","robots":{"index":"index","follow":"follow","max-snippet":"max-snippet:-1","max-image-preview":"max-image-preview:large","max-video-preview":"max-video-preview:-1"},"canonical":"https:\/\/marktxxl.de\/markt\/produkt\/baby-windelsaeckchen-tragbare-windel-aufbewahrungsbox-mit-veraenderbar-faechern-faltbar-windel-organizer-grau\/","og_locale":"de_DE","og_type":"article","og_title":"Baby Windels\u00e4ckchen Tragbare Windel-Aufbewahrungsbox Mit Ver\u00e4nderbar F\u00e4chern Faltbar Windel-Organizer Grau - Markt-XXL","og_description":"Markt-XXL Baby Windels\u00e4ckchen Tragbare Windel-Aufbewahrungsbox Mit Ver\u00e4nderbar F\u00e4chern Faltbar Windel-Organizer Grau","og_url":"https:\/\/marktxxl.de\/markt\/produkt\/baby-windelsaeckchen-tragbare-windel-aufbewahrungsbox-mit-veraenderbar-faechern-faltbar-windel-organizer-grau\/","og_site_name":"Markt-XXL","article_modified_time":"2023-04-11T00:11:21+00:00","og_image":[{"width":500,"height":500,"url":"https:\/\/m.media-amazon.com\/images\/I\/51jYMCz3poL._SL500_.jpg","type":"image\/jpeg"}],"twitter_card":"summary_large_image","twitter_misc":{"Gesch\u00e4tzte Lesezeit":"1\u00a0Minute"},"schema":{"@context":"https:\/\/schema.org","@graph":[{"@type":"WebPage","@id":"https:\/\/marktxxl.de\/markt\/produkt\/baby-windelsaeckchen-tragbare-windel-aufbewahrungsbox-mit-veraenderbar-faechern-faltbar-windel-organizer-grau\/","url":"https:\/\/marktxxl.de\/markt\/produkt\/baby-windelsaeckchen-tragbare-windel-aufbewahrungsbox-mit-veraenderbar-faechern-faltbar-windel-organizer-grau\/","name":"Baby Windels\u00e4ckchen Tragbare Windel-Aufbewahrungsbox Mit Ver\u00e4nderbar F\u00e4chern Faltbar Windel-Organizer Grau - Markt-XXL","isPartOf":{"@id":"https:\/\/marktxxl.de\/markt\/#website"},"primaryImageOfPage":{"@id":"https:\/\/marktxxl.de\/markt\/produkt\/baby-windelsaeckchen-tragbare-windel-aufbewahrungsbox-mit-veraenderbar-faechern-faltbar-windel-organizer-grau\/#primaryimage"},"image":{"@id":"https:\/\/marktxxl.de\/markt\/produkt\/baby-windelsaeckchen-tragbare-windel-aufbewahrungsbox-mit-veraenderbar-faechern-faltbar-windel-organizer-grau\/#primaryimage"},"thumbnailUrl":"https:\/\/m.media-amazon.com\/images\/I\/51jYMCz3poL._SL500_.jpg","datePublished":"2021-10-12T23:09:22+00:00","dateModified":"2023-04-11T00:11:21+00:00","description":"Markt-XXL Baby Windels\u00e4ckchen Tragbare Windel-Aufbewahrungsbox Mit Ver\u00e4nderbar F\u00e4chern Faltbar Windel-Organizer Grau","breadcrumb":{"@id":"https:\/\/marktxxl.de\/markt\/produkt\/baby-windelsaeckchen-tragbare-windel-aufbewahrungsbox-mit-veraenderbar-faechern-faltbar-windel-organizer-grau\/#breadcrumb"},"inLanguage":"de","potentialAction":[{"@type":"ReadAction","target":["https:\/\/marktxxl.de\/markt\/produkt\/baby-windelsaeckchen-tragbare-windel-aufbewahrungsbox-mit-veraenderbar-faechern-faltbar-windel-organizer-grau\/"]}]},{"@type":"ImageObject","inLanguage":"de","@id":"https:\/\/marktxxl.de\/markt\/produkt\/baby-windelsaeckchen-tragbare-windel-aufbewahrungsbox-mit-veraenderbar-faechern-faltbar-windel-organizer-grau\/#primaryimage","url":"https:\/\/m.media-amazon.com\/images\/I\/51jYMCz3poL._SL500_.jpg","contentUrl":"https:\/\/m.media-amazon.com\/images\/I\/51jYMCz3poL._SL500_.jpg","width":500,"height":500},{"@type":"BreadcrumbList","@id":"https:\/\/marktxxl.de\/markt\/produkt\/baby-windelsaeckchen-tragbare-windel-aufbewahrungsbox-mit-veraenderbar-faechern-faltbar-windel-organizer-grau\/#breadcrumb","itemListElement":[{"@type":"ListItem","position":1,"name":"Startseite","item":"https:\/\/marktxxl.de\/markt\/"},{"@type":"ListItem","position":2,"name":"Markt","item":"https:\/\/marktxxl.de\/markt\/"},{"@type":"ListItem","position":3,"name":"Baby Windels\u00e4ckchen Tragbare Windel-Aufbewahrungsbox Mit Ver\u00e4nderbar F\u00e4chern Faltbar Windel-Organizer Grau"}]},{"@type":"WebSite","@id":"https:\/\/marktxxl.de\/markt\/#website","url":"https:\/\/marktxxl.de\/markt\/","name":"Markt-XXL","description":"Ihr Markt Online","publisher":{"@id":"https:\/\/marktxxl.de\/markt\/#organization"},"potentialAction":[{"@type":"SearchAction","target":{"@type":"EntryPoint","urlTemplate":"https:\/\/marktxxl.de\/markt\/?s={search_term_string}"},"query-input":{"@type":"PropertyValueSpecification","valueRequired":true,"valueName":"search_term_string"}}],"inLanguage":"de"},{"@type":"Organization","@id":"https:\/\/marktxxl.de\/markt\/#organization","name":"Markt-XXL","url":"https:\/\/marktxxl.de\/markt\/","logo":{"@type":"ImageObject","inLanguage":"de","@id":"https:\/\/marktxxl.de\/markt\/#\/schema\/logo\/image\/","url":"https:\/\/marktxxl.de\/markt\/wp-content\/uploads\/sites\/3\/2020\/12\/logo.png","contentUrl":"https:\/\/marktxxl.de\/markt\/wp-content\/uploads\/sites\/3\/2020\/12\/logo.png","width":200,"height":70,"caption":"Markt-XXL"},"image":{"@id":"https:\/\/marktxxl.de\/markt\/#\/schema\/logo\/image\/"}}]}},"_links":{"self":[{"href":"https:\/\/marktxxl.de\/markt\/wp-json\/wp\/v2\/product\/50160","targetHints":{"allow":["GET"]}}],"collection":[{"href":"https:\/\/marktxxl.de\/markt\/wp-json\/wp\/v2\/product"}],"about":[{"href":"https:\/\/marktxxl.de\/markt\/wp-json\/wp\/v2\/types\/product"}],"replies":[{"embeddable":true,"href":"https:\/\/marktxxl.de\/markt\/wp-json\/wp\/v2\/comments?post=50160"}],"wp:featuredmedia":[{"embeddable":true,"href":"https:\/\/marktxxl.de\/markt\/wp-json\/wp\/v2\/media\/50161"}],"wp:attachment":[{"href":"https:\/\/marktxxl.de\/markt\/wp-json\/wp\/v2\/media?parent=50160"}],"wp:term":[{"taxonomy":"product_brand","embeddable":true,"href":"https:\/\/marktxxl.de\/markt\/wp-json\/wp\/v2\/product_brand?post=50160"},{"taxonomy":"product_cat","embeddable":true,"href":"https:\/\/marktxxl.de\/markt\/wp-json\/wp\/v2\/product_cat?post=50160"},{"taxonomy":"product_tag","embeddable":true,"href":"https:\/\/marktxxl.de\/markt\/wp-json\/wp\/v2\/product_tag?post=50160"}],"curies":[{"name":"wp","href":"https:\/\/api.w.org\/{rel}","templated":true}]}}