{"id":49972,"date":"2021-10-13T01:05:26","date_gmt":"2021-10-12T23:05:26","guid":{"rendered":"https:\/\/marktxxl.de\/markt\/produkt\/comfy-cubs-muslin-spucktuecher-6-satz-grosse-100-baumwolle-hand-waschlappen-6-schichten-extra-saugfaehig-und-weich-weiss-6er-pack\/"},"modified":"2023-04-11T02:11:19","modified_gmt":"2023-04-11T00:11:19","slug":"comfy-cubs-muslin-spucktuecher-6-satz-grosse-100-baumwolle-hand-waschlappen-6-schichten-extra-saugfaehig-und-weich-weiss-6er-pack","status":"publish","type":"product","link":"https:\/\/marktxxl.de\/markt\/produkt\/comfy-cubs-muslin-spucktuecher-6-satz-grosse-100-baumwolle-hand-waschlappen-6-schichten-extra-saugfaehig-und-weich-weiss-6er-pack\/","title":{"rendered":"Comfy Cubs muslin spuckt\u00fccher 6 satz gro\u00dfe 100% baumwolle hand waschlappen 6 schichten extra saugf\u00e4hig und weich (Wei\u00df\u2026"},"content":{"rendered":"<p>pure baumwollmusselin burpt\u00fccher kein elternteil kann jemals haben zu viele musselin burpt\u00fccher wie sie f\u00fcr so viele dinge verwendet werden! eine ideale gr\u00f6\u00dfe in eine handtasche oder wickeltasche pop und k\u00f6nnen alle rund um das haus verwendet werden, wie sie in super praktisch, wenn f\u00fctterung, zu \u00e4ndern oder sogar babyreinigungs<br \/>\nmultifunktions essential f\u00fcr babys unsere musselin t\u00fccher sind so vielseitig und kann in einer vielzahl von arten verwendet werden. perfekt f\u00fcr den schutz ihrer kleidung, wenn die kleinen aufsto\u00dfen, klebrige verwirrungen aufwischen, als das stillen vertuschung, f\u00fcr zahnen babys tr\u00f6pfelt oder sogar als wickelauflagen, wenn aus und \u00fcber den bereich hygienisch zu halten<br \/>\nausgezeichnete qualit\u00e4t reine baumwolle aus 100% atmungsaktive baumwolle, diese musselin burpt\u00fccher sind von h\u00f6chster qualit\u00e4t und maschinenwaschbar. baumwolle ist super f\u00fcr babys empfindliche haut zu verwenden, atmungsaktiv und extra saugf\u00e4hig zu<br \/>\npack information diese packung enth\u00e4lt 6 x musselin burpt\u00fccher, mess 20  x 10  inches pro. die t\u00fccher werden aus 100% baumwolle und haben 6 lagen von zus\u00e4tzlichen absorbierenden, weichem material<br \/>\nperfektes babypartygeschenk oberseite des baby-registry, das ist ein wesentliches element f\u00fcr die neuen eltern, je mehr desto besser, wo burpt\u00fccher betroffen sind! diese wei\u00dfen burpt\u00fccher sind beide geeignet f\u00fcr jungen und m\u00e4dchen, leicht zu waschen und sehr haltbar zu. jeder satz von musselin t\u00fcchern ist mit einem h\u00fcbschen bogen, bereit zum geschenk!<br \/>\n<div class=\"main-cross-sell\" data-asin=\"B07NSVTFS3\">\n\n\t<div class=\"WooZone-cross-sell-loader\">\n\t\t<div>\n\t\t\t<div id=\"floatingBarsG\">\n\t\t\t\t<div class=\"blockG\" id=\"rotateG_01\"><\/div>\n\t\t\t\t<div class=\"blockG\" id=\"rotateG_02\"><\/div>\n\t\t\t\t<div class=\"blockG\" id=\"rotateG_03\"><\/div>\n\t\t\t\t<div class=\"blockG\" id=\"rotateG_04\"><\/div>\n\t\t\t\t<div class=\"blockG\" id=\"rotateG_05\"><\/div>\n\t\t\t\t<div class=\"blockG\" id=\"rotateG_06\"><\/div>\n\t\t\t\t<div class=\"blockG\" id=\"rotateG_07\"><\/div>\n\t\t\t\t<div class=\"blockG\" id=\"rotateG_08\"><\/div>\n\t\t\t<\/div>\n\t\t\t<div class=\"WooZone-cross-sell-loader-text\"><\/div>\n\t\t<\/div>\n\t<\/div>\n\n\t\t\n<\/div>\n<div style=\"clear:both;\"><\/div><\/p>\n","protected":false},"excerpt":{"rendered":"<p>pure baumwollmusselin burpt\u00fccher kein elternteil kann jemals haben zu viele musselin burpt\u00fccher wie sie f\u00fcr so viele dinge verwendet werden! eine ideale gr\u00f6\u00dfe in eine handtasche oder wickeltasche pop und k\u00f6nnen alle rund um das haus verwendet werden, wie sie in super praktisch, wenn f\u00fctterung, zu \u00e4ndern oder sogar babyreinigungs<br \/>\nmultifunktions essential f\u00fcr babys unsere musselin t\u00fccher sind so vielseitig und kann in einer vielzahl von arten verwendet werden. perfekt f\u00fcr den schutz ihrer kleidung, wenn die kleinen aufsto\u00dfen, klebrige verwirrungen aufwischen, als das stillen vertuschung, f\u00fcr zahnen babys tr\u00f6pfelt oder sogar als wickelauflagen, wenn aus und \u00fcber den bereich hygienisch zu halten<br \/>\nausgezeichnete qualit\u00e4t reine baumwolle aus 100% atmungsaktive baumwolle, diese musselin burpt\u00fccher sind von h\u00f6chster qualit\u00e4t und maschinenwaschbar. baumwolle ist super f\u00fcr babys empfindliche haut zu verwenden, atmungsaktiv und extra saugf\u00e4hig zu<\/p>\n","protected":false},"featured_media":49973,"comment_status":"open","ping_status":"closed","template":"","meta":[],"product_brand":[],"product_cat":[21,9216],"product_tag":[],"class_list":{"0":"post-49972","1":"product","2":"type-product","3":"status-publish","4":"has-post-thumbnail","6":"product_cat-baby","7":"product_cat-ernaehrung-stillen-baby","8":"pa_binding-textilien","9":"pa_brand-comfy-cubs","10":"pa_color-weiss","11":"pa_height-1-zoll","12":"pa_length-20-zoll","13":"pa_manufacturer-comfy-cubs","14":"pa_size-6er-pack","15":"pa_width-10-zoll","17":"first","18":"instock","19":"shipping-taxable","20":"purchasable","21":"product-type-simple","22":"customify-col","23":"product-has-gallery"},"yoast_head":"<!-- This site is optimized with the Yoast SEO plugin v27.4 - https:\/\/yoast.com\/product\/yoast-seo-wordpress\/ -->\n<title>Comfy Cubs muslin spuckt\u00fccher 6 satz gro\u00dfe 100% baumwolle hand waschlappen 6 schichten extra saugf\u00e4hig und weich (Wei\u00df\u2026 - Markt-XXL<\/title>\n<meta name=\"description\" content=\"Markt-XXL Comfy Cubs muslin spuckt\u00fccher 6 satz gro\u00dfe 100% baumwolle hand waschlappen 6 schichten extra saugf\u00e4hig und weich (Wei\u00df\u2026\" \/>\n<meta name=\"robots\" content=\"index, follow, max-snippet:-1, max-image-preview:large, max-video-preview:-1\" \/>\n<link rel=\"canonical\" href=\"https:\/\/marktxxl.de\/markt\/produkt\/comfy-cubs-muslin-spucktuecher-6-satz-grosse-100-baumwolle-hand-waschlappen-6-schichten-extra-saugfaehig-und-weich-weiss-6er-pack\/\" \/>\n<meta property=\"og:locale\" content=\"de_DE\" \/>\n<meta property=\"og:type\" content=\"article\" \/>\n<meta property=\"og:title\" content=\"Comfy Cubs muslin spuckt\u00fccher 6 satz gro\u00dfe 100% baumwolle hand waschlappen 6 schichten extra saugf\u00e4hig und weich (Wei\u00df\u2026 - Markt-XXL\" \/>\n<meta property=\"og:description\" content=\"Markt-XXL Comfy Cubs muslin spuckt\u00fccher 6 satz gro\u00dfe 100% baumwolle hand waschlappen 6 schichten extra saugf\u00e4hig und weich (Wei\u00df\u2026\" \/>\n<meta property=\"og:url\" content=\"https:\/\/marktxxl.de\/markt\/produkt\/comfy-cubs-muslin-spucktuecher-6-satz-grosse-100-baumwolle-hand-waschlappen-6-schichten-extra-saugfaehig-und-weich-weiss-6er-pack\/\" \/>\n<meta property=\"og:site_name\" content=\"Markt-XXL\" \/>\n<meta property=\"article:modified_time\" content=\"2023-04-11T00:11:19+00:00\" \/>\n<meta property=\"og:image\" content=\"https:\/\/m.media-amazon.com\/images\/I\/31i6dIRTBNL._SL500_.jpg\" \/>\n\t<meta property=\"og:image:width\" content=\"500\" \/>\n\t<meta property=\"og:image:height\" content=\"461\" \/>\n\t<meta property=\"og:image:type\" content=\"image\/jpeg\" \/>\n<meta name=\"twitter:card\" content=\"summary_large_image\" \/>\n<meta name=\"twitter:label1\" content=\"Gesch\u00e4tzte Lesezeit\" \/>\n\t<meta name=\"twitter:data1\" content=\"1\u00a0Minute\" \/>\n<script type=\"application\/ld+json\" class=\"yoast-schema-graph\">{\"@context\":\"https:\\\/\\\/schema.org\",\"@graph\":[{\"@type\":\"WebPage\",\"@id\":\"https:\\\/\\\/marktxxl.de\\\/markt\\\/produkt\\\/comfy-cubs-muslin-spucktuecher-6-satz-grosse-100-baumwolle-hand-waschlappen-6-schichten-extra-saugfaehig-und-weich-weiss-6er-pack\\\/\",\"url\":\"https:\\\/\\\/marktxxl.de\\\/markt\\\/produkt\\\/comfy-cubs-muslin-spucktuecher-6-satz-grosse-100-baumwolle-hand-waschlappen-6-schichten-extra-saugfaehig-und-weich-weiss-6er-pack\\\/\",\"name\":\"Comfy Cubs muslin spuckt\u00fccher 6 satz gro\u00dfe 100% baumwolle hand waschlappen 6 schichten extra saugf\u00e4hig und weich (Wei\u00df\u2026 - Markt-XXL\",\"isPartOf\":{\"@id\":\"https:\\\/\\\/marktxxl.de\\\/markt\\\/#website\"},\"primaryImageOfPage\":{\"@id\":\"https:\\\/\\\/marktxxl.de\\\/markt\\\/produkt\\\/comfy-cubs-muslin-spucktuecher-6-satz-grosse-100-baumwolle-hand-waschlappen-6-schichten-extra-saugfaehig-und-weich-weiss-6er-pack\\\/#primaryimage\"},\"image\":{\"@id\":\"https:\\\/\\\/marktxxl.de\\\/markt\\\/produkt\\\/comfy-cubs-muslin-spucktuecher-6-satz-grosse-100-baumwolle-hand-waschlappen-6-schichten-extra-saugfaehig-und-weich-weiss-6er-pack\\\/#primaryimage\"},\"thumbnailUrl\":\"https:\\\/\\\/m.media-amazon.com\\\/images\\\/I\\\/31i6dIRTBNL._SL500_.jpg\",\"datePublished\":\"2021-10-12T23:05:26+00:00\",\"dateModified\":\"2023-04-11T00:11:19+00:00\",\"description\":\"Markt-XXL Comfy Cubs muslin spuckt\u00fccher 6 satz gro\u00dfe 100% baumwolle hand waschlappen 6 schichten extra saugf\u00e4hig und weich (Wei\u00df\u2026\",\"breadcrumb\":{\"@id\":\"https:\\\/\\\/marktxxl.de\\\/markt\\\/produkt\\\/comfy-cubs-muslin-spucktuecher-6-satz-grosse-100-baumwolle-hand-waschlappen-6-schichten-extra-saugfaehig-und-weich-weiss-6er-pack\\\/#breadcrumb\"},\"inLanguage\":\"de\",\"potentialAction\":[{\"@type\":\"ReadAction\",\"target\":[\"https:\\\/\\\/marktxxl.de\\\/markt\\\/produkt\\\/comfy-cubs-muslin-spucktuecher-6-satz-grosse-100-baumwolle-hand-waschlappen-6-schichten-extra-saugfaehig-und-weich-weiss-6er-pack\\\/\"]}]},{\"@type\":\"ImageObject\",\"inLanguage\":\"de\",\"@id\":\"https:\\\/\\\/marktxxl.de\\\/markt\\\/produkt\\\/comfy-cubs-muslin-spucktuecher-6-satz-grosse-100-baumwolle-hand-waschlappen-6-schichten-extra-saugfaehig-und-weich-weiss-6er-pack\\\/#primaryimage\",\"url\":\"https:\\\/\\\/m.media-amazon.com\\\/images\\\/I\\\/31i6dIRTBNL._SL500_.jpg\",\"contentUrl\":\"https:\\\/\\\/m.media-amazon.com\\\/images\\\/I\\\/31i6dIRTBNL._SL500_.jpg\",\"width\":500,\"height\":461},{\"@type\":\"BreadcrumbList\",\"@id\":\"https:\\\/\\\/marktxxl.de\\\/markt\\\/produkt\\\/comfy-cubs-muslin-spucktuecher-6-satz-grosse-100-baumwolle-hand-waschlappen-6-schichten-extra-saugfaehig-und-weich-weiss-6er-pack\\\/#breadcrumb\",\"itemListElement\":[{\"@type\":\"ListItem\",\"position\":1,\"name\":\"Startseite\",\"item\":\"https:\\\/\\\/marktxxl.de\\\/markt\\\/\"},{\"@type\":\"ListItem\",\"position\":2,\"name\":\"Markt\",\"item\":\"https:\\\/\\\/marktxxl.de\\\/markt\\\/\"},{\"@type\":\"ListItem\",\"position\":3,\"name\":\"Comfy Cubs muslin spuckt\u00fccher 6 satz gro\u00dfe 100% baumwolle hand waschlappen 6 schichten extra saugf\u00e4hig und weich (Wei\u00df\u2026\"}]},{\"@type\":\"WebSite\",\"@id\":\"https:\\\/\\\/marktxxl.de\\\/markt\\\/#website\",\"url\":\"https:\\\/\\\/marktxxl.de\\\/markt\\\/\",\"name\":\"Markt-XXL\",\"description\":\"Ihr Markt Online\",\"publisher\":{\"@id\":\"https:\\\/\\\/marktxxl.de\\\/markt\\\/#organization\"},\"potentialAction\":[{\"@type\":\"SearchAction\",\"target\":{\"@type\":\"EntryPoint\",\"urlTemplate\":\"https:\\\/\\\/marktxxl.de\\\/markt\\\/?s={search_term_string}\"},\"query-input\":{\"@type\":\"PropertyValueSpecification\",\"valueRequired\":true,\"valueName\":\"search_term_string\"}}],\"inLanguage\":\"de\"},{\"@type\":\"Organization\",\"@id\":\"https:\\\/\\\/marktxxl.de\\\/markt\\\/#organization\",\"name\":\"Markt-XXL\",\"url\":\"https:\\\/\\\/marktxxl.de\\\/markt\\\/\",\"logo\":{\"@type\":\"ImageObject\",\"inLanguage\":\"de\",\"@id\":\"https:\\\/\\\/marktxxl.de\\\/markt\\\/#\\\/schema\\\/logo\\\/image\\\/\",\"url\":\"https:\\\/\\\/marktxxl.de\\\/markt\\\/wp-content\\\/uploads\\\/sites\\\/3\\\/2020\\\/12\\\/logo.png\",\"contentUrl\":\"https:\\\/\\\/marktxxl.de\\\/markt\\\/wp-content\\\/uploads\\\/sites\\\/3\\\/2020\\\/12\\\/logo.png\",\"width\":200,\"height\":70,\"caption\":\"Markt-XXL\"},\"image\":{\"@id\":\"https:\\\/\\\/marktxxl.de\\\/markt\\\/#\\\/schema\\\/logo\\\/image\\\/\"}}]}<\/script>\n<!-- \/ Yoast SEO plugin. -->","yoast_head_json":{"title":"Comfy Cubs muslin spuckt\u00fccher 6 satz gro\u00dfe 100% baumwolle hand waschlappen 6 schichten extra saugf\u00e4hig und weich (Wei\u00df\u2026 - Markt-XXL","description":"Markt-XXL Comfy Cubs muslin spuckt\u00fccher 6 satz gro\u00dfe 100% baumwolle hand waschlappen 6 schichten extra saugf\u00e4hig und weich (Wei\u00df\u2026","robots":{"index":"index","follow":"follow","max-snippet":"max-snippet:-1","max-image-preview":"max-image-preview:large","max-video-preview":"max-video-preview:-1"},"canonical":"https:\/\/marktxxl.de\/markt\/produkt\/comfy-cubs-muslin-spucktuecher-6-satz-grosse-100-baumwolle-hand-waschlappen-6-schichten-extra-saugfaehig-und-weich-weiss-6er-pack\/","og_locale":"de_DE","og_type":"article","og_title":"Comfy Cubs muslin spuckt\u00fccher 6 satz gro\u00dfe 100% baumwolle hand waschlappen 6 schichten extra saugf\u00e4hig und weich (Wei\u00df\u2026 - Markt-XXL","og_description":"Markt-XXL Comfy Cubs muslin spuckt\u00fccher 6 satz gro\u00dfe 100% baumwolle hand waschlappen 6 schichten extra saugf\u00e4hig und weich (Wei\u00df\u2026","og_url":"https:\/\/marktxxl.de\/markt\/produkt\/comfy-cubs-muslin-spucktuecher-6-satz-grosse-100-baumwolle-hand-waschlappen-6-schichten-extra-saugfaehig-und-weich-weiss-6er-pack\/","og_site_name":"Markt-XXL","article_modified_time":"2023-04-11T00:11:19+00:00","og_image":[{"width":500,"height":461,"url":"https:\/\/m.media-amazon.com\/images\/I\/31i6dIRTBNL._SL500_.jpg","type":"image\/jpeg"}],"twitter_card":"summary_large_image","twitter_misc":{"Gesch\u00e4tzte Lesezeit":"1\u00a0Minute"},"schema":{"@context":"https:\/\/schema.org","@graph":[{"@type":"WebPage","@id":"https:\/\/marktxxl.de\/markt\/produkt\/comfy-cubs-muslin-spucktuecher-6-satz-grosse-100-baumwolle-hand-waschlappen-6-schichten-extra-saugfaehig-und-weich-weiss-6er-pack\/","url":"https:\/\/marktxxl.de\/markt\/produkt\/comfy-cubs-muslin-spucktuecher-6-satz-grosse-100-baumwolle-hand-waschlappen-6-schichten-extra-saugfaehig-und-weich-weiss-6er-pack\/","name":"Comfy Cubs muslin spuckt\u00fccher 6 satz gro\u00dfe 100% baumwolle hand waschlappen 6 schichten extra saugf\u00e4hig und weich (Wei\u00df\u2026 - Markt-XXL","isPartOf":{"@id":"https:\/\/marktxxl.de\/markt\/#website"},"primaryImageOfPage":{"@id":"https:\/\/marktxxl.de\/markt\/produkt\/comfy-cubs-muslin-spucktuecher-6-satz-grosse-100-baumwolle-hand-waschlappen-6-schichten-extra-saugfaehig-und-weich-weiss-6er-pack\/#primaryimage"},"image":{"@id":"https:\/\/marktxxl.de\/markt\/produkt\/comfy-cubs-muslin-spucktuecher-6-satz-grosse-100-baumwolle-hand-waschlappen-6-schichten-extra-saugfaehig-und-weich-weiss-6er-pack\/#primaryimage"},"thumbnailUrl":"https:\/\/m.media-amazon.com\/images\/I\/31i6dIRTBNL._SL500_.jpg","datePublished":"2021-10-12T23:05:26+00:00","dateModified":"2023-04-11T00:11:19+00:00","description":"Markt-XXL Comfy Cubs muslin spuckt\u00fccher 6 satz gro\u00dfe 100% baumwolle hand waschlappen 6 schichten extra saugf\u00e4hig und weich (Wei\u00df\u2026","breadcrumb":{"@id":"https:\/\/marktxxl.de\/markt\/produkt\/comfy-cubs-muslin-spucktuecher-6-satz-grosse-100-baumwolle-hand-waschlappen-6-schichten-extra-saugfaehig-und-weich-weiss-6er-pack\/#breadcrumb"},"inLanguage":"de","potentialAction":[{"@type":"ReadAction","target":["https:\/\/marktxxl.de\/markt\/produkt\/comfy-cubs-muslin-spucktuecher-6-satz-grosse-100-baumwolle-hand-waschlappen-6-schichten-extra-saugfaehig-und-weich-weiss-6er-pack\/"]}]},{"@type":"ImageObject","inLanguage":"de","@id":"https:\/\/marktxxl.de\/markt\/produkt\/comfy-cubs-muslin-spucktuecher-6-satz-grosse-100-baumwolle-hand-waschlappen-6-schichten-extra-saugfaehig-und-weich-weiss-6er-pack\/#primaryimage","url":"https:\/\/m.media-amazon.com\/images\/I\/31i6dIRTBNL._SL500_.jpg","contentUrl":"https:\/\/m.media-amazon.com\/images\/I\/31i6dIRTBNL._SL500_.jpg","width":500,"height":461},{"@type":"BreadcrumbList","@id":"https:\/\/marktxxl.de\/markt\/produkt\/comfy-cubs-muslin-spucktuecher-6-satz-grosse-100-baumwolle-hand-waschlappen-6-schichten-extra-saugfaehig-und-weich-weiss-6er-pack\/#breadcrumb","itemListElement":[{"@type":"ListItem","position":1,"name":"Startseite","item":"https:\/\/marktxxl.de\/markt\/"},{"@type":"ListItem","position":2,"name":"Markt","item":"https:\/\/marktxxl.de\/markt\/"},{"@type":"ListItem","position":3,"name":"Comfy Cubs muslin spuckt\u00fccher 6 satz gro\u00dfe 100% baumwolle hand waschlappen 6 schichten extra saugf\u00e4hig und weich (Wei\u00df\u2026"}]},{"@type":"WebSite","@id":"https:\/\/marktxxl.de\/markt\/#website","url":"https:\/\/marktxxl.de\/markt\/","name":"Markt-XXL","description":"Ihr Markt Online","publisher":{"@id":"https:\/\/marktxxl.de\/markt\/#organization"},"potentialAction":[{"@type":"SearchAction","target":{"@type":"EntryPoint","urlTemplate":"https:\/\/marktxxl.de\/markt\/?s={search_term_string}"},"query-input":{"@type":"PropertyValueSpecification","valueRequired":true,"valueName":"search_term_string"}}],"inLanguage":"de"},{"@type":"Organization","@id":"https:\/\/marktxxl.de\/markt\/#organization","name":"Markt-XXL","url":"https:\/\/marktxxl.de\/markt\/","logo":{"@type":"ImageObject","inLanguage":"de","@id":"https:\/\/marktxxl.de\/markt\/#\/schema\/logo\/image\/","url":"https:\/\/marktxxl.de\/markt\/wp-content\/uploads\/sites\/3\/2020\/12\/logo.png","contentUrl":"https:\/\/marktxxl.de\/markt\/wp-content\/uploads\/sites\/3\/2020\/12\/logo.png","width":200,"height":70,"caption":"Markt-XXL"},"image":{"@id":"https:\/\/marktxxl.de\/markt\/#\/schema\/logo\/image\/"}}]}},"_links":{"self":[{"href":"https:\/\/marktxxl.de\/markt\/wp-json\/wp\/v2\/product\/49972","targetHints":{"allow":["GET"]}}],"collection":[{"href":"https:\/\/marktxxl.de\/markt\/wp-json\/wp\/v2\/product"}],"about":[{"href":"https:\/\/marktxxl.de\/markt\/wp-json\/wp\/v2\/types\/product"}],"replies":[{"embeddable":true,"href":"https:\/\/marktxxl.de\/markt\/wp-json\/wp\/v2\/comments?post=49972"}],"wp:featuredmedia":[{"embeddable":true,"href":"https:\/\/marktxxl.de\/markt\/wp-json\/wp\/v2\/media\/49973"}],"wp:attachment":[{"href":"https:\/\/marktxxl.de\/markt\/wp-json\/wp\/v2\/media?parent=49972"}],"wp:term":[{"taxonomy":"product_brand","embeddable":true,"href":"https:\/\/marktxxl.de\/markt\/wp-json\/wp\/v2\/product_brand?post=49972"},{"taxonomy":"product_cat","embeddable":true,"href":"https:\/\/marktxxl.de\/markt\/wp-json\/wp\/v2\/product_cat?post=49972"},{"taxonomy":"product_tag","embeddable":true,"href":"https:\/\/marktxxl.de\/markt\/wp-json\/wp\/v2\/product_tag?post=49972"}],"curies":[{"name":"wp","href":"https:\/\/api.w.org\/{rel}","templated":true}]}}