{"id":49785,"date":"2021-10-13T00:48:25","date_gmt":"2021-10-12T22:48:25","guid":{"rendered":"https:\/\/marktxxl.de\/markt\/produkt\/fisher-price-gmx42-laugh-learn-click-learn-sofortbildkamera-mehrfarbig\/"},"modified":"2023-04-11T02:11:15","modified_gmt":"2023-04-11T00:11:15","slug":"fisher-price-gmx42-laugh-learn-click-learn-sofortbildkamera-mehrfarbig","status":"publish","type":"product","link":"https:\/\/marktxxl.de\/markt\/produkt\/fisher-price-gmx42-laugh-learn-click-learn-sofortbildkamera-mehrfarbig\/","title":{"rendered":"Fisher-Price GMX42 Laugh &amp; Learn Click &amp; Learn Sofortbildkamera, Mehrfarbig"},"content":{"rendered":"<p>\u200b Kamera mit Licht, Musik und Ger\u00e4uschen f\u00fcr fr\u00fchen Rollenspiel-Spa\u00df<br \/>\nVerspielte Lieder, Ger\u00e4usche und S\u00e4tze f\u00fchren Ihr Baby zum Z\u00e4hlen, das Alphabet und mehr ein<br \/>\nDr\u00fccken Sie den Ausl\u00f6ser, um das Foto des Welpen zu &#8220;schnappen&#8221; und dr\u00fccken Sie dann das Bild zur\u00fcck, um es zur\u00fcckzusetzen<br \/>\nWeicher, leicht zu greifender Griff, Clicker-Spinner und Rasselperlen f\u00fcr praktisches Spielen<br \/>\n\u200bF\u00fcr Babys im Alter von 6-36 Monaten<br \/>\n<div class=\"main-cross-sell\" data-asin=\"B083QWRJMV\">\n\n\t<div class=\"WooZone-cross-sell-loader\">\n\t\t<div>\n\t\t\t<div id=\"floatingBarsG\">\n\t\t\t\t<div class=\"blockG\" id=\"rotateG_01\"><\/div>\n\t\t\t\t<div class=\"blockG\" id=\"rotateG_02\"><\/div>\n\t\t\t\t<div class=\"blockG\" id=\"rotateG_03\"><\/div>\n\t\t\t\t<div class=\"blockG\" id=\"rotateG_04\"><\/div>\n\t\t\t\t<div class=\"blockG\" id=\"rotateG_05\"><\/div>\n\t\t\t\t<div class=\"blockG\" id=\"rotateG_06\"><\/div>\n\t\t\t\t<div class=\"blockG\" id=\"rotateG_07\"><\/div>\n\t\t\t\t<div class=\"blockG\" id=\"rotateG_08\"><\/div>\n\t\t\t<\/div>\n\t\t\t<div class=\"WooZone-cross-sell-loader-text\"><\/div>\n\t\t<\/div>\n\t<\/div>\n\n\t\t\n<\/div>\n<div style=\"clear:both;\"><\/div><\/p>\n","protected":false},"excerpt":{"rendered":"<p>\u200b Kamera mit Licht, Musik und Ger\u00e4uschen f\u00fcr fr\u00fchen Rollenspiel-Spa\u00df<br \/>\nVerspielte Lieder, Ger\u00e4usche und S\u00e4tze f\u00fchren Ihr Baby zum Z\u00e4hlen, das Alphabet und mehr ein<br \/>\nDr\u00fccken Sie den Ausl\u00f6ser, um das Foto des Welpen zu &#8220;schnappen&#8221; und dr\u00fccken Sie dann das Bild zur\u00fcck, um es zur\u00fcckzusetzen<\/p>\n","protected":false},"featured_media":49786,"comment_status":"open","ping_status":"closed","template":"","meta":[],"product_brand":[],"product_cat":[21,9143],"product_tag":[],"class_list":{"0":"post-49785","1":"product","2":"type-product","3":"status-publish","4":"has-post-thumbnail","6":"product_cat-baby","7":"product_cat-entdecken-bewegen-baby","8":"pa_binding-spielzeug","9":"pa_brand-fisher-price","10":"pa_brand-thames-hudson","11":"pa_height-5-14960629396-zoll","12":"pa_length-4-19685038942-zoll","13":"pa_manufacturer-mattel","14":"pa_model-gmx42","15":"pa_weight-0-59304348478-pfund","16":"pa_width-3-99999999592-zoll","18":"first","19":"instock","20":"shipping-taxable","21":"purchasable","22":"product-type-simple","23":"customify-col","24":"product-has-gallery"},"yoast_head":"<!-- This site is optimized with the Yoast SEO plugin v27.3 - https:\/\/yoast.com\/product\/yoast-seo-wordpress\/ -->\n<title>Fisher-Price GMX42 Laugh &amp; Learn Click &amp; Learn Sofortbildkamera, Mehrfarbig - Markt-XXL<\/title>\n<meta name=\"description\" content=\"Markt-XXL Fisher-Price GMX42 Laugh &amp; Learn Click &amp; Learn Sofortbildkamera, Mehrfarbig\" \/>\n<meta name=\"robots\" content=\"index, follow, max-snippet:-1, max-image-preview:large, max-video-preview:-1\" \/>\n<link rel=\"canonical\" href=\"https:\/\/marktxxl.de\/markt\/produkt\/fisher-price-gmx42-laugh-learn-click-learn-sofortbildkamera-mehrfarbig\/\" \/>\n<meta property=\"og:locale\" content=\"de_DE\" \/>\n<meta property=\"og:type\" content=\"article\" \/>\n<meta property=\"og:title\" content=\"Fisher-Price GMX42 Laugh &amp; Learn Click &amp; Learn Sofortbildkamera, Mehrfarbig - Markt-XXL\" \/>\n<meta property=\"og:description\" content=\"Markt-XXL Fisher-Price GMX42 Laugh &amp; Learn Click &amp; Learn Sofortbildkamera, Mehrfarbig\" \/>\n<meta property=\"og:url\" content=\"https:\/\/marktxxl.de\/markt\/produkt\/fisher-price-gmx42-laugh-learn-click-learn-sofortbildkamera-mehrfarbig\/\" \/>\n<meta property=\"og:site_name\" content=\"Markt-XXL\" \/>\n<meta property=\"article:modified_time\" content=\"2023-04-11T00:11:15+00:00\" \/>\n<meta property=\"og:image\" content=\"https:\/\/m.media-amazon.com\/images\/I\/41KTcSSXywL._SL500_.jpg\" \/>\n\t<meta property=\"og:image:width\" content=\"500\" \/>\n\t<meta property=\"og:image:height\" content=\"500\" \/>\n\t<meta property=\"og:image:type\" content=\"image\/jpeg\" \/>\n<meta name=\"twitter:card\" content=\"summary_large_image\" \/>\n<script type=\"application\/ld+json\" class=\"yoast-schema-graph\">{\"@context\":\"https:\\\/\\\/schema.org\",\"@graph\":[{\"@type\":\"WebPage\",\"@id\":\"https:\\\/\\\/marktxxl.de\\\/markt\\\/produkt\\\/fisher-price-gmx42-laugh-learn-click-learn-sofortbildkamera-mehrfarbig\\\/\",\"url\":\"https:\\\/\\\/marktxxl.de\\\/markt\\\/produkt\\\/fisher-price-gmx42-laugh-learn-click-learn-sofortbildkamera-mehrfarbig\\\/\",\"name\":\"Fisher-Price GMX42 Laugh &amp; Learn Click &amp; Learn Sofortbildkamera, Mehrfarbig - Markt-XXL\",\"isPartOf\":{\"@id\":\"https:\\\/\\\/marktxxl.de\\\/markt\\\/#website\"},\"primaryImageOfPage\":{\"@id\":\"https:\\\/\\\/marktxxl.de\\\/markt\\\/produkt\\\/fisher-price-gmx42-laugh-learn-click-learn-sofortbildkamera-mehrfarbig\\\/#primaryimage\"},\"image\":{\"@id\":\"https:\\\/\\\/marktxxl.de\\\/markt\\\/produkt\\\/fisher-price-gmx42-laugh-learn-click-learn-sofortbildkamera-mehrfarbig\\\/#primaryimage\"},\"thumbnailUrl\":\"https:\\\/\\\/m.media-amazon.com\\\/images\\\/I\\\/41KTcSSXywL._SL500_.jpg\",\"datePublished\":\"2021-10-12T22:48:25+00:00\",\"dateModified\":\"2023-04-11T00:11:15+00:00\",\"description\":\"Markt-XXL Fisher-Price GMX42 Laugh &amp; Learn Click &amp; Learn Sofortbildkamera, Mehrfarbig\",\"breadcrumb\":{\"@id\":\"https:\\\/\\\/marktxxl.de\\\/markt\\\/produkt\\\/fisher-price-gmx42-laugh-learn-click-learn-sofortbildkamera-mehrfarbig\\\/#breadcrumb\"},\"inLanguage\":\"de\",\"potentialAction\":[{\"@type\":\"ReadAction\",\"target\":[\"https:\\\/\\\/marktxxl.de\\\/markt\\\/produkt\\\/fisher-price-gmx42-laugh-learn-click-learn-sofortbildkamera-mehrfarbig\\\/\"]}]},{\"@type\":\"ImageObject\",\"inLanguage\":\"de\",\"@id\":\"https:\\\/\\\/marktxxl.de\\\/markt\\\/produkt\\\/fisher-price-gmx42-laugh-learn-click-learn-sofortbildkamera-mehrfarbig\\\/#primaryimage\",\"url\":\"https:\\\/\\\/m.media-amazon.com\\\/images\\\/I\\\/41KTcSSXywL._SL500_.jpg\",\"contentUrl\":\"https:\\\/\\\/m.media-amazon.com\\\/images\\\/I\\\/41KTcSSXywL._SL500_.jpg\",\"width\":500,\"height\":500},{\"@type\":\"BreadcrumbList\",\"@id\":\"https:\\\/\\\/marktxxl.de\\\/markt\\\/produkt\\\/fisher-price-gmx42-laugh-learn-click-learn-sofortbildkamera-mehrfarbig\\\/#breadcrumb\",\"itemListElement\":[{\"@type\":\"ListItem\",\"position\":1,\"name\":\"Startseite\",\"item\":\"https:\\\/\\\/marktxxl.de\\\/markt\\\/\"},{\"@type\":\"ListItem\",\"position\":2,\"name\":\"Markt\",\"item\":\"https:\\\/\\\/marktxxl.de\\\/markt\\\/\"},{\"@type\":\"ListItem\",\"position\":3,\"name\":\"Fisher-Price GMX42 Laugh &amp; Learn Click &amp; Learn Sofortbildkamera, Mehrfarbig\"}]},{\"@type\":\"WebSite\",\"@id\":\"https:\\\/\\\/marktxxl.de\\\/markt\\\/#website\",\"url\":\"https:\\\/\\\/marktxxl.de\\\/markt\\\/\",\"name\":\"Markt-XXL\",\"description\":\"Ihr Markt Online\",\"publisher\":{\"@id\":\"https:\\\/\\\/marktxxl.de\\\/markt\\\/#organization\"},\"potentialAction\":[{\"@type\":\"SearchAction\",\"target\":{\"@type\":\"EntryPoint\",\"urlTemplate\":\"https:\\\/\\\/marktxxl.de\\\/markt\\\/?s={search_term_string}\"},\"query-input\":{\"@type\":\"PropertyValueSpecification\",\"valueRequired\":true,\"valueName\":\"search_term_string\"}}],\"inLanguage\":\"de\"},{\"@type\":\"Organization\",\"@id\":\"https:\\\/\\\/marktxxl.de\\\/markt\\\/#organization\",\"name\":\"Markt-XXL\",\"url\":\"https:\\\/\\\/marktxxl.de\\\/markt\\\/\",\"logo\":{\"@type\":\"ImageObject\",\"inLanguage\":\"de\",\"@id\":\"https:\\\/\\\/marktxxl.de\\\/markt\\\/#\\\/schema\\\/logo\\\/image\\\/\",\"url\":\"https:\\\/\\\/marktxxl.de\\\/markt\\\/wp-content\\\/uploads\\\/sites\\\/3\\\/2020\\\/12\\\/logo.png\",\"contentUrl\":\"https:\\\/\\\/marktxxl.de\\\/markt\\\/wp-content\\\/uploads\\\/sites\\\/3\\\/2020\\\/12\\\/logo.png\",\"width\":200,\"height\":70,\"caption\":\"Markt-XXL\"},\"image\":{\"@id\":\"https:\\\/\\\/marktxxl.de\\\/markt\\\/#\\\/schema\\\/logo\\\/image\\\/\"}}]}<\/script>\n<!-- \/ Yoast SEO plugin. -->","yoast_head_json":{"title":"Fisher-Price GMX42 Laugh &amp; Learn Click &amp; Learn Sofortbildkamera, Mehrfarbig - Markt-XXL","description":"Markt-XXL Fisher-Price GMX42 Laugh &amp; Learn Click &amp; Learn Sofortbildkamera, Mehrfarbig","robots":{"index":"index","follow":"follow","max-snippet":"max-snippet:-1","max-image-preview":"max-image-preview:large","max-video-preview":"max-video-preview:-1"},"canonical":"https:\/\/marktxxl.de\/markt\/produkt\/fisher-price-gmx42-laugh-learn-click-learn-sofortbildkamera-mehrfarbig\/","og_locale":"de_DE","og_type":"article","og_title":"Fisher-Price GMX42 Laugh &amp; Learn Click &amp; Learn Sofortbildkamera, Mehrfarbig - Markt-XXL","og_description":"Markt-XXL Fisher-Price GMX42 Laugh &amp; Learn Click &amp; Learn Sofortbildkamera, Mehrfarbig","og_url":"https:\/\/marktxxl.de\/markt\/produkt\/fisher-price-gmx42-laugh-learn-click-learn-sofortbildkamera-mehrfarbig\/","og_site_name":"Markt-XXL","article_modified_time":"2023-04-11T00:11:15+00:00","og_image":[{"width":500,"height":500,"url":"https:\/\/m.media-amazon.com\/images\/I\/41KTcSSXywL._SL500_.jpg","type":"image\/jpeg"}],"twitter_card":"summary_large_image","schema":{"@context":"https:\/\/schema.org","@graph":[{"@type":"WebPage","@id":"https:\/\/marktxxl.de\/markt\/produkt\/fisher-price-gmx42-laugh-learn-click-learn-sofortbildkamera-mehrfarbig\/","url":"https:\/\/marktxxl.de\/markt\/produkt\/fisher-price-gmx42-laugh-learn-click-learn-sofortbildkamera-mehrfarbig\/","name":"Fisher-Price GMX42 Laugh &amp; Learn Click &amp; Learn Sofortbildkamera, Mehrfarbig - Markt-XXL","isPartOf":{"@id":"https:\/\/marktxxl.de\/markt\/#website"},"primaryImageOfPage":{"@id":"https:\/\/marktxxl.de\/markt\/produkt\/fisher-price-gmx42-laugh-learn-click-learn-sofortbildkamera-mehrfarbig\/#primaryimage"},"image":{"@id":"https:\/\/marktxxl.de\/markt\/produkt\/fisher-price-gmx42-laugh-learn-click-learn-sofortbildkamera-mehrfarbig\/#primaryimage"},"thumbnailUrl":"https:\/\/m.media-amazon.com\/images\/I\/41KTcSSXywL._SL500_.jpg","datePublished":"2021-10-12T22:48:25+00:00","dateModified":"2023-04-11T00:11:15+00:00","description":"Markt-XXL Fisher-Price GMX42 Laugh &amp; Learn Click &amp; Learn Sofortbildkamera, Mehrfarbig","breadcrumb":{"@id":"https:\/\/marktxxl.de\/markt\/produkt\/fisher-price-gmx42-laugh-learn-click-learn-sofortbildkamera-mehrfarbig\/#breadcrumb"},"inLanguage":"de","potentialAction":[{"@type":"ReadAction","target":["https:\/\/marktxxl.de\/markt\/produkt\/fisher-price-gmx42-laugh-learn-click-learn-sofortbildkamera-mehrfarbig\/"]}]},{"@type":"ImageObject","inLanguage":"de","@id":"https:\/\/marktxxl.de\/markt\/produkt\/fisher-price-gmx42-laugh-learn-click-learn-sofortbildkamera-mehrfarbig\/#primaryimage","url":"https:\/\/m.media-amazon.com\/images\/I\/41KTcSSXywL._SL500_.jpg","contentUrl":"https:\/\/m.media-amazon.com\/images\/I\/41KTcSSXywL._SL500_.jpg","width":500,"height":500},{"@type":"BreadcrumbList","@id":"https:\/\/marktxxl.de\/markt\/produkt\/fisher-price-gmx42-laugh-learn-click-learn-sofortbildkamera-mehrfarbig\/#breadcrumb","itemListElement":[{"@type":"ListItem","position":1,"name":"Startseite","item":"https:\/\/marktxxl.de\/markt\/"},{"@type":"ListItem","position":2,"name":"Markt","item":"https:\/\/marktxxl.de\/markt\/"},{"@type":"ListItem","position":3,"name":"Fisher-Price GMX42 Laugh &amp; Learn Click &amp; Learn Sofortbildkamera, Mehrfarbig"}]},{"@type":"WebSite","@id":"https:\/\/marktxxl.de\/markt\/#website","url":"https:\/\/marktxxl.de\/markt\/","name":"Markt-XXL","description":"Ihr Markt Online","publisher":{"@id":"https:\/\/marktxxl.de\/markt\/#organization"},"potentialAction":[{"@type":"SearchAction","target":{"@type":"EntryPoint","urlTemplate":"https:\/\/marktxxl.de\/markt\/?s={search_term_string}"},"query-input":{"@type":"PropertyValueSpecification","valueRequired":true,"valueName":"search_term_string"}}],"inLanguage":"de"},{"@type":"Organization","@id":"https:\/\/marktxxl.de\/markt\/#organization","name":"Markt-XXL","url":"https:\/\/marktxxl.de\/markt\/","logo":{"@type":"ImageObject","inLanguage":"de","@id":"https:\/\/marktxxl.de\/markt\/#\/schema\/logo\/image\/","url":"https:\/\/marktxxl.de\/markt\/wp-content\/uploads\/sites\/3\/2020\/12\/logo.png","contentUrl":"https:\/\/marktxxl.de\/markt\/wp-content\/uploads\/sites\/3\/2020\/12\/logo.png","width":200,"height":70,"caption":"Markt-XXL"},"image":{"@id":"https:\/\/marktxxl.de\/markt\/#\/schema\/logo\/image\/"}}]}},"_links":{"self":[{"href":"https:\/\/marktxxl.de\/markt\/wp-json\/wp\/v2\/product\/49785","targetHints":{"allow":["GET"]}}],"collection":[{"href":"https:\/\/marktxxl.de\/markt\/wp-json\/wp\/v2\/product"}],"about":[{"href":"https:\/\/marktxxl.de\/markt\/wp-json\/wp\/v2\/types\/product"}],"replies":[{"embeddable":true,"href":"https:\/\/marktxxl.de\/markt\/wp-json\/wp\/v2\/comments?post=49785"}],"wp:featuredmedia":[{"embeddable":true,"href":"https:\/\/marktxxl.de\/markt\/wp-json\/wp\/v2\/media\/49786"}],"wp:attachment":[{"href":"https:\/\/marktxxl.de\/markt\/wp-json\/wp\/v2\/media?parent=49785"}],"wp:term":[{"taxonomy":"product_brand","embeddable":true,"href":"https:\/\/marktxxl.de\/markt\/wp-json\/wp\/v2\/product_brand?post=49785"},{"taxonomy":"product_cat","embeddable":true,"href":"https:\/\/marktxxl.de\/markt\/wp-json\/wp\/v2\/product_cat?post=49785"},{"taxonomy":"product_tag","embeddable":true,"href":"https:\/\/marktxxl.de\/markt\/wp-json\/wp\/v2\/product_tag?post=49785"}],"curies":[{"name":"wp","href":"https:\/\/api.w.org\/{rel}","templated":true}]}}