{"id":49600,"date":"2021-10-13T00:42:14","date_gmt":"2021-10-12T22:42:14","guid":{"rendered":"https:\/\/marktxxl.de\/markt\/produkt\/baby-mobile-windspiel-comius-mobile-mit-filzbaellen-und-federornamenten-geschenk-bett-glocke-mobile-windspiel-baby-mobile-fuer-babybett\/"},"modified":"2023-04-11T02:11:13","modified_gmt":"2023-04-11T00:11:13","slug":"baby-mobile-windspiel-comius-mobile-mit-filzbaellen-und-federornamenten-geschenk-bett-glocke-mobile-windspiel-baby-mobile-fuer-babybett","status":"publish","type":"product","link":"https:\/\/marktxxl.de\/markt\/produkt\/baby-mobile-windspiel-comius-mobile-mit-filzbaellen-und-federornamenten-geschenk-bett-glocke-mobile-windspiel-baby-mobile-fuer-babybett\/","title":{"rendered":"Baby Mobile Windspiel, Comius Mobile mit Filzb\u00e4llen und Federornamenten, Geschenk Bett Glocke Mobile Windspiel Baby\u2026"},"content":{"rendered":"<p>\uff61\u25d5\u203f\u25d5\uff61Unsere Filzball-Babymobile werden aus einer wundersch\u00f6nen Auswahl einzigartiger Farbkombinationen hergestellt. Jedes Handy kann problemlos zu Ihrem Kinderzimmer-Dekor f\u00fcr M\u00e4dchen oder Jungen passen<br \/>\n\uff61\u25d5\u203f\u25d5\uff61Jedes Babybett wird mit viel Liebe zum Detail von Hand gefertigt. Unsere einzigartigen Designs und Farbkombinationen werden Ihr Kind begeistern und Ihrem wachsenden Baby eine wichtige Bewegung und visuelle Anregung bieten<br \/>\n\uff61\u25d5\u203f\u25d5\uff61Alle unsere Filzkugeln und -formen werden aus hochwertiger Kunstwolle hergestellt. Jede Filzkugel und -form wird nach traditionellen Techniken individuell gerollt und geformt<br \/>\n\uff61\u25d5\u203f\u25d5\uff61Mit der M\u00f6glichkeit, die Filzkugeln und -formen zu bewegen, k\u00f6nnen Sie sogar Ihren eigenen Twist f\u00fcr unsere Designer-Looks kreieren. Leicht und einfach aufzuh\u00e4ngen, Sie werden sie genauso lieben wie Ihren Kleinen<br \/>\n\uff61\u25d5\u203f\u25d5\uff61Geeignet f\u00fcr Heimtextilien, Dekorationen, h\u00e4ngen an der T\u00fcr, die Fenster, h\u00e4ngen im RaumSie k\u00f6nnen \u00fcberall h\u00e4ngen<br \/>\n<div class=\"main-cross-sell\" data-asin=\"B081QB67Z4\">\n\n\t<div class=\"WooZone-cross-sell-loader\">\n\t\t<div>\n\t\t\t<div id=\"floatingBarsG\">\n\t\t\t\t<div class=\"blockG\" id=\"rotateG_01\"><\/div>\n\t\t\t\t<div class=\"blockG\" id=\"rotateG_02\"><\/div>\n\t\t\t\t<div class=\"blockG\" id=\"rotateG_03\"><\/div>\n\t\t\t\t<div class=\"blockG\" id=\"rotateG_04\"><\/div>\n\t\t\t\t<div class=\"blockG\" id=\"rotateG_05\"><\/div>\n\t\t\t\t<div class=\"blockG\" id=\"rotateG_06\"><\/div>\n\t\t\t\t<div class=\"blockG\" id=\"rotateG_07\"><\/div>\n\t\t\t\t<div class=\"blockG\" id=\"rotateG_08\"><\/div>\n\t\t\t<\/div>\n\t\t\t<div class=\"WooZone-cross-sell-loader-text\"><\/div>\n\t\t<\/div>\n\t<\/div>\n\n\t\t\n<\/div>\n<div style=\"clear:both;\"><\/div><\/p>\n","protected":false},"excerpt":{"rendered":"<p>\uff61\u25d5\u203f\u25d5\uff61Unsere Filzball-Babymobile werden aus einer wundersch\u00f6nen Auswahl einzigartiger Farbkombinationen hergestellt. Jedes Handy kann problemlos zu Ihrem Kinderzimmer-Dekor f\u00fcr M\u00e4dchen oder Jungen passen<br \/>\n\uff61\u25d5\u203f\u25d5\uff61Jedes Babybett wird mit viel Liebe zum Detail von Hand gefertigt. Unsere einzigartigen Designs und Farbkombinationen werden Ihr Kind begeistern und Ihrem wachsenden Baby eine wichtige Bewegung und visuelle Anregung bieten<br \/>\n\uff61\u25d5\u203f\u25d5\uff61Alle unsere Filzkugeln und -formen werden aus hochwertiger Kunstwolle hergestellt. Jede Filzkugel und -form wird nach traditionellen Techniken individuell gerollt und geformt<\/p>\n","protected":false},"featured_media":49602,"comment_status":"open","ping_status":"closed","template":"","meta":[],"product_brand":[],"product_cat":[21,9143],"product_tag":[],"class_list":{"0":"post-49600","1":"product","2":"type-product","3":"status-publish","4":"has-post-thumbnail","6":"product_cat-baby","7":"product_cat-entdecken-bewegen-baby","8":"pa_binding-babyartikel","9":"pa_brand-comius-sharp","10":"pa_farbe-pink","11":"pa_manufacturer-comius-sharp","13":"first","14":"instock","15":"shipping-taxable","16":"purchasable","17":"product-type-variable","18":"customify-col","19":"product-has-gallery"},"yoast_head":"<!-- This site is optimized with the Yoast SEO plugin v27.4 - https:\/\/yoast.com\/product\/yoast-seo-wordpress\/ -->\n<title>Baby Mobile Windspiel, Comius Mobile mit Filzb\u00e4llen und Federornamenten, Geschenk Bett Glocke Mobile Windspiel Baby\u2026 - Markt-XXL<\/title>\n<meta name=\"description\" content=\"Markt-XXL Baby Mobile Windspiel, Comius Mobile mit Filzb\u00e4llen und Federornamenten, Geschenk Bett Glocke Mobile Windspiel Baby\u2026\" \/>\n<meta name=\"robots\" content=\"index, follow, max-snippet:-1, max-image-preview:large, max-video-preview:-1\" \/>\n<link rel=\"canonical\" href=\"https:\/\/marktxxl.de\/markt\/produkt\/baby-mobile-windspiel-comius-mobile-mit-filzbaellen-und-federornamenten-geschenk-bett-glocke-mobile-windspiel-baby-mobile-fuer-babybett\/\" \/>\n<meta property=\"og:locale\" content=\"de_DE\" \/>\n<meta property=\"og:type\" content=\"article\" \/>\n<meta property=\"og:title\" content=\"Baby Mobile Windspiel, Comius Mobile mit Filzb\u00e4llen und Federornamenten, Geschenk Bett Glocke Mobile Windspiel Baby\u2026 - Markt-XXL\" \/>\n<meta property=\"og:description\" content=\"Markt-XXL Baby Mobile Windspiel, Comius Mobile mit Filzb\u00e4llen und Federornamenten, Geschenk Bett Glocke Mobile Windspiel Baby\u2026\" \/>\n<meta property=\"og:url\" content=\"https:\/\/marktxxl.de\/markt\/produkt\/baby-mobile-windspiel-comius-mobile-mit-filzbaellen-und-federornamenten-geschenk-bett-glocke-mobile-windspiel-baby-mobile-fuer-babybett\/\" \/>\n<meta property=\"og:site_name\" content=\"Markt-XXL\" \/>\n<meta property=\"article:modified_time\" content=\"2023-04-11T00:11:13+00:00\" \/>\n<meta property=\"og:image\" content=\"https:\/\/m.media-amazon.com\/images\/I\/31EP8qk-kgL._SL500_.jpg\" \/>\n\t<meta property=\"og:image:width\" content=\"500\" \/>\n\t<meta property=\"og:image:height\" content=\"500\" \/>\n\t<meta property=\"og:image:type\" content=\"image\/jpeg\" \/>\n<meta name=\"twitter:card\" content=\"summary_large_image\" \/>\n<meta name=\"twitter:label1\" content=\"Gesch\u00e4tzte Lesezeit\" \/>\n\t<meta name=\"twitter:data1\" content=\"1\u00a0Minute\" \/>\n<script type=\"application\/ld+json\" class=\"yoast-schema-graph\">{\"@context\":\"https:\\\/\\\/schema.org\",\"@graph\":[{\"@type\":\"WebPage\",\"@id\":\"https:\\\/\\\/marktxxl.de\\\/markt\\\/produkt\\\/baby-mobile-windspiel-comius-mobile-mit-filzbaellen-und-federornamenten-geschenk-bett-glocke-mobile-windspiel-baby-mobile-fuer-babybett\\\/\",\"url\":\"https:\\\/\\\/marktxxl.de\\\/markt\\\/produkt\\\/baby-mobile-windspiel-comius-mobile-mit-filzbaellen-und-federornamenten-geschenk-bett-glocke-mobile-windspiel-baby-mobile-fuer-babybett\\\/\",\"name\":\"Baby Mobile Windspiel, Comius Mobile mit Filzb\u00e4llen und Federornamenten, Geschenk Bett Glocke Mobile Windspiel Baby\u2026 - Markt-XXL\",\"isPartOf\":{\"@id\":\"https:\\\/\\\/marktxxl.de\\\/markt\\\/#website\"},\"primaryImageOfPage\":{\"@id\":\"https:\\\/\\\/marktxxl.de\\\/markt\\\/produkt\\\/baby-mobile-windspiel-comius-mobile-mit-filzbaellen-und-federornamenten-geschenk-bett-glocke-mobile-windspiel-baby-mobile-fuer-babybett\\\/#primaryimage\"},\"image\":{\"@id\":\"https:\\\/\\\/marktxxl.de\\\/markt\\\/produkt\\\/baby-mobile-windspiel-comius-mobile-mit-filzbaellen-und-federornamenten-geschenk-bett-glocke-mobile-windspiel-baby-mobile-fuer-babybett\\\/#primaryimage\"},\"thumbnailUrl\":\"https:\\\/\\\/m.media-amazon.com\\\/images\\\/I\\\/31EP8qk-kgL._SL500_.jpg\",\"datePublished\":\"2021-10-12T22:42:14+00:00\",\"dateModified\":\"2023-04-11T00:11:13+00:00\",\"description\":\"Markt-XXL Baby Mobile Windspiel, Comius Mobile mit Filzb\u00e4llen und Federornamenten, Geschenk Bett Glocke Mobile Windspiel Baby\u2026\",\"breadcrumb\":{\"@id\":\"https:\\\/\\\/marktxxl.de\\\/markt\\\/produkt\\\/baby-mobile-windspiel-comius-mobile-mit-filzbaellen-und-federornamenten-geschenk-bett-glocke-mobile-windspiel-baby-mobile-fuer-babybett\\\/#breadcrumb\"},\"inLanguage\":\"de\",\"potentialAction\":[{\"@type\":\"ReadAction\",\"target\":[\"https:\\\/\\\/marktxxl.de\\\/markt\\\/produkt\\\/baby-mobile-windspiel-comius-mobile-mit-filzbaellen-und-federornamenten-geschenk-bett-glocke-mobile-windspiel-baby-mobile-fuer-babybett\\\/\"]}]},{\"@type\":\"ImageObject\",\"inLanguage\":\"de\",\"@id\":\"https:\\\/\\\/marktxxl.de\\\/markt\\\/produkt\\\/baby-mobile-windspiel-comius-mobile-mit-filzbaellen-und-federornamenten-geschenk-bett-glocke-mobile-windspiel-baby-mobile-fuer-babybett\\\/#primaryimage\",\"url\":\"https:\\\/\\\/m.media-amazon.com\\\/images\\\/I\\\/31EP8qk-kgL._SL500_.jpg\",\"contentUrl\":\"https:\\\/\\\/m.media-amazon.com\\\/images\\\/I\\\/31EP8qk-kgL._SL500_.jpg\",\"width\":500,\"height\":500},{\"@type\":\"BreadcrumbList\",\"@id\":\"https:\\\/\\\/marktxxl.de\\\/markt\\\/produkt\\\/baby-mobile-windspiel-comius-mobile-mit-filzbaellen-und-federornamenten-geschenk-bett-glocke-mobile-windspiel-baby-mobile-fuer-babybett\\\/#breadcrumb\",\"itemListElement\":[{\"@type\":\"ListItem\",\"position\":1,\"name\":\"Startseite\",\"item\":\"https:\\\/\\\/marktxxl.de\\\/markt\\\/\"},{\"@type\":\"ListItem\",\"position\":2,\"name\":\"Markt\",\"item\":\"https:\\\/\\\/marktxxl.de\\\/markt\\\/\"},{\"@type\":\"ListItem\",\"position\":3,\"name\":\"Baby Mobile Windspiel, Comius Mobile mit Filzb\u00e4llen und Federornamenten, Geschenk Bett Glocke Mobile Windspiel Baby\u2026\"}]},{\"@type\":\"WebSite\",\"@id\":\"https:\\\/\\\/marktxxl.de\\\/markt\\\/#website\",\"url\":\"https:\\\/\\\/marktxxl.de\\\/markt\\\/\",\"name\":\"Markt-XXL\",\"description\":\"Ihr Markt Online\",\"publisher\":{\"@id\":\"https:\\\/\\\/marktxxl.de\\\/markt\\\/#organization\"},\"potentialAction\":[{\"@type\":\"SearchAction\",\"target\":{\"@type\":\"EntryPoint\",\"urlTemplate\":\"https:\\\/\\\/marktxxl.de\\\/markt\\\/?s={search_term_string}\"},\"query-input\":{\"@type\":\"PropertyValueSpecification\",\"valueRequired\":true,\"valueName\":\"search_term_string\"}}],\"inLanguage\":\"de\"},{\"@type\":\"Organization\",\"@id\":\"https:\\\/\\\/marktxxl.de\\\/markt\\\/#organization\",\"name\":\"Markt-XXL\",\"url\":\"https:\\\/\\\/marktxxl.de\\\/markt\\\/\",\"logo\":{\"@type\":\"ImageObject\",\"inLanguage\":\"de\",\"@id\":\"https:\\\/\\\/marktxxl.de\\\/markt\\\/#\\\/schema\\\/logo\\\/image\\\/\",\"url\":\"https:\\\/\\\/marktxxl.de\\\/markt\\\/wp-content\\\/uploads\\\/sites\\\/3\\\/2020\\\/12\\\/logo.png\",\"contentUrl\":\"https:\\\/\\\/marktxxl.de\\\/markt\\\/wp-content\\\/uploads\\\/sites\\\/3\\\/2020\\\/12\\\/logo.png\",\"width\":200,\"height\":70,\"caption\":\"Markt-XXL\"},\"image\":{\"@id\":\"https:\\\/\\\/marktxxl.de\\\/markt\\\/#\\\/schema\\\/logo\\\/image\\\/\"}}]}<\/script>\n<!-- \/ Yoast SEO plugin. -->","yoast_head_json":{"title":"Baby Mobile Windspiel, Comius Mobile mit Filzb\u00e4llen und Federornamenten, Geschenk Bett Glocke Mobile Windspiel Baby\u2026 - Markt-XXL","description":"Markt-XXL Baby Mobile Windspiel, Comius Mobile mit Filzb\u00e4llen und Federornamenten, Geschenk Bett Glocke Mobile Windspiel Baby\u2026","robots":{"index":"index","follow":"follow","max-snippet":"max-snippet:-1","max-image-preview":"max-image-preview:large","max-video-preview":"max-video-preview:-1"},"canonical":"https:\/\/marktxxl.de\/markt\/produkt\/baby-mobile-windspiel-comius-mobile-mit-filzbaellen-und-federornamenten-geschenk-bett-glocke-mobile-windspiel-baby-mobile-fuer-babybett\/","og_locale":"de_DE","og_type":"article","og_title":"Baby Mobile Windspiel, Comius Mobile mit Filzb\u00e4llen und Federornamenten, Geschenk Bett Glocke Mobile Windspiel Baby\u2026 - Markt-XXL","og_description":"Markt-XXL Baby Mobile Windspiel, Comius Mobile mit Filzb\u00e4llen und Federornamenten, Geschenk Bett Glocke Mobile Windspiel Baby\u2026","og_url":"https:\/\/marktxxl.de\/markt\/produkt\/baby-mobile-windspiel-comius-mobile-mit-filzbaellen-und-federornamenten-geschenk-bett-glocke-mobile-windspiel-baby-mobile-fuer-babybett\/","og_site_name":"Markt-XXL","article_modified_time":"2023-04-11T00:11:13+00:00","og_image":[{"width":500,"height":500,"url":"https:\/\/m.media-amazon.com\/images\/I\/31EP8qk-kgL._SL500_.jpg","type":"image\/jpeg"}],"twitter_card":"summary_large_image","twitter_misc":{"Gesch\u00e4tzte Lesezeit":"1\u00a0Minute"},"schema":{"@context":"https:\/\/schema.org","@graph":[{"@type":"WebPage","@id":"https:\/\/marktxxl.de\/markt\/produkt\/baby-mobile-windspiel-comius-mobile-mit-filzbaellen-und-federornamenten-geschenk-bett-glocke-mobile-windspiel-baby-mobile-fuer-babybett\/","url":"https:\/\/marktxxl.de\/markt\/produkt\/baby-mobile-windspiel-comius-mobile-mit-filzbaellen-und-federornamenten-geschenk-bett-glocke-mobile-windspiel-baby-mobile-fuer-babybett\/","name":"Baby Mobile Windspiel, Comius Mobile mit Filzb\u00e4llen und Federornamenten, Geschenk Bett Glocke Mobile Windspiel Baby\u2026 - Markt-XXL","isPartOf":{"@id":"https:\/\/marktxxl.de\/markt\/#website"},"primaryImageOfPage":{"@id":"https:\/\/marktxxl.de\/markt\/produkt\/baby-mobile-windspiel-comius-mobile-mit-filzbaellen-und-federornamenten-geschenk-bett-glocke-mobile-windspiel-baby-mobile-fuer-babybett\/#primaryimage"},"image":{"@id":"https:\/\/marktxxl.de\/markt\/produkt\/baby-mobile-windspiel-comius-mobile-mit-filzbaellen-und-federornamenten-geschenk-bett-glocke-mobile-windspiel-baby-mobile-fuer-babybett\/#primaryimage"},"thumbnailUrl":"https:\/\/m.media-amazon.com\/images\/I\/31EP8qk-kgL._SL500_.jpg","datePublished":"2021-10-12T22:42:14+00:00","dateModified":"2023-04-11T00:11:13+00:00","description":"Markt-XXL Baby Mobile Windspiel, Comius Mobile mit Filzb\u00e4llen und Federornamenten, Geschenk Bett Glocke Mobile Windspiel Baby\u2026","breadcrumb":{"@id":"https:\/\/marktxxl.de\/markt\/produkt\/baby-mobile-windspiel-comius-mobile-mit-filzbaellen-und-federornamenten-geschenk-bett-glocke-mobile-windspiel-baby-mobile-fuer-babybett\/#breadcrumb"},"inLanguage":"de","potentialAction":[{"@type":"ReadAction","target":["https:\/\/marktxxl.de\/markt\/produkt\/baby-mobile-windspiel-comius-mobile-mit-filzbaellen-und-federornamenten-geschenk-bett-glocke-mobile-windspiel-baby-mobile-fuer-babybett\/"]}]},{"@type":"ImageObject","inLanguage":"de","@id":"https:\/\/marktxxl.de\/markt\/produkt\/baby-mobile-windspiel-comius-mobile-mit-filzbaellen-und-federornamenten-geschenk-bett-glocke-mobile-windspiel-baby-mobile-fuer-babybett\/#primaryimage","url":"https:\/\/m.media-amazon.com\/images\/I\/31EP8qk-kgL._SL500_.jpg","contentUrl":"https:\/\/m.media-amazon.com\/images\/I\/31EP8qk-kgL._SL500_.jpg","width":500,"height":500},{"@type":"BreadcrumbList","@id":"https:\/\/marktxxl.de\/markt\/produkt\/baby-mobile-windspiel-comius-mobile-mit-filzbaellen-und-federornamenten-geschenk-bett-glocke-mobile-windspiel-baby-mobile-fuer-babybett\/#breadcrumb","itemListElement":[{"@type":"ListItem","position":1,"name":"Startseite","item":"https:\/\/marktxxl.de\/markt\/"},{"@type":"ListItem","position":2,"name":"Markt","item":"https:\/\/marktxxl.de\/markt\/"},{"@type":"ListItem","position":3,"name":"Baby Mobile Windspiel, Comius Mobile mit Filzb\u00e4llen und Federornamenten, Geschenk Bett Glocke Mobile Windspiel Baby\u2026"}]},{"@type":"WebSite","@id":"https:\/\/marktxxl.de\/markt\/#website","url":"https:\/\/marktxxl.de\/markt\/","name":"Markt-XXL","description":"Ihr Markt Online","publisher":{"@id":"https:\/\/marktxxl.de\/markt\/#organization"},"potentialAction":[{"@type":"SearchAction","target":{"@type":"EntryPoint","urlTemplate":"https:\/\/marktxxl.de\/markt\/?s={search_term_string}"},"query-input":{"@type":"PropertyValueSpecification","valueRequired":true,"valueName":"search_term_string"}}],"inLanguage":"de"},{"@type":"Organization","@id":"https:\/\/marktxxl.de\/markt\/#organization","name":"Markt-XXL","url":"https:\/\/marktxxl.de\/markt\/","logo":{"@type":"ImageObject","inLanguage":"de","@id":"https:\/\/marktxxl.de\/markt\/#\/schema\/logo\/image\/","url":"https:\/\/marktxxl.de\/markt\/wp-content\/uploads\/sites\/3\/2020\/12\/logo.png","contentUrl":"https:\/\/marktxxl.de\/markt\/wp-content\/uploads\/sites\/3\/2020\/12\/logo.png","width":200,"height":70,"caption":"Markt-XXL"},"image":{"@id":"https:\/\/marktxxl.de\/markt\/#\/schema\/logo\/image\/"}}]}},"_links":{"self":[{"href":"https:\/\/marktxxl.de\/markt\/wp-json\/wp\/v2\/product\/49600","targetHints":{"allow":["GET"]}}],"collection":[{"href":"https:\/\/marktxxl.de\/markt\/wp-json\/wp\/v2\/product"}],"about":[{"href":"https:\/\/marktxxl.de\/markt\/wp-json\/wp\/v2\/types\/product"}],"replies":[{"embeddable":true,"href":"https:\/\/marktxxl.de\/markt\/wp-json\/wp\/v2\/comments?post=49600"}],"wp:featuredmedia":[{"embeddable":true,"href":"https:\/\/marktxxl.de\/markt\/wp-json\/wp\/v2\/media\/49602"}],"wp:attachment":[{"href":"https:\/\/marktxxl.de\/markt\/wp-json\/wp\/v2\/media?parent=49600"}],"wp:term":[{"taxonomy":"product_brand","embeddable":true,"href":"https:\/\/marktxxl.de\/markt\/wp-json\/wp\/v2\/product_brand?post=49600"},{"taxonomy":"product_cat","embeddable":true,"href":"https:\/\/marktxxl.de\/markt\/wp-json\/wp\/v2\/product_cat?post=49600"},{"taxonomy":"product_tag","embeddable":true,"href":"https:\/\/marktxxl.de\/markt\/wp-json\/wp\/v2\/product_tag?post=49600"}],"curies":[{"name":"wp","href":"https:\/\/api.w.org\/{rel}","templated":true}]}}