{"id":49528,"date":"2021-10-13T00:39:39","date_gmt":"2021-10-12T22:39:39","guid":{"rendered":"https:\/\/marktxxl.de\/markt\/produkt\/babytragetuch-aus-100-sanfter-bio-baumwolle-handfrei-babytrage-fuer-neugeborene-baby-erstausstattung-elastisches-tragetuch-baby-ab-geburt-dehnbare-baby-tragetuecher-kleinkindtrage\/"},"modified":"2023-04-10T01:58:53","modified_gmt":"2023-04-09T23:58:53","slug":"babytragetuch-aus-100-sanfter-bio-baumwolle-handfrei-babytrage-fuer-neugeborene-baby-erstausstattung-elastisches-tragetuch-baby-ab-geburt-dehnbare-baby-tragetuecher-kleinkindtrage","status":"publish","type":"product","link":"https:\/\/marktxxl.de\/markt\/produkt\/babytragetuch-aus-100-sanfter-bio-baumwolle-handfrei-babytrage-fuer-neugeborene-baby-erstausstattung-elastisches-tragetuch-baby-ab-geburt-dehnbare-baby-tragetuecher-kleinkindtrage\/","title":{"rendered":"Nike PSG M Nk Dry Strk TRK Suit K, Tuta Uomo, Oil Grey\/Oil Grey\/University Red, L"},"content":{"rendered":"<p>? ???? ??????\u00c4? ??? ?????????: Diese Erstausstattung f\u00fcr Neugeborene und Kleinkinder ist aus 100 % kuschelig weicher Baumwolle hergestellt und enth\u00e4lt keine k\u00fcnstlichen Fasern<br \/>\n? ???????????? ??? ???????? ???????????: Das Elastische Tragetuch schenkt Ihrem Baby Geborgenheit und W\u00e4rme, es ist sowohl f\u00fcr Mama als auch f\u00fcr Papa perfekt geeignet. Die Baby-Traget\u00fccher haben eine perfekte Elastizit\u00e4t und sind einfach zu verwenden<br \/>\n? ????? ?????????: Mit der Tragehilfe f\u00fcr Baby haben Sie immer beide H\u00e4nde frei und sind mit ihrem Kleinkind mobil unterwegs, dabei f\u00fchlt sich Ihr Baby mit diesem Tragetuch entspannt und besch\u00fctzt<br \/>\n? ?????? ??? ??????: Die hochwertige Trage f\u00fcr Babies ist stabil, strapazierf\u00e4hig und ist f\u00fcr Neugeborene und Kleinkinder unter 15 kg geeignet. Die Babytraget\u00fccher lassen Sie Ihr Kind drau\u00dfen beim Stillen vor fremden Augen und vor der Sonne sch\u00fctzen<br \/>\n? ???????? ????????????: Der Baby Sling eignet sich perfekt als Geschenkidee f\u00fcr werdende M\u00fctter und V\u00e4ter, diese Babyausstattung zeichnet sich durch eine leichte Handhabung aus und ist gesundheitsf\u00f6rdernd f\u00fcr das Kind<br \/>\n<div class=\"main-cross-sell\" data-asin=\"B07L6LG4XW\">\n\n\t<div class=\"WooZone-cross-sell-loader\">\n\t\t<div>\n\t\t\t<div id=\"floatingBarsG\">\n\t\t\t\t<div class=\"blockG\" id=\"rotateG_01\"><\/div>\n\t\t\t\t<div class=\"blockG\" id=\"rotateG_02\"><\/div>\n\t\t\t\t<div class=\"blockG\" id=\"rotateG_03\"><\/div>\n\t\t\t\t<div class=\"blockG\" id=\"rotateG_04\"><\/div>\n\t\t\t\t<div class=\"blockG\" id=\"rotateG_05\"><\/div>\n\t\t\t\t<div class=\"blockG\" id=\"rotateG_06\"><\/div>\n\t\t\t\t<div class=\"blockG\" id=\"rotateG_07\"><\/div>\n\t\t\t\t<div class=\"blockG\" id=\"rotateG_08\"><\/div>\n\t\t\t<\/div>\n\t\t\t<div class=\"WooZone-cross-sell-loader-text\"><\/div>\n\t\t<\/div>\n\t<\/div>\n\n\t\t\n<\/div>\n<div style=\"clear:both;\"><\/div><\/p>\n","protected":false},"excerpt":{"rendered":"<p>? ???? ??????\u00c4? ??? ?????????: Diese Erstausstattung f\u00fcr Neugeborene und Kleinkinder ist aus 100 % kuschelig weicher Baumwolle hergestellt und enth\u00e4lt keine k\u00fcnstlichen Fasern<br \/>\n? ???????????? ??? ???????? ???????????: Das Elastische Tragetuch schenkt Ihrem Baby Geborgenheit und W\u00e4rme, es ist sowohl f\u00fcr Mama als auch f\u00fcr Papa perfekt geeignet. Die Baby-Traget\u00fccher haben eine perfekte Elastizit\u00e4t und sind einfach zu verwenden<br \/>\n? ????? ?????????: Mit der Tragehilfe f\u00fcr Baby haben Sie immer beide H\u00e4nde frei und sind mit ihrem Kleinkind mobil unterwegs, dabei f\u00fchlt sich Ihr Baby mit diesem Tragetuch entspannt und besch\u00fctzt<\/p>\n","protected":false},"featured_media":49529,"comment_status":"open","ping_status":"closed","template":"","meta":[],"product_brand":[],"product_cat":[21,9074],"product_tag":[],"class_list":{"0":"post-49528","1":"product","2":"type-product","3":"status-publish","4":"has-post-thumbnail","6":"product_cat-baby","7":"product_cat-babytragen-baby","8":"pa_binding-babyartikel","9":"pa_brand-jvs-family","10":"pa_manufacturer-jvs-family","11":"pa_size-1-stueck-1er-pack","12":"pa_warranty-1-jahr","14":"first","15":"instock","16":"shipping-taxable","17":"purchasable","18":"product-type-simple","19":"customify-col","20":"product-has-gallery"},"yoast_head":"<!-- This site is optimized with the Yoast SEO plugin v27.4 - https:\/\/yoast.com\/product\/yoast-seo-wordpress\/ -->\n<title>Nike PSG M Nk Dry Strk TRK Suit K, Tuta Uomo, Oil Grey\/Oil Grey\/University Red, L - Markt-XXL<\/title>\n<meta name=\"description\" content=\"Markt-XXL Nike PSG M Nk Dry Strk TRK Suit K, Tuta Uomo, Oil Grey\/Oil Grey\/University Red, L\" \/>\n<meta name=\"robots\" content=\"index, follow, max-snippet:-1, max-image-preview:large, max-video-preview:-1\" \/>\n<link rel=\"canonical\" href=\"https:\/\/marktxxl.de\/markt\/produkt\/babytragetuch-aus-100-sanfter-bio-baumwolle-handfrei-babytrage-fuer-neugeborene-baby-erstausstattung-elastisches-tragetuch-baby-ab-geburt-dehnbare-baby-tragetuecher-kleinkindtrage\/\" \/>\n<meta property=\"og:locale\" content=\"de_DE\" \/>\n<meta property=\"og:type\" content=\"article\" \/>\n<meta property=\"og:title\" content=\"Nike PSG M Nk Dry Strk TRK Suit K, Tuta Uomo, Oil Grey\/Oil Grey\/University Red, L - Markt-XXL\" \/>\n<meta property=\"og:description\" content=\"Markt-XXL Nike PSG M Nk Dry Strk TRK Suit K, Tuta Uomo, Oil Grey\/Oil Grey\/University Red, L\" \/>\n<meta property=\"og:url\" content=\"https:\/\/marktxxl.de\/markt\/produkt\/babytragetuch-aus-100-sanfter-bio-baumwolle-handfrei-babytrage-fuer-neugeborene-baby-erstausstattung-elastisches-tragetuch-baby-ab-geburt-dehnbare-baby-tragetuecher-kleinkindtrage\/\" \/>\n<meta property=\"og:site_name\" content=\"Markt-XXL\" \/>\n<meta property=\"article:modified_time\" content=\"2023-04-09T23:58:53+00:00\" \/>\n<meta property=\"og:image\" content=\"https:\/\/m.media-amazon.com\/images\/I\/41DOSxC+vsL._SL500_.jpg\" \/>\n\t<meta property=\"og:image:width\" content=\"500\" \/>\n\t<meta property=\"og:image:height\" content=\"500\" \/>\n\t<meta property=\"og:image:type\" content=\"image\/jpeg\" \/>\n<meta name=\"twitter:card\" content=\"summary_large_image\" \/>\n<meta name=\"twitter:label1\" content=\"Gesch\u00e4tzte Lesezeit\" \/>\n\t<meta name=\"twitter:data1\" content=\"1\u00a0Minute\" \/>\n<script type=\"application\/ld+json\" class=\"yoast-schema-graph\">{\"@context\":\"https:\\\/\\\/schema.org\",\"@graph\":[{\"@type\":\"WebPage\",\"@id\":\"https:\\\/\\\/marktxxl.de\\\/markt\\\/produkt\\\/babytragetuch-aus-100-sanfter-bio-baumwolle-handfrei-babytrage-fuer-neugeborene-baby-erstausstattung-elastisches-tragetuch-baby-ab-geburt-dehnbare-baby-tragetuecher-kleinkindtrage\\\/\",\"url\":\"https:\\\/\\\/marktxxl.de\\\/markt\\\/produkt\\\/babytragetuch-aus-100-sanfter-bio-baumwolle-handfrei-babytrage-fuer-neugeborene-baby-erstausstattung-elastisches-tragetuch-baby-ab-geburt-dehnbare-baby-tragetuecher-kleinkindtrage\\\/\",\"name\":\"Nike PSG M Nk Dry Strk TRK Suit K, Tuta Uomo, Oil Grey\\\/Oil Grey\\\/University Red, L - Markt-XXL\",\"isPartOf\":{\"@id\":\"https:\\\/\\\/marktxxl.de\\\/markt\\\/#website\"},\"primaryImageOfPage\":{\"@id\":\"https:\\\/\\\/marktxxl.de\\\/markt\\\/produkt\\\/babytragetuch-aus-100-sanfter-bio-baumwolle-handfrei-babytrage-fuer-neugeborene-baby-erstausstattung-elastisches-tragetuch-baby-ab-geburt-dehnbare-baby-tragetuecher-kleinkindtrage\\\/#primaryimage\"},\"image\":{\"@id\":\"https:\\\/\\\/marktxxl.de\\\/markt\\\/produkt\\\/babytragetuch-aus-100-sanfter-bio-baumwolle-handfrei-babytrage-fuer-neugeborene-baby-erstausstattung-elastisches-tragetuch-baby-ab-geburt-dehnbare-baby-tragetuecher-kleinkindtrage\\\/#primaryimage\"},\"thumbnailUrl\":\"https:\\\/\\\/m.media-amazon.com\\\/images\\\/I\\\/41DOSxC+vsL._SL500_.jpg\",\"datePublished\":\"2021-10-12T22:39:39+00:00\",\"dateModified\":\"2023-04-09T23:58:53+00:00\",\"description\":\"Markt-XXL Nike PSG M Nk Dry Strk TRK Suit K, Tuta Uomo, Oil Grey\\\/Oil Grey\\\/University Red, L\",\"breadcrumb\":{\"@id\":\"https:\\\/\\\/marktxxl.de\\\/markt\\\/produkt\\\/babytragetuch-aus-100-sanfter-bio-baumwolle-handfrei-babytrage-fuer-neugeborene-baby-erstausstattung-elastisches-tragetuch-baby-ab-geburt-dehnbare-baby-tragetuecher-kleinkindtrage\\\/#breadcrumb\"},\"inLanguage\":\"de\",\"potentialAction\":[{\"@type\":\"ReadAction\",\"target\":[\"https:\\\/\\\/marktxxl.de\\\/markt\\\/produkt\\\/babytragetuch-aus-100-sanfter-bio-baumwolle-handfrei-babytrage-fuer-neugeborene-baby-erstausstattung-elastisches-tragetuch-baby-ab-geburt-dehnbare-baby-tragetuecher-kleinkindtrage\\\/\"]}]},{\"@type\":\"ImageObject\",\"inLanguage\":\"de\",\"@id\":\"https:\\\/\\\/marktxxl.de\\\/markt\\\/produkt\\\/babytragetuch-aus-100-sanfter-bio-baumwolle-handfrei-babytrage-fuer-neugeborene-baby-erstausstattung-elastisches-tragetuch-baby-ab-geburt-dehnbare-baby-tragetuecher-kleinkindtrage\\\/#primaryimage\",\"url\":\"https:\\\/\\\/m.media-amazon.com\\\/images\\\/I\\\/41DOSxC+vsL._SL500_.jpg\",\"contentUrl\":\"https:\\\/\\\/m.media-amazon.com\\\/images\\\/I\\\/41DOSxC+vsL._SL500_.jpg\",\"width\":500,\"height\":500},{\"@type\":\"BreadcrumbList\",\"@id\":\"https:\\\/\\\/marktxxl.de\\\/markt\\\/produkt\\\/babytragetuch-aus-100-sanfter-bio-baumwolle-handfrei-babytrage-fuer-neugeborene-baby-erstausstattung-elastisches-tragetuch-baby-ab-geburt-dehnbare-baby-tragetuecher-kleinkindtrage\\\/#breadcrumb\",\"itemListElement\":[{\"@type\":\"ListItem\",\"position\":1,\"name\":\"Startseite\",\"item\":\"https:\\\/\\\/marktxxl.de\\\/markt\\\/\"},{\"@type\":\"ListItem\",\"position\":2,\"name\":\"Markt\",\"item\":\"https:\\\/\\\/marktxxl.de\\\/markt\\\/\"},{\"@type\":\"ListItem\",\"position\":3,\"name\":\"Nike PSG M Nk Dry Strk TRK Suit K, Tuta Uomo, Oil Grey\\\/Oil Grey\\\/University Red, L\"}]},{\"@type\":\"WebSite\",\"@id\":\"https:\\\/\\\/marktxxl.de\\\/markt\\\/#website\",\"url\":\"https:\\\/\\\/marktxxl.de\\\/markt\\\/\",\"name\":\"Markt-XXL\",\"description\":\"Ihr Markt Online\",\"publisher\":{\"@id\":\"https:\\\/\\\/marktxxl.de\\\/markt\\\/#organization\"},\"potentialAction\":[{\"@type\":\"SearchAction\",\"target\":{\"@type\":\"EntryPoint\",\"urlTemplate\":\"https:\\\/\\\/marktxxl.de\\\/markt\\\/?s={search_term_string}\"},\"query-input\":{\"@type\":\"PropertyValueSpecification\",\"valueRequired\":true,\"valueName\":\"search_term_string\"}}],\"inLanguage\":\"de\"},{\"@type\":\"Organization\",\"@id\":\"https:\\\/\\\/marktxxl.de\\\/markt\\\/#organization\",\"name\":\"Markt-XXL\",\"url\":\"https:\\\/\\\/marktxxl.de\\\/markt\\\/\",\"logo\":{\"@type\":\"ImageObject\",\"inLanguage\":\"de\",\"@id\":\"https:\\\/\\\/marktxxl.de\\\/markt\\\/#\\\/schema\\\/logo\\\/image\\\/\",\"url\":\"https:\\\/\\\/marktxxl.de\\\/markt\\\/wp-content\\\/uploads\\\/sites\\\/3\\\/2020\\\/12\\\/logo.png\",\"contentUrl\":\"https:\\\/\\\/marktxxl.de\\\/markt\\\/wp-content\\\/uploads\\\/sites\\\/3\\\/2020\\\/12\\\/logo.png\",\"width\":200,\"height\":70,\"caption\":\"Markt-XXL\"},\"image\":{\"@id\":\"https:\\\/\\\/marktxxl.de\\\/markt\\\/#\\\/schema\\\/logo\\\/image\\\/\"}}]}<\/script>\n<!-- \/ Yoast SEO plugin. -->","yoast_head_json":{"title":"Nike PSG M Nk Dry Strk TRK Suit K, Tuta Uomo, Oil Grey\/Oil Grey\/University Red, L - Markt-XXL","description":"Markt-XXL Nike PSG M Nk Dry Strk TRK Suit K, Tuta Uomo, Oil Grey\/Oil Grey\/University Red, L","robots":{"index":"index","follow":"follow","max-snippet":"max-snippet:-1","max-image-preview":"max-image-preview:large","max-video-preview":"max-video-preview:-1"},"canonical":"https:\/\/marktxxl.de\/markt\/produkt\/babytragetuch-aus-100-sanfter-bio-baumwolle-handfrei-babytrage-fuer-neugeborene-baby-erstausstattung-elastisches-tragetuch-baby-ab-geburt-dehnbare-baby-tragetuecher-kleinkindtrage\/","og_locale":"de_DE","og_type":"article","og_title":"Nike PSG M Nk Dry Strk TRK Suit K, Tuta Uomo, Oil Grey\/Oil Grey\/University Red, L - Markt-XXL","og_description":"Markt-XXL Nike PSG M Nk Dry Strk TRK Suit K, Tuta Uomo, Oil Grey\/Oil Grey\/University Red, L","og_url":"https:\/\/marktxxl.de\/markt\/produkt\/babytragetuch-aus-100-sanfter-bio-baumwolle-handfrei-babytrage-fuer-neugeborene-baby-erstausstattung-elastisches-tragetuch-baby-ab-geburt-dehnbare-baby-tragetuecher-kleinkindtrage\/","og_site_name":"Markt-XXL","article_modified_time":"2023-04-09T23:58:53+00:00","og_image":[{"width":500,"height":500,"url":"https:\/\/m.media-amazon.com\/images\/I\/41DOSxC+vsL._SL500_.jpg","type":"image\/jpeg"}],"twitter_card":"summary_large_image","twitter_misc":{"Gesch\u00e4tzte Lesezeit":"1\u00a0Minute"},"schema":{"@context":"https:\/\/schema.org","@graph":[{"@type":"WebPage","@id":"https:\/\/marktxxl.de\/markt\/produkt\/babytragetuch-aus-100-sanfter-bio-baumwolle-handfrei-babytrage-fuer-neugeborene-baby-erstausstattung-elastisches-tragetuch-baby-ab-geburt-dehnbare-baby-tragetuecher-kleinkindtrage\/","url":"https:\/\/marktxxl.de\/markt\/produkt\/babytragetuch-aus-100-sanfter-bio-baumwolle-handfrei-babytrage-fuer-neugeborene-baby-erstausstattung-elastisches-tragetuch-baby-ab-geburt-dehnbare-baby-tragetuecher-kleinkindtrage\/","name":"Nike PSG M Nk Dry Strk TRK Suit K, Tuta Uomo, Oil Grey\/Oil Grey\/University Red, L - Markt-XXL","isPartOf":{"@id":"https:\/\/marktxxl.de\/markt\/#website"},"primaryImageOfPage":{"@id":"https:\/\/marktxxl.de\/markt\/produkt\/babytragetuch-aus-100-sanfter-bio-baumwolle-handfrei-babytrage-fuer-neugeborene-baby-erstausstattung-elastisches-tragetuch-baby-ab-geburt-dehnbare-baby-tragetuecher-kleinkindtrage\/#primaryimage"},"image":{"@id":"https:\/\/marktxxl.de\/markt\/produkt\/babytragetuch-aus-100-sanfter-bio-baumwolle-handfrei-babytrage-fuer-neugeborene-baby-erstausstattung-elastisches-tragetuch-baby-ab-geburt-dehnbare-baby-tragetuecher-kleinkindtrage\/#primaryimage"},"thumbnailUrl":"https:\/\/m.media-amazon.com\/images\/I\/41DOSxC+vsL._SL500_.jpg","datePublished":"2021-10-12T22:39:39+00:00","dateModified":"2023-04-09T23:58:53+00:00","description":"Markt-XXL Nike PSG M Nk Dry Strk TRK Suit K, Tuta Uomo, Oil Grey\/Oil Grey\/University Red, L","breadcrumb":{"@id":"https:\/\/marktxxl.de\/markt\/produkt\/babytragetuch-aus-100-sanfter-bio-baumwolle-handfrei-babytrage-fuer-neugeborene-baby-erstausstattung-elastisches-tragetuch-baby-ab-geburt-dehnbare-baby-tragetuecher-kleinkindtrage\/#breadcrumb"},"inLanguage":"de","potentialAction":[{"@type":"ReadAction","target":["https:\/\/marktxxl.de\/markt\/produkt\/babytragetuch-aus-100-sanfter-bio-baumwolle-handfrei-babytrage-fuer-neugeborene-baby-erstausstattung-elastisches-tragetuch-baby-ab-geburt-dehnbare-baby-tragetuecher-kleinkindtrage\/"]}]},{"@type":"ImageObject","inLanguage":"de","@id":"https:\/\/marktxxl.de\/markt\/produkt\/babytragetuch-aus-100-sanfter-bio-baumwolle-handfrei-babytrage-fuer-neugeborene-baby-erstausstattung-elastisches-tragetuch-baby-ab-geburt-dehnbare-baby-tragetuecher-kleinkindtrage\/#primaryimage","url":"https:\/\/m.media-amazon.com\/images\/I\/41DOSxC+vsL._SL500_.jpg","contentUrl":"https:\/\/m.media-amazon.com\/images\/I\/41DOSxC+vsL._SL500_.jpg","width":500,"height":500},{"@type":"BreadcrumbList","@id":"https:\/\/marktxxl.de\/markt\/produkt\/babytragetuch-aus-100-sanfter-bio-baumwolle-handfrei-babytrage-fuer-neugeborene-baby-erstausstattung-elastisches-tragetuch-baby-ab-geburt-dehnbare-baby-tragetuecher-kleinkindtrage\/#breadcrumb","itemListElement":[{"@type":"ListItem","position":1,"name":"Startseite","item":"https:\/\/marktxxl.de\/markt\/"},{"@type":"ListItem","position":2,"name":"Markt","item":"https:\/\/marktxxl.de\/markt\/"},{"@type":"ListItem","position":3,"name":"Nike PSG M Nk Dry Strk TRK Suit K, Tuta Uomo, Oil Grey\/Oil Grey\/University Red, L"}]},{"@type":"WebSite","@id":"https:\/\/marktxxl.de\/markt\/#website","url":"https:\/\/marktxxl.de\/markt\/","name":"Markt-XXL","description":"Ihr Markt Online","publisher":{"@id":"https:\/\/marktxxl.de\/markt\/#organization"},"potentialAction":[{"@type":"SearchAction","target":{"@type":"EntryPoint","urlTemplate":"https:\/\/marktxxl.de\/markt\/?s={search_term_string}"},"query-input":{"@type":"PropertyValueSpecification","valueRequired":true,"valueName":"search_term_string"}}],"inLanguage":"de"},{"@type":"Organization","@id":"https:\/\/marktxxl.de\/markt\/#organization","name":"Markt-XXL","url":"https:\/\/marktxxl.de\/markt\/","logo":{"@type":"ImageObject","inLanguage":"de","@id":"https:\/\/marktxxl.de\/markt\/#\/schema\/logo\/image\/","url":"https:\/\/marktxxl.de\/markt\/wp-content\/uploads\/sites\/3\/2020\/12\/logo.png","contentUrl":"https:\/\/marktxxl.de\/markt\/wp-content\/uploads\/sites\/3\/2020\/12\/logo.png","width":200,"height":70,"caption":"Markt-XXL"},"image":{"@id":"https:\/\/marktxxl.de\/markt\/#\/schema\/logo\/image\/"}}]}},"_links":{"self":[{"href":"https:\/\/marktxxl.de\/markt\/wp-json\/wp\/v2\/product\/49528","targetHints":{"allow":["GET"]}}],"collection":[{"href":"https:\/\/marktxxl.de\/markt\/wp-json\/wp\/v2\/product"}],"about":[{"href":"https:\/\/marktxxl.de\/markt\/wp-json\/wp\/v2\/types\/product"}],"replies":[{"embeddable":true,"href":"https:\/\/marktxxl.de\/markt\/wp-json\/wp\/v2\/comments?post=49528"}],"wp:featuredmedia":[{"embeddable":true,"href":"https:\/\/marktxxl.de\/markt\/wp-json\/wp\/v2\/media\/49529"}],"wp:attachment":[{"href":"https:\/\/marktxxl.de\/markt\/wp-json\/wp\/v2\/media?parent=49528"}],"wp:term":[{"taxonomy":"product_brand","embeddable":true,"href":"https:\/\/marktxxl.de\/markt\/wp-json\/wp\/v2\/product_brand?post=49528"},{"taxonomy":"product_cat","embeddable":true,"href":"https:\/\/marktxxl.de\/markt\/wp-json\/wp\/v2\/product_cat?post=49528"},{"taxonomy":"product_tag","embeddable":true,"href":"https:\/\/marktxxl.de\/markt\/wp-json\/wp\/v2\/product_tag?post=49528"}],"curies":[{"name":"wp","href":"https:\/\/api.w.org\/{rel}","templated":true}]}}