{"id":49507,"date":"2021-10-13T00:34:07","date_gmt":"2021-10-12T22:34:07","guid":{"rendered":"https:\/\/marktxxl.de\/markt\/produkt\/mehrschichtverbundrohr-heizung-trinkwasser-dvgw-16x2-20x2-26x3-32x3-mm-1-m-bis-100-m-oder-wunschlaenge-rot-blau-isoliert-sorte-einfach-auswaehlen\/"},"modified":"2023-04-10T01:58:53","modified_gmt":"2023-04-09T23:58:53","slug":"mehrschichtverbundrohr-heizung-trinkwasser-dvgw-16x2-20x2-26x3-32x3-mm-1-m-bis-100-m-oder-wunschlaenge-rot-blau-isoliert-sorte-einfach-auswaehlen","status":"publish","type":"product","link":"https:\/\/marktxxl.de\/markt\/produkt\/mehrschichtverbundrohr-heizung-trinkwasser-dvgw-16x2-20x2-26x3-32x3-mm-1-m-bis-100-m-oder-wunschlaenge-rot-blau-isoliert-sorte-einfach-auswaehlen\/","title":{"rendered":"Mehrschichtverbundrohr Heizung Trinkwasser geeignet &gt; 16&#215;2 | 20&#215;2 | 26&#215;3 | 32&#215;3 mm &gt; 1 m bis 100 m oder Wunschl\u00e4nge rot\u2026"},"content":{"rendered":"<p>Aluminium-Mehrschichtverbundrohr Marken und Profi-Qualit\u00e4t f\u00fcr Handwerker und Heimwerker. Made in EU<br \/>\nF\u00fcr Heizung, Fu\u00dfbodenzeiung, Trinkwasser (DVGW), Wasser, Heizk\u00f6rper, Druckluft, K\u00fchlung<br \/>\nAlle Gr\u00f6\u00dfen, Alle L\u00e4ngen mit Rabatt, Alle Sorten (mit und ohne Isolierung, verschiedene Isolierungsst\u00e4rken, blau oder rot), passendes Werkzeug einfach selbst ausw\u00e4hlen<br \/>\nDas Rohr besteht aus einer inneren und \u00e4u\u00dferen Schicht vernettes Poly\u00e4thylen PE-xB (Silanvernetzung, Methode B), die durch einen speziellen Klebstoff mit einer Zwischenschicht aus l\u00e4ngs geschwei\u00dfter Aluminiumlegierung verbunden ist (WIG-Sto\u00dfschwei\u00dfen). PE-xB \/ Al \/ PE-Xb<br \/>\nHohe Temperatur- und Druckbest\u00e4ndigkeit: Einsatzbereiche: Temperatur max. 95 \u00b0C, Druck max. 10 bar Dauertemperatur 70 \u00b0C \u00fcber 50 Jahre (DVGW) Zertifiziert nach DVGW und EN ISO 21003 UV-Best\u00e4ndigkeit bei ungesch\u00fctzter Lagerung min. 6 Monate<br \/>\n<div class=\"main-cross-sell\" data-asin=\"B07KKFK6KT\">\n\n\t<div class=\"WooZone-cross-sell-loader\">\n\t\t<div>\n\t\t\t<div id=\"floatingBarsG\">\n\t\t\t\t<div class=\"blockG\" id=\"rotateG_01\"><\/div>\n\t\t\t\t<div class=\"blockG\" id=\"rotateG_02\"><\/div>\n\t\t\t\t<div class=\"blockG\" id=\"rotateG_03\"><\/div>\n\t\t\t\t<div class=\"blockG\" id=\"rotateG_04\"><\/div>\n\t\t\t\t<div class=\"blockG\" id=\"rotateG_05\"><\/div>\n\t\t\t\t<div class=\"blockG\" id=\"rotateG_06\"><\/div>\n\t\t\t\t<div class=\"blockG\" id=\"rotateG_07\"><\/div>\n\t\t\t\t<div class=\"blockG\" id=\"rotateG_08\"><\/div>\n\t\t\t<\/div>\n\t\t\t<div class=\"WooZone-cross-sell-loader-text\"><\/div>\n\t\t<\/div>\n\t<\/div>\n\n\t\t\n<\/div>\n<div style=\"clear:both;\"><\/div><\/p>\n","protected":false},"excerpt":{"rendered":"<p>Aluminium-Mehrschichtverbundrohr Marken und Profi-Qualit\u00e4t f\u00fcr Handwerker und Heimwerker. Made in EU<br \/>\nF\u00fcr Heizung, Fu\u00dfbodenzeiung, Trinkwasser (DVGW), Wasser, Heizk\u00f6rper, Druckluft, K\u00fchlung<br \/>\nAlle Gr\u00f6\u00dfen, Alle L\u00e4ngen mit Rabatt, Alle Sorten (mit und ohne Isolierung, verschiedene Isolierungsst\u00e4rken, blau oder rot), passendes Werkzeug einfach selbst ausw\u00e4hlen<\/p>\n","protected":false},"featured_media":49508,"comment_status":"open","ping_status":"closed","template":"","meta":[],"product_brand":[],"product_cat":[1983,11319],"product_tag":[],"class_list":{"0":"post-49507","1":"product","2":"type-product","3":"status-publish","4":"has-post-thumbnail","6":"product_cat-baumarkt","7":"product_cat-sanitaer","8":"pa_brand-megahaustechnik","9":"pa_manufacturer-megahaustechnik","11":"first","12":"instock","13":"shipping-taxable","14":"purchasable","15":"product-type-simple","16":"customify-col","17":"product-has-gallery"},"yoast_head":"<!-- This site is optimized with the Yoast SEO plugin v27.4 - https:\/\/yoast.com\/product\/yoast-seo-wordpress\/ -->\n<title>Mehrschichtverbundrohr Heizung Trinkwasser geeignet &gt; 16x2 | 20x2 | 26x3 | 32x3 mm &gt; 1 m bis 100 m oder Wunschl\u00e4nge rot\u2026 - Markt-XXL<\/title>\n<meta name=\"description\" content=\"Markt-XXL Mehrschichtverbundrohr Heizung Trinkwasser geeignet &gt; 16x2 | 20x2 | 26x3 | 32x3 mm &gt; 1 m bis 100 m oder Wunschl\u00e4nge rot\u2026\" \/>\n<meta name=\"robots\" content=\"index, follow, max-snippet:-1, max-image-preview:large, max-video-preview:-1\" \/>\n<link rel=\"canonical\" href=\"https:\/\/marktxxl.de\/markt\/produkt\/mehrschichtverbundrohr-heizung-trinkwasser-dvgw-16x2-20x2-26x3-32x3-mm-1-m-bis-100-m-oder-wunschlaenge-rot-blau-isoliert-sorte-einfach-auswaehlen\/\" \/>\n<meta property=\"og:locale\" content=\"de_DE\" \/>\n<meta property=\"og:type\" content=\"article\" \/>\n<meta property=\"og:title\" content=\"Mehrschichtverbundrohr Heizung Trinkwasser geeignet &gt; 16x2 | 20x2 | 26x3 | 32x3 mm &gt; 1 m bis 100 m oder Wunschl\u00e4nge rot\u2026 - Markt-XXL\" \/>\n<meta property=\"og:description\" content=\"Markt-XXL Mehrschichtverbundrohr Heizung Trinkwasser geeignet &gt; 16x2 | 20x2 | 26x3 | 32x3 mm &gt; 1 m bis 100 m oder Wunschl\u00e4nge rot\u2026\" \/>\n<meta property=\"og:url\" content=\"https:\/\/marktxxl.de\/markt\/produkt\/mehrschichtverbundrohr-heizung-trinkwasser-dvgw-16x2-20x2-26x3-32x3-mm-1-m-bis-100-m-oder-wunschlaenge-rot-blau-isoliert-sorte-einfach-auswaehlen\/\" \/>\n<meta property=\"og:site_name\" content=\"Markt-XXL\" \/>\n<meta property=\"article:modified_time\" content=\"2023-04-09T23:58:53+00:00\" \/>\n<meta property=\"og:image\" content=\"https:\/\/m.media-amazon.com\/images\/I\/515wf9JTblL._SL500_.jpg\" \/>\n\t<meta property=\"og:image:width\" content=\"500\" \/>\n\t<meta property=\"og:image:height\" content=\"500\" \/>\n\t<meta property=\"og:image:type\" content=\"image\/jpeg\" \/>\n<meta name=\"twitter:card\" content=\"summary_large_image\" \/>\n<meta name=\"twitter:label1\" content=\"Gesch\u00e4tzte Lesezeit\" \/>\n\t<meta name=\"twitter:data1\" content=\"1\u00a0Minute\" \/>\n<script type=\"application\/ld+json\" class=\"yoast-schema-graph\">{\"@context\":\"https:\\\/\\\/schema.org\",\"@graph\":[{\"@type\":\"WebPage\",\"@id\":\"https:\\\/\\\/marktxxl.de\\\/markt\\\/produkt\\\/mehrschichtverbundrohr-heizung-trinkwasser-dvgw-16x2-20x2-26x3-32x3-mm-1-m-bis-100-m-oder-wunschlaenge-rot-blau-isoliert-sorte-einfach-auswaehlen\\\/\",\"url\":\"https:\\\/\\\/marktxxl.de\\\/markt\\\/produkt\\\/mehrschichtverbundrohr-heizung-trinkwasser-dvgw-16x2-20x2-26x3-32x3-mm-1-m-bis-100-m-oder-wunschlaenge-rot-blau-isoliert-sorte-einfach-auswaehlen\\\/\",\"name\":\"Mehrschichtverbundrohr Heizung Trinkwasser geeignet &gt; 16x2 | 20x2 | 26x3 | 32x3 mm &gt; 1 m bis 100 m oder Wunschl\u00e4nge rot\u2026 - Markt-XXL\",\"isPartOf\":{\"@id\":\"https:\\\/\\\/marktxxl.de\\\/markt\\\/#website\"},\"primaryImageOfPage\":{\"@id\":\"https:\\\/\\\/marktxxl.de\\\/markt\\\/produkt\\\/mehrschichtverbundrohr-heizung-trinkwasser-dvgw-16x2-20x2-26x3-32x3-mm-1-m-bis-100-m-oder-wunschlaenge-rot-blau-isoliert-sorte-einfach-auswaehlen\\\/#primaryimage\"},\"image\":{\"@id\":\"https:\\\/\\\/marktxxl.de\\\/markt\\\/produkt\\\/mehrschichtverbundrohr-heizung-trinkwasser-dvgw-16x2-20x2-26x3-32x3-mm-1-m-bis-100-m-oder-wunschlaenge-rot-blau-isoliert-sorte-einfach-auswaehlen\\\/#primaryimage\"},\"thumbnailUrl\":\"https:\\\/\\\/m.media-amazon.com\\\/images\\\/I\\\/515wf9JTblL._SL500_.jpg\",\"datePublished\":\"2021-10-12T22:34:07+00:00\",\"dateModified\":\"2023-04-09T23:58:53+00:00\",\"description\":\"Markt-XXL Mehrschichtverbundrohr Heizung Trinkwasser geeignet &gt; 16x2 | 20x2 | 26x3 | 32x3 mm &gt; 1 m bis 100 m oder Wunschl\u00e4nge rot\u2026\",\"breadcrumb\":{\"@id\":\"https:\\\/\\\/marktxxl.de\\\/markt\\\/produkt\\\/mehrschichtverbundrohr-heizung-trinkwasser-dvgw-16x2-20x2-26x3-32x3-mm-1-m-bis-100-m-oder-wunschlaenge-rot-blau-isoliert-sorte-einfach-auswaehlen\\\/#breadcrumb\"},\"inLanguage\":\"de\",\"potentialAction\":[{\"@type\":\"ReadAction\",\"target\":[\"https:\\\/\\\/marktxxl.de\\\/markt\\\/produkt\\\/mehrschichtverbundrohr-heizung-trinkwasser-dvgw-16x2-20x2-26x3-32x3-mm-1-m-bis-100-m-oder-wunschlaenge-rot-blau-isoliert-sorte-einfach-auswaehlen\\\/\"]}]},{\"@type\":\"ImageObject\",\"inLanguage\":\"de\",\"@id\":\"https:\\\/\\\/marktxxl.de\\\/markt\\\/produkt\\\/mehrschichtverbundrohr-heizung-trinkwasser-dvgw-16x2-20x2-26x3-32x3-mm-1-m-bis-100-m-oder-wunschlaenge-rot-blau-isoliert-sorte-einfach-auswaehlen\\\/#primaryimage\",\"url\":\"https:\\\/\\\/m.media-amazon.com\\\/images\\\/I\\\/515wf9JTblL._SL500_.jpg\",\"contentUrl\":\"https:\\\/\\\/m.media-amazon.com\\\/images\\\/I\\\/515wf9JTblL._SL500_.jpg\",\"width\":500,\"height\":500},{\"@type\":\"BreadcrumbList\",\"@id\":\"https:\\\/\\\/marktxxl.de\\\/markt\\\/produkt\\\/mehrschichtverbundrohr-heizung-trinkwasser-dvgw-16x2-20x2-26x3-32x3-mm-1-m-bis-100-m-oder-wunschlaenge-rot-blau-isoliert-sorte-einfach-auswaehlen\\\/#breadcrumb\",\"itemListElement\":[{\"@type\":\"ListItem\",\"position\":1,\"name\":\"Startseite\",\"item\":\"https:\\\/\\\/marktxxl.de\\\/markt\\\/\"},{\"@type\":\"ListItem\",\"position\":2,\"name\":\"Markt\",\"item\":\"https:\\\/\\\/marktxxl.de\\\/markt\\\/\"},{\"@type\":\"ListItem\",\"position\":3,\"name\":\"Mehrschichtverbundrohr Heizung Trinkwasser geeignet &gt; 16&#215;2 | 20&#215;2 | 26&#215;3 | 32&#215;3 mm &gt; 1 m bis 100 m oder Wunschl\u00e4nge rot\u2026\"}]},{\"@type\":\"WebSite\",\"@id\":\"https:\\\/\\\/marktxxl.de\\\/markt\\\/#website\",\"url\":\"https:\\\/\\\/marktxxl.de\\\/markt\\\/\",\"name\":\"Markt-XXL\",\"description\":\"Ihr Markt Online\",\"publisher\":{\"@id\":\"https:\\\/\\\/marktxxl.de\\\/markt\\\/#organization\"},\"potentialAction\":[{\"@type\":\"SearchAction\",\"target\":{\"@type\":\"EntryPoint\",\"urlTemplate\":\"https:\\\/\\\/marktxxl.de\\\/markt\\\/?s={search_term_string}\"},\"query-input\":{\"@type\":\"PropertyValueSpecification\",\"valueRequired\":true,\"valueName\":\"search_term_string\"}}],\"inLanguage\":\"de\"},{\"@type\":\"Organization\",\"@id\":\"https:\\\/\\\/marktxxl.de\\\/markt\\\/#organization\",\"name\":\"Markt-XXL\",\"url\":\"https:\\\/\\\/marktxxl.de\\\/markt\\\/\",\"logo\":{\"@type\":\"ImageObject\",\"inLanguage\":\"de\",\"@id\":\"https:\\\/\\\/marktxxl.de\\\/markt\\\/#\\\/schema\\\/logo\\\/image\\\/\",\"url\":\"https:\\\/\\\/marktxxl.de\\\/markt\\\/wp-content\\\/uploads\\\/sites\\\/3\\\/2020\\\/12\\\/logo.png\",\"contentUrl\":\"https:\\\/\\\/marktxxl.de\\\/markt\\\/wp-content\\\/uploads\\\/sites\\\/3\\\/2020\\\/12\\\/logo.png\",\"width\":200,\"height\":70,\"caption\":\"Markt-XXL\"},\"image\":{\"@id\":\"https:\\\/\\\/marktxxl.de\\\/markt\\\/#\\\/schema\\\/logo\\\/image\\\/\"}}]}<\/script>\n<!-- \/ Yoast SEO plugin. -->","yoast_head_json":{"title":"Mehrschichtverbundrohr Heizung Trinkwasser geeignet &gt; 16x2 | 20x2 | 26x3 | 32x3 mm &gt; 1 m bis 100 m oder Wunschl\u00e4nge rot\u2026 - Markt-XXL","description":"Markt-XXL Mehrschichtverbundrohr Heizung Trinkwasser geeignet &gt; 16x2 | 20x2 | 26x3 | 32x3 mm &gt; 1 m bis 100 m oder Wunschl\u00e4nge rot\u2026","robots":{"index":"index","follow":"follow","max-snippet":"max-snippet:-1","max-image-preview":"max-image-preview:large","max-video-preview":"max-video-preview:-1"},"canonical":"https:\/\/marktxxl.de\/markt\/produkt\/mehrschichtverbundrohr-heizung-trinkwasser-dvgw-16x2-20x2-26x3-32x3-mm-1-m-bis-100-m-oder-wunschlaenge-rot-blau-isoliert-sorte-einfach-auswaehlen\/","og_locale":"de_DE","og_type":"article","og_title":"Mehrschichtverbundrohr Heizung Trinkwasser geeignet &gt; 16x2 | 20x2 | 26x3 | 32x3 mm &gt; 1 m bis 100 m oder Wunschl\u00e4nge rot\u2026 - Markt-XXL","og_description":"Markt-XXL Mehrschichtverbundrohr Heizung Trinkwasser geeignet &gt; 16x2 | 20x2 | 26x3 | 32x3 mm &gt; 1 m bis 100 m oder Wunschl\u00e4nge rot\u2026","og_url":"https:\/\/marktxxl.de\/markt\/produkt\/mehrschichtverbundrohr-heizung-trinkwasser-dvgw-16x2-20x2-26x3-32x3-mm-1-m-bis-100-m-oder-wunschlaenge-rot-blau-isoliert-sorte-einfach-auswaehlen\/","og_site_name":"Markt-XXL","article_modified_time":"2023-04-09T23:58:53+00:00","og_image":[{"width":500,"height":500,"url":"https:\/\/m.media-amazon.com\/images\/I\/515wf9JTblL._SL500_.jpg","type":"image\/jpeg"}],"twitter_card":"summary_large_image","twitter_misc":{"Gesch\u00e4tzte Lesezeit":"1\u00a0Minute"},"schema":{"@context":"https:\/\/schema.org","@graph":[{"@type":"WebPage","@id":"https:\/\/marktxxl.de\/markt\/produkt\/mehrschichtverbundrohr-heizung-trinkwasser-dvgw-16x2-20x2-26x3-32x3-mm-1-m-bis-100-m-oder-wunschlaenge-rot-blau-isoliert-sorte-einfach-auswaehlen\/","url":"https:\/\/marktxxl.de\/markt\/produkt\/mehrschichtverbundrohr-heizung-trinkwasser-dvgw-16x2-20x2-26x3-32x3-mm-1-m-bis-100-m-oder-wunschlaenge-rot-blau-isoliert-sorte-einfach-auswaehlen\/","name":"Mehrschichtverbundrohr Heizung Trinkwasser geeignet &gt; 16x2 | 20x2 | 26x3 | 32x3 mm &gt; 1 m bis 100 m oder Wunschl\u00e4nge rot\u2026 - Markt-XXL","isPartOf":{"@id":"https:\/\/marktxxl.de\/markt\/#website"},"primaryImageOfPage":{"@id":"https:\/\/marktxxl.de\/markt\/produkt\/mehrschichtverbundrohr-heizung-trinkwasser-dvgw-16x2-20x2-26x3-32x3-mm-1-m-bis-100-m-oder-wunschlaenge-rot-blau-isoliert-sorte-einfach-auswaehlen\/#primaryimage"},"image":{"@id":"https:\/\/marktxxl.de\/markt\/produkt\/mehrschichtverbundrohr-heizung-trinkwasser-dvgw-16x2-20x2-26x3-32x3-mm-1-m-bis-100-m-oder-wunschlaenge-rot-blau-isoliert-sorte-einfach-auswaehlen\/#primaryimage"},"thumbnailUrl":"https:\/\/m.media-amazon.com\/images\/I\/515wf9JTblL._SL500_.jpg","datePublished":"2021-10-12T22:34:07+00:00","dateModified":"2023-04-09T23:58:53+00:00","description":"Markt-XXL Mehrschichtverbundrohr Heizung Trinkwasser geeignet &gt; 16x2 | 20x2 | 26x3 | 32x3 mm &gt; 1 m bis 100 m oder Wunschl\u00e4nge rot\u2026","breadcrumb":{"@id":"https:\/\/marktxxl.de\/markt\/produkt\/mehrschichtverbundrohr-heizung-trinkwasser-dvgw-16x2-20x2-26x3-32x3-mm-1-m-bis-100-m-oder-wunschlaenge-rot-blau-isoliert-sorte-einfach-auswaehlen\/#breadcrumb"},"inLanguage":"de","potentialAction":[{"@type":"ReadAction","target":["https:\/\/marktxxl.de\/markt\/produkt\/mehrschichtverbundrohr-heizung-trinkwasser-dvgw-16x2-20x2-26x3-32x3-mm-1-m-bis-100-m-oder-wunschlaenge-rot-blau-isoliert-sorte-einfach-auswaehlen\/"]}]},{"@type":"ImageObject","inLanguage":"de","@id":"https:\/\/marktxxl.de\/markt\/produkt\/mehrschichtverbundrohr-heizung-trinkwasser-dvgw-16x2-20x2-26x3-32x3-mm-1-m-bis-100-m-oder-wunschlaenge-rot-blau-isoliert-sorte-einfach-auswaehlen\/#primaryimage","url":"https:\/\/m.media-amazon.com\/images\/I\/515wf9JTblL._SL500_.jpg","contentUrl":"https:\/\/m.media-amazon.com\/images\/I\/515wf9JTblL._SL500_.jpg","width":500,"height":500},{"@type":"BreadcrumbList","@id":"https:\/\/marktxxl.de\/markt\/produkt\/mehrschichtverbundrohr-heizung-trinkwasser-dvgw-16x2-20x2-26x3-32x3-mm-1-m-bis-100-m-oder-wunschlaenge-rot-blau-isoliert-sorte-einfach-auswaehlen\/#breadcrumb","itemListElement":[{"@type":"ListItem","position":1,"name":"Startseite","item":"https:\/\/marktxxl.de\/markt\/"},{"@type":"ListItem","position":2,"name":"Markt","item":"https:\/\/marktxxl.de\/markt\/"},{"@type":"ListItem","position":3,"name":"Mehrschichtverbundrohr Heizung Trinkwasser geeignet &gt; 16&#215;2 | 20&#215;2 | 26&#215;3 | 32&#215;3 mm &gt; 1 m bis 100 m oder Wunschl\u00e4nge rot\u2026"}]},{"@type":"WebSite","@id":"https:\/\/marktxxl.de\/markt\/#website","url":"https:\/\/marktxxl.de\/markt\/","name":"Markt-XXL","description":"Ihr Markt Online","publisher":{"@id":"https:\/\/marktxxl.de\/markt\/#organization"},"potentialAction":[{"@type":"SearchAction","target":{"@type":"EntryPoint","urlTemplate":"https:\/\/marktxxl.de\/markt\/?s={search_term_string}"},"query-input":{"@type":"PropertyValueSpecification","valueRequired":true,"valueName":"search_term_string"}}],"inLanguage":"de"},{"@type":"Organization","@id":"https:\/\/marktxxl.de\/markt\/#organization","name":"Markt-XXL","url":"https:\/\/marktxxl.de\/markt\/","logo":{"@type":"ImageObject","inLanguage":"de","@id":"https:\/\/marktxxl.de\/markt\/#\/schema\/logo\/image\/","url":"https:\/\/marktxxl.de\/markt\/wp-content\/uploads\/sites\/3\/2020\/12\/logo.png","contentUrl":"https:\/\/marktxxl.de\/markt\/wp-content\/uploads\/sites\/3\/2020\/12\/logo.png","width":200,"height":70,"caption":"Markt-XXL"},"image":{"@id":"https:\/\/marktxxl.de\/markt\/#\/schema\/logo\/image\/"}}]}},"_links":{"self":[{"href":"https:\/\/marktxxl.de\/markt\/wp-json\/wp\/v2\/product\/49507","targetHints":{"allow":["GET"]}}],"collection":[{"href":"https:\/\/marktxxl.de\/markt\/wp-json\/wp\/v2\/product"}],"about":[{"href":"https:\/\/marktxxl.de\/markt\/wp-json\/wp\/v2\/types\/product"}],"replies":[{"embeddable":true,"href":"https:\/\/marktxxl.de\/markt\/wp-json\/wp\/v2\/comments?post=49507"}],"wp:featuredmedia":[{"embeddable":true,"href":"https:\/\/marktxxl.de\/markt\/wp-json\/wp\/v2\/media\/49508"}],"wp:attachment":[{"href":"https:\/\/marktxxl.de\/markt\/wp-json\/wp\/v2\/media?parent=49507"}],"wp:term":[{"taxonomy":"product_brand","embeddable":true,"href":"https:\/\/marktxxl.de\/markt\/wp-json\/wp\/v2\/product_brand?post=49507"},{"taxonomy":"product_cat","embeddable":true,"href":"https:\/\/marktxxl.de\/markt\/wp-json\/wp\/v2\/product_cat?post=49507"},{"taxonomy":"product_tag","embeddable":true,"href":"https:\/\/marktxxl.de\/markt\/wp-json\/wp\/v2\/product_tag?post=49507"}],"curies":[{"name":"wp","href":"https:\/\/api.w.org\/{rel}","templated":true}]}}