{"id":49500,"date":"2021-10-13T00:34:05","date_gmt":"2021-10-12T22:34:05","guid":{"rendered":"https:\/\/marktxxl.de\/markt\/produkt\/grohe-ersatzteile-armaturen-oberteil-dn-15-mit-langem-kegel-mit-keramischen-dichtscheiben-45869000\/"},"modified":"2023-04-10T01:58:52","modified_gmt":"2023-04-09T23:58:52","slug":"grohe-ersatzteile-armaturen-oberteil-dn-15-mit-langem-kegel-mit-keramischen-dichtscheiben-45869000","status":"publish","type":"product","link":"https:\/\/marktxxl.de\/markt\/produkt\/grohe-ersatzteile-armaturen-oberteil-dn-15-mit-langem-kegel-mit-keramischen-dichtscheiben-45869000\/","title":{"rendered":"GROHE Oberteil mit langem Kegel (Anschlag: rechts, mit keramischen Dichtscheiben, Drehwinkel 180\u00b0), 45869000"},"content":{"rendered":"<p>Oberteil DN 15 mit langem Kegel<br \/>\nmit keramischen Dichtscheiben<br \/>\nDrehwinkel 180\u00b0 Anschlag: rechts<br \/>\nLieferumfang: Installationssystem mit Zubeh\u00f6r f\u00fcr Vorwandmontage, mit GROHE Fresh Umr\u00fcstset, mit Abdeckplatte Skate Cosmopolitan, senkrechte und waagerechte Montage , chrom, mit WC-Schallschutzset<br \/>\nHerstellergarantie: 5 Jahre bei Verkauf und Versand durch Amazon. Bei Verkauf und Versand durch einen Drittanbieter gelten die Angaben des jeweiligen Verk\u00e4ufers. Ausf\u00fchrliche Garantiebedingungen finden Sie unter \u201eWeitere technische Informationen\u201c auf dieser Seite, klicken Sie hierzu bitte auf \u201e5 Jahre Herstellergarantie\u201c.<br \/>\nOberteil DN 15 mit langem Kegel<br \/>\nMit keramischen Dichtscheiben<br \/>\nDrehwinkel 180 Grad Anschlag: rechts<br \/>\nLieferumfang: Installationssystem mit Zubeh\u00f6r f\u00fcr Vorwandmontage, mit Grohe Fresh Umr\u00fcstset, mit Abdeckplatte Skate Cosmopolitan, senkrechte und waagerechte Montage<br \/>\n<div class=\"main-cross-sell\" data-asin=\"B0017VJ3A4\">\n\n\t<div class=\"WooZone-cross-sell-loader\">\n\t\t<div>\n\t\t\t<div id=\"floatingBarsG\">\n\t\t\t\t<div class=\"blockG\" id=\"rotateG_01\"><\/div>\n\t\t\t\t<div class=\"blockG\" id=\"rotateG_02\"><\/div>\n\t\t\t\t<div class=\"blockG\" id=\"rotateG_03\"><\/div>\n\t\t\t\t<div class=\"blockG\" id=\"rotateG_04\"><\/div>\n\t\t\t\t<div class=\"blockG\" id=\"rotateG_05\"><\/div>\n\t\t\t\t<div class=\"blockG\" id=\"rotateG_06\"><\/div>\n\t\t\t\t<div class=\"blockG\" id=\"rotateG_07\"><\/div>\n\t\t\t\t<div class=\"blockG\" id=\"rotateG_08\"><\/div>\n\t\t\t<\/div>\n\t\t\t<div class=\"WooZone-cross-sell-loader-text\"><\/div>\n\t\t<\/div>\n\t<\/div>\n\n\t\t\n<\/div>\n<div style=\"clear:both;\"><\/div><\/p>\n","protected":false},"excerpt":{"rendered":"<p>Oberteil DN 15 mit langem Kegel<br \/>\nmit keramischen Dichtscheiben<br \/>\nDrehwinkel 180\u00b0 Anschlag: rechts<\/p>\n","protected":false},"featured_media":49501,"comment_status":"open","ping_status":"closed","template":"","meta":[],"product_brand":[],"product_cat":[1983,11319],"product_tag":[],"class_list":{"0":"post-49500","1":"product","2":"type-product","3":"status-publish","4":"has-post-thumbnail","6":"product_cat-baumarkt","7":"product_cat-sanitaer","8":"pa_binding-werkzeug","9":"pa_brand-grohe","10":"pa_brand-thames-hudson","11":"pa_height-1-7716535415-zoll","12":"pa_languages-handbuch-italienisch-handbuch-deutsch-handbuch-franzoesisch-handbuch-englisch-handbuch-spanisch","13":"pa_length-8-661417314-zoll","14":"pa_manufacturer-grohe","15":"pa_model-19783","16":"pa_warranty-grohe-45869000-kit-de-restauracion-y-reparacion-de-grifos","17":"pa_weight-0-02-pfund","18":"pa_width-3-7401574765-zoll","20":"first","21":"instock","22":"shipping-taxable","23":"purchasable","24":"product-type-simple","25":"customify-col","26":"product-has-gallery"},"yoast_head":"<!-- This site is optimized with the Yoast SEO plugin v27.4 - https:\/\/yoast.com\/product\/yoast-seo-wordpress\/ -->\n<title>GROHE Oberteil mit langem Kegel (Anschlag: rechts, mit keramischen Dichtscheiben, Drehwinkel 180\u00b0), 45869000 - Markt-XXL<\/title>\n<meta name=\"description\" content=\"Markt-XXL GROHE Oberteil mit langem Kegel (Anschlag: rechts, mit keramischen Dichtscheiben, Drehwinkel 180\u00b0), 45869000\" \/>\n<meta name=\"robots\" content=\"index, follow, max-snippet:-1, max-image-preview:large, max-video-preview:-1\" \/>\n<link rel=\"canonical\" href=\"https:\/\/marktxxl.de\/markt\/produkt\/grohe-ersatzteile-armaturen-oberteil-dn-15-mit-langem-kegel-mit-keramischen-dichtscheiben-45869000\/\" \/>\n<meta property=\"og:locale\" content=\"de_DE\" \/>\n<meta property=\"og:type\" content=\"article\" \/>\n<meta property=\"og:title\" content=\"GROHE Oberteil mit langem Kegel (Anschlag: rechts, mit keramischen Dichtscheiben, Drehwinkel 180\u00b0), 45869000 - Markt-XXL\" \/>\n<meta property=\"og:description\" content=\"Markt-XXL GROHE Oberteil mit langem Kegel (Anschlag: rechts, mit keramischen Dichtscheiben, Drehwinkel 180\u00b0), 45869000\" \/>\n<meta property=\"og:url\" content=\"https:\/\/marktxxl.de\/markt\/produkt\/grohe-ersatzteile-armaturen-oberteil-dn-15-mit-langem-kegel-mit-keramischen-dichtscheiben-45869000\/\" \/>\n<meta property=\"og:site_name\" content=\"Markt-XXL\" \/>\n<meta property=\"article:modified_time\" content=\"2023-04-09T23:58:52+00:00\" \/>\n<meta property=\"og:image\" content=\"https:\/\/m.media-amazon.com\/images\/I\/31HqE49x2gL._SL500_.jpg\" \/>\n\t<meta property=\"og:image:width\" content=\"156\" \/>\n\t<meta property=\"og:image:height\" content=\"500\" \/>\n\t<meta property=\"og:image:type\" content=\"image\/jpeg\" \/>\n<meta name=\"twitter:card\" content=\"summary_large_image\" \/>\n<meta name=\"twitter:label1\" content=\"Gesch\u00e4tzte Lesezeit\" \/>\n\t<meta name=\"twitter:data1\" content=\"1\u00a0Minute\" \/>\n<script type=\"application\/ld+json\" class=\"yoast-schema-graph\">{\"@context\":\"https:\\\/\\\/schema.org\",\"@graph\":[{\"@type\":\"WebPage\",\"@id\":\"https:\\\/\\\/marktxxl.de\\\/markt\\\/produkt\\\/grohe-ersatzteile-armaturen-oberteil-dn-15-mit-langem-kegel-mit-keramischen-dichtscheiben-45869000\\\/\",\"url\":\"https:\\\/\\\/marktxxl.de\\\/markt\\\/produkt\\\/grohe-ersatzteile-armaturen-oberteil-dn-15-mit-langem-kegel-mit-keramischen-dichtscheiben-45869000\\\/\",\"name\":\"GROHE Oberteil mit langem Kegel (Anschlag: rechts, mit keramischen Dichtscheiben, Drehwinkel 180\u00b0), 45869000 - Markt-XXL\",\"isPartOf\":{\"@id\":\"https:\\\/\\\/marktxxl.de\\\/markt\\\/#website\"},\"primaryImageOfPage\":{\"@id\":\"https:\\\/\\\/marktxxl.de\\\/markt\\\/produkt\\\/grohe-ersatzteile-armaturen-oberteil-dn-15-mit-langem-kegel-mit-keramischen-dichtscheiben-45869000\\\/#primaryimage\"},\"image\":{\"@id\":\"https:\\\/\\\/marktxxl.de\\\/markt\\\/produkt\\\/grohe-ersatzteile-armaturen-oberteil-dn-15-mit-langem-kegel-mit-keramischen-dichtscheiben-45869000\\\/#primaryimage\"},\"thumbnailUrl\":\"https:\\\/\\\/m.media-amazon.com\\\/images\\\/I\\\/31HqE49x2gL._SL500_.jpg\",\"datePublished\":\"2021-10-12T22:34:05+00:00\",\"dateModified\":\"2023-04-09T23:58:52+00:00\",\"description\":\"Markt-XXL GROHE Oberteil mit langem Kegel (Anschlag: rechts, mit keramischen Dichtscheiben, Drehwinkel 180\u00b0), 45869000\",\"breadcrumb\":{\"@id\":\"https:\\\/\\\/marktxxl.de\\\/markt\\\/produkt\\\/grohe-ersatzteile-armaturen-oberteil-dn-15-mit-langem-kegel-mit-keramischen-dichtscheiben-45869000\\\/#breadcrumb\"},\"inLanguage\":\"de\",\"potentialAction\":[{\"@type\":\"ReadAction\",\"target\":[\"https:\\\/\\\/marktxxl.de\\\/markt\\\/produkt\\\/grohe-ersatzteile-armaturen-oberteil-dn-15-mit-langem-kegel-mit-keramischen-dichtscheiben-45869000\\\/\"]}]},{\"@type\":\"ImageObject\",\"inLanguage\":\"de\",\"@id\":\"https:\\\/\\\/marktxxl.de\\\/markt\\\/produkt\\\/grohe-ersatzteile-armaturen-oberteil-dn-15-mit-langem-kegel-mit-keramischen-dichtscheiben-45869000\\\/#primaryimage\",\"url\":\"https:\\\/\\\/m.media-amazon.com\\\/images\\\/I\\\/31HqE49x2gL._SL500_.jpg\",\"contentUrl\":\"https:\\\/\\\/m.media-amazon.com\\\/images\\\/I\\\/31HqE49x2gL._SL500_.jpg\",\"width\":156,\"height\":500},{\"@type\":\"BreadcrumbList\",\"@id\":\"https:\\\/\\\/marktxxl.de\\\/markt\\\/produkt\\\/grohe-ersatzteile-armaturen-oberteil-dn-15-mit-langem-kegel-mit-keramischen-dichtscheiben-45869000\\\/#breadcrumb\",\"itemListElement\":[{\"@type\":\"ListItem\",\"position\":1,\"name\":\"Startseite\",\"item\":\"https:\\\/\\\/marktxxl.de\\\/markt\\\/\"},{\"@type\":\"ListItem\",\"position\":2,\"name\":\"Markt\",\"item\":\"https:\\\/\\\/marktxxl.de\\\/markt\\\/\"},{\"@type\":\"ListItem\",\"position\":3,\"name\":\"GROHE Oberteil mit langem Kegel (Anschlag: rechts, mit keramischen Dichtscheiben, Drehwinkel 180\u00b0), 45869000\"}]},{\"@type\":\"WebSite\",\"@id\":\"https:\\\/\\\/marktxxl.de\\\/markt\\\/#website\",\"url\":\"https:\\\/\\\/marktxxl.de\\\/markt\\\/\",\"name\":\"Markt-XXL\",\"description\":\"Ihr Markt Online\",\"publisher\":{\"@id\":\"https:\\\/\\\/marktxxl.de\\\/markt\\\/#organization\"},\"potentialAction\":[{\"@type\":\"SearchAction\",\"target\":{\"@type\":\"EntryPoint\",\"urlTemplate\":\"https:\\\/\\\/marktxxl.de\\\/markt\\\/?s={search_term_string}\"},\"query-input\":{\"@type\":\"PropertyValueSpecification\",\"valueRequired\":true,\"valueName\":\"search_term_string\"}}],\"inLanguage\":\"de\"},{\"@type\":\"Organization\",\"@id\":\"https:\\\/\\\/marktxxl.de\\\/markt\\\/#organization\",\"name\":\"Markt-XXL\",\"url\":\"https:\\\/\\\/marktxxl.de\\\/markt\\\/\",\"logo\":{\"@type\":\"ImageObject\",\"inLanguage\":\"de\",\"@id\":\"https:\\\/\\\/marktxxl.de\\\/markt\\\/#\\\/schema\\\/logo\\\/image\\\/\",\"url\":\"https:\\\/\\\/marktxxl.de\\\/markt\\\/wp-content\\\/uploads\\\/sites\\\/3\\\/2020\\\/12\\\/logo.png\",\"contentUrl\":\"https:\\\/\\\/marktxxl.de\\\/markt\\\/wp-content\\\/uploads\\\/sites\\\/3\\\/2020\\\/12\\\/logo.png\",\"width\":200,\"height\":70,\"caption\":\"Markt-XXL\"},\"image\":{\"@id\":\"https:\\\/\\\/marktxxl.de\\\/markt\\\/#\\\/schema\\\/logo\\\/image\\\/\"}}]}<\/script>\n<!-- \/ Yoast SEO plugin. -->","yoast_head_json":{"title":"GROHE Oberteil mit langem Kegel (Anschlag: rechts, mit keramischen Dichtscheiben, Drehwinkel 180\u00b0), 45869000 - Markt-XXL","description":"Markt-XXL GROHE Oberteil mit langem Kegel (Anschlag: rechts, mit keramischen Dichtscheiben, Drehwinkel 180\u00b0), 45869000","robots":{"index":"index","follow":"follow","max-snippet":"max-snippet:-1","max-image-preview":"max-image-preview:large","max-video-preview":"max-video-preview:-1"},"canonical":"https:\/\/marktxxl.de\/markt\/produkt\/grohe-ersatzteile-armaturen-oberteil-dn-15-mit-langem-kegel-mit-keramischen-dichtscheiben-45869000\/","og_locale":"de_DE","og_type":"article","og_title":"GROHE Oberteil mit langem Kegel (Anschlag: rechts, mit keramischen Dichtscheiben, Drehwinkel 180\u00b0), 45869000 - Markt-XXL","og_description":"Markt-XXL GROHE Oberteil mit langem Kegel (Anschlag: rechts, mit keramischen Dichtscheiben, Drehwinkel 180\u00b0), 45869000","og_url":"https:\/\/marktxxl.de\/markt\/produkt\/grohe-ersatzteile-armaturen-oberteil-dn-15-mit-langem-kegel-mit-keramischen-dichtscheiben-45869000\/","og_site_name":"Markt-XXL","article_modified_time":"2023-04-09T23:58:52+00:00","og_image":[{"width":156,"height":500,"url":"https:\/\/m.media-amazon.com\/images\/I\/31HqE49x2gL._SL500_.jpg","type":"image\/jpeg"}],"twitter_card":"summary_large_image","twitter_misc":{"Gesch\u00e4tzte Lesezeit":"1\u00a0Minute"},"schema":{"@context":"https:\/\/schema.org","@graph":[{"@type":"WebPage","@id":"https:\/\/marktxxl.de\/markt\/produkt\/grohe-ersatzteile-armaturen-oberteil-dn-15-mit-langem-kegel-mit-keramischen-dichtscheiben-45869000\/","url":"https:\/\/marktxxl.de\/markt\/produkt\/grohe-ersatzteile-armaturen-oberteil-dn-15-mit-langem-kegel-mit-keramischen-dichtscheiben-45869000\/","name":"GROHE Oberteil mit langem Kegel (Anschlag: rechts, mit keramischen Dichtscheiben, Drehwinkel 180\u00b0), 45869000 - Markt-XXL","isPartOf":{"@id":"https:\/\/marktxxl.de\/markt\/#website"},"primaryImageOfPage":{"@id":"https:\/\/marktxxl.de\/markt\/produkt\/grohe-ersatzteile-armaturen-oberteil-dn-15-mit-langem-kegel-mit-keramischen-dichtscheiben-45869000\/#primaryimage"},"image":{"@id":"https:\/\/marktxxl.de\/markt\/produkt\/grohe-ersatzteile-armaturen-oberteil-dn-15-mit-langem-kegel-mit-keramischen-dichtscheiben-45869000\/#primaryimage"},"thumbnailUrl":"https:\/\/m.media-amazon.com\/images\/I\/31HqE49x2gL._SL500_.jpg","datePublished":"2021-10-12T22:34:05+00:00","dateModified":"2023-04-09T23:58:52+00:00","description":"Markt-XXL GROHE Oberteil mit langem Kegel (Anschlag: rechts, mit keramischen Dichtscheiben, Drehwinkel 180\u00b0), 45869000","breadcrumb":{"@id":"https:\/\/marktxxl.de\/markt\/produkt\/grohe-ersatzteile-armaturen-oberteil-dn-15-mit-langem-kegel-mit-keramischen-dichtscheiben-45869000\/#breadcrumb"},"inLanguage":"de","potentialAction":[{"@type":"ReadAction","target":["https:\/\/marktxxl.de\/markt\/produkt\/grohe-ersatzteile-armaturen-oberteil-dn-15-mit-langem-kegel-mit-keramischen-dichtscheiben-45869000\/"]}]},{"@type":"ImageObject","inLanguage":"de","@id":"https:\/\/marktxxl.de\/markt\/produkt\/grohe-ersatzteile-armaturen-oberteil-dn-15-mit-langem-kegel-mit-keramischen-dichtscheiben-45869000\/#primaryimage","url":"https:\/\/m.media-amazon.com\/images\/I\/31HqE49x2gL._SL500_.jpg","contentUrl":"https:\/\/m.media-amazon.com\/images\/I\/31HqE49x2gL._SL500_.jpg","width":156,"height":500},{"@type":"BreadcrumbList","@id":"https:\/\/marktxxl.de\/markt\/produkt\/grohe-ersatzteile-armaturen-oberteil-dn-15-mit-langem-kegel-mit-keramischen-dichtscheiben-45869000\/#breadcrumb","itemListElement":[{"@type":"ListItem","position":1,"name":"Startseite","item":"https:\/\/marktxxl.de\/markt\/"},{"@type":"ListItem","position":2,"name":"Markt","item":"https:\/\/marktxxl.de\/markt\/"},{"@type":"ListItem","position":3,"name":"GROHE Oberteil mit langem Kegel (Anschlag: rechts, mit keramischen Dichtscheiben, Drehwinkel 180\u00b0), 45869000"}]},{"@type":"WebSite","@id":"https:\/\/marktxxl.de\/markt\/#website","url":"https:\/\/marktxxl.de\/markt\/","name":"Markt-XXL","description":"Ihr Markt Online","publisher":{"@id":"https:\/\/marktxxl.de\/markt\/#organization"},"potentialAction":[{"@type":"SearchAction","target":{"@type":"EntryPoint","urlTemplate":"https:\/\/marktxxl.de\/markt\/?s={search_term_string}"},"query-input":{"@type":"PropertyValueSpecification","valueRequired":true,"valueName":"search_term_string"}}],"inLanguage":"de"},{"@type":"Organization","@id":"https:\/\/marktxxl.de\/markt\/#organization","name":"Markt-XXL","url":"https:\/\/marktxxl.de\/markt\/","logo":{"@type":"ImageObject","inLanguage":"de","@id":"https:\/\/marktxxl.de\/markt\/#\/schema\/logo\/image\/","url":"https:\/\/marktxxl.de\/markt\/wp-content\/uploads\/sites\/3\/2020\/12\/logo.png","contentUrl":"https:\/\/marktxxl.de\/markt\/wp-content\/uploads\/sites\/3\/2020\/12\/logo.png","width":200,"height":70,"caption":"Markt-XXL"},"image":{"@id":"https:\/\/marktxxl.de\/markt\/#\/schema\/logo\/image\/"}}]}},"_links":{"self":[{"href":"https:\/\/marktxxl.de\/markt\/wp-json\/wp\/v2\/product\/49500","targetHints":{"allow":["GET"]}}],"collection":[{"href":"https:\/\/marktxxl.de\/markt\/wp-json\/wp\/v2\/product"}],"about":[{"href":"https:\/\/marktxxl.de\/markt\/wp-json\/wp\/v2\/types\/product"}],"replies":[{"embeddable":true,"href":"https:\/\/marktxxl.de\/markt\/wp-json\/wp\/v2\/comments?post=49500"}],"wp:featuredmedia":[{"embeddable":true,"href":"https:\/\/marktxxl.de\/markt\/wp-json\/wp\/v2\/media\/49501"}],"wp:attachment":[{"href":"https:\/\/marktxxl.de\/markt\/wp-json\/wp\/v2\/media?parent=49500"}],"wp:term":[{"taxonomy":"product_brand","embeddable":true,"href":"https:\/\/marktxxl.de\/markt\/wp-json\/wp\/v2\/product_brand?post=49500"},{"taxonomy":"product_cat","embeddable":true,"href":"https:\/\/marktxxl.de\/markt\/wp-json\/wp\/v2\/product_cat?post=49500"},{"taxonomy":"product_tag","embeddable":true,"href":"https:\/\/marktxxl.de\/markt\/wp-json\/wp\/v2\/product_tag?post=49500"}],"curies":[{"name":"wp","href":"https:\/\/api.w.org\/{rel}","templated":true}]}}