{"id":49342,"date":"2021-10-13T00:24:04","date_gmt":"2021-10-12T22:24:04","guid":{"rendered":"https:\/\/marktxxl.de\/markt\/produkt\/north-american-rescue-hyfin-vent-chest-seal-2-stueck\/"},"modified":"2023-04-10T01:58:49","modified_gmt":"2023-04-09T23:58:49","slug":"north-american-rescue-hyfin-vent-chest-seal-2-stueck","status":"publish","type":"product","link":"https:\/\/marktxxl.de\/markt\/produkt\/north-american-rescue-hyfin-vent-chest-seal-2-stueck\/","title":{"rendered":"North American Rescue Hyfin Brustdichtung, 2 St\u00fcck"},"content":{"rendered":"<p>Rescue Essentials freut sich, das neue Hyfin Vent Chest Seal Doppelpack von nordamerikanischen Rescue vorstellen zu k\u00f6nnen. Dieses Produkt setzt den Standard f\u00fcr die Behandlung von durchdringenden Verletzungen an der Brust<br \/>\nZwei separat verpackte bel\u00fcftete Brustdichtungen werden in einem einzigartigen Paket zur Behandlung von Eintritt\/Ausgang oder mehreren durchdringenden Verletzungen an der Brust angeboten<br \/>\n3 Bel\u00fcftungskan\u00e4le, die w\u00e4hrend der Inspiration den Luftstrom in den Brustraum verhindern und gleichzeitig Luft durch die L\u00fcftungskan\u00e4le w\u00e4hrend des Ausatmens entweichen lassen<br \/>\n<div class=\"main-cross-sell\" data-asin=\"B00KQS2NGK\">\n\n\t<div class=\"WooZone-cross-sell-loader\">\n\t\t<div>\n\t\t\t<div id=\"floatingBarsG\">\n\t\t\t\t<div class=\"blockG\" id=\"rotateG_01\"><\/div>\n\t\t\t\t<div class=\"blockG\" id=\"rotateG_02\"><\/div>\n\t\t\t\t<div class=\"blockG\" id=\"rotateG_03\"><\/div>\n\t\t\t\t<div class=\"blockG\" id=\"rotateG_04\"><\/div>\n\t\t\t\t<div class=\"blockG\" id=\"rotateG_05\"><\/div>\n\t\t\t\t<div class=\"blockG\" id=\"rotateG_06\"><\/div>\n\t\t\t\t<div class=\"blockG\" id=\"rotateG_07\"><\/div>\n\t\t\t\t<div class=\"blockG\" id=\"rotateG_08\"><\/div>\n\t\t\t<\/div>\n\t\t\t<div class=\"WooZone-cross-sell-loader-text\"><\/div>\n\t\t<\/div>\n\t<\/div>\n\n\t\t\n<\/div>\n<div style=\"clear:both;\"><\/div><\/p>\n","protected":false},"excerpt":{"rendered":"<p>Rescue Essentials freut sich, das neue Hyfin Vent Chest Seal Doppelpack von nordamerikanischen Rescue vorstellen zu k\u00f6nnen. Dieses Produkt setzt den Standard f\u00fcr die Behandlung von durchdringenden Verletzungen an der Brust<br \/>\nZwei separat verpackte bel\u00fcftete Brustdichtungen werden in einem einzigartigen Paket zur Behandlung von Eintritt\/Ausgang oder mehreren durchdringenden Verletzungen an der Brust angeboten<br \/>\n3 Bel\u00fcftungskan\u00e4le, die w\u00e4hrend der Inspiration den Luftstrom in den Brustraum verhindern und gleichzeitig Luft durch die L\u00fcftungskan\u00e4le w\u00e4hrend des Ausatmens entweichen lassen<\/p>\n","protected":false},"featured_media":49343,"comment_status":"open","ping_status":"closed","template":"","meta":[],"product_brand":[],"product_cat":[10704,1983],"product_tag":[],"class_list":{"0":"post-49342","1":"product","2":"type-product","3":"status-publish","4":"has-post-thumbnail","6":"product_cat-baubedarf","7":"product_cat-baumarkt","8":"pa_binding-badartikel","9":"pa_brand-north-american-rescue","10":"pa_color-originalversion","11":"pa_height-2-zoll","12":"pa_length-6-zoll","13":"pa_manufacturer-everready-first-aid","14":"pa_model-10-0037","15":"pa_size-2-stueck-1er-pack","16":"pa_weight-0-125-pfund","17":"pa_width-6-zoll","19":"first","20":"instock","21":"shipping-taxable","22":"purchasable","23":"product-type-simple","24":"customify-col","25":"product-has-gallery"},"yoast_head":"<!-- This site is optimized with the Yoast SEO plugin v27.3 - https:\/\/yoast.com\/product\/yoast-seo-wordpress\/ -->\n<title>North American Rescue Hyfin Brustdichtung, 2 St\u00fcck - Markt-XXL<\/title>\n<meta name=\"description\" content=\"Markt-XXL North American Rescue Hyfin Brustdichtung, 2 St\u00fcck\" \/>\n<meta name=\"robots\" content=\"index, follow, max-snippet:-1, max-image-preview:large, max-video-preview:-1\" \/>\n<link rel=\"canonical\" href=\"https:\/\/marktxxl.de\/markt\/produkt\/north-american-rescue-hyfin-vent-chest-seal-2-stueck\/\" \/>\n<meta property=\"og:locale\" content=\"de_DE\" \/>\n<meta property=\"og:type\" content=\"article\" \/>\n<meta property=\"og:title\" content=\"North American Rescue Hyfin Brustdichtung, 2 St\u00fcck - Markt-XXL\" \/>\n<meta property=\"og:description\" content=\"Markt-XXL North American Rescue Hyfin Brustdichtung, 2 St\u00fcck\" \/>\n<meta property=\"og:url\" content=\"https:\/\/marktxxl.de\/markt\/produkt\/north-american-rescue-hyfin-vent-chest-seal-2-stueck\/\" \/>\n<meta property=\"og:site_name\" content=\"Markt-XXL\" \/>\n<meta property=\"article:modified_time\" content=\"2023-04-09T23:58:49+00:00\" \/>\n<meta property=\"og:image\" content=\"https:\/\/m.media-amazon.com\/images\/I\/41gOcl92PTL._SL500_.jpg\" \/>\n\t<meta property=\"og:image:width\" content=\"500\" \/>\n\t<meta property=\"og:image:height\" content=\"300\" \/>\n\t<meta property=\"og:image:type\" content=\"image\/jpeg\" \/>\n<meta name=\"twitter:card\" content=\"summary_large_image\" \/>\n<script type=\"application\/ld+json\" class=\"yoast-schema-graph\">{\"@context\":\"https:\\\/\\\/schema.org\",\"@graph\":[{\"@type\":\"WebPage\",\"@id\":\"https:\\\/\\\/marktxxl.de\\\/markt\\\/produkt\\\/north-american-rescue-hyfin-vent-chest-seal-2-stueck\\\/\",\"url\":\"https:\\\/\\\/marktxxl.de\\\/markt\\\/produkt\\\/north-american-rescue-hyfin-vent-chest-seal-2-stueck\\\/\",\"name\":\"North American Rescue Hyfin Brustdichtung, 2 St\u00fcck - Markt-XXL\",\"isPartOf\":{\"@id\":\"https:\\\/\\\/marktxxl.de\\\/markt\\\/#website\"},\"primaryImageOfPage\":{\"@id\":\"https:\\\/\\\/marktxxl.de\\\/markt\\\/produkt\\\/north-american-rescue-hyfin-vent-chest-seal-2-stueck\\\/#primaryimage\"},\"image\":{\"@id\":\"https:\\\/\\\/marktxxl.de\\\/markt\\\/produkt\\\/north-american-rescue-hyfin-vent-chest-seal-2-stueck\\\/#primaryimage\"},\"thumbnailUrl\":\"https:\\\/\\\/m.media-amazon.com\\\/images\\\/I\\\/41gOcl92PTL._SL500_.jpg\",\"datePublished\":\"2021-10-12T22:24:04+00:00\",\"dateModified\":\"2023-04-09T23:58:49+00:00\",\"description\":\"Markt-XXL North American Rescue Hyfin Brustdichtung, 2 St\u00fcck\",\"breadcrumb\":{\"@id\":\"https:\\\/\\\/marktxxl.de\\\/markt\\\/produkt\\\/north-american-rescue-hyfin-vent-chest-seal-2-stueck\\\/#breadcrumb\"},\"inLanguage\":\"de\",\"potentialAction\":[{\"@type\":\"ReadAction\",\"target\":[\"https:\\\/\\\/marktxxl.de\\\/markt\\\/produkt\\\/north-american-rescue-hyfin-vent-chest-seal-2-stueck\\\/\"]}]},{\"@type\":\"ImageObject\",\"inLanguage\":\"de\",\"@id\":\"https:\\\/\\\/marktxxl.de\\\/markt\\\/produkt\\\/north-american-rescue-hyfin-vent-chest-seal-2-stueck\\\/#primaryimage\",\"url\":\"https:\\\/\\\/m.media-amazon.com\\\/images\\\/I\\\/41gOcl92PTL._SL500_.jpg\",\"contentUrl\":\"https:\\\/\\\/m.media-amazon.com\\\/images\\\/I\\\/41gOcl92PTL._SL500_.jpg\",\"width\":500,\"height\":300},{\"@type\":\"BreadcrumbList\",\"@id\":\"https:\\\/\\\/marktxxl.de\\\/markt\\\/produkt\\\/north-american-rescue-hyfin-vent-chest-seal-2-stueck\\\/#breadcrumb\",\"itemListElement\":[{\"@type\":\"ListItem\",\"position\":1,\"name\":\"Startseite\",\"item\":\"https:\\\/\\\/marktxxl.de\\\/markt\\\/\"},{\"@type\":\"ListItem\",\"position\":2,\"name\":\"Markt\",\"item\":\"https:\\\/\\\/marktxxl.de\\\/markt\\\/\"},{\"@type\":\"ListItem\",\"position\":3,\"name\":\"North American Rescue Hyfin Brustdichtung, 2 St\u00fcck\"}]},{\"@type\":\"WebSite\",\"@id\":\"https:\\\/\\\/marktxxl.de\\\/markt\\\/#website\",\"url\":\"https:\\\/\\\/marktxxl.de\\\/markt\\\/\",\"name\":\"Markt-XXL\",\"description\":\"Ihr Markt Online\",\"publisher\":{\"@id\":\"https:\\\/\\\/marktxxl.de\\\/markt\\\/#organization\"},\"potentialAction\":[{\"@type\":\"SearchAction\",\"target\":{\"@type\":\"EntryPoint\",\"urlTemplate\":\"https:\\\/\\\/marktxxl.de\\\/markt\\\/?s={search_term_string}\"},\"query-input\":{\"@type\":\"PropertyValueSpecification\",\"valueRequired\":true,\"valueName\":\"search_term_string\"}}],\"inLanguage\":\"de\"},{\"@type\":\"Organization\",\"@id\":\"https:\\\/\\\/marktxxl.de\\\/markt\\\/#organization\",\"name\":\"Markt-XXL\",\"url\":\"https:\\\/\\\/marktxxl.de\\\/markt\\\/\",\"logo\":{\"@type\":\"ImageObject\",\"inLanguage\":\"de\",\"@id\":\"https:\\\/\\\/marktxxl.de\\\/markt\\\/#\\\/schema\\\/logo\\\/image\\\/\",\"url\":\"https:\\\/\\\/marktxxl.de\\\/markt\\\/wp-content\\\/uploads\\\/sites\\\/3\\\/2020\\\/12\\\/logo.png\",\"contentUrl\":\"https:\\\/\\\/marktxxl.de\\\/markt\\\/wp-content\\\/uploads\\\/sites\\\/3\\\/2020\\\/12\\\/logo.png\",\"width\":200,\"height\":70,\"caption\":\"Markt-XXL\"},\"image\":{\"@id\":\"https:\\\/\\\/marktxxl.de\\\/markt\\\/#\\\/schema\\\/logo\\\/image\\\/\"}}]}<\/script>\n<!-- \/ Yoast SEO plugin. -->","yoast_head_json":{"title":"North American Rescue Hyfin Brustdichtung, 2 St\u00fcck - Markt-XXL","description":"Markt-XXL North American Rescue Hyfin Brustdichtung, 2 St\u00fcck","robots":{"index":"index","follow":"follow","max-snippet":"max-snippet:-1","max-image-preview":"max-image-preview:large","max-video-preview":"max-video-preview:-1"},"canonical":"https:\/\/marktxxl.de\/markt\/produkt\/north-american-rescue-hyfin-vent-chest-seal-2-stueck\/","og_locale":"de_DE","og_type":"article","og_title":"North American Rescue Hyfin Brustdichtung, 2 St\u00fcck - Markt-XXL","og_description":"Markt-XXL North American Rescue Hyfin Brustdichtung, 2 St\u00fcck","og_url":"https:\/\/marktxxl.de\/markt\/produkt\/north-american-rescue-hyfin-vent-chest-seal-2-stueck\/","og_site_name":"Markt-XXL","article_modified_time":"2023-04-09T23:58:49+00:00","og_image":[{"width":500,"height":300,"url":"https:\/\/m.media-amazon.com\/images\/I\/41gOcl92PTL._SL500_.jpg","type":"image\/jpeg"}],"twitter_card":"summary_large_image","schema":{"@context":"https:\/\/schema.org","@graph":[{"@type":"WebPage","@id":"https:\/\/marktxxl.de\/markt\/produkt\/north-american-rescue-hyfin-vent-chest-seal-2-stueck\/","url":"https:\/\/marktxxl.de\/markt\/produkt\/north-american-rescue-hyfin-vent-chest-seal-2-stueck\/","name":"North American Rescue Hyfin Brustdichtung, 2 St\u00fcck - Markt-XXL","isPartOf":{"@id":"https:\/\/marktxxl.de\/markt\/#website"},"primaryImageOfPage":{"@id":"https:\/\/marktxxl.de\/markt\/produkt\/north-american-rescue-hyfin-vent-chest-seal-2-stueck\/#primaryimage"},"image":{"@id":"https:\/\/marktxxl.de\/markt\/produkt\/north-american-rescue-hyfin-vent-chest-seal-2-stueck\/#primaryimage"},"thumbnailUrl":"https:\/\/m.media-amazon.com\/images\/I\/41gOcl92PTL._SL500_.jpg","datePublished":"2021-10-12T22:24:04+00:00","dateModified":"2023-04-09T23:58:49+00:00","description":"Markt-XXL North American Rescue Hyfin Brustdichtung, 2 St\u00fcck","breadcrumb":{"@id":"https:\/\/marktxxl.de\/markt\/produkt\/north-american-rescue-hyfin-vent-chest-seal-2-stueck\/#breadcrumb"},"inLanguage":"de","potentialAction":[{"@type":"ReadAction","target":["https:\/\/marktxxl.de\/markt\/produkt\/north-american-rescue-hyfin-vent-chest-seal-2-stueck\/"]}]},{"@type":"ImageObject","inLanguage":"de","@id":"https:\/\/marktxxl.de\/markt\/produkt\/north-american-rescue-hyfin-vent-chest-seal-2-stueck\/#primaryimage","url":"https:\/\/m.media-amazon.com\/images\/I\/41gOcl92PTL._SL500_.jpg","contentUrl":"https:\/\/m.media-amazon.com\/images\/I\/41gOcl92PTL._SL500_.jpg","width":500,"height":300},{"@type":"BreadcrumbList","@id":"https:\/\/marktxxl.de\/markt\/produkt\/north-american-rescue-hyfin-vent-chest-seal-2-stueck\/#breadcrumb","itemListElement":[{"@type":"ListItem","position":1,"name":"Startseite","item":"https:\/\/marktxxl.de\/markt\/"},{"@type":"ListItem","position":2,"name":"Markt","item":"https:\/\/marktxxl.de\/markt\/"},{"@type":"ListItem","position":3,"name":"North American Rescue Hyfin Brustdichtung, 2 St\u00fcck"}]},{"@type":"WebSite","@id":"https:\/\/marktxxl.de\/markt\/#website","url":"https:\/\/marktxxl.de\/markt\/","name":"Markt-XXL","description":"Ihr Markt Online","publisher":{"@id":"https:\/\/marktxxl.de\/markt\/#organization"},"potentialAction":[{"@type":"SearchAction","target":{"@type":"EntryPoint","urlTemplate":"https:\/\/marktxxl.de\/markt\/?s={search_term_string}"},"query-input":{"@type":"PropertyValueSpecification","valueRequired":true,"valueName":"search_term_string"}}],"inLanguage":"de"},{"@type":"Organization","@id":"https:\/\/marktxxl.de\/markt\/#organization","name":"Markt-XXL","url":"https:\/\/marktxxl.de\/markt\/","logo":{"@type":"ImageObject","inLanguage":"de","@id":"https:\/\/marktxxl.de\/markt\/#\/schema\/logo\/image\/","url":"https:\/\/marktxxl.de\/markt\/wp-content\/uploads\/sites\/3\/2020\/12\/logo.png","contentUrl":"https:\/\/marktxxl.de\/markt\/wp-content\/uploads\/sites\/3\/2020\/12\/logo.png","width":200,"height":70,"caption":"Markt-XXL"},"image":{"@id":"https:\/\/marktxxl.de\/markt\/#\/schema\/logo\/image\/"}}]}},"_links":{"self":[{"href":"https:\/\/marktxxl.de\/markt\/wp-json\/wp\/v2\/product\/49342","targetHints":{"allow":["GET"]}}],"collection":[{"href":"https:\/\/marktxxl.de\/markt\/wp-json\/wp\/v2\/product"}],"about":[{"href":"https:\/\/marktxxl.de\/markt\/wp-json\/wp\/v2\/types\/product"}],"replies":[{"embeddable":true,"href":"https:\/\/marktxxl.de\/markt\/wp-json\/wp\/v2\/comments?post=49342"}],"wp:featuredmedia":[{"embeddable":true,"href":"https:\/\/marktxxl.de\/markt\/wp-json\/wp\/v2\/media\/49343"}],"wp:attachment":[{"href":"https:\/\/marktxxl.de\/markt\/wp-json\/wp\/v2\/media?parent=49342"}],"wp:term":[{"taxonomy":"product_brand","embeddable":true,"href":"https:\/\/marktxxl.de\/markt\/wp-json\/wp\/v2\/product_brand?post=49342"},{"taxonomy":"product_cat","embeddable":true,"href":"https:\/\/marktxxl.de\/markt\/wp-json\/wp\/v2\/product_cat?post=49342"},{"taxonomy":"product_tag","embeddable":true,"href":"https:\/\/marktxxl.de\/markt\/wp-json\/wp\/v2\/product_tag?post=49342"}],"curies":[{"name":"wp","href":"https:\/\/api.w.org\/{rel}","templated":true}]}}