{"id":49332,"date":"2021-10-13T00:24:01","date_gmt":"2021-10-12T22:24:01","guid":{"rendered":"https:\/\/marktxxl.de\/markt\/produkt\/urban-kiddy-fotoalbum-fuer-babys-mit-aufschrift-my-first-family-weiches-fototuch-fuer-neugeborene-kleinkinder-und-kinder\/"},"modified":"2023-04-10T01:58:49","modified_gmt":"2023-04-09T23:58:49","slug":"urban-kiddy-fotoalbum-fuer-babys-mit-aufschrift-my-first-family-weiches-fototuch-fuer-neugeborene-kleinkinder-und-kinder","status":"publish","type":"product","link":"https:\/\/marktxxl.de\/markt\/produkt\/urban-kiddy-fotoalbum-fuer-babys-mit-aufschrift-my-first-family-weiches-fototuch-fuer-neugeborene-kleinkinder-und-kinder\/","title":{"rendered":"Urban Kiddy Fotoalbum f\u00fcr Babys mit Aufschrift ?My First Family?, weiches Fototuch f\u00fcr Neugeborene, Kleinkinder und\u2026"},"content":{"rendered":"<p>Hohe Qualit\u00e4t und vielseitig: Hochwertiges Fotoalbum mit 14 x 17,8 cm, weiches Stoff; f\u00fcr bis zu 17 Bilder \u00e0 10,2 x 15,2 cm, mit einem babysicheren Spiegel und Bonus-Namensaufkleber. Genug f\u00fcr die ganze Familie und mehr. Einfach an jedem Kinderbett, Kinderwagen, Fitness-Studio oder einfach als Buch f\u00fcr die Geschichte zu lesen<br \/>\nFr\u00fcherziehung | Brillante Art, die Fantasie Ihres Kindes zu lehren und anzuregen und die Neugier zu stimulieren. Experten empfehlen die Verwendung von Familienfotos mit Namensschildern zur F\u00f6rderung der fr\u00fchen Gehirnentwicklung, sozialen, Lese- und Kommunikationsf\u00e4higkeiten<br \/>\nMein erstes Familienalbum | Schauen Sie zu, wer da l\u00e4chelt. Sei es Mama, Papa, die Gro\u00dfeltern, Schwestern und Br\u00fcder oder andere Verwandte&#8230; Kinder finden ihre eigene Familie sehr spannend<br \/>\nPerfektes einzigartiges Geschenk | Ob Sie ein Geschenk f\u00fcr einen Freund oder Ihre Kleinen suchen, dieses einzigartige und farbenfrohe Fotoalbum ist perfekt f\u00fcr Babypartys, Geburtstage oder Neugeborene<br \/>\nBabyspiegel \u2013 Babyspiegel wird mit einem blauen Aufkleber befestigt, der anzeigt, dass eine Schutzfolie vor Gebrauch entfernt werden muss.<br \/>\nKinderproduktzertifikat \u2013 erf\u00fcllt alle geltenden ASTM F963-17- und CPSIA-Standards, die vom CPSC-akzeptierten Labor herausgegeben wurden<br \/>\n<div class=\"main-cross-sell\" data-asin=\"B07QJZJ1P2\">\n\n\t<div class=\"WooZone-cross-sell-loader\">\n\t\t<div>\n\t\t\t<div id=\"floatingBarsG\">\n\t\t\t\t<div class=\"blockG\" id=\"rotateG_01\"><\/div>\n\t\t\t\t<div class=\"blockG\" id=\"rotateG_02\"><\/div>\n\t\t\t\t<div class=\"blockG\" id=\"rotateG_03\"><\/div>\n\t\t\t\t<div class=\"blockG\" id=\"rotateG_04\"><\/div>\n\t\t\t\t<div class=\"blockG\" id=\"rotateG_05\"><\/div>\n\t\t\t\t<div class=\"blockG\" id=\"rotateG_06\"><\/div>\n\t\t\t\t<div class=\"blockG\" id=\"rotateG_07\"><\/div>\n\t\t\t\t<div class=\"blockG\" id=\"rotateG_08\"><\/div>\n\t\t\t<\/div>\n\t\t\t<div class=\"WooZone-cross-sell-loader-text\"><\/div>\n\t\t<\/div>\n\t<\/div>\n\n\t\t\n<\/div>\n<div style=\"clear:both;\"><\/div><\/p>\n","protected":false},"excerpt":{"rendered":"<p>Hohe Qualit\u00e4t und vielseitig: Hochwertiges Fotoalbum mit 14 x 17,8 cm, weiches Stoff; f\u00fcr bis zu 17 Bilder \u00e0 10,2 x 15,2 cm, mit einem babysicheren Spiegel und Bonus-Namensaufkleber. Genug f\u00fcr die ganze Familie und mehr. Einfach an jedem Kinderbett, Kinderwagen, Fitness-Studio oder einfach als Buch f\u00fcr die Geschichte zu lesen<br \/>\nFr\u00fcherziehung | Brillante Art, die Fantasie Ihres Kindes zu lehren und anzuregen und die Neugier zu stimulieren. Experten empfehlen die Verwendung von Familienfotos mit Namensschildern zur F\u00f6rderung der fr\u00fchen Gehirnentwicklung, sozialen, Lese- und Kommunikationsf\u00e4higkeiten<br \/>\nMein erstes Familienalbum | Schauen Sie zu, wer da l\u00e4chelt. Sei es Mama, Papa, die Gro\u00dfeltern, Schwestern und Br\u00fcder oder andere Verwandte&#8230; Kinder finden ihre eigene Familie sehr spannend<\/p>\n","protected":false},"featured_media":49333,"comment_status":"open","ping_status":"closed","template":"","meta":[],"product_brand":[],"product_cat":[21,8929],"product_tag":[],"class_list":{"0":"post-49332","1":"product","2":"type-product","3":"status-publish","4":"has-post-thumbnail","6":"product_cat-baby","7":"product_cat-babygeschenke-baby","8":"pa_binding-babyartikel","9":"pa_brand-pugmiia","10":"pa_color-elefant","11":"pa_height-0-79-zoll","12":"pa_length-7-91-zoll","13":"pa_manufacturer-urban-kiddy","14":"pa_size-1-count-pack-of-1","15":"pa_weight-0-44-pfund","16":"pa_width-5-71-zoll","18":"first","19":"instock","20":"shipping-taxable","21":"purchasable","22":"product-type-simple","23":"customify-col","24":"product-has-gallery"},"yoast_head":"<!-- This site is optimized with the Yoast SEO plugin v27.3 - https:\/\/yoast.com\/product\/yoast-seo-wordpress\/ -->\n<title>Urban Kiddy Fotoalbum f\u00fcr Babys mit Aufschrift ?My First Family?, weiches Fototuch f\u00fcr Neugeborene, Kleinkinder und\u2026 - Markt-XXL<\/title>\n<meta name=\"description\" content=\"Markt-XXL Urban Kiddy Fotoalbum f\u00fcr Babys mit Aufschrift ?My First Family?, weiches Fototuch f\u00fcr Neugeborene, Kleinkinder und\u2026\" \/>\n<meta name=\"robots\" content=\"index, follow, max-snippet:-1, max-image-preview:large, max-video-preview:-1\" \/>\n<link rel=\"canonical\" href=\"https:\/\/marktxxl.de\/markt\/produkt\/urban-kiddy-fotoalbum-fuer-babys-mit-aufschrift-my-first-family-weiches-fototuch-fuer-neugeborene-kleinkinder-und-kinder\/\" \/>\n<meta property=\"og:locale\" content=\"de_DE\" \/>\n<meta property=\"og:type\" content=\"article\" \/>\n<meta property=\"og:title\" content=\"Urban Kiddy Fotoalbum f\u00fcr Babys mit Aufschrift ?My First Family?, weiches Fototuch f\u00fcr Neugeborene, Kleinkinder und\u2026 - Markt-XXL\" \/>\n<meta property=\"og:description\" content=\"Markt-XXL Urban Kiddy Fotoalbum f\u00fcr Babys mit Aufschrift ?My First Family?, weiches Fototuch f\u00fcr Neugeborene, Kleinkinder und\u2026\" \/>\n<meta property=\"og:url\" content=\"https:\/\/marktxxl.de\/markt\/produkt\/urban-kiddy-fotoalbum-fuer-babys-mit-aufschrift-my-first-family-weiches-fototuch-fuer-neugeborene-kleinkinder-und-kinder\/\" \/>\n<meta property=\"og:site_name\" content=\"Markt-XXL\" \/>\n<meta property=\"article:modified_time\" content=\"2023-04-09T23:58:49+00:00\" \/>\n<meta property=\"og:image\" content=\"https:\/\/m.media-amazon.com\/images\/I\/51jIqXbCfyL._SL500_.jpg\" \/>\n\t<meta property=\"og:image:width\" content=\"500\" \/>\n\t<meta property=\"og:image:height\" content=\"500\" \/>\n\t<meta property=\"og:image:type\" content=\"image\/jpeg\" \/>\n<meta name=\"twitter:card\" content=\"summary_large_image\" \/>\n<meta name=\"twitter:label1\" content=\"Gesch\u00e4tzte Lesezeit\" \/>\n\t<meta name=\"twitter:data1\" content=\"1\u00a0Minute\" \/>\n<script type=\"application\/ld+json\" class=\"yoast-schema-graph\">{\"@context\":\"https:\\\/\\\/schema.org\",\"@graph\":[{\"@type\":\"WebPage\",\"@id\":\"https:\\\/\\\/marktxxl.de\\\/markt\\\/produkt\\\/urban-kiddy-fotoalbum-fuer-babys-mit-aufschrift-my-first-family-weiches-fototuch-fuer-neugeborene-kleinkinder-und-kinder\\\/\",\"url\":\"https:\\\/\\\/marktxxl.de\\\/markt\\\/produkt\\\/urban-kiddy-fotoalbum-fuer-babys-mit-aufschrift-my-first-family-weiches-fototuch-fuer-neugeborene-kleinkinder-und-kinder\\\/\",\"name\":\"Urban Kiddy Fotoalbum f\u00fcr Babys mit Aufschrift ?My First Family?, weiches Fototuch f\u00fcr Neugeborene, Kleinkinder und\u2026 - Markt-XXL\",\"isPartOf\":{\"@id\":\"https:\\\/\\\/marktxxl.de\\\/markt\\\/#website\"},\"primaryImageOfPage\":{\"@id\":\"https:\\\/\\\/marktxxl.de\\\/markt\\\/produkt\\\/urban-kiddy-fotoalbum-fuer-babys-mit-aufschrift-my-first-family-weiches-fototuch-fuer-neugeborene-kleinkinder-und-kinder\\\/#primaryimage\"},\"image\":{\"@id\":\"https:\\\/\\\/marktxxl.de\\\/markt\\\/produkt\\\/urban-kiddy-fotoalbum-fuer-babys-mit-aufschrift-my-first-family-weiches-fototuch-fuer-neugeborene-kleinkinder-und-kinder\\\/#primaryimage\"},\"thumbnailUrl\":\"https:\\\/\\\/m.media-amazon.com\\\/images\\\/I\\\/51jIqXbCfyL._SL500_.jpg\",\"datePublished\":\"2021-10-12T22:24:01+00:00\",\"dateModified\":\"2023-04-09T23:58:49+00:00\",\"description\":\"Markt-XXL Urban Kiddy Fotoalbum f\u00fcr Babys mit Aufschrift ?My First Family?, weiches Fototuch f\u00fcr Neugeborene, Kleinkinder und\u2026\",\"breadcrumb\":{\"@id\":\"https:\\\/\\\/marktxxl.de\\\/markt\\\/produkt\\\/urban-kiddy-fotoalbum-fuer-babys-mit-aufschrift-my-first-family-weiches-fototuch-fuer-neugeborene-kleinkinder-und-kinder\\\/#breadcrumb\"},\"inLanguage\":\"de\",\"potentialAction\":[{\"@type\":\"ReadAction\",\"target\":[\"https:\\\/\\\/marktxxl.de\\\/markt\\\/produkt\\\/urban-kiddy-fotoalbum-fuer-babys-mit-aufschrift-my-first-family-weiches-fototuch-fuer-neugeborene-kleinkinder-und-kinder\\\/\"]}]},{\"@type\":\"ImageObject\",\"inLanguage\":\"de\",\"@id\":\"https:\\\/\\\/marktxxl.de\\\/markt\\\/produkt\\\/urban-kiddy-fotoalbum-fuer-babys-mit-aufschrift-my-first-family-weiches-fototuch-fuer-neugeborene-kleinkinder-und-kinder\\\/#primaryimage\",\"url\":\"https:\\\/\\\/m.media-amazon.com\\\/images\\\/I\\\/51jIqXbCfyL._SL500_.jpg\",\"contentUrl\":\"https:\\\/\\\/m.media-amazon.com\\\/images\\\/I\\\/51jIqXbCfyL._SL500_.jpg\",\"width\":500,\"height\":500},{\"@type\":\"BreadcrumbList\",\"@id\":\"https:\\\/\\\/marktxxl.de\\\/markt\\\/produkt\\\/urban-kiddy-fotoalbum-fuer-babys-mit-aufschrift-my-first-family-weiches-fototuch-fuer-neugeborene-kleinkinder-und-kinder\\\/#breadcrumb\",\"itemListElement\":[{\"@type\":\"ListItem\",\"position\":1,\"name\":\"Startseite\",\"item\":\"https:\\\/\\\/marktxxl.de\\\/markt\\\/\"},{\"@type\":\"ListItem\",\"position\":2,\"name\":\"Markt\",\"item\":\"https:\\\/\\\/marktxxl.de\\\/markt\\\/\"},{\"@type\":\"ListItem\",\"position\":3,\"name\":\"Urban Kiddy Fotoalbum f\u00fcr Babys mit Aufschrift ?My First Family?, weiches Fototuch f\u00fcr Neugeborene, Kleinkinder und\u2026\"}]},{\"@type\":\"WebSite\",\"@id\":\"https:\\\/\\\/marktxxl.de\\\/markt\\\/#website\",\"url\":\"https:\\\/\\\/marktxxl.de\\\/markt\\\/\",\"name\":\"Markt-XXL\",\"description\":\"Ihr Markt Online\",\"publisher\":{\"@id\":\"https:\\\/\\\/marktxxl.de\\\/markt\\\/#organization\"},\"potentialAction\":[{\"@type\":\"SearchAction\",\"target\":{\"@type\":\"EntryPoint\",\"urlTemplate\":\"https:\\\/\\\/marktxxl.de\\\/markt\\\/?s={search_term_string}\"},\"query-input\":{\"@type\":\"PropertyValueSpecification\",\"valueRequired\":true,\"valueName\":\"search_term_string\"}}],\"inLanguage\":\"de\"},{\"@type\":\"Organization\",\"@id\":\"https:\\\/\\\/marktxxl.de\\\/markt\\\/#organization\",\"name\":\"Markt-XXL\",\"url\":\"https:\\\/\\\/marktxxl.de\\\/markt\\\/\",\"logo\":{\"@type\":\"ImageObject\",\"inLanguage\":\"de\",\"@id\":\"https:\\\/\\\/marktxxl.de\\\/markt\\\/#\\\/schema\\\/logo\\\/image\\\/\",\"url\":\"https:\\\/\\\/marktxxl.de\\\/markt\\\/wp-content\\\/uploads\\\/sites\\\/3\\\/2020\\\/12\\\/logo.png\",\"contentUrl\":\"https:\\\/\\\/marktxxl.de\\\/markt\\\/wp-content\\\/uploads\\\/sites\\\/3\\\/2020\\\/12\\\/logo.png\",\"width\":200,\"height\":70,\"caption\":\"Markt-XXL\"},\"image\":{\"@id\":\"https:\\\/\\\/marktxxl.de\\\/markt\\\/#\\\/schema\\\/logo\\\/image\\\/\"}}]}<\/script>\n<!-- \/ Yoast SEO plugin. -->","yoast_head_json":{"title":"Urban Kiddy Fotoalbum f\u00fcr Babys mit Aufschrift ?My First Family?, weiches Fototuch f\u00fcr Neugeborene, Kleinkinder und\u2026 - Markt-XXL","description":"Markt-XXL Urban Kiddy Fotoalbum f\u00fcr Babys mit Aufschrift ?My First Family?, weiches Fototuch f\u00fcr Neugeborene, Kleinkinder und\u2026","robots":{"index":"index","follow":"follow","max-snippet":"max-snippet:-1","max-image-preview":"max-image-preview:large","max-video-preview":"max-video-preview:-1"},"canonical":"https:\/\/marktxxl.de\/markt\/produkt\/urban-kiddy-fotoalbum-fuer-babys-mit-aufschrift-my-first-family-weiches-fototuch-fuer-neugeborene-kleinkinder-und-kinder\/","og_locale":"de_DE","og_type":"article","og_title":"Urban Kiddy Fotoalbum f\u00fcr Babys mit Aufschrift ?My First Family?, weiches Fototuch f\u00fcr Neugeborene, Kleinkinder und\u2026 - Markt-XXL","og_description":"Markt-XXL Urban Kiddy Fotoalbum f\u00fcr Babys mit Aufschrift ?My First Family?, weiches Fototuch f\u00fcr Neugeborene, Kleinkinder und\u2026","og_url":"https:\/\/marktxxl.de\/markt\/produkt\/urban-kiddy-fotoalbum-fuer-babys-mit-aufschrift-my-first-family-weiches-fototuch-fuer-neugeborene-kleinkinder-und-kinder\/","og_site_name":"Markt-XXL","article_modified_time":"2023-04-09T23:58:49+00:00","og_image":[{"width":500,"height":500,"url":"https:\/\/m.media-amazon.com\/images\/I\/51jIqXbCfyL._SL500_.jpg","type":"image\/jpeg"}],"twitter_card":"summary_large_image","twitter_misc":{"Gesch\u00e4tzte Lesezeit":"1\u00a0Minute"},"schema":{"@context":"https:\/\/schema.org","@graph":[{"@type":"WebPage","@id":"https:\/\/marktxxl.de\/markt\/produkt\/urban-kiddy-fotoalbum-fuer-babys-mit-aufschrift-my-first-family-weiches-fototuch-fuer-neugeborene-kleinkinder-und-kinder\/","url":"https:\/\/marktxxl.de\/markt\/produkt\/urban-kiddy-fotoalbum-fuer-babys-mit-aufschrift-my-first-family-weiches-fototuch-fuer-neugeborene-kleinkinder-und-kinder\/","name":"Urban Kiddy Fotoalbum f\u00fcr Babys mit Aufschrift ?My First Family?, weiches Fototuch f\u00fcr Neugeborene, Kleinkinder und\u2026 - Markt-XXL","isPartOf":{"@id":"https:\/\/marktxxl.de\/markt\/#website"},"primaryImageOfPage":{"@id":"https:\/\/marktxxl.de\/markt\/produkt\/urban-kiddy-fotoalbum-fuer-babys-mit-aufschrift-my-first-family-weiches-fototuch-fuer-neugeborene-kleinkinder-und-kinder\/#primaryimage"},"image":{"@id":"https:\/\/marktxxl.de\/markt\/produkt\/urban-kiddy-fotoalbum-fuer-babys-mit-aufschrift-my-first-family-weiches-fototuch-fuer-neugeborene-kleinkinder-und-kinder\/#primaryimage"},"thumbnailUrl":"https:\/\/m.media-amazon.com\/images\/I\/51jIqXbCfyL._SL500_.jpg","datePublished":"2021-10-12T22:24:01+00:00","dateModified":"2023-04-09T23:58:49+00:00","description":"Markt-XXL Urban Kiddy Fotoalbum f\u00fcr Babys mit Aufschrift ?My First Family?, weiches Fototuch f\u00fcr Neugeborene, Kleinkinder und\u2026","breadcrumb":{"@id":"https:\/\/marktxxl.de\/markt\/produkt\/urban-kiddy-fotoalbum-fuer-babys-mit-aufschrift-my-first-family-weiches-fototuch-fuer-neugeborene-kleinkinder-und-kinder\/#breadcrumb"},"inLanguage":"de","potentialAction":[{"@type":"ReadAction","target":["https:\/\/marktxxl.de\/markt\/produkt\/urban-kiddy-fotoalbum-fuer-babys-mit-aufschrift-my-first-family-weiches-fototuch-fuer-neugeborene-kleinkinder-und-kinder\/"]}]},{"@type":"ImageObject","inLanguage":"de","@id":"https:\/\/marktxxl.de\/markt\/produkt\/urban-kiddy-fotoalbum-fuer-babys-mit-aufschrift-my-first-family-weiches-fototuch-fuer-neugeborene-kleinkinder-und-kinder\/#primaryimage","url":"https:\/\/m.media-amazon.com\/images\/I\/51jIqXbCfyL._SL500_.jpg","contentUrl":"https:\/\/m.media-amazon.com\/images\/I\/51jIqXbCfyL._SL500_.jpg","width":500,"height":500},{"@type":"BreadcrumbList","@id":"https:\/\/marktxxl.de\/markt\/produkt\/urban-kiddy-fotoalbum-fuer-babys-mit-aufschrift-my-first-family-weiches-fototuch-fuer-neugeborene-kleinkinder-und-kinder\/#breadcrumb","itemListElement":[{"@type":"ListItem","position":1,"name":"Startseite","item":"https:\/\/marktxxl.de\/markt\/"},{"@type":"ListItem","position":2,"name":"Markt","item":"https:\/\/marktxxl.de\/markt\/"},{"@type":"ListItem","position":3,"name":"Urban Kiddy Fotoalbum f\u00fcr Babys mit Aufschrift ?My First Family?, weiches Fototuch f\u00fcr Neugeborene, Kleinkinder und\u2026"}]},{"@type":"WebSite","@id":"https:\/\/marktxxl.de\/markt\/#website","url":"https:\/\/marktxxl.de\/markt\/","name":"Markt-XXL","description":"Ihr Markt Online","publisher":{"@id":"https:\/\/marktxxl.de\/markt\/#organization"},"potentialAction":[{"@type":"SearchAction","target":{"@type":"EntryPoint","urlTemplate":"https:\/\/marktxxl.de\/markt\/?s={search_term_string}"},"query-input":{"@type":"PropertyValueSpecification","valueRequired":true,"valueName":"search_term_string"}}],"inLanguage":"de"},{"@type":"Organization","@id":"https:\/\/marktxxl.de\/markt\/#organization","name":"Markt-XXL","url":"https:\/\/marktxxl.de\/markt\/","logo":{"@type":"ImageObject","inLanguage":"de","@id":"https:\/\/marktxxl.de\/markt\/#\/schema\/logo\/image\/","url":"https:\/\/marktxxl.de\/markt\/wp-content\/uploads\/sites\/3\/2020\/12\/logo.png","contentUrl":"https:\/\/marktxxl.de\/markt\/wp-content\/uploads\/sites\/3\/2020\/12\/logo.png","width":200,"height":70,"caption":"Markt-XXL"},"image":{"@id":"https:\/\/marktxxl.de\/markt\/#\/schema\/logo\/image\/"}}]}},"_links":{"self":[{"href":"https:\/\/marktxxl.de\/markt\/wp-json\/wp\/v2\/product\/49332","targetHints":{"allow":["GET"]}}],"collection":[{"href":"https:\/\/marktxxl.de\/markt\/wp-json\/wp\/v2\/product"}],"about":[{"href":"https:\/\/marktxxl.de\/markt\/wp-json\/wp\/v2\/types\/product"}],"replies":[{"embeddable":true,"href":"https:\/\/marktxxl.de\/markt\/wp-json\/wp\/v2\/comments?post=49332"}],"wp:featuredmedia":[{"embeddable":true,"href":"https:\/\/marktxxl.de\/markt\/wp-json\/wp\/v2\/media\/49333"}],"wp:attachment":[{"href":"https:\/\/marktxxl.de\/markt\/wp-json\/wp\/v2\/media?parent=49332"}],"wp:term":[{"taxonomy":"product_brand","embeddable":true,"href":"https:\/\/marktxxl.de\/markt\/wp-json\/wp\/v2\/product_brand?post=49332"},{"taxonomy":"product_cat","embeddable":true,"href":"https:\/\/marktxxl.de\/markt\/wp-json\/wp\/v2\/product_cat?post=49332"},{"taxonomy":"product_tag","embeddable":true,"href":"https:\/\/marktxxl.de\/markt\/wp-json\/wp\/v2\/product_tag?post=49332"}],"curies":[{"name":"wp","href":"https:\/\/api.w.org\/{rel}","templated":true}]}}