{"id":49322,"date":"2021-10-13T00:24:00","date_gmt":"2021-10-12T22:24:00","guid":{"rendered":"https:\/\/marktxxl.de\/markt\/produkt\/40-baby-meilenstein-karten-fuer-jungen-und-maedchen-mit-hochwertiger-verpackung-von-cozy-hedgehog-meilensteinkarten-geschenk-zur-geburt-babyparty-schwangerschaft-english\/"},"modified":"2023-04-10T01:58:49","modified_gmt":"2023-04-09T23:58:49","slug":"40-baby-meilenstein-karten-fuer-jungen-und-maedchen-mit-hochwertiger-verpackung-von-cozy-hedgehog-meilensteinkarten-geschenk-zur-geburt-babyparty-schwangerschaft-english","status":"publish","type":"product","link":"https:\/\/marktxxl.de\/markt\/produkt\/40-baby-meilenstein-karten-fuer-jungen-und-maedchen-mit-hochwertiger-verpackung-von-cozy-hedgehog-meilensteinkarten-geschenk-zur-geburt-babyparty-schwangerschaft-english\/","title":{"rendered":"40 Baby Meilenstein-Karten f\u00fcr Jungen und M\u00e4dchen mit hochwertiger Verpackung von Cozy Hedgehog &#8211; Meilensteinkarten\u2026"},"content":{"rendered":"<p>40 einzigartige, kinderfreundliche Baby-Gru\u00dfkarten in einem modernen, geschlechtsneutralen (Unisex) Pastell-Farbschema und pr\u00e4sentiert in einer sch\u00f6nen Erinnerungsbox. Machen Sie ein Bild von Ihrem kleinen Liebling zum ersten Mal l\u00e4cheln, lachen, gehen und sprechen, und teilen Sie es mit Ihren Freunden in sozialen Netzwerken.<br \/>\nJede Karte verf\u00fcgt \u00fcber einen Platz zum Schreiben auf der R\u00fcckseite und einen Platz, um das Datum auf der Vorderseite der Karte zu schreiben, sodass Sie ihre ersten besonderen Entwicklungsstufen genauer aufzeichnen k\u00f6nnen.<br \/>\nJede Karte misst ca. 15 cm x 10,5 cm (A6), was die perfekte Gr\u00f6\u00dfe hat, wenn sie neben einem Baby gehalten wird. Die Designs werden professionell auf dicken, langlebigen Karton gedruckt und jede Karte ist mit einem matten Laminat versehen, was es zum perfekten Schreibmaterial mit Blendschutz gegen Blitzaufnahmen macht.<br \/>\nEin perfektes Babyparty-Geschenkset f\u00fcr einen Freund oder einen geliebten Menschen. Alle Karten verf\u00fcgen \u00fcber eine sensible Formulierung, die sowohl f\u00fcr Doppel- als auch Einzelfamilien geeignet ist. Die Designs sind in englischer Sprache geschrieben und die Themen sind geeignet f\u00fcr den britischen und USA-Markt.<br \/>\nKarten enthalten: 34 Altersstufen \/ Entwicklungserreichungen, 3 leere Karten zum Personalisieren und Aufzeichnen Ihrer eigenen Lieblingsmomente und 3 Bonus Schwangerschaftskarten f\u00fcr werdende M\u00fctter. Siehe Produktbeschreibung f\u00fcr Informationen auf jeder Karte!<br \/>\n<div class=\"main-cross-sell\" data-asin=\"B01M2BSDOZ\">\n\n\t<div class=\"WooZone-cross-sell-loader\">\n\t\t<div>\n\t\t\t<div id=\"floatingBarsG\">\n\t\t\t\t<div class=\"blockG\" id=\"rotateG_01\"><\/div>\n\t\t\t\t<div class=\"blockG\" id=\"rotateG_02\"><\/div>\n\t\t\t\t<div class=\"blockG\" id=\"rotateG_03\"><\/div>\n\t\t\t\t<div class=\"blockG\" id=\"rotateG_04\"><\/div>\n\t\t\t\t<div class=\"blockG\" id=\"rotateG_05\"><\/div>\n\t\t\t\t<div class=\"blockG\" id=\"rotateG_06\"><\/div>\n\t\t\t\t<div class=\"blockG\" id=\"rotateG_07\"><\/div>\n\t\t\t\t<div class=\"blockG\" id=\"rotateG_08\"><\/div>\n\t\t\t<\/div>\n\t\t\t<div class=\"WooZone-cross-sell-loader-text\"><\/div>\n\t\t<\/div>\n\t<\/div>\n\n\t\t\n<\/div>\n<div style=\"clear:both;\"><\/div><\/p>\n","protected":false},"excerpt":{"rendered":"<p>40 einzigartige, kinderfreundliche Baby-Gru\u00dfkarten in einem modernen, geschlechtsneutralen (Unisex) Pastell-Farbschema und pr\u00e4sentiert in einer sch\u00f6nen Erinnerungsbox. Machen Sie ein Bild von Ihrem kleinen Liebling zum ersten Mal l\u00e4cheln, lachen, gehen und sprechen, und teilen Sie es mit Ihren Freunden in sozialen Netzwerken.<br \/>\nJede Karte verf\u00fcgt \u00fcber einen Platz zum Schreiben auf der R\u00fcckseite und einen Platz, um das Datum auf der Vorderseite der Karte zu schreiben, sodass Sie ihre ersten besonderen Entwicklungsstufen genauer aufzeichnen k\u00f6nnen.<br \/>\nJede Karte misst ca. 15 cm x 10,5 cm (A6), was die perfekte Gr\u00f6\u00dfe hat, wenn sie neben einem Baby gehalten wird. Die Designs werden professionell auf dicken, langlebigen Karton gedruckt und jede Karte ist mit einem matten Laminat versehen, was es zum perfekten Schreibmaterial mit Blendschutz gegen Blitzaufnahmen macht.<\/p>\n","protected":false},"featured_media":49323,"comment_status":"open","ping_status":"closed","template":"","meta":[],"product_brand":[],"product_cat":[21,8929],"product_tag":[],"class_list":{"0":"post-49322","1":"product","2":"type-product","3":"status-publish","4":"has-post-thumbnail","6":"product_cat-baby","7":"product_cat-babygeschenke-baby","8":"pa_binding-babyartikel","9":"pa_brand-cozy-hedgehog","10":"pa_height-4-64566-zoll","11":"pa_length-6-37794-zoll","12":"pa_manufacturer-la-brands-ltd","13":"pa_model-cozycards01","14":"pa_width-0-94488-zoll","16":"first","17":"instock","18":"shipping-taxable","19":"purchasable","20":"product-type-simple","21":"customify-col","22":"product-has-gallery"},"yoast_head":"<!-- This site is optimized with the Yoast SEO plugin v27.4 - https:\/\/yoast.com\/product\/yoast-seo-wordpress\/ -->\n<title>40 Baby Meilenstein-Karten f\u00fcr Jungen und M\u00e4dchen mit hochwertiger Verpackung von Cozy Hedgehog - Meilensteinkarten\u2026 - Markt-XXL<\/title>\n<meta name=\"description\" content=\"Markt-XXL 40 Baby Meilenstein-Karten f\u00fcr Jungen und M\u00e4dchen mit hochwertiger Verpackung von Cozy Hedgehog - Meilensteinkarten\u2026\" \/>\n<meta name=\"robots\" content=\"index, follow, max-snippet:-1, max-image-preview:large, max-video-preview:-1\" \/>\n<link rel=\"canonical\" href=\"https:\/\/marktxxl.de\/markt\/produkt\/40-baby-meilenstein-karten-fuer-jungen-und-maedchen-mit-hochwertiger-verpackung-von-cozy-hedgehog-meilensteinkarten-geschenk-zur-geburt-babyparty-schwangerschaft-english\/\" \/>\n<meta property=\"og:locale\" content=\"de_DE\" \/>\n<meta property=\"og:type\" content=\"article\" \/>\n<meta property=\"og:title\" content=\"40 Baby Meilenstein-Karten f\u00fcr Jungen und M\u00e4dchen mit hochwertiger Verpackung von Cozy Hedgehog - Meilensteinkarten\u2026 - Markt-XXL\" \/>\n<meta property=\"og:description\" content=\"Markt-XXL 40 Baby Meilenstein-Karten f\u00fcr Jungen und M\u00e4dchen mit hochwertiger Verpackung von Cozy Hedgehog - Meilensteinkarten\u2026\" \/>\n<meta property=\"og:url\" content=\"https:\/\/marktxxl.de\/markt\/produkt\/40-baby-meilenstein-karten-fuer-jungen-und-maedchen-mit-hochwertiger-verpackung-von-cozy-hedgehog-meilensteinkarten-geschenk-zur-geburt-babyparty-schwangerschaft-english\/\" \/>\n<meta property=\"og:site_name\" content=\"Markt-XXL\" \/>\n<meta property=\"article:modified_time\" content=\"2023-04-09T23:58:49+00:00\" \/>\n<meta property=\"og:image\" content=\"https:\/\/m.media-amazon.com\/images\/I\/41hiBrznKfL._SL500_.jpg\" \/>\n\t<meta property=\"og:image:width\" content=\"500\" \/>\n\t<meta property=\"og:image:height\" content=\"450\" \/>\n\t<meta property=\"og:image:type\" content=\"image\/jpeg\" \/>\n<meta name=\"twitter:card\" content=\"summary_large_image\" \/>\n<meta name=\"twitter:label1\" content=\"Gesch\u00e4tzte Lesezeit\" \/>\n\t<meta name=\"twitter:data1\" content=\"1\u00a0Minute\" \/>\n<script type=\"application\/ld+json\" class=\"yoast-schema-graph\">{\"@context\":\"https:\\\/\\\/schema.org\",\"@graph\":[{\"@type\":\"WebPage\",\"@id\":\"https:\\\/\\\/marktxxl.de\\\/markt\\\/produkt\\\/40-baby-meilenstein-karten-fuer-jungen-und-maedchen-mit-hochwertiger-verpackung-von-cozy-hedgehog-meilensteinkarten-geschenk-zur-geburt-babyparty-schwangerschaft-english\\\/\",\"url\":\"https:\\\/\\\/marktxxl.de\\\/markt\\\/produkt\\\/40-baby-meilenstein-karten-fuer-jungen-und-maedchen-mit-hochwertiger-verpackung-von-cozy-hedgehog-meilensteinkarten-geschenk-zur-geburt-babyparty-schwangerschaft-english\\\/\",\"name\":\"40 Baby Meilenstein-Karten f\u00fcr Jungen und M\u00e4dchen mit hochwertiger Verpackung von Cozy Hedgehog - Meilensteinkarten\u2026 - Markt-XXL\",\"isPartOf\":{\"@id\":\"https:\\\/\\\/marktxxl.de\\\/markt\\\/#website\"},\"primaryImageOfPage\":{\"@id\":\"https:\\\/\\\/marktxxl.de\\\/markt\\\/produkt\\\/40-baby-meilenstein-karten-fuer-jungen-und-maedchen-mit-hochwertiger-verpackung-von-cozy-hedgehog-meilensteinkarten-geschenk-zur-geburt-babyparty-schwangerschaft-english\\\/#primaryimage\"},\"image\":{\"@id\":\"https:\\\/\\\/marktxxl.de\\\/markt\\\/produkt\\\/40-baby-meilenstein-karten-fuer-jungen-und-maedchen-mit-hochwertiger-verpackung-von-cozy-hedgehog-meilensteinkarten-geschenk-zur-geburt-babyparty-schwangerschaft-english\\\/#primaryimage\"},\"thumbnailUrl\":\"https:\\\/\\\/m.media-amazon.com\\\/images\\\/I\\\/41hiBrznKfL._SL500_.jpg\",\"datePublished\":\"2021-10-12T22:24:00+00:00\",\"dateModified\":\"2023-04-09T23:58:49+00:00\",\"description\":\"Markt-XXL 40 Baby Meilenstein-Karten f\u00fcr Jungen und M\u00e4dchen mit hochwertiger Verpackung von Cozy Hedgehog - Meilensteinkarten\u2026\",\"breadcrumb\":{\"@id\":\"https:\\\/\\\/marktxxl.de\\\/markt\\\/produkt\\\/40-baby-meilenstein-karten-fuer-jungen-und-maedchen-mit-hochwertiger-verpackung-von-cozy-hedgehog-meilensteinkarten-geschenk-zur-geburt-babyparty-schwangerschaft-english\\\/#breadcrumb\"},\"inLanguage\":\"de\",\"potentialAction\":[{\"@type\":\"ReadAction\",\"target\":[\"https:\\\/\\\/marktxxl.de\\\/markt\\\/produkt\\\/40-baby-meilenstein-karten-fuer-jungen-und-maedchen-mit-hochwertiger-verpackung-von-cozy-hedgehog-meilensteinkarten-geschenk-zur-geburt-babyparty-schwangerschaft-english\\\/\"]}]},{\"@type\":\"ImageObject\",\"inLanguage\":\"de\",\"@id\":\"https:\\\/\\\/marktxxl.de\\\/markt\\\/produkt\\\/40-baby-meilenstein-karten-fuer-jungen-und-maedchen-mit-hochwertiger-verpackung-von-cozy-hedgehog-meilensteinkarten-geschenk-zur-geburt-babyparty-schwangerschaft-english\\\/#primaryimage\",\"url\":\"https:\\\/\\\/m.media-amazon.com\\\/images\\\/I\\\/41hiBrznKfL._SL500_.jpg\",\"contentUrl\":\"https:\\\/\\\/m.media-amazon.com\\\/images\\\/I\\\/41hiBrznKfL._SL500_.jpg\",\"width\":500,\"height\":450},{\"@type\":\"BreadcrumbList\",\"@id\":\"https:\\\/\\\/marktxxl.de\\\/markt\\\/produkt\\\/40-baby-meilenstein-karten-fuer-jungen-und-maedchen-mit-hochwertiger-verpackung-von-cozy-hedgehog-meilensteinkarten-geschenk-zur-geburt-babyparty-schwangerschaft-english\\\/#breadcrumb\",\"itemListElement\":[{\"@type\":\"ListItem\",\"position\":1,\"name\":\"Startseite\",\"item\":\"https:\\\/\\\/marktxxl.de\\\/markt\\\/\"},{\"@type\":\"ListItem\",\"position\":2,\"name\":\"Markt\",\"item\":\"https:\\\/\\\/marktxxl.de\\\/markt\\\/\"},{\"@type\":\"ListItem\",\"position\":3,\"name\":\"40 Baby Meilenstein-Karten f\u00fcr Jungen und M\u00e4dchen mit hochwertiger Verpackung von Cozy Hedgehog &#8211; Meilensteinkarten\u2026\"}]},{\"@type\":\"WebSite\",\"@id\":\"https:\\\/\\\/marktxxl.de\\\/markt\\\/#website\",\"url\":\"https:\\\/\\\/marktxxl.de\\\/markt\\\/\",\"name\":\"Markt-XXL\",\"description\":\"Ihr Markt Online\",\"publisher\":{\"@id\":\"https:\\\/\\\/marktxxl.de\\\/markt\\\/#organization\"},\"potentialAction\":[{\"@type\":\"SearchAction\",\"target\":{\"@type\":\"EntryPoint\",\"urlTemplate\":\"https:\\\/\\\/marktxxl.de\\\/markt\\\/?s={search_term_string}\"},\"query-input\":{\"@type\":\"PropertyValueSpecification\",\"valueRequired\":true,\"valueName\":\"search_term_string\"}}],\"inLanguage\":\"de\"},{\"@type\":\"Organization\",\"@id\":\"https:\\\/\\\/marktxxl.de\\\/markt\\\/#organization\",\"name\":\"Markt-XXL\",\"url\":\"https:\\\/\\\/marktxxl.de\\\/markt\\\/\",\"logo\":{\"@type\":\"ImageObject\",\"inLanguage\":\"de\",\"@id\":\"https:\\\/\\\/marktxxl.de\\\/markt\\\/#\\\/schema\\\/logo\\\/image\\\/\",\"url\":\"https:\\\/\\\/marktxxl.de\\\/markt\\\/wp-content\\\/uploads\\\/sites\\\/3\\\/2020\\\/12\\\/logo.png\",\"contentUrl\":\"https:\\\/\\\/marktxxl.de\\\/markt\\\/wp-content\\\/uploads\\\/sites\\\/3\\\/2020\\\/12\\\/logo.png\",\"width\":200,\"height\":70,\"caption\":\"Markt-XXL\"},\"image\":{\"@id\":\"https:\\\/\\\/marktxxl.de\\\/markt\\\/#\\\/schema\\\/logo\\\/image\\\/\"}}]}<\/script>\n<!-- \/ Yoast SEO plugin. -->","yoast_head_json":{"title":"40 Baby Meilenstein-Karten f\u00fcr Jungen und M\u00e4dchen mit hochwertiger Verpackung von Cozy Hedgehog - Meilensteinkarten\u2026 - Markt-XXL","description":"Markt-XXL 40 Baby Meilenstein-Karten f\u00fcr Jungen und M\u00e4dchen mit hochwertiger Verpackung von Cozy Hedgehog - Meilensteinkarten\u2026","robots":{"index":"index","follow":"follow","max-snippet":"max-snippet:-1","max-image-preview":"max-image-preview:large","max-video-preview":"max-video-preview:-1"},"canonical":"https:\/\/marktxxl.de\/markt\/produkt\/40-baby-meilenstein-karten-fuer-jungen-und-maedchen-mit-hochwertiger-verpackung-von-cozy-hedgehog-meilensteinkarten-geschenk-zur-geburt-babyparty-schwangerschaft-english\/","og_locale":"de_DE","og_type":"article","og_title":"40 Baby Meilenstein-Karten f\u00fcr Jungen und M\u00e4dchen mit hochwertiger Verpackung von Cozy Hedgehog - Meilensteinkarten\u2026 - Markt-XXL","og_description":"Markt-XXL 40 Baby Meilenstein-Karten f\u00fcr Jungen und M\u00e4dchen mit hochwertiger Verpackung von Cozy Hedgehog - Meilensteinkarten\u2026","og_url":"https:\/\/marktxxl.de\/markt\/produkt\/40-baby-meilenstein-karten-fuer-jungen-und-maedchen-mit-hochwertiger-verpackung-von-cozy-hedgehog-meilensteinkarten-geschenk-zur-geburt-babyparty-schwangerschaft-english\/","og_site_name":"Markt-XXL","article_modified_time":"2023-04-09T23:58:49+00:00","og_image":[{"width":500,"height":450,"url":"https:\/\/m.media-amazon.com\/images\/I\/41hiBrznKfL._SL500_.jpg","type":"image\/jpeg"}],"twitter_card":"summary_large_image","twitter_misc":{"Gesch\u00e4tzte Lesezeit":"1\u00a0Minute"},"schema":{"@context":"https:\/\/schema.org","@graph":[{"@type":"WebPage","@id":"https:\/\/marktxxl.de\/markt\/produkt\/40-baby-meilenstein-karten-fuer-jungen-und-maedchen-mit-hochwertiger-verpackung-von-cozy-hedgehog-meilensteinkarten-geschenk-zur-geburt-babyparty-schwangerschaft-english\/","url":"https:\/\/marktxxl.de\/markt\/produkt\/40-baby-meilenstein-karten-fuer-jungen-und-maedchen-mit-hochwertiger-verpackung-von-cozy-hedgehog-meilensteinkarten-geschenk-zur-geburt-babyparty-schwangerschaft-english\/","name":"40 Baby Meilenstein-Karten f\u00fcr Jungen und M\u00e4dchen mit hochwertiger Verpackung von Cozy Hedgehog - Meilensteinkarten\u2026 - Markt-XXL","isPartOf":{"@id":"https:\/\/marktxxl.de\/markt\/#website"},"primaryImageOfPage":{"@id":"https:\/\/marktxxl.de\/markt\/produkt\/40-baby-meilenstein-karten-fuer-jungen-und-maedchen-mit-hochwertiger-verpackung-von-cozy-hedgehog-meilensteinkarten-geschenk-zur-geburt-babyparty-schwangerschaft-english\/#primaryimage"},"image":{"@id":"https:\/\/marktxxl.de\/markt\/produkt\/40-baby-meilenstein-karten-fuer-jungen-und-maedchen-mit-hochwertiger-verpackung-von-cozy-hedgehog-meilensteinkarten-geschenk-zur-geburt-babyparty-schwangerschaft-english\/#primaryimage"},"thumbnailUrl":"https:\/\/m.media-amazon.com\/images\/I\/41hiBrznKfL._SL500_.jpg","datePublished":"2021-10-12T22:24:00+00:00","dateModified":"2023-04-09T23:58:49+00:00","description":"Markt-XXL 40 Baby Meilenstein-Karten f\u00fcr Jungen und M\u00e4dchen mit hochwertiger Verpackung von Cozy Hedgehog - Meilensteinkarten\u2026","breadcrumb":{"@id":"https:\/\/marktxxl.de\/markt\/produkt\/40-baby-meilenstein-karten-fuer-jungen-und-maedchen-mit-hochwertiger-verpackung-von-cozy-hedgehog-meilensteinkarten-geschenk-zur-geburt-babyparty-schwangerschaft-english\/#breadcrumb"},"inLanguage":"de","potentialAction":[{"@type":"ReadAction","target":["https:\/\/marktxxl.de\/markt\/produkt\/40-baby-meilenstein-karten-fuer-jungen-und-maedchen-mit-hochwertiger-verpackung-von-cozy-hedgehog-meilensteinkarten-geschenk-zur-geburt-babyparty-schwangerschaft-english\/"]}]},{"@type":"ImageObject","inLanguage":"de","@id":"https:\/\/marktxxl.de\/markt\/produkt\/40-baby-meilenstein-karten-fuer-jungen-und-maedchen-mit-hochwertiger-verpackung-von-cozy-hedgehog-meilensteinkarten-geschenk-zur-geburt-babyparty-schwangerschaft-english\/#primaryimage","url":"https:\/\/m.media-amazon.com\/images\/I\/41hiBrznKfL._SL500_.jpg","contentUrl":"https:\/\/m.media-amazon.com\/images\/I\/41hiBrznKfL._SL500_.jpg","width":500,"height":450},{"@type":"BreadcrumbList","@id":"https:\/\/marktxxl.de\/markt\/produkt\/40-baby-meilenstein-karten-fuer-jungen-und-maedchen-mit-hochwertiger-verpackung-von-cozy-hedgehog-meilensteinkarten-geschenk-zur-geburt-babyparty-schwangerschaft-english\/#breadcrumb","itemListElement":[{"@type":"ListItem","position":1,"name":"Startseite","item":"https:\/\/marktxxl.de\/markt\/"},{"@type":"ListItem","position":2,"name":"Markt","item":"https:\/\/marktxxl.de\/markt\/"},{"@type":"ListItem","position":3,"name":"40 Baby Meilenstein-Karten f\u00fcr Jungen und M\u00e4dchen mit hochwertiger Verpackung von Cozy Hedgehog &#8211; Meilensteinkarten\u2026"}]},{"@type":"WebSite","@id":"https:\/\/marktxxl.de\/markt\/#website","url":"https:\/\/marktxxl.de\/markt\/","name":"Markt-XXL","description":"Ihr Markt Online","publisher":{"@id":"https:\/\/marktxxl.de\/markt\/#organization"},"potentialAction":[{"@type":"SearchAction","target":{"@type":"EntryPoint","urlTemplate":"https:\/\/marktxxl.de\/markt\/?s={search_term_string}"},"query-input":{"@type":"PropertyValueSpecification","valueRequired":true,"valueName":"search_term_string"}}],"inLanguage":"de"},{"@type":"Organization","@id":"https:\/\/marktxxl.de\/markt\/#organization","name":"Markt-XXL","url":"https:\/\/marktxxl.de\/markt\/","logo":{"@type":"ImageObject","inLanguage":"de","@id":"https:\/\/marktxxl.de\/markt\/#\/schema\/logo\/image\/","url":"https:\/\/marktxxl.de\/markt\/wp-content\/uploads\/sites\/3\/2020\/12\/logo.png","contentUrl":"https:\/\/marktxxl.de\/markt\/wp-content\/uploads\/sites\/3\/2020\/12\/logo.png","width":200,"height":70,"caption":"Markt-XXL"},"image":{"@id":"https:\/\/marktxxl.de\/markt\/#\/schema\/logo\/image\/"}}]}},"_links":{"self":[{"href":"https:\/\/marktxxl.de\/markt\/wp-json\/wp\/v2\/product\/49322","targetHints":{"allow":["GET"]}}],"collection":[{"href":"https:\/\/marktxxl.de\/markt\/wp-json\/wp\/v2\/product"}],"about":[{"href":"https:\/\/marktxxl.de\/markt\/wp-json\/wp\/v2\/types\/product"}],"replies":[{"embeddable":true,"href":"https:\/\/marktxxl.de\/markt\/wp-json\/wp\/v2\/comments?post=49322"}],"wp:featuredmedia":[{"embeddable":true,"href":"https:\/\/marktxxl.de\/markt\/wp-json\/wp\/v2\/media\/49323"}],"wp:attachment":[{"href":"https:\/\/marktxxl.de\/markt\/wp-json\/wp\/v2\/media?parent=49322"}],"wp:term":[{"taxonomy":"product_brand","embeddable":true,"href":"https:\/\/marktxxl.de\/markt\/wp-json\/wp\/v2\/product_brand?post=49322"},{"taxonomy":"product_cat","embeddable":true,"href":"https:\/\/marktxxl.de\/markt\/wp-json\/wp\/v2\/product_cat?post=49322"},{"taxonomy":"product_tag","embeddable":true,"href":"https:\/\/marktxxl.de\/markt\/wp-json\/wp\/v2\/product_tag?post=49322"}],"curies":[{"name":"wp","href":"https:\/\/api.w.org\/{rel}","templated":true}]}}