{"id":49207,"date":"2021-10-13T00:19:25","date_gmt":"2021-10-12T22:19:25","guid":{"rendered":"https:\/\/marktxxl.de\/markt\/produkt\/cottock-6-paar-kleinkind-maedchen-abs-rutschfeste-socken-knie-hoch-baumwolle-griffsocken-baby-maedchen-anti-rutsch-socken\/"},"modified":"2023-04-10T01:58:45","modified_gmt":"2023-04-09T23:58:45","slug":"cottock-6-paar-kleinkind-maedchen-abs-rutschfeste-socken-knie-hoch-baumwolle-griffsocken-baby-maedchen-anti-rutsch-socken","status":"publish","type":"product","link":"https:\/\/marktxxl.de\/markt\/produkt\/cottock-6-paar-kleinkind-maedchen-abs-rutschfeste-socken-knie-hoch-baumwolle-griffsocken-baby-maedchen-anti-rutsch-socken\/","title":{"rendered":"Cottock 6 Paar Kleinkind M\u00e4dchen ABS Rutschfeste Socken Knie Hoch Baumwolle Griffsocken, Baby M\u00e4dchen Anti-Rutsch-Socken"},"content":{"rendered":"<p>Am besten baby kleinkind kind m\u00e4dchen ABS socken knie hoch baumwolle rutschfeste! Anti-Rutsch baby kleinkind m\u00e4dchen socken w\u00f6chentliche verwendung auf hartholzb\u00f6den oder auf der gartenwiese in 0-12 Monaten, 1-3 Jahre, 3-5 Jahre, 5-7 Jahre!<br \/>\nMaterial: 93% Baumwolle, 5% Polyester, 2% Elasthan. Die unterseiten der socken sind mit rutschfestem material f\u00fcr die sicherheit unseres kindes umwunden. Leicht f\u00fcr babys zu ziehen.<br \/>\nUltimative gem\u00fctliche baby kleinkind rutschfeste socken! Besonders weich, gut elastisch. Anti-Rutsch auf der unterseite, um zu verhindern, dass das baby kleinkind ausrutscht, wenn es laufen lernt.<br \/>\nIdeales Geschenk f\u00fcr ihren tochter, enkelin und den baby, kleinkind m\u00e4dchen ihrer freunde.<br \/>\nDie verwendung von hochwertigem gestrick wird nicht zerrissen oder deformiert, um es in der Waschmaschine zu waschen.<br \/>\n<div class=\"main-cross-sell\" data-asin=\"B07VKR1VC4\">\n\n\t<div class=\"WooZone-cross-sell-loader\">\n\t\t<div>\n\t\t\t<div id=\"floatingBarsG\">\n\t\t\t\t<div class=\"blockG\" id=\"rotateG_01\"><\/div>\n\t\t\t\t<div class=\"blockG\" id=\"rotateG_02\"><\/div>\n\t\t\t\t<div class=\"blockG\" id=\"rotateG_03\"><\/div>\n\t\t\t\t<div class=\"blockG\" id=\"rotateG_04\"><\/div>\n\t\t\t\t<div class=\"blockG\" id=\"rotateG_05\"><\/div>\n\t\t\t\t<div class=\"blockG\" id=\"rotateG_06\"><\/div>\n\t\t\t\t<div class=\"blockG\" id=\"rotateG_07\"><\/div>\n\t\t\t\t<div class=\"blockG\" id=\"rotateG_08\"><\/div>\n\t\t\t<\/div>\n\t\t\t<div class=\"WooZone-cross-sell-loader-text\"><\/div>\n\t\t<\/div>\n\t<\/div>\n\n\t\t\n<\/div>\n<div style=\"clear:both;\"><\/div><\/p>\n","protected":false},"excerpt":{"rendered":"<p>Am besten baby kleinkind kind m\u00e4dchen ABS socken knie hoch baumwolle rutschfeste! Anti-Rutsch baby kleinkind m\u00e4dchen socken w\u00f6chentliche verwendung auf hartholzb\u00f6den oder auf der gartenwiese in 0-12 Monaten, 1-3 Jahre, 3-5 Jahre, 5-7 Jahre!<br \/>\nMaterial: 93% Baumwolle, 5% Polyester, 2% Elasthan. Die unterseiten der socken sind mit rutschfestem material f\u00fcr die sicherheit unseres kindes umwunden. Leicht f\u00fcr babys zu ziehen.<br \/>\nUltimative gem\u00fctliche baby kleinkind rutschfeste socken! Besonders weich, gut elastisch. Anti-Rutsch auf der unterseite, um zu verhindern, dass das baby kleinkind ausrutscht, wenn es laufen lernt.<\/p>\n","protected":false},"featured_media":49212,"comment_status":"open","ping_status":"closed","template":"","meta":[],"product_brand":[],"product_cat":[21,8913],"product_tag":[],"class_list":{"0":"post-49207","1":"product","2":"type-product","3":"status-publish","4":"has-post-thumbnail","6":"product_cat-baby","7":"product_cat-babybekleidung-baby","8":"pa_binding-textilien","9":"pa_brand-cottock","10":"pa_farbe-6-paar-prinzessin","11":"pa_groesse-0-12-monate","12":"pa_groesse-1-3-jahre","13":"pa_groesse-3-5-jahre","14":"pa_groesse-5-7-jahre","15":"pa_model-105-g-6p","17":"first","18":"instock","19":"shipping-taxable","20":"purchasable","21":"product-type-variable","22":"customify-col","23":"product-has-gallery"},"yoast_head":"<!-- This site is optimized with the Yoast SEO plugin v27.3 - https:\/\/yoast.com\/product\/yoast-seo-wordpress\/ -->\n<title>Cottock 6 Paar Kleinkind M\u00e4dchen ABS Rutschfeste Socken Knie Hoch Baumwolle Griffsocken, Baby M\u00e4dchen Anti-Rutsch-Socken - Markt-XXL<\/title>\n<meta name=\"description\" content=\"Markt-XXL Cottock 6 Paar Kleinkind M\u00e4dchen ABS Rutschfeste Socken Knie Hoch Baumwolle Griffsocken, Baby M\u00e4dchen Anti-Rutsch-Socken\" \/>\n<meta name=\"robots\" content=\"index, follow, max-snippet:-1, max-image-preview:large, max-video-preview:-1\" \/>\n<link rel=\"canonical\" href=\"https:\/\/marktxxl.de\/markt\/produkt\/cottock-6-paar-kleinkind-maedchen-abs-rutschfeste-socken-knie-hoch-baumwolle-griffsocken-baby-maedchen-anti-rutsch-socken\/\" \/>\n<meta property=\"og:locale\" content=\"de_DE\" \/>\n<meta property=\"og:type\" content=\"article\" \/>\n<meta property=\"og:title\" content=\"Cottock 6 Paar Kleinkind M\u00e4dchen ABS Rutschfeste Socken Knie Hoch Baumwolle Griffsocken, Baby M\u00e4dchen Anti-Rutsch-Socken - Markt-XXL\" \/>\n<meta property=\"og:description\" content=\"Markt-XXL Cottock 6 Paar Kleinkind M\u00e4dchen ABS Rutschfeste Socken Knie Hoch Baumwolle Griffsocken, Baby M\u00e4dchen Anti-Rutsch-Socken\" \/>\n<meta property=\"og:url\" content=\"https:\/\/marktxxl.de\/markt\/produkt\/cottock-6-paar-kleinkind-maedchen-abs-rutschfeste-socken-knie-hoch-baumwolle-griffsocken-baby-maedchen-anti-rutsch-socken\/\" \/>\n<meta property=\"og:site_name\" content=\"Markt-XXL\" \/>\n<meta property=\"article:modified_time\" content=\"2023-04-09T23:58:45+00:00\" \/>\n<meta property=\"og:image\" content=\"https:\/\/m.media-amazon.com\/images\/I\/41FhojCSiAL._SL500_.jpg\" \/>\n\t<meta property=\"og:image:width\" content=\"458\" \/>\n\t<meta property=\"og:image:height\" content=\"500\" \/>\n\t<meta property=\"og:image:type\" content=\"image\/jpeg\" \/>\n<meta name=\"twitter:card\" content=\"summary_large_image\" \/>\n<meta name=\"twitter:label1\" content=\"Gesch\u00e4tzte Lesezeit\" \/>\n\t<meta name=\"twitter:data1\" content=\"1\u00a0Minute\" \/>\n<script type=\"application\/ld+json\" class=\"yoast-schema-graph\">{\"@context\":\"https:\\\/\\\/schema.org\",\"@graph\":[{\"@type\":\"WebPage\",\"@id\":\"https:\\\/\\\/marktxxl.de\\\/markt\\\/produkt\\\/cottock-6-paar-kleinkind-maedchen-abs-rutschfeste-socken-knie-hoch-baumwolle-griffsocken-baby-maedchen-anti-rutsch-socken\\\/\",\"url\":\"https:\\\/\\\/marktxxl.de\\\/markt\\\/produkt\\\/cottock-6-paar-kleinkind-maedchen-abs-rutschfeste-socken-knie-hoch-baumwolle-griffsocken-baby-maedchen-anti-rutsch-socken\\\/\",\"name\":\"Cottock 6 Paar Kleinkind M\u00e4dchen ABS Rutschfeste Socken Knie Hoch Baumwolle Griffsocken, Baby M\u00e4dchen Anti-Rutsch-Socken - Markt-XXL\",\"isPartOf\":{\"@id\":\"https:\\\/\\\/marktxxl.de\\\/markt\\\/#website\"},\"primaryImageOfPage\":{\"@id\":\"https:\\\/\\\/marktxxl.de\\\/markt\\\/produkt\\\/cottock-6-paar-kleinkind-maedchen-abs-rutschfeste-socken-knie-hoch-baumwolle-griffsocken-baby-maedchen-anti-rutsch-socken\\\/#primaryimage\"},\"image\":{\"@id\":\"https:\\\/\\\/marktxxl.de\\\/markt\\\/produkt\\\/cottock-6-paar-kleinkind-maedchen-abs-rutschfeste-socken-knie-hoch-baumwolle-griffsocken-baby-maedchen-anti-rutsch-socken\\\/#primaryimage\"},\"thumbnailUrl\":\"https:\\\/\\\/m.media-amazon.com\\\/images\\\/I\\\/41FhojCSiAL._SL500_.jpg\",\"datePublished\":\"2021-10-12T22:19:25+00:00\",\"dateModified\":\"2023-04-09T23:58:45+00:00\",\"description\":\"Markt-XXL Cottock 6 Paar Kleinkind M\u00e4dchen ABS Rutschfeste Socken Knie Hoch Baumwolle Griffsocken, Baby M\u00e4dchen Anti-Rutsch-Socken\",\"breadcrumb\":{\"@id\":\"https:\\\/\\\/marktxxl.de\\\/markt\\\/produkt\\\/cottock-6-paar-kleinkind-maedchen-abs-rutschfeste-socken-knie-hoch-baumwolle-griffsocken-baby-maedchen-anti-rutsch-socken\\\/#breadcrumb\"},\"inLanguage\":\"de\",\"potentialAction\":[{\"@type\":\"ReadAction\",\"target\":[\"https:\\\/\\\/marktxxl.de\\\/markt\\\/produkt\\\/cottock-6-paar-kleinkind-maedchen-abs-rutschfeste-socken-knie-hoch-baumwolle-griffsocken-baby-maedchen-anti-rutsch-socken\\\/\"]}]},{\"@type\":\"ImageObject\",\"inLanguage\":\"de\",\"@id\":\"https:\\\/\\\/marktxxl.de\\\/markt\\\/produkt\\\/cottock-6-paar-kleinkind-maedchen-abs-rutschfeste-socken-knie-hoch-baumwolle-griffsocken-baby-maedchen-anti-rutsch-socken\\\/#primaryimage\",\"url\":\"https:\\\/\\\/m.media-amazon.com\\\/images\\\/I\\\/41FhojCSiAL._SL500_.jpg\",\"contentUrl\":\"https:\\\/\\\/m.media-amazon.com\\\/images\\\/I\\\/41FhojCSiAL._SL500_.jpg\",\"width\":458,\"height\":500},{\"@type\":\"BreadcrumbList\",\"@id\":\"https:\\\/\\\/marktxxl.de\\\/markt\\\/produkt\\\/cottock-6-paar-kleinkind-maedchen-abs-rutschfeste-socken-knie-hoch-baumwolle-griffsocken-baby-maedchen-anti-rutsch-socken\\\/#breadcrumb\",\"itemListElement\":[{\"@type\":\"ListItem\",\"position\":1,\"name\":\"Startseite\",\"item\":\"https:\\\/\\\/marktxxl.de\\\/markt\\\/\"},{\"@type\":\"ListItem\",\"position\":2,\"name\":\"Markt\",\"item\":\"https:\\\/\\\/marktxxl.de\\\/markt\\\/\"},{\"@type\":\"ListItem\",\"position\":3,\"name\":\"Cottock 6 Paar Kleinkind M\u00e4dchen ABS Rutschfeste Socken Knie Hoch Baumwolle Griffsocken, Baby M\u00e4dchen Anti-Rutsch-Socken\"}]},{\"@type\":\"WebSite\",\"@id\":\"https:\\\/\\\/marktxxl.de\\\/markt\\\/#website\",\"url\":\"https:\\\/\\\/marktxxl.de\\\/markt\\\/\",\"name\":\"Markt-XXL\",\"description\":\"Ihr Markt Online\",\"publisher\":{\"@id\":\"https:\\\/\\\/marktxxl.de\\\/markt\\\/#organization\"},\"potentialAction\":[{\"@type\":\"SearchAction\",\"target\":{\"@type\":\"EntryPoint\",\"urlTemplate\":\"https:\\\/\\\/marktxxl.de\\\/markt\\\/?s={search_term_string}\"},\"query-input\":{\"@type\":\"PropertyValueSpecification\",\"valueRequired\":true,\"valueName\":\"search_term_string\"}}],\"inLanguage\":\"de\"},{\"@type\":\"Organization\",\"@id\":\"https:\\\/\\\/marktxxl.de\\\/markt\\\/#organization\",\"name\":\"Markt-XXL\",\"url\":\"https:\\\/\\\/marktxxl.de\\\/markt\\\/\",\"logo\":{\"@type\":\"ImageObject\",\"inLanguage\":\"de\",\"@id\":\"https:\\\/\\\/marktxxl.de\\\/markt\\\/#\\\/schema\\\/logo\\\/image\\\/\",\"url\":\"https:\\\/\\\/marktxxl.de\\\/markt\\\/wp-content\\\/uploads\\\/sites\\\/3\\\/2020\\\/12\\\/logo.png\",\"contentUrl\":\"https:\\\/\\\/marktxxl.de\\\/markt\\\/wp-content\\\/uploads\\\/sites\\\/3\\\/2020\\\/12\\\/logo.png\",\"width\":200,\"height\":70,\"caption\":\"Markt-XXL\"},\"image\":{\"@id\":\"https:\\\/\\\/marktxxl.de\\\/markt\\\/#\\\/schema\\\/logo\\\/image\\\/\"}}]}<\/script>\n<!-- \/ Yoast SEO plugin. -->","yoast_head_json":{"title":"Cottock 6 Paar Kleinkind M\u00e4dchen ABS Rutschfeste Socken Knie Hoch Baumwolle Griffsocken, Baby M\u00e4dchen Anti-Rutsch-Socken - Markt-XXL","description":"Markt-XXL Cottock 6 Paar Kleinkind M\u00e4dchen ABS Rutschfeste Socken Knie Hoch Baumwolle Griffsocken, Baby M\u00e4dchen Anti-Rutsch-Socken","robots":{"index":"index","follow":"follow","max-snippet":"max-snippet:-1","max-image-preview":"max-image-preview:large","max-video-preview":"max-video-preview:-1"},"canonical":"https:\/\/marktxxl.de\/markt\/produkt\/cottock-6-paar-kleinkind-maedchen-abs-rutschfeste-socken-knie-hoch-baumwolle-griffsocken-baby-maedchen-anti-rutsch-socken\/","og_locale":"de_DE","og_type":"article","og_title":"Cottock 6 Paar Kleinkind M\u00e4dchen ABS Rutschfeste Socken Knie Hoch Baumwolle Griffsocken, Baby M\u00e4dchen Anti-Rutsch-Socken - Markt-XXL","og_description":"Markt-XXL Cottock 6 Paar Kleinkind M\u00e4dchen ABS Rutschfeste Socken Knie Hoch Baumwolle Griffsocken, Baby M\u00e4dchen Anti-Rutsch-Socken","og_url":"https:\/\/marktxxl.de\/markt\/produkt\/cottock-6-paar-kleinkind-maedchen-abs-rutschfeste-socken-knie-hoch-baumwolle-griffsocken-baby-maedchen-anti-rutsch-socken\/","og_site_name":"Markt-XXL","article_modified_time":"2023-04-09T23:58:45+00:00","og_image":[{"width":458,"height":500,"url":"https:\/\/m.media-amazon.com\/images\/I\/41FhojCSiAL._SL500_.jpg","type":"image\/jpeg"}],"twitter_card":"summary_large_image","twitter_misc":{"Gesch\u00e4tzte Lesezeit":"1\u00a0Minute"},"schema":{"@context":"https:\/\/schema.org","@graph":[{"@type":"WebPage","@id":"https:\/\/marktxxl.de\/markt\/produkt\/cottock-6-paar-kleinkind-maedchen-abs-rutschfeste-socken-knie-hoch-baumwolle-griffsocken-baby-maedchen-anti-rutsch-socken\/","url":"https:\/\/marktxxl.de\/markt\/produkt\/cottock-6-paar-kleinkind-maedchen-abs-rutschfeste-socken-knie-hoch-baumwolle-griffsocken-baby-maedchen-anti-rutsch-socken\/","name":"Cottock 6 Paar Kleinkind M\u00e4dchen ABS Rutschfeste Socken Knie Hoch Baumwolle Griffsocken, Baby M\u00e4dchen Anti-Rutsch-Socken - Markt-XXL","isPartOf":{"@id":"https:\/\/marktxxl.de\/markt\/#website"},"primaryImageOfPage":{"@id":"https:\/\/marktxxl.de\/markt\/produkt\/cottock-6-paar-kleinkind-maedchen-abs-rutschfeste-socken-knie-hoch-baumwolle-griffsocken-baby-maedchen-anti-rutsch-socken\/#primaryimage"},"image":{"@id":"https:\/\/marktxxl.de\/markt\/produkt\/cottock-6-paar-kleinkind-maedchen-abs-rutschfeste-socken-knie-hoch-baumwolle-griffsocken-baby-maedchen-anti-rutsch-socken\/#primaryimage"},"thumbnailUrl":"https:\/\/m.media-amazon.com\/images\/I\/41FhojCSiAL._SL500_.jpg","datePublished":"2021-10-12T22:19:25+00:00","dateModified":"2023-04-09T23:58:45+00:00","description":"Markt-XXL Cottock 6 Paar Kleinkind M\u00e4dchen ABS Rutschfeste Socken Knie Hoch Baumwolle Griffsocken, Baby M\u00e4dchen Anti-Rutsch-Socken","breadcrumb":{"@id":"https:\/\/marktxxl.de\/markt\/produkt\/cottock-6-paar-kleinkind-maedchen-abs-rutschfeste-socken-knie-hoch-baumwolle-griffsocken-baby-maedchen-anti-rutsch-socken\/#breadcrumb"},"inLanguage":"de","potentialAction":[{"@type":"ReadAction","target":["https:\/\/marktxxl.de\/markt\/produkt\/cottock-6-paar-kleinkind-maedchen-abs-rutschfeste-socken-knie-hoch-baumwolle-griffsocken-baby-maedchen-anti-rutsch-socken\/"]}]},{"@type":"ImageObject","inLanguage":"de","@id":"https:\/\/marktxxl.de\/markt\/produkt\/cottock-6-paar-kleinkind-maedchen-abs-rutschfeste-socken-knie-hoch-baumwolle-griffsocken-baby-maedchen-anti-rutsch-socken\/#primaryimage","url":"https:\/\/m.media-amazon.com\/images\/I\/41FhojCSiAL._SL500_.jpg","contentUrl":"https:\/\/m.media-amazon.com\/images\/I\/41FhojCSiAL._SL500_.jpg","width":458,"height":500},{"@type":"BreadcrumbList","@id":"https:\/\/marktxxl.de\/markt\/produkt\/cottock-6-paar-kleinkind-maedchen-abs-rutschfeste-socken-knie-hoch-baumwolle-griffsocken-baby-maedchen-anti-rutsch-socken\/#breadcrumb","itemListElement":[{"@type":"ListItem","position":1,"name":"Startseite","item":"https:\/\/marktxxl.de\/markt\/"},{"@type":"ListItem","position":2,"name":"Markt","item":"https:\/\/marktxxl.de\/markt\/"},{"@type":"ListItem","position":3,"name":"Cottock 6 Paar Kleinkind M\u00e4dchen ABS Rutschfeste Socken Knie Hoch Baumwolle Griffsocken, Baby M\u00e4dchen Anti-Rutsch-Socken"}]},{"@type":"WebSite","@id":"https:\/\/marktxxl.de\/markt\/#website","url":"https:\/\/marktxxl.de\/markt\/","name":"Markt-XXL","description":"Ihr Markt Online","publisher":{"@id":"https:\/\/marktxxl.de\/markt\/#organization"},"potentialAction":[{"@type":"SearchAction","target":{"@type":"EntryPoint","urlTemplate":"https:\/\/marktxxl.de\/markt\/?s={search_term_string}"},"query-input":{"@type":"PropertyValueSpecification","valueRequired":true,"valueName":"search_term_string"}}],"inLanguage":"de"},{"@type":"Organization","@id":"https:\/\/marktxxl.de\/markt\/#organization","name":"Markt-XXL","url":"https:\/\/marktxxl.de\/markt\/","logo":{"@type":"ImageObject","inLanguage":"de","@id":"https:\/\/marktxxl.de\/markt\/#\/schema\/logo\/image\/","url":"https:\/\/marktxxl.de\/markt\/wp-content\/uploads\/sites\/3\/2020\/12\/logo.png","contentUrl":"https:\/\/marktxxl.de\/markt\/wp-content\/uploads\/sites\/3\/2020\/12\/logo.png","width":200,"height":70,"caption":"Markt-XXL"},"image":{"@id":"https:\/\/marktxxl.de\/markt\/#\/schema\/logo\/image\/"}}]}},"_links":{"self":[{"href":"https:\/\/marktxxl.de\/markt\/wp-json\/wp\/v2\/product\/49207","targetHints":{"allow":["GET"]}}],"collection":[{"href":"https:\/\/marktxxl.de\/markt\/wp-json\/wp\/v2\/product"}],"about":[{"href":"https:\/\/marktxxl.de\/markt\/wp-json\/wp\/v2\/types\/product"}],"replies":[{"embeddable":true,"href":"https:\/\/marktxxl.de\/markt\/wp-json\/wp\/v2\/comments?post=49207"}],"wp:featuredmedia":[{"embeddable":true,"href":"https:\/\/marktxxl.de\/markt\/wp-json\/wp\/v2\/media\/49212"}],"wp:attachment":[{"href":"https:\/\/marktxxl.de\/markt\/wp-json\/wp\/v2\/media?parent=49207"}],"wp:term":[{"taxonomy":"product_brand","embeddable":true,"href":"https:\/\/marktxxl.de\/markt\/wp-json\/wp\/v2\/product_brand?post=49207"},{"taxonomy":"product_cat","embeddable":true,"href":"https:\/\/marktxxl.de\/markt\/wp-json\/wp\/v2\/product_cat?post=49207"},{"taxonomy":"product_tag","embeddable":true,"href":"https:\/\/marktxxl.de\/markt\/wp-json\/wp\/v2\/product_tag?post=49207"}],"curies":[{"name":"wp","href":"https:\/\/api.w.org\/{rel}","templated":true}]}}