{"id":49042,"date":"2021-10-13T00:09:44","date_gmt":"2021-10-12T22:09:44","guid":{"rendered":"https:\/\/marktxxl.de\/markt\/produkt\/besenerg-ev-ladegeraet-typ-2-wandhalter-dock-fuer-evse-iec-62196-2-stecker-elektrofahrzeug-ladegeraet-stecker-halter-aufbewahrung-carton-packaging\/"},"modified":"2023-04-10T01:58:42","modified_gmt":"2023-04-09T23:58:42","slug":"besenerg-ev-ladegeraet-typ-2-wandhalter-dock-fuer-evse-iec-62196-2-stecker-elektrofahrzeug-ladegeraet-stecker-halter-aufbewahrung-carton-packaging","status":"publish","type":"product","link":"https:\/\/marktxxl.de\/markt\/produkt\/besenerg-ev-ladegeraet-typ-2-wandhalter-dock-fuer-evse-iec-62196-2-stecker-elektrofahrzeug-ladegeraet-stecker-halter-aufbewahrung-carton-packaging\/","title":{"rendered":"BESENERG EV Ladeger\u00e4t Typ 2 Wandhalter Dock f\u00fcr EVSE IEC 62196-2 Stecker Elektrofahrzeug Ladeger\u00e4t Stecker Halter\u2026"},"content":{"rendered":"<p>\u2605 L\u00e4mplig f\u00f6r alla IEC 62196-2 typ 2 uppladdningsbara handtag. K\u00f6p under varum\u00e4rket BESENERGY. Produkter som k\u00f6ps fr\u00e5n andra leverant\u00f6rer \u00e4r inte ansvariga f\u00f6r kvalitetsfr\u00e5gor.<br \/>\n\u2605 H\u00e5ll ditt garage snyggt genom att placera laddaren i dockningsstationen ist\u00e4llet f\u00f6r att placera den p\u00e5 en hylla. Om du k\u00f6per Form -Plentino Store- kan vi inte garantera kvaliteten. S\u00e5 sn\u00e4lla v\u00e4lj BESENERGY f\u00f6r ditt eget b\u00e4sta<br \/>\n\u2605 I laddningsh\u00e5llaren f\u00f6r elfordon enligt IEC 62196-2 f\u00f6rvaras laddpluggarna s\u00e4kert och skyddas mot skador<br \/>\n\u2605 Vattent\u00e4t &#8211; Detta f\u00e4ste \u00e4r utformat f\u00f6r att sn\u00e4ppa fast p\u00e5 laddningsdysan f\u00f6r att f\u00f6rhindra att den faller ut eller att vatten kommer in<br \/>\n\u2605 Branschledande 1 \u00e5rs inomhusgaranti. \u00c5tta skydds\u00e5tg\u00e4rder f\u00f6r att s\u00e4kerst\u00e4lla s\u00e4kerheten. Om du har n\u00e5gra fr\u00e5gor tveka inte att kontakta oss via e-post: besenergy001@163.com.<br \/>\n<div class=\"main-cross-sell\" data-asin=\"B082DCCCZ2\">\n\n\t<div class=\"WooZone-cross-sell-loader\">\n\t\t<div>\n\t\t\t<div id=\"floatingBarsG\">\n\t\t\t\t<div class=\"blockG\" id=\"rotateG_01\"><\/div>\n\t\t\t\t<div class=\"blockG\" id=\"rotateG_02\"><\/div>\n\t\t\t\t<div class=\"blockG\" id=\"rotateG_03\"><\/div>\n\t\t\t\t<div class=\"blockG\" id=\"rotateG_04\"><\/div>\n\t\t\t\t<div class=\"blockG\" id=\"rotateG_05\"><\/div>\n\t\t\t\t<div class=\"blockG\" id=\"rotateG_06\"><\/div>\n\t\t\t\t<div class=\"blockG\" id=\"rotateG_07\"><\/div>\n\t\t\t\t<div class=\"blockG\" id=\"rotateG_08\"><\/div>\n\t\t\t<\/div>\n\t\t\t<div class=\"WooZone-cross-sell-loader-text\"><\/div>\n\t\t<\/div>\n\t<\/div>\n\n\t\t\n<\/div>\n<div style=\"clear:both;\"><\/div><\/p>\n","protected":false},"excerpt":{"rendered":"<p>\u2605 L\u00e4mplig f\u00f6r alla IEC 62196-2 typ 2 uppladdningsbara handtag. K\u00f6p under varum\u00e4rket BESENERGY. Produkter som k\u00f6ps fr\u00e5n andra leverant\u00f6rer \u00e4r inte ansvariga f\u00f6r kvalitetsfr\u00e5gor.<br \/>\n\u2605 H\u00e5ll ditt garage snyggt genom att placera laddaren i dockningsstationen ist\u00e4llet f\u00f6r att placera den p\u00e5 en hylla. Om du k\u00f6per Form -Plentino Store- kan vi inte garantera kvaliteten. S\u00e5 sn\u00e4lla v\u00e4lj BESENERGY f\u00f6r ditt eget b\u00e4sta<br \/>\n\u2605 I laddningsh\u00e5llaren f\u00f6r elfordon enligt IEC 62196-2 f\u00f6rvaras laddpluggarna s\u00e4kert och skyddas mot skador<\/p>\n","protected":false},"featured_media":49043,"comment_status":"open","ping_status":"closed","template":"","meta":[],"product_brand":[],"product_cat":[8765,21],"product_tag":[],"class_list":{"0":"post-49042","1":"product","2":"type-product","3":"status-publish","4":"has-post-thumbnail","6":"product_cat-autositze-zubehoer-baby","7":"product_cat-baby","8":"pa_brand-besenergy","9":"pa_color-black","10":"pa_height-3-8582677126-zoll","11":"pa_length-4-330708657-zoll","12":"pa_manufacturer-besenergy","13":"pa_width-3-8582677126-zoll","15":"first","16":"instock","17":"shipping-taxable","18":"purchasable","19":"product-type-simple","20":"customify-col","21":"product-has-gallery"},"yoast_head":"<!-- This site is optimized with the Yoast SEO plugin v27.3 - https:\/\/yoast.com\/product\/yoast-seo-wordpress\/ -->\n<title>BESENERG EV Ladeger\u00e4t Typ 2 Wandhalter Dock f\u00fcr EVSE IEC 62196-2 Stecker Elektrofahrzeug Ladeger\u00e4t Stecker Halter\u2026 - Markt-XXL<\/title>\n<meta name=\"description\" content=\"Markt-XXL BESENERG EV Ladeger\u00e4t Typ 2 Wandhalter Dock f\u00fcr EVSE IEC 62196-2 Stecker Elektrofahrzeug Ladeger\u00e4t Stecker Halter\u2026\" \/>\n<meta name=\"robots\" content=\"index, follow, max-snippet:-1, max-image-preview:large, max-video-preview:-1\" \/>\n<link rel=\"canonical\" href=\"https:\/\/marktxxl.de\/markt\/produkt\/besenerg-ev-ladegeraet-typ-2-wandhalter-dock-fuer-evse-iec-62196-2-stecker-elektrofahrzeug-ladegeraet-stecker-halter-aufbewahrung-carton-packaging\/\" \/>\n<meta property=\"og:locale\" content=\"de_DE\" \/>\n<meta property=\"og:type\" content=\"article\" \/>\n<meta property=\"og:title\" content=\"BESENERG EV Ladeger\u00e4t Typ 2 Wandhalter Dock f\u00fcr EVSE IEC 62196-2 Stecker Elektrofahrzeug Ladeger\u00e4t Stecker Halter\u2026 - Markt-XXL\" \/>\n<meta property=\"og:description\" content=\"Markt-XXL BESENERG EV Ladeger\u00e4t Typ 2 Wandhalter Dock f\u00fcr EVSE IEC 62196-2 Stecker Elektrofahrzeug Ladeger\u00e4t Stecker Halter\u2026\" \/>\n<meta property=\"og:url\" content=\"https:\/\/marktxxl.de\/markt\/produkt\/besenerg-ev-ladegeraet-typ-2-wandhalter-dock-fuer-evse-iec-62196-2-stecker-elektrofahrzeug-ladegeraet-stecker-halter-aufbewahrung-carton-packaging\/\" \/>\n<meta property=\"og:site_name\" content=\"Markt-XXL\" \/>\n<meta property=\"article:modified_time\" content=\"2023-04-09T23:58:42+00:00\" \/>\n<meta property=\"og:image\" content=\"https:\/\/m.media-amazon.com\/images\/I\/415y+1vBIlL._SL500_.jpg\" \/>\n\t<meta property=\"og:image:width\" content=\"500\" \/>\n\t<meta property=\"og:image:height\" content=\"500\" \/>\n\t<meta property=\"og:image:type\" content=\"image\/jpeg\" \/>\n<meta name=\"twitter:card\" content=\"summary_large_image\" \/>\n<meta name=\"twitter:label1\" content=\"Gesch\u00e4tzte Lesezeit\" \/>\n\t<meta name=\"twitter:data1\" content=\"1\u00a0Minute\" \/>\n<script type=\"application\/ld+json\" class=\"yoast-schema-graph\">{\"@context\":\"https:\\\/\\\/schema.org\",\"@graph\":[{\"@type\":\"WebPage\",\"@id\":\"https:\\\/\\\/marktxxl.de\\\/markt\\\/produkt\\\/besenerg-ev-ladegeraet-typ-2-wandhalter-dock-fuer-evse-iec-62196-2-stecker-elektrofahrzeug-ladegeraet-stecker-halter-aufbewahrung-carton-packaging\\\/\",\"url\":\"https:\\\/\\\/marktxxl.de\\\/markt\\\/produkt\\\/besenerg-ev-ladegeraet-typ-2-wandhalter-dock-fuer-evse-iec-62196-2-stecker-elektrofahrzeug-ladegeraet-stecker-halter-aufbewahrung-carton-packaging\\\/\",\"name\":\"BESENERG EV Ladeger\u00e4t Typ 2 Wandhalter Dock f\u00fcr EVSE IEC 62196-2 Stecker Elektrofahrzeug Ladeger\u00e4t Stecker Halter\u2026 - Markt-XXL\",\"isPartOf\":{\"@id\":\"https:\\\/\\\/marktxxl.de\\\/markt\\\/#website\"},\"primaryImageOfPage\":{\"@id\":\"https:\\\/\\\/marktxxl.de\\\/markt\\\/produkt\\\/besenerg-ev-ladegeraet-typ-2-wandhalter-dock-fuer-evse-iec-62196-2-stecker-elektrofahrzeug-ladegeraet-stecker-halter-aufbewahrung-carton-packaging\\\/#primaryimage\"},\"image\":{\"@id\":\"https:\\\/\\\/marktxxl.de\\\/markt\\\/produkt\\\/besenerg-ev-ladegeraet-typ-2-wandhalter-dock-fuer-evse-iec-62196-2-stecker-elektrofahrzeug-ladegeraet-stecker-halter-aufbewahrung-carton-packaging\\\/#primaryimage\"},\"thumbnailUrl\":\"https:\\\/\\\/m.media-amazon.com\\\/images\\\/I\\\/415y+1vBIlL._SL500_.jpg\",\"datePublished\":\"2021-10-12T22:09:44+00:00\",\"dateModified\":\"2023-04-09T23:58:42+00:00\",\"description\":\"Markt-XXL BESENERG EV Ladeger\u00e4t Typ 2 Wandhalter Dock f\u00fcr EVSE IEC 62196-2 Stecker Elektrofahrzeug Ladeger\u00e4t Stecker Halter\u2026\",\"breadcrumb\":{\"@id\":\"https:\\\/\\\/marktxxl.de\\\/markt\\\/produkt\\\/besenerg-ev-ladegeraet-typ-2-wandhalter-dock-fuer-evse-iec-62196-2-stecker-elektrofahrzeug-ladegeraet-stecker-halter-aufbewahrung-carton-packaging\\\/#breadcrumb\"},\"inLanguage\":\"de\",\"potentialAction\":[{\"@type\":\"ReadAction\",\"target\":[\"https:\\\/\\\/marktxxl.de\\\/markt\\\/produkt\\\/besenerg-ev-ladegeraet-typ-2-wandhalter-dock-fuer-evse-iec-62196-2-stecker-elektrofahrzeug-ladegeraet-stecker-halter-aufbewahrung-carton-packaging\\\/\"]}]},{\"@type\":\"ImageObject\",\"inLanguage\":\"de\",\"@id\":\"https:\\\/\\\/marktxxl.de\\\/markt\\\/produkt\\\/besenerg-ev-ladegeraet-typ-2-wandhalter-dock-fuer-evse-iec-62196-2-stecker-elektrofahrzeug-ladegeraet-stecker-halter-aufbewahrung-carton-packaging\\\/#primaryimage\",\"url\":\"https:\\\/\\\/m.media-amazon.com\\\/images\\\/I\\\/415y+1vBIlL._SL500_.jpg\",\"contentUrl\":\"https:\\\/\\\/m.media-amazon.com\\\/images\\\/I\\\/415y+1vBIlL._SL500_.jpg\",\"width\":500,\"height\":500},{\"@type\":\"BreadcrumbList\",\"@id\":\"https:\\\/\\\/marktxxl.de\\\/markt\\\/produkt\\\/besenerg-ev-ladegeraet-typ-2-wandhalter-dock-fuer-evse-iec-62196-2-stecker-elektrofahrzeug-ladegeraet-stecker-halter-aufbewahrung-carton-packaging\\\/#breadcrumb\",\"itemListElement\":[{\"@type\":\"ListItem\",\"position\":1,\"name\":\"Startseite\",\"item\":\"https:\\\/\\\/marktxxl.de\\\/markt\\\/\"},{\"@type\":\"ListItem\",\"position\":2,\"name\":\"Markt\",\"item\":\"https:\\\/\\\/marktxxl.de\\\/markt\\\/\"},{\"@type\":\"ListItem\",\"position\":3,\"name\":\"BESENERG EV Ladeger\u00e4t Typ 2 Wandhalter Dock f\u00fcr EVSE IEC 62196-2 Stecker Elektrofahrzeug Ladeger\u00e4t Stecker Halter\u2026\"}]},{\"@type\":\"WebSite\",\"@id\":\"https:\\\/\\\/marktxxl.de\\\/markt\\\/#website\",\"url\":\"https:\\\/\\\/marktxxl.de\\\/markt\\\/\",\"name\":\"Markt-XXL\",\"description\":\"Ihr Markt Online\",\"publisher\":{\"@id\":\"https:\\\/\\\/marktxxl.de\\\/markt\\\/#organization\"},\"potentialAction\":[{\"@type\":\"SearchAction\",\"target\":{\"@type\":\"EntryPoint\",\"urlTemplate\":\"https:\\\/\\\/marktxxl.de\\\/markt\\\/?s={search_term_string}\"},\"query-input\":{\"@type\":\"PropertyValueSpecification\",\"valueRequired\":true,\"valueName\":\"search_term_string\"}}],\"inLanguage\":\"de\"},{\"@type\":\"Organization\",\"@id\":\"https:\\\/\\\/marktxxl.de\\\/markt\\\/#organization\",\"name\":\"Markt-XXL\",\"url\":\"https:\\\/\\\/marktxxl.de\\\/markt\\\/\",\"logo\":{\"@type\":\"ImageObject\",\"inLanguage\":\"de\",\"@id\":\"https:\\\/\\\/marktxxl.de\\\/markt\\\/#\\\/schema\\\/logo\\\/image\\\/\",\"url\":\"https:\\\/\\\/marktxxl.de\\\/markt\\\/wp-content\\\/uploads\\\/sites\\\/3\\\/2020\\\/12\\\/logo.png\",\"contentUrl\":\"https:\\\/\\\/marktxxl.de\\\/markt\\\/wp-content\\\/uploads\\\/sites\\\/3\\\/2020\\\/12\\\/logo.png\",\"width\":200,\"height\":70,\"caption\":\"Markt-XXL\"},\"image\":{\"@id\":\"https:\\\/\\\/marktxxl.de\\\/markt\\\/#\\\/schema\\\/logo\\\/image\\\/\"}}]}<\/script>\n<!-- \/ Yoast SEO plugin. -->","yoast_head_json":{"title":"BESENERG EV Ladeger\u00e4t Typ 2 Wandhalter Dock f\u00fcr EVSE IEC 62196-2 Stecker Elektrofahrzeug Ladeger\u00e4t Stecker Halter\u2026 - Markt-XXL","description":"Markt-XXL BESENERG EV Ladeger\u00e4t Typ 2 Wandhalter Dock f\u00fcr EVSE IEC 62196-2 Stecker Elektrofahrzeug Ladeger\u00e4t Stecker Halter\u2026","robots":{"index":"index","follow":"follow","max-snippet":"max-snippet:-1","max-image-preview":"max-image-preview:large","max-video-preview":"max-video-preview:-1"},"canonical":"https:\/\/marktxxl.de\/markt\/produkt\/besenerg-ev-ladegeraet-typ-2-wandhalter-dock-fuer-evse-iec-62196-2-stecker-elektrofahrzeug-ladegeraet-stecker-halter-aufbewahrung-carton-packaging\/","og_locale":"de_DE","og_type":"article","og_title":"BESENERG EV Ladeger\u00e4t Typ 2 Wandhalter Dock f\u00fcr EVSE IEC 62196-2 Stecker Elektrofahrzeug Ladeger\u00e4t Stecker Halter\u2026 - Markt-XXL","og_description":"Markt-XXL BESENERG EV Ladeger\u00e4t Typ 2 Wandhalter Dock f\u00fcr EVSE IEC 62196-2 Stecker Elektrofahrzeug Ladeger\u00e4t Stecker Halter\u2026","og_url":"https:\/\/marktxxl.de\/markt\/produkt\/besenerg-ev-ladegeraet-typ-2-wandhalter-dock-fuer-evse-iec-62196-2-stecker-elektrofahrzeug-ladegeraet-stecker-halter-aufbewahrung-carton-packaging\/","og_site_name":"Markt-XXL","article_modified_time":"2023-04-09T23:58:42+00:00","og_image":[{"width":500,"height":500,"url":"https:\/\/m.media-amazon.com\/images\/I\/415y+1vBIlL._SL500_.jpg","type":"image\/jpeg"}],"twitter_card":"summary_large_image","twitter_misc":{"Gesch\u00e4tzte Lesezeit":"1\u00a0Minute"},"schema":{"@context":"https:\/\/schema.org","@graph":[{"@type":"WebPage","@id":"https:\/\/marktxxl.de\/markt\/produkt\/besenerg-ev-ladegeraet-typ-2-wandhalter-dock-fuer-evse-iec-62196-2-stecker-elektrofahrzeug-ladegeraet-stecker-halter-aufbewahrung-carton-packaging\/","url":"https:\/\/marktxxl.de\/markt\/produkt\/besenerg-ev-ladegeraet-typ-2-wandhalter-dock-fuer-evse-iec-62196-2-stecker-elektrofahrzeug-ladegeraet-stecker-halter-aufbewahrung-carton-packaging\/","name":"BESENERG EV Ladeger\u00e4t Typ 2 Wandhalter Dock f\u00fcr EVSE IEC 62196-2 Stecker Elektrofahrzeug Ladeger\u00e4t Stecker Halter\u2026 - Markt-XXL","isPartOf":{"@id":"https:\/\/marktxxl.de\/markt\/#website"},"primaryImageOfPage":{"@id":"https:\/\/marktxxl.de\/markt\/produkt\/besenerg-ev-ladegeraet-typ-2-wandhalter-dock-fuer-evse-iec-62196-2-stecker-elektrofahrzeug-ladegeraet-stecker-halter-aufbewahrung-carton-packaging\/#primaryimage"},"image":{"@id":"https:\/\/marktxxl.de\/markt\/produkt\/besenerg-ev-ladegeraet-typ-2-wandhalter-dock-fuer-evse-iec-62196-2-stecker-elektrofahrzeug-ladegeraet-stecker-halter-aufbewahrung-carton-packaging\/#primaryimage"},"thumbnailUrl":"https:\/\/m.media-amazon.com\/images\/I\/415y+1vBIlL._SL500_.jpg","datePublished":"2021-10-12T22:09:44+00:00","dateModified":"2023-04-09T23:58:42+00:00","description":"Markt-XXL BESENERG EV Ladeger\u00e4t Typ 2 Wandhalter Dock f\u00fcr EVSE IEC 62196-2 Stecker Elektrofahrzeug Ladeger\u00e4t Stecker Halter\u2026","breadcrumb":{"@id":"https:\/\/marktxxl.de\/markt\/produkt\/besenerg-ev-ladegeraet-typ-2-wandhalter-dock-fuer-evse-iec-62196-2-stecker-elektrofahrzeug-ladegeraet-stecker-halter-aufbewahrung-carton-packaging\/#breadcrumb"},"inLanguage":"de","potentialAction":[{"@type":"ReadAction","target":["https:\/\/marktxxl.de\/markt\/produkt\/besenerg-ev-ladegeraet-typ-2-wandhalter-dock-fuer-evse-iec-62196-2-stecker-elektrofahrzeug-ladegeraet-stecker-halter-aufbewahrung-carton-packaging\/"]}]},{"@type":"ImageObject","inLanguage":"de","@id":"https:\/\/marktxxl.de\/markt\/produkt\/besenerg-ev-ladegeraet-typ-2-wandhalter-dock-fuer-evse-iec-62196-2-stecker-elektrofahrzeug-ladegeraet-stecker-halter-aufbewahrung-carton-packaging\/#primaryimage","url":"https:\/\/m.media-amazon.com\/images\/I\/415y+1vBIlL._SL500_.jpg","contentUrl":"https:\/\/m.media-amazon.com\/images\/I\/415y+1vBIlL._SL500_.jpg","width":500,"height":500},{"@type":"BreadcrumbList","@id":"https:\/\/marktxxl.de\/markt\/produkt\/besenerg-ev-ladegeraet-typ-2-wandhalter-dock-fuer-evse-iec-62196-2-stecker-elektrofahrzeug-ladegeraet-stecker-halter-aufbewahrung-carton-packaging\/#breadcrumb","itemListElement":[{"@type":"ListItem","position":1,"name":"Startseite","item":"https:\/\/marktxxl.de\/markt\/"},{"@type":"ListItem","position":2,"name":"Markt","item":"https:\/\/marktxxl.de\/markt\/"},{"@type":"ListItem","position":3,"name":"BESENERG EV Ladeger\u00e4t Typ 2 Wandhalter Dock f\u00fcr EVSE IEC 62196-2 Stecker Elektrofahrzeug Ladeger\u00e4t Stecker Halter\u2026"}]},{"@type":"WebSite","@id":"https:\/\/marktxxl.de\/markt\/#website","url":"https:\/\/marktxxl.de\/markt\/","name":"Markt-XXL","description":"Ihr Markt Online","publisher":{"@id":"https:\/\/marktxxl.de\/markt\/#organization"},"potentialAction":[{"@type":"SearchAction","target":{"@type":"EntryPoint","urlTemplate":"https:\/\/marktxxl.de\/markt\/?s={search_term_string}"},"query-input":{"@type":"PropertyValueSpecification","valueRequired":true,"valueName":"search_term_string"}}],"inLanguage":"de"},{"@type":"Organization","@id":"https:\/\/marktxxl.de\/markt\/#organization","name":"Markt-XXL","url":"https:\/\/marktxxl.de\/markt\/","logo":{"@type":"ImageObject","inLanguage":"de","@id":"https:\/\/marktxxl.de\/markt\/#\/schema\/logo\/image\/","url":"https:\/\/marktxxl.de\/markt\/wp-content\/uploads\/sites\/3\/2020\/12\/logo.png","contentUrl":"https:\/\/marktxxl.de\/markt\/wp-content\/uploads\/sites\/3\/2020\/12\/logo.png","width":200,"height":70,"caption":"Markt-XXL"},"image":{"@id":"https:\/\/marktxxl.de\/markt\/#\/schema\/logo\/image\/"}}]}},"_links":{"self":[{"href":"https:\/\/marktxxl.de\/markt\/wp-json\/wp\/v2\/product\/49042","targetHints":{"allow":["GET"]}}],"collection":[{"href":"https:\/\/marktxxl.de\/markt\/wp-json\/wp\/v2\/product"}],"about":[{"href":"https:\/\/marktxxl.de\/markt\/wp-json\/wp\/v2\/types\/product"}],"replies":[{"embeddable":true,"href":"https:\/\/marktxxl.de\/markt\/wp-json\/wp\/v2\/comments?post=49042"}],"wp:featuredmedia":[{"embeddable":true,"href":"https:\/\/marktxxl.de\/markt\/wp-json\/wp\/v2\/media\/49043"}],"wp:attachment":[{"href":"https:\/\/marktxxl.de\/markt\/wp-json\/wp\/v2\/media?parent=49042"}],"wp:term":[{"taxonomy":"product_brand","embeddable":true,"href":"https:\/\/marktxxl.de\/markt\/wp-json\/wp\/v2\/product_brand?post=49042"},{"taxonomy":"product_cat","embeddable":true,"href":"https:\/\/marktxxl.de\/markt\/wp-json\/wp\/v2\/product_cat?post=49042"},{"taxonomy":"product_tag","embeddable":true,"href":"https:\/\/marktxxl.de\/markt\/wp-json\/wp\/v2\/product_tag?post=49042"}],"curies":[{"name":"wp","href":"https:\/\/api.w.org\/{rel}","templated":true}]}}