{"id":48686,"date":"2021-10-12T23:54:13","date_gmt":"2021-10-12T21:54:13","guid":{"rendered":"https:\/\/marktxxl.de\/markt\/produkt\/lego-10875-duplo-gueterzug-push-go-lok-mit-lichtern-und-geraeuschen\/"},"modified":"2023-04-11T02:09:36","modified_gmt":"2023-04-11T00:09:36","slug":"lego-10875-duplo-gueterzug-push-go-lok-mit-lichtern-und-geraeuschen","status":"publish","type":"product","link":"https:\/\/marktxxl.de\/markt\/produkt\/lego-10875-duplo-gueterzug-push-go-lok-mit-lichtern-und-geraeuschen\/","title":{"rendered":"LEGO 10875 DUPLO G\u00fcterzug, \u201ePush &amp; Go\u201c-Lok mit Lichtern und Ger\u00e4uschen, Funktionssteinen und 2 Kranen, Geschenkidee f\u00fcr\u2026"},"content":{"rendered":"<p>Enth\u00e4lt einen G\u00fcterzugf\u00fchrer, einen Kapit\u00e4n und einen Ladenbesitzer als LEGO DUPLO Figuren sowie eine Seem\u00f6we als zus\u00e4tzliche Tierfigur.<br \/>\nDas Set enth\u00e4lt eine \u201ePush &amp; Go\u201c-Lok mit Lichtern und Ger\u00e4uschen, 2 G\u00fcterwaggons mit Kippfunktion, 5 farbcodierte Funktionssteine, einen Hafenbereich mit kleinem Kran und Boot, einen gro\u00dfen Kran, ein Caf\u00e9, einen Ver- und Entladebahnhof sowie 24 Eisenbahnelemente, unter anderem Weichen, Steigungen, eine Kreuzung und Prellb\u00f6cke.<br \/>\nDas Zubeh\u00f6r umfasst unter anderem eine Zapfs\u00e4ule, eine Kaffeemaschine, eine Tasse, einen Schokoriegel, eine Milchflasche, ein Fischernetz, Brot, Bananen, ein Paket, eine Kasse, einen Schraubenschl\u00fcssel, einen Fisch und eine Speisekarte.<br \/>\nKleinkinder k\u00f6nnen den G\u00fcterzug durch sanftes Anschieben vorw\u00e4rts oder r\u00fcckw\u00e4rts fahren lassen. Um den Zug zu stoppen, muss nur eine Hand fest auf die Lok aufgelegt werden.<br \/>\nZeige deinem Kind, wie sich die 5 farbigen Funktionssteine auf den Schienen platzieren und verschieben lassen, um den Zug so zu steuern, dass er ein Signal ert\u00f6nen l\u00e4sst, die Lichter einschaltet, betankt wird, die Fahrtrichtung wechselt oder anh\u00e4lt.<br \/>\nDer kippbare Frachtcontainer kann mit dem beweglichen Kran be- und entladen werden.<br \/>\nSchieb den Zug an, um ihn zum Hafen fahren zu lassen und den Fisch vom Boot abzuholen.<br \/>\nAls G\u00fcterzugf\u00fchrer kann dein Kind am Caf\u00e9 halten und dort beim Mittagessen lustigen Rollenspielspa\u00df erleben.<br \/>\nDie kostenlose App mit Fernsteuerungsfunktion und Aktivit\u00e4ten f\u00fcr junge Kinder bietet noch zus\u00e4tzliche Spielm\u00f6glichkeiten.<br \/>\nDer Zug und die Schienen in diesem Set sind mit schon vorhandenen LEGO DUPLO Eisenbahnsammlungen kompatibel.<br \/>\n<div class=\"main-cross-sell\" data-asin=\"B09GBMLPYZ\">\n\n\t<div class=\"WooZone-cross-sell-loader\">\n\t\t<div>\n\t\t\t<div id=\"floatingBarsG\">\n\t\t\t\t<div class=\"blockG\" id=\"rotateG_01\"><\/div>\n\t\t\t\t<div class=\"blockG\" id=\"rotateG_02\"><\/div>\n\t\t\t\t<div class=\"blockG\" id=\"rotateG_03\"><\/div>\n\t\t\t\t<div class=\"blockG\" id=\"rotateG_04\"><\/div>\n\t\t\t\t<div class=\"blockG\" id=\"rotateG_05\"><\/div>\n\t\t\t\t<div class=\"blockG\" id=\"rotateG_06\"><\/div>\n\t\t\t\t<div class=\"blockG\" id=\"rotateG_07\"><\/div>\n\t\t\t\t<div class=\"blockG\" id=\"rotateG_08\"><\/div>\n\t\t\t<\/div>\n\t\t\t<div class=\"WooZone-cross-sell-loader-text\"><\/div>\n\t\t<\/div>\n\t<\/div>\n\n\t\t\n<\/div>\n<div style=\"clear:both;\"><\/div><\/p>\n","protected":false},"excerpt":{"rendered":"<p>Enth\u00e4lt einen G\u00fcterzugf\u00fchrer, einen Kapit\u00e4n und einen Ladenbesitzer als LEGO DUPLO Figuren sowie eine Seem\u00f6we als zus\u00e4tzliche Tierfigur.<br \/>\nDas Set enth\u00e4lt eine \u201ePush &amp; Go\u201c-Lok mit Lichtern und Ger\u00e4uschen, 2 G\u00fcterwaggons mit Kippfunktion, 5 farbcodierte Funktionssteine, einen Hafenbereich mit kleinem Kran und Boot, einen gro\u00dfen Kran, ein Caf\u00e9, einen Ver- und Entladebahnhof sowie 24 Eisenbahnelemente, unter anderem Weichen, Steigungen, eine Kreuzung und Prellb\u00f6cke.<br \/>\nDas Zubeh\u00f6r umfasst unter anderem eine Zapfs\u00e4ule, eine Kaffeemaschine, eine Tasse, einen Schokoriegel, eine Milchflasche, ein Fischernetz, Brot, Bananen, ein Paket, eine Kasse, einen Schraubenschl\u00fcssel, einen Fisch und eine Speisekarte.<\/p>\n","protected":false},"featured_media":48689,"comment_status":"open","ping_status":"closed","template":"","meta":[],"product_brand":[],"product_cat":[21],"product_tag":[],"class_list":{"0":"post-48686","1":"product","2":"type-product","3":"status-publish","4":"has-post-thumbnail","6":"product_cat-baby","7":"pa_binding-spielzeug","8":"pa_brand-lego","9":"pa_manufacturer-lego","10":"pa_stil-optimierte-verpackung","11":"pa_stil-standard-verpackung","13":"first","14":"instock","15":"shipping-taxable","16":"purchasable","17":"product-type-variable","18":"customify-col","19":"product-has-gallery"},"yoast_head":"<!-- This site is optimized with the Yoast SEO plugin v27.3 - https:\/\/yoast.com\/product\/yoast-seo-wordpress\/ -->\n<title>LEGO 10875 DUPLO G\u00fcterzug, \u201ePush &amp; Go\u201c-Lok mit Lichtern und Ger\u00e4uschen, Funktionssteinen und 2 Kranen, Geschenkidee f\u00fcr\u2026 - Markt-XXL<\/title>\n<meta name=\"description\" content=\"Markt-XXL LEGO 10875 DUPLO G\u00fcterzug, \u201ePush &amp; Go\u201c-Lok mit Lichtern und Ger\u00e4uschen, Funktionssteinen und 2 Kranen, Geschenkidee f\u00fcr\u2026\" \/>\n<meta name=\"robots\" content=\"index, follow, max-snippet:-1, max-image-preview:large, max-video-preview:-1\" \/>\n<link rel=\"canonical\" href=\"https:\/\/marktxxl.de\/markt\/produkt\/lego-10875-duplo-gueterzug-push-go-lok-mit-lichtern-und-geraeuschen\/\" \/>\n<meta property=\"og:locale\" content=\"de_DE\" \/>\n<meta property=\"og:type\" content=\"article\" \/>\n<meta property=\"og:title\" content=\"LEGO 10875 DUPLO G\u00fcterzug, \u201ePush &amp; Go\u201c-Lok mit Lichtern und Ger\u00e4uschen, Funktionssteinen und 2 Kranen, Geschenkidee f\u00fcr\u2026 - Markt-XXL\" \/>\n<meta property=\"og:description\" content=\"Markt-XXL LEGO 10875 DUPLO G\u00fcterzug, \u201ePush &amp; Go\u201c-Lok mit Lichtern und Ger\u00e4uschen, Funktionssteinen und 2 Kranen, Geschenkidee f\u00fcr\u2026\" \/>\n<meta property=\"og:url\" content=\"https:\/\/marktxxl.de\/markt\/produkt\/lego-10875-duplo-gueterzug-push-go-lok-mit-lichtern-und-geraeuschen\/\" \/>\n<meta property=\"og:site_name\" content=\"Markt-XXL\" \/>\n<meta property=\"article:modified_time\" content=\"2023-04-11T00:09:36+00:00\" \/>\n<meta property=\"og:image\" content=\"https:\/\/m.media-amazon.com\/images\/I\/51W4vz9va6L._SL500_.jpg\" \/>\n\t<meta property=\"og:image:width\" content=\"500\" \/>\n\t<meta property=\"og:image:height\" content=\"500\" \/>\n\t<meta property=\"og:image:type\" content=\"image\/jpeg\" \/>\n<meta name=\"twitter:card\" content=\"summary_large_image\" \/>\n<meta name=\"twitter:label1\" content=\"Gesch\u00e4tzte Lesezeit\" \/>\n\t<meta name=\"twitter:data1\" content=\"1\u00a0Minute\" \/>\n<script type=\"application\/ld+json\" class=\"yoast-schema-graph\">{\"@context\":\"https:\\\/\\\/schema.org\",\"@graph\":[{\"@type\":\"WebPage\",\"@id\":\"https:\\\/\\\/marktxxl.de\\\/markt\\\/produkt\\\/lego-10875-duplo-gueterzug-push-go-lok-mit-lichtern-und-geraeuschen\\\/\",\"url\":\"https:\\\/\\\/marktxxl.de\\\/markt\\\/produkt\\\/lego-10875-duplo-gueterzug-push-go-lok-mit-lichtern-und-geraeuschen\\\/\",\"name\":\"LEGO 10875 DUPLO G\u00fcterzug, \u201ePush &amp; Go\u201c-Lok mit Lichtern und Ger\u00e4uschen, Funktionssteinen und 2 Kranen, Geschenkidee f\u00fcr\u2026 - Markt-XXL\",\"isPartOf\":{\"@id\":\"https:\\\/\\\/marktxxl.de\\\/markt\\\/#website\"},\"primaryImageOfPage\":{\"@id\":\"https:\\\/\\\/marktxxl.de\\\/markt\\\/produkt\\\/lego-10875-duplo-gueterzug-push-go-lok-mit-lichtern-und-geraeuschen\\\/#primaryimage\"},\"image\":{\"@id\":\"https:\\\/\\\/marktxxl.de\\\/markt\\\/produkt\\\/lego-10875-duplo-gueterzug-push-go-lok-mit-lichtern-und-geraeuschen\\\/#primaryimage\"},\"thumbnailUrl\":\"https:\\\/\\\/m.media-amazon.com\\\/images\\\/I\\\/51W4vz9va6L._SL500_.jpg\",\"datePublished\":\"2021-10-12T21:54:13+00:00\",\"dateModified\":\"2023-04-11T00:09:36+00:00\",\"description\":\"Markt-XXL LEGO 10875 DUPLO G\u00fcterzug, \u201ePush &amp; Go\u201c-Lok mit Lichtern und Ger\u00e4uschen, Funktionssteinen und 2 Kranen, Geschenkidee f\u00fcr\u2026\",\"breadcrumb\":{\"@id\":\"https:\\\/\\\/marktxxl.de\\\/markt\\\/produkt\\\/lego-10875-duplo-gueterzug-push-go-lok-mit-lichtern-und-geraeuschen\\\/#breadcrumb\"},\"inLanguage\":\"de\",\"potentialAction\":[{\"@type\":\"ReadAction\",\"target\":[\"https:\\\/\\\/marktxxl.de\\\/markt\\\/produkt\\\/lego-10875-duplo-gueterzug-push-go-lok-mit-lichtern-und-geraeuschen\\\/\"]}]},{\"@type\":\"ImageObject\",\"inLanguage\":\"de\",\"@id\":\"https:\\\/\\\/marktxxl.de\\\/markt\\\/produkt\\\/lego-10875-duplo-gueterzug-push-go-lok-mit-lichtern-und-geraeuschen\\\/#primaryimage\",\"url\":\"https:\\\/\\\/m.media-amazon.com\\\/images\\\/I\\\/51W4vz9va6L._SL500_.jpg\",\"contentUrl\":\"https:\\\/\\\/m.media-amazon.com\\\/images\\\/I\\\/51W4vz9va6L._SL500_.jpg\",\"width\":500,\"height\":500},{\"@type\":\"BreadcrumbList\",\"@id\":\"https:\\\/\\\/marktxxl.de\\\/markt\\\/produkt\\\/lego-10875-duplo-gueterzug-push-go-lok-mit-lichtern-und-geraeuschen\\\/#breadcrumb\",\"itemListElement\":[{\"@type\":\"ListItem\",\"position\":1,\"name\":\"Startseite\",\"item\":\"https:\\\/\\\/marktxxl.de\\\/markt\\\/\"},{\"@type\":\"ListItem\",\"position\":2,\"name\":\"Markt\",\"item\":\"https:\\\/\\\/marktxxl.de\\\/markt\\\/\"},{\"@type\":\"ListItem\",\"position\":3,\"name\":\"LEGO 10875 DUPLO G\u00fcterzug, \u201ePush &amp; Go\u201c-Lok mit Lichtern und Ger\u00e4uschen, Funktionssteinen und 2 Kranen, Geschenkidee f\u00fcr\u2026\"}]},{\"@type\":\"WebSite\",\"@id\":\"https:\\\/\\\/marktxxl.de\\\/markt\\\/#website\",\"url\":\"https:\\\/\\\/marktxxl.de\\\/markt\\\/\",\"name\":\"Markt-XXL\",\"description\":\"Ihr Markt Online\",\"publisher\":{\"@id\":\"https:\\\/\\\/marktxxl.de\\\/markt\\\/#organization\"},\"potentialAction\":[{\"@type\":\"SearchAction\",\"target\":{\"@type\":\"EntryPoint\",\"urlTemplate\":\"https:\\\/\\\/marktxxl.de\\\/markt\\\/?s={search_term_string}\"},\"query-input\":{\"@type\":\"PropertyValueSpecification\",\"valueRequired\":true,\"valueName\":\"search_term_string\"}}],\"inLanguage\":\"de\"},{\"@type\":\"Organization\",\"@id\":\"https:\\\/\\\/marktxxl.de\\\/markt\\\/#organization\",\"name\":\"Markt-XXL\",\"url\":\"https:\\\/\\\/marktxxl.de\\\/markt\\\/\",\"logo\":{\"@type\":\"ImageObject\",\"inLanguage\":\"de\",\"@id\":\"https:\\\/\\\/marktxxl.de\\\/markt\\\/#\\\/schema\\\/logo\\\/image\\\/\",\"url\":\"https:\\\/\\\/marktxxl.de\\\/markt\\\/wp-content\\\/uploads\\\/sites\\\/3\\\/2020\\\/12\\\/logo.png\",\"contentUrl\":\"https:\\\/\\\/marktxxl.de\\\/markt\\\/wp-content\\\/uploads\\\/sites\\\/3\\\/2020\\\/12\\\/logo.png\",\"width\":200,\"height\":70,\"caption\":\"Markt-XXL\"},\"image\":{\"@id\":\"https:\\\/\\\/marktxxl.de\\\/markt\\\/#\\\/schema\\\/logo\\\/image\\\/\"}}]}<\/script>\n<!-- \/ Yoast SEO plugin. -->","yoast_head_json":{"title":"LEGO 10875 DUPLO G\u00fcterzug, \u201ePush &amp; Go\u201c-Lok mit Lichtern und Ger\u00e4uschen, Funktionssteinen und 2 Kranen, Geschenkidee f\u00fcr\u2026 - Markt-XXL","description":"Markt-XXL LEGO 10875 DUPLO G\u00fcterzug, \u201ePush &amp; Go\u201c-Lok mit Lichtern und Ger\u00e4uschen, Funktionssteinen und 2 Kranen, Geschenkidee f\u00fcr\u2026","robots":{"index":"index","follow":"follow","max-snippet":"max-snippet:-1","max-image-preview":"max-image-preview:large","max-video-preview":"max-video-preview:-1"},"canonical":"https:\/\/marktxxl.de\/markt\/produkt\/lego-10875-duplo-gueterzug-push-go-lok-mit-lichtern-und-geraeuschen\/","og_locale":"de_DE","og_type":"article","og_title":"LEGO 10875 DUPLO G\u00fcterzug, \u201ePush &amp; Go\u201c-Lok mit Lichtern und Ger\u00e4uschen, Funktionssteinen und 2 Kranen, Geschenkidee f\u00fcr\u2026 - Markt-XXL","og_description":"Markt-XXL LEGO 10875 DUPLO G\u00fcterzug, \u201ePush &amp; Go\u201c-Lok mit Lichtern und Ger\u00e4uschen, Funktionssteinen und 2 Kranen, Geschenkidee f\u00fcr\u2026","og_url":"https:\/\/marktxxl.de\/markt\/produkt\/lego-10875-duplo-gueterzug-push-go-lok-mit-lichtern-und-geraeuschen\/","og_site_name":"Markt-XXL","article_modified_time":"2023-04-11T00:09:36+00:00","og_image":[{"width":500,"height":500,"url":"https:\/\/m.media-amazon.com\/images\/I\/51W4vz9va6L._SL500_.jpg","type":"image\/jpeg"}],"twitter_card":"summary_large_image","twitter_misc":{"Gesch\u00e4tzte Lesezeit":"1\u00a0Minute"},"schema":{"@context":"https:\/\/schema.org","@graph":[{"@type":"WebPage","@id":"https:\/\/marktxxl.de\/markt\/produkt\/lego-10875-duplo-gueterzug-push-go-lok-mit-lichtern-und-geraeuschen\/","url":"https:\/\/marktxxl.de\/markt\/produkt\/lego-10875-duplo-gueterzug-push-go-lok-mit-lichtern-und-geraeuschen\/","name":"LEGO 10875 DUPLO G\u00fcterzug, \u201ePush &amp; Go\u201c-Lok mit Lichtern und Ger\u00e4uschen, Funktionssteinen und 2 Kranen, Geschenkidee f\u00fcr\u2026 - Markt-XXL","isPartOf":{"@id":"https:\/\/marktxxl.de\/markt\/#website"},"primaryImageOfPage":{"@id":"https:\/\/marktxxl.de\/markt\/produkt\/lego-10875-duplo-gueterzug-push-go-lok-mit-lichtern-und-geraeuschen\/#primaryimage"},"image":{"@id":"https:\/\/marktxxl.de\/markt\/produkt\/lego-10875-duplo-gueterzug-push-go-lok-mit-lichtern-und-geraeuschen\/#primaryimage"},"thumbnailUrl":"https:\/\/m.media-amazon.com\/images\/I\/51W4vz9va6L._SL500_.jpg","datePublished":"2021-10-12T21:54:13+00:00","dateModified":"2023-04-11T00:09:36+00:00","description":"Markt-XXL LEGO 10875 DUPLO G\u00fcterzug, \u201ePush &amp; Go\u201c-Lok mit Lichtern und Ger\u00e4uschen, Funktionssteinen und 2 Kranen, Geschenkidee f\u00fcr\u2026","breadcrumb":{"@id":"https:\/\/marktxxl.de\/markt\/produkt\/lego-10875-duplo-gueterzug-push-go-lok-mit-lichtern-und-geraeuschen\/#breadcrumb"},"inLanguage":"de","potentialAction":[{"@type":"ReadAction","target":["https:\/\/marktxxl.de\/markt\/produkt\/lego-10875-duplo-gueterzug-push-go-lok-mit-lichtern-und-geraeuschen\/"]}]},{"@type":"ImageObject","inLanguage":"de","@id":"https:\/\/marktxxl.de\/markt\/produkt\/lego-10875-duplo-gueterzug-push-go-lok-mit-lichtern-und-geraeuschen\/#primaryimage","url":"https:\/\/m.media-amazon.com\/images\/I\/51W4vz9va6L._SL500_.jpg","contentUrl":"https:\/\/m.media-amazon.com\/images\/I\/51W4vz9va6L._SL500_.jpg","width":500,"height":500},{"@type":"BreadcrumbList","@id":"https:\/\/marktxxl.de\/markt\/produkt\/lego-10875-duplo-gueterzug-push-go-lok-mit-lichtern-und-geraeuschen\/#breadcrumb","itemListElement":[{"@type":"ListItem","position":1,"name":"Startseite","item":"https:\/\/marktxxl.de\/markt\/"},{"@type":"ListItem","position":2,"name":"Markt","item":"https:\/\/marktxxl.de\/markt\/"},{"@type":"ListItem","position":3,"name":"LEGO 10875 DUPLO G\u00fcterzug, \u201ePush &amp; Go\u201c-Lok mit Lichtern und Ger\u00e4uschen, Funktionssteinen und 2 Kranen, Geschenkidee f\u00fcr\u2026"}]},{"@type":"WebSite","@id":"https:\/\/marktxxl.de\/markt\/#website","url":"https:\/\/marktxxl.de\/markt\/","name":"Markt-XXL","description":"Ihr Markt Online","publisher":{"@id":"https:\/\/marktxxl.de\/markt\/#organization"},"potentialAction":[{"@type":"SearchAction","target":{"@type":"EntryPoint","urlTemplate":"https:\/\/marktxxl.de\/markt\/?s={search_term_string}"},"query-input":{"@type":"PropertyValueSpecification","valueRequired":true,"valueName":"search_term_string"}}],"inLanguage":"de"},{"@type":"Organization","@id":"https:\/\/marktxxl.de\/markt\/#organization","name":"Markt-XXL","url":"https:\/\/marktxxl.de\/markt\/","logo":{"@type":"ImageObject","inLanguage":"de","@id":"https:\/\/marktxxl.de\/markt\/#\/schema\/logo\/image\/","url":"https:\/\/marktxxl.de\/markt\/wp-content\/uploads\/sites\/3\/2020\/12\/logo.png","contentUrl":"https:\/\/marktxxl.de\/markt\/wp-content\/uploads\/sites\/3\/2020\/12\/logo.png","width":200,"height":70,"caption":"Markt-XXL"},"image":{"@id":"https:\/\/marktxxl.de\/markt\/#\/schema\/logo\/image\/"}}]}},"_links":{"self":[{"href":"https:\/\/marktxxl.de\/markt\/wp-json\/wp\/v2\/product\/48686","targetHints":{"allow":["GET"]}}],"collection":[{"href":"https:\/\/marktxxl.de\/markt\/wp-json\/wp\/v2\/product"}],"about":[{"href":"https:\/\/marktxxl.de\/markt\/wp-json\/wp\/v2\/types\/product"}],"replies":[{"embeddable":true,"href":"https:\/\/marktxxl.de\/markt\/wp-json\/wp\/v2\/comments?post=48686"}],"wp:featuredmedia":[{"embeddable":true,"href":"https:\/\/marktxxl.de\/markt\/wp-json\/wp\/v2\/media\/48689"}],"wp:attachment":[{"href":"https:\/\/marktxxl.de\/markt\/wp-json\/wp\/v2\/media?parent=48686"}],"wp:term":[{"taxonomy":"product_brand","embeddable":true,"href":"https:\/\/marktxxl.de\/markt\/wp-json\/wp\/v2\/product_brand?post=48686"},{"taxonomy":"product_cat","embeddable":true,"href":"https:\/\/marktxxl.de\/markt\/wp-json\/wp\/v2\/product_cat?post=48686"},{"taxonomy":"product_tag","embeddable":true,"href":"https:\/\/marktxxl.de\/markt\/wp-json\/wp\/v2\/product_tag?post=48686"}],"curies":[{"name":"wp","href":"https:\/\/api.w.org\/{rel}","templated":true}]}}