{"id":48510,"date":"2021-10-12T23:49:25","date_gmt":"2021-10-12T21:49:25","guid":{"rendered":"https:\/\/marktxxl.de\/markt\/produkt\/wera-bit-sortiment\/"},"modified":"2023-04-11T02:09:34","modified_gmt":"2023-04-11T00:09:34","slug":"wera-bit-sortiment","status":"publish","type":"product","link":"https:\/\/marktxxl.de\/markt\/produkt\/wera-bit-sortiment\/","title":{"rendered":"Wera 05073220001 Tool-Check 1 SB, Kompakt Werkzeug Satz, 38-teilig &amp; Ratschenschraubendreher 816 RA, 1\/4 Zoll x 142.0 mm\u2026"},"content":{"rendered":"<p>Produkt 1: 1\/4&#8243;-Bit-Ratsche, Kraftform Handhalter, z\u00e4hharte Bits, Rapidaptor Halter, Adapter und 1\/4&#8243; N\u00fcsse<br \/>\nProdukt 1: Ideal f\u00fcr beengte Schraubsituationen<br \/>\nProdukt 1: Z\u00e4hharte Bits, f\u00fcr den universellen Einsatz<br \/>\nProdukt 1: Mit Wera Adapter 870\/1 ist auch der Einsatz von 1\/4&#8243; N\u00fcssen m\u00f6glich<br \/>\nProdukt 2: Winkelschl\u00fcssel f\u00fcr Innen-TORX BO-Schrauben zum L\u00f6sen von Sicherheitsverschraubungen<br \/>\nProdukt 2: Farbcodierte, grifffreundliche Schlauchummantelung, auch bei niedrigen Temperaturen<br \/>\nProdukt 2: BlackLaser-Verg\u00fctung bietet optimalen Oberfl\u00e4chenschutz f\u00fcr eine lange Lebensdauer<br \/>\nProdukt 2: Der Kugelkopf erm\u00f6glicht auch den abgewinkelten Einsatz<br \/>\n<div class=\"main-cross-sell\" data-asin=\"B01LXX5QF7\">\n\n\t<div class=\"WooZone-cross-sell-loader\">\n\t\t<div>\n\t\t\t<div id=\"floatingBarsG\">\n\t\t\t\t<div class=\"blockG\" id=\"rotateG_01\"><\/div>\n\t\t\t\t<div class=\"blockG\" id=\"rotateG_02\"><\/div>\n\t\t\t\t<div class=\"blockG\" id=\"rotateG_03\"><\/div>\n\t\t\t\t<div class=\"blockG\" id=\"rotateG_04\"><\/div>\n\t\t\t\t<div class=\"blockG\" id=\"rotateG_05\"><\/div>\n\t\t\t\t<div class=\"blockG\" id=\"rotateG_06\"><\/div>\n\t\t\t\t<div class=\"blockG\" id=\"rotateG_07\"><\/div>\n\t\t\t\t<div class=\"blockG\" id=\"rotateG_08\"><\/div>\n\t\t\t<\/div>\n\t\t\t<div class=\"WooZone-cross-sell-loader-text\"><\/div>\n\t\t<\/div>\n\t<\/div>\n\n\t\t\n<\/div>\n<div style=\"clear:both;\"><\/div><\/p>\n","protected":false},"excerpt":{"rendered":"<p>Produkt 1: 1\/4&#8243;-Bit-Ratsche, Kraftform Handhalter, z\u00e4hharte Bits, Rapidaptor Halter, Adapter und 1\/4&#8243; N\u00fcsse<br \/>\nProdukt 1: Ideal f\u00fcr beengte Schraubsituationen<br \/>\nProdukt 1: Z\u00e4hharte Bits, f\u00fcr den universellen Einsatz<\/p>\n","protected":false},"featured_media":48519,"comment_status":"open","ping_status":"closed","template":"","meta":[],"product_brand":[],"product_cat":[1983],"product_tag":[],"class_list":{"0":"post-48510","1":"product","2":"type-product","3":"status-publish","4":"has-post-thumbnail","6":"product_cat-baumarkt","7":"pa_binding-werkzeug","8":"pa_brand-wera","9":"pa_manufacturer-wera-werk-hermann-werner-gmbh-co-kg","10":"pa_pattern-name-bundle-mit-kraftform-kompakt-20","11":"pa_pattern-name-bundle-mit-schraubendrehersatz","12":"pa_pattern-name-bundle-mit-sl-9-winkelschluessel","13":"pa_pattern-name-bundle-mit-spkl-9-winkelschluessel","14":"pa_stil-tool-check-1-sb","15":"pa_stil-tool-check-automotive-1","16":"pa_stil-tool-check-plus","17":"pa_stil-tool-check-plus-imperial","18":"pa_stilbezeichnung-single","20":"first","21":"instock","22":"shipping-taxable","23":"purchasable","24":"product-type-variable","25":"customify-col","26":"product-has-gallery"},"yoast_head":"<!-- This site is optimized with the Yoast SEO plugin v27.3 - https:\/\/yoast.com\/product\/yoast-seo-wordpress\/ -->\n<title>Wera 05073220001 Tool-Check 1 SB, Kompakt Werkzeug Satz, 38-teilig &amp; Ratschenschraubendreher 816 RA, 1\/4 Zoll x 142.0 mm\u2026 - Markt-XXL<\/title>\n<meta name=\"description\" content=\"Markt-XXL Wera 05073220001 Tool-Check 1 SB, Kompakt Werkzeug Satz, 38-teilig &amp; Ratschenschraubendreher 816 RA, 1\/4 Zoll x 142.0 mm\u2026\" \/>\n<meta name=\"robots\" content=\"index, follow, max-snippet:-1, max-image-preview:large, max-video-preview:-1\" \/>\n<link rel=\"canonical\" href=\"https:\/\/marktxxl.de\/markt\/produkt\/wera-bit-sortiment\/\" \/>\n<meta property=\"og:locale\" content=\"de_DE\" \/>\n<meta property=\"og:type\" content=\"article\" \/>\n<meta property=\"og:title\" content=\"Wera 05073220001 Tool-Check 1 SB, Kompakt Werkzeug Satz, 38-teilig &amp; Ratschenschraubendreher 816 RA, 1\/4 Zoll x 142.0 mm\u2026 - Markt-XXL\" \/>\n<meta property=\"og:description\" content=\"Markt-XXL Wera 05073220001 Tool-Check 1 SB, Kompakt Werkzeug Satz, 38-teilig &amp; Ratschenschraubendreher 816 RA, 1\/4 Zoll x 142.0 mm\u2026\" \/>\n<meta property=\"og:url\" content=\"https:\/\/marktxxl.de\/markt\/produkt\/wera-bit-sortiment\/\" \/>\n<meta property=\"og:site_name\" content=\"Markt-XXL\" \/>\n<meta property=\"article:modified_time\" content=\"2023-04-11T00:09:34+00:00\" \/>\n<meta property=\"og:image\" content=\"https:\/\/m.media-amazon.com\/images\/I\/513C-6WX93L._SL500_.jpg\" \/>\n\t<meta property=\"og:image:width\" content=\"500\" \/>\n\t<meta property=\"og:image:height\" content=\"365\" \/>\n\t<meta property=\"og:image:type\" content=\"image\/jpeg\" \/>\n<meta name=\"twitter:card\" content=\"summary_large_image\" \/>\n<script type=\"application\/ld+json\" class=\"yoast-schema-graph\">{\"@context\":\"https:\\\/\\\/schema.org\",\"@graph\":[{\"@type\":\"WebPage\",\"@id\":\"https:\\\/\\\/marktxxl.de\\\/markt\\\/produkt\\\/wera-bit-sortiment\\\/\",\"url\":\"https:\\\/\\\/marktxxl.de\\\/markt\\\/produkt\\\/wera-bit-sortiment\\\/\",\"name\":\"Wera 05073220001 Tool-Check 1 SB, Kompakt Werkzeug Satz, 38-teilig &amp; Ratschenschraubendreher 816 RA, 1\\\/4 Zoll x 142.0 mm\u2026 - Markt-XXL\",\"isPartOf\":{\"@id\":\"https:\\\/\\\/marktxxl.de\\\/markt\\\/#website\"},\"primaryImageOfPage\":{\"@id\":\"https:\\\/\\\/marktxxl.de\\\/markt\\\/produkt\\\/wera-bit-sortiment\\\/#primaryimage\"},\"image\":{\"@id\":\"https:\\\/\\\/marktxxl.de\\\/markt\\\/produkt\\\/wera-bit-sortiment\\\/#primaryimage\"},\"thumbnailUrl\":\"https:\\\/\\\/m.media-amazon.com\\\/images\\\/I\\\/513C-6WX93L._SL500_.jpg\",\"datePublished\":\"2021-10-12T21:49:25+00:00\",\"dateModified\":\"2023-04-11T00:09:34+00:00\",\"description\":\"Markt-XXL Wera 05073220001 Tool-Check 1 SB, Kompakt Werkzeug Satz, 38-teilig &amp; Ratschenschraubendreher 816 RA, 1\\\/4 Zoll x 142.0 mm\u2026\",\"breadcrumb\":{\"@id\":\"https:\\\/\\\/marktxxl.de\\\/markt\\\/produkt\\\/wera-bit-sortiment\\\/#breadcrumb\"},\"inLanguage\":\"de\",\"potentialAction\":[{\"@type\":\"ReadAction\",\"target\":[\"https:\\\/\\\/marktxxl.de\\\/markt\\\/produkt\\\/wera-bit-sortiment\\\/\"]}]},{\"@type\":\"ImageObject\",\"inLanguage\":\"de\",\"@id\":\"https:\\\/\\\/marktxxl.de\\\/markt\\\/produkt\\\/wera-bit-sortiment\\\/#primaryimage\",\"url\":\"https:\\\/\\\/m.media-amazon.com\\\/images\\\/I\\\/513C-6WX93L._SL500_.jpg\",\"contentUrl\":\"https:\\\/\\\/m.media-amazon.com\\\/images\\\/I\\\/513C-6WX93L._SL500_.jpg\",\"width\":500,\"height\":365},{\"@type\":\"BreadcrumbList\",\"@id\":\"https:\\\/\\\/marktxxl.de\\\/markt\\\/produkt\\\/wera-bit-sortiment\\\/#breadcrumb\",\"itemListElement\":[{\"@type\":\"ListItem\",\"position\":1,\"name\":\"Startseite\",\"item\":\"https:\\\/\\\/marktxxl.de\\\/markt\\\/\"},{\"@type\":\"ListItem\",\"position\":2,\"name\":\"Markt\",\"item\":\"https:\\\/\\\/marktxxl.de\\\/markt\\\/\"},{\"@type\":\"ListItem\",\"position\":3,\"name\":\"Wera 05073220001 Tool-Check 1 SB, Kompakt Werkzeug Satz, 38-teilig &amp; Ratschenschraubendreher 816 RA, 1\\\/4 Zoll x 142.0 mm\u2026\"}]},{\"@type\":\"WebSite\",\"@id\":\"https:\\\/\\\/marktxxl.de\\\/markt\\\/#website\",\"url\":\"https:\\\/\\\/marktxxl.de\\\/markt\\\/\",\"name\":\"Markt-XXL\",\"description\":\"Ihr Markt Online\",\"publisher\":{\"@id\":\"https:\\\/\\\/marktxxl.de\\\/markt\\\/#organization\"},\"potentialAction\":[{\"@type\":\"SearchAction\",\"target\":{\"@type\":\"EntryPoint\",\"urlTemplate\":\"https:\\\/\\\/marktxxl.de\\\/markt\\\/?s={search_term_string}\"},\"query-input\":{\"@type\":\"PropertyValueSpecification\",\"valueRequired\":true,\"valueName\":\"search_term_string\"}}],\"inLanguage\":\"de\"},{\"@type\":\"Organization\",\"@id\":\"https:\\\/\\\/marktxxl.de\\\/markt\\\/#organization\",\"name\":\"Markt-XXL\",\"url\":\"https:\\\/\\\/marktxxl.de\\\/markt\\\/\",\"logo\":{\"@type\":\"ImageObject\",\"inLanguage\":\"de\",\"@id\":\"https:\\\/\\\/marktxxl.de\\\/markt\\\/#\\\/schema\\\/logo\\\/image\\\/\",\"url\":\"https:\\\/\\\/marktxxl.de\\\/markt\\\/wp-content\\\/uploads\\\/sites\\\/3\\\/2020\\\/12\\\/logo.png\",\"contentUrl\":\"https:\\\/\\\/marktxxl.de\\\/markt\\\/wp-content\\\/uploads\\\/sites\\\/3\\\/2020\\\/12\\\/logo.png\",\"width\":200,\"height\":70,\"caption\":\"Markt-XXL\"},\"image\":{\"@id\":\"https:\\\/\\\/marktxxl.de\\\/markt\\\/#\\\/schema\\\/logo\\\/image\\\/\"}}]}<\/script>\n<!-- \/ Yoast SEO plugin. -->","yoast_head_json":{"title":"Wera 05073220001 Tool-Check 1 SB, Kompakt Werkzeug Satz, 38-teilig &amp; Ratschenschraubendreher 816 RA, 1\/4 Zoll x 142.0 mm\u2026 - Markt-XXL","description":"Markt-XXL Wera 05073220001 Tool-Check 1 SB, Kompakt Werkzeug Satz, 38-teilig &amp; Ratschenschraubendreher 816 RA, 1\/4 Zoll x 142.0 mm\u2026","robots":{"index":"index","follow":"follow","max-snippet":"max-snippet:-1","max-image-preview":"max-image-preview:large","max-video-preview":"max-video-preview:-1"},"canonical":"https:\/\/marktxxl.de\/markt\/produkt\/wera-bit-sortiment\/","og_locale":"de_DE","og_type":"article","og_title":"Wera 05073220001 Tool-Check 1 SB, Kompakt Werkzeug Satz, 38-teilig &amp; Ratschenschraubendreher 816 RA, 1\/4 Zoll x 142.0 mm\u2026 - Markt-XXL","og_description":"Markt-XXL Wera 05073220001 Tool-Check 1 SB, Kompakt Werkzeug Satz, 38-teilig &amp; Ratschenschraubendreher 816 RA, 1\/4 Zoll x 142.0 mm\u2026","og_url":"https:\/\/marktxxl.de\/markt\/produkt\/wera-bit-sortiment\/","og_site_name":"Markt-XXL","article_modified_time":"2023-04-11T00:09:34+00:00","og_image":[{"width":500,"height":365,"url":"https:\/\/m.media-amazon.com\/images\/I\/513C-6WX93L._SL500_.jpg","type":"image\/jpeg"}],"twitter_card":"summary_large_image","schema":{"@context":"https:\/\/schema.org","@graph":[{"@type":"WebPage","@id":"https:\/\/marktxxl.de\/markt\/produkt\/wera-bit-sortiment\/","url":"https:\/\/marktxxl.de\/markt\/produkt\/wera-bit-sortiment\/","name":"Wera 05073220001 Tool-Check 1 SB, Kompakt Werkzeug Satz, 38-teilig &amp; Ratschenschraubendreher 816 RA, 1\/4 Zoll x 142.0 mm\u2026 - Markt-XXL","isPartOf":{"@id":"https:\/\/marktxxl.de\/markt\/#website"},"primaryImageOfPage":{"@id":"https:\/\/marktxxl.de\/markt\/produkt\/wera-bit-sortiment\/#primaryimage"},"image":{"@id":"https:\/\/marktxxl.de\/markt\/produkt\/wera-bit-sortiment\/#primaryimage"},"thumbnailUrl":"https:\/\/m.media-amazon.com\/images\/I\/513C-6WX93L._SL500_.jpg","datePublished":"2021-10-12T21:49:25+00:00","dateModified":"2023-04-11T00:09:34+00:00","description":"Markt-XXL Wera 05073220001 Tool-Check 1 SB, Kompakt Werkzeug Satz, 38-teilig &amp; Ratschenschraubendreher 816 RA, 1\/4 Zoll x 142.0 mm\u2026","breadcrumb":{"@id":"https:\/\/marktxxl.de\/markt\/produkt\/wera-bit-sortiment\/#breadcrumb"},"inLanguage":"de","potentialAction":[{"@type":"ReadAction","target":["https:\/\/marktxxl.de\/markt\/produkt\/wera-bit-sortiment\/"]}]},{"@type":"ImageObject","inLanguage":"de","@id":"https:\/\/marktxxl.de\/markt\/produkt\/wera-bit-sortiment\/#primaryimage","url":"https:\/\/m.media-amazon.com\/images\/I\/513C-6WX93L._SL500_.jpg","contentUrl":"https:\/\/m.media-amazon.com\/images\/I\/513C-6WX93L._SL500_.jpg","width":500,"height":365},{"@type":"BreadcrumbList","@id":"https:\/\/marktxxl.de\/markt\/produkt\/wera-bit-sortiment\/#breadcrumb","itemListElement":[{"@type":"ListItem","position":1,"name":"Startseite","item":"https:\/\/marktxxl.de\/markt\/"},{"@type":"ListItem","position":2,"name":"Markt","item":"https:\/\/marktxxl.de\/markt\/"},{"@type":"ListItem","position":3,"name":"Wera 05073220001 Tool-Check 1 SB, Kompakt Werkzeug Satz, 38-teilig &amp; Ratschenschraubendreher 816 RA, 1\/4 Zoll x 142.0 mm\u2026"}]},{"@type":"WebSite","@id":"https:\/\/marktxxl.de\/markt\/#website","url":"https:\/\/marktxxl.de\/markt\/","name":"Markt-XXL","description":"Ihr Markt Online","publisher":{"@id":"https:\/\/marktxxl.de\/markt\/#organization"},"potentialAction":[{"@type":"SearchAction","target":{"@type":"EntryPoint","urlTemplate":"https:\/\/marktxxl.de\/markt\/?s={search_term_string}"},"query-input":{"@type":"PropertyValueSpecification","valueRequired":true,"valueName":"search_term_string"}}],"inLanguage":"de"},{"@type":"Organization","@id":"https:\/\/marktxxl.de\/markt\/#organization","name":"Markt-XXL","url":"https:\/\/marktxxl.de\/markt\/","logo":{"@type":"ImageObject","inLanguage":"de","@id":"https:\/\/marktxxl.de\/markt\/#\/schema\/logo\/image\/","url":"https:\/\/marktxxl.de\/markt\/wp-content\/uploads\/sites\/3\/2020\/12\/logo.png","contentUrl":"https:\/\/marktxxl.de\/markt\/wp-content\/uploads\/sites\/3\/2020\/12\/logo.png","width":200,"height":70,"caption":"Markt-XXL"},"image":{"@id":"https:\/\/marktxxl.de\/markt\/#\/schema\/logo\/image\/"}}]}},"_links":{"self":[{"href":"https:\/\/marktxxl.de\/markt\/wp-json\/wp\/v2\/product\/48510","targetHints":{"allow":["GET"]}}],"collection":[{"href":"https:\/\/marktxxl.de\/markt\/wp-json\/wp\/v2\/product"}],"about":[{"href":"https:\/\/marktxxl.de\/markt\/wp-json\/wp\/v2\/types\/product"}],"replies":[{"embeddable":true,"href":"https:\/\/marktxxl.de\/markt\/wp-json\/wp\/v2\/comments?post=48510"}],"wp:featuredmedia":[{"embeddable":true,"href":"https:\/\/marktxxl.de\/markt\/wp-json\/wp\/v2\/media\/48519"}],"wp:attachment":[{"href":"https:\/\/marktxxl.de\/markt\/wp-json\/wp\/v2\/media?parent=48510"}],"wp:term":[{"taxonomy":"product_brand","embeddable":true,"href":"https:\/\/marktxxl.de\/markt\/wp-json\/wp\/v2\/product_brand?post=48510"},{"taxonomy":"product_cat","embeddable":true,"href":"https:\/\/marktxxl.de\/markt\/wp-json\/wp\/v2\/product_cat?post=48510"},{"taxonomy":"product_tag","embeddable":true,"href":"https:\/\/marktxxl.de\/markt\/wp-json\/wp\/v2\/product_tag?post=48510"}],"curies":[{"name":"wp","href":"https:\/\/api.w.org\/{rel}","templated":true}]}}