{"id":48317,"date":"2021-10-12T23:42:01","date_gmt":"2021-10-12T21:42:01","guid":{"rendered":"https:\/\/marktxxl.de\/markt\/produkt\/simplyimagine-spraystand-cloth-diaper-sprayer-splatter-shield-contains-spray-and-debris-when-rinsing-cloth-diapers-clothing-shoes-and-more-in-toilet-spray-bucket-pail\/"},"modified":"2023-04-11T02:09:31","modified_gmt":"2023-04-11T00:09:31","slug":"simplyimagine-spraystand-cloth-diaper-sprayer-splatter-shield-contains-spray-and-debris-when-rinsing-cloth-diapers-clothing-shoes-and-more-in-toilet-spray-bucket-pail","status":"publish","type":"product","link":"https:\/\/marktxxl.de\/markt\/produkt\/simplyimagine-spraystand-cloth-diaper-sprayer-splatter-shield-contains-spray-and-debris-when-rinsing-cloth-diapers-clothing-shoes-and-more-in-toilet-spray-bucket-pail\/","title":{"rendered":"SimplyImagine SprayStand &#8211; Cloth Diaper Sprayer Splatter Shield &#8211; Contains Spray and Debris When Rinsing Cloth Diapers\u2026"},"content":{"rendered":"<p>H\u00e4lt Windeln sauber: Sp\u00fclen Sie die Windeln im Spr\u00fchst\u00e4nder ab, ohne Schmutz und Windelinhalt auf Ihre H\u00e4nde zu bekommen. Enth\u00e4lt das Spray, h\u00e4lt Wasser und Abf\u00e4lle von B\u00f6den, Toiletten und W\u00e4nden fern und wird stattdessen durch abgewinkelte Bodenw\u00e4nde in die Toilette geleitet<br \/>\nPraktisch \u2013 wie keine andere Version: Kein Falten, Einrasten oder Ber\u00fchren der Innenseite des Sprayst\u00e4nders. Kein kompliziertes Man\u00f6vrieren und nichts zu halten &#8212; Verwenden Sie eine Hand zum Spr\u00fchen, andere Hand frei, um Clips oder Windel bei Bedarf einzustellen. Sparen Sie Zeit und Energie, kann gerade stehen und spr\u00fchen ohne zu jagen<br \/>\nStrapazierf\u00e4hige und langlebige Einheit: Starke Clips, um die Windel an Ort und Stelle zu sichern. Der langlebige Kunststoffeimer passt perfekt \u00fcber den Rand der Toilette, mit Gummistreifen auf der Unterseite des Eimers, um sicherzustellen, dass keine Bewegung oder Umkippen entstehen. Inklusive SprayStand Eimer, 4 Clips und Abtropfschale. Die Farbe der Clips ist entweder blau\/gr\u00fcn oder orange\/gelb.<br \/>\nVielseitig einsetzbar: Lassen Sie den Spr\u00fchst\u00e4nder auf der Toilette mit einer nassen Windel trocknen oder \u00fcbertragen Sie ihn \u00fcber die Abtropfschale zum Auffangen von tropfendem Wasser. Reinigen Sie L\u00e4tzchen, Schuhe, schmutzige Kleidung, Bettpfannen und mehr, und praktisch f\u00fcr gest\u00f6rte Bauch. Wenn Stoffwindeln Tage vorbei sind, kann SprayStand einfach zur Badezimmer-M\u00fclltonne wechseln<br \/>\n<div class=\"main-cross-sell\" data-asin=\"B07LCWLM52\">\n\n\t<div class=\"WooZone-cross-sell-loader\">\n\t\t<div>\n\t\t\t<div id=\"floatingBarsG\">\n\t\t\t\t<div class=\"blockG\" id=\"rotateG_01\"><\/div>\n\t\t\t\t<div class=\"blockG\" id=\"rotateG_02\"><\/div>\n\t\t\t\t<div class=\"blockG\" id=\"rotateG_03\"><\/div>\n\t\t\t\t<div class=\"blockG\" id=\"rotateG_04\"><\/div>\n\t\t\t\t<div class=\"blockG\" id=\"rotateG_05\"><\/div>\n\t\t\t\t<div class=\"blockG\" id=\"rotateG_06\"><\/div>\n\t\t\t\t<div class=\"blockG\" id=\"rotateG_07\"><\/div>\n\t\t\t\t<div class=\"blockG\" id=\"rotateG_08\"><\/div>\n\t\t\t<\/div>\n\t\t\t<div class=\"WooZone-cross-sell-loader-text\"><\/div>\n\t\t<\/div>\n\t<\/div>\n\n\t\t\n<\/div>\n<div style=\"clear:both;\"><\/div><\/p>\n","protected":false},"excerpt":{"rendered":"<p>H\u00e4lt Windeln sauber: Sp\u00fclen Sie die Windeln im Spr\u00fchst\u00e4nder ab, ohne Schmutz und Windelinhalt auf Ihre H\u00e4nde zu bekommen. Enth\u00e4lt das Spray, h\u00e4lt Wasser und Abf\u00e4lle von B\u00f6den, Toiletten und W\u00e4nden fern und wird stattdessen durch abgewinkelte Bodenw\u00e4nde in die Toilette geleitet<br \/>\nPraktisch \u2013 wie keine andere Version: Kein Falten, Einrasten oder Ber\u00fchren der Innenseite des Sprayst\u00e4nders. Kein kompliziertes Man\u00f6vrieren und nichts zu halten &#8212; Verwenden Sie eine Hand zum Spr\u00fchen, andere Hand frei, um Clips oder Windel bei Bedarf einzustellen. Sparen Sie Zeit und Energie, kann gerade stehen und spr\u00fchen ohne zu jagen<br \/>\nStrapazierf\u00e4hige und langlebige Einheit: Starke Clips, um die Windel an Ort und Stelle zu sichern. Der langlebige Kunststoffeimer passt perfekt \u00fcber den Rand der Toilette, mit Gummistreifen auf der Unterseite des Eimers, um sicherzustellen, dass keine Bewegung oder Umkippen entstehen. Inklusive SprayStand Eimer, 4 Clips und Abtropfschale. Die Farbe der Clips ist entweder blau\/gr\u00fcn oder orange\/gelb.<\/p>\n","protected":false},"featured_media":48318,"comment_status":"open","ping_status":"closed","template":"","meta":[],"product_brand":[],"product_cat":[21,9520],"product_tag":[],"class_list":{"0":"post-48317","1":"product","2":"type-product","3":"status-publish","4":"has-post-thumbnail","6":"product_cat-baby","7":"product_cat-wickeln-baby","8":"pa_binding-babyartikel","9":"pa_brand-simplyimagin","10":"pa_color-xx3","11":"pa_height-9-zoll","12":"pa_length-17-zoll","13":"pa_manufacturer-simplyimagine","14":"pa_model-si-dss10","15":"pa_size-xx3","16":"pa_weight-4-5-pfund","17":"pa_width-17-zoll","19":"first","20":"instock","21":"shipping-taxable","22":"purchasable","23":"product-type-simple","24":"customify-col","25":"product-has-gallery"},"yoast_head":"<!-- This site is optimized with the Yoast SEO plugin v27.4 - https:\/\/yoast.com\/product\/yoast-seo-wordpress\/ -->\n<title>SimplyImagine SprayStand - Cloth Diaper Sprayer Splatter Shield - Contains Spray and Debris When Rinsing Cloth Diapers\u2026 - Markt-XXL<\/title>\n<meta name=\"description\" content=\"Markt-XXL SimplyImagine SprayStand - Cloth Diaper Sprayer Splatter Shield - Contains Spray and Debris When Rinsing Cloth Diapers\u2026\" \/>\n<meta name=\"robots\" content=\"index, follow, max-snippet:-1, max-image-preview:large, max-video-preview:-1\" \/>\n<link rel=\"canonical\" href=\"https:\/\/marktxxl.de\/markt\/produkt\/simplyimagine-spraystand-cloth-diaper-sprayer-splatter-shield-contains-spray-and-debris-when-rinsing-cloth-diapers-clothing-shoes-and-more-in-toilet-spray-bucket-pail\/\" \/>\n<meta property=\"og:locale\" content=\"de_DE\" \/>\n<meta property=\"og:type\" content=\"article\" \/>\n<meta property=\"og:title\" content=\"SimplyImagine SprayStand - Cloth Diaper Sprayer Splatter Shield - Contains Spray and Debris When Rinsing Cloth Diapers\u2026 - Markt-XXL\" \/>\n<meta property=\"og:description\" content=\"Markt-XXL SimplyImagine SprayStand - Cloth Diaper Sprayer Splatter Shield - Contains Spray and Debris When Rinsing Cloth Diapers\u2026\" \/>\n<meta property=\"og:url\" content=\"https:\/\/marktxxl.de\/markt\/produkt\/simplyimagine-spraystand-cloth-diaper-sprayer-splatter-shield-contains-spray-and-debris-when-rinsing-cloth-diapers-clothing-shoes-and-more-in-toilet-spray-bucket-pail\/\" \/>\n<meta property=\"og:site_name\" content=\"Markt-XXL\" \/>\n<meta property=\"article:modified_time\" content=\"2023-04-11T00:09:31+00:00\" \/>\n<meta property=\"og:image\" content=\"https:\/\/m.media-amazon.com\/images\/I\/31thvx0neOL._SL500_.jpg\" \/>\n\t<meta property=\"og:image:width\" content=\"500\" \/>\n\t<meta property=\"og:image:height\" content=\"422\" \/>\n\t<meta property=\"og:image:type\" content=\"image\/jpeg\" \/>\n<meta name=\"twitter:card\" content=\"summary_large_image\" \/>\n<meta name=\"twitter:label1\" content=\"Gesch\u00e4tzte Lesezeit\" \/>\n\t<meta name=\"twitter:data1\" content=\"1\u00a0Minute\" \/>\n<script type=\"application\/ld+json\" class=\"yoast-schema-graph\">{\"@context\":\"https:\\\/\\\/schema.org\",\"@graph\":[{\"@type\":\"WebPage\",\"@id\":\"https:\\\/\\\/marktxxl.de\\\/markt\\\/produkt\\\/simplyimagine-spraystand-cloth-diaper-sprayer-splatter-shield-contains-spray-and-debris-when-rinsing-cloth-diapers-clothing-shoes-and-more-in-toilet-spray-bucket-pail\\\/\",\"url\":\"https:\\\/\\\/marktxxl.de\\\/markt\\\/produkt\\\/simplyimagine-spraystand-cloth-diaper-sprayer-splatter-shield-contains-spray-and-debris-when-rinsing-cloth-diapers-clothing-shoes-and-more-in-toilet-spray-bucket-pail\\\/\",\"name\":\"SimplyImagine SprayStand - Cloth Diaper Sprayer Splatter Shield - Contains Spray and Debris When Rinsing Cloth Diapers\u2026 - Markt-XXL\",\"isPartOf\":{\"@id\":\"https:\\\/\\\/marktxxl.de\\\/markt\\\/#website\"},\"primaryImageOfPage\":{\"@id\":\"https:\\\/\\\/marktxxl.de\\\/markt\\\/produkt\\\/simplyimagine-spraystand-cloth-diaper-sprayer-splatter-shield-contains-spray-and-debris-when-rinsing-cloth-diapers-clothing-shoes-and-more-in-toilet-spray-bucket-pail\\\/#primaryimage\"},\"image\":{\"@id\":\"https:\\\/\\\/marktxxl.de\\\/markt\\\/produkt\\\/simplyimagine-spraystand-cloth-diaper-sprayer-splatter-shield-contains-spray-and-debris-when-rinsing-cloth-diapers-clothing-shoes-and-more-in-toilet-spray-bucket-pail\\\/#primaryimage\"},\"thumbnailUrl\":\"https:\\\/\\\/m.media-amazon.com\\\/images\\\/I\\\/31thvx0neOL._SL500_.jpg\",\"datePublished\":\"2021-10-12T21:42:01+00:00\",\"dateModified\":\"2023-04-11T00:09:31+00:00\",\"description\":\"Markt-XXL SimplyImagine SprayStand - Cloth Diaper Sprayer Splatter Shield - Contains Spray and Debris When Rinsing Cloth Diapers\u2026\",\"breadcrumb\":{\"@id\":\"https:\\\/\\\/marktxxl.de\\\/markt\\\/produkt\\\/simplyimagine-spraystand-cloth-diaper-sprayer-splatter-shield-contains-spray-and-debris-when-rinsing-cloth-diapers-clothing-shoes-and-more-in-toilet-spray-bucket-pail\\\/#breadcrumb\"},\"inLanguage\":\"de\",\"potentialAction\":[{\"@type\":\"ReadAction\",\"target\":[\"https:\\\/\\\/marktxxl.de\\\/markt\\\/produkt\\\/simplyimagine-spraystand-cloth-diaper-sprayer-splatter-shield-contains-spray-and-debris-when-rinsing-cloth-diapers-clothing-shoes-and-more-in-toilet-spray-bucket-pail\\\/\"]}]},{\"@type\":\"ImageObject\",\"inLanguage\":\"de\",\"@id\":\"https:\\\/\\\/marktxxl.de\\\/markt\\\/produkt\\\/simplyimagine-spraystand-cloth-diaper-sprayer-splatter-shield-contains-spray-and-debris-when-rinsing-cloth-diapers-clothing-shoes-and-more-in-toilet-spray-bucket-pail\\\/#primaryimage\",\"url\":\"https:\\\/\\\/m.media-amazon.com\\\/images\\\/I\\\/31thvx0neOL._SL500_.jpg\",\"contentUrl\":\"https:\\\/\\\/m.media-amazon.com\\\/images\\\/I\\\/31thvx0neOL._SL500_.jpg\",\"width\":500,\"height\":422},{\"@type\":\"BreadcrumbList\",\"@id\":\"https:\\\/\\\/marktxxl.de\\\/markt\\\/produkt\\\/simplyimagine-spraystand-cloth-diaper-sprayer-splatter-shield-contains-spray-and-debris-when-rinsing-cloth-diapers-clothing-shoes-and-more-in-toilet-spray-bucket-pail\\\/#breadcrumb\",\"itemListElement\":[{\"@type\":\"ListItem\",\"position\":1,\"name\":\"Startseite\",\"item\":\"https:\\\/\\\/marktxxl.de\\\/markt\\\/\"},{\"@type\":\"ListItem\",\"position\":2,\"name\":\"Markt\",\"item\":\"https:\\\/\\\/marktxxl.de\\\/markt\\\/\"},{\"@type\":\"ListItem\",\"position\":3,\"name\":\"SimplyImagine SprayStand &#8211; Cloth Diaper Sprayer Splatter Shield &#8211; Contains Spray and Debris When Rinsing Cloth Diapers\u2026\"}]},{\"@type\":\"WebSite\",\"@id\":\"https:\\\/\\\/marktxxl.de\\\/markt\\\/#website\",\"url\":\"https:\\\/\\\/marktxxl.de\\\/markt\\\/\",\"name\":\"Markt-XXL\",\"description\":\"Ihr Markt Online\",\"publisher\":{\"@id\":\"https:\\\/\\\/marktxxl.de\\\/markt\\\/#organization\"},\"potentialAction\":[{\"@type\":\"SearchAction\",\"target\":{\"@type\":\"EntryPoint\",\"urlTemplate\":\"https:\\\/\\\/marktxxl.de\\\/markt\\\/?s={search_term_string}\"},\"query-input\":{\"@type\":\"PropertyValueSpecification\",\"valueRequired\":true,\"valueName\":\"search_term_string\"}}],\"inLanguage\":\"de\"},{\"@type\":\"Organization\",\"@id\":\"https:\\\/\\\/marktxxl.de\\\/markt\\\/#organization\",\"name\":\"Markt-XXL\",\"url\":\"https:\\\/\\\/marktxxl.de\\\/markt\\\/\",\"logo\":{\"@type\":\"ImageObject\",\"inLanguage\":\"de\",\"@id\":\"https:\\\/\\\/marktxxl.de\\\/markt\\\/#\\\/schema\\\/logo\\\/image\\\/\",\"url\":\"https:\\\/\\\/marktxxl.de\\\/markt\\\/wp-content\\\/uploads\\\/sites\\\/3\\\/2020\\\/12\\\/logo.png\",\"contentUrl\":\"https:\\\/\\\/marktxxl.de\\\/markt\\\/wp-content\\\/uploads\\\/sites\\\/3\\\/2020\\\/12\\\/logo.png\",\"width\":200,\"height\":70,\"caption\":\"Markt-XXL\"},\"image\":{\"@id\":\"https:\\\/\\\/marktxxl.de\\\/markt\\\/#\\\/schema\\\/logo\\\/image\\\/\"}}]}<\/script>\n<!-- \/ Yoast SEO plugin. -->","yoast_head_json":{"title":"SimplyImagine SprayStand - Cloth Diaper Sprayer Splatter Shield - Contains Spray and Debris When Rinsing Cloth Diapers\u2026 - Markt-XXL","description":"Markt-XXL SimplyImagine SprayStand - Cloth Diaper Sprayer Splatter Shield - Contains Spray and Debris When Rinsing Cloth Diapers\u2026","robots":{"index":"index","follow":"follow","max-snippet":"max-snippet:-1","max-image-preview":"max-image-preview:large","max-video-preview":"max-video-preview:-1"},"canonical":"https:\/\/marktxxl.de\/markt\/produkt\/simplyimagine-spraystand-cloth-diaper-sprayer-splatter-shield-contains-spray-and-debris-when-rinsing-cloth-diapers-clothing-shoes-and-more-in-toilet-spray-bucket-pail\/","og_locale":"de_DE","og_type":"article","og_title":"SimplyImagine SprayStand - Cloth Diaper Sprayer Splatter Shield - Contains Spray and Debris When Rinsing Cloth Diapers\u2026 - Markt-XXL","og_description":"Markt-XXL SimplyImagine SprayStand - Cloth Diaper Sprayer Splatter Shield - Contains Spray and Debris When Rinsing Cloth Diapers\u2026","og_url":"https:\/\/marktxxl.de\/markt\/produkt\/simplyimagine-spraystand-cloth-diaper-sprayer-splatter-shield-contains-spray-and-debris-when-rinsing-cloth-diapers-clothing-shoes-and-more-in-toilet-spray-bucket-pail\/","og_site_name":"Markt-XXL","article_modified_time":"2023-04-11T00:09:31+00:00","og_image":[{"width":500,"height":422,"url":"https:\/\/m.media-amazon.com\/images\/I\/31thvx0neOL._SL500_.jpg","type":"image\/jpeg"}],"twitter_card":"summary_large_image","twitter_misc":{"Gesch\u00e4tzte Lesezeit":"1\u00a0Minute"},"schema":{"@context":"https:\/\/schema.org","@graph":[{"@type":"WebPage","@id":"https:\/\/marktxxl.de\/markt\/produkt\/simplyimagine-spraystand-cloth-diaper-sprayer-splatter-shield-contains-spray-and-debris-when-rinsing-cloth-diapers-clothing-shoes-and-more-in-toilet-spray-bucket-pail\/","url":"https:\/\/marktxxl.de\/markt\/produkt\/simplyimagine-spraystand-cloth-diaper-sprayer-splatter-shield-contains-spray-and-debris-when-rinsing-cloth-diapers-clothing-shoes-and-more-in-toilet-spray-bucket-pail\/","name":"SimplyImagine SprayStand - Cloth Diaper Sprayer Splatter Shield - Contains Spray and Debris When Rinsing Cloth Diapers\u2026 - Markt-XXL","isPartOf":{"@id":"https:\/\/marktxxl.de\/markt\/#website"},"primaryImageOfPage":{"@id":"https:\/\/marktxxl.de\/markt\/produkt\/simplyimagine-spraystand-cloth-diaper-sprayer-splatter-shield-contains-spray-and-debris-when-rinsing-cloth-diapers-clothing-shoes-and-more-in-toilet-spray-bucket-pail\/#primaryimage"},"image":{"@id":"https:\/\/marktxxl.de\/markt\/produkt\/simplyimagine-spraystand-cloth-diaper-sprayer-splatter-shield-contains-spray-and-debris-when-rinsing-cloth-diapers-clothing-shoes-and-more-in-toilet-spray-bucket-pail\/#primaryimage"},"thumbnailUrl":"https:\/\/m.media-amazon.com\/images\/I\/31thvx0neOL._SL500_.jpg","datePublished":"2021-10-12T21:42:01+00:00","dateModified":"2023-04-11T00:09:31+00:00","description":"Markt-XXL SimplyImagine SprayStand - Cloth Diaper Sprayer Splatter Shield - Contains Spray and Debris When Rinsing Cloth Diapers\u2026","breadcrumb":{"@id":"https:\/\/marktxxl.de\/markt\/produkt\/simplyimagine-spraystand-cloth-diaper-sprayer-splatter-shield-contains-spray-and-debris-when-rinsing-cloth-diapers-clothing-shoes-and-more-in-toilet-spray-bucket-pail\/#breadcrumb"},"inLanguage":"de","potentialAction":[{"@type":"ReadAction","target":["https:\/\/marktxxl.de\/markt\/produkt\/simplyimagine-spraystand-cloth-diaper-sprayer-splatter-shield-contains-spray-and-debris-when-rinsing-cloth-diapers-clothing-shoes-and-more-in-toilet-spray-bucket-pail\/"]}]},{"@type":"ImageObject","inLanguage":"de","@id":"https:\/\/marktxxl.de\/markt\/produkt\/simplyimagine-spraystand-cloth-diaper-sprayer-splatter-shield-contains-spray-and-debris-when-rinsing-cloth-diapers-clothing-shoes-and-more-in-toilet-spray-bucket-pail\/#primaryimage","url":"https:\/\/m.media-amazon.com\/images\/I\/31thvx0neOL._SL500_.jpg","contentUrl":"https:\/\/m.media-amazon.com\/images\/I\/31thvx0neOL._SL500_.jpg","width":500,"height":422},{"@type":"BreadcrumbList","@id":"https:\/\/marktxxl.de\/markt\/produkt\/simplyimagine-spraystand-cloth-diaper-sprayer-splatter-shield-contains-spray-and-debris-when-rinsing-cloth-diapers-clothing-shoes-and-more-in-toilet-spray-bucket-pail\/#breadcrumb","itemListElement":[{"@type":"ListItem","position":1,"name":"Startseite","item":"https:\/\/marktxxl.de\/markt\/"},{"@type":"ListItem","position":2,"name":"Markt","item":"https:\/\/marktxxl.de\/markt\/"},{"@type":"ListItem","position":3,"name":"SimplyImagine SprayStand &#8211; Cloth Diaper Sprayer Splatter Shield &#8211; Contains Spray and Debris When Rinsing Cloth Diapers\u2026"}]},{"@type":"WebSite","@id":"https:\/\/marktxxl.de\/markt\/#website","url":"https:\/\/marktxxl.de\/markt\/","name":"Markt-XXL","description":"Ihr Markt Online","publisher":{"@id":"https:\/\/marktxxl.de\/markt\/#organization"},"potentialAction":[{"@type":"SearchAction","target":{"@type":"EntryPoint","urlTemplate":"https:\/\/marktxxl.de\/markt\/?s={search_term_string}"},"query-input":{"@type":"PropertyValueSpecification","valueRequired":true,"valueName":"search_term_string"}}],"inLanguage":"de"},{"@type":"Organization","@id":"https:\/\/marktxxl.de\/markt\/#organization","name":"Markt-XXL","url":"https:\/\/marktxxl.de\/markt\/","logo":{"@type":"ImageObject","inLanguage":"de","@id":"https:\/\/marktxxl.de\/markt\/#\/schema\/logo\/image\/","url":"https:\/\/marktxxl.de\/markt\/wp-content\/uploads\/sites\/3\/2020\/12\/logo.png","contentUrl":"https:\/\/marktxxl.de\/markt\/wp-content\/uploads\/sites\/3\/2020\/12\/logo.png","width":200,"height":70,"caption":"Markt-XXL"},"image":{"@id":"https:\/\/marktxxl.de\/markt\/#\/schema\/logo\/image\/"}}]}},"_links":{"self":[{"href":"https:\/\/marktxxl.de\/markt\/wp-json\/wp\/v2\/product\/48317","targetHints":{"allow":["GET"]}}],"collection":[{"href":"https:\/\/marktxxl.de\/markt\/wp-json\/wp\/v2\/product"}],"about":[{"href":"https:\/\/marktxxl.de\/markt\/wp-json\/wp\/v2\/types\/product"}],"replies":[{"embeddable":true,"href":"https:\/\/marktxxl.de\/markt\/wp-json\/wp\/v2\/comments?post=48317"}],"wp:featuredmedia":[{"embeddable":true,"href":"https:\/\/marktxxl.de\/markt\/wp-json\/wp\/v2\/media\/48318"}],"wp:attachment":[{"href":"https:\/\/marktxxl.de\/markt\/wp-json\/wp\/v2\/media?parent=48317"}],"wp:term":[{"taxonomy":"product_brand","embeddable":true,"href":"https:\/\/marktxxl.de\/markt\/wp-json\/wp\/v2\/product_brand?post=48317"},{"taxonomy":"product_cat","embeddable":true,"href":"https:\/\/marktxxl.de\/markt\/wp-json\/wp\/v2\/product_cat?post=48317"},{"taxonomy":"product_tag","embeddable":true,"href":"https:\/\/marktxxl.de\/markt\/wp-json\/wp\/v2\/product_tag?post=48317"}],"curies":[{"name":"wp","href":"https:\/\/api.w.org\/{rel}","templated":true}]}}