{"id":48114,"date":"2021-10-12T23:34:25","date_gmt":"2021-10-12T21:34:25","guid":{"rendered":"https:\/\/marktxxl.de\/markt\/produkt\/sunup-wickeltasche-rucksack-mit-2-kinderwagengurten-babytasche-fuer-mama-und-papa-reise-wickeltasche-einhaendig-oeffnender-reissverschluss-grau-schwarz\/"},"modified":"2023-04-11T02:08:51","modified_gmt":"2023-04-11T00:08:51","slug":"sunup-wickeltasche-rucksack-mit-2-kinderwagengurten-babytasche-fuer-mama-und-papa-reise-wickeltasche-einhaendig-oeffnender-reissverschluss-grau-schwarz","status":"publish","type":"product","link":"https:\/\/marktxxl.de\/markt\/produkt\/sunup-wickeltasche-rucksack-mit-2-kinderwagengurten-babytasche-fuer-mama-und-papa-reise-wickeltasche-einhaendig-oeffnender-reissverschluss-grau-schwarz\/","title":{"rendered":"Sunup Wickeltasche Rucksack mit 2 Kinderwagengurten, Babytasche f\u00fcr Mama und Papa, Reise-Wickeltasche, einh\u00e4ndig\u2026"},"content":{"rendered":"<p>1.Einhand-Rei\u00dfverschluss zum \u00d6ffnen und Schlie\u00dfen &#8211; Unser Wickelrucksack verf\u00fcgt \u00fcber leicht laufende, leichte Lederrei\u00dfverschl\u00fcsse. Sie k\u00f6nnen ihn einfach mit einer Hand \u00f6ffnen und Gegenst\u00e4nde mit einer Hand schnell herausnehmen, wenn Sie ein Baby halten. Seien Sie niemals verr\u00fcckt danach, Ihren Wickelrucksack im Notfall mit zwei H\u00e4nden \u00f6ffnen zu m\u00fcssen.<br \/>\n2. Kann eine Tonne Sachen aufbewahren &#8211; Die Babytasche bietet viel Platz, um Ihre wichtigsten Gegenst\u00e4nde gut zu organisieren. Sie erhalten verschiedene Funktionsf\u00e4cher, um getrennte nasse und trockene Gegenst\u00e4nde wie Milchpulver, Windeln, Kleidung, Handt\u00fccher usw. aufzubewahren. Mit Ausnahme der vorderen 2 isolierten Taschen haben wir auch 2 vergr\u00f6\u00dferte isolierte Taschen im Hauptfach entworfen, die f\u00fcr verschiedene Modelle geeignet sind von Flaschen. Gro\u00df genug und f\u00fchlt sich nicht sperrig an.<br \/>\n3. Vielseitig und bequem &#8211; Die leichte Wickeltasche bietet bei jeder Gelegenheit eine hervorragende Leistung, z. B. beim Reisen, Einkaufen, Camping usw. Verstellbare Schnallen und ein atmungsaktives Design des Schulterluftstroms bieten maximale R\u00fcckenst\u00fctze. Der Brustgurt h\u00e4lt den Windelrucksack stabiler und h\u00e4lt ihn stabil Langzeitkomfort.<br \/>\n4. Das Design ist praktisch &#8211; Durch die breite \u00d6ffnung ist diese Wickeltasche im Handumdrehen leicht zu finden. Der Rei\u00dfverschluss mit vollst\u00e4ndig ge\u00f6ffnetem R\u00fccken bietet einfachen Zugang zum unteren Teil des Hauptteils. Unser Wickelrucksack wird auch mit 2 D-Ringen geliefert. Er kann einfach am Kinderwagen befestigt werden und gibt Ihnen die H\u00e4nde frei, um sich um Ihr Baby zu k\u00fcmmern. Alle Details sind so gestaltet, dass sie der Pflegekraft maximalen Komfort bieten.<br \/>\n5. Zufriedenheits-Kundendienst &#8211; Die wasserdichte Windeltasche Sunup aus hochwertigem, leichtem, strapazierf\u00e4higem Stoff und Futter verformt sich nicht und rei\u00dft nicht. Gute Qualit\u00e4tssicherung und l\u00e4ngere Lebensdauer. Wir stehen hinter der Langlebigkeit unserer Wickeltasche und bieten jedem Kunden einen 100% igen Kundendienst!<br \/>\n<div class=\"main-cross-sell\" data-asin=\"B08BCM35GV\">\n\n\t<div class=\"WooZone-cross-sell-loader\">\n\t\t<div>\n\t\t\t<div id=\"floatingBarsG\">\n\t\t\t\t<div class=\"blockG\" id=\"rotateG_01\"><\/div>\n\t\t\t\t<div class=\"blockG\" id=\"rotateG_02\"><\/div>\n\t\t\t\t<div class=\"blockG\" id=\"rotateG_03\"><\/div>\n\t\t\t\t<div class=\"blockG\" id=\"rotateG_04\"><\/div>\n\t\t\t\t<div class=\"blockG\" id=\"rotateG_05\"><\/div>\n\t\t\t\t<div class=\"blockG\" id=\"rotateG_06\"><\/div>\n\t\t\t\t<div class=\"blockG\" id=\"rotateG_07\"><\/div>\n\t\t\t\t<div class=\"blockG\" id=\"rotateG_08\"><\/div>\n\t\t\t<\/div>\n\t\t\t<div class=\"WooZone-cross-sell-loader-text\"><\/div>\n\t\t<\/div>\n\t<\/div>\n\n\t\t\n<\/div>\n<div style=\"clear:both;\"><\/div><\/p>\n","protected":false},"excerpt":{"rendered":"<p>1.Einhand-Rei\u00dfverschluss zum \u00d6ffnen und Schlie\u00dfen &#8211; Unser Wickelrucksack verf\u00fcgt \u00fcber leicht laufende, leichte Lederrei\u00dfverschl\u00fcsse. Sie k\u00f6nnen ihn einfach mit einer Hand \u00f6ffnen und Gegenst\u00e4nde mit einer Hand schnell herausnehmen, wenn Sie ein Baby halten. Seien Sie niemals verr\u00fcckt danach, Ihren Wickelrucksack im Notfall mit zwei H\u00e4nden \u00f6ffnen zu m\u00fcssen.<br \/>\n2. Kann eine Tonne Sachen aufbewahren &#8211; Die Babytasche bietet viel Platz, um Ihre wichtigsten Gegenst\u00e4nde gut zu organisieren. Sie erhalten verschiedene Funktionsf\u00e4cher, um getrennte nasse und trockene Gegenst\u00e4nde wie Milchpulver, Windeln, Kleidung, Handt\u00fccher usw. aufzubewahren. Mit Ausnahme der vorderen 2 isolierten Taschen haben wir auch 2 vergr\u00f6\u00dferte isolierte Taschen im Hauptfach entworfen, die f\u00fcr verschiedene Modelle geeignet sind von Flaschen. Gro\u00df genug und f\u00fchlt sich nicht sperrig an.<br \/>\n3. Vielseitig und bequem &#8211; Die leichte Wickeltasche bietet bei jeder Gelegenheit eine hervorragende Leistung, z. B. beim Reisen, Einkaufen, Camping usw. Verstellbare Schnallen und ein atmungsaktives Design des Schulterluftstroms bieten maximale R\u00fcckenst\u00fctze. Der Brustgurt h\u00e4lt den Windelrucksack stabiler und h\u00e4lt ihn stabil Langzeitkomfort.<\/p>\n","protected":false},"featured_media":48115,"comment_status":"open","ping_status":"closed","template":"","meta":[],"product_brand":[],"product_cat":[21,9520],"product_tag":[],"class_list":{"0":"post-48114","1":"product","2":"type-product","3":"status-publish","4":"has-post-thumbnail","6":"product_cat-baby","7":"product_cat-wickeln-baby","8":"pa_binding-babyartikel","9":"pa_brand-sunup","10":"pa_color-grau-schwarz","11":"pa_manufacturer-sunup","12":"pa_size-3-stueck-1er-pack","14":"first","15":"instock","16":"shipping-taxable","17":"purchasable","18":"product-type-simple","19":"customify-col","20":"product-has-gallery"},"yoast_head":"<!-- This site is optimized with the Yoast SEO plugin v27.3 - https:\/\/yoast.com\/product\/yoast-seo-wordpress\/ -->\n<title>Sunup Wickeltasche Rucksack mit 2 Kinderwagengurten, Babytasche f\u00fcr Mama und Papa, Reise-Wickeltasche, einh\u00e4ndig\u2026 - Markt-XXL<\/title>\n<meta name=\"description\" content=\"Markt-XXL Sunup Wickeltasche Rucksack mit 2 Kinderwagengurten, Babytasche f\u00fcr Mama und Papa, Reise-Wickeltasche, einh\u00e4ndig\u2026\" \/>\n<meta name=\"robots\" content=\"index, follow, max-snippet:-1, max-image-preview:large, max-video-preview:-1\" \/>\n<link rel=\"canonical\" href=\"https:\/\/marktxxl.de\/markt\/produkt\/sunup-wickeltasche-rucksack-mit-2-kinderwagengurten-babytasche-fuer-mama-und-papa-reise-wickeltasche-einhaendig-oeffnender-reissverschluss-grau-schwarz\/\" \/>\n<meta property=\"og:locale\" content=\"de_DE\" \/>\n<meta property=\"og:type\" content=\"article\" \/>\n<meta property=\"og:title\" content=\"Sunup Wickeltasche Rucksack mit 2 Kinderwagengurten, Babytasche f\u00fcr Mama und Papa, Reise-Wickeltasche, einh\u00e4ndig\u2026 - Markt-XXL\" \/>\n<meta property=\"og:description\" content=\"Markt-XXL Sunup Wickeltasche Rucksack mit 2 Kinderwagengurten, Babytasche f\u00fcr Mama und Papa, Reise-Wickeltasche, einh\u00e4ndig\u2026\" \/>\n<meta property=\"og:url\" content=\"https:\/\/marktxxl.de\/markt\/produkt\/sunup-wickeltasche-rucksack-mit-2-kinderwagengurten-babytasche-fuer-mama-und-papa-reise-wickeltasche-einhaendig-oeffnender-reissverschluss-grau-schwarz\/\" \/>\n<meta property=\"og:site_name\" content=\"Markt-XXL\" \/>\n<meta property=\"article:modified_time\" content=\"2023-04-11T00:08:51+00:00\" \/>\n<meta property=\"og:image\" content=\"https:\/\/m.media-amazon.com\/images\/I\/414xLYfCa1L._SL500_.jpg\" \/>\n\t<meta property=\"og:image:width\" content=\"500\" \/>\n\t<meta property=\"og:image:height\" content=\"500\" \/>\n\t<meta property=\"og:image:type\" content=\"image\/jpeg\" \/>\n<meta name=\"twitter:card\" content=\"summary_large_image\" \/>\n<meta name=\"twitter:label1\" content=\"Gesch\u00e4tzte Lesezeit\" \/>\n\t<meta name=\"twitter:data1\" content=\"2\u00a0Minuten\" \/>\n<script type=\"application\/ld+json\" class=\"yoast-schema-graph\">{\"@context\":\"https:\\\/\\\/schema.org\",\"@graph\":[{\"@type\":\"WebPage\",\"@id\":\"https:\\\/\\\/marktxxl.de\\\/markt\\\/produkt\\\/sunup-wickeltasche-rucksack-mit-2-kinderwagengurten-babytasche-fuer-mama-und-papa-reise-wickeltasche-einhaendig-oeffnender-reissverschluss-grau-schwarz\\\/\",\"url\":\"https:\\\/\\\/marktxxl.de\\\/markt\\\/produkt\\\/sunup-wickeltasche-rucksack-mit-2-kinderwagengurten-babytasche-fuer-mama-und-papa-reise-wickeltasche-einhaendig-oeffnender-reissverschluss-grau-schwarz\\\/\",\"name\":\"Sunup Wickeltasche Rucksack mit 2 Kinderwagengurten, Babytasche f\u00fcr Mama und Papa, Reise-Wickeltasche, einh\u00e4ndig\u2026 - Markt-XXL\",\"isPartOf\":{\"@id\":\"https:\\\/\\\/marktxxl.de\\\/markt\\\/#website\"},\"primaryImageOfPage\":{\"@id\":\"https:\\\/\\\/marktxxl.de\\\/markt\\\/produkt\\\/sunup-wickeltasche-rucksack-mit-2-kinderwagengurten-babytasche-fuer-mama-und-papa-reise-wickeltasche-einhaendig-oeffnender-reissverschluss-grau-schwarz\\\/#primaryimage\"},\"image\":{\"@id\":\"https:\\\/\\\/marktxxl.de\\\/markt\\\/produkt\\\/sunup-wickeltasche-rucksack-mit-2-kinderwagengurten-babytasche-fuer-mama-und-papa-reise-wickeltasche-einhaendig-oeffnender-reissverschluss-grau-schwarz\\\/#primaryimage\"},\"thumbnailUrl\":\"https:\\\/\\\/m.media-amazon.com\\\/images\\\/I\\\/414xLYfCa1L._SL500_.jpg\",\"datePublished\":\"2021-10-12T21:34:25+00:00\",\"dateModified\":\"2023-04-11T00:08:51+00:00\",\"description\":\"Markt-XXL Sunup Wickeltasche Rucksack mit 2 Kinderwagengurten, Babytasche f\u00fcr Mama und Papa, Reise-Wickeltasche, einh\u00e4ndig\u2026\",\"breadcrumb\":{\"@id\":\"https:\\\/\\\/marktxxl.de\\\/markt\\\/produkt\\\/sunup-wickeltasche-rucksack-mit-2-kinderwagengurten-babytasche-fuer-mama-und-papa-reise-wickeltasche-einhaendig-oeffnender-reissverschluss-grau-schwarz\\\/#breadcrumb\"},\"inLanguage\":\"de\",\"potentialAction\":[{\"@type\":\"ReadAction\",\"target\":[\"https:\\\/\\\/marktxxl.de\\\/markt\\\/produkt\\\/sunup-wickeltasche-rucksack-mit-2-kinderwagengurten-babytasche-fuer-mama-und-papa-reise-wickeltasche-einhaendig-oeffnender-reissverschluss-grau-schwarz\\\/\"]}]},{\"@type\":\"ImageObject\",\"inLanguage\":\"de\",\"@id\":\"https:\\\/\\\/marktxxl.de\\\/markt\\\/produkt\\\/sunup-wickeltasche-rucksack-mit-2-kinderwagengurten-babytasche-fuer-mama-und-papa-reise-wickeltasche-einhaendig-oeffnender-reissverschluss-grau-schwarz\\\/#primaryimage\",\"url\":\"https:\\\/\\\/m.media-amazon.com\\\/images\\\/I\\\/414xLYfCa1L._SL500_.jpg\",\"contentUrl\":\"https:\\\/\\\/m.media-amazon.com\\\/images\\\/I\\\/414xLYfCa1L._SL500_.jpg\",\"width\":500,\"height\":500},{\"@type\":\"BreadcrumbList\",\"@id\":\"https:\\\/\\\/marktxxl.de\\\/markt\\\/produkt\\\/sunup-wickeltasche-rucksack-mit-2-kinderwagengurten-babytasche-fuer-mama-und-papa-reise-wickeltasche-einhaendig-oeffnender-reissverschluss-grau-schwarz\\\/#breadcrumb\",\"itemListElement\":[{\"@type\":\"ListItem\",\"position\":1,\"name\":\"Startseite\",\"item\":\"https:\\\/\\\/marktxxl.de\\\/markt\\\/\"},{\"@type\":\"ListItem\",\"position\":2,\"name\":\"Markt\",\"item\":\"https:\\\/\\\/marktxxl.de\\\/markt\\\/\"},{\"@type\":\"ListItem\",\"position\":3,\"name\":\"Sunup Wickeltasche Rucksack mit 2 Kinderwagengurten, Babytasche f\u00fcr Mama und Papa, Reise-Wickeltasche, einh\u00e4ndig\u2026\"}]},{\"@type\":\"WebSite\",\"@id\":\"https:\\\/\\\/marktxxl.de\\\/markt\\\/#website\",\"url\":\"https:\\\/\\\/marktxxl.de\\\/markt\\\/\",\"name\":\"Markt-XXL\",\"description\":\"Ihr Markt Online\",\"publisher\":{\"@id\":\"https:\\\/\\\/marktxxl.de\\\/markt\\\/#organization\"},\"potentialAction\":[{\"@type\":\"SearchAction\",\"target\":{\"@type\":\"EntryPoint\",\"urlTemplate\":\"https:\\\/\\\/marktxxl.de\\\/markt\\\/?s={search_term_string}\"},\"query-input\":{\"@type\":\"PropertyValueSpecification\",\"valueRequired\":true,\"valueName\":\"search_term_string\"}}],\"inLanguage\":\"de\"},{\"@type\":\"Organization\",\"@id\":\"https:\\\/\\\/marktxxl.de\\\/markt\\\/#organization\",\"name\":\"Markt-XXL\",\"url\":\"https:\\\/\\\/marktxxl.de\\\/markt\\\/\",\"logo\":{\"@type\":\"ImageObject\",\"inLanguage\":\"de\",\"@id\":\"https:\\\/\\\/marktxxl.de\\\/markt\\\/#\\\/schema\\\/logo\\\/image\\\/\",\"url\":\"https:\\\/\\\/marktxxl.de\\\/markt\\\/wp-content\\\/uploads\\\/sites\\\/3\\\/2020\\\/12\\\/logo.png\",\"contentUrl\":\"https:\\\/\\\/marktxxl.de\\\/markt\\\/wp-content\\\/uploads\\\/sites\\\/3\\\/2020\\\/12\\\/logo.png\",\"width\":200,\"height\":70,\"caption\":\"Markt-XXL\"},\"image\":{\"@id\":\"https:\\\/\\\/marktxxl.de\\\/markt\\\/#\\\/schema\\\/logo\\\/image\\\/\"}}]}<\/script>\n<!-- \/ Yoast SEO plugin. -->","yoast_head_json":{"title":"Sunup Wickeltasche Rucksack mit 2 Kinderwagengurten, Babytasche f\u00fcr Mama und Papa, Reise-Wickeltasche, einh\u00e4ndig\u2026 - Markt-XXL","description":"Markt-XXL Sunup Wickeltasche Rucksack mit 2 Kinderwagengurten, Babytasche f\u00fcr Mama und Papa, Reise-Wickeltasche, einh\u00e4ndig\u2026","robots":{"index":"index","follow":"follow","max-snippet":"max-snippet:-1","max-image-preview":"max-image-preview:large","max-video-preview":"max-video-preview:-1"},"canonical":"https:\/\/marktxxl.de\/markt\/produkt\/sunup-wickeltasche-rucksack-mit-2-kinderwagengurten-babytasche-fuer-mama-und-papa-reise-wickeltasche-einhaendig-oeffnender-reissverschluss-grau-schwarz\/","og_locale":"de_DE","og_type":"article","og_title":"Sunup Wickeltasche Rucksack mit 2 Kinderwagengurten, Babytasche f\u00fcr Mama und Papa, Reise-Wickeltasche, einh\u00e4ndig\u2026 - Markt-XXL","og_description":"Markt-XXL Sunup Wickeltasche Rucksack mit 2 Kinderwagengurten, Babytasche f\u00fcr Mama und Papa, Reise-Wickeltasche, einh\u00e4ndig\u2026","og_url":"https:\/\/marktxxl.de\/markt\/produkt\/sunup-wickeltasche-rucksack-mit-2-kinderwagengurten-babytasche-fuer-mama-und-papa-reise-wickeltasche-einhaendig-oeffnender-reissverschluss-grau-schwarz\/","og_site_name":"Markt-XXL","article_modified_time":"2023-04-11T00:08:51+00:00","og_image":[{"width":500,"height":500,"url":"https:\/\/m.media-amazon.com\/images\/I\/414xLYfCa1L._SL500_.jpg","type":"image\/jpeg"}],"twitter_card":"summary_large_image","twitter_misc":{"Gesch\u00e4tzte Lesezeit":"2\u00a0Minuten"},"schema":{"@context":"https:\/\/schema.org","@graph":[{"@type":"WebPage","@id":"https:\/\/marktxxl.de\/markt\/produkt\/sunup-wickeltasche-rucksack-mit-2-kinderwagengurten-babytasche-fuer-mama-und-papa-reise-wickeltasche-einhaendig-oeffnender-reissverschluss-grau-schwarz\/","url":"https:\/\/marktxxl.de\/markt\/produkt\/sunup-wickeltasche-rucksack-mit-2-kinderwagengurten-babytasche-fuer-mama-und-papa-reise-wickeltasche-einhaendig-oeffnender-reissverschluss-grau-schwarz\/","name":"Sunup Wickeltasche Rucksack mit 2 Kinderwagengurten, Babytasche f\u00fcr Mama und Papa, Reise-Wickeltasche, einh\u00e4ndig\u2026 - Markt-XXL","isPartOf":{"@id":"https:\/\/marktxxl.de\/markt\/#website"},"primaryImageOfPage":{"@id":"https:\/\/marktxxl.de\/markt\/produkt\/sunup-wickeltasche-rucksack-mit-2-kinderwagengurten-babytasche-fuer-mama-und-papa-reise-wickeltasche-einhaendig-oeffnender-reissverschluss-grau-schwarz\/#primaryimage"},"image":{"@id":"https:\/\/marktxxl.de\/markt\/produkt\/sunup-wickeltasche-rucksack-mit-2-kinderwagengurten-babytasche-fuer-mama-und-papa-reise-wickeltasche-einhaendig-oeffnender-reissverschluss-grau-schwarz\/#primaryimage"},"thumbnailUrl":"https:\/\/m.media-amazon.com\/images\/I\/414xLYfCa1L._SL500_.jpg","datePublished":"2021-10-12T21:34:25+00:00","dateModified":"2023-04-11T00:08:51+00:00","description":"Markt-XXL Sunup Wickeltasche Rucksack mit 2 Kinderwagengurten, Babytasche f\u00fcr Mama und Papa, Reise-Wickeltasche, einh\u00e4ndig\u2026","breadcrumb":{"@id":"https:\/\/marktxxl.de\/markt\/produkt\/sunup-wickeltasche-rucksack-mit-2-kinderwagengurten-babytasche-fuer-mama-und-papa-reise-wickeltasche-einhaendig-oeffnender-reissverschluss-grau-schwarz\/#breadcrumb"},"inLanguage":"de","potentialAction":[{"@type":"ReadAction","target":["https:\/\/marktxxl.de\/markt\/produkt\/sunup-wickeltasche-rucksack-mit-2-kinderwagengurten-babytasche-fuer-mama-und-papa-reise-wickeltasche-einhaendig-oeffnender-reissverschluss-grau-schwarz\/"]}]},{"@type":"ImageObject","inLanguage":"de","@id":"https:\/\/marktxxl.de\/markt\/produkt\/sunup-wickeltasche-rucksack-mit-2-kinderwagengurten-babytasche-fuer-mama-und-papa-reise-wickeltasche-einhaendig-oeffnender-reissverschluss-grau-schwarz\/#primaryimage","url":"https:\/\/m.media-amazon.com\/images\/I\/414xLYfCa1L._SL500_.jpg","contentUrl":"https:\/\/m.media-amazon.com\/images\/I\/414xLYfCa1L._SL500_.jpg","width":500,"height":500},{"@type":"BreadcrumbList","@id":"https:\/\/marktxxl.de\/markt\/produkt\/sunup-wickeltasche-rucksack-mit-2-kinderwagengurten-babytasche-fuer-mama-und-papa-reise-wickeltasche-einhaendig-oeffnender-reissverschluss-grau-schwarz\/#breadcrumb","itemListElement":[{"@type":"ListItem","position":1,"name":"Startseite","item":"https:\/\/marktxxl.de\/markt\/"},{"@type":"ListItem","position":2,"name":"Markt","item":"https:\/\/marktxxl.de\/markt\/"},{"@type":"ListItem","position":3,"name":"Sunup Wickeltasche Rucksack mit 2 Kinderwagengurten, Babytasche f\u00fcr Mama und Papa, Reise-Wickeltasche, einh\u00e4ndig\u2026"}]},{"@type":"WebSite","@id":"https:\/\/marktxxl.de\/markt\/#website","url":"https:\/\/marktxxl.de\/markt\/","name":"Markt-XXL","description":"Ihr Markt Online","publisher":{"@id":"https:\/\/marktxxl.de\/markt\/#organization"},"potentialAction":[{"@type":"SearchAction","target":{"@type":"EntryPoint","urlTemplate":"https:\/\/marktxxl.de\/markt\/?s={search_term_string}"},"query-input":{"@type":"PropertyValueSpecification","valueRequired":true,"valueName":"search_term_string"}}],"inLanguage":"de"},{"@type":"Organization","@id":"https:\/\/marktxxl.de\/markt\/#organization","name":"Markt-XXL","url":"https:\/\/marktxxl.de\/markt\/","logo":{"@type":"ImageObject","inLanguage":"de","@id":"https:\/\/marktxxl.de\/markt\/#\/schema\/logo\/image\/","url":"https:\/\/marktxxl.de\/markt\/wp-content\/uploads\/sites\/3\/2020\/12\/logo.png","contentUrl":"https:\/\/marktxxl.de\/markt\/wp-content\/uploads\/sites\/3\/2020\/12\/logo.png","width":200,"height":70,"caption":"Markt-XXL"},"image":{"@id":"https:\/\/marktxxl.de\/markt\/#\/schema\/logo\/image\/"}}]}},"_links":{"self":[{"href":"https:\/\/marktxxl.de\/markt\/wp-json\/wp\/v2\/product\/48114","targetHints":{"allow":["GET"]}}],"collection":[{"href":"https:\/\/marktxxl.de\/markt\/wp-json\/wp\/v2\/product"}],"about":[{"href":"https:\/\/marktxxl.de\/markt\/wp-json\/wp\/v2\/types\/product"}],"replies":[{"embeddable":true,"href":"https:\/\/marktxxl.de\/markt\/wp-json\/wp\/v2\/comments?post=48114"}],"wp:featuredmedia":[{"embeddable":true,"href":"https:\/\/marktxxl.de\/markt\/wp-json\/wp\/v2\/media\/48115"}],"wp:attachment":[{"href":"https:\/\/marktxxl.de\/markt\/wp-json\/wp\/v2\/media?parent=48114"}],"wp:term":[{"taxonomy":"product_brand","embeddable":true,"href":"https:\/\/marktxxl.de\/markt\/wp-json\/wp\/v2\/product_brand?post=48114"},{"taxonomy":"product_cat","embeddable":true,"href":"https:\/\/marktxxl.de\/markt\/wp-json\/wp\/v2\/product_cat?post=48114"},{"taxonomy":"product_tag","embeddable":true,"href":"https:\/\/marktxxl.de\/markt\/wp-json\/wp\/v2\/product_tag?post=48114"}],"curies":[{"name":"wp","href":"https:\/\/api.w.org\/{rel}","templated":true}]}}