{"id":47996,"date":"2021-10-12T23:27:31","date_gmt":"2021-10-12T21:27:31","guid":{"rendered":"https:\/\/marktxxl.de\/markt\/produkt\/wakects-fahrradanhaenger-kinderfahrradanhaenger-anhaenger-fahrrad-jogger-komfort-mit-federung-geeignet-fuer-1-2-kindergroesse-des-sitzplatz-62-x-72-x-61-cm-b-x-t-x-h-hellblau\/"},"modified":"2023-04-11T02:08:49","modified_gmt":"2023-04-11T00:08:49","slug":"wakects-fahrradanhaenger-kinderfahrradanhaenger-anhaenger-fahrrad-jogger-komfort-mit-federung-geeignet-fuer-1-2-kindergroesse-des-sitzplatz-62-x-72-x-61-cm-b-x-t-x-h-hellblau","status":"publish","type":"product","link":"https:\/\/marktxxl.de\/markt\/produkt\/wakects-fahrradanhaenger-kinderfahrradanhaenger-anhaenger-fahrrad-jogger-komfort-mit-federung-geeignet-fuer-1-2-kindergroesse-des-sitzplatz-62-x-72-x-61-cm-b-x-t-x-h-hellblau\/","title":{"rendered":"Wakects Fahrradanh\u00e4nger Kinderfahrradanh\u00e4nger Anh\u00e4nger Fahrrad Jogger Komfort mit Federung Geeignet f\u00fcr 1-2 Kinder,Gr\u00f6\u00dfe\u2026"},"content":{"rendered":"<p>Hergestellt aus strapazierf\u00e4higem Stahl, ist dieser Fahrradanh\u00e4nger sehr stabil und langlebig. Das Allwetterverdeck und Maschengitter sch\u00fctzen Ihre Kinder vor Regen oder Sonnenstrahlen, w\u00e4hrend zwei transparente Seitenfenster den kleinen Passagieren eine gute Aussicht erm\u00f6glichen.<br \/>\nHergestellt aus strapazierf\u00e4higem Stahl, ist dieser Fahrradanh\u00e4nger sehr stabil und langlebig. Das Allwetterverdeck und Maschengitter sch\u00fctzen Ihre Kinder vor Regen oder Sonnenstrahlen, w\u00e4hrend zwei transparente Seitenfenster den kleinen Passagieren eine gute Aussicht erm\u00f6glichen.<br \/>\nDieser Kinder-Fahrradanh\u00e4nger erm\u00f6glicht Kindern ein bequemes und sicheres Fahrradfahren. Er eignet sich f\u00fcr 1 bis 2 Kinder mit einem maximalen Gesamtgewicht von 30 kg. Sein 5-Punkte-Gurtsystem bietet optimale Sicherheit f\u00fcr Ihre Kinder.<br \/>\nDieser Kinder-Fahrradanh\u00e4nger verf\u00fcgt \u00fcber eine Schnellkupplung f\u00fcr einfache Befestigung an einem Fahrrad. Zudem sorgen seine Farben f\u00fcr hohe Sichtbarkeit und die Speichenreflektoren f\u00fcr maximale Sicherheit.<br \/>\nZwei Innentaschen und ein hinteres Fach bieten ausreichend Stauraum f\u00fcr Lebensmittel, Spielzeug und andere Dinge des t\u00e4glichen Bedarfs. Damit er leicht transportiert und gelagert werden kann, l\u00e4sst sich dieser Fahrradanh\u00e4nger einfach zusammenklappen.<br \/>\nEine Sicherheitsfahne ist auch im Lieferumfang enthalten, um die Sichtbarkeit zu erh\u00f6hen. Montage ist wirklich einfach.<br \/>\n<div class=\"main-cross-sell\" data-asin=\"B07VRCL49H\">\n\n\t<div class=\"WooZone-cross-sell-loader\">\n\t\t<div>\n\t\t\t<div id=\"floatingBarsG\">\n\t\t\t\t<div class=\"blockG\" id=\"rotateG_01\"><\/div>\n\t\t\t\t<div class=\"blockG\" id=\"rotateG_02\"><\/div>\n\t\t\t\t<div class=\"blockG\" id=\"rotateG_03\"><\/div>\n\t\t\t\t<div class=\"blockG\" id=\"rotateG_04\"><\/div>\n\t\t\t\t<div class=\"blockG\" id=\"rotateG_05\"><\/div>\n\t\t\t\t<div class=\"blockG\" id=\"rotateG_06\"><\/div>\n\t\t\t\t<div class=\"blockG\" id=\"rotateG_07\"><\/div>\n\t\t\t\t<div class=\"blockG\" id=\"rotateG_08\"><\/div>\n\t\t\t<\/div>\n\t\t\t<div class=\"WooZone-cross-sell-loader-text\"><\/div>\n\t\t<\/div>\n\t<\/div>\n\n\t\t\n<\/div>\n<div style=\"clear:both;\"><\/div><\/p>\n","protected":false},"excerpt":{"rendered":"<p>Hergestellt aus strapazierf\u00e4higem Stahl, ist dieser Fahrradanh\u00e4nger sehr stabil und langlebig. Das Allwetterverdeck und Maschengitter sch\u00fctzen Ihre Kinder vor Regen oder Sonnenstrahlen, w\u00e4hrend zwei transparente Seitenfenster den kleinen Passagieren eine gute Aussicht erm\u00f6glichen.<br \/>\nHergestellt aus strapazierf\u00e4higem Stahl, ist dieser Fahrradanh\u00e4nger sehr stabil und langlebig. Das Allwetterverdeck und Maschengitter sch\u00fctzen Ihre Kinder vor Regen oder Sonnenstrahlen, w\u00e4hrend zwei transparente Seitenfenster den kleinen Passagieren eine gute Aussicht erm\u00f6glichen.<br \/>\nDieser Kinder-Fahrradanh\u00e4nger erm\u00f6glicht Kindern ein bequemes und sicheres Fahrradfahren. Er eignet sich f\u00fcr 1 bis 2 Kinder mit einem maximalen Gesamtgewicht von 30 kg. Sein 5-Punkte-Gurtsystem bietet optimale Sicherheit f\u00fcr Ihre Kinder.<\/p>\n","protected":false},"featured_media":47997,"comment_status":"open","ping_status":"closed","template":"","meta":[],"product_brand":[],"product_cat":[21,9245],"product_tag":[],"class_list":{"0":"post-47996","1":"product","2":"type-product","3":"status-publish","4":"has-post-thumbnail","6":"product_cat-baby","7":"product_cat-fahrradanhaenger-zubehoer-baby","8":"pa_binding-haushaltswaren","9":"pa_brand-wakects","10":"pa_height-0-zoll","11":"pa_length-0-zoll","12":"pa_manufacturer-wakects","13":"pa_weight-25-35316013-pfund","14":"pa_width-0-zoll","16":"first","17":"instock","18":"shipping-taxable","19":"purchasable","20":"product-type-simple","21":"customify-col","22":"product-has-gallery"},"yoast_head":"<!-- This site is optimized with the Yoast SEO plugin v27.4 - https:\/\/yoast.com\/product\/yoast-seo-wordpress\/ -->\n<title>Wakects Fahrradanh\u00e4nger Kinderfahrradanh\u00e4nger Anh\u00e4nger Fahrrad Jogger Komfort mit Federung Geeignet f\u00fcr 1-2 Kinder,Gr\u00f6\u00dfe\u2026 - Markt-XXL<\/title>\n<meta name=\"description\" content=\"Markt-XXL Wakects Fahrradanh\u00e4nger Kinderfahrradanh\u00e4nger Anh\u00e4nger Fahrrad Jogger Komfort mit Federung Geeignet f\u00fcr 1-2 Kinder,Gr\u00f6\u00dfe\u2026\" \/>\n<meta name=\"robots\" content=\"index, follow, max-snippet:-1, max-image-preview:large, max-video-preview:-1\" \/>\n<link rel=\"canonical\" href=\"https:\/\/marktxxl.de\/markt\/produkt\/wakects-fahrradanhaenger-kinderfahrradanhaenger-anhaenger-fahrrad-jogger-komfort-mit-federung-geeignet-fuer-1-2-kindergroesse-des-sitzplatz-62-x-72-x-61-cm-b-x-t-x-h-hellblau\/\" \/>\n<meta property=\"og:locale\" content=\"de_DE\" \/>\n<meta property=\"og:type\" content=\"article\" \/>\n<meta property=\"og:title\" content=\"Wakects Fahrradanh\u00e4nger Kinderfahrradanh\u00e4nger Anh\u00e4nger Fahrrad Jogger Komfort mit Federung Geeignet f\u00fcr 1-2 Kinder,Gr\u00f6\u00dfe\u2026 - Markt-XXL\" \/>\n<meta property=\"og:description\" content=\"Markt-XXL Wakects Fahrradanh\u00e4nger Kinderfahrradanh\u00e4nger Anh\u00e4nger Fahrrad Jogger Komfort mit Federung Geeignet f\u00fcr 1-2 Kinder,Gr\u00f6\u00dfe\u2026\" \/>\n<meta property=\"og:url\" content=\"https:\/\/marktxxl.de\/markt\/produkt\/wakects-fahrradanhaenger-kinderfahrradanhaenger-anhaenger-fahrrad-jogger-komfort-mit-federung-geeignet-fuer-1-2-kindergroesse-des-sitzplatz-62-x-72-x-61-cm-b-x-t-x-h-hellblau\/\" \/>\n<meta property=\"og:site_name\" content=\"Markt-XXL\" \/>\n<meta property=\"article:modified_time\" content=\"2023-04-11T00:08:49+00:00\" \/>\n<meta property=\"og:image\" content=\"https:\/\/m.media-amazon.com\/images\/I\/41Vy3jDXbJL._SL500_.jpg\" \/>\n\t<meta property=\"og:image:width\" content=\"500\" \/>\n\t<meta property=\"og:image:height\" content=\"500\" \/>\n\t<meta property=\"og:image:type\" content=\"image\/jpeg\" \/>\n<meta name=\"twitter:card\" content=\"summary_large_image\" \/>\n<meta name=\"twitter:label1\" content=\"Gesch\u00e4tzte Lesezeit\" \/>\n\t<meta name=\"twitter:data1\" content=\"1\u00a0Minute\" \/>\n<script type=\"application\/ld+json\" class=\"yoast-schema-graph\">{\"@context\":\"https:\\\/\\\/schema.org\",\"@graph\":[{\"@type\":\"WebPage\",\"@id\":\"https:\\\/\\\/marktxxl.de\\\/markt\\\/produkt\\\/wakects-fahrradanhaenger-kinderfahrradanhaenger-anhaenger-fahrrad-jogger-komfort-mit-federung-geeignet-fuer-1-2-kindergroesse-des-sitzplatz-62-x-72-x-61-cm-b-x-t-x-h-hellblau\\\/\",\"url\":\"https:\\\/\\\/marktxxl.de\\\/markt\\\/produkt\\\/wakects-fahrradanhaenger-kinderfahrradanhaenger-anhaenger-fahrrad-jogger-komfort-mit-federung-geeignet-fuer-1-2-kindergroesse-des-sitzplatz-62-x-72-x-61-cm-b-x-t-x-h-hellblau\\\/\",\"name\":\"Wakects Fahrradanh\u00e4nger Kinderfahrradanh\u00e4nger Anh\u00e4nger Fahrrad Jogger Komfort mit Federung Geeignet f\u00fcr 1-2 Kinder,Gr\u00f6\u00dfe\u2026 - Markt-XXL\",\"isPartOf\":{\"@id\":\"https:\\\/\\\/marktxxl.de\\\/markt\\\/#website\"},\"primaryImageOfPage\":{\"@id\":\"https:\\\/\\\/marktxxl.de\\\/markt\\\/produkt\\\/wakects-fahrradanhaenger-kinderfahrradanhaenger-anhaenger-fahrrad-jogger-komfort-mit-federung-geeignet-fuer-1-2-kindergroesse-des-sitzplatz-62-x-72-x-61-cm-b-x-t-x-h-hellblau\\\/#primaryimage\"},\"image\":{\"@id\":\"https:\\\/\\\/marktxxl.de\\\/markt\\\/produkt\\\/wakects-fahrradanhaenger-kinderfahrradanhaenger-anhaenger-fahrrad-jogger-komfort-mit-federung-geeignet-fuer-1-2-kindergroesse-des-sitzplatz-62-x-72-x-61-cm-b-x-t-x-h-hellblau\\\/#primaryimage\"},\"thumbnailUrl\":\"https:\\\/\\\/m.media-amazon.com\\\/images\\\/I\\\/41Vy3jDXbJL._SL500_.jpg\",\"datePublished\":\"2021-10-12T21:27:31+00:00\",\"dateModified\":\"2023-04-11T00:08:49+00:00\",\"description\":\"Markt-XXL Wakects Fahrradanh\u00e4nger Kinderfahrradanh\u00e4nger Anh\u00e4nger Fahrrad Jogger Komfort mit Federung Geeignet f\u00fcr 1-2 Kinder,Gr\u00f6\u00dfe\u2026\",\"breadcrumb\":{\"@id\":\"https:\\\/\\\/marktxxl.de\\\/markt\\\/produkt\\\/wakects-fahrradanhaenger-kinderfahrradanhaenger-anhaenger-fahrrad-jogger-komfort-mit-federung-geeignet-fuer-1-2-kindergroesse-des-sitzplatz-62-x-72-x-61-cm-b-x-t-x-h-hellblau\\\/#breadcrumb\"},\"inLanguage\":\"de\",\"potentialAction\":[{\"@type\":\"ReadAction\",\"target\":[\"https:\\\/\\\/marktxxl.de\\\/markt\\\/produkt\\\/wakects-fahrradanhaenger-kinderfahrradanhaenger-anhaenger-fahrrad-jogger-komfort-mit-federung-geeignet-fuer-1-2-kindergroesse-des-sitzplatz-62-x-72-x-61-cm-b-x-t-x-h-hellblau\\\/\"]}]},{\"@type\":\"ImageObject\",\"inLanguage\":\"de\",\"@id\":\"https:\\\/\\\/marktxxl.de\\\/markt\\\/produkt\\\/wakects-fahrradanhaenger-kinderfahrradanhaenger-anhaenger-fahrrad-jogger-komfort-mit-federung-geeignet-fuer-1-2-kindergroesse-des-sitzplatz-62-x-72-x-61-cm-b-x-t-x-h-hellblau\\\/#primaryimage\",\"url\":\"https:\\\/\\\/m.media-amazon.com\\\/images\\\/I\\\/41Vy3jDXbJL._SL500_.jpg\",\"contentUrl\":\"https:\\\/\\\/m.media-amazon.com\\\/images\\\/I\\\/41Vy3jDXbJL._SL500_.jpg\",\"width\":500,\"height\":500},{\"@type\":\"BreadcrumbList\",\"@id\":\"https:\\\/\\\/marktxxl.de\\\/markt\\\/produkt\\\/wakects-fahrradanhaenger-kinderfahrradanhaenger-anhaenger-fahrrad-jogger-komfort-mit-federung-geeignet-fuer-1-2-kindergroesse-des-sitzplatz-62-x-72-x-61-cm-b-x-t-x-h-hellblau\\\/#breadcrumb\",\"itemListElement\":[{\"@type\":\"ListItem\",\"position\":1,\"name\":\"Startseite\",\"item\":\"https:\\\/\\\/marktxxl.de\\\/markt\\\/\"},{\"@type\":\"ListItem\",\"position\":2,\"name\":\"Markt\",\"item\":\"https:\\\/\\\/marktxxl.de\\\/markt\\\/\"},{\"@type\":\"ListItem\",\"position\":3,\"name\":\"Wakects Fahrradanh\u00e4nger Kinderfahrradanh\u00e4nger Anh\u00e4nger Fahrrad Jogger Komfort mit Federung Geeignet f\u00fcr 1-2 Kinder,Gr\u00f6\u00dfe\u2026\"}]},{\"@type\":\"WebSite\",\"@id\":\"https:\\\/\\\/marktxxl.de\\\/markt\\\/#website\",\"url\":\"https:\\\/\\\/marktxxl.de\\\/markt\\\/\",\"name\":\"Markt-XXL\",\"description\":\"Ihr Markt Online\",\"publisher\":{\"@id\":\"https:\\\/\\\/marktxxl.de\\\/markt\\\/#organization\"},\"potentialAction\":[{\"@type\":\"SearchAction\",\"target\":{\"@type\":\"EntryPoint\",\"urlTemplate\":\"https:\\\/\\\/marktxxl.de\\\/markt\\\/?s={search_term_string}\"},\"query-input\":{\"@type\":\"PropertyValueSpecification\",\"valueRequired\":true,\"valueName\":\"search_term_string\"}}],\"inLanguage\":\"de\"},{\"@type\":\"Organization\",\"@id\":\"https:\\\/\\\/marktxxl.de\\\/markt\\\/#organization\",\"name\":\"Markt-XXL\",\"url\":\"https:\\\/\\\/marktxxl.de\\\/markt\\\/\",\"logo\":{\"@type\":\"ImageObject\",\"inLanguage\":\"de\",\"@id\":\"https:\\\/\\\/marktxxl.de\\\/markt\\\/#\\\/schema\\\/logo\\\/image\\\/\",\"url\":\"https:\\\/\\\/marktxxl.de\\\/markt\\\/wp-content\\\/uploads\\\/sites\\\/3\\\/2020\\\/12\\\/logo.png\",\"contentUrl\":\"https:\\\/\\\/marktxxl.de\\\/markt\\\/wp-content\\\/uploads\\\/sites\\\/3\\\/2020\\\/12\\\/logo.png\",\"width\":200,\"height\":70,\"caption\":\"Markt-XXL\"},\"image\":{\"@id\":\"https:\\\/\\\/marktxxl.de\\\/markt\\\/#\\\/schema\\\/logo\\\/image\\\/\"}}]}<\/script>\n<!-- \/ Yoast SEO plugin. -->","yoast_head_json":{"title":"Wakects Fahrradanh\u00e4nger Kinderfahrradanh\u00e4nger Anh\u00e4nger Fahrrad Jogger Komfort mit Federung Geeignet f\u00fcr 1-2 Kinder,Gr\u00f6\u00dfe\u2026 - Markt-XXL","description":"Markt-XXL Wakects Fahrradanh\u00e4nger Kinderfahrradanh\u00e4nger Anh\u00e4nger Fahrrad Jogger Komfort mit Federung Geeignet f\u00fcr 1-2 Kinder,Gr\u00f6\u00dfe\u2026","robots":{"index":"index","follow":"follow","max-snippet":"max-snippet:-1","max-image-preview":"max-image-preview:large","max-video-preview":"max-video-preview:-1"},"canonical":"https:\/\/marktxxl.de\/markt\/produkt\/wakects-fahrradanhaenger-kinderfahrradanhaenger-anhaenger-fahrrad-jogger-komfort-mit-federung-geeignet-fuer-1-2-kindergroesse-des-sitzplatz-62-x-72-x-61-cm-b-x-t-x-h-hellblau\/","og_locale":"de_DE","og_type":"article","og_title":"Wakects Fahrradanh\u00e4nger Kinderfahrradanh\u00e4nger Anh\u00e4nger Fahrrad Jogger Komfort mit Federung Geeignet f\u00fcr 1-2 Kinder,Gr\u00f6\u00dfe\u2026 - Markt-XXL","og_description":"Markt-XXL Wakects Fahrradanh\u00e4nger Kinderfahrradanh\u00e4nger Anh\u00e4nger Fahrrad Jogger Komfort mit Federung Geeignet f\u00fcr 1-2 Kinder,Gr\u00f6\u00dfe\u2026","og_url":"https:\/\/marktxxl.de\/markt\/produkt\/wakects-fahrradanhaenger-kinderfahrradanhaenger-anhaenger-fahrrad-jogger-komfort-mit-federung-geeignet-fuer-1-2-kindergroesse-des-sitzplatz-62-x-72-x-61-cm-b-x-t-x-h-hellblau\/","og_site_name":"Markt-XXL","article_modified_time":"2023-04-11T00:08:49+00:00","og_image":[{"width":500,"height":500,"url":"https:\/\/m.media-amazon.com\/images\/I\/41Vy3jDXbJL._SL500_.jpg","type":"image\/jpeg"}],"twitter_card":"summary_large_image","twitter_misc":{"Gesch\u00e4tzte Lesezeit":"1\u00a0Minute"},"schema":{"@context":"https:\/\/schema.org","@graph":[{"@type":"WebPage","@id":"https:\/\/marktxxl.de\/markt\/produkt\/wakects-fahrradanhaenger-kinderfahrradanhaenger-anhaenger-fahrrad-jogger-komfort-mit-federung-geeignet-fuer-1-2-kindergroesse-des-sitzplatz-62-x-72-x-61-cm-b-x-t-x-h-hellblau\/","url":"https:\/\/marktxxl.de\/markt\/produkt\/wakects-fahrradanhaenger-kinderfahrradanhaenger-anhaenger-fahrrad-jogger-komfort-mit-federung-geeignet-fuer-1-2-kindergroesse-des-sitzplatz-62-x-72-x-61-cm-b-x-t-x-h-hellblau\/","name":"Wakects Fahrradanh\u00e4nger Kinderfahrradanh\u00e4nger Anh\u00e4nger Fahrrad Jogger Komfort mit Federung Geeignet f\u00fcr 1-2 Kinder,Gr\u00f6\u00dfe\u2026 - Markt-XXL","isPartOf":{"@id":"https:\/\/marktxxl.de\/markt\/#website"},"primaryImageOfPage":{"@id":"https:\/\/marktxxl.de\/markt\/produkt\/wakects-fahrradanhaenger-kinderfahrradanhaenger-anhaenger-fahrrad-jogger-komfort-mit-federung-geeignet-fuer-1-2-kindergroesse-des-sitzplatz-62-x-72-x-61-cm-b-x-t-x-h-hellblau\/#primaryimage"},"image":{"@id":"https:\/\/marktxxl.de\/markt\/produkt\/wakects-fahrradanhaenger-kinderfahrradanhaenger-anhaenger-fahrrad-jogger-komfort-mit-federung-geeignet-fuer-1-2-kindergroesse-des-sitzplatz-62-x-72-x-61-cm-b-x-t-x-h-hellblau\/#primaryimage"},"thumbnailUrl":"https:\/\/m.media-amazon.com\/images\/I\/41Vy3jDXbJL._SL500_.jpg","datePublished":"2021-10-12T21:27:31+00:00","dateModified":"2023-04-11T00:08:49+00:00","description":"Markt-XXL Wakects Fahrradanh\u00e4nger Kinderfahrradanh\u00e4nger Anh\u00e4nger Fahrrad Jogger Komfort mit Federung Geeignet f\u00fcr 1-2 Kinder,Gr\u00f6\u00dfe\u2026","breadcrumb":{"@id":"https:\/\/marktxxl.de\/markt\/produkt\/wakects-fahrradanhaenger-kinderfahrradanhaenger-anhaenger-fahrrad-jogger-komfort-mit-federung-geeignet-fuer-1-2-kindergroesse-des-sitzplatz-62-x-72-x-61-cm-b-x-t-x-h-hellblau\/#breadcrumb"},"inLanguage":"de","potentialAction":[{"@type":"ReadAction","target":["https:\/\/marktxxl.de\/markt\/produkt\/wakects-fahrradanhaenger-kinderfahrradanhaenger-anhaenger-fahrrad-jogger-komfort-mit-federung-geeignet-fuer-1-2-kindergroesse-des-sitzplatz-62-x-72-x-61-cm-b-x-t-x-h-hellblau\/"]}]},{"@type":"ImageObject","inLanguage":"de","@id":"https:\/\/marktxxl.de\/markt\/produkt\/wakects-fahrradanhaenger-kinderfahrradanhaenger-anhaenger-fahrrad-jogger-komfort-mit-federung-geeignet-fuer-1-2-kindergroesse-des-sitzplatz-62-x-72-x-61-cm-b-x-t-x-h-hellblau\/#primaryimage","url":"https:\/\/m.media-amazon.com\/images\/I\/41Vy3jDXbJL._SL500_.jpg","contentUrl":"https:\/\/m.media-amazon.com\/images\/I\/41Vy3jDXbJL._SL500_.jpg","width":500,"height":500},{"@type":"BreadcrumbList","@id":"https:\/\/marktxxl.de\/markt\/produkt\/wakects-fahrradanhaenger-kinderfahrradanhaenger-anhaenger-fahrrad-jogger-komfort-mit-federung-geeignet-fuer-1-2-kindergroesse-des-sitzplatz-62-x-72-x-61-cm-b-x-t-x-h-hellblau\/#breadcrumb","itemListElement":[{"@type":"ListItem","position":1,"name":"Startseite","item":"https:\/\/marktxxl.de\/markt\/"},{"@type":"ListItem","position":2,"name":"Markt","item":"https:\/\/marktxxl.de\/markt\/"},{"@type":"ListItem","position":3,"name":"Wakects Fahrradanh\u00e4nger Kinderfahrradanh\u00e4nger Anh\u00e4nger Fahrrad Jogger Komfort mit Federung Geeignet f\u00fcr 1-2 Kinder,Gr\u00f6\u00dfe\u2026"}]},{"@type":"WebSite","@id":"https:\/\/marktxxl.de\/markt\/#website","url":"https:\/\/marktxxl.de\/markt\/","name":"Markt-XXL","description":"Ihr Markt Online","publisher":{"@id":"https:\/\/marktxxl.de\/markt\/#organization"},"potentialAction":[{"@type":"SearchAction","target":{"@type":"EntryPoint","urlTemplate":"https:\/\/marktxxl.de\/markt\/?s={search_term_string}"},"query-input":{"@type":"PropertyValueSpecification","valueRequired":true,"valueName":"search_term_string"}}],"inLanguage":"de"},{"@type":"Organization","@id":"https:\/\/marktxxl.de\/markt\/#organization","name":"Markt-XXL","url":"https:\/\/marktxxl.de\/markt\/","logo":{"@type":"ImageObject","inLanguage":"de","@id":"https:\/\/marktxxl.de\/markt\/#\/schema\/logo\/image\/","url":"https:\/\/marktxxl.de\/markt\/wp-content\/uploads\/sites\/3\/2020\/12\/logo.png","contentUrl":"https:\/\/marktxxl.de\/markt\/wp-content\/uploads\/sites\/3\/2020\/12\/logo.png","width":200,"height":70,"caption":"Markt-XXL"},"image":{"@id":"https:\/\/marktxxl.de\/markt\/#\/schema\/logo\/image\/"}}]}},"_links":{"self":[{"href":"https:\/\/marktxxl.de\/markt\/wp-json\/wp\/v2\/product\/47996","targetHints":{"allow":["GET"]}}],"collection":[{"href":"https:\/\/marktxxl.de\/markt\/wp-json\/wp\/v2\/product"}],"about":[{"href":"https:\/\/marktxxl.de\/markt\/wp-json\/wp\/v2\/types\/product"}],"replies":[{"embeddable":true,"href":"https:\/\/marktxxl.de\/markt\/wp-json\/wp\/v2\/comments?post=47996"}],"wp:featuredmedia":[{"embeddable":true,"href":"https:\/\/marktxxl.de\/markt\/wp-json\/wp\/v2\/media\/47997"}],"wp:attachment":[{"href":"https:\/\/marktxxl.de\/markt\/wp-json\/wp\/v2\/media?parent=47996"}],"wp:term":[{"taxonomy":"product_brand","embeddable":true,"href":"https:\/\/marktxxl.de\/markt\/wp-json\/wp\/v2\/product_brand?post=47996"},{"taxonomy":"product_cat","embeddable":true,"href":"https:\/\/marktxxl.de\/markt\/wp-json\/wp\/v2\/product_cat?post=47996"},{"taxonomy":"product_tag","embeddable":true,"href":"https:\/\/marktxxl.de\/markt\/wp-json\/wp\/v2\/product_tag?post=47996"}],"curies":[{"name":"wp","href":"https:\/\/api.w.org\/{rel}","templated":true}]}}