{"id":47770,"date":"2021-10-12T22:49:32","date_gmt":"2021-10-12T20:49:32","guid":{"rendered":"https:\/\/marktxxl.de\/markt\/produkt\/12-kleine-s-haken-edelstahl-flach-8cm-bis-25kg-belastbar-rostfreie-s-haken-zum-aufhaengen\/"},"modified":"2023-04-11T02:08:44","modified_gmt":"2023-04-11T00:08:44","slug":"12-kleine-s-haken-edelstahl-flach-8cm-bis-25kg-belastbar-rostfreie-s-haken-zum-aufhaengen","status":"publish","type":"product","link":"https:\/\/marktxxl.de\/markt\/produkt\/12-kleine-s-haken-edelstahl-flach-8cm-bis-25kg-belastbar-rostfreie-s-haken-zum-aufhaengen\/","title":{"rendered":"12 Kleine S Haken Edelstahl Flach 8cm &#8211; bis 25kg Belastbar &#8211; Rostfreie S-Haken zum Aufh\u00e4ngen"},"content":{"rendered":"<p>12 kleine S Haken aus flachem und rostfreiem Edelstahl. Belastbar bis 25 kg &#8211; Gesamtl\u00e4nge: 8 cm &#8211; Materialst\u00e4rke: 1,8 mm &#8211; Gewicht: ca. 14 g &#8211; Farbe: Silber<br \/>\nEXTRA STARK: Unsere S Form Haken zum Einh\u00e4ngen haben eine St\u00e4rke von 1,8 mm und Breite von 5 mm und sind dadurch besonders langlebig, robust und belastbar.<br \/>\nUNIVERSELL: Der Edelstahlhaken ist ein praktischer Multifunktionshelfer und darf in keinem Haushalt fehlen. Wird gerne in K\u00fcche, Badezimmer, Terrasse, Balkon, Keller, Werkstatt, Garage eingesetzt.<br \/>\nPRAKTISCH: Metallhaken zum Aufh\u00e4ngen sorgt f\u00fcr Ordnung und l\u00e4sst sich ohne Bohren oder Kleben anbringen. Ideal als K\u00fcchenhaken, Metzgerhaken, T\u00fcrhaken oder Aufh\u00e4ngehaken f\u00fcr den Blumentopf.<br \/>\nLIEFERUMFANG: 12 Flache S-Haken \/ H\u00e4ngehaken ca. 8 cm f\u00fcr den professionellen Einsatz.<br \/>\n<div class=\"main-cross-sell\" data-asin=\"B08NPTVWVR\">\n\n\t<div class=\"WooZone-cross-sell-loader\">\n\t\t<div>\n\t\t\t<div id=\"floatingBarsG\">\n\t\t\t\t<div class=\"blockG\" id=\"rotateG_01\"><\/div>\n\t\t\t\t<div class=\"blockG\" id=\"rotateG_02\"><\/div>\n\t\t\t\t<div class=\"blockG\" id=\"rotateG_03\"><\/div>\n\t\t\t\t<div class=\"blockG\" id=\"rotateG_04\"><\/div>\n\t\t\t\t<div class=\"blockG\" id=\"rotateG_05\"><\/div>\n\t\t\t\t<div class=\"blockG\" id=\"rotateG_06\"><\/div>\n\t\t\t\t<div class=\"blockG\" id=\"rotateG_07\"><\/div>\n\t\t\t\t<div class=\"blockG\" id=\"rotateG_08\"><\/div>\n\t\t\t<\/div>\n\t\t\t<div class=\"WooZone-cross-sell-loader-text\"><\/div>\n\t\t<\/div>\n\t<\/div>\n\n\t\t\n<\/div>\n<div style=\"clear:both;\"><\/div><\/p>\n","protected":false},"excerpt":{"rendered":"<p>12 kleine S Haken aus flachem und rostfreiem Edelstahl. Belastbar bis 25 kg &#8211; Gesamtl\u00e4nge: 8 cm &#8211; Materialst\u00e4rke: 1,8 mm &#8211; Gewicht: ca. 14 g &#8211; Farbe: Silber<br \/>\nEXTRA STARK: Unsere S Form Haken zum Einh\u00e4ngen haben eine St\u00e4rke von 1,8 mm und Breite von 5 mm und sind dadurch besonders langlebig, robust und belastbar.<br \/>\nUNIVERSELL: Der Edelstahlhaken ist ein praktischer Multifunktionshelfer und darf in keinem Haushalt fehlen. Wird gerne in K\u00fcche, Badezimmer, Terrasse, Balkon, Keller, Werkstatt, Garage eingesetzt.<\/p>\n","protected":false},"featured_media":47771,"comment_status":"open","ping_status":"closed","template":"","meta":[],"product_brand":[],"product_cat":[1983,10865],"product_tag":[],"class_list":{"0":"post-47770","1":"product","2":"type-product","3":"status-publish","4":"has-post-thumbnail","6":"product_cat-baumarkt","7":"product_cat-eisenwaren","8":"pa_brand-busch-jaeger-3","9":"pa_brand-praknu","10":"pa_height-3-149606296-zoll","11":"pa_length-1-968503935-zoll","12":"pa_manufacturer-niboline-gmbh","13":"pa_size-8cm","14":"pa_width-0-1968503935-zoll","16":"first","17":"instock","18":"shipping-taxable","19":"purchasable","20":"product-type-simple","21":"customify-col","22":"product-has-gallery"},"yoast_head":"<!-- This site is optimized with the Yoast SEO plugin v27.4 - https:\/\/yoast.com\/product\/yoast-seo-wordpress\/ -->\n<title>12 Kleine S Haken Edelstahl Flach 8cm - bis 25kg Belastbar - Rostfreie S-Haken zum Aufh\u00e4ngen - Markt-XXL<\/title>\n<meta name=\"description\" content=\"Markt-XXL 12 Kleine S Haken Edelstahl Flach 8cm - bis 25kg Belastbar - Rostfreie S-Haken zum Aufh\u00e4ngen\" \/>\n<meta name=\"robots\" content=\"index, follow, max-snippet:-1, max-image-preview:large, max-video-preview:-1\" \/>\n<link rel=\"canonical\" href=\"https:\/\/marktxxl.de\/markt\/produkt\/12-kleine-s-haken-edelstahl-flach-8cm-bis-25kg-belastbar-rostfreie-s-haken-zum-aufhaengen\/\" \/>\n<meta property=\"og:locale\" content=\"de_DE\" \/>\n<meta property=\"og:type\" content=\"article\" \/>\n<meta property=\"og:title\" content=\"12 Kleine S Haken Edelstahl Flach 8cm - bis 25kg Belastbar - Rostfreie S-Haken zum Aufh\u00e4ngen - Markt-XXL\" \/>\n<meta property=\"og:description\" content=\"Markt-XXL 12 Kleine S Haken Edelstahl Flach 8cm - bis 25kg Belastbar - Rostfreie S-Haken zum Aufh\u00e4ngen\" \/>\n<meta property=\"og:url\" content=\"https:\/\/marktxxl.de\/markt\/produkt\/12-kleine-s-haken-edelstahl-flach-8cm-bis-25kg-belastbar-rostfreie-s-haken-zum-aufhaengen\/\" \/>\n<meta property=\"og:site_name\" content=\"Markt-XXL\" \/>\n<meta property=\"article:modified_time\" content=\"2023-04-11T00:08:44+00:00\" \/>\n<meta property=\"og:image\" content=\"https:\/\/m.media-amazon.com\/images\/I\/51ucctWmLtL._SL500_.jpg\" \/>\n\t<meta property=\"og:image:width\" content=\"500\" \/>\n\t<meta property=\"og:image:height\" content=\"500\" \/>\n\t<meta property=\"og:image:type\" content=\"image\/jpeg\" \/>\n<meta name=\"twitter:card\" content=\"summary_large_image\" \/>\n<meta name=\"twitter:label1\" content=\"Gesch\u00e4tzte Lesezeit\" \/>\n\t<meta name=\"twitter:data1\" content=\"1\u00a0Minute\" \/>\n<script type=\"application\/ld+json\" class=\"yoast-schema-graph\">{\"@context\":\"https:\\\/\\\/schema.org\",\"@graph\":[{\"@type\":\"WebPage\",\"@id\":\"https:\\\/\\\/marktxxl.de\\\/markt\\\/produkt\\\/12-kleine-s-haken-edelstahl-flach-8cm-bis-25kg-belastbar-rostfreie-s-haken-zum-aufhaengen\\\/\",\"url\":\"https:\\\/\\\/marktxxl.de\\\/markt\\\/produkt\\\/12-kleine-s-haken-edelstahl-flach-8cm-bis-25kg-belastbar-rostfreie-s-haken-zum-aufhaengen\\\/\",\"name\":\"12 Kleine S Haken Edelstahl Flach 8cm - bis 25kg Belastbar - Rostfreie S-Haken zum Aufh\u00e4ngen - Markt-XXL\",\"isPartOf\":{\"@id\":\"https:\\\/\\\/marktxxl.de\\\/markt\\\/#website\"},\"primaryImageOfPage\":{\"@id\":\"https:\\\/\\\/marktxxl.de\\\/markt\\\/produkt\\\/12-kleine-s-haken-edelstahl-flach-8cm-bis-25kg-belastbar-rostfreie-s-haken-zum-aufhaengen\\\/#primaryimage\"},\"image\":{\"@id\":\"https:\\\/\\\/marktxxl.de\\\/markt\\\/produkt\\\/12-kleine-s-haken-edelstahl-flach-8cm-bis-25kg-belastbar-rostfreie-s-haken-zum-aufhaengen\\\/#primaryimage\"},\"thumbnailUrl\":\"https:\\\/\\\/m.media-amazon.com\\\/images\\\/I\\\/51ucctWmLtL._SL500_.jpg\",\"datePublished\":\"2021-10-12T20:49:32+00:00\",\"dateModified\":\"2023-04-11T00:08:44+00:00\",\"description\":\"Markt-XXL 12 Kleine S Haken Edelstahl Flach 8cm - bis 25kg Belastbar - Rostfreie S-Haken zum Aufh\u00e4ngen\",\"breadcrumb\":{\"@id\":\"https:\\\/\\\/marktxxl.de\\\/markt\\\/produkt\\\/12-kleine-s-haken-edelstahl-flach-8cm-bis-25kg-belastbar-rostfreie-s-haken-zum-aufhaengen\\\/#breadcrumb\"},\"inLanguage\":\"de\",\"potentialAction\":[{\"@type\":\"ReadAction\",\"target\":[\"https:\\\/\\\/marktxxl.de\\\/markt\\\/produkt\\\/12-kleine-s-haken-edelstahl-flach-8cm-bis-25kg-belastbar-rostfreie-s-haken-zum-aufhaengen\\\/\"]}]},{\"@type\":\"ImageObject\",\"inLanguage\":\"de\",\"@id\":\"https:\\\/\\\/marktxxl.de\\\/markt\\\/produkt\\\/12-kleine-s-haken-edelstahl-flach-8cm-bis-25kg-belastbar-rostfreie-s-haken-zum-aufhaengen\\\/#primaryimage\",\"url\":\"https:\\\/\\\/m.media-amazon.com\\\/images\\\/I\\\/51ucctWmLtL._SL500_.jpg\",\"contentUrl\":\"https:\\\/\\\/m.media-amazon.com\\\/images\\\/I\\\/51ucctWmLtL._SL500_.jpg\",\"width\":500,\"height\":500},{\"@type\":\"BreadcrumbList\",\"@id\":\"https:\\\/\\\/marktxxl.de\\\/markt\\\/produkt\\\/12-kleine-s-haken-edelstahl-flach-8cm-bis-25kg-belastbar-rostfreie-s-haken-zum-aufhaengen\\\/#breadcrumb\",\"itemListElement\":[{\"@type\":\"ListItem\",\"position\":1,\"name\":\"Startseite\",\"item\":\"https:\\\/\\\/marktxxl.de\\\/markt\\\/\"},{\"@type\":\"ListItem\",\"position\":2,\"name\":\"Markt\",\"item\":\"https:\\\/\\\/marktxxl.de\\\/markt\\\/\"},{\"@type\":\"ListItem\",\"position\":3,\"name\":\"12 Kleine S Haken Edelstahl Flach 8cm &#8211; bis 25kg Belastbar &#8211; Rostfreie S-Haken zum Aufh\u00e4ngen\"}]},{\"@type\":\"WebSite\",\"@id\":\"https:\\\/\\\/marktxxl.de\\\/markt\\\/#website\",\"url\":\"https:\\\/\\\/marktxxl.de\\\/markt\\\/\",\"name\":\"Markt-XXL\",\"description\":\"Ihr Markt Online\",\"publisher\":{\"@id\":\"https:\\\/\\\/marktxxl.de\\\/markt\\\/#organization\"},\"potentialAction\":[{\"@type\":\"SearchAction\",\"target\":{\"@type\":\"EntryPoint\",\"urlTemplate\":\"https:\\\/\\\/marktxxl.de\\\/markt\\\/?s={search_term_string}\"},\"query-input\":{\"@type\":\"PropertyValueSpecification\",\"valueRequired\":true,\"valueName\":\"search_term_string\"}}],\"inLanguage\":\"de\"},{\"@type\":\"Organization\",\"@id\":\"https:\\\/\\\/marktxxl.de\\\/markt\\\/#organization\",\"name\":\"Markt-XXL\",\"url\":\"https:\\\/\\\/marktxxl.de\\\/markt\\\/\",\"logo\":{\"@type\":\"ImageObject\",\"inLanguage\":\"de\",\"@id\":\"https:\\\/\\\/marktxxl.de\\\/markt\\\/#\\\/schema\\\/logo\\\/image\\\/\",\"url\":\"https:\\\/\\\/marktxxl.de\\\/markt\\\/wp-content\\\/uploads\\\/sites\\\/3\\\/2020\\\/12\\\/logo.png\",\"contentUrl\":\"https:\\\/\\\/marktxxl.de\\\/markt\\\/wp-content\\\/uploads\\\/sites\\\/3\\\/2020\\\/12\\\/logo.png\",\"width\":200,\"height\":70,\"caption\":\"Markt-XXL\"},\"image\":{\"@id\":\"https:\\\/\\\/marktxxl.de\\\/markt\\\/#\\\/schema\\\/logo\\\/image\\\/\"}}]}<\/script>\n<!-- \/ Yoast SEO plugin. -->","yoast_head_json":{"title":"12 Kleine S Haken Edelstahl Flach 8cm - bis 25kg Belastbar - Rostfreie S-Haken zum Aufh\u00e4ngen - Markt-XXL","description":"Markt-XXL 12 Kleine S Haken Edelstahl Flach 8cm - bis 25kg Belastbar - Rostfreie S-Haken zum Aufh\u00e4ngen","robots":{"index":"index","follow":"follow","max-snippet":"max-snippet:-1","max-image-preview":"max-image-preview:large","max-video-preview":"max-video-preview:-1"},"canonical":"https:\/\/marktxxl.de\/markt\/produkt\/12-kleine-s-haken-edelstahl-flach-8cm-bis-25kg-belastbar-rostfreie-s-haken-zum-aufhaengen\/","og_locale":"de_DE","og_type":"article","og_title":"12 Kleine S Haken Edelstahl Flach 8cm - bis 25kg Belastbar - Rostfreie S-Haken zum Aufh\u00e4ngen - Markt-XXL","og_description":"Markt-XXL 12 Kleine S Haken Edelstahl Flach 8cm - bis 25kg Belastbar - Rostfreie S-Haken zum Aufh\u00e4ngen","og_url":"https:\/\/marktxxl.de\/markt\/produkt\/12-kleine-s-haken-edelstahl-flach-8cm-bis-25kg-belastbar-rostfreie-s-haken-zum-aufhaengen\/","og_site_name":"Markt-XXL","article_modified_time":"2023-04-11T00:08:44+00:00","og_image":[{"width":500,"height":500,"url":"https:\/\/m.media-amazon.com\/images\/I\/51ucctWmLtL._SL500_.jpg","type":"image\/jpeg"}],"twitter_card":"summary_large_image","twitter_misc":{"Gesch\u00e4tzte Lesezeit":"1\u00a0Minute"},"schema":{"@context":"https:\/\/schema.org","@graph":[{"@type":"WebPage","@id":"https:\/\/marktxxl.de\/markt\/produkt\/12-kleine-s-haken-edelstahl-flach-8cm-bis-25kg-belastbar-rostfreie-s-haken-zum-aufhaengen\/","url":"https:\/\/marktxxl.de\/markt\/produkt\/12-kleine-s-haken-edelstahl-flach-8cm-bis-25kg-belastbar-rostfreie-s-haken-zum-aufhaengen\/","name":"12 Kleine S Haken Edelstahl Flach 8cm - bis 25kg Belastbar - Rostfreie S-Haken zum Aufh\u00e4ngen - Markt-XXL","isPartOf":{"@id":"https:\/\/marktxxl.de\/markt\/#website"},"primaryImageOfPage":{"@id":"https:\/\/marktxxl.de\/markt\/produkt\/12-kleine-s-haken-edelstahl-flach-8cm-bis-25kg-belastbar-rostfreie-s-haken-zum-aufhaengen\/#primaryimage"},"image":{"@id":"https:\/\/marktxxl.de\/markt\/produkt\/12-kleine-s-haken-edelstahl-flach-8cm-bis-25kg-belastbar-rostfreie-s-haken-zum-aufhaengen\/#primaryimage"},"thumbnailUrl":"https:\/\/m.media-amazon.com\/images\/I\/51ucctWmLtL._SL500_.jpg","datePublished":"2021-10-12T20:49:32+00:00","dateModified":"2023-04-11T00:08:44+00:00","description":"Markt-XXL 12 Kleine S Haken Edelstahl Flach 8cm - bis 25kg Belastbar - Rostfreie S-Haken zum Aufh\u00e4ngen","breadcrumb":{"@id":"https:\/\/marktxxl.de\/markt\/produkt\/12-kleine-s-haken-edelstahl-flach-8cm-bis-25kg-belastbar-rostfreie-s-haken-zum-aufhaengen\/#breadcrumb"},"inLanguage":"de","potentialAction":[{"@type":"ReadAction","target":["https:\/\/marktxxl.de\/markt\/produkt\/12-kleine-s-haken-edelstahl-flach-8cm-bis-25kg-belastbar-rostfreie-s-haken-zum-aufhaengen\/"]}]},{"@type":"ImageObject","inLanguage":"de","@id":"https:\/\/marktxxl.de\/markt\/produkt\/12-kleine-s-haken-edelstahl-flach-8cm-bis-25kg-belastbar-rostfreie-s-haken-zum-aufhaengen\/#primaryimage","url":"https:\/\/m.media-amazon.com\/images\/I\/51ucctWmLtL._SL500_.jpg","contentUrl":"https:\/\/m.media-amazon.com\/images\/I\/51ucctWmLtL._SL500_.jpg","width":500,"height":500},{"@type":"BreadcrumbList","@id":"https:\/\/marktxxl.de\/markt\/produkt\/12-kleine-s-haken-edelstahl-flach-8cm-bis-25kg-belastbar-rostfreie-s-haken-zum-aufhaengen\/#breadcrumb","itemListElement":[{"@type":"ListItem","position":1,"name":"Startseite","item":"https:\/\/marktxxl.de\/markt\/"},{"@type":"ListItem","position":2,"name":"Markt","item":"https:\/\/marktxxl.de\/markt\/"},{"@type":"ListItem","position":3,"name":"12 Kleine S Haken Edelstahl Flach 8cm &#8211; bis 25kg Belastbar &#8211; Rostfreie S-Haken zum Aufh\u00e4ngen"}]},{"@type":"WebSite","@id":"https:\/\/marktxxl.de\/markt\/#website","url":"https:\/\/marktxxl.de\/markt\/","name":"Markt-XXL","description":"Ihr Markt Online","publisher":{"@id":"https:\/\/marktxxl.de\/markt\/#organization"},"potentialAction":[{"@type":"SearchAction","target":{"@type":"EntryPoint","urlTemplate":"https:\/\/marktxxl.de\/markt\/?s={search_term_string}"},"query-input":{"@type":"PropertyValueSpecification","valueRequired":true,"valueName":"search_term_string"}}],"inLanguage":"de"},{"@type":"Organization","@id":"https:\/\/marktxxl.de\/markt\/#organization","name":"Markt-XXL","url":"https:\/\/marktxxl.de\/markt\/","logo":{"@type":"ImageObject","inLanguage":"de","@id":"https:\/\/marktxxl.de\/markt\/#\/schema\/logo\/image\/","url":"https:\/\/marktxxl.de\/markt\/wp-content\/uploads\/sites\/3\/2020\/12\/logo.png","contentUrl":"https:\/\/marktxxl.de\/markt\/wp-content\/uploads\/sites\/3\/2020\/12\/logo.png","width":200,"height":70,"caption":"Markt-XXL"},"image":{"@id":"https:\/\/marktxxl.de\/markt\/#\/schema\/logo\/image\/"}}]}},"_links":{"self":[{"href":"https:\/\/marktxxl.de\/markt\/wp-json\/wp\/v2\/product\/47770","targetHints":{"allow":["GET"]}}],"collection":[{"href":"https:\/\/marktxxl.de\/markt\/wp-json\/wp\/v2\/product"}],"about":[{"href":"https:\/\/marktxxl.de\/markt\/wp-json\/wp\/v2\/types\/product"}],"replies":[{"embeddable":true,"href":"https:\/\/marktxxl.de\/markt\/wp-json\/wp\/v2\/comments?post=47770"}],"wp:featuredmedia":[{"embeddable":true,"href":"https:\/\/marktxxl.de\/markt\/wp-json\/wp\/v2\/media\/47771"}],"wp:attachment":[{"href":"https:\/\/marktxxl.de\/markt\/wp-json\/wp\/v2\/media?parent=47770"}],"wp:term":[{"taxonomy":"product_brand","embeddable":true,"href":"https:\/\/marktxxl.de\/markt\/wp-json\/wp\/v2\/product_brand?post=47770"},{"taxonomy":"product_cat","embeddable":true,"href":"https:\/\/marktxxl.de\/markt\/wp-json\/wp\/v2\/product_cat?post=47770"},{"taxonomy":"product_tag","embeddable":true,"href":"https:\/\/marktxxl.de\/markt\/wp-json\/wp\/v2\/product_tag?post=47770"}],"curies":[{"name":"wp","href":"https:\/\/api.w.org\/{rel}","templated":true}]}}