{"id":47716,"date":"2021-10-12T22:46:17","date_gmt":"2021-10-12T20:46:17","guid":{"rendered":"https:\/\/marktxxl.de\/markt\/produkt\/magnethakenmagnet-haken32mm-neodym-magnet-haken-haelt-80-lbs%ef%bc%8836kg%ef%bc%89super-starker-magnete-mit-haken-magnetischer-haken-einsatzbereich-kueche\/"},"modified":"2023-04-11T02:08:43","modified_gmt":"2023-04-11T00:08:43","slug":"magnethakenmagnet-haken32mm-neodym-magnet-haken-haelt-80-lbs%ef%bc%8836kg%ef%bc%89super-starker-magnete-mit-haken-magnetischer-haken-einsatzbereich-kueche","status":"publish","type":"product","link":"https:\/\/marktxxl.de\/markt\/produkt\/magnethakenmagnet-haken32mm-neodym-magnet-haken-haelt-80-lbs%ef%bc%8836kg%ef%bc%89super-starker-magnete-mit-haken-magnetischer-haken-einsatzbereich-kueche\/","title":{"rendered":"Magnethaken,Magnet Haken,32MM Neodym Magnet Haken h\u00e4lt 80 LBS\uff0836KG\uff09,Super Starker Magnete mit Haken, Magnetischer Haken\u2026"},"content":{"rendered":"<p>Serwis haczyk\u00f3w magnetycznych: Gwarantujemy r\u00f3wnie\u017c rok gwarancji jako\u015bci. Je\u015bli wyst\u0105pi problem z jako\u015bci\u0105. Skontaktuj si\u0119 z nami, a my mo\u017cemy przeprowadzi\u0107 now\u0105 wymian\u0119 lub zwrot pieni\u0119dzy.<br \/>\nStarke Magnetische-80LBS(36KG): Der durchmesser dieser Magnethaken 32 mm,diese magnetischen Haken sind ziemlich klein,aber n\u00fctzlichund nehmen nicht zu viel Platz in Anspruch,f\u00fcr einen starken Halt. Diese magnet haken tragen angebracht werden oder bis zu 80 LBS(36KG) bei Verwendung in vertikaler.<br \/>\nEinfache Installation&amp;Kratzschutz: Einfache Installation ohne Bohren.Bringen Sie im Handumdrehen den magnethaken an jeder metallischen Oberfl\u00e4che an\u2013ohne N\u00e4gel oder Schrauben und ohne viel Aufwand. Wenn sie ihn nicht mehr ben\u00f6tigt, entfernen Sie ihn ebenso einfach wieder. Nehmen Sie sie mit Ihnen, wenn Sie f\u00fcr einfache Lagerung und h\u00e4ngende L\u00f6sung reisen.<br \/>\nPraktisch &amp; Flexibel Einsetzbar: Kann an nahezu jeder metallischen Oberfl\u00e4che im Handumdrehen angebracht werden, ohne Montage. Perfekt geeignet in Schulen, B\u00fcros, Wohnungen, Turnhallen, Garagen, Lagerhallen und vieles mehr verwendet werden! Nehmen Sie sie mit Ihnen, wenn Sie f\u00fcr einfache Lagerung und h\u00e4ngende L\u00f6sung reisen.<br \/>\nMagnethaken Service: Wir garantieren auch ein Jahr Qualit\u00e4tsversprechen. Wenn hier ein Qualit\u00e4tsproblem besteht. Kontaktieren Sie uns einfach und wir k\u00f6nnen einen neuen Ersatz oder eine R\u00fcckerstattung vornehmen.<br \/>\n<div class=\"main-cross-sell\" data-asin=\"B07K31LGPG\">\n\n\t<div class=\"WooZone-cross-sell-loader\">\n\t\t<div>\n\t\t\t<div id=\"floatingBarsG\">\n\t\t\t\t<div class=\"blockG\" id=\"rotateG_01\"><\/div>\n\t\t\t\t<div class=\"blockG\" id=\"rotateG_02\"><\/div>\n\t\t\t\t<div class=\"blockG\" id=\"rotateG_03\"><\/div>\n\t\t\t\t<div class=\"blockG\" id=\"rotateG_04\"><\/div>\n\t\t\t\t<div class=\"blockG\" id=\"rotateG_05\"><\/div>\n\t\t\t\t<div class=\"blockG\" id=\"rotateG_06\"><\/div>\n\t\t\t\t<div class=\"blockG\" id=\"rotateG_07\"><\/div>\n\t\t\t\t<div class=\"blockG\" id=\"rotateG_08\"><\/div>\n\t\t\t<\/div>\n\t\t\t<div class=\"WooZone-cross-sell-loader-text\"><\/div>\n\t\t<\/div>\n\t<\/div>\n\n\t\t\n<\/div>\n<div style=\"clear:both;\"><\/div><\/p>\n","protected":false},"excerpt":{"rendered":"<p>Serwis haczyk\u00f3w magnetycznych: Gwarantujemy r\u00f3wnie\u017c rok gwarancji jako\u015bci. Je\u015bli wyst\u0105pi problem z jako\u015bci\u0105. Skontaktuj si\u0119 z nami, a my mo\u017cemy przeprowadzi\u0107 now\u0105 wymian\u0119 lub zwrot pieni\u0119dzy.<br \/>\nStarke Magnetische-80LBS(36KG): Der durchmesser dieser Magnethaken 32 mm,diese magnetischen Haken sind ziemlich klein,aber n\u00fctzlichund nehmen nicht zu viel Platz in Anspruch,f\u00fcr einen starken Halt. Diese magnet haken tragen angebracht werden oder bis zu 80 LBS(36KG) bei Verwendung in vertikaler.<br \/>\nEinfache Installation&amp;Kratzschutz: Einfache Installation ohne Bohren.Bringen Sie im Handumdrehen den magnethaken an jeder metallischen Oberfl\u00e4che an\u2013ohne N\u00e4gel oder Schrauben und ohne viel Aufwand. Wenn sie ihn nicht mehr ben\u00f6tigt, entfernen Sie ihn ebenso einfach wieder. Nehmen Sie sie mit Ihnen, wenn Sie f\u00fcr einfache Lagerung und h\u00e4ngende L\u00f6sung reisen.<\/p>\n","protected":false},"featured_media":47717,"comment_status":"open","ping_status":"closed","template":"","meta":[],"product_brand":[],"product_cat":[1983,10865],"product_tag":[],"class_list":{"0":"post-47716","1":"product","2":"type-product","3":"status-publish","4":"has-post-thumbnail","6":"product_cat-baumarkt","7":"product_cat-eisenwaren","8":"pa_binding-werkzeug","9":"pa_brand-ysybl","10":"pa_height-1-881886-zoll","11":"pa_length-1-25984-zoll","12":"pa_manufacturer-ysybl","13":"pa_model-kzzj-bdd_sml","14":"pa_width-1-25984-zoll","16":"first","17":"instock","18":"shipping-taxable","19":"purchasable","20":"product-type-simple","21":"customify-col","22":"product-has-gallery"},"yoast_head":"<!-- This site is optimized with the Yoast SEO plugin v27.4 - https:\/\/yoast.com\/product\/yoast-seo-wordpress\/ -->\n<title>Magnethaken,Magnet Haken,32MM Neodym Magnet Haken h\u00e4lt 80 LBS\uff0836KG\uff09,Super Starker Magnete mit Haken, Magnetischer Haken\u2026 - Markt-XXL<\/title>\n<meta name=\"description\" content=\"Markt-XXL Magnethaken,Magnet Haken,32MM Neodym Magnet Haken h\u00e4lt 80 LBS\uff0836KG\uff09,Super Starker Magnete mit Haken, Magnetischer Haken\u2026\" \/>\n<meta name=\"robots\" content=\"index, follow, max-snippet:-1, max-image-preview:large, max-video-preview:-1\" \/>\n<link rel=\"canonical\" href=\"https:\/\/marktxxl.de\/markt\/produkt\/magnethakenmagnet-haken32mm-neodym-magnet-haken-haelt-80-lbs\uff0836kg\uff09super-starker-magnete-mit-haken-magnetischer-haken-einsatzbereich-kueche\/\" \/>\n<meta property=\"og:locale\" content=\"de_DE\" \/>\n<meta property=\"og:type\" content=\"article\" \/>\n<meta property=\"og:title\" content=\"Magnethaken,Magnet Haken,32MM Neodym Magnet Haken h\u00e4lt 80 LBS\uff0836KG\uff09,Super Starker Magnete mit Haken, Magnetischer Haken\u2026 - Markt-XXL\" \/>\n<meta property=\"og:description\" content=\"Markt-XXL Magnethaken,Magnet Haken,32MM Neodym Magnet Haken h\u00e4lt 80 LBS\uff0836KG\uff09,Super Starker Magnete mit Haken, Magnetischer Haken\u2026\" \/>\n<meta property=\"og:url\" content=\"https:\/\/marktxxl.de\/markt\/produkt\/magnethakenmagnet-haken32mm-neodym-magnet-haken-haelt-80-lbs\uff0836kg\uff09super-starker-magnete-mit-haken-magnetischer-haken-einsatzbereich-kueche\/\" \/>\n<meta property=\"og:site_name\" content=\"Markt-XXL\" \/>\n<meta property=\"article:modified_time\" content=\"2023-04-11T00:08:43+00:00\" \/>\n<meta property=\"og:image\" content=\"https:\/\/m.media-amazon.com\/images\/I\/41GXNKBSLeS._SL500_.jpg\" \/>\n\t<meta property=\"og:image:width\" content=\"500\" \/>\n\t<meta property=\"og:image:height\" content=\"500\" \/>\n\t<meta property=\"og:image:type\" content=\"image\/jpeg\" \/>\n<meta name=\"twitter:card\" content=\"summary_large_image\" \/>\n<meta name=\"twitter:label1\" content=\"Gesch\u00e4tzte Lesezeit\" \/>\n\t<meta name=\"twitter:data1\" content=\"1\u00a0Minute\" \/>\n<script type=\"application\/ld+json\" class=\"yoast-schema-graph\">{\"@context\":\"https:\\\/\\\/schema.org\",\"@graph\":[{\"@type\":\"WebPage\",\"@id\":\"https:\\\/\\\/marktxxl.de\\\/markt\\\/produkt\\\/magnethakenmagnet-haken32mm-neodym-magnet-haken-haelt-80-lbs%ef%bc%8836kg%ef%bc%89super-starker-magnete-mit-haken-magnetischer-haken-einsatzbereich-kueche\\\/\",\"url\":\"https:\\\/\\\/marktxxl.de\\\/markt\\\/produkt\\\/magnethakenmagnet-haken32mm-neodym-magnet-haken-haelt-80-lbs%ef%bc%8836kg%ef%bc%89super-starker-magnete-mit-haken-magnetischer-haken-einsatzbereich-kueche\\\/\",\"name\":\"Magnethaken,Magnet Haken,32MM Neodym Magnet Haken h\u00e4lt 80 LBS\uff0836KG\uff09,Super Starker Magnete mit Haken, Magnetischer Haken\u2026 - Markt-XXL\",\"isPartOf\":{\"@id\":\"https:\\\/\\\/marktxxl.de\\\/markt\\\/#website\"},\"primaryImageOfPage\":{\"@id\":\"https:\\\/\\\/marktxxl.de\\\/markt\\\/produkt\\\/magnethakenmagnet-haken32mm-neodym-magnet-haken-haelt-80-lbs%ef%bc%8836kg%ef%bc%89super-starker-magnete-mit-haken-magnetischer-haken-einsatzbereich-kueche\\\/#primaryimage\"},\"image\":{\"@id\":\"https:\\\/\\\/marktxxl.de\\\/markt\\\/produkt\\\/magnethakenmagnet-haken32mm-neodym-magnet-haken-haelt-80-lbs%ef%bc%8836kg%ef%bc%89super-starker-magnete-mit-haken-magnetischer-haken-einsatzbereich-kueche\\\/#primaryimage\"},\"thumbnailUrl\":\"https:\\\/\\\/m.media-amazon.com\\\/images\\\/I\\\/41GXNKBSLeS._SL500_.jpg\",\"datePublished\":\"2021-10-12T20:46:17+00:00\",\"dateModified\":\"2023-04-11T00:08:43+00:00\",\"description\":\"Markt-XXL Magnethaken,Magnet Haken,32MM Neodym Magnet Haken h\u00e4lt 80 LBS\uff0836KG\uff09,Super Starker Magnete mit Haken, Magnetischer Haken\u2026\",\"breadcrumb\":{\"@id\":\"https:\\\/\\\/marktxxl.de\\\/markt\\\/produkt\\\/magnethakenmagnet-haken32mm-neodym-magnet-haken-haelt-80-lbs%ef%bc%8836kg%ef%bc%89super-starker-magnete-mit-haken-magnetischer-haken-einsatzbereich-kueche\\\/#breadcrumb\"},\"inLanguage\":\"de\",\"potentialAction\":[{\"@type\":\"ReadAction\",\"target\":[\"https:\\\/\\\/marktxxl.de\\\/markt\\\/produkt\\\/magnethakenmagnet-haken32mm-neodym-magnet-haken-haelt-80-lbs%ef%bc%8836kg%ef%bc%89super-starker-magnete-mit-haken-magnetischer-haken-einsatzbereich-kueche\\\/\"]}]},{\"@type\":\"ImageObject\",\"inLanguage\":\"de\",\"@id\":\"https:\\\/\\\/marktxxl.de\\\/markt\\\/produkt\\\/magnethakenmagnet-haken32mm-neodym-magnet-haken-haelt-80-lbs%ef%bc%8836kg%ef%bc%89super-starker-magnete-mit-haken-magnetischer-haken-einsatzbereich-kueche\\\/#primaryimage\",\"url\":\"https:\\\/\\\/m.media-amazon.com\\\/images\\\/I\\\/41GXNKBSLeS._SL500_.jpg\",\"contentUrl\":\"https:\\\/\\\/m.media-amazon.com\\\/images\\\/I\\\/41GXNKBSLeS._SL500_.jpg\",\"width\":500,\"height\":500},{\"@type\":\"BreadcrumbList\",\"@id\":\"https:\\\/\\\/marktxxl.de\\\/markt\\\/produkt\\\/magnethakenmagnet-haken32mm-neodym-magnet-haken-haelt-80-lbs%ef%bc%8836kg%ef%bc%89super-starker-magnete-mit-haken-magnetischer-haken-einsatzbereich-kueche\\\/#breadcrumb\",\"itemListElement\":[{\"@type\":\"ListItem\",\"position\":1,\"name\":\"Startseite\",\"item\":\"https:\\\/\\\/marktxxl.de\\\/markt\\\/\"},{\"@type\":\"ListItem\",\"position\":2,\"name\":\"Markt\",\"item\":\"https:\\\/\\\/marktxxl.de\\\/markt\\\/\"},{\"@type\":\"ListItem\",\"position\":3,\"name\":\"Magnethaken,Magnet Haken,32MM Neodym Magnet Haken h\u00e4lt 80 LBS\uff0836KG\uff09,Super Starker Magnete mit Haken, Magnetischer Haken\u2026\"}]},{\"@type\":\"WebSite\",\"@id\":\"https:\\\/\\\/marktxxl.de\\\/markt\\\/#website\",\"url\":\"https:\\\/\\\/marktxxl.de\\\/markt\\\/\",\"name\":\"Markt-XXL\",\"description\":\"Ihr Markt Online\",\"publisher\":{\"@id\":\"https:\\\/\\\/marktxxl.de\\\/markt\\\/#organization\"},\"potentialAction\":[{\"@type\":\"SearchAction\",\"target\":{\"@type\":\"EntryPoint\",\"urlTemplate\":\"https:\\\/\\\/marktxxl.de\\\/markt\\\/?s={search_term_string}\"},\"query-input\":{\"@type\":\"PropertyValueSpecification\",\"valueRequired\":true,\"valueName\":\"search_term_string\"}}],\"inLanguage\":\"de\"},{\"@type\":\"Organization\",\"@id\":\"https:\\\/\\\/marktxxl.de\\\/markt\\\/#organization\",\"name\":\"Markt-XXL\",\"url\":\"https:\\\/\\\/marktxxl.de\\\/markt\\\/\",\"logo\":{\"@type\":\"ImageObject\",\"inLanguage\":\"de\",\"@id\":\"https:\\\/\\\/marktxxl.de\\\/markt\\\/#\\\/schema\\\/logo\\\/image\\\/\",\"url\":\"https:\\\/\\\/marktxxl.de\\\/markt\\\/wp-content\\\/uploads\\\/sites\\\/3\\\/2020\\\/12\\\/logo.png\",\"contentUrl\":\"https:\\\/\\\/marktxxl.de\\\/markt\\\/wp-content\\\/uploads\\\/sites\\\/3\\\/2020\\\/12\\\/logo.png\",\"width\":200,\"height\":70,\"caption\":\"Markt-XXL\"},\"image\":{\"@id\":\"https:\\\/\\\/marktxxl.de\\\/markt\\\/#\\\/schema\\\/logo\\\/image\\\/\"}}]}<\/script>\n<!-- \/ Yoast SEO plugin. -->","yoast_head_json":{"title":"Magnethaken,Magnet Haken,32MM Neodym Magnet Haken h\u00e4lt 80 LBS\uff0836KG\uff09,Super Starker Magnete mit Haken, Magnetischer Haken\u2026 - Markt-XXL","description":"Markt-XXL Magnethaken,Magnet Haken,32MM Neodym Magnet Haken h\u00e4lt 80 LBS\uff0836KG\uff09,Super Starker Magnete mit Haken, Magnetischer Haken\u2026","robots":{"index":"index","follow":"follow","max-snippet":"max-snippet:-1","max-image-preview":"max-image-preview:large","max-video-preview":"max-video-preview:-1"},"canonical":"https:\/\/marktxxl.de\/markt\/produkt\/magnethakenmagnet-haken32mm-neodym-magnet-haken-haelt-80-lbs\uff0836kg\uff09super-starker-magnete-mit-haken-magnetischer-haken-einsatzbereich-kueche\/","og_locale":"de_DE","og_type":"article","og_title":"Magnethaken,Magnet Haken,32MM Neodym Magnet Haken h\u00e4lt 80 LBS\uff0836KG\uff09,Super Starker Magnete mit Haken, Magnetischer Haken\u2026 - Markt-XXL","og_description":"Markt-XXL Magnethaken,Magnet Haken,32MM Neodym Magnet Haken h\u00e4lt 80 LBS\uff0836KG\uff09,Super Starker Magnete mit Haken, Magnetischer Haken\u2026","og_url":"https:\/\/marktxxl.de\/markt\/produkt\/magnethakenmagnet-haken32mm-neodym-magnet-haken-haelt-80-lbs\uff0836kg\uff09super-starker-magnete-mit-haken-magnetischer-haken-einsatzbereich-kueche\/","og_site_name":"Markt-XXL","article_modified_time":"2023-04-11T00:08:43+00:00","og_image":[{"width":500,"height":500,"url":"https:\/\/m.media-amazon.com\/images\/I\/41GXNKBSLeS._SL500_.jpg","type":"image\/jpeg"}],"twitter_card":"summary_large_image","twitter_misc":{"Gesch\u00e4tzte Lesezeit":"1\u00a0Minute"},"schema":{"@context":"https:\/\/schema.org","@graph":[{"@type":"WebPage","@id":"https:\/\/marktxxl.de\/markt\/produkt\/magnethakenmagnet-haken32mm-neodym-magnet-haken-haelt-80-lbs%ef%bc%8836kg%ef%bc%89super-starker-magnete-mit-haken-magnetischer-haken-einsatzbereich-kueche\/","url":"https:\/\/marktxxl.de\/markt\/produkt\/magnethakenmagnet-haken32mm-neodym-magnet-haken-haelt-80-lbs%ef%bc%8836kg%ef%bc%89super-starker-magnete-mit-haken-magnetischer-haken-einsatzbereich-kueche\/","name":"Magnethaken,Magnet Haken,32MM Neodym Magnet Haken h\u00e4lt 80 LBS\uff0836KG\uff09,Super Starker Magnete mit Haken, Magnetischer Haken\u2026 - Markt-XXL","isPartOf":{"@id":"https:\/\/marktxxl.de\/markt\/#website"},"primaryImageOfPage":{"@id":"https:\/\/marktxxl.de\/markt\/produkt\/magnethakenmagnet-haken32mm-neodym-magnet-haken-haelt-80-lbs%ef%bc%8836kg%ef%bc%89super-starker-magnete-mit-haken-magnetischer-haken-einsatzbereich-kueche\/#primaryimage"},"image":{"@id":"https:\/\/marktxxl.de\/markt\/produkt\/magnethakenmagnet-haken32mm-neodym-magnet-haken-haelt-80-lbs%ef%bc%8836kg%ef%bc%89super-starker-magnete-mit-haken-magnetischer-haken-einsatzbereich-kueche\/#primaryimage"},"thumbnailUrl":"https:\/\/m.media-amazon.com\/images\/I\/41GXNKBSLeS._SL500_.jpg","datePublished":"2021-10-12T20:46:17+00:00","dateModified":"2023-04-11T00:08:43+00:00","description":"Markt-XXL Magnethaken,Magnet Haken,32MM Neodym Magnet Haken h\u00e4lt 80 LBS\uff0836KG\uff09,Super Starker Magnete mit Haken, Magnetischer Haken\u2026","breadcrumb":{"@id":"https:\/\/marktxxl.de\/markt\/produkt\/magnethakenmagnet-haken32mm-neodym-magnet-haken-haelt-80-lbs%ef%bc%8836kg%ef%bc%89super-starker-magnete-mit-haken-magnetischer-haken-einsatzbereich-kueche\/#breadcrumb"},"inLanguage":"de","potentialAction":[{"@type":"ReadAction","target":["https:\/\/marktxxl.de\/markt\/produkt\/magnethakenmagnet-haken32mm-neodym-magnet-haken-haelt-80-lbs%ef%bc%8836kg%ef%bc%89super-starker-magnete-mit-haken-magnetischer-haken-einsatzbereich-kueche\/"]}]},{"@type":"ImageObject","inLanguage":"de","@id":"https:\/\/marktxxl.de\/markt\/produkt\/magnethakenmagnet-haken32mm-neodym-magnet-haken-haelt-80-lbs%ef%bc%8836kg%ef%bc%89super-starker-magnete-mit-haken-magnetischer-haken-einsatzbereich-kueche\/#primaryimage","url":"https:\/\/m.media-amazon.com\/images\/I\/41GXNKBSLeS._SL500_.jpg","contentUrl":"https:\/\/m.media-amazon.com\/images\/I\/41GXNKBSLeS._SL500_.jpg","width":500,"height":500},{"@type":"BreadcrumbList","@id":"https:\/\/marktxxl.de\/markt\/produkt\/magnethakenmagnet-haken32mm-neodym-magnet-haken-haelt-80-lbs%ef%bc%8836kg%ef%bc%89super-starker-magnete-mit-haken-magnetischer-haken-einsatzbereich-kueche\/#breadcrumb","itemListElement":[{"@type":"ListItem","position":1,"name":"Startseite","item":"https:\/\/marktxxl.de\/markt\/"},{"@type":"ListItem","position":2,"name":"Markt","item":"https:\/\/marktxxl.de\/markt\/"},{"@type":"ListItem","position":3,"name":"Magnethaken,Magnet Haken,32MM Neodym Magnet Haken h\u00e4lt 80 LBS\uff0836KG\uff09,Super Starker Magnete mit Haken, Magnetischer Haken\u2026"}]},{"@type":"WebSite","@id":"https:\/\/marktxxl.de\/markt\/#website","url":"https:\/\/marktxxl.de\/markt\/","name":"Markt-XXL","description":"Ihr Markt Online","publisher":{"@id":"https:\/\/marktxxl.de\/markt\/#organization"},"potentialAction":[{"@type":"SearchAction","target":{"@type":"EntryPoint","urlTemplate":"https:\/\/marktxxl.de\/markt\/?s={search_term_string}"},"query-input":{"@type":"PropertyValueSpecification","valueRequired":true,"valueName":"search_term_string"}}],"inLanguage":"de"},{"@type":"Organization","@id":"https:\/\/marktxxl.de\/markt\/#organization","name":"Markt-XXL","url":"https:\/\/marktxxl.de\/markt\/","logo":{"@type":"ImageObject","inLanguage":"de","@id":"https:\/\/marktxxl.de\/markt\/#\/schema\/logo\/image\/","url":"https:\/\/marktxxl.de\/markt\/wp-content\/uploads\/sites\/3\/2020\/12\/logo.png","contentUrl":"https:\/\/marktxxl.de\/markt\/wp-content\/uploads\/sites\/3\/2020\/12\/logo.png","width":200,"height":70,"caption":"Markt-XXL"},"image":{"@id":"https:\/\/marktxxl.de\/markt\/#\/schema\/logo\/image\/"}}]}},"_links":{"self":[{"href":"https:\/\/marktxxl.de\/markt\/wp-json\/wp\/v2\/product\/47716","targetHints":{"allow":["GET"]}}],"collection":[{"href":"https:\/\/marktxxl.de\/markt\/wp-json\/wp\/v2\/product"}],"about":[{"href":"https:\/\/marktxxl.de\/markt\/wp-json\/wp\/v2\/types\/product"}],"replies":[{"embeddable":true,"href":"https:\/\/marktxxl.de\/markt\/wp-json\/wp\/v2\/comments?post=47716"}],"wp:featuredmedia":[{"embeddable":true,"href":"https:\/\/marktxxl.de\/markt\/wp-json\/wp\/v2\/media\/47717"}],"wp:attachment":[{"href":"https:\/\/marktxxl.de\/markt\/wp-json\/wp\/v2\/media?parent=47716"}],"wp:term":[{"taxonomy":"product_brand","embeddable":true,"href":"https:\/\/marktxxl.de\/markt\/wp-json\/wp\/v2\/product_brand?post=47716"},{"taxonomy":"product_cat","embeddable":true,"href":"https:\/\/marktxxl.de\/markt\/wp-json\/wp\/v2\/product_cat?post=47716"},{"taxonomy":"product_tag","embeddable":true,"href":"https:\/\/marktxxl.de\/markt\/wp-json\/wp\/v2\/product_tag?post=47716"}],"curies":[{"name":"wp","href":"https:\/\/api.w.org\/{rel}","templated":true}]}}