{"id":47629,"date":"2021-10-12T22:44:24","date_gmt":"2021-10-12T20:44:24","guid":{"rendered":"https:\/\/marktxxl.de\/markt\/produkt\/silverrack-tuerstopper-edelstahl-tuerklinkenpuffer-wandpuffer-kantenschutz\/"},"modified":"2023-04-11T02:08:41","modified_gmt":"2023-04-11T00:08:41","slug":"silverrack-tuerstopper-edelstahl-tuerklinkenpuffer-wandpuffer-kantenschutz","status":"publish","type":"product","link":"https:\/\/marktxxl.de\/markt\/produkt\/silverrack-tuerstopper-edelstahl-tuerklinkenpuffer-wandpuffer-kantenschutz\/","title":{"rendered":"SilverRack\u00ae T\u00fcrstopper Edelstahl T\u00fcrklinkenpuffer Wandpuffer Kantenschutz"},"content":{"rendered":"<p>\u2705 ???????????? ???? &#8211; Durch die ausgekl\u00fcgelte Schwerpunktverteilung verhindert der rund 10&#215;4,5cm gro\u00dfe T\u00fcrstopper effektiv jegliches Verrutschen! Der rutschfeste Gummiboden und sein Gewicht von 1,1 kg erm\u00f6glichen Festen Halt auf allen B\u00f6den!<br \/>\n\u2705 ??????????? ?\u00dc??????? &#8211; Da die SilverRack Edelstahl T\u00fcrstopper mit elastischen aber gleichzeitig rissfesten u. UV-best\u00e4ndigen Gummiringen versehen sind, federn Sie m\u00fchelos T\u00fcrschl\u00e4ge ab und schonen so effektiv T\u00fcrrahmen und W\u00e4nde vor Besch\u00e4digungen!<br \/>\n\u2705 ?? ?????? ?????????? &#8211; Wir m\u00f6chten Ihnen den besten Schutz gew\u00e4hrleisten: Um T\u00fcrrahmen und W\u00e4nde vor Besch\u00e4digungen wie Kerben und Schrammen dauerhaft u. effektiv zu sch\u00fctzen, erhalten Sie neben dem Tuerstopper Set 4 gratis T\u00fcrpuffer dazu!<br \/>\n\u2705 ?????????? ?????????? \u2013 Speziell im neuen Eigenheim sind Schrammen extrem unsch\u00f6n: daher einfach die ca. 10&#215;4 mm gro\u00dfen und damit nahezu unsichtbaren Wand T\u00fcrpuffer hinter der T\u00fcr, dem Schrank oder dem Klodeckel anbringen und mehr von Ihrer Immobilie haben!<br \/>\n\u2705 ??????\u00c4????????????? \u2013 Das Boden T\u00fcrstopper Set wird nach h\u00f6chsten Standards gefertigt. Weil wir zu 100% in unsere Qualit\u00e4t vertrauen, geben wir Ihnen ein Versprechen: Sollten Sie mit den T\u00fcrstopper unzufrieden sein, erhalten Sie Ihr Geld zur\u00fcck &#8211; bis zu 90 Tage nach Kauf!<br \/>\n<div class=\"main-cross-sell\" data-asin=\"B08B91FS34\">\n\n\t<div class=\"WooZone-cross-sell-loader\">\n\t\t<div>\n\t\t\t<div id=\"floatingBarsG\">\n\t\t\t\t<div class=\"blockG\" id=\"rotateG_01\"><\/div>\n\t\t\t\t<div class=\"blockG\" id=\"rotateG_02\"><\/div>\n\t\t\t\t<div class=\"blockG\" id=\"rotateG_03\"><\/div>\n\t\t\t\t<div class=\"blockG\" id=\"rotateG_04\"><\/div>\n\t\t\t\t<div class=\"blockG\" id=\"rotateG_05\"><\/div>\n\t\t\t\t<div class=\"blockG\" id=\"rotateG_06\"><\/div>\n\t\t\t\t<div class=\"blockG\" id=\"rotateG_07\"><\/div>\n\t\t\t\t<div class=\"blockG\" id=\"rotateG_08\"><\/div>\n\t\t\t<\/div>\n\t\t\t<div class=\"WooZone-cross-sell-loader-text\"><\/div>\n\t\t<\/div>\n\t<\/div>\n\n\t\t\n<\/div>\n<div style=\"clear:both;\"><\/div><\/p>\n","protected":false},"excerpt":{"rendered":"<p>\u2705 ???????????? ???? &#8211; Durch die ausgekl\u00fcgelte Schwerpunktverteilung verhindert der rund 10&#215;4,5cm gro\u00dfe T\u00fcrstopper effektiv jegliches Verrutschen! Der rutschfeste Gummiboden und sein Gewicht von 1,1 kg erm\u00f6glichen Festen Halt auf allen B\u00f6den!<br \/>\n\u2705 ??????????? ?\u00dc??????? &#8211; Da die SilverRack Edelstahl T\u00fcrstopper mit elastischen aber gleichzeitig rissfesten u. UV-best\u00e4ndigen Gummiringen versehen sind, federn Sie m\u00fchelos T\u00fcrschl\u00e4ge ab und schonen so effektiv T\u00fcrrahmen und W\u00e4nde vor Besch\u00e4digungen!<br \/>\n\u2705 ?? ?????? ?????????? &#8211; Wir m\u00f6chten Ihnen den besten Schutz gew\u00e4hrleisten: Um T\u00fcrrahmen und W\u00e4nde vor Besch\u00e4digungen wie Kerben und Schrammen dauerhaft u. effektiv zu sch\u00fctzen, erhalten Sie neben dem Tuerstopper Set 4 gratis T\u00fcrpuffer dazu!<\/p>\n","protected":false},"featured_media":47638,"comment_status":"open","ping_status":"closed","template":"","meta":[],"product_brand":[],"product_cat":[1983,10865],"product_tag":[],"class_list":{"0":"post-47629","1":"product","2":"type-product","3":"status-publish","4":"has-post-thumbnail","6":"product_cat-baumarkt","7":"product_cat-eisenwaren","8":"pa_brand-silverrack","9":"pa_farbe-01-edelstahl-grau-onyx-grey-matt","10":"pa_farbe-01-edelstahl-silber-stainless-steel-poliert","11":"pa_farbe-02-edelstahl-grau-onyx-grey-matt-hoch","12":"pa_farbe-02-edelstahl-silber-stainless-steel-poliert-hoch","13":"pa_farbe-02-edelstahl-weiss-off-white-matt-hoch","14":"pa_farbe-07-zubehoer-tuerpuffer-weiss-off-white-matt","15":"pa_farbe-08-zubehoer-tuerpuffer-transparent-clear","16":"pa_groesse-1-stueck","17":"pa_groesse-10-stueck","18":"pa_groesse-4-stueck","19":"pa_manufacturer-silverrack","20":"pa_weight-0-220462262-pfund","22":"first","23":"instock","24":"shipping-taxable","25":"purchasable","26":"product-type-variable","27":"customify-col","28":"product-has-gallery"},"yoast_head":"<!-- This site is optimized with the Yoast SEO plugin v27.4 - https:\/\/yoast.com\/product\/yoast-seo-wordpress\/ -->\n<title>SilverRack\u00ae T\u00fcrstopper Edelstahl T\u00fcrklinkenpuffer Wandpuffer Kantenschutz - Markt-XXL<\/title>\n<meta name=\"description\" content=\"Markt-XXL SilverRack\u00ae T\u00fcrstopper Edelstahl T\u00fcrklinkenpuffer Wandpuffer Kantenschutz\" \/>\n<meta name=\"robots\" content=\"index, follow, max-snippet:-1, max-image-preview:large, max-video-preview:-1\" \/>\n<link rel=\"canonical\" href=\"https:\/\/marktxxl.de\/markt\/produkt\/silverrack-tuerstopper-edelstahl-tuerklinkenpuffer-wandpuffer-kantenschutz\/\" \/>\n<meta property=\"og:locale\" content=\"de_DE\" \/>\n<meta property=\"og:type\" content=\"article\" \/>\n<meta property=\"og:title\" content=\"SilverRack\u00ae T\u00fcrstopper Edelstahl T\u00fcrklinkenpuffer Wandpuffer Kantenschutz - Markt-XXL\" \/>\n<meta property=\"og:description\" content=\"Markt-XXL SilverRack\u00ae T\u00fcrstopper Edelstahl T\u00fcrklinkenpuffer Wandpuffer Kantenschutz\" \/>\n<meta property=\"og:url\" content=\"https:\/\/marktxxl.de\/markt\/produkt\/silverrack-tuerstopper-edelstahl-tuerklinkenpuffer-wandpuffer-kantenschutz\/\" \/>\n<meta property=\"og:site_name\" content=\"Markt-XXL\" \/>\n<meta property=\"article:modified_time\" content=\"2023-04-11T00:08:41+00:00\" \/>\n<meta property=\"og:image\" content=\"https:\/\/m.media-amazon.com\/images\/I\/31KINCTrHzS._SL500_.jpg\" \/>\n\t<meta property=\"og:image:width\" content=\"500\" \/>\n\t<meta property=\"og:image:height\" content=\"500\" \/>\n\t<meta property=\"og:image:type\" content=\"image\/jpeg\" \/>\n<meta name=\"twitter:card\" content=\"summary_large_image\" \/>\n<meta name=\"twitter:label1\" content=\"Gesch\u00e4tzte Lesezeit\" \/>\n\t<meta name=\"twitter:data1\" content=\"1\u00a0Minute\" \/>\n<script type=\"application\/ld+json\" class=\"yoast-schema-graph\">{\"@context\":\"https:\\\/\\\/schema.org\",\"@graph\":[{\"@type\":\"WebPage\",\"@id\":\"https:\\\/\\\/marktxxl.de\\\/markt\\\/produkt\\\/silverrack-tuerstopper-edelstahl-tuerklinkenpuffer-wandpuffer-kantenschutz\\\/\",\"url\":\"https:\\\/\\\/marktxxl.de\\\/markt\\\/produkt\\\/silverrack-tuerstopper-edelstahl-tuerklinkenpuffer-wandpuffer-kantenschutz\\\/\",\"name\":\"SilverRack\u00ae T\u00fcrstopper Edelstahl T\u00fcrklinkenpuffer Wandpuffer Kantenschutz - Markt-XXL\",\"isPartOf\":{\"@id\":\"https:\\\/\\\/marktxxl.de\\\/markt\\\/#website\"},\"primaryImageOfPage\":{\"@id\":\"https:\\\/\\\/marktxxl.de\\\/markt\\\/produkt\\\/silverrack-tuerstopper-edelstahl-tuerklinkenpuffer-wandpuffer-kantenschutz\\\/#primaryimage\"},\"image\":{\"@id\":\"https:\\\/\\\/marktxxl.de\\\/markt\\\/produkt\\\/silverrack-tuerstopper-edelstahl-tuerklinkenpuffer-wandpuffer-kantenschutz\\\/#primaryimage\"},\"thumbnailUrl\":\"https:\\\/\\\/m.media-amazon.com\\\/images\\\/I\\\/31KINCTrHzS._SL500_.jpg\",\"datePublished\":\"2021-10-12T20:44:24+00:00\",\"dateModified\":\"2023-04-11T00:08:41+00:00\",\"description\":\"Markt-XXL SilverRack\u00ae T\u00fcrstopper Edelstahl T\u00fcrklinkenpuffer Wandpuffer Kantenschutz\",\"breadcrumb\":{\"@id\":\"https:\\\/\\\/marktxxl.de\\\/markt\\\/produkt\\\/silverrack-tuerstopper-edelstahl-tuerklinkenpuffer-wandpuffer-kantenschutz\\\/#breadcrumb\"},\"inLanguage\":\"de\",\"potentialAction\":[{\"@type\":\"ReadAction\",\"target\":[\"https:\\\/\\\/marktxxl.de\\\/markt\\\/produkt\\\/silverrack-tuerstopper-edelstahl-tuerklinkenpuffer-wandpuffer-kantenschutz\\\/\"]}]},{\"@type\":\"ImageObject\",\"inLanguage\":\"de\",\"@id\":\"https:\\\/\\\/marktxxl.de\\\/markt\\\/produkt\\\/silverrack-tuerstopper-edelstahl-tuerklinkenpuffer-wandpuffer-kantenschutz\\\/#primaryimage\",\"url\":\"https:\\\/\\\/m.media-amazon.com\\\/images\\\/I\\\/31KINCTrHzS._SL500_.jpg\",\"contentUrl\":\"https:\\\/\\\/m.media-amazon.com\\\/images\\\/I\\\/31KINCTrHzS._SL500_.jpg\",\"width\":500,\"height\":500},{\"@type\":\"BreadcrumbList\",\"@id\":\"https:\\\/\\\/marktxxl.de\\\/markt\\\/produkt\\\/silverrack-tuerstopper-edelstahl-tuerklinkenpuffer-wandpuffer-kantenschutz\\\/#breadcrumb\",\"itemListElement\":[{\"@type\":\"ListItem\",\"position\":1,\"name\":\"Startseite\",\"item\":\"https:\\\/\\\/marktxxl.de\\\/markt\\\/\"},{\"@type\":\"ListItem\",\"position\":2,\"name\":\"Markt\",\"item\":\"https:\\\/\\\/marktxxl.de\\\/markt\\\/\"},{\"@type\":\"ListItem\",\"position\":3,\"name\":\"SilverRack\u00ae T\u00fcrstopper Edelstahl T\u00fcrklinkenpuffer Wandpuffer Kantenschutz\"}]},{\"@type\":\"WebSite\",\"@id\":\"https:\\\/\\\/marktxxl.de\\\/markt\\\/#website\",\"url\":\"https:\\\/\\\/marktxxl.de\\\/markt\\\/\",\"name\":\"Markt-XXL\",\"description\":\"Ihr Markt Online\",\"publisher\":{\"@id\":\"https:\\\/\\\/marktxxl.de\\\/markt\\\/#organization\"},\"potentialAction\":[{\"@type\":\"SearchAction\",\"target\":{\"@type\":\"EntryPoint\",\"urlTemplate\":\"https:\\\/\\\/marktxxl.de\\\/markt\\\/?s={search_term_string}\"},\"query-input\":{\"@type\":\"PropertyValueSpecification\",\"valueRequired\":true,\"valueName\":\"search_term_string\"}}],\"inLanguage\":\"de\"},{\"@type\":\"Organization\",\"@id\":\"https:\\\/\\\/marktxxl.de\\\/markt\\\/#organization\",\"name\":\"Markt-XXL\",\"url\":\"https:\\\/\\\/marktxxl.de\\\/markt\\\/\",\"logo\":{\"@type\":\"ImageObject\",\"inLanguage\":\"de\",\"@id\":\"https:\\\/\\\/marktxxl.de\\\/markt\\\/#\\\/schema\\\/logo\\\/image\\\/\",\"url\":\"https:\\\/\\\/marktxxl.de\\\/markt\\\/wp-content\\\/uploads\\\/sites\\\/3\\\/2020\\\/12\\\/logo.png\",\"contentUrl\":\"https:\\\/\\\/marktxxl.de\\\/markt\\\/wp-content\\\/uploads\\\/sites\\\/3\\\/2020\\\/12\\\/logo.png\",\"width\":200,\"height\":70,\"caption\":\"Markt-XXL\"},\"image\":{\"@id\":\"https:\\\/\\\/marktxxl.de\\\/markt\\\/#\\\/schema\\\/logo\\\/image\\\/\"}}]}<\/script>\n<!-- \/ Yoast SEO plugin. -->","yoast_head_json":{"title":"SilverRack\u00ae T\u00fcrstopper Edelstahl T\u00fcrklinkenpuffer Wandpuffer Kantenschutz - Markt-XXL","description":"Markt-XXL SilverRack\u00ae T\u00fcrstopper Edelstahl T\u00fcrklinkenpuffer Wandpuffer Kantenschutz","robots":{"index":"index","follow":"follow","max-snippet":"max-snippet:-1","max-image-preview":"max-image-preview:large","max-video-preview":"max-video-preview:-1"},"canonical":"https:\/\/marktxxl.de\/markt\/produkt\/silverrack-tuerstopper-edelstahl-tuerklinkenpuffer-wandpuffer-kantenschutz\/","og_locale":"de_DE","og_type":"article","og_title":"SilverRack\u00ae T\u00fcrstopper Edelstahl T\u00fcrklinkenpuffer Wandpuffer Kantenschutz - Markt-XXL","og_description":"Markt-XXL SilverRack\u00ae T\u00fcrstopper Edelstahl T\u00fcrklinkenpuffer Wandpuffer Kantenschutz","og_url":"https:\/\/marktxxl.de\/markt\/produkt\/silverrack-tuerstopper-edelstahl-tuerklinkenpuffer-wandpuffer-kantenschutz\/","og_site_name":"Markt-XXL","article_modified_time":"2023-04-11T00:08:41+00:00","og_image":[{"width":500,"height":500,"url":"https:\/\/m.media-amazon.com\/images\/I\/31KINCTrHzS._SL500_.jpg","type":"image\/jpeg"}],"twitter_card":"summary_large_image","twitter_misc":{"Gesch\u00e4tzte Lesezeit":"1\u00a0Minute"},"schema":{"@context":"https:\/\/schema.org","@graph":[{"@type":"WebPage","@id":"https:\/\/marktxxl.de\/markt\/produkt\/silverrack-tuerstopper-edelstahl-tuerklinkenpuffer-wandpuffer-kantenschutz\/","url":"https:\/\/marktxxl.de\/markt\/produkt\/silverrack-tuerstopper-edelstahl-tuerklinkenpuffer-wandpuffer-kantenschutz\/","name":"SilverRack\u00ae T\u00fcrstopper Edelstahl T\u00fcrklinkenpuffer Wandpuffer Kantenschutz - Markt-XXL","isPartOf":{"@id":"https:\/\/marktxxl.de\/markt\/#website"},"primaryImageOfPage":{"@id":"https:\/\/marktxxl.de\/markt\/produkt\/silverrack-tuerstopper-edelstahl-tuerklinkenpuffer-wandpuffer-kantenschutz\/#primaryimage"},"image":{"@id":"https:\/\/marktxxl.de\/markt\/produkt\/silverrack-tuerstopper-edelstahl-tuerklinkenpuffer-wandpuffer-kantenschutz\/#primaryimage"},"thumbnailUrl":"https:\/\/m.media-amazon.com\/images\/I\/31KINCTrHzS._SL500_.jpg","datePublished":"2021-10-12T20:44:24+00:00","dateModified":"2023-04-11T00:08:41+00:00","description":"Markt-XXL SilverRack\u00ae T\u00fcrstopper Edelstahl T\u00fcrklinkenpuffer Wandpuffer Kantenschutz","breadcrumb":{"@id":"https:\/\/marktxxl.de\/markt\/produkt\/silverrack-tuerstopper-edelstahl-tuerklinkenpuffer-wandpuffer-kantenschutz\/#breadcrumb"},"inLanguage":"de","potentialAction":[{"@type":"ReadAction","target":["https:\/\/marktxxl.de\/markt\/produkt\/silverrack-tuerstopper-edelstahl-tuerklinkenpuffer-wandpuffer-kantenschutz\/"]}]},{"@type":"ImageObject","inLanguage":"de","@id":"https:\/\/marktxxl.de\/markt\/produkt\/silverrack-tuerstopper-edelstahl-tuerklinkenpuffer-wandpuffer-kantenschutz\/#primaryimage","url":"https:\/\/m.media-amazon.com\/images\/I\/31KINCTrHzS._SL500_.jpg","contentUrl":"https:\/\/m.media-amazon.com\/images\/I\/31KINCTrHzS._SL500_.jpg","width":500,"height":500},{"@type":"BreadcrumbList","@id":"https:\/\/marktxxl.de\/markt\/produkt\/silverrack-tuerstopper-edelstahl-tuerklinkenpuffer-wandpuffer-kantenschutz\/#breadcrumb","itemListElement":[{"@type":"ListItem","position":1,"name":"Startseite","item":"https:\/\/marktxxl.de\/markt\/"},{"@type":"ListItem","position":2,"name":"Markt","item":"https:\/\/marktxxl.de\/markt\/"},{"@type":"ListItem","position":3,"name":"SilverRack\u00ae T\u00fcrstopper Edelstahl T\u00fcrklinkenpuffer Wandpuffer Kantenschutz"}]},{"@type":"WebSite","@id":"https:\/\/marktxxl.de\/markt\/#website","url":"https:\/\/marktxxl.de\/markt\/","name":"Markt-XXL","description":"Ihr Markt Online","publisher":{"@id":"https:\/\/marktxxl.de\/markt\/#organization"},"potentialAction":[{"@type":"SearchAction","target":{"@type":"EntryPoint","urlTemplate":"https:\/\/marktxxl.de\/markt\/?s={search_term_string}"},"query-input":{"@type":"PropertyValueSpecification","valueRequired":true,"valueName":"search_term_string"}}],"inLanguage":"de"},{"@type":"Organization","@id":"https:\/\/marktxxl.de\/markt\/#organization","name":"Markt-XXL","url":"https:\/\/marktxxl.de\/markt\/","logo":{"@type":"ImageObject","inLanguage":"de","@id":"https:\/\/marktxxl.de\/markt\/#\/schema\/logo\/image\/","url":"https:\/\/marktxxl.de\/markt\/wp-content\/uploads\/sites\/3\/2020\/12\/logo.png","contentUrl":"https:\/\/marktxxl.de\/markt\/wp-content\/uploads\/sites\/3\/2020\/12\/logo.png","width":200,"height":70,"caption":"Markt-XXL"},"image":{"@id":"https:\/\/marktxxl.de\/markt\/#\/schema\/logo\/image\/"}}]}},"_links":{"self":[{"href":"https:\/\/marktxxl.de\/markt\/wp-json\/wp\/v2\/product\/47629","targetHints":{"allow":["GET"]}}],"collection":[{"href":"https:\/\/marktxxl.de\/markt\/wp-json\/wp\/v2\/product"}],"about":[{"href":"https:\/\/marktxxl.de\/markt\/wp-json\/wp\/v2\/types\/product"}],"replies":[{"embeddable":true,"href":"https:\/\/marktxxl.de\/markt\/wp-json\/wp\/v2\/comments?post=47629"}],"wp:featuredmedia":[{"embeddable":true,"href":"https:\/\/marktxxl.de\/markt\/wp-json\/wp\/v2\/media\/47638"}],"wp:attachment":[{"href":"https:\/\/marktxxl.de\/markt\/wp-json\/wp\/v2\/media?parent=47629"}],"wp:term":[{"taxonomy":"product_brand","embeddable":true,"href":"https:\/\/marktxxl.de\/markt\/wp-json\/wp\/v2\/product_brand?post=47629"},{"taxonomy":"product_cat","embeddable":true,"href":"https:\/\/marktxxl.de\/markt\/wp-json\/wp\/v2\/product_cat?post=47629"},{"taxonomy":"product_tag","embeddable":true,"href":"https:\/\/marktxxl.de\/markt\/wp-json\/wp\/v2\/product_tag?post=47629"}],"curies":[{"name":"wp","href":"https:\/\/api.w.org\/{rel}","templated":true}]}}