{"id":47511,"date":"2021-10-12T22:34:08","date_gmt":"2021-10-12T20:34:08","guid":{"rendered":"https:\/\/marktxxl.de\/markt\/produkt\/fischer-spreizduebel-sx-6-x-30-schachtel-mit-100-nylonduebeln-duebel-fuer-optimalen-halt-bei-befestigungen-in-beton-hochlochziegel-porenbeton-vollziegel-uvm\/"},"modified":"2023-04-11T02:07:39","modified_gmt":"2023-04-11T00:07:39","slug":"fischer-spreizduebel-sx-6-x-30-schachtel-mit-100-nylonduebeln-duebel-fuer-optimalen-halt-bei-befestigungen-in-beton-hochlochziegel-porenbeton-vollziegel-uvm","status":"publish","type":"product","link":"https:\/\/marktxxl.de\/markt\/produkt\/fischer-spreizduebel-sx-6-x-30-schachtel-mit-100-nylonduebeln-duebel-fuer-optimalen-halt-bei-befestigungen-in-beton-hochlochziegel-porenbeton-vollziegel-uvm\/","title":{"rendered":"fischer Spreizd\u00fcbel SX 6 x 30, Schachtel mit 100 Nylond\u00fcbeln, D\u00fcbel f\u00fcr optimalen Halt bei Befestigungen in Beton\u2026"},"content":{"rendered":"<p>Vielseitig einsetzbar: Der Spreizd\u00fcbel SX deckt ein gro\u00dfes Spektrum an Anwendungen rund um Renovierung, Reparatur, Umzug und Einzug ab \u2013 f\u00fcr eine solide Verankerung in Voll- und Lochbaustoffen<br \/>\nOptimale Krafteinleitung: Der spreizdruckfreie D\u00fcbelhals verhindert beim Eindrehen der Schraube Besch\u00e4digungen an Fliesen und Putz und sorgt f\u00fcr eine sichere Verankerung, da sich der SX automatisch den Erfordernissen des Baustoffs anpasst<br \/>\nAbsolut leistungsstark: Die SX D\u00fcbel sind perfekt geeignet f\u00fcr die Vorsteckmontage, der ausgepr\u00e4gte D\u00fcbelrand verhindert das Tieferrutschen in das Bohrloch und erm\u00f6glicht eine einfache Montage<br \/>\nAnwendungsgebiete: Die kraftvollen Allzweckd\u00fcbel f\u00fcr W\u00e4nde und Decken eignen sich zur Anbringung leichter bis mittelschwerer Gegenst\u00e4nde wie Spiegelschr\u00e4nke, leichte H\u00e4ngeschr\u00e4nke, Leuchten uvm. in zahlreichen Voll- und Loch-Baustoffen, wie u. a. Beton, Voll- und Hochlochziegel, Naturstein und Vollgips-Platten<br \/>\nLieferumfang: 1 x Faltschachtel Spreizd\u00fcbel SX (Art.-Nr. 70006), Karton mit 100 Nylon-Allzweckd\u00fcbeln (100 Stk. 6 x 30) von fischer<br \/>\n<div class=\"main-cross-sell\" data-asin=\"B0001M0H0A\">\n\n\t<div class=\"WooZone-cross-sell-loader\">\n\t\t<div>\n\t\t\t<div id=\"floatingBarsG\">\n\t\t\t\t<div class=\"blockG\" id=\"rotateG_01\"><\/div>\n\t\t\t\t<div class=\"blockG\" id=\"rotateG_02\"><\/div>\n\t\t\t\t<div class=\"blockG\" id=\"rotateG_03\"><\/div>\n\t\t\t\t<div class=\"blockG\" id=\"rotateG_04\"><\/div>\n\t\t\t\t<div class=\"blockG\" id=\"rotateG_05\"><\/div>\n\t\t\t\t<div class=\"blockG\" id=\"rotateG_06\"><\/div>\n\t\t\t\t<div class=\"blockG\" id=\"rotateG_07\"><\/div>\n\t\t\t\t<div class=\"blockG\" id=\"rotateG_08\"><\/div>\n\t\t\t<\/div>\n\t\t\t<div class=\"WooZone-cross-sell-loader-text\"><\/div>\n\t\t<\/div>\n\t<\/div>\n\n\t\t\n<\/div>\n<div style=\"clear:both;\"><\/div><\/p>\n","protected":false},"excerpt":{"rendered":"<p>Vielseitig einsetzbar: Der Spreizd\u00fcbel SX deckt ein gro\u00dfes Spektrum an Anwendungen rund um Renovierung, Reparatur, Umzug und Einzug ab \u2013 f\u00fcr eine solide Verankerung in Voll- und Lochbaustoffen<br \/>\nOptimale Krafteinleitung: Der spreizdruckfreie D\u00fcbelhals verhindert beim Eindrehen der Schraube Besch\u00e4digungen an Fliesen und Putz und sorgt f\u00fcr eine sichere Verankerung, da sich der SX automatisch den Erfordernissen des Baustoffs anpasst<br \/>\nAbsolut leistungsstark: Die SX D\u00fcbel sind perfekt geeignet f\u00fcr die Vorsteckmontage, der ausgepr\u00e4gte D\u00fcbelrand verhindert das Tieferrutschen in das Bohrloch und erm\u00f6glicht eine einfache Montage<\/p>\n","protected":false},"featured_media":47512,"comment_status":"open","ping_status":"closed","template":"","meta":[],"product_brand":[],"product_cat":[1983,10865],"product_tag":[],"class_list":{"0":"post-47511","1":"product","2":"type-product","3":"status-publish","4":"has-post-thumbnail","6":"product_cat-baumarkt","7":"product_cat-eisenwaren","8":"pa_binding-misc","9":"pa_brand-fischer","10":"pa_color-standard","11":"pa_height-0-23622-zoll","12":"pa_length-1-1811-zoll","13":"pa_manufacturer-fischer","14":"pa_model-19332","15":"pa_size-6x30","16":"pa_weight-0-0440924524-pfund","17":"pa_width-0-23622-zoll","19":"first","20":"instock","21":"shipping-taxable","22":"purchasable","23":"product-type-simple","24":"customify-col","25":"product-has-gallery"},"yoast_head":"<!-- This site is optimized with the Yoast SEO plugin v27.3 - https:\/\/yoast.com\/product\/yoast-seo-wordpress\/ -->\n<title>fischer Spreizd\u00fcbel SX 6 x 30, Schachtel mit 100 Nylond\u00fcbeln, D\u00fcbel f\u00fcr optimalen Halt bei Befestigungen in Beton\u2026 - Markt-XXL<\/title>\n<meta name=\"description\" content=\"Markt-XXL fischer Spreizd\u00fcbel SX 6 x 30, Schachtel mit 100 Nylond\u00fcbeln, D\u00fcbel f\u00fcr optimalen Halt bei Befestigungen in Beton\u2026\" \/>\n<meta name=\"robots\" content=\"index, follow, max-snippet:-1, max-image-preview:large, max-video-preview:-1\" \/>\n<link rel=\"canonical\" href=\"https:\/\/marktxxl.de\/markt\/produkt\/fischer-spreizduebel-sx-6-x-30-schachtel-mit-100-nylonduebeln-duebel-fuer-optimalen-halt-bei-befestigungen-in-beton-hochlochziegel-porenbeton-vollziegel-uvm\/\" \/>\n<meta property=\"og:locale\" content=\"de_DE\" \/>\n<meta property=\"og:type\" content=\"article\" \/>\n<meta property=\"og:title\" content=\"fischer Spreizd\u00fcbel SX 6 x 30, Schachtel mit 100 Nylond\u00fcbeln, D\u00fcbel f\u00fcr optimalen Halt bei Befestigungen in Beton\u2026 - Markt-XXL\" \/>\n<meta property=\"og:description\" content=\"Markt-XXL fischer Spreizd\u00fcbel SX 6 x 30, Schachtel mit 100 Nylond\u00fcbeln, D\u00fcbel f\u00fcr optimalen Halt bei Befestigungen in Beton\u2026\" \/>\n<meta property=\"og:url\" content=\"https:\/\/marktxxl.de\/markt\/produkt\/fischer-spreizduebel-sx-6-x-30-schachtel-mit-100-nylonduebeln-duebel-fuer-optimalen-halt-bei-befestigungen-in-beton-hochlochziegel-porenbeton-vollziegel-uvm\/\" \/>\n<meta property=\"og:site_name\" content=\"Markt-XXL\" \/>\n<meta property=\"article:modified_time\" content=\"2023-04-11T00:07:39+00:00\" \/>\n<meta property=\"og:image\" content=\"https:\/\/m.media-amazon.com\/images\/I\/51x-ameGMKL._SL500_.jpg\" \/>\n\t<meta property=\"og:image:width\" content=\"500\" \/>\n\t<meta property=\"og:image:height\" content=\"492\" \/>\n\t<meta property=\"og:image:type\" content=\"image\/jpeg\" \/>\n<meta name=\"twitter:card\" content=\"summary_large_image\" \/>\n<meta name=\"twitter:label1\" content=\"Gesch\u00e4tzte Lesezeit\" \/>\n\t<meta name=\"twitter:data1\" content=\"1\u00a0Minute\" \/>\n<script type=\"application\/ld+json\" class=\"yoast-schema-graph\">{\"@context\":\"https:\\\/\\\/schema.org\",\"@graph\":[{\"@type\":\"WebPage\",\"@id\":\"https:\\\/\\\/marktxxl.de\\\/markt\\\/produkt\\\/fischer-spreizduebel-sx-6-x-30-schachtel-mit-100-nylonduebeln-duebel-fuer-optimalen-halt-bei-befestigungen-in-beton-hochlochziegel-porenbeton-vollziegel-uvm\\\/\",\"url\":\"https:\\\/\\\/marktxxl.de\\\/markt\\\/produkt\\\/fischer-spreizduebel-sx-6-x-30-schachtel-mit-100-nylonduebeln-duebel-fuer-optimalen-halt-bei-befestigungen-in-beton-hochlochziegel-porenbeton-vollziegel-uvm\\\/\",\"name\":\"fischer Spreizd\u00fcbel SX 6 x 30, Schachtel mit 100 Nylond\u00fcbeln, D\u00fcbel f\u00fcr optimalen Halt bei Befestigungen in Beton\u2026 - Markt-XXL\",\"isPartOf\":{\"@id\":\"https:\\\/\\\/marktxxl.de\\\/markt\\\/#website\"},\"primaryImageOfPage\":{\"@id\":\"https:\\\/\\\/marktxxl.de\\\/markt\\\/produkt\\\/fischer-spreizduebel-sx-6-x-30-schachtel-mit-100-nylonduebeln-duebel-fuer-optimalen-halt-bei-befestigungen-in-beton-hochlochziegel-porenbeton-vollziegel-uvm\\\/#primaryimage\"},\"image\":{\"@id\":\"https:\\\/\\\/marktxxl.de\\\/markt\\\/produkt\\\/fischer-spreizduebel-sx-6-x-30-schachtel-mit-100-nylonduebeln-duebel-fuer-optimalen-halt-bei-befestigungen-in-beton-hochlochziegel-porenbeton-vollziegel-uvm\\\/#primaryimage\"},\"thumbnailUrl\":\"https:\\\/\\\/m.media-amazon.com\\\/images\\\/I\\\/51x-ameGMKL._SL500_.jpg\",\"datePublished\":\"2021-10-12T20:34:08+00:00\",\"dateModified\":\"2023-04-11T00:07:39+00:00\",\"description\":\"Markt-XXL fischer Spreizd\u00fcbel SX 6 x 30, Schachtel mit 100 Nylond\u00fcbeln, D\u00fcbel f\u00fcr optimalen Halt bei Befestigungen in Beton\u2026\",\"breadcrumb\":{\"@id\":\"https:\\\/\\\/marktxxl.de\\\/markt\\\/produkt\\\/fischer-spreizduebel-sx-6-x-30-schachtel-mit-100-nylonduebeln-duebel-fuer-optimalen-halt-bei-befestigungen-in-beton-hochlochziegel-porenbeton-vollziegel-uvm\\\/#breadcrumb\"},\"inLanguage\":\"de\",\"potentialAction\":[{\"@type\":\"ReadAction\",\"target\":[\"https:\\\/\\\/marktxxl.de\\\/markt\\\/produkt\\\/fischer-spreizduebel-sx-6-x-30-schachtel-mit-100-nylonduebeln-duebel-fuer-optimalen-halt-bei-befestigungen-in-beton-hochlochziegel-porenbeton-vollziegel-uvm\\\/\"]}]},{\"@type\":\"ImageObject\",\"inLanguage\":\"de\",\"@id\":\"https:\\\/\\\/marktxxl.de\\\/markt\\\/produkt\\\/fischer-spreizduebel-sx-6-x-30-schachtel-mit-100-nylonduebeln-duebel-fuer-optimalen-halt-bei-befestigungen-in-beton-hochlochziegel-porenbeton-vollziegel-uvm\\\/#primaryimage\",\"url\":\"https:\\\/\\\/m.media-amazon.com\\\/images\\\/I\\\/51x-ameGMKL._SL500_.jpg\",\"contentUrl\":\"https:\\\/\\\/m.media-amazon.com\\\/images\\\/I\\\/51x-ameGMKL._SL500_.jpg\",\"width\":500,\"height\":492},{\"@type\":\"BreadcrumbList\",\"@id\":\"https:\\\/\\\/marktxxl.de\\\/markt\\\/produkt\\\/fischer-spreizduebel-sx-6-x-30-schachtel-mit-100-nylonduebeln-duebel-fuer-optimalen-halt-bei-befestigungen-in-beton-hochlochziegel-porenbeton-vollziegel-uvm\\\/#breadcrumb\",\"itemListElement\":[{\"@type\":\"ListItem\",\"position\":1,\"name\":\"Startseite\",\"item\":\"https:\\\/\\\/marktxxl.de\\\/markt\\\/\"},{\"@type\":\"ListItem\",\"position\":2,\"name\":\"Markt\",\"item\":\"https:\\\/\\\/marktxxl.de\\\/markt\\\/\"},{\"@type\":\"ListItem\",\"position\":3,\"name\":\"fischer Spreizd\u00fcbel SX 6 x 30, Schachtel mit 100 Nylond\u00fcbeln, D\u00fcbel f\u00fcr optimalen Halt bei Befestigungen in Beton\u2026\"}]},{\"@type\":\"WebSite\",\"@id\":\"https:\\\/\\\/marktxxl.de\\\/markt\\\/#website\",\"url\":\"https:\\\/\\\/marktxxl.de\\\/markt\\\/\",\"name\":\"Markt-XXL\",\"description\":\"Ihr Markt Online\",\"publisher\":{\"@id\":\"https:\\\/\\\/marktxxl.de\\\/markt\\\/#organization\"},\"potentialAction\":[{\"@type\":\"SearchAction\",\"target\":{\"@type\":\"EntryPoint\",\"urlTemplate\":\"https:\\\/\\\/marktxxl.de\\\/markt\\\/?s={search_term_string}\"},\"query-input\":{\"@type\":\"PropertyValueSpecification\",\"valueRequired\":true,\"valueName\":\"search_term_string\"}}],\"inLanguage\":\"de\"},{\"@type\":\"Organization\",\"@id\":\"https:\\\/\\\/marktxxl.de\\\/markt\\\/#organization\",\"name\":\"Markt-XXL\",\"url\":\"https:\\\/\\\/marktxxl.de\\\/markt\\\/\",\"logo\":{\"@type\":\"ImageObject\",\"inLanguage\":\"de\",\"@id\":\"https:\\\/\\\/marktxxl.de\\\/markt\\\/#\\\/schema\\\/logo\\\/image\\\/\",\"url\":\"https:\\\/\\\/marktxxl.de\\\/markt\\\/wp-content\\\/uploads\\\/sites\\\/3\\\/2020\\\/12\\\/logo.png\",\"contentUrl\":\"https:\\\/\\\/marktxxl.de\\\/markt\\\/wp-content\\\/uploads\\\/sites\\\/3\\\/2020\\\/12\\\/logo.png\",\"width\":200,\"height\":70,\"caption\":\"Markt-XXL\"},\"image\":{\"@id\":\"https:\\\/\\\/marktxxl.de\\\/markt\\\/#\\\/schema\\\/logo\\\/image\\\/\"}}]}<\/script>\n<!-- \/ Yoast SEO plugin. -->","yoast_head_json":{"title":"fischer Spreizd\u00fcbel SX 6 x 30, Schachtel mit 100 Nylond\u00fcbeln, D\u00fcbel f\u00fcr optimalen Halt bei Befestigungen in Beton\u2026 - Markt-XXL","description":"Markt-XXL fischer Spreizd\u00fcbel SX 6 x 30, Schachtel mit 100 Nylond\u00fcbeln, D\u00fcbel f\u00fcr optimalen Halt bei Befestigungen in Beton\u2026","robots":{"index":"index","follow":"follow","max-snippet":"max-snippet:-1","max-image-preview":"max-image-preview:large","max-video-preview":"max-video-preview:-1"},"canonical":"https:\/\/marktxxl.de\/markt\/produkt\/fischer-spreizduebel-sx-6-x-30-schachtel-mit-100-nylonduebeln-duebel-fuer-optimalen-halt-bei-befestigungen-in-beton-hochlochziegel-porenbeton-vollziegel-uvm\/","og_locale":"de_DE","og_type":"article","og_title":"fischer Spreizd\u00fcbel SX 6 x 30, Schachtel mit 100 Nylond\u00fcbeln, D\u00fcbel f\u00fcr optimalen Halt bei Befestigungen in Beton\u2026 - Markt-XXL","og_description":"Markt-XXL fischer Spreizd\u00fcbel SX 6 x 30, Schachtel mit 100 Nylond\u00fcbeln, D\u00fcbel f\u00fcr optimalen Halt bei Befestigungen in Beton\u2026","og_url":"https:\/\/marktxxl.de\/markt\/produkt\/fischer-spreizduebel-sx-6-x-30-schachtel-mit-100-nylonduebeln-duebel-fuer-optimalen-halt-bei-befestigungen-in-beton-hochlochziegel-porenbeton-vollziegel-uvm\/","og_site_name":"Markt-XXL","article_modified_time":"2023-04-11T00:07:39+00:00","og_image":[{"width":500,"height":492,"url":"https:\/\/m.media-amazon.com\/images\/I\/51x-ameGMKL._SL500_.jpg","type":"image\/jpeg"}],"twitter_card":"summary_large_image","twitter_misc":{"Gesch\u00e4tzte Lesezeit":"1\u00a0Minute"},"schema":{"@context":"https:\/\/schema.org","@graph":[{"@type":"WebPage","@id":"https:\/\/marktxxl.de\/markt\/produkt\/fischer-spreizduebel-sx-6-x-30-schachtel-mit-100-nylonduebeln-duebel-fuer-optimalen-halt-bei-befestigungen-in-beton-hochlochziegel-porenbeton-vollziegel-uvm\/","url":"https:\/\/marktxxl.de\/markt\/produkt\/fischer-spreizduebel-sx-6-x-30-schachtel-mit-100-nylonduebeln-duebel-fuer-optimalen-halt-bei-befestigungen-in-beton-hochlochziegel-porenbeton-vollziegel-uvm\/","name":"fischer Spreizd\u00fcbel SX 6 x 30, Schachtel mit 100 Nylond\u00fcbeln, D\u00fcbel f\u00fcr optimalen Halt bei Befestigungen in Beton\u2026 - Markt-XXL","isPartOf":{"@id":"https:\/\/marktxxl.de\/markt\/#website"},"primaryImageOfPage":{"@id":"https:\/\/marktxxl.de\/markt\/produkt\/fischer-spreizduebel-sx-6-x-30-schachtel-mit-100-nylonduebeln-duebel-fuer-optimalen-halt-bei-befestigungen-in-beton-hochlochziegel-porenbeton-vollziegel-uvm\/#primaryimage"},"image":{"@id":"https:\/\/marktxxl.de\/markt\/produkt\/fischer-spreizduebel-sx-6-x-30-schachtel-mit-100-nylonduebeln-duebel-fuer-optimalen-halt-bei-befestigungen-in-beton-hochlochziegel-porenbeton-vollziegel-uvm\/#primaryimage"},"thumbnailUrl":"https:\/\/m.media-amazon.com\/images\/I\/51x-ameGMKL._SL500_.jpg","datePublished":"2021-10-12T20:34:08+00:00","dateModified":"2023-04-11T00:07:39+00:00","description":"Markt-XXL fischer Spreizd\u00fcbel SX 6 x 30, Schachtel mit 100 Nylond\u00fcbeln, D\u00fcbel f\u00fcr optimalen Halt bei Befestigungen in Beton\u2026","breadcrumb":{"@id":"https:\/\/marktxxl.de\/markt\/produkt\/fischer-spreizduebel-sx-6-x-30-schachtel-mit-100-nylonduebeln-duebel-fuer-optimalen-halt-bei-befestigungen-in-beton-hochlochziegel-porenbeton-vollziegel-uvm\/#breadcrumb"},"inLanguage":"de","potentialAction":[{"@type":"ReadAction","target":["https:\/\/marktxxl.de\/markt\/produkt\/fischer-spreizduebel-sx-6-x-30-schachtel-mit-100-nylonduebeln-duebel-fuer-optimalen-halt-bei-befestigungen-in-beton-hochlochziegel-porenbeton-vollziegel-uvm\/"]}]},{"@type":"ImageObject","inLanguage":"de","@id":"https:\/\/marktxxl.de\/markt\/produkt\/fischer-spreizduebel-sx-6-x-30-schachtel-mit-100-nylonduebeln-duebel-fuer-optimalen-halt-bei-befestigungen-in-beton-hochlochziegel-porenbeton-vollziegel-uvm\/#primaryimage","url":"https:\/\/m.media-amazon.com\/images\/I\/51x-ameGMKL._SL500_.jpg","contentUrl":"https:\/\/m.media-amazon.com\/images\/I\/51x-ameGMKL._SL500_.jpg","width":500,"height":492},{"@type":"BreadcrumbList","@id":"https:\/\/marktxxl.de\/markt\/produkt\/fischer-spreizduebel-sx-6-x-30-schachtel-mit-100-nylonduebeln-duebel-fuer-optimalen-halt-bei-befestigungen-in-beton-hochlochziegel-porenbeton-vollziegel-uvm\/#breadcrumb","itemListElement":[{"@type":"ListItem","position":1,"name":"Startseite","item":"https:\/\/marktxxl.de\/markt\/"},{"@type":"ListItem","position":2,"name":"Markt","item":"https:\/\/marktxxl.de\/markt\/"},{"@type":"ListItem","position":3,"name":"fischer Spreizd\u00fcbel SX 6 x 30, Schachtel mit 100 Nylond\u00fcbeln, D\u00fcbel f\u00fcr optimalen Halt bei Befestigungen in Beton\u2026"}]},{"@type":"WebSite","@id":"https:\/\/marktxxl.de\/markt\/#website","url":"https:\/\/marktxxl.de\/markt\/","name":"Markt-XXL","description":"Ihr Markt Online","publisher":{"@id":"https:\/\/marktxxl.de\/markt\/#organization"},"potentialAction":[{"@type":"SearchAction","target":{"@type":"EntryPoint","urlTemplate":"https:\/\/marktxxl.de\/markt\/?s={search_term_string}"},"query-input":{"@type":"PropertyValueSpecification","valueRequired":true,"valueName":"search_term_string"}}],"inLanguage":"de"},{"@type":"Organization","@id":"https:\/\/marktxxl.de\/markt\/#organization","name":"Markt-XXL","url":"https:\/\/marktxxl.de\/markt\/","logo":{"@type":"ImageObject","inLanguage":"de","@id":"https:\/\/marktxxl.de\/markt\/#\/schema\/logo\/image\/","url":"https:\/\/marktxxl.de\/markt\/wp-content\/uploads\/sites\/3\/2020\/12\/logo.png","contentUrl":"https:\/\/marktxxl.de\/markt\/wp-content\/uploads\/sites\/3\/2020\/12\/logo.png","width":200,"height":70,"caption":"Markt-XXL"},"image":{"@id":"https:\/\/marktxxl.de\/markt\/#\/schema\/logo\/image\/"}}]}},"_links":{"self":[{"href":"https:\/\/marktxxl.de\/markt\/wp-json\/wp\/v2\/product\/47511","targetHints":{"allow":["GET"]}}],"collection":[{"href":"https:\/\/marktxxl.de\/markt\/wp-json\/wp\/v2\/product"}],"about":[{"href":"https:\/\/marktxxl.de\/markt\/wp-json\/wp\/v2\/types\/product"}],"replies":[{"embeddable":true,"href":"https:\/\/marktxxl.de\/markt\/wp-json\/wp\/v2\/comments?post=47511"}],"wp:featuredmedia":[{"embeddable":true,"href":"https:\/\/marktxxl.de\/markt\/wp-json\/wp\/v2\/media\/47512"}],"wp:attachment":[{"href":"https:\/\/marktxxl.de\/markt\/wp-json\/wp\/v2\/media?parent=47511"}],"wp:term":[{"taxonomy":"product_brand","embeddable":true,"href":"https:\/\/marktxxl.de\/markt\/wp-json\/wp\/v2\/product_brand?post=47511"},{"taxonomy":"product_cat","embeddable":true,"href":"https:\/\/marktxxl.de\/markt\/wp-json\/wp\/v2\/product_cat?post=47511"},{"taxonomy":"product_tag","embeddable":true,"href":"https:\/\/marktxxl.de\/markt\/wp-json\/wp\/v2\/product_tag?post=47511"}],"curies":[{"name":"wp","href":"https:\/\/api.w.org\/{rel}","templated":true}]}}