{"id":47481,"date":"2021-10-12T22:18:49","date_gmt":"2021-10-12T20:18:49","guid":{"rendered":"https:\/\/marktxxl.de\/markt\/produkt\/maliveo-premium-eckenschutz-und-kantenschutz-transparent-aus-kunststoff-geprueft-rueckstandslose-entfernung-inklusive-ersatz-stossschutz-fuer-baby-und-kinder\/"},"modified":"2023-04-11T02:07:39","modified_gmt":"2023-04-11T00:07:39","slug":"maliveo-premium-eckenschutz-und-kantenschutz-transparent-aus-kunststoff-geprueft-rueckstandslose-entfernung-inklusive-ersatz-stossschutz-fuer-baby-und-kinder","status":"publish","type":"product","link":"https:\/\/marktxxl.de\/markt\/produkt\/maliveo-premium-eckenschutz-und-kantenschutz-transparent-aus-kunststoff-geprueft-rueckstandslose-entfernung-inklusive-ersatz-stossschutz-fuer-baby-und-kinder\/","title":{"rendered":"maliveo Premium Eckenschutz und Kantenschutz transparent aus Kunststoff &#8211; Gepr\u00fcft &#8211; R\u00fcckstandslose Entfernung\u2026"},"content":{"rendered":"<p>\u2705 ?????? ??? ????????: Der gepr\u00fcfte, hochtransparente und geruchsneutrale Eckschutz sch\u00fctzt Sie vor harten St\u00f6\u00dfen auf Tischecken oder M\u00f6belkanten indem die Ecken abgerundet werden. Der maliveo Kantenschoner wurde nach Europ\u00e4ischen Richtlinen auf Schadstofffreiheit gepr\u00fcft erf\u00fcllt die geltenden Richtlinien in Deutschland.<br \/>\n\u2705 ???????????? ????: Unser High-Power-Klebeband ist einzigartig im Halt. Die dicke Kleber gleicht Unebenheiten im Untergrund aus. Dank des PROREMOVE-Systems ist eine ruckstandsfreie Entfernung jederzeit m\u00f6glich. Im Gegensatz zur Konkurrenz kleben die Schutzecken sicher auf Materialien wie Funier, Holz, Glas, Granit, Kunststoff oder Fliesen.<br \/>\n\u2705 ???????????? | ???????????????: Die transparenten Eckenschoner lassen sich das des hochdurchsichtigen Materials unauff\u00e4llig anbringen. Sie kleben sicher auf Objekten wie Holz M\u00f6bel, Schrank, Couchtisch, Glastisch, Granitplatte, Tischplatte, Fensterbank oder K\u00fcchentheke und Arbeitsplatte. Gleichzeitig sind unsere Kantensch\u00fctzer robuster als herk\u00f6mmliche Eckensch\u00fctzer aus Filz, Silikon oder Gummi-Puffer.<br \/>\n\u2705 ??????????????? ??????????: Sollten Sie die Ecksch\u00fctzer nicht mehr ben\u00f6tigen, ist dieser r\u00fcckstandsfrei wieder abl\u00f6sbar. Ein F\u00f6n kann helfen den Tischkantenschutz noch einfacher zu entfernen.<br \/>\n\u2764 ???????????? &amp; ??????????????????????: Sollte bei der Montage mal etwas schiefgehen, haben Sie direkt Ersatzkleber zur Verf\u00fcgung. Wir liefern zus\u00e4tzlich 6 Ersatz-Klebesticker mit. Qualit\u00e4t und Zuverl\u00e4ssigkeit ist unsere h\u00f6chte Priorit\u00e4t. Daher geben wir eine 100% Zufriedenheitsgarantie auf dieses hochwertige Produkt. Sollten Sie nicht zufrieden sein, erhalten Sie umgehend Ersatz oder eine Erstattung des Kaufpreises.<br \/>\n<div class=\"main-cross-sell\" data-asin=\"B078TMFNKM\">\n\n\t<div class=\"WooZone-cross-sell-loader\">\n\t\t<div>\n\t\t\t<div id=\"floatingBarsG\">\n\t\t\t\t<div class=\"blockG\" id=\"rotateG_01\"><\/div>\n\t\t\t\t<div class=\"blockG\" id=\"rotateG_02\"><\/div>\n\t\t\t\t<div class=\"blockG\" id=\"rotateG_03\"><\/div>\n\t\t\t\t<div class=\"blockG\" id=\"rotateG_04\"><\/div>\n\t\t\t\t<div class=\"blockG\" id=\"rotateG_05\"><\/div>\n\t\t\t\t<div class=\"blockG\" id=\"rotateG_06\"><\/div>\n\t\t\t\t<div class=\"blockG\" id=\"rotateG_07\"><\/div>\n\t\t\t\t<div class=\"blockG\" id=\"rotateG_08\"><\/div>\n\t\t\t<\/div>\n\t\t\t<div class=\"WooZone-cross-sell-loader-text\"><\/div>\n\t\t<\/div>\n\t<\/div>\n\n\t\t\n<\/div>\n<div style=\"clear:both;\"><\/div><\/p>\n","protected":false},"excerpt":{"rendered":"<p>\u2705 ?????? ??? ????????: Der gepr\u00fcfte, hochtransparente und geruchsneutrale Eckschutz sch\u00fctzt Sie vor harten St\u00f6\u00dfen auf Tischecken oder M\u00f6belkanten indem die Ecken abgerundet werden. Der maliveo Kantenschoner wurde nach Europ\u00e4ischen Richtlinen auf Schadstofffreiheit gepr\u00fcft erf\u00fcllt die geltenden Richtlinien in Deutschland.<br \/>\n\u2705 ???????????? ????: Unser High-Power-Klebeband ist einzigartig im Halt. Die dicke Kleber gleicht Unebenheiten im Untergrund aus. Dank des PROREMOVE-Systems ist eine ruckstandsfreie Entfernung jederzeit m\u00f6glich. Im Gegensatz zur Konkurrenz kleben die Schutzecken sicher auf Materialien wie Funier, Holz, Glas, Granit, Kunststoff oder Fliesen.<br \/>\n\u2705 ???????????? | ???????????????: Die transparenten Eckenschoner lassen sich das des hochdurchsichtigen Materials unauff\u00e4llig anbringen. Sie kleben sicher auf Objekten wie Holz M\u00f6bel, Schrank, Couchtisch, Glastisch, Granitplatte, Tischplatte, Fensterbank oder K\u00fcchentheke und Arbeitsplatte. Gleichzeitig sind unsere Kantensch\u00fctzer robuster als herk\u00f6mmliche Eckensch\u00fctzer aus Filz, Silikon oder Gummi-Puffer.<\/p>\n","protected":false},"featured_media":47482,"comment_status":"open","ping_status":"closed","template":"","meta":[],"product_brand":[],"product_cat":[21,9378],"product_tag":[],"class_list":{"0":"post-47481","1":"product","2":"type-product","3":"status-publish","4":"has-post-thumbnail","6":"product_cat-baby","7":"product_cat-sicherheit-baby","8":"pa_brand-maliveo","9":"pa_manufacturer-maliveo","11":"first","12":"instock","13":"shipping-taxable","14":"purchasable","15":"product-type-simple","16":"customify-col","17":"product-has-gallery"},"yoast_head":"<!-- This site is optimized with the Yoast SEO plugin v27.4 - https:\/\/yoast.com\/product\/yoast-seo-wordpress\/ -->\n<title>maliveo Premium Eckenschutz und Kantenschutz transparent aus Kunststoff - Gepr\u00fcft - R\u00fcckstandslose Entfernung\u2026 - Markt-XXL<\/title>\n<meta name=\"description\" content=\"Markt-XXL maliveo Premium Eckenschutz und Kantenschutz transparent aus Kunststoff - Gepr\u00fcft - R\u00fcckstandslose Entfernung\u2026\" \/>\n<meta name=\"robots\" content=\"index, follow, max-snippet:-1, max-image-preview:large, max-video-preview:-1\" \/>\n<link rel=\"canonical\" href=\"https:\/\/marktxxl.de\/markt\/produkt\/maliveo-premium-eckenschutz-und-kantenschutz-transparent-aus-kunststoff-geprueft-rueckstandslose-entfernung-inklusive-ersatz-stossschutz-fuer-baby-und-kinder\/\" \/>\n<meta property=\"og:locale\" content=\"de_DE\" \/>\n<meta property=\"og:type\" content=\"article\" \/>\n<meta property=\"og:title\" content=\"maliveo Premium Eckenschutz und Kantenschutz transparent aus Kunststoff - Gepr\u00fcft - R\u00fcckstandslose Entfernung\u2026 - Markt-XXL\" \/>\n<meta property=\"og:description\" content=\"Markt-XXL maliveo Premium Eckenschutz und Kantenschutz transparent aus Kunststoff - Gepr\u00fcft - R\u00fcckstandslose Entfernung\u2026\" \/>\n<meta property=\"og:url\" content=\"https:\/\/marktxxl.de\/markt\/produkt\/maliveo-premium-eckenschutz-und-kantenschutz-transparent-aus-kunststoff-geprueft-rueckstandslose-entfernung-inklusive-ersatz-stossschutz-fuer-baby-und-kinder\/\" \/>\n<meta property=\"og:site_name\" content=\"Markt-XXL\" \/>\n<meta property=\"article:modified_time\" content=\"2023-04-11T00:07:39+00:00\" \/>\n<meta property=\"og:image\" content=\"https:\/\/m.media-amazon.com\/images\/I\/51gF85EPlQL._SL500_.jpg\" \/>\n\t<meta property=\"og:image:width\" content=\"500\" \/>\n\t<meta property=\"og:image:height\" content=\"500\" \/>\n\t<meta property=\"og:image:type\" content=\"image\/jpeg\" \/>\n<meta name=\"twitter:card\" content=\"summary_large_image\" \/>\n<meta name=\"twitter:label1\" content=\"Gesch\u00e4tzte Lesezeit\" \/>\n\t<meta name=\"twitter:data1\" content=\"1\u00a0Minute\" \/>\n<script type=\"application\/ld+json\" class=\"yoast-schema-graph\">{\"@context\":\"https:\\\/\\\/schema.org\",\"@graph\":[{\"@type\":\"WebPage\",\"@id\":\"https:\\\/\\\/marktxxl.de\\\/markt\\\/produkt\\\/maliveo-premium-eckenschutz-und-kantenschutz-transparent-aus-kunststoff-geprueft-rueckstandslose-entfernung-inklusive-ersatz-stossschutz-fuer-baby-und-kinder\\\/\",\"url\":\"https:\\\/\\\/marktxxl.de\\\/markt\\\/produkt\\\/maliveo-premium-eckenschutz-und-kantenschutz-transparent-aus-kunststoff-geprueft-rueckstandslose-entfernung-inklusive-ersatz-stossschutz-fuer-baby-und-kinder\\\/\",\"name\":\"maliveo Premium Eckenschutz und Kantenschutz transparent aus Kunststoff - Gepr\u00fcft - R\u00fcckstandslose Entfernung\u2026 - Markt-XXL\",\"isPartOf\":{\"@id\":\"https:\\\/\\\/marktxxl.de\\\/markt\\\/#website\"},\"primaryImageOfPage\":{\"@id\":\"https:\\\/\\\/marktxxl.de\\\/markt\\\/produkt\\\/maliveo-premium-eckenschutz-und-kantenschutz-transparent-aus-kunststoff-geprueft-rueckstandslose-entfernung-inklusive-ersatz-stossschutz-fuer-baby-und-kinder\\\/#primaryimage\"},\"image\":{\"@id\":\"https:\\\/\\\/marktxxl.de\\\/markt\\\/produkt\\\/maliveo-premium-eckenschutz-und-kantenschutz-transparent-aus-kunststoff-geprueft-rueckstandslose-entfernung-inklusive-ersatz-stossschutz-fuer-baby-und-kinder\\\/#primaryimage\"},\"thumbnailUrl\":\"https:\\\/\\\/m.media-amazon.com\\\/images\\\/I\\\/51gF85EPlQL._SL500_.jpg\",\"datePublished\":\"2021-10-12T20:18:49+00:00\",\"dateModified\":\"2023-04-11T00:07:39+00:00\",\"description\":\"Markt-XXL maliveo Premium Eckenschutz und Kantenschutz transparent aus Kunststoff - Gepr\u00fcft - R\u00fcckstandslose Entfernung\u2026\",\"breadcrumb\":{\"@id\":\"https:\\\/\\\/marktxxl.de\\\/markt\\\/produkt\\\/maliveo-premium-eckenschutz-und-kantenschutz-transparent-aus-kunststoff-geprueft-rueckstandslose-entfernung-inklusive-ersatz-stossschutz-fuer-baby-und-kinder\\\/#breadcrumb\"},\"inLanguage\":\"de\",\"potentialAction\":[{\"@type\":\"ReadAction\",\"target\":[\"https:\\\/\\\/marktxxl.de\\\/markt\\\/produkt\\\/maliveo-premium-eckenschutz-und-kantenschutz-transparent-aus-kunststoff-geprueft-rueckstandslose-entfernung-inklusive-ersatz-stossschutz-fuer-baby-und-kinder\\\/\"]}]},{\"@type\":\"ImageObject\",\"inLanguage\":\"de\",\"@id\":\"https:\\\/\\\/marktxxl.de\\\/markt\\\/produkt\\\/maliveo-premium-eckenschutz-und-kantenschutz-transparent-aus-kunststoff-geprueft-rueckstandslose-entfernung-inklusive-ersatz-stossschutz-fuer-baby-und-kinder\\\/#primaryimage\",\"url\":\"https:\\\/\\\/m.media-amazon.com\\\/images\\\/I\\\/51gF85EPlQL._SL500_.jpg\",\"contentUrl\":\"https:\\\/\\\/m.media-amazon.com\\\/images\\\/I\\\/51gF85EPlQL._SL500_.jpg\",\"width\":500,\"height\":500},{\"@type\":\"BreadcrumbList\",\"@id\":\"https:\\\/\\\/marktxxl.de\\\/markt\\\/produkt\\\/maliveo-premium-eckenschutz-und-kantenschutz-transparent-aus-kunststoff-geprueft-rueckstandslose-entfernung-inklusive-ersatz-stossschutz-fuer-baby-und-kinder\\\/#breadcrumb\",\"itemListElement\":[{\"@type\":\"ListItem\",\"position\":1,\"name\":\"Startseite\",\"item\":\"https:\\\/\\\/marktxxl.de\\\/markt\\\/\"},{\"@type\":\"ListItem\",\"position\":2,\"name\":\"Markt\",\"item\":\"https:\\\/\\\/marktxxl.de\\\/markt\\\/\"},{\"@type\":\"ListItem\",\"position\":3,\"name\":\"maliveo Premium Eckenschutz und Kantenschutz transparent aus Kunststoff &#8211; Gepr\u00fcft &#8211; R\u00fcckstandslose Entfernung\u2026\"}]},{\"@type\":\"WebSite\",\"@id\":\"https:\\\/\\\/marktxxl.de\\\/markt\\\/#website\",\"url\":\"https:\\\/\\\/marktxxl.de\\\/markt\\\/\",\"name\":\"Markt-XXL\",\"description\":\"Ihr Markt Online\",\"publisher\":{\"@id\":\"https:\\\/\\\/marktxxl.de\\\/markt\\\/#organization\"},\"potentialAction\":[{\"@type\":\"SearchAction\",\"target\":{\"@type\":\"EntryPoint\",\"urlTemplate\":\"https:\\\/\\\/marktxxl.de\\\/markt\\\/?s={search_term_string}\"},\"query-input\":{\"@type\":\"PropertyValueSpecification\",\"valueRequired\":true,\"valueName\":\"search_term_string\"}}],\"inLanguage\":\"de\"},{\"@type\":\"Organization\",\"@id\":\"https:\\\/\\\/marktxxl.de\\\/markt\\\/#organization\",\"name\":\"Markt-XXL\",\"url\":\"https:\\\/\\\/marktxxl.de\\\/markt\\\/\",\"logo\":{\"@type\":\"ImageObject\",\"inLanguage\":\"de\",\"@id\":\"https:\\\/\\\/marktxxl.de\\\/markt\\\/#\\\/schema\\\/logo\\\/image\\\/\",\"url\":\"https:\\\/\\\/marktxxl.de\\\/markt\\\/wp-content\\\/uploads\\\/sites\\\/3\\\/2020\\\/12\\\/logo.png\",\"contentUrl\":\"https:\\\/\\\/marktxxl.de\\\/markt\\\/wp-content\\\/uploads\\\/sites\\\/3\\\/2020\\\/12\\\/logo.png\",\"width\":200,\"height\":70,\"caption\":\"Markt-XXL\"},\"image\":{\"@id\":\"https:\\\/\\\/marktxxl.de\\\/markt\\\/#\\\/schema\\\/logo\\\/image\\\/\"}}]}<\/script>\n<!-- \/ Yoast SEO plugin. -->","yoast_head_json":{"title":"maliveo Premium Eckenschutz und Kantenschutz transparent aus Kunststoff - Gepr\u00fcft - R\u00fcckstandslose Entfernung\u2026 - Markt-XXL","description":"Markt-XXL maliveo Premium Eckenschutz und Kantenschutz transparent aus Kunststoff - Gepr\u00fcft - R\u00fcckstandslose Entfernung\u2026","robots":{"index":"index","follow":"follow","max-snippet":"max-snippet:-1","max-image-preview":"max-image-preview:large","max-video-preview":"max-video-preview:-1"},"canonical":"https:\/\/marktxxl.de\/markt\/produkt\/maliveo-premium-eckenschutz-und-kantenschutz-transparent-aus-kunststoff-geprueft-rueckstandslose-entfernung-inklusive-ersatz-stossschutz-fuer-baby-und-kinder\/","og_locale":"de_DE","og_type":"article","og_title":"maliveo Premium Eckenschutz und Kantenschutz transparent aus Kunststoff - Gepr\u00fcft - R\u00fcckstandslose Entfernung\u2026 - Markt-XXL","og_description":"Markt-XXL maliveo Premium Eckenschutz und Kantenschutz transparent aus Kunststoff - Gepr\u00fcft - R\u00fcckstandslose Entfernung\u2026","og_url":"https:\/\/marktxxl.de\/markt\/produkt\/maliveo-premium-eckenschutz-und-kantenschutz-transparent-aus-kunststoff-geprueft-rueckstandslose-entfernung-inklusive-ersatz-stossschutz-fuer-baby-und-kinder\/","og_site_name":"Markt-XXL","article_modified_time":"2023-04-11T00:07:39+00:00","og_image":[{"width":500,"height":500,"url":"https:\/\/m.media-amazon.com\/images\/I\/51gF85EPlQL._SL500_.jpg","type":"image\/jpeg"}],"twitter_card":"summary_large_image","twitter_misc":{"Gesch\u00e4tzte Lesezeit":"1\u00a0Minute"},"schema":{"@context":"https:\/\/schema.org","@graph":[{"@type":"WebPage","@id":"https:\/\/marktxxl.de\/markt\/produkt\/maliveo-premium-eckenschutz-und-kantenschutz-transparent-aus-kunststoff-geprueft-rueckstandslose-entfernung-inklusive-ersatz-stossschutz-fuer-baby-und-kinder\/","url":"https:\/\/marktxxl.de\/markt\/produkt\/maliveo-premium-eckenschutz-und-kantenschutz-transparent-aus-kunststoff-geprueft-rueckstandslose-entfernung-inklusive-ersatz-stossschutz-fuer-baby-und-kinder\/","name":"maliveo Premium Eckenschutz und Kantenschutz transparent aus Kunststoff - Gepr\u00fcft - R\u00fcckstandslose Entfernung\u2026 - Markt-XXL","isPartOf":{"@id":"https:\/\/marktxxl.de\/markt\/#website"},"primaryImageOfPage":{"@id":"https:\/\/marktxxl.de\/markt\/produkt\/maliveo-premium-eckenschutz-und-kantenschutz-transparent-aus-kunststoff-geprueft-rueckstandslose-entfernung-inklusive-ersatz-stossschutz-fuer-baby-und-kinder\/#primaryimage"},"image":{"@id":"https:\/\/marktxxl.de\/markt\/produkt\/maliveo-premium-eckenschutz-und-kantenschutz-transparent-aus-kunststoff-geprueft-rueckstandslose-entfernung-inklusive-ersatz-stossschutz-fuer-baby-und-kinder\/#primaryimage"},"thumbnailUrl":"https:\/\/m.media-amazon.com\/images\/I\/51gF85EPlQL._SL500_.jpg","datePublished":"2021-10-12T20:18:49+00:00","dateModified":"2023-04-11T00:07:39+00:00","description":"Markt-XXL maliveo Premium Eckenschutz und Kantenschutz transparent aus Kunststoff - Gepr\u00fcft - R\u00fcckstandslose Entfernung\u2026","breadcrumb":{"@id":"https:\/\/marktxxl.de\/markt\/produkt\/maliveo-premium-eckenschutz-und-kantenschutz-transparent-aus-kunststoff-geprueft-rueckstandslose-entfernung-inklusive-ersatz-stossschutz-fuer-baby-und-kinder\/#breadcrumb"},"inLanguage":"de","potentialAction":[{"@type":"ReadAction","target":["https:\/\/marktxxl.de\/markt\/produkt\/maliveo-premium-eckenschutz-und-kantenschutz-transparent-aus-kunststoff-geprueft-rueckstandslose-entfernung-inklusive-ersatz-stossschutz-fuer-baby-und-kinder\/"]}]},{"@type":"ImageObject","inLanguage":"de","@id":"https:\/\/marktxxl.de\/markt\/produkt\/maliveo-premium-eckenschutz-und-kantenschutz-transparent-aus-kunststoff-geprueft-rueckstandslose-entfernung-inklusive-ersatz-stossschutz-fuer-baby-und-kinder\/#primaryimage","url":"https:\/\/m.media-amazon.com\/images\/I\/51gF85EPlQL._SL500_.jpg","contentUrl":"https:\/\/m.media-amazon.com\/images\/I\/51gF85EPlQL._SL500_.jpg","width":500,"height":500},{"@type":"BreadcrumbList","@id":"https:\/\/marktxxl.de\/markt\/produkt\/maliveo-premium-eckenschutz-und-kantenschutz-transparent-aus-kunststoff-geprueft-rueckstandslose-entfernung-inklusive-ersatz-stossschutz-fuer-baby-und-kinder\/#breadcrumb","itemListElement":[{"@type":"ListItem","position":1,"name":"Startseite","item":"https:\/\/marktxxl.de\/markt\/"},{"@type":"ListItem","position":2,"name":"Markt","item":"https:\/\/marktxxl.de\/markt\/"},{"@type":"ListItem","position":3,"name":"maliveo Premium Eckenschutz und Kantenschutz transparent aus Kunststoff &#8211; Gepr\u00fcft &#8211; R\u00fcckstandslose Entfernung\u2026"}]},{"@type":"WebSite","@id":"https:\/\/marktxxl.de\/markt\/#website","url":"https:\/\/marktxxl.de\/markt\/","name":"Markt-XXL","description":"Ihr Markt Online","publisher":{"@id":"https:\/\/marktxxl.de\/markt\/#organization"},"potentialAction":[{"@type":"SearchAction","target":{"@type":"EntryPoint","urlTemplate":"https:\/\/marktxxl.de\/markt\/?s={search_term_string}"},"query-input":{"@type":"PropertyValueSpecification","valueRequired":true,"valueName":"search_term_string"}}],"inLanguage":"de"},{"@type":"Organization","@id":"https:\/\/marktxxl.de\/markt\/#organization","name":"Markt-XXL","url":"https:\/\/marktxxl.de\/markt\/","logo":{"@type":"ImageObject","inLanguage":"de","@id":"https:\/\/marktxxl.de\/markt\/#\/schema\/logo\/image\/","url":"https:\/\/marktxxl.de\/markt\/wp-content\/uploads\/sites\/3\/2020\/12\/logo.png","contentUrl":"https:\/\/marktxxl.de\/markt\/wp-content\/uploads\/sites\/3\/2020\/12\/logo.png","width":200,"height":70,"caption":"Markt-XXL"},"image":{"@id":"https:\/\/marktxxl.de\/markt\/#\/schema\/logo\/image\/"}}]}},"_links":{"self":[{"href":"https:\/\/marktxxl.de\/markt\/wp-json\/wp\/v2\/product\/47481","targetHints":{"allow":["GET"]}}],"collection":[{"href":"https:\/\/marktxxl.de\/markt\/wp-json\/wp\/v2\/product"}],"about":[{"href":"https:\/\/marktxxl.de\/markt\/wp-json\/wp\/v2\/types\/product"}],"replies":[{"embeddable":true,"href":"https:\/\/marktxxl.de\/markt\/wp-json\/wp\/v2\/comments?post=47481"}],"wp:featuredmedia":[{"embeddable":true,"href":"https:\/\/marktxxl.de\/markt\/wp-json\/wp\/v2\/media\/47482"}],"wp:attachment":[{"href":"https:\/\/marktxxl.de\/markt\/wp-json\/wp\/v2\/media?parent=47481"}],"wp:term":[{"taxonomy":"product_brand","embeddable":true,"href":"https:\/\/marktxxl.de\/markt\/wp-json\/wp\/v2\/product_brand?post=47481"},{"taxonomy":"product_cat","embeddable":true,"href":"https:\/\/marktxxl.de\/markt\/wp-json\/wp\/v2\/product_cat?post=47481"},{"taxonomy":"product_tag","embeddable":true,"href":"https:\/\/marktxxl.de\/markt\/wp-json\/wp\/v2\/product_tag?post=47481"}],"curies":[{"name":"wp","href":"https:\/\/api.w.org\/{rel}","templated":true}]}}