{"id":47432,"date":"2021-10-12T22:15:12","date_gmt":"2021-10-12T20:15:12","guid":{"rendered":"https:\/\/marktxxl.de\/markt\/produkt\/wall-nanny-mini-4-stueck-kleinste-flache-wand-protector-fuer-baby-gates-perfekt-im-tueren-am-besten-saver-tassen-guard-trim-paint-fuer-kind-hund-pet-druck-schutztuer\/"},"modified":"2023-04-11T02:07:39","modified_gmt":"2023-04-11T00:07:39","slug":"wall-nanny-mini-4-stueck-kleinste-flache-wand-protector-fuer-baby-gates-perfekt-im-tueren-am-besten-saver-tassen-guard-trim-paint-fuer-kind-hund-pet-druck-schutztuer","status":"publish","type":"product","link":"https:\/\/marktxxl.de\/markt\/produkt\/wall-nanny-mini-4-stueck-kleinste-flache-wand-protector-fuer-baby-gates-perfekt-im-tueren-am-besten-saver-tassen-guard-trim-paint-fuer-kind-hund-pet-druck-schutztuer\/","title":{"rendered":"Wall Nanny Mini \u2013 Wandsch\u00fctzer f\u00fcr Treppengitter und Babygitter als auch f\u00fcr Hunde- &amp; Haustierabsperrungen (4er-Set)"},"content":{"rendered":"<p>DIE einzige Wache basierend auf IHREM Feedback, das funktioniert sicher auf unteren Spindeln &#8211; keine mehr Gefahr f\u00fcr die Sicherheit &#8211; unsere innovative Wand Besch\u00fctzer entworfen wurde. Das neue Design erm\u00f6glicht die Besch\u00fctzer \u00fcberall platziert werden, ein Druck-Tor gehen wird! Seiner flache Oberseite und Unterseite erm\u00f6glichen die unteren Spindeln des Tores lag auf dem Boden b\u00fcndig und die L\u00fccke zwischen dem Tor und Stock des Kind Walk-thru Babygates beseitigen.<br \/>\nHALTESTELLEN VON VERRUTSCHEN UND TORE UND H\u00c4LT IHRE W\u00c4NDE BESCH\u00c4DIGUNGSFREIE! Ihr Kind und Haustier Schutz sind Ihre erste Priorit\u00e4t, aber Ihre W\u00e4nde m\u00fcssen ebenso gesch\u00fctzt werden! Das ist, warum unsere vier Pack Wand Nanny weichem Gummi sichern nicht nur Kissen, die der Schlag von Druck montiert Schrauben aber auch Haltestellen die Tore von Rutschen, fallen und gleiten.<br \/>\nKLEINSTE LOW-PROFILE-BESCH\u00dcTZER AUF DEM MARKT &#8211; PASST FAST \u00dcBERALL! -Die neu gestaltete Pad kompakte Gr\u00f6\u00dfe erlaubt es, extrem vielseitig und passen \u00fcberall wird ein Druck-Tor gehen. Es ist klein genug, um mit fast allen Walkthrough versenkbare Tore unterst\u00fctzt Bereichen wie T\u00fcren, kleine peinliche R\u00e4ume und andere kleine R\u00e4ume passen.<br \/>\nEINFACH ZU INSTALLIEREN! -Vergessen Sie Werkzeuge oder gro\u00dfe Teile f\u00fcr die Installation und Montage wie unsere Wand-Protektoren mit Ihrem besten Interesse im Auge daher entworfen wurden, die sie einfach ohne Werkzeuge oder Zubeh\u00f6r eingebaut werden k\u00f6nnen! Unser Kinderm\u00e4dchen Wand steht allein, wie es auf den meisten Regalo Evenflo Munchkin Sommer Infant KidCo Sicherheit funktioniert 1. und Carlson Metall Walkthru stehende Riegel Tore! selbstklebende erweiterbar montierbare Playard selb<br \/>\n<div class=\"main-cross-sell\" data-asin=\"B07C61YBMJ\">\n\n\t<div class=\"WooZone-cross-sell-loader\">\n\t\t<div>\n\t\t\t<div id=\"floatingBarsG\">\n\t\t\t\t<div class=\"blockG\" id=\"rotateG_01\"><\/div>\n\t\t\t\t<div class=\"blockG\" id=\"rotateG_02\"><\/div>\n\t\t\t\t<div class=\"blockG\" id=\"rotateG_03\"><\/div>\n\t\t\t\t<div class=\"blockG\" id=\"rotateG_04\"><\/div>\n\t\t\t\t<div class=\"blockG\" id=\"rotateG_05\"><\/div>\n\t\t\t\t<div class=\"blockG\" id=\"rotateG_06\"><\/div>\n\t\t\t\t<div class=\"blockG\" id=\"rotateG_07\"><\/div>\n\t\t\t\t<div class=\"blockG\" id=\"rotateG_08\"><\/div>\n\t\t\t<\/div>\n\t\t\t<div class=\"WooZone-cross-sell-loader-text\"><\/div>\n\t\t<\/div>\n\t<\/div>\n\n\t\t\n<\/div>\n<div style=\"clear:both;\"><\/div><\/p>\n","protected":false},"excerpt":{"rendered":"<p>DIE einzige Wache basierend auf IHREM Feedback, das funktioniert sicher auf unteren Spindeln &#8211; keine mehr Gefahr f\u00fcr die Sicherheit &#8211; unsere innovative Wand Besch\u00fctzer entworfen wurde. Das neue Design erm\u00f6glicht die Besch\u00fctzer \u00fcberall platziert werden, ein Druck-Tor gehen wird! Seiner flache Oberseite und Unterseite erm\u00f6glichen die unteren Spindeln des Tores lag auf dem Boden b\u00fcndig und die L\u00fccke zwischen dem Tor und Stock des Kind Walk-thru Babygates beseitigen.<br \/>\nHALTESTELLEN VON VERRUTSCHEN UND TORE UND H\u00c4LT IHRE W\u00c4NDE BESCH\u00c4DIGUNGSFREIE! Ihr Kind und Haustier Schutz sind Ihre erste Priorit\u00e4t, aber Ihre W\u00e4nde m\u00fcssen ebenso gesch\u00fctzt werden! Das ist, warum unsere vier Pack Wand Nanny weichem Gummi sichern nicht nur Kissen, die der Schlag von Druck montiert Schrauben aber auch Haltestellen die Tore von Rutschen, fallen und gleiten.<br \/>\nKLEINSTE LOW-PROFILE-BESCH\u00dcTZER AUF DEM MARKT &#8211; PASST FAST \u00dcBERALL! -Die neu gestaltete Pad kompakte Gr\u00f6\u00dfe erlaubt es, extrem vielseitig und passen \u00fcberall wird ein Druck-Tor gehen. Es ist klein genug, um mit fast allen Walkthrough versenkbare Tore unterst\u00fctzt Bereichen wie T\u00fcren, kleine peinliche R\u00e4ume und andere kleine R\u00e4ume passen.<\/p>\n","protected":false},"featured_media":47437,"comment_status":"open","ping_status":"closed","template":"","meta":[],"product_brand":[],"product_cat":[21,9378],"product_tag":[],"class_list":{"0":"post-47432","1":"product","2":"type-product","3":"status-publish","4":"has-post-thumbnail","6":"product_cat-baby","7":"product_cat-sicherheit-baby","8":"pa_binding-babyartikel","9":"pa_brand-wall-nanny","10":"pa_farbe-braun","11":"pa_farbe-gray","12":"pa_farbe-schwarz","13":"pa_farbe-weiss","14":"pa_manufacturer-tmw-family-company-llc","16":"first","17":"instock","18":"shipping-taxable","19":"purchasable","20":"product-type-simple","21":"customify-col","22":"product-has-gallery"},"yoast_head":"<!-- This site is optimized with the Yoast SEO plugin v27.4 - https:\/\/yoast.com\/product\/yoast-seo-wordpress\/ -->\n<title>Wall Nanny Mini \u2013 Wandsch\u00fctzer f\u00fcr Treppengitter und Babygitter als auch f\u00fcr Hunde- &amp; Haustierabsperrungen (4er-Set) - Markt-XXL<\/title>\n<meta name=\"description\" content=\"Markt-XXL Wall Nanny Mini \u2013 Wandsch\u00fctzer f\u00fcr Treppengitter und Babygitter als auch f\u00fcr Hunde- &amp; Haustierabsperrungen (4er-Set)\" \/>\n<meta name=\"robots\" content=\"index, follow, max-snippet:-1, max-image-preview:large, max-video-preview:-1\" \/>\n<link rel=\"canonical\" href=\"https:\/\/marktxxl.de\/markt\/produkt\/wall-nanny-mini-4-stueck-kleinste-flache-wand-protector-fuer-baby-gates-perfekt-im-tueren-am-besten-saver-tassen-guard-trim-paint-fuer-kind-hund-pet-druck-schutztuer\/\" \/>\n<meta property=\"og:locale\" content=\"de_DE\" \/>\n<meta property=\"og:type\" content=\"article\" \/>\n<meta property=\"og:title\" content=\"Wall Nanny Mini \u2013 Wandsch\u00fctzer f\u00fcr Treppengitter und Babygitter als auch f\u00fcr Hunde- &amp; Haustierabsperrungen (4er-Set) - Markt-XXL\" \/>\n<meta property=\"og:description\" content=\"Markt-XXL Wall Nanny Mini \u2013 Wandsch\u00fctzer f\u00fcr Treppengitter und Babygitter als auch f\u00fcr Hunde- &amp; Haustierabsperrungen (4er-Set)\" \/>\n<meta property=\"og:url\" content=\"https:\/\/marktxxl.de\/markt\/produkt\/wall-nanny-mini-4-stueck-kleinste-flache-wand-protector-fuer-baby-gates-perfekt-im-tueren-am-besten-saver-tassen-guard-trim-paint-fuer-kind-hund-pet-druck-schutztuer\/\" \/>\n<meta property=\"og:site_name\" content=\"Markt-XXL\" \/>\n<meta property=\"article:modified_time\" content=\"2023-04-11T00:07:39+00:00\" \/>\n<meta property=\"og:image\" content=\"https:\/\/m.media-amazon.com\/images\/I\/31w5-f5BbDL._SL500_.jpg\" \/>\n\t<meta property=\"og:image:width\" content=\"500\" \/>\n\t<meta property=\"og:image:height\" content=\"500\" \/>\n\t<meta property=\"og:image:type\" content=\"image\/jpeg\" \/>\n<meta name=\"twitter:card\" content=\"summary_large_image\" \/>\n<meta name=\"twitter:label1\" content=\"Gesch\u00e4tzte Lesezeit\" \/>\n\t<meta name=\"twitter:data1\" content=\"1\u00a0Minute\" \/>\n<script type=\"application\/ld+json\" class=\"yoast-schema-graph\">{\"@context\":\"https:\\\/\\\/schema.org\",\"@graph\":[{\"@type\":\"WebPage\",\"@id\":\"https:\\\/\\\/marktxxl.de\\\/markt\\\/produkt\\\/wall-nanny-mini-4-stueck-kleinste-flache-wand-protector-fuer-baby-gates-perfekt-im-tueren-am-besten-saver-tassen-guard-trim-paint-fuer-kind-hund-pet-druck-schutztuer\\\/\",\"url\":\"https:\\\/\\\/marktxxl.de\\\/markt\\\/produkt\\\/wall-nanny-mini-4-stueck-kleinste-flache-wand-protector-fuer-baby-gates-perfekt-im-tueren-am-besten-saver-tassen-guard-trim-paint-fuer-kind-hund-pet-druck-schutztuer\\\/\",\"name\":\"Wall Nanny Mini \u2013 Wandsch\u00fctzer f\u00fcr Treppengitter und Babygitter als auch f\u00fcr Hunde- &amp; Haustierabsperrungen (4er-Set) - Markt-XXL\",\"isPartOf\":{\"@id\":\"https:\\\/\\\/marktxxl.de\\\/markt\\\/#website\"},\"primaryImageOfPage\":{\"@id\":\"https:\\\/\\\/marktxxl.de\\\/markt\\\/produkt\\\/wall-nanny-mini-4-stueck-kleinste-flache-wand-protector-fuer-baby-gates-perfekt-im-tueren-am-besten-saver-tassen-guard-trim-paint-fuer-kind-hund-pet-druck-schutztuer\\\/#primaryimage\"},\"image\":{\"@id\":\"https:\\\/\\\/marktxxl.de\\\/markt\\\/produkt\\\/wall-nanny-mini-4-stueck-kleinste-flache-wand-protector-fuer-baby-gates-perfekt-im-tueren-am-besten-saver-tassen-guard-trim-paint-fuer-kind-hund-pet-druck-schutztuer\\\/#primaryimage\"},\"thumbnailUrl\":\"https:\\\/\\\/m.media-amazon.com\\\/images\\\/I\\\/31w5-f5BbDL._SL500_.jpg\",\"datePublished\":\"2021-10-12T20:15:12+00:00\",\"dateModified\":\"2023-04-11T00:07:39+00:00\",\"description\":\"Markt-XXL Wall Nanny Mini \u2013 Wandsch\u00fctzer f\u00fcr Treppengitter und Babygitter als auch f\u00fcr Hunde- &amp; Haustierabsperrungen (4er-Set)\",\"breadcrumb\":{\"@id\":\"https:\\\/\\\/marktxxl.de\\\/markt\\\/produkt\\\/wall-nanny-mini-4-stueck-kleinste-flache-wand-protector-fuer-baby-gates-perfekt-im-tueren-am-besten-saver-tassen-guard-trim-paint-fuer-kind-hund-pet-druck-schutztuer\\\/#breadcrumb\"},\"inLanguage\":\"de\",\"potentialAction\":[{\"@type\":\"ReadAction\",\"target\":[\"https:\\\/\\\/marktxxl.de\\\/markt\\\/produkt\\\/wall-nanny-mini-4-stueck-kleinste-flache-wand-protector-fuer-baby-gates-perfekt-im-tueren-am-besten-saver-tassen-guard-trim-paint-fuer-kind-hund-pet-druck-schutztuer\\\/\"]}]},{\"@type\":\"ImageObject\",\"inLanguage\":\"de\",\"@id\":\"https:\\\/\\\/marktxxl.de\\\/markt\\\/produkt\\\/wall-nanny-mini-4-stueck-kleinste-flache-wand-protector-fuer-baby-gates-perfekt-im-tueren-am-besten-saver-tassen-guard-trim-paint-fuer-kind-hund-pet-druck-schutztuer\\\/#primaryimage\",\"url\":\"https:\\\/\\\/m.media-amazon.com\\\/images\\\/I\\\/31w5-f5BbDL._SL500_.jpg\",\"contentUrl\":\"https:\\\/\\\/m.media-amazon.com\\\/images\\\/I\\\/31w5-f5BbDL._SL500_.jpg\",\"width\":500,\"height\":500},{\"@type\":\"BreadcrumbList\",\"@id\":\"https:\\\/\\\/marktxxl.de\\\/markt\\\/produkt\\\/wall-nanny-mini-4-stueck-kleinste-flache-wand-protector-fuer-baby-gates-perfekt-im-tueren-am-besten-saver-tassen-guard-trim-paint-fuer-kind-hund-pet-druck-schutztuer\\\/#breadcrumb\",\"itemListElement\":[{\"@type\":\"ListItem\",\"position\":1,\"name\":\"Startseite\",\"item\":\"https:\\\/\\\/marktxxl.de\\\/markt\\\/\"},{\"@type\":\"ListItem\",\"position\":2,\"name\":\"Markt\",\"item\":\"https:\\\/\\\/marktxxl.de\\\/markt\\\/\"},{\"@type\":\"ListItem\",\"position\":3,\"name\":\"Wall Nanny Mini \u2013 Wandsch\u00fctzer f\u00fcr Treppengitter und Babygitter als auch f\u00fcr Hunde- &amp; Haustierabsperrungen (4er-Set)\"}]},{\"@type\":\"WebSite\",\"@id\":\"https:\\\/\\\/marktxxl.de\\\/markt\\\/#website\",\"url\":\"https:\\\/\\\/marktxxl.de\\\/markt\\\/\",\"name\":\"Markt-XXL\",\"description\":\"Ihr Markt Online\",\"publisher\":{\"@id\":\"https:\\\/\\\/marktxxl.de\\\/markt\\\/#organization\"},\"potentialAction\":[{\"@type\":\"SearchAction\",\"target\":{\"@type\":\"EntryPoint\",\"urlTemplate\":\"https:\\\/\\\/marktxxl.de\\\/markt\\\/?s={search_term_string}\"},\"query-input\":{\"@type\":\"PropertyValueSpecification\",\"valueRequired\":true,\"valueName\":\"search_term_string\"}}],\"inLanguage\":\"de\"},{\"@type\":\"Organization\",\"@id\":\"https:\\\/\\\/marktxxl.de\\\/markt\\\/#organization\",\"name\":\"Markt-XXL\",\"url\":\"https:\\\/\\\/marktxxl.de\\\/markt\\\/\",\"logo\":{\"@type\":\"ImageObject\",\"inLanguage\":\"de\",\"@id\":\"https:\\\/\\\/marktxxl.de\\\/markt\\\/#\\\/schema\\\/logo\\\/image\\\/\",\"url\":\"https:\\\/\\\/marktxxl.de\\\/markt\\\/wp-content\\\/uploads\\\/sites\\\/3\\\/2020\\\/12\\\/logo.png\",\"contentUrl\":\"https:\\\/\\\/marktxxl.de\\\/markt\\\/wp-content\\\/uploads\\\/sites\\\/3\\\/2020\\\/12\\\/logo.png\",\"width\":200,\"height\":70,\"caption\":\"Markt-XXL\"},\"image\":{\"@id\":\"https:\\\/\\\/marktxxl.de\\\/markt\\\/#\\\/schema\\\/logo\\\/image\\\/\"}}]}<\/script>\n<!-- \/ Yoast SEO plugin. -->","yoast_head_json":{"title":"Wall Nanny Mini \u2013 Wandsch\u00fctzer f\u00fcr Treppengitter und Babygitter als auch f\u00fcr Hunde- &amp; Haustierabsperrungen (4er-Set) - Markt-XXL","description":"Markt-XXL Wall Nanny Mini \u2013 Wandsch\u00fctzer f\u00fcr Treppengitter und Babygitter als auch f\u00fcr Hunde- &amp; Haustierabsperrungen (4er-Set)","robots":{"index":"index","follow":"follow","max-snippet":"max-snippet:-1","max-image-preview":"max-image-preview:large","max-video-preview":"max-video-preview:-1"},"canonical":"https:\/\/marktxxl.de\/markt\/produkt\/wall-nanny-mini-4-stueck-kleinste-flache-wand-protector-fuer-baby-gates-perfekt-im-tueren-am-besten-saver-tassen-guard-trim-paint-fuer-kind-hund-pet-druck-schutztuer\/","og_locale":"de_DE","og_type":"article","og_title":"Wall Nanny Mini \u2013 Wandsch\u00fctzer f\u00fcr Treppengitter und Babygitter als auch f\u00fcr Hunde- &amp; Haustierabsperrungen (4er-Set) - Markt-XXL","og_description":"Markt-XXL Wall Nanny Mini \u2013 Wandsch\u00fctzer f\u00fcr Treppengitter und Babygitter als auch f\u00fcr Hunde- &amp; Haustierabsperrungen (4er-Set)","og_url":"https:\/\/marktxxl.de\/markt\/produkt\/wall-nanny-mini-4-stueck-kleinste-flache-wand-protector-fuer-baby-gates-perfekt-im-tueren-am-besten-saver-tassen-guard-trim-paint-fuer-kind-hund-pet-druck-schutztuer\/","og_site_name":"Markt-XXL","article_modified_time":"2023-04-11T00:07:39+00:00","og_image":[{"width":500,"height":500,"url":"https:\/\/m.media-amazon.com\/images\/I\/31w5-f5BbDL._SL500_.jpg","type":"image\/jpeg"}],"twitter_card":"summary_large_image","twitter_misc":{"Gesch\u00e4tzte Lesezeit":"1\u00a0Minute"},"schema":{"@context":"https:\/\/schema.org","@graph":[{"@type":"WebPage","@id":"https:\/\/marktxxl.de\/markt\/produkt\/wall-nanny-mini-4-stueck-kleinste-flache-wand-protector-fuer-baby-gates-perfekt-im-tueren-am-besten-saver-tassen-guard-trim-paint-fuer-kind-hund-pet-druck-schutztuer\/","url":"https:\/\/marktxxl.de\/markt\/produkt\/wall-nanny-mini-4-stueck-kleinste-flache-wand-protector-fuer-baby-gates-perfekt-im-tueren-am-besten-saver-tassen-guard-trim-paint-fuer-kind-hund-pet-druck-schutztuer\/","name":"Wall Nanny Mini \u2013 Wandsch\u00fctzer f\u00fcr Treppengitter und Babygitter als auch f\u00fcr Hunde- &amp; Haustierabsperrungen (4er-Set) - Markt-XXL","isPartOf":{"@id":"https:\/\/marktxxl.de\/markt\/#website"},"primaryImageOfPage":{"@id":"https:\/\/marktxxl.de\/markt\/produkt\/wall-nanny-mini-4-stueck-kleinste-flache-wand-protector-fuer-baby-gates-perfekt-im-tueren-am-besten-saver-tassen-guard-trim-paint-fuer-kind-hund-pet-druck-schutztuer\/#primaryimage"},"image":{"@id":"https:\/\/marktxxl.de\/markt\/produkt\/wall-nanny-mini-4-stueck-kleinste-flache-wand-protector-fuer-baby-gates-perfekt-im-tueren-am-besten-saver-tassen-guard-trim-paint-fuer-kind-hund-pet-druck-schutztuer\/#primaryimage"},"thumbnailUrl":"https:\/\/m.media-amazon.com\/images\/I\/31w5-f5BbDL._SL500_.jpg","datePublished":"2021-10-12T20:15:12+00:00","dateModified":"2023-04-11T00:07:39+00:00","description":"Markt-XXL Wall Nanny Mini \u2013 Wandsch\u00fctzer f\u00fcr Treppengitter und Babygitter als auch f\u00fcr Hunde- &amp; Haustierabsperrungen (4er-Set)","breadcrumb":{"@id":"https:\/\/marktxxl.de\/markt\/produkt\/wall-nanny-mini-4-stueck-kleinste-flache-wand-protector-fuer-baby-gates-perfekt-im-tueren-am-besten-saver-tassen-guard-trim-paint-fuer-kind-hund-pet-druck-schutztuer\/#breadcrumb"},"inLanguage":"de","potentialAction":[{"@type":"ReadAction","target":["https:\/\/marktxxl.de\/markt\/produkt\/wall-nanny-mini-4-stueck-kleinste-flache-wand-protector-fuer-baby-gates-perfekt-im-tueren-am-besten-saver-tassen-guard-trim-paint-fuer-kind-hund-pet-druck-schutztuer\/"]}]},{"@type":"ImageObject","inLanguage":"de","@id":"https:\/\/marktxxl.de\/markt\/produkt\/wall-nanny-mini-4-stueck-kleinste-flache-wand-protector-fuer-baby-gates-perfekt-im-tueren-am-besten-saver-tassen-guard-trim-paint-fuer-kind-hund-pet-druck-schutztuer\/#primaryimage","url":"https:\/\/m.media-amazon.com\/images\/I\/31w5-f5BbDL._SL500_.jpg","contentUrl":"https:\/\/m.media-amazon.com\/images\/I\/31w5-f5BbDL._SL500_.jpg","width":500,"height":500},{"@type":"BreadcrumbList","@id":"https:\/\/marktxxl.de\/markt\/produkt\/wall-nanny-mini-4-stueck-kleinste-flache-wand-protector-fuer-baby-gates-perfekt-im-tueren-am-besten-saver-tassen-guard-trim-paint-fuer-kind-hund-pet-druck-schutztuer\/#breadcrumb","itemListElement":[{"@type":"ListItem","position":1,"name":"Startseite","item":"https:\/\/marktxxl.de\/markt\/"},{"@type":"ListItem","position":2,"name":"Markt","item":"https:\/\/marktxxl.de\/markt\/"},{"@type":"ListItem","position":3,"name":"Wall Nanny Mini \u2013 Wandsch\u00fctzer f\u00fcr Treppengitter und Babygitter als auch f\u00fcr Hunde- &amp; Haustierabsperrungen (4er-Set)"}]},{"@type":"WebSite","@id":"https:\/\/marktxxl.de\/markt\/#website","url":"https:\/\/marktxxl.de\/markt\/","name":"Markt-XXL","description":"Ihr Markt Online","publisher":{"@id":"https:\/\/marktxxl.de\/markt\/#organization"},"potentialAction":[{"@type":"SearchAction","target":{"@type":"EntryPoint","urlTemplate":"https:\/\/marktxxl.de\/markt\/?s={search_term_string}"},"query-input":{"@type":"PropertyValueSpecification","valueRequired":true,"valueName":"search_term_string"}}],"inLanguage":"de"},{"@type":"Organization","@id":"https:\/\/marktxxl.de\/markt\/#organization","name":"Markt-XXL","url":"https:\/\/marktxxl.de\/markt\/","logo":{"@type":"ImageObject","inLanguage":"de","@id":"https:\/\/marktxxl.de\/markt\/#\/schema\/logo\/image\/","url":"https:\/\/marktxxl.de\/markt\/wp-content\/uploads\/sites\/3\/2020\/12\/logo.png","contentUrl":"https:\/\/marktxxl.de\/markt\/wp-content\/uploads\/sites\/3\/2020\/12\/logo.png","width":200,"height":70,"caption":"Markt-XXL"},"image":{"@id":"https:\/\/marktxxl.de\/markt\/#\/schema\/logo\/image\/"}}]}},"_links":{"self":[{"href":"https:\/\/marktxxl.de\/markt\/wp-json\/wp\/v2\/product\/47432","targetHints":{"allow":["GET"]}}],"collection":[{"href":"https:\/\/marktxxl.de\/markt\/wp-json\/wp\/v2\/product"}],"about":[{"href":"https:\/\/marktxxl.de\/markt\/wp-json\/wp\/v2\/types\/product"}],"replies":[{"embeddable":true,"href":"https:\/\/marktxxl.de\/markt\/wp-json\/wp\/v2\/comments?post=47432"}],"wp:featuredmedia":[{"embeddable":true,"href":"https:\/\/marktxxl.de\/markt\/wp-json\/wp\/v2\/media\/47437"}],"wp:attachment":[{"href":"https:\/\/marktxxl.de\/markt\/wp-json\/wp\/v2\/media?parent=47432"}],"wp:term":[{"taxonomy":"product_brand","embeddable":true,"href":"https:\/\/marktxxl.de\/markt\/wp-json\/wp\/v2\/product_brand?post=47432"},{"taxonomy":"product_cat","embeddable":true,"href":"https:\/\/marktxxl.de\/markt\/wp-json\/wp\/v2\/product_cat?post=47432"},{"taxonomy":"product_tag","embeddable":true,"href":"https:\/\/marktxxl.de\/markt\/wp-json\/wp\/v2\/product_tag?post=47432"}],"curies":[{"name":"wp","href":"https:\/\/api.w.org\/{rel}","templated":true}]}}