{"id":47415,"date":"2021-10-12T22:15:09","date_gmt":"2021-10-12T20:15:09","guid":{"rendered":"https:\/\/marktxxl.de\/markt\/produkt\/sweet-safety-baby-schubladensicherungen-bombenfest-tuev-schadstoff-geprueft-kindersicherung-zum-kleben-fuer-schraenke-und-schubladen-6-stueck\/"},"modified":"2023-04-11T02:07:38","modified_gmt":"2023-04-11T00:07:38","slug":"sweet-safety-baby-schubladensicherungen-bombenfest-tuev-schadstoff-geprueft-kindersicherung-zum-kleben-fuer-schraenke-und-schubladen-6-stueck","status":"publish","type":"product","link":"https:\/\/marktxxl.de\/markt\/produkt\/sweet-safety-baby-schubladensicherungen-bombenfest-tuev-schadstoff-geprueft-kindersicherung-zum-kleben-fuer-schraenke-und-schubladen-6-stueck\/","title":{"rendered":"Sweet Safety\u00ae Baby Schubladensicherungen \u2013 Bombenfest \u2013 T\u00dcV-gepr\u00fcfte Kindersicherung f\u00fcr M\u00f6bel \u2013 6 St\u00fcck"},"content":{"rendered":"<p>\u2705 ?\u00dc? ?????????? ????\u00dc??: Unsere Kindersicherung f\u00fcr Schrank und Schubladen garantiert h\u00f6chste Sicherheit f\u00fcr jedes Kind und Baby und ist frei von gef\u00e4hrlichen Schadstoffen (z. B. Weichmacher, Phthalate, Blei, Flammschutzmittel).<br \/>\n\u2705 ?\u00c4?? ??????????: Auf allen Untergr\u00fcnden (Kunststoff, Keramik, Edelstahl, Holz, Glas, Fliesen, etc.) und sichert zuverl\u00e4ssig K\u00fchlschrank, M\u00fclleimer, Toilette, T\u00fcr, Fenster, Herd, Treppe, Kommode, etc.<br \/>\n\u2705 ?\u00fc???????????? ??????????: Wenn die Schubladensicherung nicht mehr ben\u00f6tigt wird, kann sie r\u00fcckstandsfrei entfernt werden. Einfach Babysicherung kurz mit dem F\u00f6n anw\u00e4rmen und abziehen.<br \/>\n\u2705 ???????? ???????: Mit der bebilderten Gebrauchsanweisung sind die Kindersicherungen leicht anzubringen. Ohne bohren und Schrauben, einfach zum Kleben.<br \/>\n\u2705 ????? ?????? ??????\u00c4?: Wir sind ein kleines Familienunternehmen und wollen Eltern das Leben leichter machen. Eltern kaufen gerne mehrere Produkte aus der Sweet Safety Familie zusammen.<br \/>\n<div class=\"main-cross-sell\" data-asin=\"B01J90Y6RY\">\n\n\t<div class=\"WooZone-cross-sell-loader\">\n\t\t<div>\n\t\t\t<div id=\"floatingBarsG\">\n\t\t\t\t<div class=\"blockG\" id=\"rotateG_01\"><\/div>\n\t\t\t\t<div class=\"blockG\" id=\"rotateG_02\"><\/div>\n\t\t\t\t<div class=\"blockG\" id=\"rotateG_03\"><\/div>\n\t\t\t\t<div class=\"blockG\" id=\"rotateG_04\"><\/div>\n\t\t\t\t<div class=\"blockG\" id=\"rotateG_05\"><\/div>\n\t\t\t\t<div class=\"blockG\" id=\"rotateG_06\"><\/div>\n\t\t\t\t<div class=\"blockG\" id=\"rotateG_07\"><\/div>\n\t\t\t\t<div class=\"blockG\" id=\"rotateG_08\"><\/div>\n\t\t\t<\/div>\n\t\t\t<div class=\"WooZone-cross-sell-loader-text\"><\/div>\n\t\t<\/div>\n\t<\/div>\n\n\t\t\n<\/div>\n<div style=\"clear:both;\"><\/div><\/p>\n","protected":false},"excerpt":{"rendered":"<p>\u2705 ?\u00dc? ?????????? ????\u00dc??: Unsere Kindersicherung f\u00fcr Schrank und Schubladen garantiert h\u00f6chste Sicherheit f\u00fcr jedes Kind und Baby und ist frei von gef\u00e4hrlichen Schadstoffen (z. B. Weichmacher, Phthalate, Blei, Flammschutzmittel).<br \/>\n\u2705 ?\u00c4?? ??????????: Auf allen Untergr\u00fcnden (Kunststoff, Keramik, Edelstahl, Holz, Glas, Fliesen, etc.) und sichert zuverl\u00e4ssig K\u00fchlschrank, M\u00fclleimer, Toilette, T\u00fcr, Fenster, Herd, Treppe, Kommode, etc.<br \/>\n\u2705 ?\u00fc???????????? ??????????: Wenn die Schubladensicherung nicht mehr ben\u00f6tigt wird, kann sie r\u00fcckstandsfrei entfernt werden. Einfach Babysicherung kurz mit dem F\u00f6n anw\u00e4rmen und abziehen.<\/p>\n","protected":false},"featured_media":47416,"comment_status":"open","ping_status":"closed","template":"","meta":[],"product_brand":[],"product_cat":[21,9378],"product_tag":[],"class_list":{"0":"post-47415","1":"product","2":"type-product","3":"status-publish","4":"has-post-thumbnail","6":"product_cat-baby","7":"product_cat-sicherheit-baby","8":"pa_binding-babyartikel","9":"pa_brand-sweet-safety","10":"pa_color-weiss","11":"pa_height-0-393700787-zoll","12":"pa_languages-unbekannt-deutsch","13":"pa_length-7-480314953-zoll","14":"pa_manufacturer-sweet-safety","15":"pa_model-ss6w2016","16":"pa_size-6-stueck-1er-pack","17":"pa_weight-0-04-pfund","18":"pa_width-1-181102361-zoll","20":"first","21":"instock","22":"shipping-taxable","23":"purchasable","24":"product-type-simple","25":"customify-col","26":"product-has-gallery"},"yoast_head":"<!-- This site is optimized with the Yoast SEO plugin v27.4 - https:\/\/yoast.com\/product\/yoast-seo-wordpress\/ -->\n<title>Sweet Safety\u00ae Baby Schubladensicherungen \u2013 Bombenfest \u2013 T\u00dcV-gepr\u00fcfte Kindersicherung f\u00fcr M\u00f6bel \u2013 6 St\u00fcck - Markt-XXL<\/title>\n<meta name=\"description\" content=\"Markt-XXL Sweet Safety\u00ae Baby Schubladensicherungen \u2013 Bombenfest \u2013 T\u00dcV-gepr\u00fcfte Kindersicherung f\u00fcr M\u00f6bel \u2013 6 St\u00fcck\" \/>\n<meta name=\"robots\" content=\"index, follow, max-snippet:-1, max-image-preview:large, max-video-preview:-1\" \/>\n<link rel=\"canonical\" href=\"https:\/\/marktxxl.de\/markt\/produkt\/sweet-safety-baby-schubladensicherungen-bombenfest-tuev-schadstoff-geprueft-kindersicherung-zum-kleben-fuer-schraenke-und-schubladen-6-stueck\/\" \/>\n<meta property=\"og:locale\" content=\"de_DE\" \/>\n<meta property=\"og:type\" content=\"article\" \/>\n<meta property=\"og:title\" content=\"Sweet Safety\u00ae Baby Schubladensicherungen \u2013 Bombenfest \u2013 T\u00dcV-gepr\u00fcfte Kindersicherung f\u00fcr M\u00f6bel \u2013 6 St\u00fcck - Markt-XXL\" \/>\n<meta property=\"og:description\" content=\"Markt-XXL Sweet Safety\u00ae Baby Schubladensicherungen \u2013 Bombenfest \u2013 T\u00dcV-gepr\u00fcfte Kindersicherung f\u00fcr M\u00f6bel \u2013 6 St\u00fcck\" \/>\n<meta property=\"og:url\" content=\"https:\/\/marktxxl.de\/markt\/produkt\/sweet-safety-baby-schubladensicherungen-bombenfest-tuev-schadstoff-geprueft-kindersicherung-zum-kleben-fuer-schraenke-und-schubladen-6-stueck\/\" \/>\n<meta property=\"og:site_name\" content=\"Markt-XXL\" \/>\n<meta property=\"article:modified_time\" content=\"2023-04-11T00:07:38+00:00\" \/>\n<meta property=\"og:image\" content=\"https:\/\/m.media-amazon.com\/images\/I\/51TSgoXiq2S._SL500_.jpg\" \/>\n\t<meta property=\"og:image:width\" content=\"500\" \/>\n\t<meta property=\"og:image:height\" content=\"500\" \/>\n\t<meta property=\"og:image:type\" content=\"image\/jpeg\" \/>\n<meta name=\"twitter:card\" content=\"summary_large_image\" \/>\n<meta name=\"twitter:label1\" content=\"Gesch\u00e4tzte Lesezeit\" \/>\n\t<meta name=\"twitter:data1\" content=\"1\u00a0Minute\" \/>\n<script type=\"application\/ld+json\" class=\"yoast-schema-graph\">{\"@context\":\"https:\\\/\\\/schema.org\",\"@graph\":[{\"@type\":\"WebPage\",\"@id\":\"https:\\\/\\\/marktxxl.de\\\/markt\\\/produkt\\\/sweet-safety-baby-schubladensicherungen-bombenfest-tuev-schadstoff-geprueft-kindersicherung-zum-kleben-fuer-schraenke-und-schubladen-6-stueck\\\/\",\"url\":\"https:\\\/\\\/marktxxl.de\\\/markt\\\/produkt\\\/sweet-safety-baby-schubladensicherungen-bombenfest-tuev-schadstoff-geprueft-kindersicherung-zum-kleben-fuer-schraenke-und-schubladen-6-stueck\\\/\",\"name\":\"Sweet Safety\u00ae Baby Schubladensicherungen \u2013 Bombenfest \u2013 T\u00dcV-gepr\u00fcfte Kindersicherung f\u00fcr M\u00f6bel \u2013 6 St\u00fcck - Markt-XXL\",\"isPartOf\":{\"@id\":\"https:\\\/\\\/marktxxl.de\\\/markt\\\/#website\"},\"primaryImageOfPage\":{\"@id\":\"https:\\\/\\\/marktxxl.de\\\/markt\\\/produkt\\\/sweet-safety-baby-schubladensicherungen-bombenfest-tuev-schadstoff-geprueft-kindersicherung-zum-kleben-fuer-schraenke-und-schubladen-6-stueck\\\/#primaryimage\"},\"image\":{\"@id\":\"https:\\\/\\\/marktxxl.de\\\/markt\\\/produkt\\\/sweet-safety-baby-schubladensicherungen-bombenfest-tuev-schadstoff-geprueft-kindersicherung-zum-kleben-fuer-schraenke-und-schubladen-6-stueck\\\/#primaryimage\"},\"thumbnailUrl\":\"https:\\\/\\\/m.media-amazon.com\\\/images\\\/I\\\/51TSgoXiq2S._SL500_.jpg\",\"datePublished\":\"2021-10-12T20:15:09+00:00\",\"dateModified\":\"2023-04-11T00:07:38+00:00\",\"description\":\"Markt-XXL Sweet Safety\u00ae Baby Schubladensicherungen \u2013 Bombenfest \u2013 T\u00dcV-gepr\u00fcfte Kindersicherung f\u00fcr M\u00f6bel \u2013 6 St\u00fcck\",\"breadcrumb\":{\"@id\":\"https:\\\/\\\/marktxxl.de\\\/markt\\\/produkt\\\/sweet-safety-baby-schubladensicherungen-bombenfest-tuev-schadstoff-geprueft-kindersicherung-zum-kleben-fuer-schraenke-und-schubladen-6-stueck\\\/#breadcrumb\"},\"inLanguage\":\"de\",\"potentialAction\":[{\"@type\":\"ReadAction\",\"target\":[\"https:\\\/\\\/marktxxl.de\\\/markt\\\/produkt\\\/sweet-safety-baby-schubladensicherungen-bombenfest-tuev-schadstoff-geprueft-kindersicherung-zum-kleben-fuer-schraenke-und-schubladen-6-stueck\\\/\"]}]},{\"@type\":\"ImageObject\",\"inLanguage\":\"de\",\"@id\":\"https:\\\/\\\/marktxxl.de\\\/markt\\\/produkt\\\/sweet-safety-baby-schubladensicherungen-bombenfest-tuev-schadstoff-geprueft-kindersicherung-zum-kleben-fuer-schraenke-und-schubladen-6-stueck\\\/#primaryimage\",\"url\":\"https:\\\/\\\/m.media-amazon.com\\\/images\\\/I\\\/51TSgoXiq2S._SL500_.jpg\",\"contentUrl\":\"https:\\\/\\\/m.media-amazon.com\\\/images\\\/I\\\/51TSgoXiq2S._SL500_.jpg\",\"width\":500,\"height\":500},{\"@type\":\"BreadcrumbList\",\"@id\":\"https:\\\/\\\/marktxxl.de\\\/markt\\\/produkt\\\/sweet-safety-baby-schubladensicherungen-bombenfest-tuev-schadstoff-geprueft-kindersicherung-zum-kleben-fuer-schraenke-und-schubladen-6-stueck\\\/#breadcrumb\",\"itemListElement\":[{\"@type\":\"ListItem\",\"position\":1,\"name\":\"Startseite\",\"item\":\"https:\\\/\\\/marktxxl.de\\\/markt\\\/\"},{\"@type\":\"ListItem\",\"position\":2,\"name\":\"Markt\",\"item\":\"https:\\\/\\\/marktxxl.de\\\/markt\\\/\"},{\"@type\":\"ListItem\",\"position\":3,\"name\":\"Sweet Safety\u00ae Baby Schubladensicherungen \u2013 Bombenfest \u2013 T\u00dcV-gepr\u00fcfte Kindersicherung f\u00fcr M\u00f6bel \u2013 6 St\u00fcck\"}]},{\"@type\":\"WebSite\",\"@id\":\"https:\\\/\\\/marktxxl.de\\\/markt\\\/#website\",\"url\":\"https:\\\/\\\/marktxxl.de\\\/markt\\\/\",\"name\":\"Markt-XXL\",\"description\":\"Ihr Markt Online\",\"publisher\":{\"@id\":\"https:\\\/\\\/marktxxl.de\\\/markt\\\/#organization\"},\"potentialAction\":[{\"@type\":\"SearchAction\",\"target\":{\"@type\":\"EntryPoint\",\"urlTemplate\":\"https:\\\/\\\/marktxxl.de\\\/markt\\\/?s={search_term_string}\"},\"query-input\":{\"@type\":\"PropertyValueSpecification\",\"valueRequired\":true,\"valueName\":\"search_term_string\"}}],\"inLanguage\":\"de\"},{\"@type\":\"Organization\",\"@id\":\"https:\\\/\\\/marktxxl.de\\\/markt\\\/#organization\",\"name\":\"Markt-XXL\",\"url\":\"https:\\\/\\\/marktxxl.de\\\/markt\\\/\",\"logo\":{\"@type\":\"ImageObject\",\"inLanguage\":\"de\",\"@id\":\"https:\\\/\\\/marktxxl.de\\\/markt\\\/#\\\/schema\\\/logo\\\/image\\\/\",\"url\":\"https:\\\/\\\/marktxxl.de\\\/markt\\\/wp-content\\\/uploads\\\/sites\\\/3\\\/2020\\\/12\\\/logo.png\",\"contentUrl\":\"https:\\\/\\\/marktxxl.de\\\/markt\\\/wp-content\\\/uploads\\\/sites\\\/3\\\/2020\\\/12\\\/logo.png\",\"width\":200,\"height\":70,\"caption\":\"Markt-XXL\"},\"image\":{\"@id\":\"https:\\\/\\\/marktxxl.de\\\/markt\\\/#\\\/schema\\\/logo\\\/image\\\/\"}}]}<\/script>\n<!-- \/ Yoast SEO plugin. -->","yoast_head_json":{"title":"Sweet Safety\u00ae Baby Schubladensicherungen \u2013 Bombenfest \u2013 T\u00dcV-gepr\u00fcfte Kindersicherung f\u00fcr M\u00f6bel \u2013 6 St\u00fcck - Markt-XXL","description":"Markt-XXL Sweet Safety\u00ae Baby Schubladensicherungen \u2013 Bombenfest \u2013 T\u00dcV-gepr\u00fcfte Kindersicherung f\u00fcr M\u00f6bel \u2013 6 St\u00fcck","robots":{"index":"index","follow":"follow","max-snippet":"max-snippet:-1","max-image-preview":"max-image-preview:large","max-video-preview":"max-video-preview:-1"},"canonical":"https:\/\/marktxxl.de\/markt\/produkt\/sweet-safety-baby-schubladensicherungen-bombenfest-tuev-schadstoff-geprueft-kindersicherung-zum-kleben-fuer-schraenke-und-schubladen-6-stueck\/","og_locale":"de_DE","og_type":"article","og_title":"Sweet Safety\u00ae Baby Schubladensicherungen \u2013 Bombenfest \u2013 T\u00dcV-gepr\u00fcfte Kindersicherung f\u00fcr M\u00f6bel \u2013 6 St\u00fcck - Markt-XXL","og_description":"Markt-XXL Sweet Safety\u00ae Baby Schubladensicherungen \u2013 Bombenfest \u2013 T\u00dcV-gepr\u00fcfte Kindersicherung f\u00fcr M\u00f6bel \u2013 6 St\u00fcck","og_url":"https:\/\/marktxxl.de\/markt\/produkt\/sweet-safety-baby-schubladensicherungen-bombenfest-tuev-schadstoff-geprueft-kindersicherung-zum-kleben-fuer-schraenke-und-schubladen-6-stueck\/","og_site_name":"Markt-XXL","article_modified_time":"2023-04-11T00:07:38+00:00","og_image":[{"width":500,"height":500,"url":"https:\/\/m.media-amazon.com\/images\/I\/51TSgoXiq2S._SL500_.jpg","type":"image\/jpeg"}],"twitter_card":"summary_large_image","twitter_misc":{"Gesch\u00e4tzte Lesezeit":"1\u00a0Minute"},"schema":{"@context":"https:\/\/schema.org","@graph":[{"@type":"WebPage","@id":"https:\/\/marktxxl.de\/markt\/produkt\/sweet-safety-baby-schubladensicherungen-bombenfest-tuev-schadstoff-geprueft-kindersicherung-zum-kleben-fuer-schraenke-und-schubladen-6-stueck\/","url":"https:\/\/marktxxl.de\/markt\/produkt\/sweet-safety-baby-schubladensicherungen-bombenfest-tuev-schadstoff-geprueft-kindersicherung-zum-kleben-fuer-schraenke-und-schubladen-6-stueck\/","name":"Sweet Safety\u00ae Baby Schubladensicherungen \u2013 Bombenfest \u2013 T\u00dcV-gepr\u00fcfte Kindersicherung f\u00fcr M\u00f6bel \u2013 6 St\u00fcck - Markt-XXL","isPartOf":{"@id":"https:\/\/marktxxl.de\/markt\/#website"},"primaryImageOfPage":{"@id":"https:\/\/marktxxl.de\/markt\/produkt\/sweet-safety-baby-schubladensicherungen-bombenfest-tuev-schadstoff-geprueft-kindersicherung-zum-kleben-fuer-schraenke-und-schubladen-6-stueck\/#primaryimage"},"image":{"@id":"https:\/\/marktxxl.de\/markt\/produkt\/sweet-safety-baby-schubladensicherungen-bombenfest-tuev-schadstoff-geprueft-kindersicherung-zum-kleben-fuer-schraenke-und-schubladen-6-stueck\/#primaryimage"},"thumbnailUrl":"https:\/\/m.media-amazon.com\/images\/I\/51TSgoXiq2S._SL500_.jpg","datePublished":"2021-10-12T20:15:09+00:00","dateModified":"2023-04-11T00:07:38+00:00","description":"Markt-XXL Sweet Safety\u00ae Baby Schubladensicherungen \u2013 Bombenfest \u2013 T\u00dcV-gepr\u00fcfte Kindersicherung f\u00fcr M\u00f6bel \u2013 6 St\u00fcck","breadcrumb":{"@id":"https:\/\/marktxxl.de\/markt\/produkt\/sweet-safety-baby-schubladensicherungen-bombenfest-tuev-schadstoff-geprueft-kindersicherung-zum-kleben-fuer-schraenke-und-schubladen-6-stueck\/#breadcrumb"},"inLanguage":"de","potentialAction":[{"@type":"ReadAction","target":["https:\/\/marktxxl.de\/markt\/produkt\/sweet-safety-baby-schubladensicherungen-bombenfest-tuev-schadstoff-geprueft-kindersicherung-zum-kleben-fuer-schraenke-und-schubladen-6-stueck\/"]}]},{"@type":"ImageObject","inLanguage":"de","@id":"https:\/\/marktxxl.de\/markt\/produkt\/sweet-safety-baby-schubladensicherungen-bombenfest-tuev-schadstoff-geprueft-kindersicherung-zum-kleben-fuer-schraenke-und-schubladen-6-stueck\/#primaryimage","url":"https:\/\/m.media-amazon.com\/images\/I\/51TSgoXiq2S._SL500_.jpg","contentUrl":"https:\/\/m.media-amazon.com\/images\/I\/51TSgoXiq2S._SL500_.jpg","width":500,"height":500},{"@type":"BreadcrumbList","@id":"https:\/\/marktxxl.de\/markt\/produkt\/sweet-safety-baby-schubladensicherungen-bombenfest-tuev-schadstoff-geprueft-kindersicherung-zum-kleben-fuer-schraenke-und-schubladen-6-stueck\/#breadcrumb","itemListElement":[{"@type":"ListItem","position":1,"name":"Startseite","item":"https:\/\/marktxxl.de\/markt\/"},{"@type":"ListItem","position":2,"name":"Markt","item":"https:\/\/marktxxl.de\/markt\/"},{"@type":"ListItem","position":3,"name":"Sweet Safety\u00ae Baby Schubladensicherungen \u2013 Bombenfest \u2013 T\u00dcV-gepr\u00fcfte Kindersicherung f\u00fcr M\u00f6bel \u2013 6 St\u00fcck"}]},{"@type":"WebSite","@id":"https:\/\/marktxxl.de\/markt\/#website","url":"https:\/\/marktxxl.de\/markt\/","name":"Markt-XXL","description":"Ihr Markt Online","publisher":{"@id":"https:\/\/marktxxl.de\/markt\/#organization"},"potentialAction":[{"@type":"SearchAction","target":{"@type":"EntryPoint","urlTemplate":"https:\/\/marktxxl.de\/markt\/?s={search_term_string}"},"query-input":{"@type":"PropertyValueSpecification","valueRequired":true,"valueName":"search_term_string"}}],"inLanguage":"de"},{"@type":"Organization","@id":"https:\/\/marktxxl.de\/markt\/#organization","name":"Markt-XXL","url":"https:\/\/marktxxl.de\/markt\/","logo":{"@type":"ImageObject","inLanguage":"de","@id":"https:\/\/marktxxl.de\/markt\/#\/schema\/logo\/image\/","url":"https:\/\/marktxxl.de\/markt\/wp-content\/uploads\/sites\/3\/2020\/12\/logo.png","contentUrl":"https:\/\/marktxxl.de\/markt\/wp-content\/uploads\/sites\/3\/2020\/12\/logo.png","width":200,"height":70,"caption":"Markt-XXL"},"image":{"@id":"https:\/\/marktxxl.de\/markt\/#\/schema\/logo\/image\/"}}]}},"_links":{"self":[{"href":"https:\/\/marktxxl.de\/markt\/wp-json\/wp\/v2\/product\/47415","targetHints":{"allow":["GET"]}}],"collection":[{"href":"https:\/\/marktxxl.de\/markt\/wp-json\/wp\/v2\/product"}],"about":[{"href":"https:\/\/marktxxl.de\/markt\/wp-json\/wp\/v2\/types\/product"}],"replies":[{"embeddable":true,"href":"https:\/\/marktxxl.de\/markt\/wp-json\/wp\/v2\/comments?post=47415"}],"wp:featuredmedia":[{"embeddable":true,"href":"https:\/\/marktxxl.de\/markt\/wp-json\/wp\/v2\/media\/47416"}],"wp:attachment":[{"href":"https:\/\/marktxxl.de\/markt\/wp-json\/wp\/v2\/media?parent=47415"}],"wp:term":[{"taxonomy":"product_brand","embeddable":true,"href":"https:\/\/marktxxl.de\/markt\/wp-json\/wp\/v2\/product_brand?post=47415"},{"taxonomy":"product_cat","embeddable":true,"href":"https:\/\/marktxxl.de\/markt\/wp-json\/wp\/v2\/product_cat?post=47415"},{"taxonomy":"product_tag","embeddable":true,"href":"https:\/\/marktxxl.de\/markt\/wp-json\/wp\/v2\/product_tag?post=47415"}],"curies":[{"name":"wp","href":"https:\/\/api.w.org\/{rel}","templated":true}]}}