{"id":47259,"date":"2021-10-12T22:06:16","date_gmt":"2021-10-12T20:06:16","guid":{"rendered":"https:\/\/marktxxl.de\/markt\/produkt\/die-spiegelburg-schutzengel-reflektor-ich-pass-auf-dich-auf-bunte-geschenke-10431\/"},"modified":"2023-04-11T02:07:36","modified_gmt":"2023-04-11T00:07:36","slug":"die-spiegelburg-schutzengel-reflektor-ich-pass-auf-dich-auf-bunte-geschenke-10431","status":"publish","type":"product","link":"https:\/\/marktxxl.de\/markt\/produkt\/die-spiegelburg-schutzengel-reflektor-ich-pass-auf-dich-auf-bunte-geschenke-10431\/","title":{"rendered":"Die Spiegelburg &#8211; Schutzengel-Reflektor Ich Pass auf Dich auf!, Bunte Geschenke, 10431"},"content":{"rendered":"<p>Der SCHUTZENGEL-REFLEKTOR aus der Bunte Geschenke-Serie von Spiegelburg passt immer auf dich auf!<br \/>\nSICHERHEIT &#8211; Der Reflektor hilft dir dabei, auch im d\u00fcsteren Herbst- und Winterwetter gut von Autofahrern gesehen zu werden und erh\u00f6ht durch seine hervorragenden reflektierenden Eigenschaften die Sicherheit im Stra\u00dfenverkehr.<br \/>\n\u00dcBERALL EINSETZBAR &#8211; Der kleine Schutzengel kann ganz einfach an Schulranzen, Rucksack, Fahrrad oder Kinderwagen befestigt werden und sch\u00fctzt unsere Liebsten so auch bei D\u00e4mmerung, schlechter Sicht, Regen oder Nebel. Der Reflektor eignet sich gut als Geschenk f\u00fcr alle, die uns am Herzen liegen.<br \/>\nFLIEGENGEWICHT MIT GRO\u00dfER WIRKUNG &#8211; Der besch\u00fctzende Begleiter besteht aus stabilem und robusten Acrylglas und wiegt nur ca. 28 g.<br \/>\nDurch die OPTIMALE GR\u00d6\u00dfE von ca. 10 cm und die freischwingende Schnur wird der Schutzengel auch von verschiedenen Seiten gut angestrahlt.<br \/>\n<div class=\"main-cross-sell\" data-asin=\"B00DN1TFV8\">\n\n\t<div class=\"WooZone-cross-sell-loader\">\n\t\t<div>\n\t\t\t<div id=\"floatingBarsG\">\n\t\t\t\t<div class=\"blockG\" id=\"rotateG_01\"><\/div>\n\t\t\t\t<div class=\"blockG\" id=\"rotateG_02\"><\/div>\n\t\t\t\t<div class=\"blockG\" id=\"rotateG_03\"><\/div>\n\t\t\t\t<div class=\"blockG\" id=\"rotateG_04\"><\/div>\n\t\t\t\t<div class=\"blockG\" id=\"rotateG_05\"><\/div>\n\t\t\t\t<div class=\"blockG\" id=\"rotateG_06\"><\/div>\n\t\t\t\t<div class=\"blockG\" id=\"rotateG_07\"><\/div>\n\t\t\t\t<div class=\"blockG\" id=\"rotateG_08\"><\/div>\n\t\t\t<\/div>\n\t\t\t<div class=\"WooZone-cross-sell-loader-text\"><\/div>\n\t\t<\/div>\n\t<\/div>\n\n\t\t\n<\/div>\n<div style=\"clear:both;\"><\/div><\/p>\n","protected":false},"excerpt":{"rendered":"<p>Der SCHUTZENGEL-REFLEKTOR aus der Bunte Geschenke-Serie von Spiegelburg passt immer auf dich auf!<br \/>\nSICHERHEIT &#8211; Der Reflektor hilft dir dabei, auch im d\u00fcsteren Herbst- und Winterwetter gut von Autofahrern gesehen zu werden und erh\u00f6ht durch seine hervorragenden reflektierenden Eigenschaften die Sicherheit im Stra\u00dfenverkehr.<br \/>\n\u00dcBERALL EINSETZBAR &#8211; Der kleine Schutzengel kann ganz einfach an Schulranzen, Rucksack, Fahrrad oder Kinderwagen befestigt werden und sch\u00fctzt unsere Liebsten so auch bei D\u00e4mmerung, schlechter Sicht, Regen oder Nebel. Der Reflektor eignet sich gut als Geschenk f\u00fcr alle, die uns am Herzen liegen.<\/p>\n","protected":false},"featured_media":47260,"comment_status":"open","ping_status":"closed","template":"","meta":[],"product_brand":[],"product_cat":[21,9378],"product_tag":[],"class_list":{"0":"post-47259","1":"product","2":"type-product","3":"status-publish","4":"has-post-thumbnail","6":"product_cat-baby","7":"product_cat-sicherheit-baby","8":"pa_binding-spielzeug","9":"pa_brand-die-spiegelburg","10":"pa_color-gelb","11":"pa_manufacturer-die-spiegelburg","12":"pa_weight-0-06172943336-pfund","14":"first","15":"instock","16":"shipping-taxable","17":"purchasable","18":"product-type-simple","19":"customify-col","20":"product-has-gallery"},"yoast_head":"<!-- This site is optimized with the Yoast SEO plugin v27.3 - https:\/\/yoast.com\/product\/yoast-seo-wordpress\/ -->\n<title>Die Spiegelburg - Schutzengel-Reflektor Ich Pass auf Dich auf!, Bunte Geschenke, 10431 - Markt-XXL<\/title>\n<meta name=\"description\" content=\"Markt-XXL Die Spiegelburg - Schutzengel-Reflektor Ich Pass auf Dich auf!, Bunte Geschenke, 10431\" \/>\n<meta name=\"robots\" content=\"index, follow, max-snippet:-1, max-image-preview:large, max-video-preview:-1\" \/>\n<link rel=\"canonical\" href=\"https:\/\/marktxxl.de\/markt\/produkt\/die-spiegelburg-schutzengel-reflektor-ich-pass-auf-dich-auf-bunte-geschenke-10431\/\" \/>\n<meta property=\"og:locale\" content=\"de_DE\" \/>\n<meta property=\"og:type\" content=\"article\" \/>\n<meta property=\"og:title\" content=\"Die Spiegelburg - Schutzengel-Reflektor Ich Pass auf Dich auf!, Bunte Geschenke, 10431 - Markt-XXL\" \/>\n<meta property=\"og:description\" content=\"Markt-XXL Die Spiegelburg - Schutzengel-Reflektor Ich Pass auf Dich auf!, Bunte Geschenke, 10431\" \/>\n<meta property=\"og:url\" content=\"https:\/\/marktxxl.de\/markt\/produkt\/die-spiegelburg-schutzengel-reflektor-ich-pass-auf-dich-auf-bunte-geschenke-10431\/\" \/>\n<meta property=\"og:site_name\" content=\"Markt-XXL\" \/>\n<meta property=\"article:modified_time\" content=\"2023-04-11T00:07:36+00:00\" \/>\n<meta property=\"og:image\" content=\"https:\/\/m.media-amazon.com\/images\/I\/41-gGdAvm4L._SL500_.jpg\" \/>\n\t<meta property=\"og:image:width\" content=\"500\" \/>\n\t<meta property=\"og:image:height\" content=\"500\" \/>\n\t<meta property=\"og:image:type\" content=\"image\/jpeg\" \/>\n<meta name=\"twitter:card\" content=\"summary_large_image\" \/>\n<meta name=\"twitter:label1\" content=\"Gesch\u00e4tzte Lesezeit\" \/>\n\t<meta name=\"twitter:data1\" content=\"1\u00a0Minute\" \/>\n<script type=\"application\/ld+json\" class=\"yoast-schema-graph\">{\"@context\":\"https:\\\/\\\/schema.org\",\"@graph\":[{\"@type\":\"WebPage\",\"@id\":\"https:\\\/\\\/marktxxl.de\\\/markt\\\/produkt\\\/die-spiegelburg-schutzengel-reflektor-ich-pass-auf-dich-auf-bunte-geschenke-10431\\\/\",\"url\":\"https:\\\/\\\/marktxxl.de\\\/markt\\\/produkt\\\/die-spiegelburg-schutzengel-reflektor-ich-pass-auf-dich-auf-bunte-geschenke-10431\\\/\",\"name\":\"Die Spiegelburg - Schutzengel-Reflektor Ich Pass auf Dich auf!, Bunte Geschenke, 10431 - Markt-XXL\",\"isPartOf\":{\"@id\":\"https:\\\/\\\/marktxxl.de\\\/markt\\\/#website\"},\"primaryImageOfPage\":{\"@id\":\"https:\\\/\\\/marktxxl.de\\\/markt\\\/produkt\\\/die-spiegelburg-schutzengel-reflektor-ich-pass-auf-dich-auf-bunte-geschenke-10431\\\/#primaryimage\"},\"image\":{\"@id\":\"https:\\\/\\\/marktxxl.de\\\/markt\\\/produkt\\\/die-spiegelburg-schutzengel-reflektor-ich-pass-auf-dich-auf-bunte-geschenke-10431\\\/#primaryimage\"},\"thumbnailUrl\":\"https:\\\/\\\/m.media-amazon.com\\\/images\\\/I\\\/41-gGdAvm4L._SL500_.jpg\",\"datePublished\":\"2021-10-12T20:06:16+00:00\",\"dateModified\":\"2023-04-11T00:07:36+00:00\",\"description\":\"Markt-XXL Die Spiegelburg - Schutzengel-Reflektor Ich Pass auf Dich auf!, Bunte Geschenke, 10431\",\"breadcrumb\":{\"@id\":\"https:\\\/\\\/marktxxl.de\\\/markt\\\/produkt\\\/die-spiegelburg-schutzengel-reflektor-ich-pass-auf-dich-auf-bunte-geschenke-10431\\\/#breadcrumb\"},\"inLanguage\":\"de\",\"potentialAction\":[{\"@type\":\"ReadAction\",\"target\":[\"https:\\\/\\\/marktxxl.de\\\/markt\\\/produkt\\\/die-spiegelburg-schutzengel-reflektor-ich-pass-auf-dich-auf-bunte-geschenke-10431\\\/\"]}]},{\"@type\":\"ImageObject\",\"inLanguage\":\"de\",\"@id\":\"https:\\\/\\\/marktxxl.de\\\/markt\\\/produkt\\\/die-spiegelburg-schutzengel-reflektor-ich-pass-auf-dich-auf-bunte-geschenke-10431\\\/#primaryimage\",\"url\":\"https:\\\/\\\/m.media-amazon.com\\\/images\\\/I\\\/41-gGdAvm4L._SL500_.jpg\",\"contentUrl\":\"https:\\\/\\\/m.media-amazon.com\\\/images\\\/I\\\/41-gGdAvm4L._SL500_.jpg\",\"width\":500,\"height\":500},{\"@type\":\"BreadcrumbList\",\"@id\":\"https:\\\/\\\/marktxxl.de\\\/markt\\\/produkt\\\/die-spiegelburg-schutzengel-reflektor-ich-pass-auf-dich-auf-bunte-geschenke-10431\\\/#breadcrumb\",\"itemListElement\":[{\"@type\":\"ListItem\",\"position\":1,\"name\":\"Startseite\",\"item\":\"https:\\\/\\\/marktxxl.de\\\/markt\\\/\"},{\"@type\":\"ListItem\",\"position\":2,\"name\":\"Markt\",\"item\":\"https:\\\/\\\/marktxxl.de\\\/markt\\\/\"},{\"@type\":\"ListItem\",\"position\":3,\"name\":\"Die Spiegelburg &#8211; Schutzengel-Reflektor Ich Pass auf Dich auf!, Bunte Geschenke, 10431\"}]},{\"@type\":\"WebSite\",\"@id\":\"https:\\\/\\\/marktxxl.de\\\/markt\\\/#website\",\"url\":\"https:\\\/\\\/marktxxl.de\\\/markt\\\/\",\"name\":\"Markt-XXL\",\"description\":\"Ihr Markt Online\",\"publisher\":{\"@id\":\"https:\\\/\\\/marktxxl.de\\\/markt\\\/#organization\"},\"potentialAction\":[{\"@type\":\"SearchAction\",\"target\":{\"@type\":\"EntryPoint\",\"urlTemplate\":\"https:\\\/\\\/marktxxl.de\\\/markt\\\/?s={search_term_string}\"},\"query-input\":{\"@type\":\"PropertyValueSpecification\",\"valueRequired\":true,\"valueName\":\"search_term_string\"}}],\"inLanguage\":\"de\"},{\"@type\":\"Organization\",\"@id\":\"https:\\\/\\\/marktxxl.de\\\/markt\\\/#organization\",\"name\":\"Markt-XXL\",\"url\":\"https:\\\/\\\/marktxxl.de\\\/markt\\\/\",\"logo\":{\"@type\":\"ImageObject\",\"inLanguage\":\"de\",\"@id\":\"https:\\\/\\\/marktxxl.de\\\/markt\\\/#\\\/schema\\\/logo\\\/image\\\/\",\"url\":\"https:\\\/\\\/marktxxl.de\\\/markt\\\/wp-content\\\/uploads\\\/sites\\\/3\\\/2020\\\/12\\\/logo.png\",\"contentUrl\":\"https:\\\/\\\/marktxxl.de\\\/markt\\\/wp-content\\\/uploads\\\/sites\\\/3\\\/2020\\\/12\\\/logo.png\",\"width\":200,\"height\":70,\"caption\":\"Markt-XXL\"},\"image\":{\"@id\":\"https:\\\/\\\/marktxxl.de\\\/markt\\\/#\\\/schema\\\/logo\\\/image\\\/\"}}]}<\/script>\n<!-- \/ Yoast SEO plugin. -->","yoast_head_json":{"title":"Die Spiegelburg - Schutzengel-Reflektor Ich Pass auf Dich auf!, Bunte Geschenke, 10431 - Markt-XXL","description":"Markt-XXL Die Spiegelburg - Schutzengel-Reflektor Ich Pass auf Dich auf!, Bunte Geschenke, 10431","robots":{"index":"index","follow":"follow","max-snippet":"max-snippet:-1","max-image-preview":"max-image-preview:large","max-video-preview":"max-video-preview:-1"},"canonical":"https:\/\/marktxxl.de\/markt\/produkt\/die-spiegelburg-schutzengel-reflektor-ich-pass-auf-dich-auf-bunte-geschenke-10431\/","og_locale":"de_DE","og_type":"article","og_title":"Die Spiegelburg - Schutzengel-Reflektor Ich Pass auf Dich auf!, Bunte Geschenke, 10431 - Markt-XXL","og_description":"Markt-XXL Die Spiegelburg - Schutzengel-Reflektor Ich Pass auf Dich auf!, Bunte Geschenke, 10431","og_url":"https:\/\/marktxxl.de\/markt\/produkt\/die-spiegelburg-schutzengel-reflektor-ich-pass-auf-dich-auf-bunte-geschenke-10431\/","og_site_name":"Markt-XXL","article_modified_time":"2023-04-11T00:07:36+00:00","og_image":[{"width":500,"height":500,"url":"https:\/\/m.media-amazon.com\/images\/I\/41-gGdAvm4L._SL500_.jpg","type":"image\/jpeg"}],"twitter_card":"summary_large_image","twitter_misc":{"Gesch\u00e4tzte Lesezeit":"1\u00a0Minute"},"schema":{"@context":"https:\/\/schema.org","@graph":[{"@type":"WebPage","@id":"https:\/\/marktxxl.de\/markt\/produkt\/die-spiegelburg-schutzengel-reflektor-ich-pass-auf-dich-auf-bunte-geschenke-10431\/","url":"https:\/\/marktxxl.de\/markt\/produkt\/die-spiegelburg-schutzengel-reflektor-ich-pass-auf-dich-auf-bunte-geschenke-10431\/","name":"Die Spiegelburg - Schutzengel-Reflektor Ich Pass auf Dich auf!, Bunte Geschenke, 10431 - Markt-XXL","isPartOf":{"@id":"https:\/\/marktxxl.de\/markt\/#website"},"primaryImageOfPage":{"@id":"https:\/\/marktxxl.de\/markt\/produkt\/die-spiegelburg-schutzengel-reflektor-ich-pass-auf-dich-auf-bunte-geschenke-10431\/#primaryimage"},"image":{"@id":"https:\/\/marktxxl.de\/markt\/produkt\/die-spiegelburg-schutzengel-reflektor-ich-pass-auf-dich-auf-bunte-geschenke-10431\/#primaryimage"},"thumbnailUrl":"https:\/\/m.media-amazon.com\/images\/I\/41-gGdAvm4L._SL500_.jpg","datePublished":"2021-10-12T20:06:16+00:00","dateModified":"2023-04-11T00:07:36+00:00","description":"Markt-XXL Die Spiegelburg - Schutzengel-Reflektor Ich Pass auf Dich auf!, Bunte Geschenke, 10431","breadcrumb":{"@id":"https:\/\/marktxxl.de\/markt\/produkt\/die-spiegelburg-schutzengel-reflektor-ich-pass-auf-dich-auf-bunte-geschenke-10431\/#breadcrumb"},"inLanguage":"de","potentialAction":[{"@type":"ReadAction","target":["https:\/\/marktxxl.de\/markt\/produkt\/die-spiegelburg-schutzengel-reflektor-ich-pass-auf-dich-auf-bunte-geschenke-10431\/"]}]},{"@type":"ImageObject","inLanguage":"de","@id":"https:\/\/marktxxl.de\/markt\/produkt\/die-spiegelburg-schutzengel-reflektor-ich-pass-auf-dich-auf-bunte-geschenke-10431\/#primaryimage","url":"https:\/\/m.media-amazon.com\/images\/I\/41-gGdAvm4L._SL500_.jpg","contentUrl":"https:\/\/m.media-amazon.com\/images\/I\/41-gGdAvm4L._SL500_.jpg","width":500,"height":500},{"@type":"BreadcrumbList","@id":"https:\/\/marktxxl.de\/markt\/produkt\/die-spiegelburg-schutzengel-reflektor-ich-pass-auf-dich-auf-bunte-geschenke-10431\/#breadcrumb","itemListElement":[{"@type":"ListItem","position":1,"name":"Startseite","item":"https:\/\/marktxxl.de\/markt\/"},{"@type":"ListItem","position":2,"name":"Markt","item":"https:\/\/marktxxl.de\/markt\/"},{"@type":"ListItem","position":3,"name":"Die Spiegelburg &#8211; Schutzengel-Reflektor Ich Pass auf Dich auf!, Bunte Geschenke, 10431"}]},{"@type":"WebSite","@id":"https:\/\/marktxxl.de\/markt\/#website","url":"https:\/\/marktxxl.de\/markt\/","name":"Markt-XXL","description":"Ihr Markt Online","publisher":{"@id":"https:\/\/marktxxl.de\/markt\/#organization"},"potentialAction":[{"@type":"SearchAction","target":{"@type":"EntryPoint","urlTemplate":"https:\/\/marktxxl.de\/markt\/?s={search_term_string}"},"query-input":{"@type":"PropertyValueSpecification","valueRequired":true,"valueName":"search_term_string"}}],"inLanguage":"de"},{"@type":"Organization","@id":"https:\/\/marktxxl.de\/markt\/#organization","name":"Markt-XXL","url":"https:\/\/marktxxl.de\/markt\/","logo":{"@type":"ImageObject","inLanguage":"de","@id":"https:\/\/marktxxl.de\/markt\/#\/schema\/logo\/image\/","url":"https:\/\/marktxxl.de\/markt\/wp-content\/uploads\/sites\/3\/2020\/12\/logo.png","contentUrl":"https:\/\/marktxxl.de\/markt\/wp-content\/uploads\/sites\/3\/2020\/12\/logo.png","width":200,"height":70,"caption":"Markt-XXL"},"image":{"@id":"https:\/\/marktxxl.de\/markt\/#\/schema\/logo\/image\/"}}]}},"_links":{"self":[{"href":"https:\/\/marktxxl.de\/markt\/wp-json\/wp\/v2\/product\/47259","targetHints":{"allow":["GET"]}}],"collection":[{"href":"https:\/\/marktxxl.de\/markt\/wp-json\/wp\/v2\/product"}],"about":[{"href":"https:\/\/marktxxl.de\/markt\/wp-json\/wp\/v2\/types\/product"}],"replies":[{"embeddable":true,"href":"https:\/\/marktxxl.de\/markt\/wp-json\/wp\/v2\/comments?post=47259"}],"wp:featuredmedia":[{"embeddable":true,"href":"https:\/\/marktxxl.de\/markt\/wp-json\/wp\/v2\/media\/47260"}],"wp:attachment":[{"href":"https:\/\/marktxxl.de\/markt\/wp-json\/wp\/v2\/media?parent=47259"}],"wp:term":[{"taxonomy":"product_brand","embeddable":true,"href":"https:\/\/marktxxl.de\/markt\/wp-json\/wp\/v2\/product_brand?post=47259"},{"taxonomy":"product_cat","embeddable":true,"href":"https:\/\/marktxxl.de\/markt\/wp-json\/wp\/v2\/product_cat?post=47259"},{"taxonomy":"product_tag","embeddable":true,"href":"https:\/\/marktxxl.de\/markt\/wp-json\/wp\/v2\/product_tag?post=47259"}],"curies":[{"name":"wp","href":"https:\/\/api.w.org\/{rel}","templated":true}]}}