{"id":47250,"date":"2021-10-12T22:03:34","date_gmt":"2021-10-12T20:03:34","guid":{"rendered":"https:\/\/marktxxl.de\/markt\/produkt\/norjews-baby-sicherheit-magnetisches-schrankschloss20-schloesser-3-schluessel-zum-kindersicherung-schloss-fuer-schraenke-und-schubladen-unsichtbare-klebeband-ohne-bohren-oder-werkzeug\/"},"modified":"2023-04-11T02:07:36","modified_gmt":"2023-04-11T00:07:36","slug":"norjews-baby-sicherheit-magnetisches-schrankschloss20-schloesser-3-schluessel-zum-kindersicherung-schloss-fuer-schraenke-und-schubladen-unsichtbare-klebeband-ohne-bohren-oder-werkzeug","status":"publish","type":"product","link":"https:\/\/marktxxl.de\/markt\/produkt\/norjews-baby-sicherheit-magnetisches-schrankschloss20-schloesser-3-schluessel-zum-kindersicherung-schloss-fuer-schraenke-und-schubladen-unsichtbare-klebeband-ohne-bohren-oder-werkzeug\/","title":{"rendered":"Norjews Baby Sicherheit Magnetisches Schrankschloss(20 Schl\u00f6sser + 3 Schl\u00fcssel) | zum Kindersicherung Schloss f\u00fcr\u2026"},"content":{"rendered":"<p>Hohe Qualit\u00e4t &#8211; Ihre Sicherheitsmagnet-Schl\u00f6sser mit Schl\u00fcssel f\u00fcr Kinder &amp; Kleinkinder werden aus hochwertigen Premium-Materialien hergestellt und vorab gr\u00fcndlich getestet, sodass langfristig ein hoher Kinderschutz f\u00fcr Ihre Schr\u00e4nke, Sch\u00fcbe und Schubladen gew\u00e4hrleistet werden kann<br \/>\nGeniale Leistung &#8211; Starke Mini-Magnete in unseren Schl\u00f6ssern bedeuten, dass T\u00fcren bis zu einer Dicke von 35 mm (1,38 Zoll) zuverl\u00e4ssig gesichert werden k\u00f6nnen, was besser als bei einigen anderen Kindersicherungs-Sets ist. Dies macht sie perfekt f\u00fcr das gesamte Haus wie K\u00fcche, Wohnzimmer, Schlafzimmer und Badezimmer<br \/>\nEinfaches Anbringen &#8211; keine Schrauben oder Werkzeug ben\u00f6tigt. Kommt mit Installationshilfen. Die Montage der Kindersicherung Schrank ist kinderleicht und mit Hilfe unserer ausf\u00fchrlichen Anleitung und dem passenden Video zur Installation in wenigen Minuten erledigt<br \/>\nPraktisch f\u00fcr den t\u00e4glichen Gebrauch &#8211; Vielleicht m\u00f6chten Sie nicht die Schubladen sperren, wenn Babys nicht in Ihrer N\u00e4he sind. Keine Notwendigkeit, die Schranksicherung Schl\u00f6sser zu entfernen, schalten Sie einfach den normalen \u00f6ffnenden Schalter um, dann bleiben die Verriegelungen unverschlossen<br \/>\nVerl\u00e4ssliche Schrank Kindersicherung &#8211; Eine Baby Schrank Sicherung ist besonders bei neugierigen Babys eine gute Wahl. Eine Kindersicherung f\u00fcr Schr\u00e4nke verhindert, dass gef\u00e4hrliche Gegenst\u00e4nde entnommen werden<br \/>\n<div class=\"main-cross-sell\" data-asin=\"B082K864HC\">\n\n\t<div class=\"WooZone-cross-sell-loader\">\n\t\t<div>\n\t\t\t<div id=\"floatingBarsG\">\n\t\t\t\t<div class=\"blockG\" id=\"rotateG_01\"><\/div>\n\t\t\t\t<div class=\"blockG\" id=\"rotateG_02\"><\/div>\n\t\t\t\t<div class=\"blockG\" id=\"rotateG_03\"><\/div>\n\t\t\t\t<div class=\"blockG\" id=\"rotateG_04\"><\/div>\n\t\t\t\t<div class=\"blockG\" id=\"rotateG_05\"><\/div>\n\t\t\t\t<div class=\"blockG\" id=\"rotateG_06\"><\/div>\n\t\t\t\t<div class=\"blockG\" id=\"rotateG_07\"><\/div>\n\t\t\t\t<div class=\"blockG\" id=\"rotateG_08\"><\/div>\n\t\t\t<\/div>\n\t\t\t<div class=\"WooZone-cross-sell-loader-text\"><\/div>\n\t\t<\/div>\n\t<\/div>\n\n\t\t\n<\/div>\n<div style=\"clear:both;\"><\/div><\/p>\n","protected":false},"excerpt":{"rendered":"<p>Hohe Qualit\u00e4t &#8211; Ihre Sicherheitsmagnet-Schl\u00f6sser mit Schl\u00fcssel f\u00fcr Kinder &amp; Kleinkinder werden aus hochwertigen Premium-Materialien hergestellt und vorab gr\u00fcndlich getestet, sodass langfristig ein hoher Kinderschutz f\u00fcr Ihre Schr\u00e4nke, Sch\u00fcbe und Schubladen gew\u00e4hrleistet werden kann<br \/>\nGeniale Leistung &#8211; Starke Mini-Magnete in unseren Schl\u00f6ssern bedeuten, dass T\u00fcren bis zu einer Dicke von 35 mm (1,38 Zoll) zuverl\u00e4ssig gesichert werden k\u00f6nnen, was besser als bei einigen anderen Kindersicherungs-Sets ist. Dies macht sie perfekt f\u00fcr das gesamte Haus wie K\u00fcche, Wohnzimmer, Schlafzimmer und Badezimmer<br \/>\nEinfaches Anbringen &#8211; keine Schrauben oder Werkzeug ben\u00f6tigt. Kommt mit Installationshilfen. Die Montage der Kindersicherung Schrank ist kinderleicht und mit Hilfe unserer ausf\u00fchrlichen Anleitung und dem passenden Video zur Installation in wenigen Minuten erledigt<\/p>\n","protected":false},"featured_media":47251,"comment_status":"open","ping_status":"closed","template":"","meta":[],"product_brand":[],"product_cat":[21,9378],"product_tag":[],"class_list":{"0":"post-47250","1":"product","2":"type-product","3":"status-publish","4":"has-post-thumbnail","6":"product_cat-baby","7":"product_cat-sicherheit-baby","8":"pa_binding-babyartikel","9":"pa_brand-norjews","10":"pa_color-white","11":"pa_manufacturer-norjews","12":"pa_model-dno054","13":"pa_size-20-stueck-1er-pack","15":"first","16":"instock","17":"shipping-taxable","18":"purchasable","19":"product-type-simple","20":"customify-col","21":"product-has-gallery"},"yoast_head":"<!-- This site is optimized with the Yoast SEO plugin v27.4 - https:\/\/yoast.com\/product\/yoast-seo-wordpress\/ -->\n<title>Norjews Baby Sicherheit Magnetisches Schrankschloss(20 Schl\u00f6sser + 3 Schl\u00fcssel) | zum Kindersicherung Schloss f\u00fcr\u2026 - Markt-XXL<\/title>\n<meta name=\"description\" content=\"Markt-XXL Norjews Baby Sicherheit Magnetisches Schrankschloss(20 Schl\u00f6sser + 3 Schl\u00fcssel) | zum Kindersicherung Schloss f\u00fcr\u2026\" \/>\n<meta name=\"robots\" content=\"index, follow, max-snippet:-1, max-image-preview:large, max-video-preview:-1\" \/>\n<link rel=\"canonical\" href=\"https:\/\/marktxxl.de\/markt\/produkt\/norjews-baby-sicherheit-magnetisches-schrankschloss20-schloesser-3-schluessel-zum-kindersicherung-schloss-fuer-schraenke-und-schubladen-unsichtbare-klebeband-ohne-bohren-oder-werkzeug\/\" \/>\n<meta property=\"og:locale\" content=\"de_DE\" \/>\n<meta property=\"og:type\" content=\"article\" \/>\n<meta property=\"og:title\" content=\"Norjews Baby Sicherheit Magnetisches Schrankschloss(20 Schl\u00f6sser + 3 Schl\u00fcssel) | zum Kindersicherung Schloss f\u00fcr\u2026 - Markt-XXL\" \/>\n<meta property=\"og:description\" content=\"Markt-XXL Norjews Baby Sicherheit Magnetisches Schrankschloss(20 Schl\u00f6sser + 3 Schl\u00fcssel) | zum Kindersicherung Schloss f\u00fcr\u2026\" \/>\n<meta property=\"og:url\" content=\"https:\/\/marktxxl.de\/markt\/produkt\/norjews-baby-sicherheit-magnetisches-schrankschloss20-schloesser-3-schluessel-zum-kindersicherung-schloss-fuer-schraenke-und-schubladen-unsichtbare-klebeband-ohne-bohren-oder-werkzeug\/\" \/>\n<meta property=\"og:site_name\" content=\"Markt-XXL\" \/>\n<meta property=\"article:modified_time\" content=\"2023-04-11T00:07:36+00:00\" \/>\n<meta property=\"og:image\" content=\"https:\/\/m.media-amazon.com\/images\/I\/41yekYFElfL._SL500_.jpg\" \/>\n\t<meta property=\"og:image:width\" content=\"500\" \/>\n\t<meta property=\"og:image:height\" content=\"420\" \/>\n\t<meta property=\"og:image:type\" content=\"image\/jpeg\" \/>\n<meta name=\"twitter:card\" content=\"summary_large_image\" \/>\n<meta name=\"twitter:label1\" content=\"Gesch\u00e4tzte Lesezeit\" \/>\n\t<meta name=\"twitter:data1\" content=\"1\u00a0Minute\" \/>\n<script type=\"application\/ld+json\" class=\"yoast-schema-graph\">{\"@context\":\"https:\\\/\\\/schema.org\",\"@graph\":[{\"@type\":\"WebPage\",\"@id\":\"https:\\\/\\\/marktxxl.de\\\/markt\\\/produkt\\\/norjews-baby-sicherheit-magnetisches-schrankschloss20-schloesser-3-schluessel-zum-kindersicherung-schloss-fuer-schraenke-und-schubladen-unsichtbare-klebeband-ohne-bohren-oder-werkzeug\\\/\",\"url\":\"https:\\\/\\\/marktxxl.de\\\/markt\\\/produkt\\\/norjews-baby-sicherheit-magnetisches-schrankschloss20-schloesser-3-schluessel-zum-kindersicherung-schloss-fuer-schraenke-und-schubladen-unsichtbare-klebeband-ohne-bohren-oder-werkzeug\\\/\",\"name\":\"Norjews Baby Sicherheit Magnetisches Schrankschloss(20 Schl\u00f6sser + 3 Schl\u00fcssel) | zum Kindersicherung Schloss f\u00fcr\u2026 - Markt-XXL\",\"isPartOf\":{\"@id\":\"https:\\\/\\\/marktxxl.de\\\/markt\\\/#website\"},\"primaryImageOfPage\":{\"@id\":\"https:\\\/\\\/marktxxl.de\\\/markt\\\/produkt\\\/norjews-baby-sicherheit-magnetisches-schrankschloss20-schloesser-3-schluessel-zum-kindersicherung-schloss-fuer-schraenke-und-schubladen-unsichtbare-klebeband-ohne-bohren-oder-werkzeug\\\/#primaryimage\"},\"image\":{\"@id\":\"https:\\\/\\\/marktxxl.de\\\/markt\\\/produkt\\\/norjews-baby-sicherheit-magnetisches-schrankschloss20-schloesser-3-schluessel-zum-kindersicherung-schloss-fuer-schraenke-und-schubladen-unsichtbare-klebeband-ohne-bohren-oder-werkzeug\\\/#primaryimage\"},\"thumbnailUrl\":\"https:\\\/\\\/m.media-amazon.com\\\/images\\\/I\\\/41yekYFElfL._SL500_.jpg\",\"datePublished\":\"2021-10-12T20:03:34+00:00\",\"dateModified\":\"2023-04-11T00:07:36+00:00\",\"description\":\"Markt-XXL Norjews Baby Sicherheit Magnetisches Schrankschloss(20 Schl\u00f6sser + 3 Schl\u00fcssel) | zum Kindersicherung Schloss f\u00fcr\u2026\",\"breadcrumb\":{\"@id\":\"https:\\\/\\\/marktxxl.de\\\/markt\\\/produkt\\\/norjews-baby-sicherheit-magnetisches-schrankschloss20-schloesser-3-schluessel-zum-kindersicherung-schloss-fuer-schraenke-und-schubladen-unsichtbare-klebeband-ohne-bohren-oder-werkzeug\\\/#breadcrumb\"},\"inLanguage\":\"de\",\"potentialAction\":[{\"@type\":\"ReadAction\",\"target\":[\"https:\\\/\\\/marktxxl.de\\\/markt\\\/produkt\\\/norjews-baby-sicherheit-magnetisches-schrankschloss20-schloesser-3-schluessel-zum-kindersicherung-schloss-fuer-schraenke-und-schubladen-unsichtbare-klebeband-ohne-bohren-oder-werkzeug\\\/\"]}]},{\"@type\":\"ImageObject\",\"inLanguage\":\"de\",\"@id\":\"https:\\\/\\\/marktxxl.de\\\/markt\\\/produkt\\\/norjews-baby-sicherheit-magnetisches-schrankschloss20-schloesser-3-schluessel-zum-kindersicherung-schloss-fuer-schraenke-und-schubladen-unsichtbare-klebeband-ohne-bohren-oder-werkzeug\\\/#primaryimage\",\"url\":\"https:\\\/\\\/m.media-amazon.com\\\/images\\\/I\\\/41yekYFElfL._SL500_.jpg\",\"contentUrl\":\"https:\\\/\\\/m.media-amazon.com\\\/images\\\/I\\\/41yekYFElfL._SL500_.jpg\",\"width\":500,\"height\":420},{\"@type\":\"BreadcrumbList\",\"@id\":\"https:\\\/\\\/marktxxl.de\\\/markt\\\/produkt\\\/norjews-baby-sicherheit-magnetisches-schrankschloss20-schloesser-3-schluessel-zum-kindersicherung-schloss-fuer-schraenke-und-schubladen-unsichtbare-klebeband-ohne-bohren-oder-werkzeug\\\/#breadcrumb\",\"itemListElement\":[{\"@type\":\"ListItem\",\"position\":1,\"name\":\"Startseite\",\"item\":\"https:\\\/\\\/marktxxl.de\\\/markt\\\/\"},{\"@type\":\"ListItem\",\"position\":2,\"name\":\"Markt\",\"item\":\"https:\\\/\\\/marktxxl.de\\\/markt\\\/\"},{\"@type\":\"ListItem\",\"position\":3,\"name\":\"Norjews Baby Sicherheit Magnetisches Schrankschloss(20 Schl\u00f6sser + 3 Schl\u00fcssel) | zum Kindersicherung Schloss f\u00fcr\u2026\"}]},{\"@type\":\"WebSite\",\"@id\":\"https:\\\/\\\/marktxxl.de\\\/markt\\\/#website\",\"url\":\"https:\\\/\\\/marktxxl.de\\\/markt\\\/\",\"name\":\"Markt-XXL\",\"description\":\"Ihr Markt Online\",\"publisher\":{\"@id\":\"https:\\\/\\\/marktxxl.de\\\/markt\\\/#organization\"},\"potentialAction\":[{\"@type\":\"SearchAction\",\"target\":{\"@type\":\"EntryPoint\",\"urlTemplate\":\"https:\\\/\\\/marktxxl.de\\\/markt\\\/?s={search_term_string}\"},\"query-input\":{\"@type\":\"PropertyValueSpecification\",\"valueRequired\":true,\"valueName\":\"search_term_string\"}}],\"inLanguage\":\"de\"},{\"@type\":\"Organization\",\"@id\":\"https:\\\/\\\/marktxxl.de\\\/markt\\\/#organization\",\"name\":\"Markt-XXL\",\"url\":\"https:\\\/\\\/marktxxl.de\\\/markt\\\/\",\"logo\":{\"@type\":\"ImageObject\",\"inLanguage\":\"de\",\"@id\":\"https:\\\/\\\/marktxxl.de\\\/markt\\\/#\\\/schema\\\/logo\\\/image\\\/\",\"url\":\"https:\\\/\\\/marktxxl.de\\\/markt\\\/wp-content\\\/uploads\\\/sites\\\/3\\\/2020\\\/12\\\/logo.png\",\"contentUrl\":\"https:\\\/\\\/marktxxl.de\\\/markt\\\/wp-content\\\/uploads\\\/sites\\\/3\\\/2020\\\/12\\\/logo.png\",\"width\":200,\"height\":70,\"caption\":\"Markt-XXL\"},\"image\":{\"@id\":\"https:\\\/\\\/marktxxl.de\\\/markt\\\/#\\\/schema\\\/logo\\\/image\\\/\"}}]}<\/script>\n<!-- \/ Yoast SEO plugin. -->","yoast_head_json":{"title":"Norjews Baby Sicherheit Magnetisches Schrankschloss(20 Schl\u00f6sser + 3 Schl\u00fcssel) | zum Kindersicherung Schloss f\u00fcr\u2026 - Markt-XXL","description":"Markt-XXL Norjews Baby Sicherheit Magnetisches Schrankschloss(20 Schl\u00f6sser + 3 Schl\u00fcssel) | zum Kindersicherung Schloss f\u00fcr\u2026","robots":{"index":"index","follow":"follow","max-snippet":"max-snippet:-1","max-image-preview":"max-image-preview:large","max-video-preview":"max-video-preview:-1"},"canonical":"https:\/\/marktxxl.de\/markt\/produkt\/norjews-baby-sicherheit-magnetisches-schrankschloss20-schloesser-3-schluessel-zum-kindersicherung-schloss-fuer-schraenke-und-schubladen-unsichtbare-klebeband-ohne-bohren-oder-werkzeug\/","og_locale":"de_DE","og_type":"article","og_title":"Norjews Baby Sicherheit Magnetisches Schrankschloss(20 Schl\u00f6sser + 3 Schl\u00fcssel) | zum Kindersicherung Schloss f\u00fcr\u2026 - Markt-XXL","og_description":"Markt-XXL Norjews Baby Sicherheit Magnetisches Schrankschloss(20 Schl\u00f6sser + 3 Schl\u00fcssel) | zum Kindersicherung Schloss f\u00fcr\u2026","og_url":"https:\/\/marktxxl.de\/markt\/produkt\/norjews-baby-sicherheit-magnetisches-schrankschloss20-schloesser-3-schluessel-zum-kindersicherung-schloss-fuer-schraenke-und-schubladen-unsichtbare-klebeband-ohne-bohren-oder-werkzeug\/","og_site_name":"Markt-XXL","article_modified_time":"2023-04-11T00:07:36+00:00","og_image":[{"width":500,"height":420,"url":"https:\/\/m.media-amazon.com\/images\/I\/41yekYFElfL._SL500_.jpg","type":"image\/jpeg"}],"twitter_card":"summary_large_image","twitter_misc":{"Gesch\u00e4tzte Lesezeit":"1\u00a0Minute"},"schema":{"@context":"https:\/\/schema.org","@graph":[{"@type":"WebPage","@id":"https:\/\/marktxxl.de\/markt\/produkt\/norjews-baby-sicherheit-magnetisches-schrankschloss20-schloesser-3-schluessel-zum-kindersicherung-schloss-fuer-schraenke-und-schubladen-unsichtbare-klebeband-ohne-bohren-oder-werkzeug\/","url":"https:\/\/marktxxl.de\/markt\/produkt\/norjews-baby-sicherheit-magnetisches-schrankschloss20-schloesser-3-schluessel-zum-kindersicherung-schloss-fuer-schraenke-und-schubladen-unsichtbare-klebeband-ohne-bohren-oder-werkzeug\/","name":"Norjews Baby Sicherheit Magnetisches Schrankschloss(20 Schl\u00f6sser + 3 Schl\u00fcssel) | zum Kindersicherung Schloss f\u00fcr\u2026 - Markt-XXL","isPartOf":{"@id":"https:\/\/marktxxl.de\/markt\/#website"},"primaryImageOfPage":{"@id":"https:\/\/marktxxl.de\/markt\/produkt\/norjews-baby-sicherheit-magnetisches-schrankschloss20-schloesser-3-schluessel-zum-kindersicherung-schloss-fuer-schraenke-und-schubladen-unsichtbare-klebeband-ohne-bohren-oder-werkzeug\/#primaryimage"},"image":{"@id":"https:\/\/marktxxl.de\/markt\/produkt\/norjews-baby-sicherheit-magnetisches-schrankschloss20-schloesser-3-schluessel-zum-kindersicherung-schloss-fuer-schraenke-und-schubladen-unsichtbare-klebeband-ohne-bohren-oder-werkzeug\/#primaryimage"},"thumbnailUrl":"https:\/\/m.media-amazon.com\/images\/I\/41yekYFElfL._SL500_.jpg","datePublished":"2021-10-12T20:03:34+00:00","dateModified":"2023-04-11T00:07:36+00:00","description":"Markt-XXL Norjews Baby Sicherheit Magnetisches Schrankschloss(20 Schl\u00f6sser + 3 Schl\u00fcssel) | zum Kindersicherung Schloss f\u00fcr\u2026","breadcrumb":{"@id":"https:\/\/marktxxl.de\/markt\/produkt\/norjews-baby-sicherheit-magnetisches-schrankschloss20-schloesser-3-schluessel-zum-kindersicherung-schloss-fuer-schraenke-und-schubladen-unsichtbare-klebeband-ohne-bohren-oder-werkzeug\/#breadcrumb"},"inLanguage":"de","potentialAction":[{"@type":"ReadAction","target":["https:\/\/marktxxl.de\/markt\/produkt\/norjews-baby-sicherheit-magnetisches-schrankschloss20-schloesser-3-schluessel-zum-kindersicherung-schloss-fuer-schraenke-und-schubladen-unsichtbare-klebeband-ohne-bohren-oder-werkzeug\/"]}]},{"@type":"ImageObject","inLanguage":"de","@id":"https:\/\/marktxxl.de\/markt\/produkt\/norjews-baby-sicherheit-magnetisches-schrankschloss20-schloesser-3-schluessel-zum-kindersicherung-schloss-fuer-schraenke-und-schubladen-unsichtbare-klebeband-ohne-bohren-oder-werkzeug\/#primaryimage","url":"https:\/\/m.media-amazon.com\/images\/I\/41yekYFElfL._SL500_.jpg","contentUrl":"https:\/\/m.media-amazon.com\/images\/I\/41yekYFElfL._SL500_.jpg","width":500,"height":420},{"@type":"BreadcrumbList","@id":"https:\/\/marktxxl.de\/markt\/produkt\/norjews-baby-sicherheit-magnetisches-schrankschloss20-schloesser-3-schluessel-zum-kindersicherung-schloss-fuer-schraenke-und-schubladen-unsichtbare-klebeband-ohne-bohren-oder-werkzeug\/#breadcrumb","itemListElement":[{"@type":"ListItem","position":1,"name":"Startseite","item":"https:\/\/marktxxl.de\/markt\/"},{"@type":"ListItem","position":2,"name":"Markt","item":"https:\/\/marktxxl.de\/markt\/"},{"@type":"ListItem","position":3,"name":"Norjews Baby Sicherheit Magnetisches Schrankschloss(20 Schl\u00f6sser + 3 Schl\u00fcssel) | zum Kindersicherung Schloss f\u00fcr\u2026"}]},{"@type":"WebSite","@id":"https:\/\/marktxxl.de\/markt\/#website","url":"https:\/\/marktxxl.de\/markt\/","name":"Markt-XXL","description":"Ihr Markt Online","publisher":{"@id":"https:\/\/marktxxl.de\/markt\/#organization"},"potentialAction":[{"@type":"SearchAction","target":{"@type":"EntryPoint","urlTemplate":"https:\/\/marktxxl.de\/markt\/?s={search_term_string}"},"query-input":{"@type":"PropertyValueSpecification","valueRequired":true,"valueName":"search_term_string"}}],"inLanguage":"de"},{"@type":"Organization","@id":"https:\/\/marktxxl.de\/markt\/#organization","name":"Markt-XXL","url":"https:\/\/marktxxl.de\/markt\/","logo":{"@type":"ImageObject","inLanguage":"de","@id":"https:\/\/marktxxl.de\/markt\/#\/schema\/logo\/image\/","url":"https:\/\/marktxxl.de\/markt\/wp-content\/uploads\/sites\/3\/2020\/12\/logo.png","contentUrl":"https:\/\/marktxxl.de\/markt\/wp-content\/uploads\/sites\/3\/2020\/12\/logo.png","width":200,"height":70,"caption":"Markt-XXL"},"image":{"@id":"https:\/\/marktxxl.de\/markt\/#\/schema\/logo\/image\/"}}]}},"_links":{"self":[{"href":"https:\/\/marktxxl.de\/markt\/wp-json\/wp\/v2\/product\/47250","targetHints":{"allow":["GET"]}}],"collection":[{"href":"https:\/\/marktxxl.de\/markt\/wp-json\/wp\/v2\/product"}],"about":[{"href":"https:\/\/marktxxl.de\/markt\/wp-json\/wp\/v2\/types\/product"}],"replies":[{"embeddable":true,"href":"https:\/\/marktxxl.de\/markt\/wp-json\/wp\/v2\/comments?post=47250"}],"wp:featuredmedia":[{"embeddable":true,"href":"https:\/\/marktxxl.de\/markt\/wp-json\/wp\/v2\/media\/47251"}],"wp:attachment":[{"href":"https:\/\/marktxxl.de\/markt\/wp-json\/wp\/v2\/media?parent=47250"}],"wp:term":[{"taxonomy":"product_brand","embeddable":true,"href":"https:\/\/marktxxl.de\/markt\/wp-json\/wp\/v2\/product_brand?post=47250"},{"taxonomy":"product_cat","embeddable":true,"href":"https:\/\/marktxxl.de\/markt\/wp-json\/wp\/v2\/product_cat?post=47250"},{"taxonomy":"product_tag","embeddable":true,"href":"https:\/\/marktxxl.de\/markt\/wp-json\/wp\/v2\/product_tag?post=47250"}],"curies":[{"name":"wp","href":"https:\/\/api.w.org\/{rel}","templated":true}]}}