{"id":47233,"date":"2021-10-12T22:03:32","date_gmt":"2021-10-12T20:03:32","guid":{"rendered":"https:\/\/marktxxl.de\/markt\/produkt\/dreambaby-g2171bb-chelsea-treppenschutzgitter-tuerschutzgitter-fuer-71cm-80cm-weiss\/"},"modified":"2023-04-11T02:07:35","modified_gmt":"2023-04-11T00:07:35","slug":"dreambaby-g2171bb-chelsea-treppenschutzgitter-tuerschutzgitter-fuer-71cm-80cm-weiss","status":"publish","type":"product","link":"https:\/\/marktxxl.de\/markt\/produkt\/dreambaby-g2171bb-chelsea-treppenschutzgitter-tuerschutzgitter-fuer-71cm-80cm-weiss\/","title":{"rendered":"Dreambaby G2171(BB) Chelsea Treppenschutzgitter \/ T\u00fcrschutzgitter (f\u00fcr 71cm-80cm) wei\u00df"},"content":{"rendered":"<p>MESSEN SIE IHREN DURCHGANG VOR DEM KAUF &#8211; Dieses T\u00fcrschutzgitter passt NUR f\u00fcr \u00d6ffnungen von 71 bis 80cm. Es passt nicht f\u00fcr Durchg\u00e4nge, die kleiner als 71cm sind. Wenn der Durchgang gr\u00f6\u00dfer als 80cm ist, ben\u00f6tigen Sie eine separat erh\u00e4ltliche Verl\u00e4ngerung<br \/>\nVIELSEITIG UND ZUVERL\u00c4SSIG &#8211; Unser Dreambaby Chelsea T\u00fcrschutzgitter ist mit Funktionen ausgestattet, die nicht nur Ihr Leben einfacher machen, sondern auch sicherer. In der Tat vielseitig: Passend f\u00fcr \u00d6ffnungen von 71 bis 80cm Breite und 75cm hoch. Mit optionalen Verl\u00e4ngerungen, die separat erh\u00e4ltlich sind, kann das T\u00fcrschutzgitter bis zu 480cm verl\u00e4ngert werden<br \/>\nEINHANDBEDIENUNG &#8211; Die Einhandbedienung ist fantastisch f\u00fcr Zeiten, in denen Sie Ihr Kind im Arm halten. Die doppelte Sperrfunktion sorgt f\u00fcr zus\u00e4tzliche Sicherheit f\u00fcr Ihr Kind<br \/>\nEZY-CHECK INDIKATOR UND SELBSTSCHLIESSEND &#8211; f\u00fcr zus\u00e4tzliche Sicherheit hilft Ihnen die EZY-Check Anzeige mit einem kurzen Blick zu erkennen, ob Ihr Gitter sicher verriegelt ist. Tipp: Sie zeigt auch an, dass Ihr Gitter richtig installiert ist. Es hat den Komfort sich aus jeder Position automatisch selbst zu schlie\u00dfen, was eine konstante und zuverl\u00e4ssige Sicherheit eines Gitters gew\u00e4hrleistet.<br \/>\nEINFACHE INSTALLATION &#8211; Dreambaby Chelsea T\u00fcrschutzgitter sind Einklemmgitter, was eine m\u00fchelose Installation ohne Schrauben oder Bohren erm\u00f6glicht &#8211; ideal f\u00fcr jedes Zuhause und perfekt f\u00fcr tempor\u00e4re oder Mietobjekte (inkl. Montagematerial f\u00fcr den Gebrauch an Treppenabs\u00e4tzen)<br \/>\n<div class=\"main-cross-sell\" data-asin=\"B000H6UXNG\">\n\n\t<div class=\"WooZone-cross-sell-loader\">\n\t\t<div>\n\t\t\t<div id=\"floatingBarsG\">\n\t\t\t\t<div class=\"blockG\" id=\"rotateG_01\"><\/div>\n\t\t\t\t<div class=\"blockG\" id=\"rotateG_02\"><\/div>\n\t\t\t\t<div class=\"blockG\" id=\"rotateG_03\"><\/div>\n\t\t\t\t<div class=\"blockG\" id=\"rotateG_04\"><\/div>\n\t\t\t\t<div class=\"blockG\" id=\"rotateG_05\"><\/div>\n\t\t\t\t<div class=\"blockG\" id=\"rotateG_06\"><\/div>\n\t\t\t\t<div class=\"blockG\" id=\"rotateG_07\"><\/div>\n\t\t\t\t<div class=\"blockG\" id=\"rotateG_08\"><\/div>\n\t\t\t<\/div>\n\t\t\t<div class=\"WooZone-cross-sell-loader-text\"><\/div>\n\t\t<\/div>\n\t<\/div>\n\n\t\t\n<\/div>\n<div style=\"clear:both;\"><\/div><\/p>\n","protected":false},"excerpt":{"rendered":"<p>MESSEN SIE IHREN DURCHGANG VOR DEM KAUF &#8211; Dieses T\u00fcrschutzgitter passt NUR f\u00fcr \u00d6ffnungen von 71 bis 80cm. Es passt nicht f\u00fcr Durchg\u00e4nge, die kleiner als 71cm sind. Wenn der Durchgang gr\u00f6\u00dfer als 80cm ist, ben\u00f6tigen Sie eine separat erh\u00e4ltliche Verl\u00e4ngerung<br \/>\nVIELSEITIG UND ZUVERL\u00c4SSIG &#8211; Unser Dreambaby Chelsea T\u00fcrschutzgitter ist mit Funktionen ausgestattet, die nicht nur Ihr Leben einfacher machen, sondern auch sicherer. In der Tat vielseitig: Passend f\u00fcr \u00d6ffnungen von 71 bis 80cm Breite und 75cm hoch. Mit optionalen Verl\u00e4ngerungen, die separat erh\u00e4ltlich sind, kann das T\u00fcrschutzgitter bis zu 480cm verl\u00e4ngert werden<br \/>\nEINHANDBEDIENUNG &#8211; Die Einhandbedienung ist fantastisch f\u00fcr Zeiten, in denen Sie Ihr Kind im Arm halten. Die doppelte Sperrfunktion sorgt f\u00fcr zus\u00e4tzliche Sicherheit f\u00fcr Ihr Kind<\/p>\n","protected":false},"featured_media":47234,"comment_status":"open","ping_status":"closed","template":"","meta":[],"product_brand":[],"product_cat":[21,9378],"product_tag":[],"class_list":{"0":"post-47233","1":"product","2":"type-product","3":"status-publish","4":"has-post-thumbnail","6":"product_cat-baby","7":"product_cat-sicherheit-baby","8":"pa_binding-babyartikel","9":"pa_brand-dreambaby","10":"pa_color-white","11":"pa_height-29-921259812-zoll","12":"pa_languages-unbekannt-englisch","13":"pa_length-31-49606296-zoll","14":"pa_manufacturer-tee-zed-de","15":"pa_model-g2171bb","16":"pa_size-71-80-cm","17":"pa_weight-9-8546631114-pfund","18":"pa_width-0-787401574-zoll","20":"first","21":"instock","22":"shipping-taxable","23":"purchasable","24":"product-type-simple","25":"customify-col","26":"product-has-gallery"},"yoast_head":"<!-- This site is optimized with the Yoast SEO plugin v27.4 - https:\/\/yoast.com\/product\/yoast-seo-wordpress\/ -->\n<title>Dreambaby G2171(BB) Chelsea Treppenschutzgitter \/ T\u00fcrschutzgitter (f\u00fcr 71cm-80cm) wei\u00df - Markt-XXL<\/title>\n<meta name=\"description\" content=\"Markt-XXL Dreambaby G2171(BB) Chelsea Treppenschutzgitter \/ T\u00fcrschutzgitter (f\u00fcr 71cm-80cm) wei\u00df\" \/>\n<meta name=\"robots\" content=\"index, follow, max-snippet:-1, max-image-preview:large, max-video-preview:-1\" \/>\n<link rel=\"canonical\" href=\"https:\/\/marktxxl.de\/markt\/produkt\/dreambaby-g2171bb-chelsea-treppenschutzgitter-tuerschutzgitter-fuer-71cm-80cm-weiss\/\" \/>\n<meta property=\"og:locale\" content=\"de_DE\" \/>\n<meta property=\"og:type\" content=\"article\" \/>\n<meta property=\"og:title\" content=\"Dreambaby G2171(BB) Chelsea Treppenschutzgitter \/ T\u00fcrschutzgitter (f\u00fcr 71cm-80cm) wei\u00df - Markt-XXL\" \/>\n<meta property=\"og:description\" content=\"Markt-XXL Dreambaby G2171(BB) Chelsea Treppenschutzgitter \/ T\u00fcrschutzgitter (f\u00fcr 71cm-80cm) wei\u00df\" \/>\n<meta property=\"og:url\" content=\"https:\/\/marktxxl.de\/markt\/produkt\/dreambaby-g2171bb-chelsea-treppenschutzgitter-tuerschutzgitter-fuer-71cm-80cm-weiss\/\" \/>\n<meta property=\"og:site_name\" content=\"Markt-XXL\" \/>\n<meta property=\"article:modified_time\" content=\"2023-04-11T00:07:35+00:00\" \/>\n<meta property=\"og:image\" content=\"https:\/\/m.media-amazon.com\/images\/I\/41-qojwgBmL._SL500_.jpg\" \/>\n\t<meta property=\"og:image:width\" content=\"500\" \/>\n\t<meta property=\"og:image:height\" content=\"500\" \/>\n\t<meta property=\"og:image:type\" content=\"image\/jpeg\" \/>\n<meta name=\"twitter:card\" content=\"summary_large_image\" \/>\n<meta name=\"twitter:label1\" content=\"Gesch\u00e4tzte Lesezeit\" \/>\n\t<meta name=\"twitter:data1\" content=\"1\u00a0Minute\" \/>\n<script type=\"application\/ld+json\" class=\"yoast-schema-graph\">{\"@context\":\"https:\\\/\\\/schema.org\",\"@graph\":[{\"@type\":\"WebPage\",\"@id\":\"https:\\\/\\\/marktxxl.de\\\/markt\\\/produkt\\\/dreambaby-g2171bb-chelsea-treppenschutzgitter-tuerschutzgitter-fuer-71cm-80cm-weiss\\\/\",\"url\":\"https:\\\/\\\/marktxxl.de\\\/markt\\\/produkt\\\/dreambaby-g2171bb-chelsea-treppenschutzgitter-tuerschutzgitter-fuer-71cm-80cm-weiss\\\/\",\"name\":\"Dreambaby G2171(BB) Chelsea Treppenschutzgitter \\\/ T\u00fcrschutzgitter (f\u00fcr 71cm-80cm) wei\u00df - Markt-XXL\",\"isPartOf\":{\"@id\":\"https:\\\/\\\/marktxxl.de\\\/markt\\\/#website\"},\"primaryImageOfPage\":{\"@id\":\"https:\\\/\\\/marktxxl.de\\\/markt\\\/produkt\\\/dreambaby-g2171bb-chelsea-treppenschutzgitter-tuerschutzgitter-fuer-71cm-80cm-weiss\\\/#primaryimage\"},\"image\":{\"@id\":\"https:\\\/\\\/marktxxl.de\\\/markt\\\/produkt\\\/dreambaby-g2171bb-chelsea-treppenschutzgitter-tuerschutzgitter-fuer-71cm-80cm-weiss\\\/#primaryimage\"},\"thumbnailUrl\":\"https:\\\/\\\/m.media-amazon.com\\\/images\\\/I\\\/41-qojwgBmL._SL500_.jpg\",\"datePublished\":\"2021-10-12T20:03:32+00:00\",\"dateModified\":\"2023-04-11T00:07:35+00:00\",\"description\":\"Markt-XXL Dreambaby G2171(BB) Chelsea Treppenschutzgitter \\\/ T\u00fcrschutzgitter (f\u00fcr 71cm-80cm) wei\u00df\",\"breadcrumb\":{\"@id\":\"https:\\\/\\\/marktxxl.de\\\/markt\\\/produkt\\\/dreambaby-g2171bb-chelsea-treppenschutzgitter-tuerschutzgitter-fuer-71cm-80cm-weiss\\\/#breadcrumb\"},\"inLanguage\":\"de\",\"potentialAction\":[{\"@type\":\"ReadAction\",\"target\":[\"https:\\\/\\\/marktxxl.de\\\/markt\\\/produkt\\\/dreambaby-g2171bb-chelsea-treppenschutzgitter-tuerschutzgitter-fuer-71cm-80cm-weiss\\\/\"]}]},{\"@type\":\"ImageObject\",\"inLanguage\":\"de\",\"@id\":\"https:\\\/\\\/marktxxl.de\\\/markt\\\/produkt\\\/dreambaby-g2171bb-chelsea-treppenschutzgitter-tuerschutzgitter-fuer-71cm-80cm-weiss\\\/#primaryimage\",\"url\":\"https:\\\/\\\/m.media-amazon.com\\\/images\\\/I\\\/41-qojwgBmL._SL500_.jpg\",\"contentUrl\":\"https:\\\/\\\/m.media-amazon.com\\\/images\\\/I\\\/41-qojwgBmL._SL500_.jpg\",\"width\":500,\"height\":500},{\"@type\":\"BreadcrumbList\",\"@id\":\"https:\\\/\\\/marktxxl.de\\\/markt\\\/produkt\\\/dreambaby-g2171bb-chelsea-treppenschutzgitter-tuerschutzgitter-fuer-71cm-80cm-weiss\\\/#breadcrumb\",\"itemListElement\":[{\"@type\":\"ListItem\",\"position\":1,\"name\":\"Startseite\",\"item\":\"https:\\\/\\\/marktxxl.de\\\/markt\\\/\"},{\"@type\":\"ListItem\",\"position\":2,\"name\":\"Markt\",\"item\":\"https:\\\/\\\/marktxxl.de\\\/markt\\\/\"},{\"@type\":\"ListItem\",\"position\":3,\"name\":\"Dreambaby G2171(BB) Chelsea Treppenschutzgitter \\\/ T\u00fcrschutzgitter (f\u00fcr 71cm-80cm) wei\u00df\"}]},{\"@type\":\"WebSite\",\"@id\":\"https:\\\/\\\/marktxxl.de\\\/markt\\\/#website\",\"url\":\"https:\\\/\\\/marktxxl.de\\\/markt\\\/\",\"name\":\"Markt-XXL\",\"description\":\"Ihr Markt Online\",\"publisher\":{\"@id\":\"https:\\\/\\\/marktxxl.de\\\/markt\\\/#organization\"},\"potentialAction\":[{\"@type\":\"SearchAction\",\"target\":{\"@type\":\"EntryPoint\",\"urlTemplate\":\"https:\\\/\\\/marktxxl.de\\\/markt\\\/?s={search_term_string}\"},\"query-input\":{\"@type\":\"PropertyValueSpecification\",\"valueRequired\":true,\"valueName\":\"search_term_string\"}}],\"inLanguage\":\"de\"},{\"@type\":\"Organization\",\"@id\":\"https:\\\/\\\/marktxxl.de\\\/markt\\\/#organization\",\"name\":\"Markt-XXL\",\"url\":\"https:\\\/\\\/marktxxl.de\\\/markt\\\/\",\"logo\":{\"@type\":\"ImageObject\",\"inLanguage\":\"de\",\"@id\":\"https:\\\/\\\/marktxxl.de\\\/markt\\\/#\\\/schema\\\/logo\\\/image\\\/\",\"url\":\"https:\\\/\\\/marktxxl.de\\\/markt\\\/wp-content\\\/uploads\\\/sites\\\/3\\\/2020\\\/12\\\/logo.png\",\"contentUrl\":\"https:\\\/\\\/marktxxl.de\\\/markt\\\/wp-content\\\/uploads\\\/sites\\\/3\\\/2020\\\/12\\\/logo.png\",\"width\":200,\"height\":70,\"caption\":\"Markt-XXL\"},\"image\":{\"@id\":\"https:\\\/\\\/marktxxl.de\\\/markt\\\/#\\\/schema\\\/logo\\\/image\\\/\"}}]}<\/script>\n<!-- \/ Yoast SEO plugin. -->","yoast_head_json":{"title":"Dreambaby G2171(BB) Chelsea Treppenschutzgitter \/ T\u00fcrschutzgitter (f\u00fcr 71cm-80cm) wei\u00df - Markt-XXL","description":"Markt-XXL Dreambaby G2171(BB) Chelsea Treppenschutzgitter \/ T\u00fcrschutzgitter (f\u00fcr 71cm-80cm) wei\u00df","robots":{"index":"index","follow":"follow","max-snippet":"max-snippet:-1","max-image-preview":"max-image-preview:large","max-video-preview":"max-video-preview:-1"},"canonical":"https:\/\/marktxxl.de\/markt\/produkt\/dreambaby-g2171bb-chelsea-treppenschutzgitter-tuerschutzgitter-fuer-71cm-80cm-weiss\/","og_locale":"de_DE","og_type":"article","og_title":"Dreambaby G2171(BB) Chelsea Treppenschutzgitter \/ T\u00fcrschutzgitter (f\u00fcr 71cm-80cm) wei\u00df - Markt-XXL","og_description":"Markt-XXL Dreambaby G2171(BB) Chelsea Treppenschutzgitter \/ T\u00fcrschutzgitter (f\u00fcr 71cm-80cm) wei\u00df","og_url":"https:\/\/marktxxl.de\/markt\/produkt\/dreambaby-g2171bb-chelsea-treppenschutzgitter-tuerschutzgitter-fuer-71cm-80cm-weiss\/","og_site_name":"Markt-XXL","article_modified_time":"2023-04-11T00:07:35+00:00","og_image":[{"width":500,"height":500,"url":"https:\/\/m.media-amazon.com\/images\/I\/41-qojwgBmL._SL500_.jpg","type":"image\/jpeg"}],"twitter_card":"summary_large_image","twitter_misc":{"Gesch\u00e4tzte Lesezeit":"1\u00a0Minute"},"schema":{"@context":"https:\/\/schema.org","@graph":[{"@type":"WebPage","@id":"https:\/\/marktxxl.de\/markt\/produkt\/dreambaby-g2171bb-chelsea-treppenschutzgitter-tuerschutzgitter-fuer-71cm-80cm-weiss\/","url":"https:\/\/marktxxl.de\/markt\/produkt\/dreambaby-g2171bb-chelsea-treppenschutzgitter-tuerschutzgitter-fuer-71cm-80cm-weiss\/","name":"Dreambaby G2171(BB) Chelsea Treppenschutzgitter \/ T\u00fcrschutzgitter (f\u00fcr 71cm-80cm) wei\u00df - Markt-XXL","isPartOf":{"@id":"https:\/\/marktxxl.de\/markt\/#website"},"primaryImageOfPage":{"@id":"https:\/\/marktxxl.de\/markt\/produkt\/dreambaby-g2171bb-chelsea-treppenschutzgitter-tuerschutzgitter-fuer-71cm-80cm-weiss\/#primaryimage"},"image":{"@id":"https:\/\/marktxxl.de\/markt\/produkt\/dreambaby-g2171bb-chelsea-treppenschutzgitter-tuerschutzgitter-fuer-71cm-80cm-weiss\/#primaryimage"},"thumbnailUrl":"https:\/\/m.media-amazon.com\/images\/I\/41-qojwgBmL._SL500_.jpg","datePublished":"2021-10-12T20:03:32+00:00","dateModified":"2023-04-11T00:07:35+00:00","description":"Markt-XXL Dreambaby G2171(BB) Chelsea Treppenschutzgitter \/ T\u00fcrschutzgitter (f\u00fcr 71cm-80cm) wei\u00df","breadcrumb":{"@id":"https:\/\/marktxxl.de\/markt\/produkt\/dreambaby-g2171bb-chelsea-treppenschutzgitter-tuerschutzgitter-fuer-71cm-80cm-weiss\/#breadcrumb"},"inLanguage":"de","potentialAction":[{"@type":"ReadAction","target":["https:\/\/marktxxl.de\/markt\/produkt\/dreambaby-g2171bb-chelsea-treppenschutzgitter-tuerschutzgitter-fuer-71cm-80cm-weiss\/"]}]},{"@type":"ImageObject","inLanguage":"de","@id":"https:\/\/marktxxl.de\/markt\/produkt\/dreambaby-g2171bb-chelsea-treppenschutzgitter-tuerschutzgitter-fuer-71cm-80cm-weiss\/#primaryimage","url":"https:\/\/m.media-amazon.com\/images\/I\/41-qojwgBmL._SL500_.jpg","contentUrl":"https:\/\/m.media-amazon.com\/images\/I\/41-qojwgBmL._SL500_.jpg","width":500,"height":500},{"@type":"BreadcrumbList","@id":"https:\/\/marktxxl.de\/markt\/produkt\/dreambaby-g2171bb-chelsea-treppenschutzgitter-tuerschutzgitter-fuer-71cm-80cm-weiss\/#breadcrumb","itemListElement":[{"@type":"ListItem","position":1,"name":"Startseite","item":"https:\/\/marktxxl.de\/markt\/"},{"@type":"ListItem","position":2,"name":"Markt","item":"https:\/\/marktxxl.de\/markt\/"},{"@type":"ListItem","position":3,"name":"Dreambaby G2171(BB) Chelsea Treppenschutzgitter \/ T\u00fcrschutzgitter (f\u00fcr 71cm-80cm) wei\u00df"}]},{"@type":"WebSite","@id":"https:\/\/marktxxl.de\/markt\/#website","url":"https:\/\/marktxxl.de\/markt\/","name":"Markt-XXL","description":"Ihr Markt Online","publisher":{"@id":"https:\/\/marktxxl.de\/markt\/#organization"},"potentialAction":[{"@type":"SearchAction","target":{"@type":"EntryPoint","urlTemplate":"https:\/\/marktxxl.de\/markt\/?s={search_term_string}"},"query-input":{"@type":"PropertyValueSpecification","valueRequired":true,"valueName":"search_term_string"}}],"inLanguage":"de"},{"@type":"Organization","@id":"https:\/\/marktxxl.de\/markt\/#organization","name":"Markt-XXL","url":"https:\/\/marktxxl.de\/markt\/","logo":{"@type":"ImageObject","inLanguage":"de","@id":"https:\/\/marktxxl.de\/markt\/#\/schema\/logo\/image\/","url":"https:\/\/marktxxl.de\/markt\/wp-content\/uploads\/sites\/3\/2020\/12\/logo.png","contentUrl":"https:\/\/marktxxl.de\/markt\/wp-content\/uploads\/sites\/3\/2020\/12\/logo.png","width":200,"height":70,"caption":"Markt-XXL"},"image":{"@id":"https:\/\/marktxxl.de\/markt\/#\/schema\/logo\/image\/"}}]}},"_links":{"self":[{"href":"https:\/\/marktxxl.de\/markt\/wp-json\/wp\/v2\/product\/47233","targetHints":{"allow":["GET"]}}],"collection":[{"href":"https:\/\/marktxxl.de\/markt\/wp-json\/wp\/v2\/product"}],"about":[{"href":"https:\/\/marktxxl.de\/markt\/wp-json\/wp\/v2\/types\/product"}],"replies":[{"embeddable":true,"href":"https:\/\/marktxxl.de\/markt\/wp-json\/wp\/v2\/comments?post=47233"}],"wp:featuredmedia":[{"embeddable":true,"href":"https:\/\/marktxxl.de\/markt\/wp-json\/wp\/v2\/media\/47234"}],"wp:attachment":[{"href":"https:\/\/marktxxl.de\/markt\/wp-json\/wp\/v2\/media?parent=47233"}],"wp:term":[{"taxonomy":"product_brand","embeddable":true,"href":"https:\/\/marktxxl.de\/markt\/wp-json\/wp\/v2\/product_brand?post=47233"},{"taxonomy":"product_cat","embeddable":true,"href":"https:\/\/marktxxl.de\/markt\/wp-json\/wp\/v2\/product_cat?post=47233"},{"taxonomy":"product_tag","embeddable":true,"href":"https:\/\/marktxxl.de\/markt\/wp-json\/wp\/v2\/product_tag?post=47233"}],"curies":[{"name":"wp","href":"https:\/\/api.w.org\/{rel}","templated":true}]}}