{"id":47225,"date":"2021-10-12T22:03:31","date_gmt":"2021-10-12T20:03:31","guid":{"rendered":"https:\/\/marktxxl.de\/markt\/produkt\/ikalula-baby-kamera-halterung-baby-monitor-halter-universal-kamera-halterung-verstellbar-flexible-kamera-staender-fuer-kinderzimmer-babyphone-halterung-kompatibel-mit-den-meisten-babymonitoren-blau\/"},"modified":"2023-04-11T02:07:35","modified_gmt":"2023-04-11T00:07:35","slug":"ikalula-baby-kamera-halterung-baby-monitor-halter-universal-kamera-halterung-verstellbar-flexible-kamera-staender-fuer-kinderzimmer-babyphone-halterung-kompatibel-mit-den-meisten-babymonitoren-blau","status":"publish","type":"product","link":"https:\/\/marktxxl.de\/markt\/produkt\/ikalula-baby-kamera-halterung-baby-monitor-halter-universal-kamera-halterung-verstellbar-flexible-kamera-staender-fuer-kinderzimmer-babyphone-halterung-kompatibel-mit-den-meisten-babymonitoren-blau\/","title":{"rendered":"iKALULA Baby Camera Mount, Baby Monitor Holder Universal Camera Mount, Adjustable Flexible Camera Stand for Nursery Baby\u2026"},"content":{"rendered":"<p>? Flexibel und Einstellbar: Baby Monitor Halter f\u00fcr 360-Grad-Drehung kann eingestellt werden, um unterschiedliche besten winkel zu bekommen mit flexibler schwanenhals kann an die max 85cm erweitert werden, Flexibel positionierbar, um von fast \u00fcberall im Raum einen besseren Winkel zu. Dieses Baby-Kamera-Regal kann \u00fcberall im Haus, auf M\u00f6beln oder auf der Fensterbank installiert werden. Egal, ob Ihr Baby schl\u00e4ft oder spielt, Sie k\u00f6nnen alles rechtzeitig erledigen, ohne Details zu verpassen.<br \/>\n? Sicher und stabil: Dieser Baby Kamera Halterung besteht aus einer verst\u00e4rkten Magnesiumlegierung, anpassungsf\u00e4hige Klemmarme schlie\u00dfen sich sanft, aber sicher um Ihr baby und bewahren es zuverl\u00e4ssig vor dem Herausrutschen. Babyphone Halterung mit 2 Haken-n-Loop-G\u00fcrteln, um die Klemm-Umlenkkraft zu verleihen, und stellen Sie sicher, dass Babyphone stabil positioniert ist, nie fallen oder auf den Boden rutschen.<br \/>\n? Einfache Installieren: Kein Anhaften an W\u00e4nden, kein Bohren. Einfache Montage durch Verschrauben der beiden Teile. Der Clip auf Halter ist auf jedem Schreibtisch, Kinderbett, Stuhl, Wandschrank zu befestigen Kleben an Armaturenbrett oder jede glatte Oberfl\u00e4che. Und kann Biegen Sie den Halter nach Bedarf und falten Sie ihn in eine kleine Tasche.<br \/>\n? Silikon-Pad: Das Baby Monitor Halter ist fest in der Klemme angebracht und von Kautschuk Silikon-Pad unterst\u00fctzt. Die Klemme hat eine Silikon-Oberfl\u00e4che, um keine Sch\u00e4den an Kinderbett or M\u00f6beln. Der Sockelclip ist mit einem rutschfesten Silikon ausgestattet, das perfekt in einen runden oder eckigen Kameraboden passt und nicht abrutscht.<br \/>\n? Multifunktional: Die Baby-Monitorhalterung kann mit den meisten Baby-Videokameras auf dem Markt kompatibel sein. Dieser flexible Baby-Monitorhalter erm\u00f6glicht Ihnen den perfekten Blick auf Ihr Baby. Abgesehen von seiner Rolle als Babyphone kann dieses Ger\u00e4t auch eine perfekte Handyhalterung f\u00fcr reichlich Zwecke sein. (Unterst\u00fctzung 3,5-6,3 zoll handy)<br \/>\n<div class=\"main-cross-sell\" data-asin=\"B07SLQXBZ5\">\n\n\t<div class=\"WooZone-cross-sell-loader\">\n\t\t<div>\n\t\t\t<div id=\"floatingBarsG\">\n\t\t\t\t<div class=\"blockG\" id=\"rotateG_01\"><\/div>\n\t\t\t\t<div class=\"blockG\" id=\"rotateG_02\"><\/div>\n\t\t\t\t<div class=\"blockG\" id=\"rotateG_03\"><\/div>\n\t\t\t\t<div class=\"blockG\" id=\"rotateG_04\"><\/div>\n\t\t\t\t<div class=\"blockG\" id=\"rotateG_05\"><\/div>\n\t\t\t\t<div class=\"blockG\" id=\"rotateG_06\"><\/div>\n\t\t\t\t<div class=\"blockG\" id=\"rotateG_07\"><\/div>\n\t\t\t\t<div class=\"blockG\" id=\"rotateG_08\"><\/div>\n\t\t\t<\/div>\n\t\t\t<div class=\"WooZone-cross-sell-loader-text\"><\/div>\n\t\t<\/div>\n\t<\/div>\n\n\t\t\n<\/div>\n<div style=\"clear:both;\"><\/div><\/p>\n","protected":false},"excerpt":{"rendered":"<p>? Flexibel und Einstellbar: Baby Monitor Halter f\u00fcr 360-Grad-Drehung kann eingestellt werden, um unterschiedliche besten winkel zu bekommen mit flexibler schwanenhals kann an die max 85cm erweitert werden, Flexibel positionierbar, um von fast \u00fcberall im Raum einen besseren Winkel zu. Dieses Baby-Kamera-Regal kann \u00fcberall im Haus, auf M\u00f6beln oder auf der Fensterbank installiert werden. Egal, ob Ihr Baby schl\u00e4ft oder spielt, Sie k\u00f6nnen alles rechtzeitig erledigen, ohne Details zu verpassen.<br \/>\n? Sicher und stabil: Dieser Baby Kamera Halterung besteht aus einer verst\u00e4rkten Magnesiumlegierung, anpassungsf\u00e4hige Klemmarme schlie\u00dfen sich sanft, aber sicher um Ihr baby und bewahren es zuverl\u00e4ssig vor dem Herausrutschen. Babyphone Halterung mit 2 Haken-n-Loop-G\u00fcrteln, um die Klemm-Umlenkkraft zu verleihen, und stellen Sie sicher, dass Babyphone stabil positioniert ist, nie fallen oder auf den Boden rutschen.<br \/>\n? Einfache Installieren: Kein Anhaften an W\u00e4nden, kein Bohren. Einfache Montage durch Verschrauben der beiden Teile. Der Clip auf Halter ist auf jedem Schreibtisch, Kinderbett, Stuhl, Wandschrank zu befestigen Kleben an Armaturenbrett oder jede glatte Oberfl\u00e4che. Und kann Biegen Sie den Halter nach Bedarf und falten Sie ihn in eine kleine Tasche.<\/p>\n","protected":false},"featured_media":47226,"comment_status":"open","ping_status":"closed","template":"","meta":[],"product_brand":[],"product_cat":[21,9378],"product_tag":[],"class_list":{"0":"post-47225","1":"product","2":"type-product","3":"status-publish","4":"has-post-thumbnail","6":"product_cat-baby","7":"product_cat-sicherheit-baby","8":"pa_binding-babyartikel","9":"pa_brand-ikalula","10":"pa_manufacturer-ikalula","11":"pa_size-1-stueck-1er-pack","13":"first","14":"instock","15":"shipping-taxable","16":"purchasable","17":"product-type-simple","18":"customify-col","19":"product-has-gallery"},"yoast_head":"<!-- This site is optimized with the Yoast SEO plugin v27.4 - https:\/\/yoast.com\/product\/yoast-seo-wordpress\/ -->\n<title>iKALULA Baby Camera Mount, Baby Monitor Holder Universal Camera Mount, Adjustable Flexible Camera Stand for Nursery Baby\u2026 - Markt-XXL<\/title>\n<meta name=\"description\" content=\"Markt-XXL iKALULA Baby Camera Mount, Baby Monitor Holder Universal Camera Mount, Adjustable Flexible Camera Stand for Nursery Baby\u2026\" \/>\n<meta name=\"robots\" content=\"index, follow, max-snippet:-1, max-image-preview:large, max-video-preview:-1\" \/>\n<link rel=\"canonical\" href=\"https:\/\/marktxxl.de\/markt\/produkt\/ikalula-baby-kamera-halterung-baby-monitor-halter-universal-kamera-halterung-verstellbar-flexible-kamera-staender-fuer-kinderzimmer-babyphone-halterung-kompatibel-mit-den-meisten-babymonitoren-blau\/\" \/>\n<meta property=\"og:locale\" content=\"de_DE\" \/>\n<meta property=\"og:type\" content=\"article\" \/>\n<meta property=\"og:title\" content=\"iKALULA Baby Camera Mount, Baby Monitor Holder Universal Camera Mount, Adjustable Flexible Camera Stand for Nursery Baby\u2026 - Markt-XXL\" \/>\n<meta property=\"og:description\" content=\"Markt-XXL iKALULA Baby Camera Mount, Baby Monitor Holder Universal Camera Mount, Adjustable Flexible Camera Stand for Nursery Baby\u2026\" \/>\n<meta property=\"og:url\" content=\"https:\/\/marktxxl.de\/markt\/produkt\/ikalula-baby-kamera-halterung-baby-monitor-halter-universal-kamera-halterung-verstellbar-flexible-kamera-staender-fuer-kinderzimmer-babyphone-halterung-kompatibel-mit-den-meisten-babymonitoren-blau\/\" \/>\n<meta property=\"og:site_name\" content=\"Markt-XXL\" \/>\n<meta property=\"article:modified_time\" content=\"2023-04-11T00:07:35+00:00\" \/>\n<meta property=\"og:image\" content=\"https:\/\/m.media-amazon.com\/images\/I\/319sFQ3pgGL._SL500_.jpg\" \/>\n\t<meta property=\"og:image:width\" content=\"500\" \/>\n\t<meta property=\"og:image:height\" content=\"500\" \/>\n\t<meta property=\"og:image:type\" content=\"image\/jpeg\" \/>\n<meta name=\"twitter:card\" content=\"summary_large_image\" \/>\n<meta name=\"twitter:label1\" content=\"Gesch\u00e4tzte Lesezeit\" \/>\n\t<meta name=\"twitter:data1\" content=\"1\u00a0Minute\" \/>\n<script type=\"application\/ld+json\" class=\"yoast-schema-graph\">{\"@context\":\"https:\\\/\\\/schema.org\",\"@graph\":[{\"@type\":\"WebPage\",\"@id\":\"https:\\\/\\\/marktxxl.de\\\/markt\\\/produkt\\\/ikalula-baby-kamera-halterung-baby-monitor-halter-universal-kamera-halterung-verstellbar-flexible-kamera-staender-fuer-kinderzimmer-babyphone-halterung-kompatibel-mit-den-meisten-babymonitoren-blau\\\/\",\"url\":\"https:\\\/\\\/marktxxl.de\\\/markt\\\/produkt\\\/ikalula-baby-kamera-halterung-baby-monitor-halter-universal-kamera-halterung-verstellbar-flexible-kamera-staender-fuer-kinderzimmer-babyphone-halterung-kompatibel-mit-den-meisten-babymonitoren-blau\\\/\",\"name\":\"iKALULA Baby Camera Mount, Baby Monitor Holder Universal Camera Mount, Adjustable Flexible Camera Stand for Nursery Baby\u2026 - Markt-XXL\",\"isPartOf\":{\"@id\":\"https:\\\/\\\/marktxxl.de\\\/markt\\\/#website\"},\"primaryImageOfPage\":{\"@id\":\"https:\\\/\\\/marktxxl.de\\\/markt\\\/produkt\\\/ikalula-baby-kamera-halterung-baby-monitor-halter-universal-kamera-halterung-verstellbar-flexible-kamera-staender-fuer-kinderzimmer-babyphone-halterung-kompatibel-mit-den-meisten-babymonitoren-blau\\\/#primaryimage\"},\"image\":{\"@id\":\"https:\\\/\\\/marktxxl.de\\\/markt\\\/produkt\\\/ikalula-baby-kamera-halterung-baby-monitor-halter-universal-kamera-halterung-verstellbar-flexible-kamera-staender-fuer-kinderzimmer-babyphone-halterung-kompatibel-mit-den-meisten-babymonitoren-blau\\\/#primaryimage\"},\"thumbnailUrl\":\"https:\\\/\\\/m.media-amazon.com\\\/images\\\/I\\\/319sFQ3pgGL._SL500_.jpg\",\"datePublished\":\"2021-10-12T20:03:31+00:00\",\"dateModified\":\"2023-04-11T00:07:35+00:00\",\"description\":\"Markt-XXL iKALULA Baby Camera Mount, Baby Monitor Holder Universal Camera Mount, Adjustable Flexible Camera Stand for Nursery Baby\u2026\",\"breadcrumb\":{\"@id\":\"https:\\\/\\\/marktxxl.de\\\/markt\\\/produkt\\\/ikalula-baby-kamera-halterung-baby-monitor-halter-universal-kamera-halterung-verstellbar-flexible-kamera-staender-fuer-kinderzimmer-babyphone-halterung-kompatibel-mit-den-meisten-babymonitoren-blau\\\/#breadcrumb\"},\"inLanguage\":\"de\",\"potentialAction\":[{\"@type\":\"ReadAction\",\"target\":[\"https:\\\/\\\/marktxxl.de\\\/markt\\\/produkt\\\/ikalula-baby-kamera-halterung-baby-monitor-halter-universal-kamera-halterung-verstellbar-flexible-kamera-staender-fuer-kinderzimmer-babyphone-halterung-kompatibel-mit-den-meisten-babymonitoren-blau\\\/\"]}]},{\"@type\":\"ImageObject\",\"inLanguage\":\"de\",\"@id\":\"https:\\\/\\\/marktxxl.de\\\/markt\\\/produkt\\\/ikalula-baby-kamera-halterung-baby-monitor-halter-universal-kamera-halterung-verstellbar-flexible-kamera-staender-fuer-kinderzimmer-babyphone-halterung-kompatibel-mit-den-meisten-babymonitoren-blau\\\/#primaryimage\",\"url\":\"https:\\\/\\\/m.media-amazon.com\\\/images\\\/I\\\/319sFQ3pgGL._SL500_.jpg\",\"contentUrl\":\"https:\\\/\\\/m.media-amazon.com\\\/images\\\/I\\\/319sFQ3pgGL._SL500_.jpg\",\"width\":500,\"height\":500},{\"@type\":\"BreadcrumbList\",\"@id\":\"https:\\\/\\\/marktxxl.de\\\/markt\\\/produkt\\\/ikalula-baby-kamera-halterung-baby-monitor-halter-universal-kamera-halterung-verstellbar-flexible-kamera-staender-fuer-kinderzimmer-babyphone-halterung-kompatibel-mit-den-meisten-babymonitoren-blau\\\/#breadcrumb\",\"itemListElement\":[{\"@type\":\"ListItem\",\"position\":1,\"name\":\"Startseite\",\"item\":\"https:\\\/\\\/marktxxl.de\\\/markt\\\/\"},{\"@type\":\"ListItem\",\"position\":2,\"name\":\"Markt\",\"item\":\"https:\\\/\\\/marktxxl.de\\\/markt\\\/\"},{\"@type\":\"ListItem\",\"position\":3,\"name\":\"iKALULA Baby Camera Mount, Baby Monitor Holder Universal Camera Mount, Adjustable Flexible Camera Stand for Nursery Baby\u2026\"}]},{\"@type\":\"WebSite\",\"@id\":\"https:\\\/\\\/marktxxl.de\\\/markt\\\/#website\",\"url\":\"https:\\\/\\\/marktxxl.de\\\/markt\\\/\",\"name\":\"Markt-XXL\",\"description\":\"Ihr Markt Online\",\"publisher\":{\"@id\":\"https:\\\/\\\/marktxxl.de\\\/markt\\\/#organization\"},\"potentialAction\":[{\"@type\":\"SearchAction\",\"target\":{\"@type\":\"EntryPoint\",\"urlTemplate\":\"https:\\\/\\\/marktxxl.de\\\/markt\\\/?s={search_term_string}\"},\"query-input\":{\"@type\":\"PropertyValueSpecification\",\"valueRequired\":true,\"valueName\":\"search_term_string\"}}],\"inLanguage\":\"de\"},{\"@type\":\"Organization\",\"@id\":\"https:\\\/\\\/marktxxl.de\\\/markt\\\/#organization\",\"name\":\"Markt-XXL\",\"url\":\"https:\\\/\\\/marktxxl.de\\\/markt\\\/\",\"logo\":{\"@type\":\"ImageObject\",\"inLanguage\":\"de\",\"@id\":\"https:\\\/\\\/marktxxl.de\\\/markt\\\/#\\\/schema\\\/logo\\\/image\\\/\",\"url\":\"https:\\\/\\\/marktxxl.de\\\/markt\\\/wp-content\\\/uploads\\\/sites\\\/3\\\/2020\\\/12\\\/logo.png\",\"contentUrl\":\"https:\\\/\\\/marktxxl.de\\\/markt\\\/wp-content\\\/uploads\\\/sites\\\/3\\\/2020\\\/12\\\/logo.png\",\"width\":200,\"height\":70,\"caption\":\"Markt-XXL\"},\"image\":{\"@id\":\"https:\\\/\\\/marktxxl.de\\\/markt\\\/#\\\/schema\\\/logo\\\/image\\\/\"}}]}<\/script>\n<!-- \/ Yoast SEO plugin. -->","yoast_head_json":{"title":"iKALULA Baby Camera Mount, Baby Monitor Holder Universal Camera Mount, Adjustable Flexible Camera Stand for Nursery Baby\u2026 - Markt-XXL","description":"Markt-XXL iKALULA Baby Camera Mount, Baby Monitor Holder Universal Camera Mount, Adjustable Flexible Camera Stand for Nursery Baby\u2026","robots":{"index":"index","follow":"follow","max-snippet":"max-snippet:-1","max-image-preview":"max-image-preview:large","max-video-preview":"max-video-preview:-1"},"canonical":"https:\/\/marktxxl.de\/markt\/produkt\/ikalula-baby-kamera-halterung-baby-monitor-halter-universal-kamera-halterung-verstellbar-flexible-kamera-staender-fuer-kinderzimmer-babyphone-halterung-kompatibel-mit-den-meisten-babymonitoren-blau\/","og_locale":"de_DE","og_type":"article","og_title":"iKALULA Baby Camera Mount, Baby Monitor Holder Universal Camera Mount, Adjustable Flexible Camera Stand for Nursery Baby\u2026 - Markt-XXL","og_description":"Markt-XXL iKALULA Baby Camera Mount, Baby Monitor Holder Universal Camera Mount, Adjustable Flexible Camera Stand for Nursery Baby\u2026","og_url":"https:\/\/marktxxl.de\/markt\/produkt\/ikalula-baby-kamera-halterung-baby-monitor-halter-universal-kamera-halterung-verstellbar-flexible-kamera-staender-fuer-kinderzimmer-babyphone-halterung-kompatibel-mit-den-meisten-babymonitoren-blau\/","og_site_name":"Markt-XXL","article_modified_time":"2023-04-11T00:07:35+00:00","og_image":[{"width":500,"height":500,"url":"https:\/\/m.media-amazon.com\/images\/I\/319sFQ3pgGL._SL500_.jpg","type":"image\/jpeg"}],"twitter_card":"summary_large_image","twitter_misc":{"Gesch\u00e4tzte Lesezeit":"1\u00a0Minute"},"schema":{"@context":"https:\/\/schema.org","@graph":[{"@type":"WebPage","@id":"https:\/\/marktxxl.de\/markt\/produkt\/ikalula-baby-kamera-halterung-baby-monitor-halter-universal-kamera-halterung-verstellbar-flexible-kamera-staender-fuer-kinderzimmer-babyphone-halterung-kompatibel-mit-den-meisten-babymonitoren-blau\/","url":"https:\/\/marktxxl.de\/markt\/produkt\/ikalula-baby-kamera-halterung-baby-monitor-halter-universal-kamera-halterung-verstellbar-flexible-kamera-staender-fuer-kinderzimmer-babyphone-halterung-kompatibel-mit-den-meisten-babymonitoren-blau\/","name":"iKALULA Baby Camera Mount, Baby Monitor Holder Universal Camera Mount, Adjustable Flexible Camera Stand for Nursery Baby\u2026 - Markt-XXL","isPartOf":{"@id":"https:\/\/marktxxl.de\/markt\/#website"},"primaryImageOfPage":{"@id":"https:\/\/marktxxl.de\/markt\/produkt\/ikalula-baby-kamera-halterung-baby-monitor-halter-universal-kamera-halterung-verstellbar-flexible-kamera-staender-fuer-kinderzimmer-babyphone-halterung-kompatibel-mit-den-meisten-babymonitoren-blau\/#primaryimage"},"image":{"@id":"https:\/\/marktxxl.de\/markt\/produkt\/ikalula-baby-kamera-halterung-baby-monitor-halter-universal-kamera-halterung-verstellbar-flexible-kamera-staender-fuer-kinderzimmer-babyphone-halterung-kompatibel-mit-den-meisten-babymonitoren-blau\/#primaryimage"},"thumbnailUrl":"https:\/\/m.media-amazon.com\/images\/I\/319sFQ3pgGL._SL500_.jpg","datePublished":"2021-10-12T20:03:31+00:00","dateModified":"2023-04-11T00:07:35+00:00","description":"Markt-XXL iKALULA Baby Camera Mount, Baby Monitor Holder Universal Camera Mount, Adjustable Flexible Camera Stand for Nursery Baby\u2026","breadcrumb":{"@id":"https:\/\/marktxxl.de\/markt\/produkt\/ikalula-baby-kamera-halterung-baby-monitor-halter-universal-kamera-halterung-verstellbar-flexible-kamera-staender-fuer-kinderzimmer-babyphone-halterung-kompatibel-mit-den-meisten-babymonitoren-blau\/#breadcrumb"},"inLanguage":"de","potentialAction":[{"@type":"ReadAction","target":["https:\/\/marktxxl.de\/markt\/produkt\/ikalula-baby-kamera-halterung-baby-monitor-halter-universal-kamera-halterung-verstellbar-flexible-kamera-staender-fuer-kinderzimmer-babyphone-halterung-kompatibel-mit-den-meisten-babymonitoren-blau\/"]}]},{"@type":"ImageObject","inLanguage":"de","@id":"https:\/\/marktxxl.de\/markt\/produkt\/ikalula-baby-kamera-halterung-baby-monitor-halter-universal-kamera-halterung-verstellbar-flexible-kamera-staender-fuer-kinderzimmer-babyphone-halterung-kompatibel-mit-den-meisten-babymonitoren-blau\/#primaryimage","url":"https:\/\/m.media-amazon.com\/images\/I\/319sFQ3pgGL._SL500_.jpg","contentUrl":"https:\/\/m.media-amazon.com\/images\/I\/319sFQ3pgGL._SL500_.jpg","width":500,"height":500},{"@type":"BreadcrumbList","@id":"https:\/\/marktxxl.de\/markt\/produkt\/ikalula-baby-kamera-halterung-baby-monitor-halter-universal-kamera-halterung-verstellbar-flexible-kamera-staender-fuer-kinderzimmer-babyphone-halterung-kompatibel-mit-den-meisten-babymonitoren-blau\/#breadcrumb","itemListElement":[{"@type":"ListItem","position":1,"name":"Startseite","item":"https:\/\/marktxxl.de\/markt\/"},{"@type":"ListItem","position":2,"name":"Markt","item":"https:\/\/marktxxl.de\/markt\/"},{"@type":"ListItem","position":3,"name":"iKALULA Baby Camera Mount, Baby Monitor Holder Universal Camera Mount, Adjustable Flexible Camera Stand for Nursery Baby\u2026"}]},{"@type":"WebSite","@id":"https:\/\/marktxxl.de\/markt\/#website","url":"https:\/\/marktxxl.de\/markt\/","name":"Markt-XXL","description":"Ihr Markt Online","publisher":{"@id":"https:\/\/marktxxl.de\/markt\/#organization"},"potentialAction":[{"@type":"SearchAction","target":{"@type":"EntryPoint","urlTemplate":"https:\/\/marktxxl.de\/markt\/?s={search_term_string}"},"query-input":{"@type":"PropertyValueSpecification","valueRequired":true,"valueName":"search_term_string"}}],"inLanguage":"de"},{"@type":"Organization","@id":"https:\/\/marktxxl.de\/markt\/#organization","name":"Markt-XXL","url":"https:\/\/marktxxl.de\/markt\/","logo":{"@type":"ImageObject","inLanguage":"de","@id":"https:\/\/marktxxl.de\/markt\/#\/schema\/logo\/image\/","url":"https:\/\/marktxxl.de\/markt\/wp-content\/uploads\/sites\/3\/2020\/12\/logo.png","contentUrl":"https:\/\/marktxxl.de\/markt\/wp-content\/uploads\/sites\/3\/2020\/12\/logo.png","width":200,"height":70,"caption":"Markt-XXL"},"image":{"@id":"https:\/\/marktxxl.de\/markt\/#\/schema\/logo\/image\/"}}]}},"_links":{"self":[{"href":"https:\/\/marktxxl.de\/markt\/wp-json\/wp\/v2\/product\/47225","targetHints":{"allow":["GET"]}}],"collection":[{"href":"https:\/\/marktxxl.de\/markt\/wp-json\/wp\/v2\/product"}],"about":[{"href":"https:\/\/marktxxl.de\/markt\/wp-json\/wp\/v2\/types\/product"}],"replies":[{"embeddable":true,"href":"https:\/\/marktxxl.de\/markt\/wp-json\/wp\/v2\/comments?post=47225"}],"wp:featuredmedia":[{"embeddable":true,"href":"https:\/\/marktxxl.de\/markt\/wp-json\/wp\/v2\/media\/47226"}],"wp:attachment":[{"href":"https:\/\/marktxxl.de\/markt\/wp-json\/wp\/v2\/media?parent=47225"}],"wp:term":[{"taxonomy":"product_brand","embeddable":true,"href":"https:\/\/marktxxl.de\/markt\/wp-json\/wp\/v2\/product_brand?post=47225"},{"taxonomy":"product_cat","embeddable":true,"href":"https:\/\/marktxxl.de\/markt\/wp-json\/wp\/v2\/product_cat?post=47225"},{"taxonomy":"product_tag","embeddable":true,"href":"https:\/\/marktxxl.de\/markt\/wp-json\/wp\/v2\/product_tag?post=47225"}],"curies":[{"name":"wp","href":"https:\/\/api.w.org\/{rel}","templated":true}]}}