{"id":47136,"date":"2021-10-12T21:33:17","date_gmt":"2021-10-12T19:33:17","guid":{"rendered":"https:\/\/marktxxl.de\/markt\/produkt\/3-sprouts-aufbewahrungsbox-organizer-fuer-kinder-und-kleinkinder-katze\/"},"modified":"2023-04-11T02:07:34","modified_gmt":"2023-04-11T00:07:34","slug":"3-sprouts-aufbewahrungsbox-organizer-fuer-kinder-und-kleinkinder-katze","status":"publish","type":"product","link":"https:\/\/marktxxl.de\/markt\/produkt\/3-sprouts-aufbewahrungsbox-organizer-fuer-kinder-und-kleinkinder-katze\/","title":{"rendered":"3 Sprouts Aufbewahrungsbox &#8211; Organizer f\u00fcr Kinder und Kleinkinder &#8211; Katze"},"content":{"rendered":"<p>3 Sprouts: Halten Sie Gegenst\u00e4nde mit der 3 Sprouts Aufbewahrungsbox ordentlich. Seiten mit Pappe verst\u00e4rkt, die Aufbewahrungsbox ist faltbar und eignet sich perfekt f\u00fcr jedes Kinderzimmer, Spielzimmer, oder den Kleiderschrank.<br \/>\nDesign und Aufbewahrung: Die Box besteht aus einer Stoffleinwand mit lustigen Tierfiguren aus Filz auf der Vorderseite und passt in die meisten Regale und W\u00fcrfel. Sie eignet sich hervorragend f\u00fcr Babypartygeschenke, Spielzeug, B\u00fccher, Kleidung, Spiele, Zubeh\u00f6r und Kunsthandwerk.<br \/>\nFaltbare Organizer: Einfach zu montieren und aufzubewahren bei Nichtgebrauch. Die Seiten lassen sich flach zusammenklappen und bei Bedarf wieder aufklappen. Stabil, kann auf Regalen, B\u00fccherregalen und Schreibtischen stehen.<br \/>\nLaschen zum Herausziehen: Die praktische Lasche auf der Vorderseite macht es sowohl f\u00fcr Kinder als auch Erwachsene einfach, es aus Regalen zu ziehen und zur\u00fcck in die Ablagef\u00e4cher zu schieben.<br \/>\nMaterial und Ma\u00dfe: Aus 100 % Polyester mit den Ma\u00dfen 33 x 33 x 33 cm. Einfach mit Wasser reinigen. Jede Einheit ist separat erh\u00e4ltlich und enth\u00e4lt eine Box.<br \/>\n<div class=\"main-cross-sell\" data-asin=\"B07P9WD1B1\">\n\n\t<div class=\"WooZone-cross-sell-loader\">\n\t\t<div>\n\t\t\t<div id=\"floatingBarsG\">\n\t\t\t\t<div class=\"blockG\" id=\"rotateG_01\"><\/div>\n\t\t\t\t<div class=\"blockG\" id=\"rotateG_02\"><\/div>\n\t\t\t\t<div class=\"blockG\" id=\"rotateG_03\"><\/div>\n\t\t\t\t<div class=\"blockG\" id=\"rotateG_04\"><\/div>\n\t\t\t\t<div class=\"blockG\" id=\"rotateG_05\"><\/div>\n\t\t\t\t<div class=\"blockG\" id=\"rotateG_06\"><\/div>\n\t\t\t\t<div class=\"blockG\" id=\"rotateG_07\"><\/div>\n\t\t\t\t<div class=\"blockG\" id=\"rotateG_08\"><\/div>\n\t\t\t<\/div>\n\t\t\t<div class=\"WooZone-cross-sell-loader-text\"><\/div>\n\t\t<\/div>\n\t<\/div>\n\n\t\t\n<\/div>\n<div style=\"clear:both;\"><\/div><\/p>\n","protected":false},"excerpt":{"rendered":"<p>3 Sprouts: Halten Sie Gegenst\u00e4nde mit der 3 Sprouts Aufbewahrungsbox ordentlich. Seiten mit Pappe verst\u00e4rkt, die Aufbewahrungsbox ist faltbar und eignet sich perfekt f\u00fcr jedes Kinderzimmer, Spielzimmer, oder den Kleiderschrank.<br \/>\nDesign und Aufbewahrung: Die Box besteht aus einer Stoffleinwand mit lustigen Tierfiguren aus Filz auf der Vorderseite und passt in die meisten Regale und W\u00fcrfel. Sie eignet sich hervorragend f\u00fcr Babypartygeschenke, Spielzeug, B\u00fccher, Kleidung, Spiele, Zubeh\u00f6r und Kunsthandwerk.<br \/>\nFaltbare Organizer: Einfach zu montieren und aufzubewahren bei Nichtgebrauch. Die Seiten lassen sich flach zusammenklappen und bei Bedarf wieder aufklappen. Stabil, kann auf Regalen, B\u00fccherregalen und Schreibtischen stehen.<\/p>\n","protected":false},"featured_media":47137,"comment_status":"open","ping_status":"closed","template":"","meta":[],"product_brand":[],"product_cat":[21,8825],"product_tag":[],"class_list":{"0":"post-47136","1":"product","2":"type-product","3":"status-publish","4":"has-post-thumbnail","6":"product_cat-baby","7":"product_cat-baby-kleinkinderzimmer-baby","8":"pa_binding-babyartikel","9":"pa_brand-3sprouts","10":"pa_color-blau","11":"pa_height-13-zoll","12":"pa_length-13-zoll","13":"pa_manufacturer-3-sprouts","14":"pa_model-ubxcat","15":"pa_size-1-stueck-1er-pack","16":"pa_weight-1-76-pfund","17":"pa_width-13-zoll","19":"first","20":"instock","21":"shipping-taxable","22":"purchasable","23":"product-type-simple","24":"customify-col","25":"product-has-gallery"},"yoast_head":"<!-- This site is optimized with the Yoast SEO plugin v27.3 - https:\/\/yoast.com\/product\/yoast-seo-wordpress\/ -->\n<title>3 Sprouts Aufbewahrungsbox - Organizer f\u00fcr Kinder und Kleinkinder - Katze - Markt-XXL<\/title>\n<meta name=\"description\" content=\"Markt-XXL 3 Sprouts Aufbewahrungsbox - Organizer f\u00fcr Kinder und Kleinkinder - Katze\" \/>\n<meta name=\"robots\" content=\"index, follow, max-snippet:-1, max-image-preview:large, max-video-preview:-1\" \/>\n<link rel=\"canonical\" href=\"https:\/\/marktxxl.de\/markt\/produkt\/3-sprouts-aufbewahrungsbox-organizer-fuer-kinder-und-kleinkinder-katze\/\" \/>\n<meta property=\"og:locale\" content=\"de_DE\" \/>\n<meta property=\"og:type\" content=\"article\" \/>\n<meta property=\"og:title\" content=\"3 Sprouts Aufbewahrungsbox - Organizer f\u00fcr Kinder und Kleinkinder - Katze - Markt-XXL\" \/>\n<meta property=\"og:description\" content=\"Markt-XXL 3 Sprouts Aufbewahrungsbox - Organizer f\u00fcr Kinder und Kleinkinder - Katze\" \/>\n<meta property=\"og:url\" content=\"https:\/\/marktxxl.de\/markt\/produkt\/3-sprouts-aufbewahrungsbox-organizer-fuer-kinder-und-kleinkinder-katze\/\" \/>\n<meta property=\"og:site_name\" content=\"Markt-XXL\" \/>\n<meta property=\"article:modified_time\" content=\"2023-04-11T00:07:34+00:00\" \/>\n<meta property=\"og:image\" content=\"https:\/\/m.media-amazon.com\/images\/I\/31HV-eat-qL._SL500_.jpg\" \/>\n\t<meta property=\"og:image:width\" content=\"500\" \/>\n\t<meta property=\"og:image:height\" content=\"333\" \/>\n\t<meta property=\"og:image:type\" content=\"image\/jpeg\" \/>\n<meta name=\"twitter:card\" content=\"summary_large_image\" \/>\n<meta name=\"twitter:label1\" content=\"Gesch\u00e4tzte Lesezeit\" \/>\n\t<meta name=\"twitter:data1\" content=\"1\u00a0Minute\" \/>\n<script type=\"application\/ld+json\" class=\"yoast-schema-graph\">{\"@context\":\"https:\\\/\\\/schema.org\",\"@graph\":[{\"@type\":\"WebPage\",\"@id\":\"https:\\\/\\\/marktxxl.de\\\/markt\\\/produkt\\\/3-sprouts-aufbewahrungsbox-organizer-fuer-kinder-und-kleinkinder-katze\\\/\",\"url\":\"https:\\\/\\\/marktxxl.de\\\/markt\\\/produkt\\\/3-sprouts-aufbewahrungsbox-organizer-fuer-kinder-und-kleinkinder-katze\\\/\",\"name\":\"3 Sprouts Aufbewahrungsbox - Organizer f\u00fcr Kinder und Kleinkinder - Katze - Markt-XXL\",\"isPartOf\":{\"@id\":\"https:\\\/\\\/marktxxl.de\\\/markt\\\/#website\"},\"primaryImageOfPage\":{\"@id\":\"https:\\\/\\\/marktxxl.de\\\/markt\\\/produkt\\\/3-sprouts-aufbewahrungsbox-organizer-fuer-kinder-und-kleinkinder-katze\\\/#primaryimage\"},\"image\":{\"@id\":\"https:\\\/\\\/marktxxl.de\\\/markt\\\/produkt\\\/3-sprouts-aufbewahrungsbox-organizer-fuer-kinder-und-kleinkinder-katze\\\/#primaryimage\"},\"thumbnailUrl\":\"https:\\\/\\\/m.media-amazon.com\\\/images\\\/I\\\/31HV-eat-qL._SL500_.jpg\",\"datePublished\":\"2021-10-12T19:33:17+00:00\",\"dateModified\":\"2023-04-11T00:07:34+00:00\",\"description\":\"Markt-XXL 3 Sprouts Aufbewahrungsbox - Organizer f\u00fcr Kinder und Kleinkinder - Katze\",\"breadcrumb\":{\"@id\":\"https:\\\/\\\/marktxxl.de\\\/markt\\\/produkt\\\/3-sprouts-aufbewahrungsbox-organizer-fuer-kinder-und-kleinkinder-katze\\\/#breadcrumb\"},\"inLanguage\":\"de\",\"potentialAction\":[{\"@type\":\"ReadAction\",\"target\":[\"https:\\\/\\\/marktxxl.de\\\/markt\\\/produkt\\\/3-sprouts-aufbewahrungsbox-organizer-fuer-kinder-und-kleinkinder-katze\\\/\"]}]},{\"@type\":\"ImageObject\",\"inLanguage\":\"de\",\"@id\":\"https:\\\/\\\/marktxxl.de\\\/markt\\\/produkt\\\/3-sprouts-aufbewahrungsbox-organizer-fuer-kinder-und-kleinkinder-katze\\\/#primaryimage\",\"url\":\"https:\\\/\\\/m.media-amazon.com\\\/images\\\/I\\\/31HV-eat-qL._SL500_.jpg\",\"contentUrl\":\"https:\\\/\\\/m.media-amazon.com\\\/images\\\/I\\\/31HV-eat-qL._SL500_.jpg\",\"width\":500,\"height\":333},{\"@type\":\"BreadcrumbList\",\"@id\":\"https:\\\/\\\/marktxxl.de\\\/markt\\\/produkt\\\/3-sprouts-aufbewahrungsbox-organizer-fuer-kinder-und-kleinkinder-katze\\\/#breadcrumb\",\"itemListElement\":[{\"@type\":\"ListItem\",\"position\":1,\"name\":\"Startseite\",\"item\":\"https:\\\/\\\/marktxxl.de\\\/markt\\\/\"},{\"@type\":\"ListItem\",\"position\":2,\"name\":\"Markt\",\"item\":\"https:\\\/\\\/marktxxl.de\\\/markt\\\/\"},{\"@type\":\"ListItem\",\"position\":3,\"name\":\"3 Sprouts Aufbewahrungsbox &#8211; Organizer f\u00fcr Kinder und Kleinkinder &#8211; Katze\"}]},{\"@type\":\"WebSite\",\"@id\":\"https:\\\/\\\/marktxxl.de\\\/markt\\\/#website\",\"url\":\"https:\\\/\\\/marktxxl.de\\\/markt\\\/\",\"name\":\"Markt-XXL\",\"description\":\"Ihr Markt Online\",\"publisher\":{\"@id\":\"https:\\\/\\\/marktxxl.de\\\/markt\\\/#organization\"},\"potentialAction\":[{\"@type\":\"SearchAction\",\"target\":{\"@type\":\"EntryPoint\",\"urlTemplate\":\"https:\\\/\\\/marktxxl.de\\\/markt\\\/?s={search_term_string}\"},\"query-input\":{\"@type\":\"PropertyValueSpecification\",\"valueRequired\":true,\"valueName\":\"search_term_string\"}}],\"inLanguage\":\"de\"},{\"@type\":\"Organization\",\"@id\":\"https:\\\/\\\/marktxxl.de\\\/markt\\\/#organization\",\"name\":\"Markt-XXL\",\"url\":\"https:\\\/\\\/marktxxl.de\\\/markt\\\/\",\"logo\":{\"@type\":\"ImageObject\",\"inLanguage\":\"de\",\"@id\":\"https:\\\/\\\/marktxxl.de\\\/markt\\\/#\\\/schema\\\/logo\\\/image\\\/\",\"url\":\"https:\\\/\\\/marktxxl.de\\\/markt\\\/wp-content\\\/uploads\\\/sites\\\/3\\\/2020\\\/12\\\/logo.png\",\"contentUrl\":\"https:\\\/\\\/marktxxl.de\\\/markt\\\/wp-content\\\/uploads\\\/sites\\\/3\\\/2020\\\/12\\\/logo.png\",\"width\":200,\"height\":70,\"caption\":\"Markt-XXL\"},\"image\":{\"@id\":\"https:\\\/\\\/marktxxl.de\\\/markt\\\/#\\\/schema\\\/logo\\\/image\\\/\"}}]}<\/script>\n<!-- \/ Yoast SEO plugin. -->","yoast_head_json":{"title":"3 Sprouts Aufbewahrungsbox - Organizer f\u00fcr Kinder und Kleinkinder - Katze - Markt-XXL","description":"Markt-XXL 3 Sprouts Aufbewahrungsbox - Organizer f\u00fcr Kinder und Kleinkinder - Katze","robots":{"index":"index","follow":"follow","max-snippet":"max-snippet:-1","max-image-preview":"max-image-preview:large","max-video-preview":"max-video-preview:-1"},"canonical":"https:\/\/marktxxl.de\/markt\/produkt\/3-sprouts-aufbewahrungsbox-organizer-fuer-kinder-und-kleinkinder-katze\/","og_locale":"de_DE","og_type":"article","og_title":"3 Sprouts Aufbewahrungsbox - Organizer f\u00fcr Kinder und Kleinkinder - Katze - Markt-XXL","og_description":"Markt-XXL 3 Sprouts Aufbewahrungsbox - Organizer f\u00fcr Kinder und Kleinkinder - Katze","og_url":"https:\/\/marktxxl.de\/markt\/produkt\/3-sprouts-aufbewahrungsbox-organizer-fuer-kinder-und-kleinkinder-katze\/","og_site_name":"Markt-XXL","article_modified_time":"2023-04-11T00:07:34+00:00","og_image":[{"width":500,"height":333,"url":"https:\/\/m.media-amazon.com\/images\/I\/31HV-eat-qL._SL500_.jpg","type":"image\/jpeg"}],"twitter_card":"summary_large_image","twitter_misc":{"Gesch\u00e4tzte Lesezeit":"1\u00a0Minute"},"schema":{"@context":"https:\/\/schema.org","@graph":[{"@type":"WebPage","@id":"https:\/\/marktxxl.de\/markt\/produkt\/3-sprouts-aufbewahrungsbox-organizer-fuer-kinder-und-kleinkinder-katze\/","url":"https:\/\/marktxxl.de\/markt\/produkt\/3-sprouts-aufbewahrungsbox-organizer-fuer-kinder-und-kleinkinder-katze\/","name":"3 Sprouts Aufbewahrungsbox - Organizer f\u00fcr Kinder und Kleinkinder - Katze - Markt-XXL","isPartOf":{"@id":"https:\/\/marktxxl.de\/markt\/#website"},"primaryImageOfPage":{"@id":"https:\/\/marktxxl.de\/markt\/produkt\/3-sprouts-aufbewahrungsbox-organizer-fuer-kinder-und-kleinkinder-katze\/#primaryimage"},"image":{"@id":"https:\/\/marktxxl.de\/markt\/produkt\/3-sprouts-aufbewahrungsbox-organizer-fuer-kinder-und-kleinkinder-katze\/#primaryimage"},"thumbnailUrl":"https:\/\/m.media-amazon.com\/images\/I\/31HV-eat-qL._SL500_.jpg","datePublished":"2021-10-12T19:33:17+00:00","dateModified":"2023-04-11T00:07:34+00:00","description":"Markt-XXL 3 Sprouts Aufbewahrungsbox - Organizer f\u00fcr Kinder und Kleinkinder - Katze","breadcrumb":{"@id":"https:\/\/marktxxl.de\/markt\/produkt\/3-sprouts-aufbewahrungsbox-organizer-fuer-kinder-und-kleinkinder-katze\/#breadcrumb"},"inLanguage":"de","potentialAction":[{"@type":"ReadAction","target":["https:\/\/marktxxl.de\/markt\/produkt\/3-sprouts-aufbewahrungsbox-organizer-fuer-kinder-und-kleinkinder-katze\/"]}]},{"@type":"ImageObject","inLanguage":"de","@id":"https:\/\/marktxxl.de\/markt\/produkt\/3-sprouts-aufbewahrungsbox-organizer-fuer-kinder-und-kleinkinder-katze\/#primaryimage","url":"https:\/\/m.media-amazon.com\/images\/I\/31HV-eat-qL._SL500_.jpg","contentUrl":"https:\/\/m.media-amazon.com\/images\/I\/31HV-eat-qL._SL500_.jpg","width":500,"height":333},{"@type":"BreadcrumbList","@id":"https:\/\/marktxxl.de\/markt\/produkt\/3-sprouts-aufbewahrungsbox-organizer-fuer-kinder-und-kleinkinder-katze\/#breadcrumb","itemListElement":[{"@type":"ListItem","position":1,"name":"Startseite","item":"https:\/\/marktxxl.de\/markt\/"},{"@type":"ListItem","position":2,"name":"Markt","item":"https:\/\/marktxxl.de\/markt\/"},{"@type":"ListItem","position":3,"name":"3 Sprouts Aufbewahrungsbox &#8211; Organizer f\u00fcr Kinder und Kleinkinder &#8211; Katze"}]},{"@type":"WebSite","@id":"https:\/\/marktxxl.de\/markt\/#website","url":"https:\/\/marktxxl.de\/markt\/","name":"Markt-XXL","description":"Ihr Markt Online","publisher":{"@id":"https:\/\/marktxxl.de\/markt\/#organization"},"potentialAction":[{"@type":"SearchAction","target":{"@type":"EntryPoint","urlTemplate":"https:\/\/marktxxl.de\/markt\/?s={search_term_string}"},"query-input":{"@type":"PropertyValueSpecification","valueRequired":true,"valueName":"search_term_string"}}],"inLanguage":"de"},{"@type":"Organization","@id":"https:\/\/marktxxl.de\/markt\/#organization","name":"Markt-XXL","url":"https:\/\/marktxxl.de\/markt\/","logo":{"@type":"ImageObject","inLanguage":"de","@id":"https:\/\/marktxxl.de\/markt\/#\/schema\/logo\/image\/","url":"https:\/\/marktxxl.de\/markt\/wp-content\/uploads\/sites\/3\/2020\/12\/logo.png","contentUrl":"https:\/\/marktxxl.de\/markt\/wp-content\/uploads\/sites\/3\/2020\/12\/logo.png","width":200,"height":70,"caption":"Markt-XXL"},"image":{"@id":"https:\/\/marktxxl.de\/markt\/#\/schema\/logo\/image\/"}}]}},"_links":{"self":[{"href":"https:\/\/marktxxl.de\/markt\/wp-json\/wp\/v2\/product\/47136","targetHints":{"allow":["GET"]}}],"collection":[{"href":"https:\/\/marktxxl.de\/markt\/wp-json\/wp\/v2\/product"}],"about":[{"href":"https:\/\/marktxxl.de\/markt\/wp-json\/wp\/v2\/types\/product"}],"replies":[{"embeddable":true,"href":"https:\/\/marktxxl.de\/markt\/wp-json\/wp\/v2\/comments?post=47136"}],"wp:featuredmedia":[{"embeddable":true,"href":"https:\/\/marktxxl.de\/markt\/wp-json\/wp\/v2\/media\/47137"}],"wp:attachment":[{"href":"https:\/\/marktxxl.de\/markt\/wp-json\/wp\/v2\/media?parent=47136"}],"wp:term":[{"taxonomy":"product_brand","embeddable":true,"href":"https:\/\/marktxxl.de\/markt\/wp-json\/wp\/v2\/product_brand?post=47136"},{"taxonomy":"product_cat","embeddable":true,"href":"https:\/\/marktxxl.de\/markt\/wp-json\/wp\/v2\/product_cat?post=47136"},{"taxonomy":"product_tag","embeddable":true,"href":"https:\/\/marktxxl.de\/markt\/wp-json\/wp\/v2\/product_tag?post=47136"}],"curies":[{"name":"wp","href":"https:\/\/api.w.org\/{rel}","templated":true}]}}