{"id":47126,"date":"2021-10-12T21:30:48","date_gmt":"2021-10-12T19:30:48","guid":{"rendered":"https:\/\/marktxxl.de\/markt\/produkt\/baby-girl-wrap-blanket-119-4-x-119-4-cm-silky-soft-organic-newborn-receiving-blanket-for-girls-in-a-handcrafted-flower-design-newborn-baby-girl-gifts-essential-muslin-swaddle-blankets\/"},"modified":"2023-04-11T02:07:34","modified_gmt":"2023-04-11T00:07:34","slug":"baby-girl-wrap-blanket-119-4-x-119-4-cm-silky-soft-organic-newborn-receiving-blanket-for-girls-in-a-handcrafted-flower-design-newborn-baby-girl-gifts-essential-muslin-swaddle-blankets","status":"publish","type":"product","link":"https:\/\/marktxxl.de\/markt\/produkt\/baby-girl-wrap-blanket-119-4-x-119-4-cm-silky-soft-organic-newborn-receiving-blanket-for-girls-in-a-handcrafted-flower-design-newborn-baby-girl-gifts-essential-muslin-swaddle-blankets\/","title":{"rendered":"Baby Girl Wrap Blanket, 119.4 x 119.4 cm, Silky Soft, Organic Newborn Receiving Blanket for Girls in a Handcrafted\u2026"},"content":{"rendered":"<p>Perfekter Komfort f\u00fcr Ihr Baby: Wenn Sie ein neues Baby in Ihrem Leben willkommen, ist nichts wichtiger, als sicherzustellen, dass es sich sicher und bequem f\u00fchlt. Mit dieser handgefertigten, seidig-weichen Wickeldecke aus Bio-Baumwolle und Bambus-Musselin von Frankie Lane haben Sie ein einzigartiges Design und Ihr neugeborenes Baby wird perfekt gepuckt, um das Gef\u00fchl im Mutterleib nachzuahmen und Frieden und Gl\u00fcck zu bieten. Frankie Lane-Wickelt\u00fccher sind die hochwertigsten Bambus- und organischen Materialien.<br \/>\nUn\u00fcbertroffene Weichheit und St\u00e4rke: Unsere Baby-M\u00e4dchen-Decken sind aus der weichsten zertifizierten Bio-Baumwolle und Bambus (GOTS) Stoff hergestellt und sind hypoallergen. Diese sch\u00f6ne Wickeldecke mit Blumenmuster ist langlebig, mit doppellagigem, gewebtem Stoff und bietet zus\u00e4tzlichen Sonnenschutz bei Verwendung als Kinderwagen-Abdeckung und zus\u00e4tzlichen Komfort als Stubenwagen-Laken. Ihr Kind wird sich f\u00fchlen, als w\u00e4ren sie immer sicher und sicher, w\u00e4hrend sie in unserem atmungsaktiven Bio-Gewebe auf der perfekten Temperatur bleiben.<br \/>\nIdeales Geschenk f\u00fcr Baby-Tochter: Zeigen Sie Eltern oder werdenden M\u00fcttern mit dieser handgefertigten Wickeldecke aus Bio-Baumwolle und Bambus-Musselin, perfekt f\u00fcr Neugeborene und M\u00e4dchen. Diese Babydecke mit Blumenmuster ist eine wertvolle M\u00fctter, die wirklich lieben werden. Sie werden wirklich einzigartig sein mit diesem einzigartigen Design, nie wieder repliziert werden. Diese extra gro\u00dfen Baby-M\u00e4dchen-Decken sind ein perfektes Geschenk f\u00fcr Babypartys.<br \/>\nVIELSEITIG EINSETZBARE WINDDECKE F\u00dcR JEDEN Bedarf: Unsere exklusiven Decken f\u00fcr Ihr Baby werden zu einem unverzichtbaren Teil des Lebens Ihres Kindes, wenn es w\u00e4chst und spielt. Sie k\u00f6nnen verwendet werden als Decke, Spielmatten, Kinderwagen-Abdeckung, Still-Sichtschutz, Spuckt\u00fccher oder ein einzigartiges Bettlaken mit Blumenmuster \u2013 was auch immer Sie brauchen, um Ihre Kinder gl\u00fccklich, sicher und gepflegt zu halten, Frankie Lane Bio-Musselin-Wickeldecken haben die perfekte Passform.<br \/>\nFRANKIE LANE LOVE STORY: Die Firma Frankie Lane wurde nach der Geburt unserer Tochter gegr\u00fcndet \u2013 und weil wir m\u00f6chten, dass sie das Beste hat, spezialisieren wir uns auf diese einzigartige Bio-Baby-M\u00e4dchen-Wickeldecke und sind stolz auf personalisierte Babygeschenke. Wir wollten Pucks\u00e4cke herstellen, die die hochwertigsten organischen Materialien zu einem erschwinglichen Preis verwenden. Handgefertigt in Australien, diese florale Musselin-Wickeldecke wurde mit Liebe von einer Mutter f\u00fcr die andere entworfen.<br \/>\n<div class=\"main-cross-sell\" data-asin=\"B083JR6Z3D\">\n\n\t<div class=\"WooZone-cross-sell-loader\">\n\t\t<div>\n\t\t\t<div id=\"floatingBarsG\">\n\t\t\t\t<div class=\"blockG\" id=\"rotateG_01\"><\/div>\n\t\t\t\t<div class=\"blockG\" id=\"rotateG_02\"><\/div>\n\t\t\t\t<div class=\"blockG\" id=\"rotateG_03\"><\/div>\n\t\t\t\t<div class=\"blockG\" id=\"rotateG_04\"><\/div>\n\t\t\t\t<div class=\"blockG\" id=\"rotateG_05\"><\/div>\n\t\t\t\t<div class=\"blockG\" id=\"rotateG_06\"><\/div>\n\t\t\t\t<div class=\"blockG\" id=\"rotateG_07\"><\/div>\n\t\t\t\t<div class=\"blockG\" id=\"rotateG_08\"><\/div>\n\t\t\t<\/div>\n\t\t\t<div class=\"WooZone-cross-sell-loader-text\"><\/div>\n\t\t<\/div>\n\t<\/div>\n\n\t\t\n<\/div>\n<div style=\"clear:both;\"><\/div><\/p>\n","protected":false},"excerpt":{"rendered":"<p>Perfekter Komfort f\u00fcr Ihr Baby: Wenn Sie ein neues Baby in Ihrem Leben willkommen, ist nichts wichtiger, als sicherzustellen, dass es sich sicher und bequem f\u00fchlt. Mit dieser handgefertigten, seidig-weichen Wickeldecke aus Bio-Baumwolle und Bambus-Musselin von Frankie Lane haben Sie ein einzigartiges Design und Ihr neugeborenes Baby wird perfekt gepuckt, um das Gef\u00fchl im Mutterleib nachzuahmen und Frieden und Gl\u00fcck zu bieten. Frankie Lane-Wickelt\u00fccher sind die hochwertigsten Bambus- und organischen Materialien.<br \/>\nUn\u00fcbertroffene Weichheit und St\u00e4rke: Unsere Baby-M\u00e4dchen-Decken sind aus der weichsten zertifizierten Bio-Baumwolle und Bambus (GOTS) Stoff hergestellt und sind hypoallergen. Diese sch\u00f6ne Wickeldecke mit Blumenmuster ist langlebig, mit doppellagigem, gewebtem Stoff und bietet zus\u00e4tzlichen Sonnenschutz bei Verwendung als Kinderwagen-Abdeckung und zus\u00e4tzlichen Komfort als Stubenwagen-Laken. Ihr Kind wird sich f\u00fchlen, als w\u00e4ren sie immer sicher und sicher, w\u00e4hrend sie in unserem atmungsaktiven Bio-Gewebe auf der perfekten Temperatur bleiben.<br \/>\nIdeales Geschenk f\u00fcr Baby-Tochter: Zeigen Sie Eltern oder werdenden M\u00fcttern mit dieser handgefertigten Wickeldecke aus Bio-Baumwolle und Bambus-Musselin, perfekt f\u00fcr Neugeborene und M\u00e4dchen. Diese Babydecke mit Blumenmuster ist eine wertvolle M\u00fctter, die wirklich lieben werden. Sie werden wirklich einzigartig sein mit diesem einzigartigen Design, nie wieder repliziert werden. Diese extra gro\u00dfen Baby-M\u00e4dchen-Decken sind ein perfektes Geschenk f\u00fcr Babypartys.<\/p>\n","protected":false},"featured_media":47127,"comment_status":"open","ping_status":"closed","template":"","meta":[],"product_brand":[],"product_cat":[21,8825],"product_tag":[],"class_list":{"0":"post-47126","1":"product","2":"type-product","3":"status-publish","4":"has-post-thumbnail","6":"product_cat-baby","7":"product_cat-baby-kleinkinderzimmer-baby","8":"pa_brand-frankie-lane","9":"pa_height-0-19-zoll","10":"pa_length-47-zoll","11":"pa_manufacturer-frankie-lane","12":"pa_model-floral-single","13":"pa_size-large-47-x-47","14":"pa_weight-0-3747858454-pfund","15":"pa_width-47-zoll","17":"first","18":"instock","19":"shipping-taxable","20":"purchasable","21":"product-type-simple","22":"customify-col","23":"product-has-gallery"},"yoast_head":"<!-- This site is optimized with the Yoast SEO plugin v27.4 - https:\/\/yoast.com\/product\/yoast-seo-wordpress\/ -->\n<title>Baby Girl Wrap Blanket, 119.4 x 119.4 cm, Silky Soft, Organic Newborn Receiving Blanket for Girls in a Handcrafted\u2026 - Markt-XXL<\/title>\n<meta name=\"description\" content=\"Markt-XXL Baby Girl Wrap Blanket, 119.4 x 119.4 cm, Silky Soft, Organic Newborn Receiving Blanket for Girls in a Handcrafted\u2026\" \/>\n<meta name=\"robots\" content=\"index, follow, max-snippet:-1, max-image-preview:large, max-video-preview:-1\" \/>\n<link rel=\"canonical\" href=\"https:\/\/marktxxl.de\/markt\/produkt\/baby-girl-wrap-blanket-119-4-x-119-4-cm-silky-soft-organic-newborn-receiving-blanket-for-girls-in-a-handcrafted-flower-design-newborn-baby-girl-gifts-essential-muslin-swaddle-blankets\/\" \/>\n<meta property=\"og:locale\" content=\"de_DE\" \/>\n<meta property=\"og:type\" content=\"article\" \/>\n<meta property=\"og:title\" content=\"Baby Girl Wrap Blanket, 119.4 x 119.4 cm, Silky Soft, Organic Newborn Receiving Blanket for Girls in a Handcrafted\u2026 - Markt-XXL\" \/>\n<meta property=\"og:description\" content=\"Markt-XXL Baby Girl Wrap Blanket, 119.4 x 119.4 cm, Silky Soft, Organic Newborn Receiving Blanket for Girls in a Handcrafted\u2026\" \/>\n<meta property=\"og:url\" content=\"https:\/\/marktxxl.de\/markt\/produkt\/baby-girl-wrap-blanket-119-4-x-119-4-cm-silky-soft-organic-newborn-receiving-blanket-for-girls-in-a-handcrafted-flower-design-newborn-baby-girl-gifts-essential-muslin-swaddle-blankets\/\" \/>\n<meta property=\"og:site_name\" content=\"Markt-XXL\" \/>\n<meta property=\"article:modified_time\" content=\"2023-04-11T00:07:34+00:00\" \/>\n<meta property=\"og:image\" content=\"https:\/\/m.media-amazon.com\/images\/I\/51YmfNiUkGL._SL500_.jpg\" \/>\n\t<meta property=\"og:image:width\" content=\"500\" \/>\n\t<meta property=\"og:image:height\" content=\"500\" \/>\n\t<meta property=\"og:image:type\" content=\"image\/jpeg\" \/>\n<meta name=\"twitter:card\" content=\"summary_large_image\" \/>\n<meta name=\"twitter:label1\" content=\"Gesch\u00e4tzte Lesezeit\" \/>\n\t<meta name=\"twitter:data1\" content=\"2\u00a0Minuten\" \/>\n<script type=\"application\/ld+json\" class=\"yoast-schema-graph\">{\"@context\":\"https:\\\/\\\/schema.org\",\"@graph\":[{\"@type\":\"WebPage\",\"@id\":\"https:\\\/\\\/marktxxl.de\\\/markt\\\/produkt\\\/baby-girl-wrap-blanket-119-4-x-119-4-cm-silky-soft-organic-newborn-receiving-blanket-for-girls-in-a-handcrafted-flower-design-newborn-baby-girl-gifts-essential-muslin-swaddle-blankets\\\/\",\"url\":\"https:\\\/\\\/marktxxl.de\\\/markt\\\/produkt\\\/baby-girl-wrap-blanket-119-4-x-119-4-cm-silky-soft-organic-newborn-receiving-blanket-for-girls-in-a-handcrafted-flower-design-newborn-baby-girl-gifts-essential-muslin-swaddle-blankets\\\/\",\"name\":\"Baby Girl Wrap Blanket, 119.4 x 119.4 cm, Silky Soft, Organic Newborn Receiving Blanket for Girls in a Handcrafted\u2026 - Markt-XXL\",\"isPartOf\":{\"@id\":\"https:\\\/\\\/marktxxl.de\\\/markt\\\/#website\"},\"primaryImageOfPage\":{\"@id\":\"https:\\\/\\\/marktxxl.de\\\/markt\\\/produkt\\\/baby-girl-wrap-blanket-119-4-x-119-4-cm-silky-soft-organic-newborn-receiving-blanket-for-girls-in-a-handcrafted-flower-design-newborn-baby-girl-gifts-essential-muslin-swaddle-blankets\\\/#primaryimage\"},\"image\":{\"@id\":\"https:\\\/\\\/marktxxl.de\\\/markt\\\/produkt\\\/baby-girl-wrap-blanket-119-4-x-119-4-cm-silky-soft-organic-newborn-receiving-blanket-for-girls-in-a-handcrafted-flower-design-newborn-baby-girl-gifts-essential-muslin-swaddle-blankets\\\/#primaryimage\"},\"thumbnailUrl\":\"https:\\\/\\\/m.media-amazon.com\\\/images\\\/I\\\/51YmfNiUkGL._SL500_.jpg\",\"datePublished\":\"2021-10-12T19:30:48+00:00\",\"dateModified\":\"2023-04-11T00:07:34+00:00\",\"description\":\"Markt-XXL Baby Girl Wrap Blanket, 119.4 x 119.4 cm, Silky Soft, Organic Newborn Receiving Blanket for Girls in a Handcrafted\u2026\",\"breadcrumb\":{\"@id\":\"https:\\\/\\\/marktxxl.de\\\/markt\\\/produkt\\\/baby-girl-wrap-blanket-119-4-x-119-4-cm-silky-soft-organic-newborn-receiving-blanket-for-girls-in-a-handcrafted-flower-design-newborn-baby-girl-gifts-essential-muslin-swaddle-blankets\\\/#breadcrumb\"},\"inLanguage\":\"de\",\"potentialAction\":[{\"@type\":\"ReadAction\",\"target\":[\"https:\\\/\\\/marktxxl.de\\\/markt\\\/produkt\\\/baby-girl-wrap-blanket-119-4-x-119-4-cm-silky-soft-organic-newborn-receiving-blanket-for-girls-in-a-handcrafted-flower-design-newborn-baby-girl-gifts-essential-muslin-swaddle-blankets\\\/\"]}]},{\"@type\":\"ImageObject\",\"inLanguage\":\"de\",\"@id\":\"https:\\\/\\\/marktxxl.de\\\/markt\\\/produkt\\\/baby-girl-wrap-blanket-119-4-x-119-4-cm-silky-soft-organic-newborn-receiving-blanket-for-girls-in-a-handcrafted-flower-design-newborn-baby-girl-gifts-essential-muslin-swaddle-blankets\\\/#primaryimage\",\"url\":\"https:\\\/\\\/m.media-amazon.com\\\/images\\\/I\\\/51YmfNiUkGL._SL500_.jpg\",\"contentUrl\":\"https:\\\/\\\/m.media-amazon.com\\\/images\\\/I\\\/51YmfNiUkGL._SL500_.jpg\",\"width\":500,\"height\":500},{\"@type\":\"BreadcrumbList\",\"@id\":\"https:\\\/\\\/marktxxl.de\\\/markt\\\/produkt\\\/baby-girl-wrap-blanket-119-4-x-119-4-cm-silky-soft-organic-newborn-receiving-blanket-for-girls-in-a-handcrafted-flower-design-newborn-baby-girl-gifts-essential-muslin-swaddle-blankets\\\/#breadcrumb\",\"itemListElement\":[{\"@type\":\"ListItem\",\"position\":1,\"name\":\"Startseite\",\"item\":\"https:\\\/\\\/marktxxl.de\\\/markt\\\/\"},{\"@type\":\"ListItem\",\"position\":2,\"name\":\"Markt\",\"item\":\"https:\\\/\\\/marktxxl.de\\\/markt\\\/\"},{\"@type\":\"ListItem\",\"position\":3,\"name\":\"Baby Girl Wrap Blanket, 119.4 x 119.4 cm, Silky Soft, Organic Newborn Receiving Blanket for Girls in a Handcrafted\u2026\"}]},{\"@type\":\"WebSite\",\"@id\":\"https:\\\/\\\/marktxxl.de\\\/markt\\\/#website\",\"url\":\"https:\\\/\\\/marktxxl.de\\\/markt\\\/\",\"name\":\"Markt-XXL\",\"description\":\"Ihr Markt Online\",\"publisher\":{\"@id\":\"https:\\\/\\\/marktxxl.de\\\/markt\\\/#organization\"},\"potentialAction\":[{\"@type\":\"SearchAction\",\"target\":{\"@type\":\"EntryPoint\",\"urlTemplate\":\"https:\\\/\\\/marktxxl.de\\\/markt\\\/?s={search_term_string}\"},\"query-input\":{\"@type\":\"PropertyValueSpecification\",\"valueRequired\":true,\"valueName\":\"search_term_string\"}}],\"inLanguage\":\"de\"},{\"@type\":\"Organization\",\"@id\":\"https:\\\/\\\/marktxxl.de\\\/markt\\\/#organization\",\"name\":\"Markt-XXL\",\"url\":\"https:\\\/\\\/marktxxl.de\\\/markt\\\/\",\"logo\":{\"@type\":\"ImageObject\",\"inLanguage\":\"de\",\"@id\":\"https:\\\/\\\/marktxxl.de\\\/markt\\\/#\\\/schema\\\/logo\\\/image\\\/\",\"url\":\"https:\\\/\\\/marktxxl.de\\\/markt\\\/wp-content\\\/uploads\\\/sites\\\/3\\\/2020\\\/12\\\/logo.png\",\"contentUrl\":\"https:\\\/\\\/marktxxl.de\\\/markt\\\/wp-content\\\/uploads\\\/sites\\\/3\\\/2020\\\/12\\\/logo.png\",\"width\":200,\"height\":70,\"caption\":\"Markt-XXL\"},\"image\":{\"@id\":\"https:\\\/\\\/marktxxl.de\\\/markt\\\/#\\\/schema\\\/logo\\\/image\\\/\"}}]}<\/script>\n<!-- \/ Yoast SEO plugin. -->","yoast_head_json":{"title":"Baby Girl Wrap Blanket, 119.4 x 119.4 cm, Silky Soft, Organic Newborn Receiving Blanket for Girls in a Handcrafted\u2026 - Markt-XXL","description":"Markt-XXL Baby Girl Wrap Blanket, 119.4 x 119.4 cm, Silky Soft, Organic Newborn Receiving Blanket for Girls in a Handcrafted\u2026","robots":{"index":"index","follow":"follow","max-snippet":"max-snippet:-1","max-image-preview":"max-image-preview:large","max-video-preview":"max-video-preview:-1"},"canonical":"https:\/\/marktxxl.de\/markt\/produkt\/baby-girl-wrap-blanket-119-4-x-119-4-cm-silky-soft-organic-newborn-receiving-blanket-for-girls-in-a-handcrafted-flower-design-newborn-baby-girl-gifts-essential-muslin-swaddle-blankets\/","og_locale":"de_DE","og_type":"article","og_title":"Baby Girl Wrap Blanket, 119.4 x 119.4 cm, Silky Soft, Organic Newborn Receiving Blanket for Girls in a Handcrafted\u2026 - Markt-XXL","og_description":"Markt-XXL Baby Girl Wrap Blanket, 119.4 x 119.4 cm, Silky Soft, Organic Newborn Receiving Blanket for Girls in a Handcrafted\u2026","og_url":"https:\/\/marktxxl.de\/markt\/produkt\/baby-girl-wrap-blanket-119-4-x-119-4-cm-silky-soft-organic-newborn-receiving-blanket-for-girls-in-a-handcrafted-flower-design-newborn-baby-girl-gifts-essential-muslin-swaddle-blankets\/","og_site_name":"Markt-XXL","article_modified_time":"2023-04-11T00:07:34+00:00","og_image":[{"width":500,"height":500,"url":"https:\/\/m.media-amazon.com\/images\/I\/51YmfNiUkGL._SL500_.jpg","type":"image\/jpeg"}],"twitter_card":"summary_large_image","twitter_misc":{"Gesch\u00e4tzte Lesezeit":"2\u00a0Minuten"},"schema":{"@context":"https:\/\/schema.org","@graph":[{"@type":"WebPage","@id":"https:\/\/marktxxl.de\/markt\/produkt\/baby-girl-wrap-blanket-119-4-x-119-4-cm-silky-soft-organic-newborn-receiving-blanket-for-girls-in-a-handcrafted-flower-design-newborn-baby-girl-gifts-essential-muslin-swaddle-blankets\/","url":"https:\/\/marktxxl.de\/markt\/produkt\/baby-girl-wrap-blanket-119-4-x-119-4-cm-silky-soft-organic-newborn-receiving-blanket-for-girls-in-a-handcrafted-flower-design-newborn-baby-girl-gifts-essential-muslin-swaddle-blankets\/","name":"Baby Girl Wrap Blanket, 119.4 x 119.4 cm, Silky Soft, Organic Newborn Receiving Blanket for Girls in a Handcrafted\u2026 - Markt-XXL","isPartOf":{"@id":"https:\/\/marktxxl.de\/markt\/#website"},"primaryImageOfPage":{"@id":"https:\/\/marktxxl.de\/markt\/produkt\/baby-girl-wrap-blanket-119-4-x-119-4-cm-silky-soft-organic-newborn-receiving-blanket-for-girls-in-a-handcrafted-flower-design-newborn-baby-girl-gifts-essential-muslin-swaddle-blankets\/#primaryimage"},"image":{"@id":"https:\/\/marktxxl.de\/markt\/produkt\/baby-girl-wrap-blanket-119-4-x-119-4-cm-silky-soft-organic-newborn-receiving-blanket-for-girls-in-a-handcrafted-flower-design-newborn-baby-girl-gifts-essential-muslin-swaddle-blankets\/#primaryimage"},"thumbnailUrl":"https:\/\/m.media-amazon.com\/images\/I\/51YmfNiUkGL._SL500_.jpg","datePublished":"2021-10-12T19:30:48+00:00","dateModified":"2023-04-11T00:07:34+00:00","description":"Markt-XXL Baby Girl Wrap Blanket, 119.4 x 119.4 cm, Silky Soft, Organic Newborn Receiving Blanket for Girls in a Handcrafted\u2026","breadcrumb":{"@id":"https:\/\/marktxxl.de\/markt\/produkt\/baby-girl-wrap-blanket-119-4-x-119-4-cm-silky-soft-organic-newborn-receiving-blanket-for-girls-in-a-handcrafted-flower-design-newborn-baby-girl-gifts-essential-muslin-swaddle-blankets\/#breadcrumb"},"inLanguage":"de","potentialAction":[{"@type":"ReadAction","target":["https:\/\/marktxxl.de\/markt\/produkt\/baby-girl-wrap-blanket-119-4-x-119-4-cm-silky-soft-organic-newborn-receiving-blanket-for-girls-in-a-handcrafted-flower-design-newborn-baby-girl-gifts-essential-muslin-swaddle-blankets\/"]}]},{"@type":"ImageObject","inLanguage":"de","@id":"https:\/\/marktxxl.de\/markt\/produkt\/baby-girl-wrap-blanket-119-4-x-119-4-cm-silky-soft-organic-newborn-receiving-blanket-for-girls-in-a-handcrafted-flower-design-newborn-baby-girl-gifts-essential-muslin-swaddle-blankets\/#primaryimage","url":"https:\/\/m.media-amazon.com\/images\/I\/51YmfNiUkGL._SL500_.jpg","contentUrl":"https:\/\/m.media-amazon.com\/images\/I\/51YmfNiUkGL._SL500_.jpg","width":500,"height":500},{"@type":"BreadcrumbList","@id":"https:\/\/marktxxl.de\/markt\/produkt\/baby-girl-wrap-blanket-119-4-x-119-4-cm-silky-soft-organic-newborn-receiving-blanket-for-girls-in-a-handcrafted-flower-design-newborn-baby-girl-gifts-essential-muslin-swaddle-blankets\/#breadcrumb","itemListElement":[{"@type":"ListItem","position":1,"name":"Startseite","item":"https:\/\/marktxxl.de\/markt\/"},{"@type":"ListItem","position":2,"name":"Markt","item":"https:\/\/marktxxl.de\/markt\/"},{"@type":"ListItem","position":3,"name":"Baby Girl Wrap Blanket, 119.4 x 119.4 cm, Silky Soft, Organic Newborn Receiving Blanket for Girls in a Handcrafted\u2026"}]},{"@type":"WebSite","@id":"https:\/\/marktxxl.de\/markt\/#website","url":"https:\/\/marktxxl.de\/markt\/","name":"Markt-XXL","description":"Ihr Markt Online","publisher":{"@id":"https:\/\/marktxxl.de\/markt\/#organization"},"potentialAction":[{"@type":"SearchAction","target":{"@type":"EntryPoint","urlTemplate":"https:\/\/marktxxl.de\/markt\/?s={search_term_string}"},"query-input":{"@type":"PropertyValueSpecification","valueRequired":true,"valueName":"search_term_string"}}],"inLanguage":"de"},{"@type":"Organization","@id":"https:\/\/marktxxl.de\/markt\/#organization","name":"Markt-XXL","url":"https:\/\/marktxxl.de\/markt\/","logo":{"@type":"ImageObject","inLanguage":"de","@id":"https:\/\/marktxxl.de\/markt\/#\/schema\/logo\/image\/","url":"https:\/\/marktxxl.de\/markt\/wp-content\/uploads\/sites\/3\/2020\/12\/logo.png","contentUrl":"https:\/\/marktxxl.de\/markt\/wp-content\/uploads\/sites\/3\/2020\/12\/logo.png","width":200,"height":70,"caption":"Markt-XXL"},"image":{"@id":"https:\/\/marktxxl.de\/markt\/#\/schema\/logo\/image\/"}}]}},"_links":{"self":[{"href":"https:\/\/marktxxl.de\/markt\/wp-json\/wp\/v2\/product\/47126","targetHints":{"allow":["GET"]}}],"collection":[{"href":"https:\/\/marktxxl.de\/markt\/wp-json\/wp\/v2\/product"}],"about":[{"href":"https:\/\/marktxxl.de\/markt\/wp-json\/wp\/v2\/types\/product"}],"replies":[{"embeddable":true,"href":"https:\/\/marktxxl.de\/markt\/wp-json\/wp\/v2\/comments?post=47126"}],"wp:featuredmedia":[{"embeddable":true,"href":"https:\/\/marktxxl.de\/markt\/wp-json\/wp\/v2\/media\/47127"}],"wp:attachment":[{"href":"https:\/\/marktxxl.de\/markt\/wp-json\/wp\/v2\/media?parent=47126"}],"wp:term":[{"taxonomy":"product_brand","embeddable":true,"href":"https:\/\/marktxxl.de\/markt\/wp-json\/wp\/v2\/product_brand?post=47126"},{"taxonomy":"product_cat","embeddable":true,"href":"https:\/\/marktxxl.de\/markt\/wp-json\/wp\/v2\/product_cat?post=47126"},{"taxonomy":"product_tag","embeddable":true,"href":"https:\/\/marktxxl.de\/markt\/wp-json\/wp\/v2\/product_tag?post=47126"}],"curies":[{"name":"wp","href":"https:\/\/api.w.org\/{rel}","templated":true}]}}