{"id":46939,"date":"2021-10-03T18:04:00","date_gmt":"2021-10-03T16:04:00","guid":{"rendered":"https:\/\/marktxxl.de\/markt\/produkt\/durex-kondome-surprise-me-variety-40-stueck-durex-play-gleitgel-tingle-gel-50-ml-durex-play-gleitgel-saucy-strawberry-gel-50-ml-durex-sparpaket\/"},"modified":"2023-04-11T02:07:32","modified_gmt":"2023-04-11T00:07:32","slug":"durex-kondome-surprise-me-variety-40-stueck-durex-play-gleitgel-tingle-gel-50-ml-durex-play-gleitgel-saucy-strawberry-gel-50-ml-durex-sparpaket","status":"publish","type":"product","link":"https:\/\/marktxxl.de\/markt\/produkt\/durex-kondome-surprise-me-variety-40-stueck-durex-play-gleitgel-tingle-gel-50-ml-durex-play-gleitgel-saucy-strawberry-gel-50-ml-durex-sparpaket\/","title":{"rendered":"Durex Kondome Surprise Me Variety 40 St\u00fcck &#8211; Durex Play Gleitgel Tingle Gel 50 ml &#8211; Durex Play Gleitgel Saucy Strawberry\u2026"},"content":{"rendered":"<p>Bringt klirrende und spritzige Empfindungen \u2013 F\u00fcgen Sie den Strom zwischen Ihnen und Ihrem Partner hinzu, mit diesem seidigen Gleitgel bringt k\u00fchlende, w\u00e4rmende und prickelnde Empfindungen in Ihren ganzen K\u00f6rper; Duft- und Mentholfrei<br \/>\nErdbeergeschmack \u2013 Durex Erdbeer-Gleitmittel wurde entwickelt, um ein wenig zus\u00e4tzliche S\u00fc\u00dfe zu bringen, das ideale Gleitmittel, wenn Sie in der Stimmung f\u00fcr s\u00fc\u00dfe Erdbeeren sind<br \/>\nVarietypack \u2013 40 Durex-Kondom-Sortimentspackung aus Naturkautschuklatex, damit Sie in jedem Moment die richtige Kondomvielfalt f\u00fcr Sie ausw\u00e4hlen k\u00f6nnen; alles geschmiert, leicht anzuziehen und mit Saugerenden f\u00fcr mehr Komfort und Passform.<br \/>\nMaximale Freudenvielfalt \u2013 10 d\u00fcnne Kondome mit einem d\u00fcnnen Design f\u00fcr mehr Empfindlichkeit, 10 extra sichere Kondome mit extra Gleitf\u00e4higkeit und etwas dicker, 10 kitzle me gerippte Kondome und 10 gerippte und gepunktete Kondome f\u00fcr verbesserte Stimulation.<br \/>\nGr\u00f6\u00dfe: Alle Kondome haben eine L\u00e4nge von 195 mm und eine Breite von 56 mm, au\u00dfer Kitzeln Sie mich mit 53 mm.<br \/>\nDISKRETE LIEFERUNG &#8211; Die Kondombox wird in einer diskreten Verpackung geliefert, ohne Angabe des Paketinhalts.<br \/>\n<div class=\"main-cross-sell\" data-asin=\"B07S1JTVR9\">\n\n\t<div class=\"WooZone-cross-sell-loader\">\n\t\t<div>\n\t\t\t<div id=\"floatingBarsG\">\n\t\t\t\t<div class=\"blockG\" id=\"rotateG_01\"><\/div>\n\t\t\t\t<div class=\"blockG\" id=\"rotateG_02\"><\/div>\n\t\t\t\t<div class=\"blockG\" id=\"rotateG_03\"><\/div>\n\t\t\t\t<div class=\"blockG\" id=\"rotateG_04\"><\/div>\n\t\t\t\t<div class=\"blockG\" id=\"rotateG_05\"><\/div>\n\t\t\t\t<div class=\"blockG\" id=\"rotateG_06\"><\/div>\n\t\t\t\t<div class=\"blockG\" id=\"rotateG_07\"><\/div>\n\t\t\t\t<div class=\"blockG\" id=\"rotateG_08\"><\/div>\n\t\t\t<\/div>\n\t\t\t<div class=\"WooZone-cross-sell-loader-text\"><\/div>\n\t\t<\/div>\n\t<\/div>\n\n\t\t\n<\/div>\n<div style=\"clear:both;\"><\/div><\/p>\n","protected":false},"excerpt":{"rendered":"<p>Bringt klirrende und spritzige Empfindungen \u2013 F\u00fcgen Sie den Strom zwischen Ihnen und Ihrem Partner hinzu, mit diesem seidigen Gleitgel bringt k\u00fchlende, w\u00e4rmende und prickelnde Empfindungen in Ihren ganzen K\u00f6rper; Duft- und Mentholfrei<br \/>\nErdbeergeschmack \u2013 Durex Erdbeer-Gleitmittel wurde entwickelt, um ein wenig zus\u00e4tzliche S\u00fc\u00dfe zu bringen, das ideale Gleitmittel, wenn Sie in der Stimmung f\u00fcr s\u00fc\u00dfe Erdbeeren sind<br \/>\nVarietypack \u2013 40 Durex-Kondom-Sortimentspackung aus Naturkautschuklatex, damit Sie in jedem Moment die richtige Kondomvielfalt f\u00fcr Sie ausw\u00e4hlen k\u00f6nnen; alles geschmiert, leicht anzuziehen und mit Saugerenden f\u00fcr mehr Komfort und Passform.<\/p>\n","protected":false},"featured_media":46940,"comment_status":"open","ping_status":"closed","template":"","meta":[],"product_brand":[],"product_cat":[652],"product_tag":[],"class_list":{"0":"post-46939","1":"product","2":"type-product","3":"status-publish","4":"has-post-thumbnail","6":"product_cat-erotik-markt-xxl","7":"pa_brand-durex","8":"pa_manufacturer-durex","9":"pa_size-3-count-pack-of-1","11":"first","12":"instock","13":"shipping-taxable","14":"purchasable","15":"product-type-simple","16":"customify-col","17":"product-has-gallery"},"yoast_head":"<!-- This site is optimized with the Yoast SEO plugin v27.4 - https:\/\/yoast.com\/product\/yoast-seo-wordpress\/ -->\n<title>Durex Kondome Surprise Me Variety 40 St\u00fcck - Durex Play Gleitgel Tingle Gel 50 ml - Durex Play Gleitgel Saucy Strawberry\u2026 - Markt-XXL<\/title>\n<meta name=\"description\" content=\"Markt-XXL Durex Kondome Surprise Me Variety 40 St\u00fcck - Durex Play Gleitgel Tingle Gel 50 ml - Durex Play Gleitgel Saucy Strawberry\u2026\" \/>\n<meta name=\"robots\" content=\"index, follow, max-snippet:-1, max-image-preview:large, max-video-preview:-1\" \/>\n<link rel=\"canonical\" href=\"https:\/\/marktxxl.de\/markt\/produkt\/durex-kondome-surprise-me-variety-40-stueck-durex-play-gleitgel-tingle-gel-50-ml-durex-play-gleitgel-saucy-strawberry-gel-50-ml-durex-sparpaket\/\" \/>\n<meta property=\"og:locale\" content=\"de_DE\" \/>\n<meta property=\"og:type\" content=\"article\" \/>\n<meta property=\"og:title\" content=\"Durex Kondome Surprise Me Variety 40 St\u00fcck - Durex Play Gleitgel Tingle Gel 50 ml - Durex Play Gleitgel Saucy Strawberry\u2026 - Markt-XXL\" \/>\n<meta property=\"og:description\" content=\"Markt-XXL Durex Kondome Surprise Me Variety 40 St\u00fcck - Durex Play Gleitgel Tingle Gel 50 ml - Durex Play Gleitgel Saucy Strawberry\u2026\" \/>\n<meta property=\"og:url\" content=\"https:\/\/marktxxl.de\/markt\/produkt\/durex-kondome-surprise-me-variety-40-stueck-durex-play-gleitgel-tingle-gel-50-ml-durex-play-gleitgel-saucy-strawberry-gel-50-ml-durex-sparpaket\/\" \/>\n<meta property=\"og:site_name\" content=\"Markt-XXL\" \/>\n<meta property=\"article:modified_time\" content=\"2023-04-11T00:07:32+00:00\" \/>\n<meta property=\"og:image\" content=\"https:\/\/m.media-amazon.com\/images\/I\/51ocBo93--L._SL500_.jpg\" \/>\n\t<meta property=\"og:image:width\" content=\"500\" \/>\n\t<meta property=\"og:image:height\" content=\"500\" \/>\n\t<meta property=\"og:image:type\" content=\"image\/jpeg\" \/>\n<meta name=\"twitter:card\" content=\"summary_large_image\" \/>\n<meta name=\"twitter:label1\" content=\"Gesch\u00e4tzte Lesezeit\" \/>\n\t<meta name=\"twitter:data1\" content=\"1\u00a0Minute\" \/>\n<script type=\"application\/ld+json\" class=\"yoast-schema-graph\">{\"@context\":\"https:\\\/\\\/schema.org\",\"@graph\":[{\"@type\":\"WebPage\",\"@id\":\"https:\\\/\\\/marktxxl.de\\\/markt\\\/produkt\\\/durex-kondome-surprise-me-variety-40-stueck-durex-play-gleitgel-tingle-gel-50-ml-durex-play-gleitgel-saucy-strawberry-gel-50-ml-durex-sparpaket\\\/\",\"url\":\"https:\\\/\\\/marktxxl.de\\\/markt\\\/produkt\\\/durex-kondome-surprise-me-variety-40-stueck-durex-play-gleitgel-tingle-gel-50-ml-durex-play-gleitgel-saucy-strawberry-gel-50-ml-durex-sparpaket\\\/\",\"name\":\"Durex Kondome Surprise Me Variety 40 St\u00fcck - Durex Play Gleitgel Tingle Gel 50 ml - Durex Play Gleitgel Saucy Strawberry\u2026 - Markt-XXL\",\"isPartOf\":{\"@id\":\"https:\\\/\\\/marktxxl.de\\\/markt\\\/#website\"},\"primaryImageOfPage\":{\"@id\":\"https:\\\/\\\/marktxxl.de\\\/markt\\\/produkt\\\/durex-kondome-surprise-me-variety-40-stueck-durex-play-gleitgel-tingle-gel-50-ml-durex-play-gleitgel-saucy-strawberry-gel-50-ml-durex-sparpaket\\\/#primaryimage\"},\"image\":{\"@id\":\"https:\\\/\\\/marktxxl.de\\\/markt\\\/produkt\\\/durex-kondome-surprise-me-variety-40-stueck-durex-play-gleitgel-tingle-gel-50-ml-durex-play-gleitgel-saucy-strawberry-gel-50-ml-durex-sparpaket\\\/#primaryimage\"},\"thumbnailUrl\":\"https:\\\/\\\/m.media-amazon.com\\\/images\\\/I\\\/51ocBo93--L._SL500_.jpg\",\"datePublished\":\"2021-10-03T16:04:00+00:00\",\"dateModified\":\"2023-04-11T00:07:32+00:00\",\"description\":\"Markt-XXL Durex Kondome Surprise Me Variety 40 St\u00fcck - Durex Play Gleitgel Tingle Gel 50 ml - Durex Play Gleitgel Saucy Strawberry\u2026\",\"breadcrumb\":{\"@id\":\"https:\\\/\\\/marktxxl.de\\\/markt\\\/produkt\\\/durex-kondome-surprise-me-variety-40-stueck-durex-play-gleitgel-tingle-gel-50-ml-durex-play-gleitgel-saucy-strawberry-gel-50-ml-durex-sparpaket\\\/#breadcrumb\"},\"inLanguage\":\"de\",\"potentialAction\":[{\"@type\":\"ReadAction\",\"target\":[\"https:\\\/\\\/marktxxl.de\\\/markt\\\/produkt\\\/durex-kondome-surprise-me-variety-40-stueck-durex-play-gleitgel-tingle-gel-50-ml-durex-play-gleitgel-saucy-strawberry-gel-50-ml-durex-sparpaket\\\/\"]}]},{\"@type\":\"ImageObject\",\"inLanguage\":\"de\",\"@id\":\"https:\\\/\\\/marktxxl.de\\\/markt\\\/produkt\\\/durex-kondome-surprise-me-variety-40-stueck-durex-play-gleitgel-tingle-gel-50-ml-durex-play-gleitgel-saucy-strawberry-gel-50-ml-durex-sparpaket\\\/#primaryimage\",\"url\":\"https:\\\/\\\/m.media-amazon.com\\\/images\\\/I\\\/51ocBo93--L._SL500_.jpg\",\"contentUrl\":\"https:\\\/\\\/m.media-amazon.com\\\/images\\\/I\\\/51ocBo93--L._SL500_.jpg\",\"width\":500,\"height\":500},{\"@type\":\"BreadcrumbList\",\"@id\":\"https:\\\/\\\/marktxxl.de\\\/markt\\\/produkt\\\/durex-kondome-surprise-me-variety-40-stueck-durex-play-gleitgel-tingle-gel-50-ml-durex-play-gleitgel-saucy-strawberry-gel-50-ml-durex-sparpaket\\\/#breadcrumb\",\"itemListElement\":[{\"@type\":\"ListItem\",\"position\":1,\"name\":\"Startseite\",\"item\":\"https:\\\/\\\/marktxxl.de\\\/markt\\\/\"},{\"@type\":\"ListItem\",\"position\":2,\"name\":\"Markt\",\"item\":\"https:\\\/\\\/marktxxl.de\\\/markt\\\/\"},{\"@type\":\"ListItem\",\"position\":3,\"name\":\"Durex Kondome Surprise Me Variety 40 St\u00fcck &#8211; Durex Play Gleitgel Tingle Gel 50 ml &#8211; Durex Play Gleitgel Saucy Strawberry\u2026\"}]},{\"@type\":\"WebSite\",\"@id\":\"https:\\\/\\\/marktxxl.de\\\/markt\\\/#website\",\"url\":\"https:\\\/\\\/marktxxl.de\\\/markt\\\/\",\"name\":\"Markt-XXL\",\"description\":\"Ihr Markt Online\",\"publisher\":{\"@id\":\"https:\\\/\\\/marktxxl.de\\\/markt\\\/#organization\"},\"potentialAction\":[{\"@type\":\"SearchAction\",\"target\":{\"@type\":\"EntryPoint\",\"urlTemplate\":\"https:\\\/\\\/marktxxl.de\\\/markt\\\/?s={search_term_string}\"},\"query-input\":{\"@type\":\"PropertyValueSpecification\",\"valueRequired\":true,\"valueName\":\"search_term_string\"}}],\"inLanguage\":\"de\"},{\"@type\":\"Organization\",\"@id\":\"https:\\\/\\\/marktxxl.de\\\/markt\\\/#organization\",\"name\":\"Markt-XXL\",\"url\":\"https:\\\/\\\/marktxxl.de\\\/markt\\\/\",\"logo\":{\"@type\":\"ImageObject\",\"inLanguage\":\"de\",\"@id\":\"https:\\\/\\\/marktxxl.de\\\/markt\\\/#\\\/schema\\\/logo\\\/image\\\/\",\"url\":\"https:\\\/\\\/marktxxl.de\\\/markt\\\/wp-content\\\/uploads\\\/sites\\\/3\\\/2020\\\/12\\\/logo.png\",\"contentUrl\":\"https:\\\/\\\/marktxxl.de\\\/markt\\\/wp-content\\\/uploads\\\/sites\\\/3\\\/2020\\\/12\\\/logo.png\",\"width\":200,\"height\":70,\"caption\":\"Markt-XXL\"},\"image\":{\"@id\":\"https:\\\/\\\/marktxxl.de\\\/markt\\\/#\\\/schema\\\/logo\\\/image\\\/\"}}]}<\/script>\n<!-- \/ Yoast SEO plugin. -->","yoast_head_json":{"title":"Durex Kondome Surprise Me Variety 40 St\u00fcck - Durex Play Gleitgel Tingle Gel 50 ml - Durex Play Gleitgel Saucy Strawberry\u2026 - Markt-XXL","description":"Markt-XXL Durex Kondome Surprise Me Variety 40 St\u00fcck - Durex Play Gleitgel Tingle Gel 50 ml - Durex Play Gleitgel Saucy Strawberry\u2026","robots":{"index":"index","follow":"follow","max-snippet":"max-snippet:-1","max-image-preview":"max-image-preview:large","max-video-preview":"max-video-preview:-1"},"canonical":"https:\/\/marktxxl.de\/markt\/produkt\/durex-kondome-surprise-me-variety-40-stueck-durex-play-gleitgel-tingle-gel-50-ml-durex-play-gleitgel-saucy-strawberry-gel-50-ml-durex-sparpaket\/","og_locale":"de_DE","og_type":"article","og_title":"Durex Kondome Surprise Me Variety 40 St\u00fcck - Durex Play Gleitgel Tingle Gel 50 ml - Durex Play Gleitgel Saucy Strawberry\u2026 - Markt-XXL","og_description":"Markt-XXL Durex Kondome Surprise Me Variety 40 St\u00fcck - Durex Play Gleitgel Tingle Gel 50 ml - Durex Play Gleitgel Saucy Strawberry\u2026","og_url":"https:\/\/marktxxl.de\/markt\/produkt\/durex-kondome-surprise-me-variety-40-stueck-durex-play-gleitgel-tingle-gel-50-ml-durex-play-gleitgel-saucy-strawberry-gel-50-ml-durex-sparpaket\/","og_site_name":"Markt-XXL","article_modified_time":"2023-04-11T00:07:32+00:00","og_image":[{"width":500,"height":500,"url":"https:\/\/m.media-amazon.com\/images\/I\/51ocBo93--L._SL500_.jpg","type":"image\/jpeg"}],"twitter_card":"summary_large_image","twitter_misc":{"Gesch\u00e4tzte Lesezeit":"1\u00a0Minute"},"schema":{"@context":"https:\/\/schema.org","@graph":[{"@type":"WebPage","@id":"https:\/\/marktxxl.de\/markt\/produkt\/durex-kondome-surprise-me-variety-40-stueck-durex-play-gleitgel-tingle-gel-50-ml-durex-play-gleitgel-saucy-strawberry-gel-50-ml-durex-sparpaket\/","url":"https:\/\/marktxxl.de\/markt\/produkt\/durex-kondome-surprise-me-variety-40-stueck-durex-play-gleitgel-tingle-gel-50-ml-durex-play-gleitgel-saucy-strawberry-gel-50-ml-durex-sparpaket\/","name":"Durex Kondome Surprise Me Variety 40 St\u00fcck - Durex Play Gleitgel Tingle Gel 50 ml - Durex Play Gleitgel Saucy Strawberry\u2026 - Markt-XXL","isPartOf":{"@id":"https:\/\/marktxxl.de\/markt\/#website"},"primaryImageOfPage":{"@id":"https:\/\/marktxxl.de\/markt\/produkt\/durex-kondome-surprise-me-variety-40-stueck-durex-play-gleitgel-tingle-gel-50-ml-durex-play-gleitgel-saucy-strawberry-gel-50-ml-durex-sparpaket\/#primaryimage"},"image":{"@id":"https:\/\/marktxxl.de\/markt\/produkt\/durex-kondome-surprise-me-variety-40-stueck-durex-play-gleitgel-tingle-gel-50-ml-durex-play-gleitgel-saucy-strawberry-gel-50-ml-durex-sparpaket\/#primaryimage"},"thumbnailUrl":"https:\/\/m.media-amazon.com\/images\/I\/51ocBo93--L._SL500_.jpg","datePublished":"2021-10-03T16:04:00+00:00","dateModified":"2023-04-11T00:07:32+00:00","description":"Markt-XXL Durex Kondome Surprise Me Variety 40 St\u00fcck - Durex Play Gleitgel Tingle Gel 50 ml - Durex Play Gleitgel Saucy Strawberry\u2026","breadcrumb":{"@id":"https:\/\/marktxxl.de\/markt\/produkt\/durex-kondome-surprise-me-variety-40-stueck-durex-play-gleitgel-tingle-gel-50-ml-durex-play-gleitgel-saucy-strawberry-gel-50-ml-durex-sparpaket\/#breadcrumb"},"inLanguage":"de","potentialAction":[{"@type":"ReadAction","target":["https:\/\/marktxxl.de\/markt\/produkt\/durex-kondome-surprise-me-variety-40-stueck-durex-play-gleitgel-tingle-gel-50-ml-durex-play-gleitgel-saucy-strawberry-gel-50-ml-durex-sparpaket\/"]}]},{"@type":"ImageObject","inLanguage":"de","@id":"https:\/\/marktxxl.de\/markt\/produkt\/durex-kondome-surprise-me-variety-40-stueck-durex-play-gleitgel-tingle-gel-50-ml-durex-play-gleitgel-saucy-strawberry-gel-50-ml-durex-sparpaket\/#primaryimage","url":"https:\/\/m.media-amazon.com\/images\/I\/51ocBo93--L._SL500_.jpg","contentUrl":"https:\/\/m.media-amazon.com\/images\/I\/51ocBo93--L._SL500_.jpg","width":500,"height":500},{"@type":"BreadcrumbList","@id":"https:\/\/marktxxl.de\/markt\/produkt\/durex-kondome-surprise-me-variety-40-stueck-durex-play-gleitgel-tingle-gel-50-ml-durex-play-gleitgel-saucy-strawberry-gel-50-ml-durex-sparpaket\/#breadcrumb","itemListElement":[{"@type":"ListItem","position":1,"name":"Startseite","item":"https:\/\/marktxxl.de\/markt\/"},{"@type":"ListItem","position":2,"name":"Markt","item":"https:\/\/marktxxl.de\/markt\/"},{"@type":"ListItem","position":3,"name":"Durex Kondome Surprise Me Variety 40 St\u00fcck &#8211; Durex Play Gleitgel Tingle Gel 50 ml &#8211; Durex Play Gleitgel Saucy Strawberry\u2026"}]},{"@type":"WebSite","@id":"https:\/\/marktxxl.de\/markt\/#website","url":"https:\/\/marktxxl.de\/markt\/","name":"Markt-XXL","description":"Ihr Markt Online","publisher":{"@id":"https:\/\/marktxxl.de\/markt\/#organization"},"potentialAction":[{"@type":"SearchAction","target":{"@type":"EntryPoint","urlTemplate":"https:\/\/marktxxl.de\/markt\/?s={search_term_string}"},"query-input":{"@type":"PropertyValueSpecification","valueRequired":true,"valueName":"search_term_string"}}],"inLanguage":"de"},{"@type":"Organization","@id":"https:\/\/marktxxl.de\/markt\/#organization","name":"Markt-XXL","url":"https:\/\/marktxxl.de\/markt\/","logo":{"@type":"ImageObject","inLanguage":"de","@id":"https:\/\/marktxxl.de\/markt\/#\/schema\/logo\/image\/","url":"https:\/\/marktxxl.de\/markt\/wp-content\/uploads\/sites\/3\/2020\/12\/logo.png","contentUrl":"https:\/\/marktxxl.de\/markt\/wp-content\/uploads\/sites\/3\/2020\/12\/logo.png","width":200,"height":70,"caption":"Markt-XXL"},"image":{"@id":"https:\/\/marktxxl.de\/markt\/#\/schema\/logo\/image\/"}}]}},"_links":{"self":[{"href":"https:\/\/marktxxl.de\/markt\/wp-json\/wp\/v2\/product\/46939","targetHints":{"allow":["GET"]}}],"collection":[{"href":"https:\/\/marktxxl.de\/markt\/wp-json\/wp\/v2\/product"}],"about":[{"href":"https:\/\/marktxxl.de\/markt\/wp-json\/wp\/v2\/types\/product"}],"replies":[{"embeddable":true,"href":"https:\/\/marktxxl.de\/markt\/wp-json\/wp\/v2\/comments?post=46939"}],"wp:featuredmedia":[{"embeddable":true,"href":"https:\/\/marktxxl.de\/markt\/wp-json\/wp\/v2\/media\/46940"}],"wp:attachment":[{"href":"https:\/\/marktxxl.de\/markt\/wp-json\/wp\/v2\/media?parent=46939"}],"wp:term":[{"taxonomy":"product_brand","embeddable":true,"href":"https:\/\/marktxxl.de\/markt\/wp-json\/wp\/v2\/product_brand?post=46939"},{"taxonomy":"product_cat","embeddable":true,"href":"https:\/\/marktxxl.de\/markt\/wp-json\/wp\/v2\/product_cat?post=46939"},{"taxonomy":"product_tag","embeddable":true,"href":"https:\/\/marktxxl.de\/markt\/wp-json\/wp\/v2\/product_tag?post=46939"}],"curies":[{"name":"wp","href":"https:\/\/api.w.org\/{rel}","templated":true}]}}