{"id":46776,"date":"2021-10-03T17:54:29","date_gmt":"2021-10-03T15:54:29","guid":{"rendered":"https:\/\/marktxxl.de\/markt\/produkt\/douper-ltd-medical-grade-silicone-enema-bulb-aginal-and-anal-douche-for-men-and-women-capacity-310ml-10-48oz\/"},"modified":"2023-04-11T02:06:32","modified_gmt":"2023-04-11T00:06:32","slug":"douper-ltd-medical-grade-silicone-enema-bulb-aginal-and-anal-douche-for-men-and-women-capacity-310ml-10-48oz","status":"publish","type":"product","link":"https:\/\/marktxxl.de\/markt\/produkt\/douper-ltd-medical-grade-silicone-enema-bulb-aginal-and-anal-douche-for-men-and-women-capacity-310ml-10-48oz\/","title":{"rendered":"Douper Ltd Medical Grade Silicone Enema Bulb Aginal And Anal Douche For Men And Women Capacity 310Ml \/10.48Oz"},"content":{"rendered":"<p>Komfortable Anwendung: Das Klistier-Set mit glatter Silikond\u00fcse und l\u00e4ngerer L\u00e4nge erm\u00f6glicht Ihnen einen komfortablen Einstieg. Flexible Gummi-Klistierbirne kann wiederholt gedr\u00fcckt werden und verformt sich nicht.<br \/>\nEffektive Verstopfungsentlastung Premium Dusche f\u00fcr M\u00e4nner und Frauen. 9 Spr\u00fchl\u00f6cher an der D\u00fcsenspitze bringen 360 ausreichend Wasserfluss. Die Klistierdusche funktioniert gut als Darmreinigung, dusche oder Vaginaldusche<br \/>\nGro\u00dfes Fassungsverm\u00f6gen, Einlauf-Set f\u00fcr Zuhause, Gesamtl\u00e4nge: 25,4 cm. D\u00fcsenl\u00e4nge: 12,7 cm. Das Kolonische Bew\u00e4sserungsset mit einer H\u00f6he von 12,7 cm kann 297,7 ml halten. BPA- und phthalat.<br \/>\nEinfach mit Wasser zu bef\u00fcllen: Die Klistier\u00f6ffnung hat einen Durchmesser von 2,8 cm. Bitte f\u00fcllen Sie die Klistierlampe durch die breite \u00d6ffnung, und es besteht keine Notwendigkeit, Wasser zu dr\u00fccken und zu saugen. Dann die D\u00fcse anbringen und verwenden.<br \/>\nPremium-Qualit\u00e4t: Nach Erhalt der Verpackung ziehen Sie bitte die D\u00fcse heraus, drehen Sie sie auf den Kopf und befestigen Sie sie an der Gl\u00fchbirne. 100% brandneues Einlauflampen-Set. Hochwertiges Produkt.<br \/>\n<div class=\"main-cross-sell\" data-asin=\"B01G062GG8\">\n\n\t<div class=\"WooZone-cross-sell-loader\">\n\t\t<div>\n\t\t\t<div id=\"floatingBarsG\">\n\t\t\t\t<div class=\"blockG\" id=\"rotateG_01\"><\/div>\n\t\t\t\t<div class=\"blockG\" id=\"rotateG_02\"><\/div>\n\t\t\t\t<div class=\"blockG\" id=\"rotateG_03\"><\/div>\n\t\t\t\t<div class=\"blockG\" id=\"rotateG_04\"><\/div>\n\t\t\t\t<div class=\"blockG\" id=\"rotateG_05\"><\/div>\n\t\t\t\t<div class=\"blockG\" id=\"rotateG_06\"><\/div>\n\t\t\t\t<div class=\"blockG\" id=\"rotateG_07\"><\/div>\n\t\t\t\t<div class=\"blockG\" id=\"rotateG_08\"><\/div>\n\t\t\t<\/div>\n\t\t\t<div class=\"WooZone-cross-sell-loader-text\"><\/div>\n\t\t<\/div>\n\t<\/div>\n\n\t\t\n<\/div>\n<div style=\"clear:both;\"><\/div><\/p>\n","protected":false},"excerpt":{"rendered":"<p>Komfortable Anwendung: Das Klistier-Set mit glatter Silikond\u00fcse und l\u00e4ngerer L\u00e4nge erm\u00f6glicht Ihnen einen komfortablen Einstieg. Flexible Gummi-Klistierbirne kann wiederholt gedr\u00fcckt werden und verformt sich nicht.<br \/>\nEffektive Verstopfungsentlastung Premium Dusche f\u00fcr M\u00e4nner und Frauen. 9 Spr\u00fchl\u00f6cher an der D\u00fcsenspitze bringen 360 ausreichend Wasserfluss. Die Klistierdusche funktioniert gut als Darmreinigung, dusche oder Vaginaldusche<br \/>\nGro\u00dfes Fassungsverm\u00f6gen, Einlauf-Set f\u00fcr Zuhause, Gesamtl\u00e4nge: 25,4 cm. D\u00fcsenl\u00e4nge: 12,7 cm. Das Kolonische Bew\u00e4sserungsset mit einer H\u00f6he von 12,7 cm kann 297,7 ml halten. BPA- und phthalat.<\/p>\n","protected":false},"featured_media":46777,"comment_status":"open","ping_status":"closed","template":"","meta":[],"product_brand":[],"product_cat":[652,2977],"product_tag":[],"class_list":{"0":"post-46776","1":"product","2":"type-product","3":"status-publish","4":"has-post-thumbnail","6":"product_cat-erotik-markt-xxl","7":"product_cat-sexspielzeug","8":"pa_binding-badartikel","9":"pa_brand-douper","10":"pa_manufacturer-hpc038","12":"first","13":"instock","14":"shipping-taxable","15":"purchasable","16":"product-type-simple","17":"customify-col","18":"product-has-gallery"},"yoast_head":"<!-- This site is optimized with the Yoast SEO plugin v27.4 - https:\/\/yoast.com\/product\/yoast-seo-wordpress\/ -->\n<title>Douper Ltd Medical Grade Silicone Enema Bulb Aginal And Anal Douche For Men And Women Capacity 310Ml \/10.48Oz - Markt-XXL<\/title>\n<meta name=\"description\" content=\"Markt-XXL Douper Ltd Medical Grade Silicone Enema Bulb Aginal And Anal Douche For Men And Women Capacity 310Ml \/10.48Oz\" \/>\n<meta name=\"robots\" content=\"index, follow, max-snippet:-1, max-image-preview:large, max-video-preview:-1\" \/>\n<link rel=\"canonical\" href=\"https:\/\/marktxxl.de\/markt\/produkt\/douper-ltd-medical-grade-silicone-enema-bulb-aginal-and-anal-douche-for-men-and-women-capacity-310ml-10-48oz\/\" \/>\n<meta property=\"og:locale\" content=\"de_DE\" \/>\n<meta property=\"og:type\" content=\"article\" \/>\n<meta property=\"og:title\" content=\"Douper Ltd Medical Grade Silicone Enema Bulb Aginal And Anal Douche For Men And Women Capacity 310Ml \/10.48Oz - Markt-XXL\" \/>\n<meta property=\"og:description\" content=\"Markt-XXL Douper Ltd Medical Grade Silicone Enema Bulb Aginal And Anal Douche For Men And Women Capacity 310Ml \/10.48Oz\" \/>\n<meta property=\"og:url\" content=\"https:\/\/marktxxl.de\/markt\/produkt\/douper-ltd-medical-grade-silicone-enema-bulb-aginal-and-anal-douche-for-men-and-women-capacity-310ml-10-48oz\/\" \/>\n<meta property=\"og:site_name\" content=\"Markt-XXL\" \/>\n<meta property=\"article:modified_time\" content=\"2023-04-11T00:06:32+00:00\" \/>\n<meta property=\"og:image\" content=\"https:\/\/m.media-amazon.com\/images\/I\/31RxQdOlJ5L._SL500_.jpg\" \/>\n\t<meta property=\"og:image:width\" content=\"500\" \/>\n\t<meta property=\"og:image:height\" content=\"500\" \/>\n\t<meta property=\"og:image:type\" content=\"image\/jpeg\" \/>\n<meta name=\"twitter:card\" content=\"summary_large_image\" \/>\n<meta name=\"twitter:label1\" content=\"Gesch\u00e4tzte Lesezeit\" \/>\n\t<meta name=\"twitter:data1\" content=\"1\u00a0Minute\" \/>\n<script type=\"application\/ld+json\" class=\"yoast-schema-graph\">{\"@context\":\"https:\\\/\\\/schema.org\",\"@graph\":[{\"@type\":\"WebPage\",\"@id\":\"https:\\\/\\\/marktxxl.de\\\/markt\\\/produkt\\\/douper-ltd-medical-grade-silicone-enema-bulb-aginal-and-anal-douche-for-men-and-women-capacity-310ml-10-48oz\\\/\",\"url\":\"https:\\\/\\\/marktxxl.de\\\/markt\\\/produkt\\\/douper-ltd-medical-grade-silicone-enema-bulb-aginal-and-anal-douche-for-men-and-women-capacity-310ml-10-48oz\\\/\",\"name\":\"Douper Ltd Medical Grade Silicone Enema Bulb Aginal And Anal Douche For Men And Women Capacity 310Ml \\\/10.48Oz - Markt-XXL\",\"isPartOf\":{\"@id\":\"https:\\\/\\\/marktxxl.de\\\/markt\\\/#website\"},\"primaryImageOfPage\":{\"@id\":\"https:\\\/\\\/marktxxl.de\\\/markt\\\/produkt\\\/douper-ltd-medical-grade-silicone-enema-bulb-aginal-and-anal-douche-for-men-and-women-capacity-310ml-10-48oz\\\/#primaryimage\"},\"image\":{\"@id\":\"https:\\\/\\\/marktxxl.de\\\/markt\\\/produkt\\\/douper-ltd-medical-grade-silicone-enema-bulb-aginal-and-anal-douche-for-men-and-women-capacity-310ml-10-48oz\\\/#primaryimage\"},\"thumbnailUrl\":\"https:\\\/\\\/m.media-amazon.com\\\/images\\\/I\\\/31RxQdOlJ5L._SL500_.jpg\",\"datePublished\":\"2021-10-03T15:54:29+00:00\",\"dateModified\":\"2023-04-11T00:06:32+00:00\",\"description\":\"Markt-XXL Douper Ltd Medical Grade Silicone Enema Bulb Aginal And Anal Douche For Men And Women Capacity 310Ml \\\/10.48Oz\",\"breadcrumb\":{\"@id\":\"https:\\\/\\\/marktxxl.de\\\/markt\\\/produkt\\\/douper-ltd-medical-grade-silicone-enema-bulb-aginal-and-anal-douche-for-men-and-women-capacity-310ml-10-48oz\\\/#breadcrumb\"},\"inLanguage\":\"de\",\"potentialAction\":[{\"@type\":\"ReadAction\",\"target\":[\"https:\\\/\\\/marktxxl.de\\\/markt\\\/produkt\\\/douper-ltd-medical-grade-silicone-enema-bulb-aginal-and-anal-douche-for-men-and-women-capacity-310ml-10-48oz\\\/\"]}]},{\"@type\":\"ImageObject\",\"inLanguage\":\"de\",\"@id\":\"https:\\\/\\\/marktxxl.de\\\/markt\\\/produkt\\\/douper-ltd-medical-grade-silicone-enema-bulb-aginal-and-anal-douche-for-men-and-women-capacity-310ml-10-48oz\\\/#primaryimage\",\"url\":\"https:\\\/\\\/m.media-amazon.com\\\/images\\\/I\\\/31RxQdOlJ5L._SL500_.jpg\",\"contentUrl\":\"https:\\\/\\\/m.media-amazon.com\\\/images\\\/I\\\/31RxQdOlJ5L._SL500_.jpg\",\"width\":500,\"height\":500},{\"@type\":\"BreadcrumbList\",\"@id\":\"https:\\\/\\\/marktxxl.de\\\/markt\\\/produkt\\\/douper-ltd-medical-grade-silicone-enema-bulb-aginal-and-anal-douche-for-men-and-women-capacity-310ml-10-48oz\\\/#breadcrumb\",\"itemListElement\":[{\"@type\":\"ListItem\",\"position\":1,\"name\":\"Startseite\",\"item\":\"https:\\\/\\\/marktxxl.de\\\/markt\\\/\"},{\"@type\":\"ListItem\",\"position\":2,\"name\":\"Markt\",\"item\":\"https:\\\/\\\/marktxxl.de\\\/markt\\\/\"},{\"@type\":\"ListItem\",\"position\":3,\"name\":\"Douper Ltd Medical Grade Silicone Enema Bulb Aginal And Anal Douche For Men And Women Capacity 310Ml \\\/10.48Oz\"}]},{\"@type\":\"WebSite\",\"@id\":\"https:\\\/\\\/marktxxl.de\\\/markt\\\/#website\",\"url\":\"https:\\\/\\\/marktxxl.de\\\/markt\\\/\",\"name\":\"Markt-XXL\",\"description\":\"Ihr Markt Online\",\"publisher\":{\"@id\":\"https:\\\/\\\/marktxxl.de\\\/markt\\\/#organization\"},\"potentialAction\":[{\"@type\":\"SearchAction\",\"target\":{\"@type\":\"EntryPoint\",\"urlTemplate\":\"https:\\\/\\\/marktxxl.de\\\/markt\\\/?s={search_term_string}\"},\"query-input\":{\"@type\":\"PropertyValueSpecification\",\"valueRequired\":true,\"valueName\":\"search_term_string\"}}],\"inLanguage\":\"de\"},{\"@type\":\"Organization\",\"@id\":\"https:\\\/\\\/marktxxl.de\\\/markt\\\/#organization\",\"name\":\"Markt-XXL\",\"url\":\"https:\\\/\\\/marktxxl.de\\\/markt\\\/\",\"logo\":{\"@type\":\"ImageObject\",\"inLanguage\":\"de\",\"@id\":\"https:\\\/\\\/marktxxl.de\\\/markt\\\/#\\\/schema\\\/logo\\\/image\\\/\",\"url\":\"https:\\\/\\\/marktxxl.de\\\/markt\\\/wp-content\\\/uploads\\\/sites\\\/3\\\/2020\\\/12\\\/logo.png\",\"contentUrl\":\"https:\\\/\\\/marktxxl.de\\\/markt\\\/wp-content\\\/uploads\\\/sites\\\/3\\\/2020\\\/12\\\/logo.png\",\"width\":200,\"height\":70,\"caption\":\"Markt-XXL\"},\"image\":{\"@id\":\"https:\\\/\\\/marktxxl.de\\\/markt\\\/#\\\/schema\\\/logo\\\/image\\\/\"}}]}<\/script>\n<!-- \/ Yoast SEO plugin. -->","yoast_head_json":{"title":"Douper Ltd Medical Grade Silicone Enema Bulb Aginal And Anal Douche For Men And Women Capacity 310Ml \/10.48Oz - Markt-XXL","description":"Markt-XXL Douper Ltd Medical Grade Silicone Enema Bulb Aginal And Anal Douche For Men And Women Capacity 310Ml \/10.48Oz","robots":{"index":"index","follow":"follow","max-snippet":"max-snippet:-1","max-image-preview":"max-image-preview:large","max-video-preview":"max-video-preview:-1"},"canonical":"https:\/\/marktxxl.de\/markt\/produkt\/douper-ltd-medical-grade-silicone-enema-bulb-aginal-and-anal-douche-for-men-and-women-capacity-310ml-10-48oz\/","og_locale":"de_DE","og_type":"article","og_title":"Douper Ltd Medical Grade Silicone Enema Bulb Aginal And Anal Douche For Men And Women Capacity 310Ml \/10.48Oz - Markt-XXL","og_description":"Markt-XXL Douper Ltd Medical Grade Silicone Enema Bulb Aginal And Anal Douche For Men And Women Capacity 310Ml \/10.48Oz","og_url":"https:\/\/marktxxl.de\/markt\/produkt\/douper-ltd-medical-grade-silicone-enema-bulb-aginal-and-anal-douche-for-men-and-women-capacity-310ml-10-48oz\/","og_site_name":"Markt-XXL","article_modified_time":"2023-04-11T00:06:32+00:00","og_image":[{"width":500,"height":500,"url":"https:\/\/m.media-amazon.com\/images\/I\/31RxQdOlJ5L._SL500_.jpg","type":"image\/jpeg"}],"twitter_card":"summary_large_image","twitter_misc":{"Gesch\u00e4tzte Lesezeit":"1\u00a0Minute"},"schema":{"@context":"https:\/\/schema.org","@graph":[{"@type":"WebPage","@id":"https:\/\/marktxxl.de\/markt\/produkt\/douper-ltd-medical-grade-silicone-enema-bulb-aginal-and-anal-douche-for-men-and-women-capacity-310ml-10-48oz\/","url":"https:\/\/marktxxl.de\/markt\/produkt\/douper-ltd-medical-grade-silicone-enema-bulb-aginal-and-anal-douche-for-men-and-women-capacity-310ml-10-48oz\/","name":"Douper Ltd Medical Grade Silicone Enema Bulb Aginal And Anal Douche For Men And Women Capacity 310Ml \/10.48Oz - Markt-XXL","isPartOf":{"@id":"https:\/\/marktxxl.de\/markt\/#website"},"primaryImageOfPage":{"@id":"https:\/\/marktxxl.de\/markt\/produkt\/douper-ltd-medical-grade-silicone-enema-bulb-aginal-and-anal-douche-for-men-and-women-capacity-310ml-10-48oz\/#primaryimage"},"image":{"@id":"https:\/\/marktxxl.de\/markt\/produkt\/douper-ltd-medical-grade-silicone-enema-bulb-aginal-and-anal-douche-for-men-and-women-capacity-310ml-10-48oz\/#primaryimage"},"thumbnailUrl":"https:\/\/m.media-amazon.com\/images\/I\/31RxQdOlJ5L._SL500_.jpg","datePublished":"2021-10-03T15:54:29+00:00","dateModified":"2023-04-11T00:06:32+00:00","description":"Markt-XXL Douper Ltd Medical Grade Silicone Enema Bulb Aginal And Anal Douche For Men And Women Capacity 310Ml \/10.48Oz","breadcrumb":{"@id":"https:\/\/marktxxl.de\/markt\/produkt\/douper-ltd-medical-grade-silicone-enema-bulb-aginal-and-anal-douche-for-men-and-women-capacity-310ml-10-48oz\/#breadcrumb"},"inLanguage":"de","potentialAction":[{"@type":"ReadAction","target":["https:\/\/marktxxl.de\/markt\/produkt\/douper-ltd-medical-grade-silicone-enema-bulb-aginal-and-anal-douche-for-men-and-women-capacity-310ml-10-48oz\/"]}]},{"@type":"ImageObject","inLanguage":"de","@id":"https:\/\/marktxxl.de\/markt\/produkt\/douper-ltd-medical-grade-silicone-enema-bulb-aginal-and-anal-douche-for-men-and-women-capacity-310ml-10-48oz\/#primaryimage","url":"https:\/\/m.media-amazon.com\/images\/I\/31RxQdOlJ5L._SL500_.jpg","contentUrl":"https:\/\/m.media-amazon.com\/images\/I\/31RxQdOlJ5L._SL500_.jpg","width":500,"height":500},{"@type":"BreadcrumbList","@id":"https:\/\/marktxxl.de\/markt\/produkt\/douper-ltd-medical-grade-silicone-enema-bulb-aginal-and-anal-douche-for-men-and-women-capacity-310ml-10-48oz\/#breadcrumb","itemListElement":[{"@type":"ListItem","position":1,"name":"Startseite","item":"https:\/\/marktxxl.de\/markt\/"},{"@type":"ListItem","position":2,"name":"Markt","item":"https:\/\/marktxxl.de\/markt\/"},{"@type":"ListItem","position":3,"name":"Douper Ltd Medical Grade Silicone Enema Bulb Aginal And Anal Douche For Men And Women Capacity 310Ml \/10.48Oz"}]},{"@type":"WebSite","@id":"https:\/\/marktxxl.de\/markt\/#website","url":"https:\/\/marktxxl.de\/markt\/","name":"Markt-XXL","description":"Ihr Markt Online","publisher":{"@id":"https:\/\/marktxxl.de\/markt\/#organization"},"potentialAction":[{"@type":"SearchAction","target":{"@type":"EntryPoint","urlTemplate":"https:\/\/marktxxl.de\/markt\/?s={search_term_string}"},"query-input":{"@type":"PropertyValueSpecification","valueRequired":true,"valueName":"search_term_string"}}],"inLanguage":"de"},{"@type":"Organization","@id":"https:\/\/marktxxl.de\/markt\/#organization","name":"Markt-XXL","url":"https:\/\/marktxxl.de\/markt\/","logo":{"@type":"ImageObject","inLanguage":"de","@id":"https:\/\/marktxxl.de\/markt\/#\/schema\/logo\/image\/","url":"https:\/\/marktxxl.de\/markt\/wp-content\/uploads\/sites\/3\/2020\/12\/logo.png","contentUrl":"https:\/\/marktxxl.de\/markt\/wp-content\/uploads\/sites\/3\/2020\/12\/logo.png","width":200,"height":70,"caption":"Markt-XXL"},"image":{"@id":"https:\/\/marktxxl.de\/markt\/#\/schema\/logo\/image\/"}}]}},"_links":{"self":[{"href":"https:\/\/marktxxl.de\/markt\/wp-json\/wp\/v2\/product\/46776","targetHints":{"allow":["GET"]}}],"collection":[{"href":"https:\/\/marktxxl.de\/markt\/wp-json\/wp\/v2\/product"}],"about":[{"href":"https:\/\/marktxxl.de\/markt\/wp-json\/wp\/v2\/types\/product"}],"replies":[{"embeddable":true,"href":"https:\/\/marktxxl.de\/markt\/wp-json\/wp\/v2\/comments?post=46776"}],"wp:featuredmedia":[{"embeddable":true,"href":"https:\/\/marktxxl.de\/markt\/wp-json\/wp\/v2\/media\/46777"}],"wp:attachment":[{"href":"https:\/\/marktxxl.de\/markt\/wp-json\/wp\/v2\/media?parent=46776"}],"wp:term":[{"taxonomy":"product_brand","embeddable":true,"href":"https:\/\/marktxxl.de\/markt\/wp-json\/wp\/v2\/product_brand?post=46776"},{"taxonomy":"product_cat","embeddable":true,"href":"https:\/\/marktxxl.de\/markt\/wp-json\/wp\/v2\/product_cat?post=46776"},{"taxonomy":"product_tag","embeddable":true,"href":"https:\/\/marktxxl.de\/markt\/wp-json\/wp\/v2\/product_tag?post=46776"}],"curies":[{"name":"wp","href":"https:\/\/api.w.org\/{rel}","templated":true}]}}