{"id":46744,"date":"2021-10-03T17:54:26","date_gmt":"2021-10-03T15:54:26","guid":{"rendered":"https:\/\/marktxxl.de\/markt\/produkt\/premium-einlaufset-zur-darmreinigung-edelstahl-2l-ebenthal-vital-darmeinlauf-irrigator-2m-schlauch-klistier-set-einlaufbecher-heilfasten-entgiften-per-darmspu\/"},"modified":"2023-04-11T02:06:32","modified_gmt":"2023-04-11T00:06:32","slug":"premium-einlaufset-zur-darmreinigung-edelstahl-2l-ebenthal-vital-darmeinlauf-irrigator-2m-schlauch-klistier-set-einlaufbecher-heilfasten-entgiften-per-darmspu","status":"publish","type":"product","link":"https:\/\/marktxxl.de\/markt\/produkt\/premium-einlaufset-zur-darmreinigung-edelstahl-2l-ebenthal-vital-darmeinlauf-irrigator-2m-schlauch-klistier-set-einlaufbecher-heilfasten-entgiften-per-darmspu\/","title":{"rendered":"EBENTHAL-VITAL Darmeinlauf mit 2 m Schlauch und Edelstahlbeh\u00e4lter &#8211; Irrigator zur Darmreinigung BPA-frei &#8211; Darmsp\u00fclung\u2026"},"content":{"rendered":"<p>\u2705 WIEDERVERWENDBARE PREMIUM QUALIT\u00c4T: Unser Enema-Kit besteht aus einem hochwertigen Edelstahl-Beh\u00e4lter, einem zwei Meter langen Silikonschlauch und Einlaufspitzen aus Kunststoff (BPA-frei). Die Qualit\u00e4t der Materialien garantiert die hygienische und einfache Anwendung<br \/>\n\u2705 KOMPLETT-SET: Das Einlauf-System enth\u00e4lt alles, was man f\u00fcr die Darm-Reinigung ben\u00f6tigt: Beh\u00e4lter, Schlauch, Anschlussst\u00fccke, Klemme, Gebrauchsanweisung und einen Beutel f\u00fcr die Aufbewahrung<br \/>\n\u2705 ST\u00c4RKUNG DES IMMUNSYSTEMS: Nat\u00fcrliches Abf\u00fchrmittel beim Heilfasten, bei Darmproblemen, Verstopfungen, Darmtr\u00e4gheit oder Obstipation. Geeignet f\u00fcr alle Fl\u00fcssigkeiten wie Kaffee, Tee, Wasser oder andere Einlaufl\u00f6sungen. Nach Gebrauch sollte das Set mit klarem Wasser gr\u00fcndlich gereinigt werden<br \/>\n\u2705 GEBRAUCHSANWEISUNG: Auch f\u00fcr unerfahrene und erstmalige Benutzer geeignet, da eine detaillierte Gebrauchsanweisung f\u00fcr den sicheren ersten Einlauf zum Download zur Verf\u00fcgung steht. Den dazugeh\u00f6rigen Downloadlink erhalten Sie auf der Verpackung Ihres Einlaufsets<br \/>\n\u2705 WEITERE EINLAUFPRODUKTE: EBENTHAL VITAL ist die Nummer 1 in Sachen Darmeinlauf, Darmreinigung und Darmgesundheit Wir erweitern unsere Produktpalette st\u00e4ndig: Ersatzspitzen, Einlaufbecher Komplettset, Kaffee speziell f\u00fcr den Kaffeeeinlauf, Klistiers, Ersatzspitzen und vieles mehr<br \/>\n<div class=\"main-cross-sell\" data-asin=\"B0777NV5H4\">\n\n\t<div class=\"WooZone-cross-sell-loader\">\n\t\t<div>\n\t\t\t<div id=\"floatingBarsG\">\n\t\t\t\t<div class=\"blockG\" id=\"rotateG_01\"><\/div>\n\t\t\t\t<div class=\"blockG\" id=\"rotateG_02\"><\/div>\n\t\t\t\t<div class=\"blockG\" id=\"rotateG_03\"><\/div>\n\t\t\t\t<div class=\"blockG\" id=\"rotateG_04\"><\/div>\n\t\t\t\t<div class=\"blockG\" id=\"rotateG_05\"><\/div>\n\t\t\t\t<div class=\"blockG\" id=\"rotateG_06\"><\/div>\n\t\t\t\t<div class=\"blockG\" id=\"rotateG_07\"><\/div>\n\t\t\t\t<div class=\"blockG\" id=\"rotateG_08\"><\/div>\n\t\t\t<\/div>\n\t\t\t<div class=\"WooZone-cross-sell-loader-text\"><\/div>\n\t\t<\/div>\n\t<\/div>\n\n\t\t\n<\/div>\n<div style=\"clear:both;\"><\/div><\/p>\n","protected":false},"excerpt":{"rendered":"<p>\u2705 WIEDERVERWENDBARE PREMIUM QUALIT\u00c4T: Unser Enema-Kit besteht aus einem hochwertigen Edelstahl-Beh\u00e4lter, einem zwei Meter langen Silikonschlauch und Einlaufspitzen aus Kunststoff (BPA-frei). Die Qualit\u00e4t der Materialien garantiert die hygienische und einfache Anwendung<br \/>\n\u2705 KOMPLETT-SET: Das Einlauf-System enth\u00e4lt alles, was man f\u00fcr die Darm-Reinigung ben\u00f6tigt: Beh\u00e4lter, Schlauch, Anschlussst\u00fccke, Klemme, Gebrauchsanweisung und einen Beutel f\u00fcr die Aufbewahrung<br \/>\n\u2705 ST\u00c4RKUNG DES IMMUNSYSTEMS: Nat\u00fcrliches Abf\u00fchrmittel beim Heilfasten, bei Darmproblemen, Verstopfungen, Darmtr\u00e4gheit oder Obstipation. Geeignet f\u00fcr alle Fl\u00fcssigkeiten wie Kaffee, Tee, Wasser oder andere Einlaufl\u00f6sungen. Nach Gebrauch sollte das Set mit klarem Wasser gr\u00fcndlich gereinigt werden<\/p>\n","protected":false},"featured_media":46745,"comment_status":"open","ping_status":"closed","template":"","meta":[],"product_brand":[],"product_cat":[652,2977],"product_tag":[],"class_list":{"0":"post-46744","1":"product","2":"type-product","3":"status-publish","4":"has-post-thumbnail","6":"product_cat-erotik-markt-xxl","7":"product_cat-sexspielzeug","8":"pa_binding-badartikel","9":"pa_brand-ebenthal-vital","10":"pa_height-7-87401574-zoll","11":"pa_length-6-692913379-zoll","12":"pa_manufacturer-tyche-technologies-gmbh","13":"pa_size-1-stueck-1er-pack","14":"pa_width-6-692913379-zoll","16":"first","17":"instock","18":"shipping-taxable","19":"purchasable","20":"product-type-simple","21":"customify-col","22":"product-has-gallery"},"yoast_head":"<!-- This site is optimized with the Yoast SEO plugin v27.4 - https:\/\/yoast.com\/product\/yoast-seo-wordpress\/ -->\n<title>EBENTHAL-VITAL Darmeinlauf mit 2 m Schlauch und Edelstahlbeh\u00e4lter - Irrigator zur Darmreinigung BPA-frei - Darmsp\u00fclung\u2026 - Markt-XXL<\/title>\n<meta name=\"description\" content=\"Markt-XXL EBENTHAL-VITAL Darmeinlauf mit 2 m Schlauch und Edelstahlbeh\u00e4lter - Irrigator zur Darmreinigung BPA-frei - Darmsp\u00fclung\u2026\" \/>\n<meta name=\"robots\" content=\"index, follow, max-snippet:-1, max-image-preview:large, max-video-preview:-1\" \/>\n<link rel=\"canonical\" href=\"https:\/\/marktxxl.de\/markt\/produkt\/premium-einlaufset-zur-darmreinigung-edelstahl-2l-ebenthal-vital-darmeinlauf-irrigator-2m-schlauch-klistier-set-einlaufbecher-heilfasten-entgiften-per-darmspu\/\" \/>\n<meta property=\"og:locale\" content=\"de_DE\" \/>\n<meta property=\"og:type\" content=\"article\" \/>\n<meta property=\"og:title\" content=\"EBENTHAL-VITAL Darmeinlauf mit 2 m Schlauch und Edelstahlbeh\u00e4lter - Irrigator zur Darmreinigung BPA-frei - Darmsp\u00fclung\u2026 - Markt-XXL\" \/>\n<meta property=\"og:description\" content=\"Markt-XXL EBENTHAL-VITAL Darmeinlauf mit 2 m Schlauch und Edelstahlbeh\u00e4lter - Irrigator zur Darmreinigung BPA-frei - Darmsp\u00fclung\u2026\" \/>\n<meta property=\"og:url\" content=\"https:\/\/marktxxl.de\/markt\/produkt\/premium-einlaufset-zur-darmreinigung-edelstahl-2l-ebenthal-vital-darmeinlauf-irrigator-2m-schlauch-klistier-set-einlaufbecher-heilfasten-entgiften-per-darmspu\/\" \/>\n<meta property=\"og:site_name\" content=\"Markt-XXL\" \/>\n<meta property=\"article:modified_time\" content=\"2023-04-11T00:06:32+00:00\" \/>\n<meta property=\"og:image\" content=\"https:\/\/m.media-amazon.com\/images\/I\/41Ww81RUzIL._SL500_.jpg\" \/>\n\t<meta property=\"og:image:width\" content=\"500\" \/>\n\t<meta property=\"og:image:height\" content=\"467\" \/>\n\t<meta property=\"og:image:type\" content=\"image\/jpeg\" \/>\n<meta name=\"twitter:card\" content=\"summary_large_image\" \/>\n<meta name=\"twitter:label1\" content=\"Gesch\u00e4tzte Lesezeit\" \/>\n\t<meta name=\"twitter:data1\" content=\"1\u00a0Minute\" \/>\n<script type=\"application\/ld+json\" class=\"yoast-schema-graph\">{\"@context\":\"https:\\\/\\\/schema.org\",\"@graph\":[{\"@type\":\"WebPage\",\"@id\":\"https:\\\/\\\/marktxxl.de\\\/markt\\\/produkt\\\/premium-einlaufset-zur-darmreinigung-edelstahl-2l-ebenthal-vital-darmeinlauf-irrigator-2m-schlauch-klistier-set-einlaufbecher-heilfasten-entgiften-per-darmspu\\\/\",\"url\":\"https:\\\/\\\/marktxxl.de\\\/markt\\\/produkt\\\/premium-einlaufset-zur-darmreinigung-edelstahl-2l-ebenthal-vital-darmeinlauf-irrigator-2m-schlauch-klistier-set-einlaufbecher-heilfasten-entgiften-per-darmspu\\\/\",\"name\":\"EBENTHAL-VITAL Darmeinlauf mit 2 m Schlauch und Edelstahlbeh\u00e4lter - Irrigator zur Darmreinigung BPA-frei - Darmsp\u00fclung\u2026 - Markt-XXL\",\"isPartOf\":{\"@id\":\"https:\\\/\\\/marktxxl.de\\\/markt\\\/#website\"},\"primaryImageOfPage\":{\"@id\":\"https:\\\/\\\/marktxxl.de\\\/markt\\\/produkt\\\/premium-einlaufset-zur-darmreinigung-edelstahl-2l-ebenthal-vital-darmeinlauf-irrigator-2m-schlauch-klistier-set-einlaufbecher-heilfasten-entgiften-per-darmspu\\\/#primaryimage\"},\"image\":{\"@id\":\"https:\\\/\\\/marktxxl.de\\\/markt\\\/produkt\\\/premium-einlaufset-zur-darmreinigung-edelstahl-2l-ebenthal-vital-darmeinlauf-irrigator-2m-schlauch-klistier-set-einlaufbecher-heilfasten-entgiften-per-darmspu\\\/#primaryimage\"},\"thumbnailUrl\":\"https:\\\/\\\/m.media-amazon.com\\\/images\\\/I\\\/41Ww81RUzIL._SL500_.jpg\",\"datePublished\":\"2021-10-03T15:54:26+00:00\",\"dateModified\":\"2023-04-11T00:06:32+00:00\",\"description\":\"Markt-XXL EBENTHAL-VITAL Darmeinlauf mit 2 m Schlauch und Edelstahlbeh\u00e4lter - Irrigator zur Darmreinigung BPA-frei - Darmsp\u00fclung\u2026\",\"breadcrumb\":{\"@id\":\"https:\\\/\\\/marktxxl.de\\\/markt\\\/produkt\\\/premium-einlaufset-zur-darmreinigung-edelstahl-2l-ebenthal-vital-darmeinlauf-irrigator-2m-schlauch-klistier-set-einlaufbecher-heilfasten-entgiften-per-darmspu\\\/#breadcrumb\"},\"inLanguage\":\"de\",\"potentialAction\":[{\"@type\":\"ReadAction\",\"target\":[\"https:\\\/\\\/marktxxl.de\\\/markt\\\/produkt\\\/premium-einlaufset-zur-darmreinigung-edelstahl-2l-ebenthal-vital-darmeinlauf-irrigator-2m-schlauch-klistier-set-einlaufbecher-heilfasten-entgiften-per-darmspu\\\/\"]}]},{\"@type\":\"ImageObject\",\"inLanguage\":\"de\",\"@id\":\"https:\\\/\\\/marktxxl.de\\\/markt\\\/produkt\\\/premium-einlaufset-zur-darmreinigung-edelstahl-2l-ebenthal-vital-darmeinlauf-irrigator-2m-schlauch-klistier-set-einlaufbecher-heilfasten-entgiften-per-darmspu\\\/#primaryimage\",\"url\":\"https:\\\/\\\/m.media-amazon.com\\\/images\\\/I\\\/41Ww81RUzIL._SL500_.jpg\",\"contentUrl\":\"https:\\\/\\\/m.media-amazon.com\\\/images\\\/I\\\/41Ww81RUzIL._SL500_.jpg\",\"width\":500,\"height\":467},{\"@type\":\"BreadcrumbList\",\"@id\":\"https:\\\/\\\/marktxxl.de\\\/markt\\\/produkt\\\/premium-einlaufset-zur-darmreinigung-edelstahl-2l-ebenthal-vital-darmeinlauf-irrigator-2m-schlauch-klistier-set-einlaufbecher-heilfasten-entgiften-per-darmspu\\\/#breadcrumb\",\"itemListElement\":[{\"@type\":\"ListItem\",\"position\":1,\"name\":\"Startseite\",\"item\":\"https:\\\/\\\/marktxxl.de\\\/markt\\\/\"},{\"@type\":\"ListItem\",\"position\":2,\"name\":\"Markt\",\"item\":\"https:\\\/\\\/marktxxl.de\\\/markt\\\/\"},{\"@type\":\"ListItem\",\"position\":3,\"name\":\"EBENTHAL-VITAL Darmeinlauf mit 2 m Schlauch und Edelstahlbeh\u00e4lter &#8211; Irrigator zur Darmreinigung BPA-frei &#8211; Darmsp\u00fclung\u2026\"}]},{\"@type\":\"WebSite\",\"@id\":\"https:\\\/\\\/marktxxl.de\\\/markt\\\/#website\",\"url\":\"https:\\\/\\\/marktxxl.de\\\/markt\\\/\",\"name\":\"Markt-XXL\",\"description\":\"Ihr Markt Online\",\"publisher\":{\"@id\":\"https:\\\/\\\/marktxxl.de\\\/markt\\\/#organization\"},\"potentialAction\":[{\"@type\":\"SearchAction\",\"target\":{\"@type\":\"EntryPoint\",\"urlTemplate\":\"https:\\\/\\\/marktxxl.de\\\/markt\\\/?s={search_term_string}\"},\"query-input\":{\"@type\":\"PropertyValueSpecification\",\"valueRequired\":true,\"valueName\":\"search_term_string\"}}],\"inLanguage\":\"de\"},{\"@type\":\"Organization\",\"@id\":\"https:\\\/\\\/marktxxl.de\\\/markt\\\/#organization\",\"name\":\"Markt-XXL\",\"url\":\"https:\\\/\\\/marktxxl.de\\\/markt\\\/\",\"logo\":{\"@type\":\"ImageObject\",\"inLanguage\":\"de\",\"@id\":\"https:\\\/\\\/marktxxl.de\\\/markt\\\/#\\\/schema\\\/logo\\\/image\\\/\",\"url\":\"https:\\\/\\\/marktxxl.de\\\/markt\\\/wp-content\\\/uploads\\\/sites\\\/3\\\/2020\\\/12\\\/logo.png\",\"contentUrl\":\"https:\\\/\\\/marktxxl.de\\\/markt\\\/wp-content\\\/uploads\\\/sites\\\/3\\\/2020\\\/12\\\/logo.png\",\"width\":200,\"height\":70,\"caption\":\"Markt-XXL\"},\"image\":{\"@id\":\"https:\\\/\\\/marktxxl.de\\\/markt\\\/#\\\/schema\\\/logo\\\/image\\\/\"}}]}<\/script>\n<!-- \/ Yoast SEO plugin. -->","yoast_head_json":{"title":"EBENTHAL-VITAL Darmeinlauf mit 2 m Schlauch und Edelstahlbeh\u00e4lter - Irrigator zur Darmreinigung BPA-frei - Darmsp\u00fclung\u2026 - Markt-XXL","description":"Markt-XXL EBENTHAL-VITAL Darmeinlauf mit 2 m Schlauch und Edelstahlbeh\u00e4lter - Irrigator zur Darmreinigung BPA-frei - Darmsp\u00fclung\u2026","robots":{"index":"index","follow":"follow","max-snippet":"max-snippet:-1","max-image-preview":"max-image-preview:large","max-video-preview":"max-video-preview:-1"},"canonical":"https:\/\/marktxxl.de\/markt\/produkt\/premium-einlaufset-zur-darmreinigung-edelstahl-2l-ebenthal-vital-darmeinlauf-irrigator-2m-schlauch-klistier-set-einlaufbecher-heilfasten-entgiften-per-darmspu\/","og_locale":"de_DE","og_type":"article","og_title":"EBENTHAL-VITAL Darmeinlauf mit 2 m Schlauch und Edelstahlbeh\u00e4lter - Irrigator zur Darmreinigung BPA-frei - Darmsp\u00fclung\u2026 - Markt-XXL","og_description":"Markt-XXL EBENTHAL-VITAL Darmeinlauf mit 2 m Schlauch und Edelstahlbeh\u00e4lter - Irrigator zur Darmreinigung BPA-frei - Darmsp\u00fclung\u2026","og_url":"https:\/\/marktxxl.de\/markt\/produkt\/premium-einlaufset-zur-darmreinigung-edelstahl-2l-ebenthal-vital-darmeinlauf-irrigator-2m-schlauch-klistier-set-einlaufbecher-heilfasten-entgiften-per-darmspu\/","og_site_name":"Markt-XXL","article_modified_time":"2023-04-11T00:06:32+00:00","og_image":[{"width":500,"height":467,"url":"https:\/\/m.media-amazon.com\/images\/I\/41Ww81RUzIL._SL500_.jpg","type":"image\/jpeg"}],"twitter_card":"summary_large_image","twitter_misc":{"Gesch\u00e4tzte Lesezeit":"1\u00a0Minute"},"schema":{"@context":"https:\/\/schema.org","@graph":[{"@type":"WebPage","@id":"https:\/\/marktxxl.de\/markt\/produkt\/premium-einlaufset-zur-darmreinigung-edelstahl-2l-ebenthal-vital-darmeinlauf-irrigator-2m-schlauch-klistier-set-einlaufbecher-heilfasten-entgiften-per-darmspu\/","url":"https:\/\/marktxxl.de\/markt\/produkt\/premium-einlaufset-zur-darmreinigung-edelstahl-2l-ebenthal-vital-darmeinlauf-irrigator-2m-schlauch-klistier-set-einlaufbecher-heilfasten-entgiften-per-darmspu\/","name":"EBENTHAL-VITAL Darmeinlauf mit 2 m Schlauch und Edelstahlbeh\u00e4lter - Irrigator zur Darmreinigung BPA-frei - Darmsp\u00fclung\u2026 - Markt-XXL","isPartOf":{"@id":"https:\/\/marktxxl.de\/markt\/#website"},"primaryImageOfPage":{"@id":"https:\/\/marktxxl.de\/markt\/produkt\/premium-einlaufset-zur-darmreinigung-edelstahl-2l-ebenthal-vital-darmeinlauf-irrigator-2m-schlauch-klistier-set-einlaufbecher-heilfasten-entgiften-per-darmspu\/#primaryimage"},"image":{"@id":"https:\/\/marktxxl.de\/markt\/produkt\/premium-einlaufset-zur-darmreinigung-edelstahl-2l-ebenthal-vital-darmeinlauf-irrigator-2m-schlauch-klistier-set-einlaufbecher-heilfasten-entgiften-per-darmspu\/#primaryimage"},"thumbnailUrl":"https:\/\/m.media-amazon.com\/images\/I\/41Ww81RUzIL._SL500_.jpg","datePublished":"2021-10-03T15:54:26+00:00","dateModified":"2023-04-11T00:06:32+00:00","description":"Markt-XXL EBENTHAL-VITAL Darmeinlauf mit 2 m Schlauch und Edelstahlbeh\u00e4lter - Irrigator zur Darmreinigung BPA-frei - Darmsp\u00fclung\u2026","breadcrumb":{"@id":"https:\/\/marktxxl.de\/markt\/produkt\/premium-einlaufset-zur-darmreinigung-edelstahl-2l-ebenthal-vital-darmeinlauf-irrigator-2m-schlauch-klistier-set-einlaufbecher-heilfasten-entgiften-per-darmspu\/#breadcrumb"},"inLanguage":"de","potentialAction":[{"@type":"ReadAction","target":["https:\/\/marktxxl.de\/markt\/produkt\/premium-einlaufset-zur-darmreinigung-edelstahl-2l-ebenthal-vital-darmeinlauf-irrigator-2m-schlauch-klistier-set-einlaufbecher-heilfasten-entgiften-per-darmspu\/"]}]},{"@type":"ImageObject","inLanguage":"de","@id":"https:\/\/marktxxl.de\/markt\/produkt\/premium-einlaufset-zur-darmreinigung-edelstahl-2l-ebenthal-vital-darmeinlauf-irrigator-2m-schlauch-klistier-set-einlaufbecher-heilfasten-entgiften-per-darmspu\/#primaryimage","url":"https:\/\/m.media-amazon.com\/images\/I\/41Ww81RUzIL._SL500_.jpg","contentUrl":"https:\/\/m.media-amazon.com\/images\/I\/41Ww81RUzIL._SL500_.jpg","width":500,"height":467},{"@type":"BreadcrumbList","@id":"https:\/\/marktxxl.de\/markt\/produkt\/premium-einlaufset-zur-darmreinigung-edelstahl-2l-ebenthal-vital-darmeinlauf-irrigator-2m-schlauch-klistier-set-einlaufbecher-heilfasten-entgiften-per-darmspu\/#breadcrumb","itemListElement":[{"@type":"ListItem","position":1,"name":"Startseite","item":"https:\/\/marktxxl.de\/markt\/"},{"@type":"ListItem","position":2,"name":"Markt","item":"https:\/\/marktxxl.de\/markt\/"},{"@type":"ListItem","position":3,"name":"EBENTHAL-VITAL Darmeinlauf mit 2 m Schlauch und Edelstahlbeh\u00e4lter &#8211; Irrigator zur Darmreinigung BPA-frei &#8211; Darmsp\u00fclung\u2026"}]},{"@type":"WebSite","@id":"https:\/\/marktxxl.de\/markt\/#website","url":"https:\/\/marktxxl.de\/markt\/","name":"Markt-XXL","description":"Ihr Markt Online","publisher":{"@id":"https:\/\/marktxxl.de\/markt\/#organization"},"potentialAction":[{"@type":"SearchAction","target":{"@type":"EntryPoint","urlTemplate":"https:\/\/marktxxl.de\/markt\/?s={search_term_string}"},"query-input":{"@type":"PropertyValueSpecification","valueRequired":true,"valueName":"search_term_string"}}],"inLanguage":"de"},{"@type":"Organization","@id":"https:\/\/marktxxl.de\/markt\/#organization","name":"Markt-XXL","url":"https:\/\/marktxxl.de\/markt\/","logo":{"@type":"ImageObject","inLanguage":"de","@id":"https:\/\/marktxxl.de\/markt\/#\/schema\/logo\/image\/","url":"https:\/\/marktxxl.de\/markt\/wp-content\/uploads\/sites\/3\/2020\/12\/logo.png","contentUrl":"https:\/\/marktxxl.de\/markt\/wp-content\/uploads\/sites\/3\/2020\/12\/logo.png","width":200,"height":70,"caption":"Markt-XXL"},"image":{"@id":"https:\/\/marktxxl.de\/markt\/#\/schema\/logo\/image\/"}}]}},"_links":{"self":[{"href":"https:\/\/marktxxl.de\/markt\/wp-json\/wp\/v2\/product\/46744","targetHints":{"allow":["GET"]}}],"collection":[{"href":"https:\/\/marktxxl.de\/markt\/wp-json\/wp\/v2\/product"}],"about":[{"href":"https:\/\/marktxxl.de\/markt\/wp-json\/wp\/v2\/types\/product"}],"replies":[{"embeddable":true,"href":"https:\/\/marktxxl.de\/markt\/wp-json\/wp\/v2\/comments?post=46744"}],"wp:featuredmedia":[{"embeddable":true,"href":"https:\/\/marktxxl.de\/markt\/wp-json\/wp\/v2\/media\/46745"}],"wp:attachment":[{"href":"https:\/\/marktxxl.de\/markt\/wp-json\/wp\/v2\/media?parent=46744"}],"wp:term":[{"taxonomy":"product_brand","embeddable":true,"href":"https:\/\/marktxxl.de\/markt\/wp-json\/wp\/v2\/product_brand?post=46744"},{"taxonomy":"product_cat","embeddable":true,"href":"https:\/\/marktxxl.de\/markt\/wp-json\/wp\/v2\/product_cat?post=46744"},{"taxonomy":"product_tag","embeddable":true,"href":"https:\/\/marktxxl.de\/markt\/wp-json\/wp\/v2\/product_tag?post=46744"}],"curies":[{"name":"wp","href":"https:\/\/api.w.org\/{rel}","templated":true}]}}