{"id":46420,"date":"2021-09-26T16:48:24","date_gmt":"2021-09-26T14:48:24","guid":{"rendered":"https:\/\/marktxxl.de\/markt\/produkt\/vitis-vital-premium-traubenkerne-als-fuellung-fuer-koernerkissen-ideal-zum-waermen-und-kuehlen-sehr-anschmiegsam-durch-kleine-korngroesse-besonders-lange-temperaturspeicherung-regional-von-d\/"},"modified":"2023-04-11T02:06:27","modified_gmt":"2023-04-11T00:06:27","slug":"vitis-vital-premium-traubenkerne-als-fuellung-fuer-koernerkissen-ideal-zum-waermen-und-kuehlen-sehr-anschmiegsam-durch-kleine-korngroesse-besonders-lange-temperaturspeicherung-regional-von-d","status":"publish","type":"product","link":"https:\/\/marktxxl.de\/markt\/produkt\/vitis-vital-premium-traubenkerne-als-fuellung-fuer-koernerkissen-ideal-zum-waermen-und-kuehlen-sehr-anschmiegsam-durch-kleine-korngroesse-besonders-lange-temperaturspeicherung-regional-von-d\/","title":{"rendered":"Vitis Vital Premium Traubenkerne lose | Packung 10kg | idealer F\u00fcllstoff f\u00fcr W\u00e4rmekissen und K\u00fchlkissen | F\u00fcllmaterial\u2026"},"content":{"rendered":"<p>AUFWENDIG GEREINIGT und frei von Fremdpartikeln eignen sich Traubenkerne von Vitis Vital bestens als F\u00fcllstoff f\u00fcr K\u00f6rnerkissen. Sie liegen angenehm auf der Haut und sind die ideale F\u00fcllung f\u00fcr Entspannungs-, W\u00e4rme- und K\u00e4ltekissen.<br \/>\nANSCHMIEGSAM UND WOHLTUEND passen sich Traubenkernkissen dank der kleinen K\u00f6rnergr\u00f6\u00dfe hervorragend an den K\u00f6rper an. Dadurch kann eine gezielte W\u00e4rme- oder K\u00e4lteabgabe erfolgen.<br \/>\nREINES NATURPRODUKT ohne Zus\u00e4tze &#8211; Traubenkerne von Vitis Vital sind frei von jeglichen Zus\u00e4tzen. Zus\u00e4tzlich zum F\u00fcllmaterial f\u00fcr K\u00f6rnerkissen eignen sich diese Traubenkerne auch hervorragend als Deko- oder Bastelmaterial.<br \/>\nVITIS VITAL ist der Profi f\u00fcr Traubenkernspezialit\u00e4ten. Seit \u00fcber 20 Jahren verschickt das Unternehmen seine Naturprodukte aus Traubenkernen in die ganze Welt. Nat\u00fcrliche und nachhaltige Produkte sind das Markenzeichen des Unternehmens.<br \/>\nSCHULTER, KNIE, NACKEN die Anwendungsbereiche f\u00fcr Traubenkernkissen sind sehr vielf\u00e4ltig. Zu jeder Bestellung erhalten Sie detaillierte Anwendungshinweise mit Infos f\u00fcr den Gebrauch von Traubenkernen.<br \/>\n<div class=\"main-cross-sell\" data-asin=\"B0095SOMX4\">\n\n\t<div class=\"WooZone-cross-sell-loader\">\n\t\t<div>\n\t\t\t<div id=\"floatingBarsG\">\n\t\t\t\t<div class=\"blockG\" id=\"rotateG_01\"><\/div>\n\t\t\t\t<div class=\"blockG\" id=\"rotateG_02\"><\/div>\n\t\t\t\t<div class=\"blockG\" id=\"rotateG_03\"><\/div>\n\t\t\t\t<div class=\"blockG\" id=\"rotateG_04\"><\/div>\n\t\t\t\t<div class=\"blockG\" id=\"rotateG_05\"><\/div>\n\t\t\t\t<div class=\"blockG\" id=\"rotateG_06\"><\/div>\n\t\t\t\t<div class=\"blockG\" id=\"rotateG_07\"><\/div>\n\t\t\t\t<div class=\"blockG\" id=\"rotateG_08\"><\/div>\n\t\t\t<\/div>\n\t\t\t<div class=\"WooZone-cross-sell-loader-text\"><\/div>\n\t\t<\/div>\n\t<\/div>\n\n\t\t\n<\/div>\n<div style=\"clear:both;\"><\/div><\/p>\n","protected":false},"excerpt":{"rendered":"<p>AUFWENDIG GEREINIGT und frei von Fremdpartikeln eignen sich Traubenkerne von Vitis Vital bestens als F\u00fcllstoff f\u00fcr K\u00f6rnerkissen. Sie liegen angenehm auf der Haut und sind die ideale F\u00fcllung f\u00fcr Entspannungs-, W\u00e4rme- und K\u00e4ltekissen.<br \/>\nANSCHMIEGSAM UND WOHLTUEND passen sich Traubenkernkissen dank der kleinen K\u00f6rnergr\u00f6\u00dfe hervorragend an den K\u00f6rper an. Dadurch kann eine gezielte W\u00e4rme- oder K\u00e4lteabgabe erfolgen.<br \/>\nREINES NATURPRODUKT ohne Zus\u00e4tze &#8211; Traubenkerne von Vitis Vital sind frei von jeglichen Zus\u00e4tzen. Zus\u00e4tzlich zum F\u00fcllmaterial f\u00fcr K\u00f6rnerkissen eignen sich diese Traubenkerne auch hervorragend als Deko- oder Bastelmaterial.<\/p>\n","protected":false},"featured_media":46421,"comment_status":"open","ping_status":"closed","template":"","meta":[],"product_brand":[],"product_cat":[566,6496],"product_tag":[],"class_list":{"0":"post-46420","1":"product","2":"type-product","3":"status-publish","4":"has-post-thumbnail","6":"product_cat-drogerie-koerperpflege","7":"product_cat-wellness","8":"pa_binding-badartikel","9":"pa_brand-vitis","10":"pa_color-braun","11":"pa_manufacturer-vitis-traubenkern-gmbh","12":"pa_size-10-kg-1er-pack","13":"pa_weight-22-0462262-pfund","15":"first","16":"instock","17":"shipping-taxable","18":"purchasable","19":"product-type-simple","20":"customify-col","21":"product-has-gallery"},"yoast_head":"<!-- This site is optimized with the Yoast SEO plugin v27.3 - https:\/\/yoast.com\/product\/yoast-seo-wordpress\/ -->\n<title>Vitis Vital Premium Traubenkerne lose | Packung 10kg | idealer F\u00fcllstoff f\u00fcr W\u00e4rmekissen und K\u00fchlkissen | F\u00fcllmaterial\u2026 - Markt-XXL<\/title>\n<meta name=\"description\" content=\"Markt-XXL Vitis Vital Premium Traubenkerne lose | Packung 10kg | idealer F\u00fcllstoff f\u00fcr W\u00e4rmekissen und K\u00fchlkissen | F\u00fcllmaterial\u2026\" \/>\n<meta name=\"robots\" content=\"index, follow, max-snippet:-1, max-image-preview:large, max-video-preview:-1\" \/>\n<link rel=\"canonical\" href=\"https:\/\/marktxxl.de\/markt\/produkt\/vitis-vital-premium-traubenkerne-als-fuellung-fuer-koernerkissen-ideal-zum-waermen-und-kuehlen-sehr-anschmiegsam-durch-kleine-korngroesse-besonders-lange-temperaturspeicherung-regional-von-d\/\" \/>\n<meta property=\"og:locale\" content=\"de_DE\" \/>\n<meta property=\"og:type\" content=\"article\" \/>\n<meta property=\"og:title\" content=\"Vitis Vital Premium Traubenkerne lose | Packung 10kg | idealer F\u00fcllstoff f\u00fcr W\u00e4rmekissen und K\u00fchlkissen | F\u00fcllmaterial\u2026 - Markt-XXL\" \/>\n<meta property=\"og:description\" content=\"Markt-XXL Vitis Vital Premium Traubenkerne lose | Packung 10kg | idealer F\u00fcllstoff f\u00fcr W\u00e4rmekissen und K\u00fchlkissen | F\u00fcllmaterial\u2026\" \/>\n<meta property=\"og:url\" content=\"https:\/\/marktxxl.de\/markt\/produkt\/vitis-vital-premium-traubenkerne-als-fuellung-fuer-koernerkissen-ideal-zum-waermen-und-kuehlen-sehr-anschmiegsam-durch-kleine-korngroesse-besonders-lange-temperaturspeicherung-regional-von-d\/\" \/>\n<meta property=\"og:site_name\" content=\"Markt-XXL\" \/>\n<meta property=\"article:modified_time\" content=\"2023-04-11T00:06:27+00:00\" \/>\n<meta property=\"og:image\" content=\"https:\/\/m.media-amazon.com\/images\/I\/51FouhiojNL._SL500_.jpg\" \/>\n\t<meta property=\"og:image:width\" content=\"500\" \/>\n\t<meta property=\"og:image:height\" content=\"385\" \/>\n\t<meta property=\"og:image:type\" content=\"image\/jpeg\" \/>\n<meta name=\"twitter:card\" content=\"summary_large_image\" \/>\n<meta name=\"twitter:label1\" content=\"Gesch\u00e4tzte Lesezeit\" \/>\n\t<meta name=\"twitter:data1\" content=\"1\u00a0Minute\" \/>\n<script type=\"application\/ld+json\" class=\"yoast-schema-graph\">{\"@context\":\"https:\\\/\\\/schema.org\",\"@graph\":[{\"@type\":\"WebPage\",\"@id\":\"https:\\\/\\\/marktxxl.de\\\/markt\\\/produkt\\\/vitis-vital-premium-traubenkerne-als-fuellung-fuer-koernerkissen-ideal-zum-waermen-und-kuehlen-sehr-anschmiegsam-durch-kleine-korngroesse-besonders-lange-temperaturspeicherung-regional-von-d\\\/\",\"url\":\"https:\\\/\\\/marktxxl.de\\\/markt\\\/produkt\\\/vitis-vital-premium-traubenkerne-als-fuellung-fuer-koernerkissen-ideal-zum-waermen-und-kuehlen-sehr-anschmiegsam-durch-kleine-korngroesse-besonders-lange-temperaturspeicherung-regional-von-d\\\/\",\"name\":\"Vitis Vital Premium Traubenkerne lose | Packung 10kg | idealer F\u00fcllstoff f\u00fcr W\u00e4rmekissen und K\u00fchlkissen | F\u00fcllmaterial\u2026 - Markt-XXL\",\"isPartOf\":{\"@id\":\"https:\\\/\\\/marktxxl.de\\\/markt\\\/#website\"},\"primaryImageOfPage\":{\"@id\":\"https:\\\/\\\/marktxxl.de\\\/markt\\\/produkt\\\/vitis-vital-premium-traubenkerne-als-fuellung-fuer-koernerkissen-ideal-zum-waermen-und-kuehlen-sehr-anschmiegsam-durch-kleine-korngroesse-besonders-lange-temperaturspeicherung-regional-von-d\\\/#primaryimage\"},\"image\":{\"@id\":\"https:\\\/\\\/marktxxl.de\\\/markt\\\/produkt\\\/vitis-vital-premium-traubenkerne-als-fuellung-fuer-koernerkissen-ideal-zum-waermen-und-kuehlen-sehr-anschmiegsam-durch-kleine-korngroesse-besonders-lange-temperaturspeicherung-regional-von-d\\\/#primaryimage\"},\"thumbnailUrl\":\"https:\\\/\\\/m.media-amazon.com\\\/images\\\/I\\\/51FouhiojNL._SL500_.jpg\",\"datePublished\":\"2021-09-26T14:48:24+00:00\",\"dateModified\":\"2023-04-11T00:06:27+00:00\",\"description\":\"Markt-XXL Vitis Vital Premium Traubenkerne lose | Packung 10kg | idealer F\u00fcllstoff f\u00fcr W\u00e4rmekissen und K\u00fchlkissen | F\u00fcllmaterial\u2026\",\"breadcrumb\":{\"@id\":\"https:\\\/\\\/marktxxl.de\\\/markt\\\/produkt\\\/vitis-vital-premium-traubenkerne-als-fuellung-fuer-koernerkissen-ideal-zum-waermen-und-kuehlen-sehr-anschmiegsam-durch-kleine-korngroesse-besonders-lange-temperaturspeicherung-regional-von-d\\\/#breadcrumb\"},\"inLanguage\":\"de\",\"potentialAction\":[{\"@type\":\"ReadAction\",\"target\":[\"https:\\\/\\\/marktxxl.de\\\/markt\\\/produkt\\\/vitis-vital-premium-traubenkerne-als-fuellung-fuer-koernerkissen-ideal-zum-waermen-und-kuehlen-sehr-anschmiegsam-durch-kleine-korngroesse-besonders-lange-temperaturspeicherung-regional-von-d\\\/\"]}]},{\"@type\":\"ImageObject\",\"inLanguage\":\"de\",\"@id\":\"https:\\\/\\\/marktxxl.de\\\/markt\\\/produkt\\\/vitis-vital-premium-traubenkerne-als-fuellung-fuer-koernerkissen-ideal-zum-waermen-und-kuehlen-sehr-anschmiegsam-durch-kleine-korngroesse-besonders-lange-temperaturspeicherung-regional-von-d\\\/#primaryimage\",\"url\":\"https:\\\/\\\/m.media-amazon.com\\\/images\\\/I\\\/51FouhiojNL._SL500_.jpg\",\"contentUrl\":\"https:\\\/\\\/m.media-amazon.com\\\/images\\\/I\\\/51FouhiojNL._SL500_.jpg\",\"width\":500,\"height\":385},{\"@type\":\"BreadcrumbList\",\"@id\":\"https:\\\/\\\/marktxxl.de\\\/markt\\\/produkt\\\/vitis-vital-premium-traubenkerne-als-fuellung-fuer-koernerkissen-ideal-zum-waermen-und-kuehlen-sehr-anschmiegsam-durch-kleine-korngroesse-besonders-lange-temperaturspeicherung-regional-von-d\\\/#breadcrumb\",\"itemListElement\":[{\"@type\":\"ListItem\",\"position\":1,\"name\":\"Startseite\",\"item\":\"https:\\\/\\\/marktxxl.de\\\/markt\\\/\"},{\"@type\":\"ListItem\",\"position\":2,\"name\":\"Markt\",\"item\":\"https:\\\/\\\/marktxxl.de\\\/markt\\\/\"},{\"@type\":\"ListItem\",\"position\":3,\"name\":\"Vitis Vital Premium Traubenkerne lose | Packung 10kg | idealer F\u00fcllstoff f\u00fcr W\u00e4rmekissen und K\u00fchlkissen | F\u00fcllmaterial\u2026\"}]},{\"@type\":\"WebSite\",\"@id\":\"https:\\\/\\\/marktxxl.de\\\/markt\\\/#website\",\"url\":\"https:\\\/\\\/marktxxl.de\\\/markt\\\/\",\"name\":\"Markt-XXL\",\"description\":\"Ihr Markt Online\",\"publisher\":{\"@id\":\"https:\\\/\\\/marktxxl.de\\\/markt\\\/#organization\"},\"potentialAction\":[{\"@type\":\"SearchAction\",\"target\":{\"@type\":\"EntryPoint\",\"urlTemplate\":\"https:\\\/\\\/marktxxl.de\\\/markt\\\/?s={search_term_string}\"},\"query-input\":{\"@type\":\"PropertyValueSpecification\",\"valueRequired\":true,\"valueName\":\"search_term_string\"}}],\"inLanguage\":\"de\"},{\"@type\":\"Organization\",\"@id\":\"https:\\\/\\\/marktxxl.de\\\/markt\\\/#organization\",\"name\":\"Markt-XXL\",\"url\":\"https:\\\/\\\/marktxxl.de\\\/markt\\\/\",\"logo\":{\"@type\":\"ImageObject\",\"inLanguage\":\"de\",\"@id\":\"https:\\\/\\\/marktxxl.de\\\/markt\\\/#\\\/schema\\\/logo\\\/image\\\/\",\"url\":\"https:\\\/\\\/marktxxl.de\\\/markt\\\/wp-content\\\/uploads\\\/sites\\\/3\\\/2020\\\/12\\\/logo.png\",\"contentUrl\":\"https:\\\/\\\/marktxxl.de\\\/markt\\\/wp-content\\\/uploads\\\/sites\\\/3\\\/2020\\\/12\\\/logo.png\",\"width\":200,\"height\":70,\"caption\":\"Markt-XXL\"},\"image\":{\"@id\":\"https:\\\/\\\/marktxxl.de\\\/markt\\\/#\\\/schema\\\/logo\\\/image\\\/\"}}]}<\/script>\n<!-- \/ Yoast SEO plugin. -->","yoast_head_json":{"title":"Vitis Vital Premium Traubenkerne lose | Packung 10kg | idealer F\u00fcllstoff f\u00fcr W\u00e4rmekissen und K\u00fchlkissen | F\u00fcllmaterial\u2026 - Markt-XXL","description":"Markt-XXL Vitis Vital Premium Traubenkerne lose | Packung 10kg | idealer F\u00fcllstoff f\u00fcr W\u00e4rmekissen und K\u00fchlkissen | F\u00fcllmaterial\u2026","robots":{"index":"index","follow":"follow","max-snippet":"max-snippet:-1","max-image-preview":"max-image-preview:large","max-video-preview":"max-video-preview:-1"},"canonical":"https:\/\/marktxxl.de\/markt\/produkt\/vitis-vital-premium-traubenkerne-als-fuellung-fuer-koernerkissen-ideal-zum-waermen-und-kuehlen-sehr-anschmiegsam-durch-kleine-korngroesse-besonders-lange-temperaturspeicherung-regional-von-d\/","og_locale":"de_DE","og_type":"article","og_title":"Vitis Vital Premium Traubenkerne lose | Packung 10kg | idealer F\u00fcllstoff f\u00fcr W\u00e4rmekissen und K\u00fchlkissen | F\u00fcllmaterial\u2026 - Markt-XXL","og_description":"Markt-XXL Vitis Vital Premium Traubenkerne lose | Packung 10kg | idealer F\u00fcllstoff f\u00fcr W\u00e4rmekissen und K\u00fchlkissen | F\u00fcllmaterial\u2026","og_url":"https:\/\/marktxxl.de\/markt\/produkt\/vitis-vital-premium-traubenkerne-als-fuellung-fuer-koernerkissen-ideal-zum-waermen-und-kuehlen-sehr-anschmiegsam-durch-kleine-korngroesse-besonders-lange-temperaturspeicherung-regional-von-d\/","og_site_name":"Markt-XXL","article_modified_time":"2023-04-11T00:06:27+00:00","og_image":[{"width":500,"height":385,"url":"https:\/\/m.media-amazon.com\/images\/I\/51FouhiojNL._SL500_.jpg","type":"image\/jpeg"}],"twitter_card":"summary_large_image","twitter_misc":{"Gesch\u00e4tzte Lesezeit":"1\u00a0Minute"},"schema":{"@context":"https:\/\/schema.org","@graph":[{"@type":"WebPage","@id":"https:\/\/marktxxl.de\/markt\/produkt\/vitis-vital-premium-traubenkerne-als-fuellung-fuer-koernerkissen-ideal-zum-waermen-und-kuehlen-sehr-anschmiegsam-durch-kleine-korngroesse-besonders-lange-temperaturspeicherung-regional-von-d\/","url":"https:\/\/marktxxl.de\/markt\/produkt\/vitis-vital-premium-traubenkerne-als-fuellung-fuer-koernerkissen-ideal-zum-waermen-und-kuehlen-sehr-anschmiegsam-durch-kleine-korngroesse-besonders-lange-temperaturspeicherung-regional-von-d\/","name":"Vitis Vital Premium Traubenkerne lose | Packung 10kg | idealer F\u00fcllstoff f\u00fcr W\u00e4rmekissen und K\u00fchlkissen | F\u00fcllmaterial\u2026 - Markt-XXL","isPartOf":{"@id":"https:\/\/marktxxl.de\/markt\/#website"},"primaryImageOfPage":{"@id":"https:\/\/marktxxl.de\/markt\/produkt\/vitis-vital-premium-traubenkerne-als-fuellung-fuer-koernerkissen-ideal-zum-waermen-und-kuehlen-sehr-anschmiegsam-durch-kleine-korngroesse-besonders-lange-temperaturspeicherung-regional-von-d\/#primaryimage"},"image":{"@id":"https:\/\/marktxxl.de\/markt\/produkt\/vitis-vital-premium-traubenkerne-als-fuellung-fuer-koernerkissen-ideal-zum-waermen-und-kuehlen-sehr-anschmiegsam-durch-kleine-korngroesse-besonders-lange-temperaturspeicherung-regional-von-d\/#primaryimage"},"thumbnailUrl":"https:\/\/m.media-amazon.com\/images\/I\/51FouhiojNL._SL500_.jpg","datePublished":"2021-09-26T14:48:24+00:00","dateModified":"2023-04-11T00:06:27+00:00","description":"Markt-XXL Vitis Vital Premium Traubenkerne lose | Packung 10kg | idealer F\u00fcllstoff f\u00fcr W\u00e4rmekissen und K\u00fchlkissen | F\u00fcllmaterial\u2026","breadcrumb":{"@id":"https:\/\/marktxxl.de\/markt\/produkt\/vitis-vital-premium-traubenkerne-als-fuellung-fuer-koernerkissen-ideal-zum-waermen-und-kuehlen-sehr-anschmiegsam-durch-kleine-korngroesse-besonders-lange-temperaturspeicherung-regional-von-d\/#breadcrumb"},"inLanguage":"de","potentialAction":[{"@type":"ReadAction","target":["https:\/\/marktxxl.de\/markt\/produkt\/vitis-vital-premium-traubenkerne-als-fuellung-fuer-koernerkissen-ideal-zum-waermen-und-kuehlen-sehr-anschmiegsam-durch-kleine-korngroesse-besonders-lange-temperaturspeicherung-regional-von-d\/"]}]},{"@type":"ImageObject","inLanguage":"de","@id":"https:\/\/marktxxl.de\/markt\/produkt\/vitis-vital-premium-traubenkerne-als-fuellung-fuer-koernerkissen-ideal-zum-waermen-und-kuehlen-sehr-anschmiegsam-durch-kleine-korngroesse-besonders-lange-temperaturspeicherung-regional-von-d\/#primaryimage","url":"https:\/\/m.media-amazon.com\/images\/I\/51FouhiojNL._SL500_.jpg","contentUrl":"https:\/\/m.media-amazon.com\/images\/I\/51FouhiojNL._SL500_.jpg","width":500,"height":385},{"@type":"BreadcrumbList","@id":"https:\/\/marktxxl.de\/markt\/produkt\/vitis-vital-premium-traubenkerne-als-fuellung-fuer-koernerkissen-ideal-zum-waermen-und-kuehlen-sehr-anschmiegsam-durch-kleine-korngroesse-besonders-lange-temperaturspeicherung-regional-von-d\/#breadcrumb","itemListElement":[{"@type":"ListItem","position":1,"name":"Startseite","item":"https:\/\/marktxxl.de\/markt\/"},{"@type":"ListItem","position":2,"name":"Markt","item":"https:\/\/marktxxl.de\/markt\/"},{"@type":"ListItem","position":3,"name":"Vitis Vital Premium Traubenkerne lose | Packung 10kg | idealer F\u00fcllstoff f\u00fcr W\u00e4rmekissen und K\u00fchlkissen | F\u00fcllmaterial\u2026"}]},{"@type":"WebSite","@id":"https:\/\/marktxxl.de\/markt\/#website","url":"https:\/\/marktxxl.de\/markt\/","name":"Markt-XXL","description":"Ihr Markt Online","publisher":{"@id":"https:\/\/marktxxl.de\/markt\/#organization"},"potentialAction":[{"@type":"SearchAction","target":{"@type":"EntryPoint","urlTemplate":"https:\/\/marktxxl.de\/markt\/?s={search_term_string}"},"query-input":{"@type":"PropertyValueSpecification","valueRequired":true,"valueName":"search_term_string"}}],"inLanguage":"de"},{"@type":"Organization","@id":"https:\/\/marktxxl.de\/markt\/#organization","name":"Markt-XXL","url":"https:\/\/marktxxl.de\/markt\/","logo":{"@type":"ImageObject","inLanguage":"de","@id":"https:\/\/marktxxl.de\/markt\/#\/schema\/logo\/image\/","url":"https:\/\/marktxxl.de\/markt\/wp-content\/uploads\/sites\/3\/2020\/12\/logo.png","contentUrl":"https:\/\/marktxxl.de\/markt\/wp-content\/uploads\/sites\/3\/2020\/12\/logo.png","width":200,"height":70,"caption":"Markt-XXL"},"image":{"@id":"https:\/\/marktxxl.de\/markt\/#\/schema\/logo\/image\/"}}]}},"_links":{"self":[{"href":"https:\/\/marktxxl.de\/markt\/wp-json\/wp\/v2\/product\/46420","targetHints":{"allow":["GET"]}}],"collection":[{"href":"https:\/\/marktxxl.de\/markt\/wp-json\/wp\/v2\/product"}],"about":[{"href":"https:\/\/marktxxl.de\/markt\/wp-json\/wp\/v2\/types\/product"}],"replies":[{"embeddable":true,"href":"https:\/\/marktxxl.de\/markt\/wp-json\/wp\/v2\/comments?post=46420"}],"wp:featuredmedia":[{"embeddable":true,"href":"https:\/\/marktxxl.de\/markt\/wp-json\/wp\/v2\/media\/46421"}],"wp:attachment":[{"href":"https:\/\/marktxxl.de\/markt\/wp-json\/wp\/v2\/media?parent=46420"}],"wp:term":[{"taxonomy":"product_brand","embeddable":true,"href":"https:\/\/marktxxl.de\/markt\/wp-json\/wp\/v2\/product_brand?post=46420"},{"taxonomy":"product_cat","embeddable":true,"href":"https:\/\/marktxxl.de\/markt\/wp-json\/wp\/v2\/product_cat?post=46420"},{"taxonomy":"product_tag","embeddable":true,"href":"https:\/\/marktxxl.de\/markt\/wp-json\/wp\/v2\/product_tag?post=46420"}],"curies":[{"name":"wp","href":"https:\/\/api.w.org\/{rel}","templated":true}]}}