{"id":46395,"date":"2021-09-26T16:48:20","date_gmt":"2021-09-26T14:48:20","guid":{"rendered":"https:\/\/marktxxl.de\/markt\/produkt\/aerztekrepp-2-lagig-9-rollen-verschiendene-groessen-hochwertig-weisse-liegenabdeckung-liegenabdeckrollen-doppelschichtige-perforierte-papierrolle-ideal-fuer-krankenhaeuser\/"},"modified":"2023-04-11T02:06:26","modified_gmt":"2023-04-11T00:06:26","slug":"aerztekrepp-2-lagig-9-rollen-verschiendene-groessen-hochwertig-weisse-liegenabdeckung-liegenabdeckrollen-doppelschichtige-perforierte-papierrolle-ideal-fuer-krankenhaeuser","status":"publish","type":"product","link":"https:\/\/marktxxl.de\/markt\/produkt\/aerztekrepp-2-lagig-9-rollen-verschiendene-groessen-hochwertig-weisse-liegenabdeckung-liegenabdeckrollen-doppelschichtige-perforierte-papierrolle-ideal-fuer-krankenhaeuser\/","title":{"rendered":"\u00c4rztekrepp 2-lagig | 9 Rollen | Gr\u00f6\u00dfe 39cm x 50m | hochwertig wei\u00dfe Liegenabdeckung | doppelschichtige perforierte\u2026"},"content":{"rendered":"<p>Qualitativ &#8211; Dank der perforierten Schicht sind die zellstoffrollen f\u00fcr alle g\u00e4ngigen behandlungsliegen und massagetische geeignet<br \/>\nSauberkeit &#8211; Unsere 2-lagigen liegenabdeckungen sind sehr saugstark und somit die bestm\u00f6gliche Wahl f\u00fcr den allt\u00e4glichen Gebrauch in Arztpraxen und Krankenh\u00e4usern<br \/>\nLieferumfang &#8211; Der Lieferumfang umfasst 9 Rollen | Die zellstoffrollen sind hygienisch einzeln verpackt<br \/>\nOptimaler LIEGEKOMFORT &#8211; Die \u00c4rzterollen wirken auf Grund der mehrlagigen Schicht sehr weich | Sie sorgen f\u00fcr die optimale K\u00f6rperhygiene und ein hautfreundliches liegegef\u00fchl<br \/>\nPraktisch &amp; schnell &#8211; Erh\u00e4ltlich sind die Abdeckrollen mit einer Gesamtl\u00e4nge von 50 Meter<br \/>\n<div class=\"main-cross-sell\" data-asin=\"B07S9G1JD1\">\n\n\t<div class=\"WooZone-cross-sell-loader\">\n\t\t<div>\n\t\t\t<div id=\"floatingBarsG\">\n\t\t\t\t<div class=\"blockG\" id=\"rotateG_01\"><\/div>\n\t\t\t\t<div class=\"blockG\" id=\"rotateG_02\"><\/div>\n\t\t\t\t<div class=\"blockG\" id=\"rotateG_03\"><\/div>\n\t\t\t\t<div class=\"blockG\" id=\"rotateG_04\"><\/div>\n\t\t\t\t<div class=\"blockG\" id=\"rotateG_05\"><\/div>\n\t\t\t\t<div class=\"blockG\" id=\"rotateG_06\"><\/div>\n\t\t\t\t<div class=\"blockG\" id=\"rotateG_07\"><\/div>\n\t\t\t\t<div class=\"blockG\" id=\"rotateG_08\"><\/div>\n\t\t\t<\/div>\n\t\t\t<div class=\"WooZone-cross-sell-loader-text\"><\/div>\n\t\t<\/div>\n\t<\/div>\n\n\t\t\n<\/div>\n<div style=\"clear:both;\"><\/div><\/p>\n","protected":false},"excerpt":{"rendered":"<p>Qualitativ &#8211; Dank der perforierten Schicht sind die zellstoffrollen f\u00fcr alle g\u00e4ngigen behandlungsliegen und massagetische geeignet<br \/>\nSauberkeit &#8211; Unsere 2-lagigen liegenabdeckungen sind sehr saugstark und somit die bestm\u00f6gliche Wahl f\u00fcr den allt\u00e4glichen Gebrauch in Arztpraxen und Krankenh\u00e4usern<br \/>\nLieferumfang &#8211; Der Lieferumfang umfasst 9 Rollen | Die zellstoffrollen sind hygienisch einzeln verpackt<\/p>\n","protected":false},"featured_media":46400,"comment_status":"open","ping_status":"closed","template":"","meta":[],"product_brand":[],"product_cat":[566,6496],"product_tag":[],"class_list":{"0":"post-46395","1":"product","2":"type-product","3":"status-publish","4":"has-post-thumbnail","6":"product_cat-drogerie-koerperpflege","7":"product_cat-wellness","8":"pa_brand-herrmann","9":"pa_groesse-39-cm-x-50-m","10":"pa_groesse-50-cm-x-50-m","11":"pa_groesse-55-cm-x-50-m","12":"pa_groesse-59-cm-x-50-m","13":"pa_manufacturer-herrmann-betriebshygiene","15":"first","16":"instock","17":"shipping-taxable","18":"purchasable","19":"product-type-simple","20":"customify-col","21":"product-has-gallery"},"yoast_head":"<!-- This site is optimized with the Yoast SEO plugin v27.4 - https:\/\/yoast.com\/product\/yoast-seo-wordpress\/ -->\n<title>\u00c4rztekrepp 2-lagig | 9 Rollen | Gr\u00f6\u00dfe 39cm x 50m | hochwertig wei\u00dfe Liegenabdeckung | doppelschichtige perforierte\u2026 - Markt-XXL<\/title>\n<meta name=\"description\" content=\"Markt-XXL \u00c4rztekrepp 2-lagig | 9 Rollen | Gr\u00f6\u00dfe 39cm x 50m | hochwertig wei\u00dfe Liegenabdeckung | doppelschichtige perforierte\u2026\" \/>\n<meta name=\"robots\" content=\"index, follow, max-snippet:-1, max-image-preview:large, max-video-preview:-1\" \/>\n<link rel=\"canonical\" href=\"https:\/\/marktxxl.de\/markt\/produkt\/aerztekrepp-2-lagig-9-rollen-verschiendene-groessen-hochwertig-weisse-liegenabdeckung-liegenabdeckrollen-doppelschichtige-perforierte-papierrolle-ideal-fuer-krankenhaeuser\/\" \/>\n<meta property=\"og:locale\" content=\"de_DE\" \/>\n<meta property=\"og:type\" content=\"article\" \/>\n<meta property=\"og:title\" content=\"\u00c4rztekrepp 2-lagig | 9 Rollen | Gr\u00f6\u00dfe 39cm x 50m | hochwertig wei\u00dfe Liegenabdeckung | doppelschichtige perforierte\u2026 - Markt-XXL\" \/>\n<meta property=\"og:description\" content=\"Markt-XXL \u00c4rztekrepp 2-lagig | 9 Rollen | Gr\u00f6\u00dfe 39cm x 50m | hochwertig wei\u00dfe Liegenabdeckung | doppelschichtige perforierte\u2026\" \/>\n<meta property=\"og:url\" content=\"https:\/\/marktxxl.de\/markt\/produkt\/aerztekrepp-2-lagig-9-rollen-verschiendene-groessen-hochwertig-weisse-liegenabdeckung-liegenabdeckrollen-doppelschichtige-perforierte-papierrolle-ideal-fuer-krankenhaeuser\/\" \/>\n<meta property=\"og:site_name\" content=\"Markt-XXL\" \/>\n<meta property=\"article:modified_time\" content=\"2023-04-11T00:06:26+00:00\" \/>\n<meta property=\"og:image\" content=\"https:\/\/m.media-amazon.com\/images\/I\/2173eSwZUBL._SL500_.jpg\" \/>\n\t<meta property=\"og:image:width\" content=\"500\" \/>\n\t<meta property=\"og:image:height\" content=\"332\" \/>\n\t<meta property=\"og:image:type\" content=\"image\/jpeg\" \/>\n<meta name=\"twitter:card\" content=\"summary_large_image\" \/>\n<meta name=\"twitter:label1\" content=\"Gesch\u00e4tzte Lesezeit\" \/>\n\t<meta name=\"twitter:data1\" content=\"1\u00a0Minute\" \/>\n<script type=\"application\/ld+json\" class=\"yoast-schema-graph\">{\"@context\":\"https:\\\/\\\/schema.org\",\"@graph\":[{\"@type\":\"WebPage\",\"@id\":\"https:\\\/\\\/marktxxl.de\\\/markt\\\/produkt\\\/aerztekrepp-2-lagig-9-rollen-verschiendene-groessen-hochwertig-weisse-liegenabdeckung-liegenabdeckrollen-doppelschichtige-perforierte-papierrolle-ideal-fuer-krankenhaeuser\\\/\",\"url\":\"https:\\\/\\\/marktxxl.de\\\/markt\\\/produkt\\\/aerztekrepp-2-lagig-9-rollen-verschiendene-groessen-hochwertig-weisse-liegenabdeckung-liegenabdeckrollen-doppelschichtige-perforierte-papierrolle-ideal-fuer-krankenhaeuser\\\/\",\"name\":\"\u00c4rztekrepp 2-lagig | 9 Rollen | Gr\u00f6\u00dfe 39cm x 50m | hochwertig wei\u00dfe Liegenabdeckung | doppelschichtige perforierte\u2026 - Markt-XXL\",\"isPartOf\":{\"@id\":\"https:\\\/\\\/marktxxl.de\\\/markt\\\/#website\"},\"primaryImageOfPage\":{\"@id\":\"https:\\\/\\\/marktxxl.de\\\/markt\\\/produkt\\\/aerztekrepp-2-lagig-9-rollen-verschiendene-groessen-hochwertig-weisse-liegenabdeckung-liegenabdeckrollen-doppelschichtige-perforierte-papierrolle-ideal-fuer-krankenhaeuser\\\/#primaryimage\"},\"image\":{\"@id\":\"https:\\\/\\\/marktxxl.de\\\/markt\\\/produkt\\\/aerztekrepp-2-lagig-9-rollen-verschiendene-groessen-hochwertig-weisse-liegenabdeckung-liegenabdeckrollen-doppelschichtige-perforierte-papierrolle-ideal-fuer-krankenhaeuser\\\/#primaryimage\"},\"thumbnailUrl\":\"https:\\\/\\\/m.media-amazon.com\\\/images\\\/I\\\/2173eSwZUBL._SL500_.jpg\",\"datePublished\":\"2021-09-26T14:48:20+00:00\",\"dateModified\":\"2023-04-11T00:06:26+00:00\",\"description\":\"Markt-XXL \u00c4rztekrepp 2-lagig | 9 Rollen | Gr\u00f6\u00dfe 39cm x 50m | hochwertig wei\u00dfe Liegenabdeckung | doppelschichtige perforierte\u2026\",\"breadcrumb\":{\"@id\":\"https:\\\/\\\/marktxxl.de\\\/markt\\\/produkt\\\/aerztekrepp-2-lagig-9-rollen-verschiendene-groessen-hochwertig-weisse-liegenabdeckung-liegenabdeckrollen-doppelschichtige-perforierte-papierrolle-ideal-fuer-krankenhaeuser\\\/#breadcrumb\"},\"inLanguage\":\"de\",\"potentialAction\":[{\"@type\":\"ReadAction\",\"target\":[\"https:\\\/\\\/marktxxl.de\\\/markt\\\/produkt\\\/aerztekrepp-2-lagig-9-rollen-verschiendene-groessen-hochwertig-weisse-liegenabdeckung-liegenabdeckrollen-doppelschichtige-perforierte-papierrolle-ideal-fuer-krankenhaeuser\\\/\"]}]},{\"@type\":\"ImageObject\",\"inLanguage\":\"de\",\"@id\":\"https:\\\/\\\/marktxxl.de\\\/markt\\\/produkt\\\/aerztekrepp-2-lagig-9-rollen-verschiendene-groessen-hochwertig-weisse-liegenabdeckung-liegenabdeckrollen-doppelschichtige-perforierte-papierrolle-ideal-fuer-krankenhaeuser\\\/#primaryimage\",\"url\":\"https:\\\/\\\/m.media-amazon.com\\\/images\\\/I\\\/2173eSwZUBL._SL500_.jpg\",\"contentUrl\":\"https:\\\/\\\/m.media-amazon.com\\\/images\\\/I\\\/2173eSwZUBL._SL500_.jpg\",\"width\":500,\"height\":332},{\"@type\":\"BreadcrumbList\",\"@id\":\"https:\\\/\\\/marktxxl.de\\\/markt\\\/produkt\\\/aerztekrepp-2-lagig-9-rollen-verschiendene-groessen-hochwertig-weisse-liegenabdeckung-liegenabdeckrollen-doppelschichtige-perforierte-papierrolle-ideal-fuer-krankenhaeuser\\\/#breadcrumb\",\"itemListElement\":[{\"@type\":\"ListItem\",\"position\":1,\"name\":\"Startseite\",\"item\":\"https:\\\/\\\/marktxxl.de\\\/markt\\\/\"},{\"@type\":\"ListItem\",\"position\":2,\"name\":\"Markt\",\"item\":\"https:\\\/\\\/marktxxl.de\\\/markt\\\/\"},{\"@type\":\"ListItem\",\"position\":3,\"name\":\"\u00c4rztekrepp 2-lagig | 9 Rollen | Gr\u00f6\u00dfe 39cm x 50m | hochwertig wei\u00dfe Liegenabdeckung | doppelschichtige perforierte\u2026\"}]},{\"@type\":\"WebSite\",\"@id\":\"https:\\\/\\\/marktxxl.de\\\/markt\\\/#website\",\"url\":\"https:\\\/\\\/marktxxl.de\\\/markt\\\/\",\"name\":\"Markt-XXL\",\"description\":\"Ihr Markt Online\",\"publisher\":{\"@id\":\"https:\\\/\\\/marktxxl.de\\\/markt\\\/#organization\"},\"potentialAction\":[{\"@type\":\"SearchAction\",\"target\":{\"@type\":\"EntryPoint\",\"urlTemplate\":\"https:\\\/\\\/marktxxl.de\\\/markt\\\/?s={search_term_string}\"},\"query-input\":{\"@type\":\"PropertyValueSpecification\",\"valueRequired\":true,\"valueName\":\"search_term_string\"}}],\"inLanguage\":\"de\"},{\"@type\":\"Organization\",\"@id\":\"https:\\\/\\\/marktxxl.de\\\/markt\\\/#organization\",\"name\":\"Markt-XXL\",\"url\":\"https:\\\/\\\/marktxxl.de\\\/markt\\\/\",\"logo\":{\"@type\":\"ImageObject\",\"inLanguage\":\"de\",\"@id\":\"https:\\\/\\\/marktxxl.de\\\/markt\\\/#\\\/schema\\\/logo\\\/image\\\/\",\"url\":\"https:\\\/\\\/marktxxl.de\\\/markt\\\/wp-content\\\/uploads\\\/sites\\\/3\\\/2020\\\/12\\\/logo.png\",\"contentUrl\":\"https:\\\/\\\/marktxxl.de\\\/markt\\\/wp-content\\\/uploads\\\/sites\\\/3\\\/2020\\\/12\\\/logo.png\",\"width\":200,\"height\":70,\"caption\":\"Markt-XXL\"},\"image\":{\"@id\":\"https:\\\/\\\/marktxxl.de\\\/markt\\\/#\\\/schema\\\/logo\\\/image\\\/\"}}]}<\/script>\n<!-- \/ Yoast SEO plugin. -->","yoast_head_json":{"title":"\u00c4rztekrepp 2-lagig | 9 Rollen | Gr\u00f6\u00dfe 39cm x 50m | hochwertig wei\u00dfe Liegenabdeckung | doppelschichtige perforierte\u2026 - Markt-XXL","description":"Markt-XXL \u00c4rztekrepp 2-lagig | 9 Rollen | Gr\u00f6\u00dfe 39cm x 50m | hochwertig wei\u00dfe Liegenabdeckung | doppelschichtige perforierte\u2026","robots":{"index":"index","follow":"follow","max-snippet":"max-snippet:-1","max-image-preview":"max-image-preview:large","max-video-preview":"max-video-preview:-1"},"canonical":"https:\/\/marktxxl.de\/markt\/produkt\/aerztekrepp-2-lagig-9-rollen-verschiendene-groessen-hochwertig-weisse-liegenabdeckung-liegenabdeckrollen-doppelschichtige-perforierte-papierrolle-ideal-fuer-krankenhaeuser\/","og_locale":"de_DE","og_type":"article","og_title":"\u00c4rztekrepp 2-lagig | 9 Rollen | Gr\u00f6\u00dfe 39cm x 50m | hochwertig wei\u00dfe Liegenabdeckung | doppelschichtige perforierte\u2026 - Markt-XXL","og_description":"Markt-XXL \u00c4rztekrepp 2-lagig | 9 Rollen | Gr\u00f6\u00dfe 39cm x 50m | hochwertig wei\u00dfe Liegenabdeckung | doppelschichtige perforierte\u2026","og_url":"https:\/\/marktxxl.de\/markt\/produkt\/aerztekrepp-2-lagig-9-rollen-verschiendene-groessen-hochwertig-weisse-liegenabdeckung-liegenabdeckrollen-doppelschichtige-perforierte-papierrolle-ideal-fuer-krankenhaeuser\/","og_site_name":"Markt-XXL","article_modified_time":"2023-04-11T00:06:26+00:00","og_image":[{"width":500,"height":332,"url":"https:\/\/m.media-amazon.com\/images\/I\/2173eSwZUBL._SL500_.jpg","type":"image\/jpeg"}],"twitter_card":"summary_large_image","twitter_misc":{"Gesch\u00e4tzte Lesezeit":"1\u00a0Minute"},"schema":{"@context":"https:\/\/schema.org","@graph":[{"@type":"WebPage","@id":"https:\/\/marktxxl.de\/markt\/produkt\/aerztekrepp-2-lagig-9-rollen-verschiendene-groessen-hochwertig-weisse-liegenabdeckung-liegenabdeckrollen-doppelschichtige-perforierte-papierrolle-ideal-fuer-krankenhaeuser\/","url":"https:\/\/marktxxl.de\/markt\/produkt\/aerztekrepp-2-lagig-9-rollen-verschiendene-groessen-hochwertig-weisse-liegenabdeckung-liegenabdeckrollen-doppelschichtige-perforierte-papierrolle-ideal-fuer-krankenhaeuser\/","name":"\u00c4rztekrepp 2-lagig | 9 Rollen | Gr\u00f6\u00dfe 39cm x 50m | hochwertig wei\u00dfe Liegenabdeckung | doppelschichtige perforierte\u2026 - Markt-XXL","isPartOf":{"@id":"https:\/\/marktxxl.de\/markt\/#website"},"primaryImageOfPage":{"@id":"https:\/\/marktxxl.de\/markt\/produkt\/aerztekrepp-2-lagig-9-rollen-verschiendene-groessen-hochwertig-weisse-liegenabdeckung-liegenabdeckrollen-doppelschichtige-perforierte-papierrolle-ideal-fuer-krankenhaeuser\/#primaryimage"},"image":{"@id":"https:\/\/marktxxl.de\/markt\/produkt\/aerztekrepp-2-lagig-9-rollen-verschiendene-groessen-hochwertig-weisse-liegenabdeckung-liegenabdeckrollen-doppelschichtige-perforierte-papierrolle-ideal-fuer-krankenhaeuser\/#primaryimage"},"thumbnailUrl":"https:\/\/m.media-amazon.com\/images\/I\/2173eSwZUBL._SL500_.jpg","datePublished":"2021-09-26T14:48:20+00:00","dateModified":"2023-04-11T00:06:26+00:00","description":"Markt-XXL \u00c4rztekrepp 2-lagig | 9 Rollen | Gr\u00f6\u00dfe 39cm x 50m | hochwertig wei\u00dfe Liegenabdeckung | doppelschichtige perforierte\u2026","breadcrumb":{"@id":"https:\/\/marktxxl.de\/markt\/produkt\/aerztekrepp-2-lagig-9-rollen-verschiendene-groessen-hochwertig-weisse-liegenabdeckung-liegenabdeckrollen-doppelschichtige-perforierte-papierrolle-ideal-fuer-krankenhaeuser\/#breadcrumb"},"inLanguage":"de","potentialAction":[{"@type":"ReadAction","target":["https:\/\/marktxxl.de\/markt\/produkt\/aerztekrepp-2-lagig-9-rollen-verschiendene-groessen-hochwertig-weisse-liegenabdeckung-liegenabdeckrollen-doppelschichtige-perforierte-papierrolle-ideal-fuer-krankenhaeuser\/"]}]},{"@type":"ImageObject","inLanguage":"de","@id":"https:\/\/marktxxl.de\/markt\/produkt\/aerztekrepp-2-lagig-9-rollen-verschiendene-groessen-hochwertig-weisse-liegenabdeckung-liegenabdeckrollen-doppelschichtige-perforierte-papierrolle-ideal-fuer-krankenhaeuser\/#primaryimage","url":"https:\/\/m.media-amazon.com\/images\/I\/2173eSwZUBL._SL500_.jpg","contentUrl":"https:\/\/m.media-amazon.com\/images\/I\/2173eSwZUBL._SL500_.jpg","width":500,"height":332},{"@type":"BreadcrumbList","@id":"https:\/\/marktxxl.de\/markt\/produkt\/aerztekrepp-2-lagig-9-rollen-verschiendene-groessen-hochwertig-weisse-liegenabdeckung-liegenabdeckrollen-doppelschichtige-perforierte-papierrolle-ideal-fuer-krankenhaeuser\/#breadcrumb","itemListElement":[{"@type":"ListItem","position":1,"name":"Startseite","item":"https:\/\/marktxxl.de\/markt\/"},{"@type":"ListItem","position":2,"name":"Markt","item":"https:\/\/marktxxl.de\/markt\/"},{"@type":"ListItem","position":3,"name":"\u00c4rztekrepp 2-lagig | 9 Rollen | Gr\u00f6\u00dfe 39cm x 50m | hochwertig wei\u00dfe Liegenabdeckung | doppelschichtige perforierte\u2026"}]},{"@type":"WebSite","@id":"https:\/\/marktxxl.de\/markt\/#website","url":"https:\/\/marktxxl.de\/markt\/","name":"Markt-XXL","description":"Ihr Markt Online","publisher":{"@id":"https:\/\/marktxxl.de\/markt\/#organization"},"potentialAction":[{"@type":"SearchAction","target":{"@type":"EntryPoint","urlTemplate":"https:\/\/marktxxl.de\/markt\/?s={search_term_string}"},"query-input":{"@type":"PropertyValueSpecification","valueRequired":true,"valueName":"search_term_string"}}],"inLanguage":"de"},{"@type":"Organization","@id":"https:\/\/marktxxl.de\/markt\/#organization","name":"Markt-XXL","url":"https:\/\/marktxxl.de\/markt\/","logo":{"@type":"ImageObject","inLanguage":"de","@id":"https:\/\/marktxxl.de\/markt\/#\/schema\/logo\/image\/","url":"https:\/\/marktxxl.de\/markt\/wp-content\/uploads\/sites\/3\/2020\/12\/logo.png","contentUrl":"https:\/\/marktxxl.de\/markt\/wp-content\/uploads\/sites\/3\/2020\/12\/logo.png","width":200,"height":70,"caption":"Markt-XXL"},"image":{"@id":"https:\/\/marktxxl.de\/markt\/#\/schema\/logo\/image\/"}}]}},"_links":{"self":[{"href":"https:\/\/marktxxl.de\/markt\/wp-json\/wp\/v2\/product\/46395","targetHints":{"allow":["GET"]}}],"collection":[{"href":"https:\/\/marktxxl.de\/markt\/wp-json\/wp\/v2\/product"}],"about":[{"href":"https:\/\/marktxxl.de\/markt\/wp-json\/wp\/v2\/types\/product"}],"replies":[{"embeddable":true,"href":"https:\/\/marktxxl.de\/markt\/wp-json\/wp\/v2\/comments?post=46395"}],"wp:featuredmedia":[{"embeddable":true,"href":"https:\/\/marktxxl.de\/markt\/wp-json\/wp\/v2\/media\/46400"}],"wp:attachment":[{"href":"https:\/\/marktxxl.de\/markt\/wp-json\/wp\/v2\/media?parent=46395"}],"wp:term":[{"taxonomy":"product_brand","embeddable":true,"href":"https:\/\/marktxxl.de\/markt\/wp-json\/wp\/v2\/product_brand?post=46395"},{"taxonomy":"product_cat","embeddable":true,"href":"https:\/\/marktxxl.de\/markt\/wp-json\/wp\/v2\/product_cat?post=46395"},{"taxonomy":"product_tag","embeddable":true,"href":"https:\/\/marktxxl.de\/markt\/wp-json\/wp\/v2\/product_tag?post=46395"}],"curies":[{"name":"wp","href":"https:\/\/api.w.org\/{rel}","templated":true}]}}