{"id":45838,"date":"2021-09-26T16:33:28","date_gmt":"2021-09-26T14:33:28","guid":{"rendered":"https:\/\/marktxxl.de\/markt\/produkt\/nasenhaartrimmer-nasenhaarschneider-ohrhaarschneider-professioneller-schmerzfreier-augenbrauen-und-esichtshaartrimmer-fuer-maenner-und-frauen-batteriebetrieben-ipx7-wasserdichte-doppelklingen\/"},"modified":"2023-04-09T01:36:11","modified_gmt":"2023-04-08T23:36:11","slug":"nasenhaartrimmer-nasenhaarschneider-ohrhaarschneider-professioneller-schmerzfreier-augenbrauen-und-esichtshaartrimmer-fuer-maenner-und-frauen-batteriebetrieben-ipx7-wasserdichte-doppelklingen","status":"publish","type":"product","link":"https:\/\/marktxxl.de\/markt\/produkt\/nasenhaartrimmer-nasenhaarschneider-ohrhaarschneider-professioneller-schmerzfreier-augenbrauen-und-esichtshaartrimmer-fuer-maenner-und-frauen-batteriebetrieben-ipx7-wasserdichte-doppelklingen\/","title":{"rendered":"Nasenhaartrimmer Nasenhaarschneider Ohrhaarschneider, Professioneller schmerzfreier Augenbrauen und esichtshaartrimmer\u2026"},"content":{"rendered":"<p>[VIELSEITIG] Hergestellt aus hochwertigem Edelstahl, dieser kabellose Ohr- und Nasenhaartrimmer kann effektiv und bequem unerw\u00fcnschte Haare von Nase, Ohren, Augenbrauen, Bart und Gesicht entfernen. Das Ein-Knopf-Design ist einfach zu bedienen und f\u00fcr M\u00e4nner und Frauen geeignet. Mit ihm k\u00f6nnen Sie jederzeit und \u00fcberall die selbstbewussteste Seite zeigen.<br \/>\n[DOPPELSEITIG-SPINNKLINGEN] Dieser Nasenhaartrimmer verf\u00fcgt \u00fcber ein zweischneidiges Spinnmessersystem mit Schutzabdeckung, inneres 360\u00b0 drehendes Design, das die Haare ohne schmerzhaftes oder unangenehmes Zupfen pr\u00e4zise entfernt. Er ist bequem und einfach zu bedienen. Er l\u00e4sst Sie Ihr Bestes bei der Arbeit zeigen.<br \/>\n[IPX7 WASSERDICHT &amp; EINFACH ZU REINIGEN] Wasserdicht und waschbar, l\u00e4sst sich leicht mit R\u00fcckst\u00e4nden durch Einweichen reinigen, auch wenn man duscht. Der waschbare und abnehmbare Trimmerkopf ist f\u00fcr die Reinigung und Wartung geeignet. Das benutzerfreundliche, handliche Geh\u00e4usedesign wird mit einer staubdichten Abdeckung zum Schutz des Trimmerkopfes geliefert.<br \/>\n[ENERGIESPAREND &amp; FL\u00dcSTERLEISE] Mit einem neuen und leistungsf\u00e4higeren Motor wird die Energieeinsparung um 5% erh\u00f6ht. 1 AA-Batterie (nicht im Lieferumfang enthalten) kann l\u00e4nger als 6 Monate betrieben werden, wenn 5 Minuten auf einmal. Dieser Nasenhaartrimmer ist f\u00fcr Autofahrten und Reisen geeignet. Das Ger\u00e4usch ist weniger als 50 dB, so dass Sie die Nasenhaarschneidemaschine sicher benutzen k\u00f6nnen, w\u00e4hrend der Schlaf Ihrer Familie.<br \/>\n<div class=\"main-cross-sell\" data-asin=\"B09BFLHFNC\">\n\n\t<div class=\"WooZone-cross-sell-loader\">\n\t\t<div>\n\t\t\t<div id=\"floatingBarsG\">\n\t\t\t\t<div class=\"blockG\" id=\"rotateG_01\"><\/div>\n\t\t\t\t<div class=\"blockG\" id=\"rotateG_02\"><\/div>\n\t\t\t\t<div class=\"blockG\" id=\"rotateG_03\"><\/div>\n\t\t\t\t<div class=\"blockG\" id=\"rotateG_04\"><\/div>\n\t\t\t\t<div class=\"blockG\" id=\"rotateG_05\"><\/div>\n\t\t\t\t<div class=\"blockG\" id=\"rotateG_06\"><\/div>\n\t\t\t\t<div class=\"blockG\" id=\"rotateG_07\"><\/div>\n\t\t\t\t<div class=\"blockG\" id=\"rotateG_08\"><\/div>\n\t\t\t<\/div>\n\t\t\t<div class=\"WooZone-cross-sell-loader-text\"><\/div>\n\t\t<\/div>\n\t<\/div>\n\n\t\t\n<\/div>\n<div style=\"clear:both;\"><\/div><\/p>\n","protected":false},"excerpt":{"rendered":"<p>[VIELSEITIG] Hergestellt aus hochwertigem Edelstahl, dieser kabellose Ohr- und Nasenhaartrimmer kann effektiv und bequem unerw\u00fcnschte Haare von Nase, Ohren, Augenbrauen, Bart und Gesicht entfernen. Das Ein-Knopf-Design ist einfach zu bedienen und f\u00fcr M\u00e4nner und Frauen geeignet. Mit ihm k\u00f6nnen Sie jederzeit und \u00fcberall die selbstbewussteste Seite zeigen.<br \/>\n[DOPPELSEITIG-SPINNKLINGEN] Dieser Nasenhaartrimmer verf\u00fcgt \u00fcber ein zweischneidiges Spinnmessersystem mit Schutzabdeckung, inneres 360\u00b0 drehendes Design, das die Haare ohne schmerzhaftes oder unangenehmes Zupfen pr\u00e4zise entfernt. Er ist bequem und einfach zu bedienen. Er l\u00e4sst Sie Ihr Bestes bei der Arbeit zeigen.<br \/>\n[IPX7 WASSERDICHT &amp; EINFACH ZU REINIGEN] Wasserdicht und waschbar, l\u00e4sst sich leicht mit R\u00fcckst\u00e4nden durch Einweichen reinigen, auch wenn man duscht. Der waschbare und abnehmbare Trimmerkopf ist f\u00fcr die Reinigung und Wartung geeignet. Das benutzerfreundliche, handliche Geh\u00e4usedesign wird mit einer staubdichten Abdeckung zum Schutz des Trimmerkopfes geliefert.<\/p>\n","protected":false},"featured_media":45839,"comment_status":"open","ping_status":"closed","template":"","meta":[],"product_brand":[],"product_cat":[566,6190],"product_tag":[],"class_list":{"0":"post-45838","1":"product","2":"type-product","3":"status-publish","4":"has-post-thumbnail","6":"product_cat-drogerie-koerperpflege","7":"product_cat-rasur-enthaarung","8":"pa_brand-paonies","9":"pa_color-schwarz","10":"pa_manufacturer-ningbo-tianchao-electrical-appliance-co-ltd","11":"pa_model-tc-3550","12":"pa_warranty-2-years","14":"first","15":"instock","16":"shipping-taxable","17":"purchasable","18":"product-type-simple","19":"customify-col","20":"product-has-gallery"},"yoast_head":"<!-- This site is optimized with the Yoast SEO plugin v27.4 - https:\/\/yoast.com\/product\/yoast-seo-wordpress\/ -->\n<title>Nasenhaartrimmer Nasenhaarschneider Ohrhaarschneider, Professioneller schmerzfreier Augenbrauen und esichtshaartrimmer\u2026 - Markt-XXL<\/title>\n<meta name=\"description\" content=\"Markt-XXL Nasenhaartrimmer Nasenhaarschneider Ohrhaarschneider, Professioneller schmerzfreier Augenbrauen und esichtshaartrimmer\u2026\" \/>\n<meta name=\"robots\" content=\"index, follow, max-snippet:-1, max-image-preview:large, max-video-preview:-1\" \/>\n<link rel=\"canonical\" href=\"https:\/\/marktxxl.de\/markt\/produkt\/nasenhaartrimmer-nasenhaarschneider-ohrhaarschneider-professioneller-schmerzfreier-augenbrauen-und-esichtshaartrimmer-fuer-maenner-und-frauen-batteriebetrieben-ipx7-wasserdichte-doppelklingen\/\" \/>\n<meta property=\"og:locale\" content=\"de_DE\" \/>\n<meta property=\"og:type\" content=\"article\" \/>\n<meta property=\"og:title\" content=\"Nasenhaartrimmer Nasenhaarschneider Ohrhaarschneider, Professioneller schmerzfreier Augenbrauen und esichtshaartrimmer\u2026 - Markt-XXL\" \/>\n<meta property=\"og:description\" content=\"Markt-XXL Nasenhaartrimmer Nasenhaarschneider Ohrhaarschneider, Professioneller schmerzfreier Augenbrauen und esichtshaartrimmer\u2026\" \/>\n<meta property=\"og:url\" content=\"https:\/\/marktxxl.de\/markt\/produkt\/nasenhaartrimmer-nasenhaarschneider-ohrhaarschneider-professioneller-schmerzfreier-augenbrauen-und-esichtshaartrimmer-fuer-maenner-und-frauen-batteriebetrieben-ipx7-wasserdichte-doppelklingen\/\" \/>\n<meta property=\"og:site_name\" content=\"Markt-XXL\" \/>\n<meta property=\"article:modified_time\" content=\"2023-04-08T23:36:11+00:00\" \/>\n<meta property=\"og:image\" content=\"https:\/\/m.media-amazon.com\/images\/I\/41xWvV-GWhL._SL500_.jpg\" \/>\n\t<meta property=\"og:image:width\" content=\"500\" \/>\n\t<meta property=\"og:image:height\" content=\"500\" \/>\n\t<meta property=\"og:image:type\" content=\"image\/jpeg\" \/>\n<meta name=\"twitter:card\" content=\"summary_large_image\" \/>\n<meta name=\"twitter:label1\" content=\"Gesch\u00e4tzte Lesezeit\" \/>\n\t<meta name=\"twitter:data1\" content=\"1\u00a0Minute\" \/>\n<script type=\"application\/ld+json\" class=\"yoast-schema-graph\">{\"@context\":\"https:\\\/\\\/schema.org\",\"@graph\":[{\"@type\":\"WebPage\",\"@id\":\"https:\\\/\\\/marktxxl.de\\\/markt\\\/produkt\\\/nasenhaartrimmer-nasenhaarschneider-ohrhaarschneider-professioneller-schmerzfreier-augenbrauen-und-esichtshaartrimmer-fuer-maenner-und-frauen-batteriebetrieben-ipx7-wasserdichte-doppelklingen\\\/\",\"url\":\"https:\\\/\\\/marktxxl.de\\\/markt\\\/produkt\\\/nasenhaartrimmer-nasenhaarschneider-ohrhaarschneider-professioneller-schmerzfreier-augenbrauen-und-esichtshaartrimmer-fuer-maenner-und-frauen-batteriebetrieben-ipx7-wasserdichte-doppelklingen\\\/\",\"name\":\"Nasenhaartrimmer Nasenhaarschneider Ohrhaarschneider, Professioneller schmerzfreier Augenbrauen und esichtshaartrimmer\u2026 - Markt-XXL\",\"isPartOf\":{\"@id\":\"https:\\\/\\\/marktxxl.de\\\/markt\\\/#website\"},\"primaryImageOfPage\":{\"@id\":\"https:\\\/\\\/marktxxl.de\\\/markt\\\/produkt\\\/nasenhaartrimmer-nasenhaarschneider-ohrhaarschneider-professioneller-schmerzfreier-augenbrauen-und-esichtshaartrimmer-fuer-maenner-und-frauen-batteriebetrieben-ipx7-wasserdichte-doppelklingen\\\/#primaryimage\"},\"image\":{\"@id\":\"https:\\\/\\\/marktxxl.de\\\/markt\\\/produkt\\\/nasenhaartrimmer-nasenhaarschneider-ohrhaarschneider-professioneller-schmerzfreier-augenbrauen-und-esichtshaartrimmer-fuer-maenner-und-frauen-batteriebetrieben-ipx7-wasserdichte-doppelklingen\\\/#primaryimage\"},\"thumbnailUrl\":\"https:\\\/\\\/m.media-amazon.com\\\/images\\\/I\\\/41xWvV-GWhL._SL500_.jpg\",\"datePublished\":\"2021-09-26T14:33:28+00:00\",\"dateModified\":\"2023-04-08T23:36:11+00:00\",\"description\":\"Markt-XXL Nasenhaartrimmer Nasenhaarschneider Ohrhaarschneider, Professioneller schmerzfreier Augenbrauen und esichtshaartrimmer\u2026\",\"breadcrumb\":{\"@id\":\"https:\\\/\\\/marktxxl.de\\\/markt\\\/produkt\\\/nasenhaartrimmer-nasenhaarschneider-ohrhaarschneider-professioneller-schmerzfreier-augenbrauen-und-esichtshaartrimmer-fuer-maenner-und-frauen-batteriebetrieben-ipx7-wasserdichte-doppelklingen\\\/#breadcrumb\"},\"inLanguage\":\"de\",\"potentialAction\":[{\"@type\":\"ReadAction\",\"target\":[\"https:\\\/\\\/marktxxl.de\\\/markt\\\/produkt\\\/nasenhaartrimmer-nasenhaarschneider-ohrhaarschneider-professioneller-schmerzfreier-augenbrauen-und-esichtshaartrimmer-fuer-maenner-und-frauen-batteriebetrieben-ipx7-wasserdichte-doppelklingen\\\/\"]}]},{\"@type\":\"ImageObject\",\"inLanguage\":\"de\",\"@id\":\"https:\\\/\\\/marktxxl.de\\\/markt\\\/produkt\\\/nasenhaartrimmer-nasenhaarschneider-ohrhaarschneider-professioneller-schmerzfreier-augenbrauen-und-esichtshaartrimmer-fuer-maenner-und-frauen-batteriebetrieben-ipx7-wasserdichte-doppelklingen\\\/#primaryimage\",\"url\":\"https:\\\/\\\/m.media-amazon.com\\\/images\\\/I\\\/41xWvV-GWhL._SL500_.jpg\",\"contentUrl\":\"https:\\\/\\\/m.media-amazon.com\\\/images\\\/I\\\/41xWvV-GWhL._SL500_.jpg\",\"width\":500,\"height\":500},{\"@type\":\"BreadcrumbList\",\"@id\":\"https:\\\/\\\/marktxxl.de\\\/markt\\\/produkt\\\/nasenhaartrimmer-nasenhaarschneider-ohrhaarschneider-professioneller-schmerzfreier-augenbrauen-und-esichtshaartrimmer-fuer-maenner-und-frauen-batteriebetrieben-ipx7-wasserdichte-doppelklingen\\\/#breadcrumb\",\"itemListElement\":[{\"@type\":\"ListItem\",\"position\":1,\"name\":\"Startseite\",\"item\":\"https:\\\/\\\/marktxxl.de\\\/markt\\\/\"},{\"@type\":\"ListItem\",\"position\":2,\"name\":\"Markt\",\"item\":\"https:\\\/\\\/marktxxl.de\\\/markt\\\/\"},{\"@type\":\"ListItem\",\"position\":3,\"name\":\"Nasenhaartrimmer Nasenhaarschneider Ohrhaarschneider, Professioneller schmerzfreier Augenbrauen und esichtshaartrimmer\u2026\"}]},{\"@type\":\"WebSite\",\"@id\":\"https:\\\/\\\/marktxxl.de\\\/markt\\\/#website\",\"url\":\"https:\\\/\\\/marktxxl.de\\\/markt\\\/\",\"name\":\"Markt-XXL\",\"description\":\"Ihr Markt Online\",\"publisher\":{\"@id\":\"https:\\\/\\\/marktxxl.de\\\/markt\\\/#organization\"},\"potentialAction\":[{\"@type\":\"SearchAction\",\"target\":{\"@type\":\"EntryPoint\",\"urlTemplate\":\"https:\\\/\\\/marktxxl.de\\\/markt\\\/?s={search_term_string}\"},\"query-input\":{\"@type\":\"PropertyValueSpecification\",\"valueRequired\":true,\"valueName\":\"search_term_string\"}}],\"inLanguage\":\"de\"},{\"@type\":\"Organization\",\"@id\":\"https:\\\/\\\/marktxxl.de\\\/markt\\\/#organization\",\"name\":\"Markt-XXL\",\"url\":\"https:\\\/\\\/marktxxl.de\\\/markt\\\/\",\"logo\":{\"@type\":\"ImageObject\",\"inLanguage\":\"de\",\"@id\":\"https:\\\/\\\/marktxxl.de\\\/markt\\\/#\\\/schema\\\/logo\\\/image\\\/\",\"url\":\"https:\\\/\\\/marktxxl.de\\\/markt\\\/wp-content\\\/uploads\\\/sites\\\/3\\\/2020\\\/12\\\/logo.png\",\"contentUrl\":\"https:\\\/\\\/marktxxl.de\\\/markt\\\/wp-content\\\/uploads\\\/sites\\\/3\\\/2020\\\/12\\\/logo.png\",\"width\":200,\"height\":70,\"caption\":\"Markt-XXL\"},\"image\":{\"@id\":\"https:\\\/\\\/marktxxl.de\\\/markt\\\/#\\\/schema\\\/logo\\\/image\\\/\"}}]}<\/script>\n<!-- \/ Yoast SEO plugin. -->","yoast_head_json":{"title":"Nasenhaartrimmer Nasenhaarschneider Ohrhaarschneider, Professioneller schmerzfreier Augenbrauen und esichtshaartrimmer\u2026 - Markt-XXL","description":"Markt-XXL Nasenhaartrimmer Nasenhaarschneider Ohrhaarschneider, Professioneller schmerzfreier Augenbrauen und esichtshaartrimmer\u2026","robots":{"index":"index","follow":"follow","max-snippet":"max-snippet:-1","max-image-preview":"max-image-preview:large","max-video-preview":"max-video-preview:-1"},"canonical":"https:\/\/marktxxl.de\/markt\/produkt\/nasenhaartrimmer-nasenhaarschneider-ohrhaarschneider-professioneller-schmerzfreier-augenbrauen-und-esichtshaartrimmer-fuer-maenner-und-frauen-batteriebetrieben-ipx7-wasserdichte-doppelklingen\/","og_locale":"de_DE","og_type":"article","og_title":"Nasenhaartrimmer Nasenhaarschneider Ohrhaarschneider, Professioneller schmerzfreier Augenbrauen und esichtshaartrimmer\u2026 - Markt-XXL","og_description":"Markt-XXL Nasenhaartrimmer Nasenhaarschneider Ohrhaarschneider, Professioneller schmerzfreier Augenbrauen und esichtshaartrimmer\u2026","og_url":"https:\/\/marktxxl.de\/markt\/produkt\/nasenhaartrimmer-nasenhaarschneider-ohrhaarschneider-professioneller-schmerzfreier-augenbrauen-und-esichtshaartrimmer-fuer-maenner-und-frauen-batteriebetrieben-ipx7-wasserdichte-doppelklingen\/","og_site_name":"Markt-XXL","article_modified_time":"2023-04-08T23:36:11+00:00","og_image":[{"width":500,"height":500,"url":"https:\/\/m.media-amazon.com\/images\/I\/41xWvV-GWhL._SL500_.jpg","type":"image\/jpeg"}],"twitter_card":"summary_large_image","twitter_misc":{"Gesch\u00e4tzte Lesezeit":"1\u00a0Minute"},"schema":{"@context":"https:\/\/schema.org","@graph":[{"@type":"WebPage","@id":"https:\/\/marktxxl.de\/markt\/produkt\/nasenhaartrimmer-nasenhaarschneider-ohrhaarschneider-professioneller-schmerzfreier-augenbrauen-und-esichtshaartrimmer-fuer-maenner-und-frauen-batteriebetrieben-ipx7-wasserdichte-doppelklingen\/","url":"https:\/\/marktxxl.de\/markt\/produkt\/nasenhaartrimmer-nasenhaarschneider-ohrhaarschneider-professioneller-schmerzfreier-augenbrauen-und-esichtshaartrimmer-fuer-maenner-und-frauen-batteriebetrieben-ipx7-wasserdichte-doppelklingen\/","name":"Nasenhaartrimmer Nasenhaarschneider Ohrhaarschneider, Professioneller schmerzfreier Augenbrauen und esichtshaartrimmer\u2026 - Markt-XXL","isPartOf":{"@id":"https:\/\/marktxxl.de\/markt\/#website"},"primaryImageOfPage":{"@id":"https:\/\/marktxxl.de\/markt\/produkt\/nasenhaartrimmer-nasenhaarschneider-ohrhaarschneider-professioneller-schmerzfreier-augenbrauen-und-esichtshaartrimmer-fuer-maenner-und-frauen-batteriebetrieben-ipx7-wasserdichte-doppelklingen\/#primaryimage"},"image":{"@id":"https:\/\/marktxxl.de\/markt\/produkt\/nasenhaartrimmer-nasenhaarschneider-ohrhaarschneider-professioneller-schmerzfreier-augenbrauen-und-esichtshaartrimmer-fuer-maenner-und-frauen-batteriebetrieben-ipx7-wasserdichte-doppelklingen\/#primaryimage"},"thumbnailUrl":"https:\/\/m.media-amazon.com\/images\/I\/41xWvV-GWhL._SL500_.jpg","datePublished":"2021-09-26T14:33:28+00:00","dateModified":"2023-04-08T23:36:11+00:00","description":"Markt-XXL Nasenhaartrimmer Nasenhaarschneider Ohrhaarschneider, Professioneller schmerzfreier Augenbrauen und esichtshaartrimmer\u2026","breadcrumb":{"@id":"https:\/\/marktxxl.de\/markt\/produkt\/nasenhaartrimmer-nasenhaarschneider-ohrhaarschneider-professioneller-schmerzfreier-augenbrauen-und-esichtshaartrimmer-fuer-maenner-und-frauen-batteriebetrieben-ipx7-wasserdichte-doppelklingen\/#breadcrumb"},"inLanguage":"de","potentialAction":[{"@type":"ReadAction","target":["https:\/\/marktxxl.de\/markt\/produkt\/nasenhaartrimmer-nasenhaarschneider-ohrhaarschneider-professioneller-schmerzfreier-augenbrauen-und-esichtshaartrimmer-fuer-maenner-und-frauen-batteriebetrieben-ipx7-wasserdichte-doppelklingen\/"]}]},{"@type":"ImageObject","inLanguage":"de","@id":"https:\/\/marktxxl.de\/markt\/produkt\/nasenhaartrimmer-nasenhaarschneider-ohrhaarschneider-professioneller-schmerzfreier-augenbrauen-und-esichtshaartrimmer-fuer-maenner-und-frauen-batteriebetrieben-ipx7-wasserdichte-doppelklingen\/#primaryimage","url":"https:\/\/m.media-amazon.com\/images\/I\/41xWvV-GWhL._SL500_.jpg","contentUrl":"https:\/\/m.media-amazon.com\/images\/I\/41xWvV-GWhL._SL500_.jpg","width":500,"height":500},{"@type":"BreadcrumbList","@id":"https:\/\/marktxxl.de\/markt\/produkt\/nasenhaartrimmer-nasenhaarschneider-ohrhaarschneider-professioneller-schmerzfreier-augenbrauen-und-esichtshaartrimmer-fuer-maenner-und-frauen-batteriebetrieben-ipx7-wasserdichte-doppelklingen\/#breadcrumb","itemListElement":[{"@type":"ListItem","position":1,"name":"Startseite","item":"https:\/\/marktxxl.de\/markt\/"},{"@type":"ListItem","position":2,"name":"Markt","item":"https:\/\/marktxxl.de\/markt\/"},{"@type":"ListItem","position":3,"name":"Nasenhaartrimmer Nasenhaarschneider Ohrhaarschneider, Professioneller schmerzfreier Augenbrauen und esichtshaartrimmer\u2026"}]},{"@type":"WebSite","@id":"https:\/\/marktxxl.de\/markt\/#website","url":"https:\/\/marktxxl.de\/markt\/","name":"Markt-XXL","description":"Ihr Markt Online","publisher":{"@id":"https:\/\/marktxxl.de\/markt\/#organization"},"potentialAction":[{"@type":"SearchAction","target":{"@type":"EntryPoint","urlTemplate":"https:\/\/marktxxl.de\/markt\/?s={search_term_string}"},"query-input":{"@type":"PropertyValueSpecification","valueRequired":true,"valueName":"search_term_string"}}],"inLanguage":"de"},{"@type":"Organization","@id":"https:\/\/marktxxl.de\/markt\/#organization","name":"Markt-XXL","url":"https:\/\/marktxxl.de\/markt\/","logo":{"@type":"ImageObject","inLanguage":"de","@id":"https:\/\/marktxxl.de\/markt\/#\/schema\/logo\/image\/","url":"https:\/\/marktxxl.de\/markt\/wp-content\/uploads\/sites\/3\/2020\/12\/logo.png","contentUrl":"https:\/\/marktxxl.de\/markt\/wp-content\/uploads\/sites\/3\/2020\/12\/logo.png","width":200,"height":70,"caption":"Markt-XXL"},"image":{"@id":"https:\/\/marktxxl.de\/markt\/#\/schema\/logo\/image\/"}}]}},"_links":{"self":[{"href":"https:\/\/marktxxl.de\/markt\/wp-json\/wp\/v2\/product\/45838","targetHints":{"allow":["GET"]}}],"collection":[{"href":"https:\/\/marktxxl.de\/markt\/wp-json\/wp\/v2\/product"}],"about":[{"href":"https:\/\/marktxxl.de\/markt\/wp-json\/wp\/v2\/types\/product"}],"replies":[{"embeddable":true,"href":"https:\/\/marktxxl.de\/markt\/wp-json\/wp\/v2\/comments?post=45838"}],"wp:featuredmedia":[{"embeddable":true,"href":"https:\/\/marktxxl.de\/markt\/wp-json\/wp\/v2\/media\/45839"}],"wp:attachment":[{"href":"https:\/\/marktxxl.de\/markt\/wp-json\/wp\/v2\/media?parent=45838"}],"wp:term":[{"taxonomy":"product_brand","embeddable":true,"href":"https:\/\/marktxxl.de\/markt\/wp-json\/wp\/v2\/product_brand?post=45838"},{"taxonomy":"product_cat","embeddable":true,"href":"https:\/\/marktxxl.de\/markt\/wp-json\/wp\/v2\/product_cat?post=45838"},{"taxonomy":"product_tag","embeddable":true,"href":"https:\/\/marktxxl.de\/markt\/wp-json\/wp\/v2\/product_tag?post=45838"}],"curies":[{"name":"wp","href":"https:\/\/api.w.org\/{rel}","templated":true}]}}