{"id":45813,"date":"2021-09-26T16:33:24","date_gmt":"2021-09-26T14:33:24","guid":{"rendered":"https:\/\/marktxxl.de\/markt\/produkt\/rlsoco-tasche-fuer-braun-haarschneider-hc5050-hc5090-hc5030-hc5010\/"},"modified":"2023-04-09T01:36:11","modified_gmt":"2023-04-08T23:36:11","slug":"rlsoco-tasche-fuer-braun-haarschneider-hc5050-hc5090-hc5030-hc5010","status":"publish","type":"product","link":"https:\/\/marktxxl.de\/markt\/produkt\/rlsoco-tasche-fuer-braun-haarschneider-hc5050-hc5090-hc5030-hc5010\/","title":{"rendered":"RLSOCO Tasche f\u00fcr Braun Haarschneider HC5090\/HC5050\/HC5030\/HC5010 &amp; f\u00fcr Remington &#8211; X5 Power-X Haarschneider"},"content":{"rendered":"<p>\u2605Tolle Passform\u2605 &#8211;Die professionelle Tasche wurde f\u00fcr Braun Haarschneider HC5090 \/HC5050\/HC5030\/HC5010 (Nur Fall, der Haarschneider und das Zubeh\u00f6r sind nicht enthalten)<br \/>\n\u2605Sch\u00f6ner Schutz\u2605 &#8211;Der Rasierk\u00f6rper und das Zubeh\u00f6r k\u00f6nnen separat platziert werden. Das EVA-Fach mit der halboffenen Netztasche kann den Aufsatz und das Ladeger\u00e4t aufnehmen. Au\u00dferhalb des Fachs ist Platz f\u00fcr den Rasiererk\u00f6rper. Es bietet einen starken Schutz f\u00fcr den Rasierer und das Zubeh\u00f6r.<br \/>\n\u2605Abnehmbarer Boden\u2605&#8211;Das untere Fach ist herausnehmbar und flexibel, sodass das Geh\u00e4use auch zur Aufnahme anderer Werkzeuge und Ger\u00e4te verwendet werden kann<br \/>\n\u2605Leicht zu tragen\u2605 &#8211;Unser Koffer ist sehr leicht, egal ob Sie auf Gesch\u00e4ftsreise oder auf Reisen sind. Es ist sehr praktisch, ihn in Ihre Tasche zu stecken oder mit der Hand nach Belieben zu tragen, bereit f\u00fcr jeden Moment mit Ihrem erfrischenden Gesicht.<br \/>\n\u2605Qualit\u00e4tssicherung\u2605&#8211; Im Vergleich zu den Marktprodukten besteht unser Geh\u00e4use aus umweltfreundlichen Materialien. Alle unsere Produkte verwenden qualifizierte Materialien, die von Rohs zertifiziert wurden! Hartschale mit einj\u00e4hriger Garantie.<br \/>\n<div class=\"main-cross-sell\" data-asin=\"B08DFN77TN\">\n\n\t<div class=\"WooZone-cross-sell-loader\">\n\t\t<div>\n\t\t\t<div id=\"floatingBarsG\">\n\t\t\t\t<div class=\"blockG\" id=\"rotateG_01\"><\/div>\n\t\t\t\t<div class=\"blockG\" id=\"rotateG_02\"><\/div>\n\t\t\t\t<div class=\"blockG\" id=\"rotateG_03\"><\/div>\n\t\t\t\t<div class=\"blockG\" id=\"rotateG_04\"><\/div>\n\t\t\t\t<div class=\"blockG\" id=\"rotateG_05\"><\/div>\n\t\t\t\t<div class=\"blockG\" id=\"rotateG_06\"><\/div>\n\t\t\t\t<div class=\"blockG\" id=\"rotateG_07\"><\/div>\n\t\t\t\t<div class=\"blockG\" id=\"rotateG_08\"><\/div>\n\t\t\t<\/div>\n\t\t\t<div class=\"WooZone-cross-sell-loader-text\"><\/div>\n\t\t<\/div>\n\t<\/div>\n\n\t\t\n<\/div>\n<div style=\"clear:both;\"><\/div><\/p>\n","protected":false},"excerpt":{"rendered":"<p>\u2605Tolle Passform\u2605 &#8211;Die professionelle Tasche wurde f\u00fcr Braun Haarschneider HC5090 \/HC5050\/HC5030\/HC5010 (Nur Fall, der Haarschneider und das Zubeh\u00f6r sind nicht enthalten)<br \/>\n\u2605Sch\u00f6ner Schutz\u2605 &#8211;Der Rasierk\u00f6rper und das Zubeh\u00f6r k\u00f6nnen separat platziert werden. Das EVA-Fach mit der halboffenen Netztasche kann den Aufsatz und das Ladeger\u00e4t aufnehmen. Au\u00dferhalb des Fachs ist Platz f\u00fcr den Rasiererk\u00f6rper. Es bietet einen starken Schutz f\u00fcr den Rasierer und das Zubeh\u00f6r.<br \/>\n\u2605Abnehmbarer Boden\u2605&#8211;Das untere Fach ist herausnehmbar und flexibel, sodass das Geh\u00e4use auch zur Aufnahme anderer Werkzeuge und Ger\u00e4te verwendet werden kann<\/p>\n","protected":false},"featured_media":45814,"comment_status":"open","ping_status":"closed","template":"","meta":[],"product_brand":[],"product_cat":[566,6190],"product_tag":[],"class_list":{"0":"post-45813","1":"product","2":"type-product","3":"status-publish","4":"has-post-thumbnail","6":"product_cat-drogerie-koerperpflege","7":"product_cat-rasur-enthaarung","8":"pa_brand-rlsoco","9":"pa_manufacturer-rlsoco","11":"first","12":"instock","13":"shipping-taxable","14":"purchasable","15":"product-type-simple","16":"customify-col","17":"product-has-gallery"},"yoast_head":"<!-- This site is optimized with the Yoast SEO plugin v27.4 - https:\/\/yoast.com\/product\/yoast-seo-wordpress\/ -->\n<title>RLSOCO Tasche f\u00fcr Braun Haarschneider HC5090\/HC5050\/HC5030\/HC5010 &amp; f\u00fcr Remington - X5 Power-X Haarschneider - Markt-XXL<\/title>\n<meta name=\"description\" content=\"Markt-XXL RLSOCO Tasche f\u00fcr Braun Haarschneider HC5090\/HC5050\/HC5030\/HC5010 &amp; f\u00fcr Remington - X5 Power-X Haarschneider\" \/>\n<meta name=\"robots\" content=\"index, follow, max-snippet:-1, max-image-preview:large, max-video-preview:-1\" \/>\n<link rel=\"canonical\" href=\"https:\/\/marktxxl.de\/markt\/produkt\/rlsoco-tasche-fuer-braun-haarschneider-hc5050-hc5090-hc5030-hc5010\/\" \/>\n<meta property=\"og:locale\" content=\"de_DE\" \/>\n<meta property=\"og:type\" content=\"article\" \/>\n<meta property=\"og:title\" content=\"RLSOCO Tasche f\u00fcr Braun Haarschneider HC5090\/HC5050\/HC5030\/HC5010 &amp; f\u00fcr Remington - X5 Power-X Haarschneider - Markt-XXL\" \/>\n<meta property=\"og:description\" content=\"Markt-XXL RLSOCO Tasche f\u00fcr Braun Haarschneider HC5090\/HC5050\/HC5030\/HC5010 &amp; f\u00fcr Remington - X5 Power-X Haarschneider\" \/>\n<meta property=\"og:url\" content=\"https:\/\/marktxxl.de\/markt\/produkt\/rlsoco-tasche-fuer-braun-haarschneider-hc5050-hc5090-hc5030-hc5010\/\" \/>\n<meta property=\"og:site_name\" content=\"Markt-XXL\" \/>\n<meta property=\"article:modified_time\" content=\"2023-04-08T23:36:11+00:00\" \/>\n<meta property=\"og:image\" content=\"https:\/\/m.media-amazon.com\/images\/I\/413aQHOSOzL._SL500_.jpg\" \/>\n\t<meta property=\"og:image:width\" content=\"500\" \/>\n\t<meta property=\"og:image:height\" content=\"500\" \/>\n\t<meta property=\"og:image:type\" content=\"image\/jpeg\" \/>\n<meta name=\"twitter:card\" content=\"summary_large_image\" \/>\n<meta name=\"twitter:label1\" content=\"Gesch\u00e4tzte Lesezeit\" \/>\n\t<meta name=\"twitter:data1\" content=\"1\u00a0Minute\" \/>\n<script type=\"application\/ld+json\" class=\"yoast-schema-graph\">{\"@context\":\"https:\\\/\\\/schema.org\",\"@graph\":[{\"@type\":\"WebPage\",\"@id\":\"https:\\\/\\\/marktxxl.de\\\/markt\\\/produkt\\\/rlsoco-tasche-fuer-braun-haarschneider-hc5050-hc5090-hc5030-hc5010\\\/\",\"url\":\"https:\\\/\\\/marktxxl.de\\\/markt\\\/produkt\\\/rlsoco-tasche-fuer-braun-haarschneider-hc5050-hc5090-hc5030-hc5010\\\/\",\"name\":\"RLSOCO Tasche f\u00fcr Braun Haarschneider HC5090\\\/HC5050\\\/HC5030\\\/HC5010 &amp; f\u00fcr Remington - X5 Power-X Haarschneider - Markt-XXL\",\"isPartOf\":{\"@id\":\"https:\\\/\\\/marktxxl.de\\\/markt\\\/#website\"},\"primaryImageOfPage\":{\"@id\":\"https:\\\/\\\/marktxxl.de\\\/markt\\\/produkt\\\/rlsoco-tasche-fuer-braun-haarschneider-hc5050-hc5090-hc5030-hc5010\\\/#primaryimage\"},\"image\":{\"@id\":\"https:\\\/\\\/marktxxl.de\\\/markt\\\/produkt\\\/rlsoco-tasche-fuer-braun-haarschneider-hc5050-hc5090-hc5030-hc5010\\\/#primaryimage\"},\"thumbnailUrl\":\"https:\\\/\\\/m.media-amazon.com\\\/images\\\/I\\\/413aQHOSOzL._SL500_.jpg\",\"datePublished\":\"2021-09-26T14:33:24+00:00\",\"dateModified\":\"2023-04-08T23:36:11+00:00\",\"description\":\"Markt-XXL RLSOCO Tasche f\u00fcr Braun Haarschneider HC5090\\\/HC5050\\\/HC5030\\\/HC5010 &amp; f\u00fcr Remington - X5 Power-X Haarschneider\",\"breadcrumb\":{\"@id\":\"https:\\\/\\\/marktxxl.de\\\/markt\\\/produkt\\\/rlsoco-tasche-fuer-braun-haarschneider-hc5050-hc5090-hc5030-hc5010\\\/#breadcrumb\"},\"inLanguage\":\"de\",\"potentialAction\":[{\"@type\":\"ReadAction\",\"target\":[\"https:\\\/\\\/marktxxl.de\\\/markt\\\/produkt\\\/rlsoco-tasche-fuer-braun-haarschneider-hc5050-hc5090-hc5030-hc5010\\\/\"]}]},{\"@type\":\"ImageObject\",\"inLanguage\":\"de\",\"@id\":\"https:\\\/\\\/marktxxl.de\\\/markt\\\/produkt\\\/rlsoco-tasche-fuer-braun-haarschneider-hc5050-hc5090-hc5030-hc5010\\\/#primaryimage\",\"url\":\"https:\\\/\\\/m.media-amazon.com\\\/images\\\/I\\\/413aQHOSOzL._SL500_.jpg\",\"contentUrl\":\"https:\\\/\\\/m.media-amazon.com\\\/images\\\/I\\\/413aQHOSOzL._SL500_.jpg\",\"width\":500,\"height\":500},{\"@type\":\"BreadcrumbList\",\"@id\":\"https:\\\/\\\/marktxxl.de\\\/markt\\\/produkt\\\/rlsoco-tasche-fuer-braun-haarschneider-hc5050-hc5090-hc5030-hc5010\\\/#breadcrumb\",\"itemListElement\":[{\"@type\":\"ListItem\",\"position\":1,\"name\":\"Startseite\",\"item\":\"https:\\\/\\\/marktxxl.de\\\/markt\\\/\"},{\"@type\":\"ListItem\",\"position\":2,\"name\":\"Markt\",\"item\":\"https:\\\/\\\/marktxxl.de\\\/markt\\\/\"},{\"@type\":\"ListItem\",\"position\":3,\"name\":\"RLSOCO Tasche f\u00fcr Braun Haarschneider HC5090\\\/HC5050\\\/HC5030\\\/HC5010 &amp; f\u00fcr Remington &#8211; X5 Power-X Haarschneider\"}]},{\"@type\":\"WebSite\",\"@id\":\"https:\\\/\\\/marktxxl.de\\\/markt\\\/#website\",\"url\":\"https:\\\/\\\/marktxxl.de\\\/markt\\\/\",\"name\":\"Markt-XXL\",\"description\":\"Ihr Markt Online\",\"publisher\":{\"@id\":\"https:\\\/\\\/marktxxl.de\\\/markt\\\/#organization\"},\"potentialAction\":[{\"@type\":\"SearchAction\",\"target\":{\"@type\":\"EntryPoint\",\"urlTemplate\":\"https:\\\/\\\/marktxxl.de\\\/markt\\\/?s={search_term_string}\"},\"query-input\":{\"@type\":\"PropertyValueSpecification\",\"valueRequired\":true,\"valueName\":\"search_term_string\"}}],\"inLanguage\":\"de\"},{\"@type\":\"Organization\",\"@id\":\"https:\\\/\\\/marktxxl.de\\\/markt\\\/#organization\",\"name\":\"Markt-XXL\",\"url\":\"https:\\\/\\\/marktxxl.de\\\/markt\\\/\",\"logo\":{\"@type\":\"ImageObject\",\"inLanguage\":\"de\",\"@id\":\"https:\\\/\\\/marktxxl.de\\\/markt\\\/#\\\/schema\\\/logo\\\/image\\\/\",\"url\":\"https:\\\/\\\/marktxxl.de\\\/markt\\\/wp-content\\\/uploads\\\/sites\\\/3\\\/2020\\\/12\\\/logo.png\",\"contentUrl\":\"https:\\\/\\\/marktxxl.de\\\/markt\\\/wp-content\\\/uploads\\\/sites\\\/3\\\/2020\\\/12\\\/logo.png\",\"width\":200,\"height\":70,\"caption\":\"Markt-XXL\"},\"image\":{\"@id\":\"https:\\\/\\\/marktxxl.de\\\/markt\\\/#\\\/schema\\\/logo\\\/image\\\/\"}}]}<\/script>\n<!-- \/ Yoast SEO plugin. -->","yoast_head_json":{"title":"RLSOCO Tasche f\u00fcr Braun Haarschneider HC5090\/HC5050\/HC5030\/HC5010 &amp; f\u00fcr Remington - X5 Power-X Haarschneider - Markt-XXL","description":"Markt-XXL RLSOCO Tasche f\u00fcr Braun Haarschneider HC5090\/HC5050\/HC5030\/HC5010 &amp; f\u00fcr Remington - X5 Power-X Haarschneider","robots":{"index":"index","follow":"follow","max-snippet":"max-snippet:-1","max-image-preview":"max-image-preview:large","max-video-preview":"max-video-preview:-1"},"canonical":"https:\/\/marktxxl.de\/markt\/produkt\/rlsoco-tasche-fuer-braun-haarschneider-hc5050-hc5090-hc5030-hc5010\/","og_locale":"de_DE","og_type":"article","og_title":"RLSOCO Tasche f\u00fcr Braun Haarschneider HC5090\/HC5050\/HC5030\/HC5010 &amp; f\u00fcr Remington - X5 Power-X Haarschneider - Markt-XXL","og_description":"Markt-XXL RLSOCO Tasche f\u00fcr Braun Haarschneider HC5090\/HC5050\/HC5030\/HC5010 &amp; f\u00fcr Remington - X5 Power-X Haarschneider","og_url":"https:\/\/marktxxl.de\/markt\/produkt\/rlsoco-tasche-fuer-braun-haarschneider-hc5050-hc5090-hc5030-hc5010\/","og_site_name":"Markt-XXL","article_modified_time":"2023-04-08T23:36:11+00:00","og_image":[{"width":500,"height":500,"url":"https:\/\/m.media-amazon.com\/images\/I\/413aQHOSOzL._SL500_.jpg","type":"image\/jpeg"}],"twitter_card":"summary_large_image","twitter_misc":{"Gesch\u00e4tzte Lesezeit":"1\u00a0Minute"},"schema":{"@context":"https:\/\/schema.org","@graph":[{"@type":"WebPage","@id":"https:\/\/marktxxl.de\/markt\/produkt\/rlsoco-tasche-fuer-braun-haarschneider-hc5050-hc5090-hc5030-hc5010\/","url":"https:\/\/marktxxl.de\/markt\/produkt\/rlsoco-tasche-fuer-braun-haarschneider-hc5050-hc5090-hc5030-hc5010\/","name":"RLSOCO Tasche f\u00fcr Braun Haarschneider HC5090\/HC5050\/HC5030\/HC5010 &amp; f\u00fcr Remington - X5 Power-X Haarschneider - Markt-XXL","isPartOf":{"@id":"https:\/\/marktxxl.de\/markt\/#website"},"primaryImageOfPage":{"@id":"https:\/\/marktxxl.de\/markt\/produkt\/rlsoco-tasche-fuer-braun-haarschneider-hc5050-hc5090-hc5030-hc5010\/#primaryimage"},"image":{"@id":"https:\/\/marktxxl.de\/markt\/produkt\/rlsoco-tasche-fuer-braun-haarschneider-hc5050-hc5090-hc5030-hc5010\/#primaryimage"},"thumbnailUrl":"https:\/\/m.media-amazon.com\/images\/I\/413aQHOSOzL._SL500_.jpg","datePublished":"2021-09-26T14:33:24+00:00","dateModified":"2023-04-08T23:36:11+00:00","description":"Markt-XXL RLSOCO Tasche f\u00fcr Braun Haarschneider HC5090\/HC5050\/HC5030\/HC5010 &amp; f\u00fcr Remington - X5 Power-X Haarschneider","breadcrumb":{"@id":"https:\/\/marktxxl.de\/markt\/produkt\/rlsoco-tasche-fuer-braun-haarschneider-hc5050-hc5090-hc5030-hc5010\/#breadcrumb"},"inLanguage":"de","potentialAction":[{"@type":"ReadAction","target":["https:\/\/marktxxl.de\/markt\/produkt\/rlsoco-tasche-fuer-braun-haarschneider-hc5050-hc5090-hc5030-hc5010\/"]}]},{"@type":"ImageObject","inLanguage":"de","@id":"https:\/\/marktxxl.de\/markt\/produkt\/rlsoco-tasche-fuer-braun-haarschneider-hc5050-hc5090-hc5030-hc5010\/#primaryimage","url":"https:\/\/m.media-amazon.com\/images\/I\/413aQHOSOzL._SL500_.jpg","contentUrl":"https:\/\/m.media-amazon.com\/images\/I\/413aQHOSOzL._SL500_.jpg","width":500,"height":500},{"@type":"BreadcrumbList","@id":"https:\/\/marktxxl.de\/markt\/produkt\/rlsoco-tasche-fuer-braun-haarschneider-hc5050-hc5090-hc5030-hc5010\/#breadcrumb","itemListElement":[{"@type":"ListItem","position":1,"name":"Startseite","item":"https:\/\/marktxxl.de\/markt\/"},{"@type":"ListItem","position":2,"name":"Markt","item":"https:\/\/marktxxl.de\/markt\/"},{"@type":"ListItem","position":3,"name":"RLSOCO Tasche f\u00fcr Braun Haarschneider HC5090\/HC5050\/HC5030\/HC5010 &amp; f\u00fcr Remington &#8211; X5 Power-X Haarschneider"}]},{"@type":"WebSite","@id":"https:\/\/marktxxl.de\/markt\/#website","url":"https:\/\/marktxxl.de\/markt\/","name":"Markt-XXL","description":"Ihr Markt Online","publisher":{"@id":"https:\/\/marktxxl.de\/markt\/#organization"},"potentialAction":[{"@type":"SearchAction","target":{"@type":"EntryPoint","urlTemplate":"https:\/\/marktxxl.de\/markt\/?s={search_term_string}"},"query-input":{"@type":"PropertyValueSpecification","valueRequired":true,"valueName":"search_term_string"}}],"inLanguage":"de"},{"@type":"Organization","@id":"https:\/\/marktxxl.de\/markt\/#organization","name":"Markt-XXL","url":"https:\/\/marktxxl.de\/markt\/","logo":{"@type":"ImageObject","inLanguage":"de","@id":"https:\/\/marktxxl.de\/markt\/#\/schema\/logo\/image\/","url":"https:\/\/marktxxl.de\/markt\/wp-content\/uploads\/sites\/3\/2020\/12\/logo.png","contentUrl":"https:\/\/marktxxl.de\/markt\/wp-content\/uploads\/sites\/3\/2020\/12\/logo.png","width":200,"height":70,"caption":"Markt-XXL"},"image":{"@id":"https:\/\/marktxxl.de\/markt\/#\/schema\/logo\/image\/"}}]}},"_links":{"self":[{"href":"https:\/\/marktxxl.de\/markt\/wp-json\/wp\/v2\/product\/45813","targetHints":{"allow":["GET"]}}],"collection":[{"href":"https:\/\/marktxxl.de\/markt\/wp-json\/wp\/v2\/product"}],"about":[{"href":"https:\/\/marktxxl.de\/markt\/wp-json\/wp\/v2\/types\/product"}],"replies":[{"embeddable":true,"href":"https:\/\/marktxxl.de\/markt\/wp-json\/wp\/v2\/comments?post=45813"}],"wp:featuredmedia":[{"embeddable":true,"href":"https:\/\/marktxxl.de\/markt\/wp-json\/wp\/v2\/media\/45814"}],"wp:attachment":[{"href":"https:\/\/marktxxl.de\/markt\/wp-json\/wp\/v2\/media?parent=45813"}],"wp:term":[{"taxonomy":"product_brand","embeddable":true,"href":"https:\/\/marktxxl.de\/markt\/wp-json\/wp\/v2\/product_brand?post=45813"},{"taxonomy":"product_cat","embeddable":true,"href":"https:\/\/marktxxl.de\/markt\/wp-json\/wp\/v2\/product_cat?post=45813"},{"taxonomy":"product_tag","embeddable":true,"href":"https:\/\/marktxxl.de\/markt\/wp-json\/wp\/v2\/product_tag?post=45813"}],"curies":[{"name":"wp","href":"https:\/\/api.w.org\/{rel}","templated":true}]}}